{"id":32000,"date":"2025-11-26T10:06:38","date_gmt":"2025-11-26T09:06:38","guid":{"rendered":"https:\/\/www.polycliniqueplus.com\/dr-orhan-fahri-plastic-aesthetic-and-reconstructive-surgeon\/"},"modified":"2025-11-26T11:49:03","modified_gmt":"2025-11-26T10:49:03","slug":"dr-orhan-fahri","status":"publish","type":"page","link":"https:\/\/www.polycliniqueplus.com\/it\/dr-orhan-fahri\/","title":{"rendered":"Dr. Orhan Fahri Chirurgo Plastico, Estetico e Ricostruttivo"},"content":{"rendered":"<div data-elementor-type=\"wp-page\" data-elementor-id=\"32000\" class=\"elementor elementor-32000 elementor-31911\" data-elementor-settings=\"{&quot;ha_cmc_init_switcher&quot;:&quot;no&quot;}\">\n\t\t\t\t\t\t<section class=\"elementor-section elementor-top-section elementor-element elementor-element-8987fe9 elementor-section-boxed elementor-section-height-default elementor-section-height-default\" data-id=\"8987fe9\" data-element_type=\"section\" data-settings=\"{&quot;_ha_eqh_enable&quot;:false}\">\n\t\t\t\t\t\t<div class=\"elementor-container elementor-column-gap-default\">\n\t\t\t\t\t<div class=\"elementor-column elementor-col-50 elementor-top-column elementor-element elementor-element-e4c6f1c\" data-id=\"e4c6f1c\" data-element_type=\"column\">\n\t\t\t<div class=\"elementor-widget-wrap elementor-element-populated\">\n\t\t\t\t\t\t<div class=\"elementor-element elementor-element-227fb26 elementor-widget elementor-widget-text-editor\" data-id=\"227fb26\" data-element_type=\"widget\" data-widget_type=\"text-editor.default\">\n\t\t\t\t<div class=\"elementor-widget-container\">\n\t\t\t\t\t\t\t<h2>Dr. Orhan Fahri Chirurgo Plastico, Estetico e Ricostruttivo<\/h2><h3>CHI SONO<\/h3><p>Chirurgo plastico altamente qualificato con oltre 8 anni di esperienza clinica e accademica in chirurgia estetica, ricostruttiva e microchirurgica. Specialista riconosciuto nella chirurgia facciale, nella ricostruzione delle anomalie cranio-facciali e negli interventi microchirurgici complessi.<\/p><p style=\"text-align: center;\"><strong>Impegnato nell&#8217;eccellenza clinica e nell&#8217;innovazione chirurgica.<\/strong><\/p><p style=\"text-align: center;\"><a class=\"maxbutton-10 maxbutton maxbutton-preventivo-gratuito\" href=\"https:\/\/api.whatsapp.com\/send?phone=+33635235712&amp;&amp;text=Salve,%20vorrei%20conoscere%20il%20vostro%20lavoro%20e%20i%20vostri%20prezzi!\"><span class=\"mb-text\">Contatta Dr. Orhan<\/span><\/a><\/p>\t\t\t\t\t\t<\/div>\n\t\t\t\t<\/div>\n\t\t\t\t\t<\/div>\n\t\t<\/div>\n\t\t\t\t<div class=\"elementor-column elementor-col-50 elementor-top-column elementor-element elementor-element-e1ac8f9\" data-id=\"e1ac8f9\" data-element_type=\"column\">\n\t\t\t<div class=\"elementor-widget-wrap elementor-element-populated\">\n\t\t\t\t\t\t<div class=\"elementor-element elementor-element-c939330 elementor-widget elementor-widget-image\" data-id=\"c939330\" data-element_type=\"widget\" data-widget_type=\"image.default\">\n\t\t\t\t<div class=\"elementor-widget-container\">\n\t\t\t\t\t\t\t\t\t\t\t\t\t<noscript><img fetchpriority=\"high\" decoding=\"async\" width=\"640\" height=\"883\" src=\"https:\/\/www.polycliniqueplus.com\/wp-content\/uploads\/2025\/11\/Dr-Orhan-Fahri-Demir-742x1024.jpeg\" class=\"attachment-large size-large wp-image-31916\" alt srcset=\"https:\/\/www.polycliniqueplus.com\/wp-content\/uploads\/2025\/11\/Dr-Orhan-Fahri-Demir-742x1024.jpeg 742w, https:\/\/www.polycliniqueplus.com\/wp-content\/uploads\/2025\/11\/Dr-Orhan-Fahri-Demir-217x300.jpeg 217w, https:\/\/www.polycliniqueplus.com\/wp-content\/uploads\/2025\/11\/Dr-Orhan-Fahri-Demir-768x1061.jpeg 768w, https:\/\/www.polycliniqueplus.com\/wp-content\/uploads\/2025\/11\/Dr-Orhan-Fahri-Demir.jpeg 869w\" sizes=\"(max-width: 640px) 100vw, 640px\"><\/noscript><img fetchpriority=\"high\" decoding=\"async\" width=\"640\" height=\"883\" src=\"data:image\/svg+xml,%3Csvg%20xmlns%3D%22http%3A%2F%2Fwww.w3.org%2F2000%2Fsvg%22%20viewBox%3D%220%200%20640%20883%22%3E%3C%2Fsvg%3E\" class=\"attachment-large size-large wp-image-31916 lazyload\" alt srcset=\"data:image\/svg+xml,%3Csvg%20xmlns%3D%22http%3A%2F%2Fwww.w3.org%2F2000%2Fsvg%22%20viewBox%3D%220%200%20640%20883%22%3E%3C%2Fsvg%3E 640w\" sizes=\"(max-width: 640px) 100vw, 640px\" data-srcset=\"https:\/\/www.polycliniqueplus.com\/wp-content\/uploads\/2025\/11\/Dr-Orhan-Fahri-Demir-742x1024.jpeg 742w, https:\/\/www.polycliniqueplus.com\/wp-content\/uploads\/2025\/11\/Dr-Orhan-Fahri-Demir-217x300.jpeg 217w, https:\/\/www.polycliniqueplus.com\/wp-content\/uploads\/2025\/11\/Dr-Orhan-Fahri-Demir-768x1061.jpeg 768w, https:\/\/www.polycliniqueplus.com\/wp-content\/uploads\/2025\/11\/Dr-Orhan-Fahri-Demir.jpeg 869w\" data-src=\"https:\/\/www.polycliniqueplus.com\/wp-content\/uploads\/2025\/11\/Dr-Orhan-Fahri-Demir-742x1024.jpeg\">\t\t\t\t\t\t\t\t\t\t\t\t\t<\/div>\n\t\t\t\t<\/div>\n\t\t\t\t\t<\/div>\n\t\t<\/div>\n\t\t\t\t\t<\/div>\n\t\t<\/section>\n\t\t\t\t<section class=\"elementor-section elementor-top-section elementor-element elementor-element-34f8a4a elementor-section-boxed elementor-section-height-default elementor-section-height-default\" data-id=\"34f8a4a\" data-element_type=\"section\" data-settings=\"{&quot;_ha_eqh_enable&quot;:false}\">\n\t\t\t\t\t\t<div class=\"elementor-container elementor-column-gap-default\">\n\t\t\t\t\t<div class=\"elementor-column elementor-col-100 elementor-top-column elementor-element elementor-element-352ff4f\" data-id=\"352ff4f\" data-element_type=\"column\">\n\t\t\t<div class=\"elementor-widget-wrap elementor-element-populated\">\n\t\t\t\t\t\t<div class=\"elementor-element elementor-element-6cdd9e0 elementor-widget elementor-widget-text-editor\" data-id=\"6cdd9e0\" data-element_type=\"widget\" data-widget_type=\"text-editor.default\">\n\t\t\t\t<div class=\"elementor-widget-container\">\n\t\t\t\t\t\t\t<h2>ESPERIENZA PROFESSIONALE<\/h2>\n<h5><strong>Specialista in Chirurgia Estetica, Plastica e Ricostruttiva\nOspedale Memorial Bah\u00e7elevler, Istanbul 2025 &#8211; Presente<\/strong><\/h5>\nDirezione e supervisione degli interventi chirurgici plastici. Gestione di casi complessi di ricostruzione facciale. Insegnamento clinico ai residenti. Partecipazione attiva ai progressi della chirurgia plastica ed estetica.\n<h5><strong>Chirurgo Plastico Specialista Ospedale IS\u00dc Bah\u00e7e\u015fehir LIV, Istanbul 2023 &#8211; 2025<\/strong><\/h5>\nEsecuzione di interventi chirurgici di plastica ed estetica. Gestione di pazienti in ricostruzione post-traumatica. Collaborazione multidisciplinare in unit\u00e0 specializzate.\n<h5><strong>Chirurgo Plastico Ospedale di Formazione e Ricerca di Ad\u0131yaman, Ad\u0131yaman 2021 &#8211; 2023<\/strong><\/h5>\nGestione di casi chirurgici complessi. Interventi di chirurgia ricostruttiva ed estetica. Partecipazione a programmi di formazione medica.\n<h5><strong>Chirurgo Plastico Ospedale di Formazione e Ricerca di Ad\u0131yaman, Ad\u0131yaman 2021 &#8211; 2023<\/strong><\/h5>\nGestione di casi chirurgici complessi. Interventi di chirurgia ricostruttiva ed estetica. Partecipazione a programmi di formazione medica.\n<h5><strong>Residenza in Chirurgia Plastica, Ricostruttiva ed Estetica\nOspedale della Facolt\u00e0 di Medicina dell&#8217;Universit\u00e0 di Ege, Izmir 2009 &#8211; 2016<\/strong><\/h5>\nFormazione intensiva in chirurgia plastica. Acquisizione di competenze chirurgiche avanzate. Partecipazione a interventi specializzati e progetti di ricerca.\n<h5><strong>Medico Generico &#8211; Pronto Soccorso Ospedale Pubblico di Nev\u015fehir 2016<\/strong><\/h5>\n<h2>FORMAZIONE<\/h2>\n<strong>Laurea in Medicina Universit\u00e0 Gazi, Facolt\u00e0 di Medicina, Ankara, Turchia 2009 &#8211; 2016<\/strong>\nFormazione medica completa con specializzazione progressiva in chirurgia plastica e ricostruttiva.\n<h2>CERTIFICAZIONI E FORMAZIONE SPECIALIZZATA<\/h2>\n<ul>\n \t<li>Chirurgia Ricostruttiva Pediatrica &#8211; Carit\u00e0 Uzbek-Coreana per l&#8217;Infanzia (2024)<\/li>\n \t<li>Corso su Cadaveri: Anomalie Cranio-facciali e Fratture Ossee Facciali (2022)<\/li>\n \t<li>Certificato di Residenza in Chirurgia Plastica &#8211; Societ\u00e0 Turca di Chirurgia Plastica, Ricostruttiva ed Estetica (2020)<\/li>\n \t<li>Formazione su Animali da Laboratorio (2020)<\/li>\n \t<li>Certificato di Microchirurgia di Base &#8211; Societ\u00e0 Turca per la Microchirurgia Ricostruttiva (2018)<\/li>\n<\/ul>\n<h2>CONGRESSI E PRESENTAZIONI SCIENTIFICHE<\/h2>\n<ul>\n \t<li>Congresso Internazionale di Chirurgia Plastica 2024, Sarajevo &#8211; Relatore<\/li>\n \t<li>Congresso Lifting del Volto 2024, Azerbaigian &#8211; Relatore<\/li>\n \t<li>Congresso &#8220;Nuovi Approcci nei Tumori della Testa e del Collo&#8221; 2023, Uzbekistan &#8211; Relatore<\/li>\n \t<li>46\u00b0 Corso di Microchirurgia 2023 &#8211; Istruttore<\/li>\n \t<li>9\u00b0 Congresso Nazionale di Microchirurgia Ricostruttiva e 2\u00b0 Congresso Nazionale di Chirurgia della Mano d&#8217;Emergenza e Microchirurgia (2022)<\/li>\n \t<li>11\u00b0 Congresso di Rinoplastica e 4\u00b0 Congresso di Chirurgia Estetica Facciale (2018)<\/li>\n \t<li>Riunione Regionale di Ricostruzione Facciale e dell&#8217;Orecchio (2019)<\/li>\n \t<li>XXI. Giorni dell&#8217;Oncologia dell&#8217;Egeo &#8211; Simposio sul Melanoma e Cancro della Pelle Non-Melanoma (2017)<\/li>\n<\/ul>\n<h2>COMPETENZE PROFESSIONALI<\/h2>\n<ul>\n \t<li>Chirurgia Estetica Facciale (Rinoplastica, Lifting del Volto, Blefaroplastica)<\/li>\n \t<li>Ricostruzione di Anomalie Cranio-facciali<\/li>\n \t<li>Microchirurgia Ricostruttiva<\/li>\n \t<li>Chirurgia delle Fratture Facciali e Ossee<\/li>\n \t<li>Chirurgia Oncologica e Ricostruzione Post-tumorale<\/li>\n \t<li>Chirurgia della Mano e degli Arti<\/li>\n \t<li>Gestione delle Ustioni e Ricostruzione<\/li>\n \t<li>Insegnamento Medico e Formazione dei Residenti<\/li>\n<\/ul>\n<h2>AFFILIAZIONI PROFESSIONALI<\/h2>\n<ul>\n \t<li>Societ\u00e0 Turca di Chirurgia Plastica, Ricostruttiva ed Estetica<\/li>\n \t<li>Societ\u00e0 Turca per la Microchirurgia Ricostruttiva<\/li>\n \t<li>Associazioni Mediche Internazionali di Chirurgia Plastica<\/li>\n<\/ul>\t\t\t\t\t\t<\/div>\n\t\t\t\t<\/div>\n\t\t\t\t\t<\/div>\n\t\t<\/div>\n\t\t\t\t\t<\/div>\n\t\t<\/section>\n\t\t\t\t<section class=\"elementor-section elementor-top-section elementor-element elementor-element-4f30d53 elementor-section-boxed elementor-section-height-default elementor-section-height-default\" data-id=\"4f30d53\" data-element_type=\"section\" data-settings=\"{&quot;_ha_eqh_enable&quot;:false}\">\n\t\t\t\t\t\t<div class=\"elementor-container elementor-column-gap-default\">\n\t\t\t\t\t<div class=\"elementor-column elementor-col-100 elementor-top-column elementor-element elementor-element-a4b5ac9\" data-id=\"a4b5ac9\" data-element_type=\"column\">\n\t\t\t<div class=\"elementor-widget-wrap elementor-element-populated\">\n\t\t\t\t\t\t<div class=\"elementor-element elementor-element-70c3a30 elementor-widget elementor-widget-text-editor\" data-id=\"70c3a30\" data-element_type=\"widget\" data-widget_type=\"text-editor.default\">\n\t\t\t\t<div class=\"elementor-widget-container\">\n\t\t\t\t\t\t\t<p style=\"text-align: center;\"><a class=\"maxbutton-10 maxbutton maxbutton-preventivo-gratuito\" href=\"https:\/\/api.whatsapp.com\/send?phone=+33635235712&amp;&amp;text=Salve,%20vorrei%20conoscere%20il%20vostro%20lavoro%20e%20i%20vostri%20prezzi!\"><span class=\"mb-text\">Prenota un Appuntamento<\/span><\/a><\/p>\t\t\t\t\t\t<\/div>\n\t\t\t\t<\/div>\n\t\t\t\t\t<\/div>\n\t\t<\/div>\n\t\t\t\t\t<\/div>\n\t\t<\/section>\n\t\t\t\t<\/div>\n\t\t","protected":false},"excerpt":{"rendered":"<p>Dr. Orhan Fahri Chirurgo Plastico, Estetico e Ricostruttivo CHI SONO Chirurgo plastico altamente qualificato con oltre 8 anni di esperienza clinica e accademica in chirurgia estetica, ricostruttiva e microchirurgica. Specialista riconosciuto nella chirurgia facciale, nella ricostruzione delle anomalie cranio-facciali e negli interventi microchirurgici complessi. Impegnato nell&#8217;eccellenza clinica e nell&#8217;innovazione chirurgica. ESPERIENZA PROFESSIONALE Specialista in Chirurgia [&hellip;]<\/p>\n","protected":false},"author":1,"featured_media":31916,"parent":0,"menu_order":0,"comment_status":"closed","ping_status":"closed","template":"","meta":{"footnotes":""},"class_list":["post-32000","page","type-page","status-publish","has-post-thumbnail","hentry"],"yoast_head":"<!-- This site is optimized with the Yoast SEO plugin v27.3 - https:\/\/yoast.com\/product\/yoast-seo-wordpress\/ -->\n<title>Dr. Orhan Fahri Chirurgo Plastico, Estetico e Ricostruttivo<\/title>\n<meta name=\"description\" content=\"Chirurgo plastico altamente qualificato con oltre 8 anni di esperienza clinica e accademica in chirurgia estetica, ricostruttiva e microchirurgica. Specialista riconosciuto nella chirurgia facciale, nella ricostruzione delle anomalie cranio-facciali e negli interventi microchirurgici complessi. Impegnato nell&#039;eccellenza clinica e nell&#039;innovazione chirurgica. Recognized specialist in facial surgery, reconstruction of craniofacial anomalies and complex microsurgical interventions. Committed to clinical excellence and surgical innovation.\" \/>\n<meta name=\"robots\" content=\"index, follow, max-snippet:-1, max-image-preview:large, max-video-preview:-1\" \/>\n<link rel=\"canonical\" href=\"https:\/\/www.polycliniqueplus.com\/it\/dr-orhan-fahri\/\" \/>\n<meta property=\"og:locale\" content=\"it_IT\" \/>\n<meta property=\"og:type\" content=\"article\" \/>\n<meta property=\"og:title\" content=\"Dr. Orhan Fahri Chirurgo Plastico, Estetico e Ricostruttivo\" \/>\n<meta property=\"og:description\" content=\"Chirurgo plastico altamente qualificato con oltre 8 anni di esperienza clinica e accademica in chirurgia estetica, ricostruttiva e microchirurgica. Specialista riconosciuto nella chirurgia facciale, nella ricostruzione delle anomalie cranio-facciali e negli interventi microchirurgici complessi. Impegnato nell&#039;eccellenza clinica e nell&#039;innovazione chirurgica. Recognized specialist in facial surgery, reconstruction of craniofacial anomalies and complex microsurgical interventions. Committed to clinical excellence and surgical innovation.\" \/>\n<meta property=\"og:url\" content=\"https:\/\/www.polycliniqueplus.com\/it\/dr-orhan-fahri\/\" \/>\n<meta property=\"og:site_name\" content=\"Chirurgie esthetique Turquie : Prix interventions meilleures cliniques Istanbul\" \/>\n<meta property=\"article:publisher\" content=\"https:\/\/www.facebook.com\/polycliniqueplus\" \/>\n<meta property=\"article:modified_time\" content=\"2025-11-26T10:49:03+00:00\" \/>\n<meta property=\"og:image\" content=\"https:\/\/www.polycliniqueplus.com\/wp-content\/uploads\/2025\/11\/Dr-Orhan-Fahri-Demir.jpeg\" \/>\n\t<meta property=\"og:image:width\" content=\"869\" \/>\n\t<meta property=\"og:image:height\" content=\"1200\" \/>\n\t<meta property=\"og:image:type\" content=\"image\/jpeg\" \/>\n<meta name=\"twitter:card\" content=\"summary_large_image\" \/>\n<meta name=\"twitter:site\" content=\"@polyclinique1\" \/>\n<meta name=\"twitter:label1\" content=\"Tempo di lettura stimato\" \/>\n\t<meta name=\"twitter:data1\" content=\"3 minuti\" \/>\n<script type=\"application\/ld+json\" class=\"yoast-schema-graph\">{\"@context\":\"https:\\\/\\\/schema.org\",\"@graph\":[{\"@type\":\"WebPage\",\"@id\":\"https:\\\/\\\/www.polycliniqueplus.com\\\/it\\\/dr-orhan-fahri\\\/\",\"url\":\"https:\\\/\\\/www.polycliniqueplus.com\\\/it\\\/dr-orhan-fahri\\\/\",\"name\":\"Dr. Orhan Fahri Chirurgo Plastico, Estetico e Ricostruttivo\",\"isPartOf\":{\"@id\":\"https:\\\/\\\/www.polycliniqueplus.com\\\/it\\\/#website\"},\"primaryImageOfPage\":{\"@id\":\"https:\\\/\\\/www.polycliniqueplus.com\\\/it\\\/dr-orhan-fahri\\\/#primaryimage\"},\"image\":{\"@id\":\"https:\\\/\\\/www.polycliniqueplus.com\\\/it\\\/dr-orhan-fahri\\\/#primaryimage\"},\"thumbnailUrl\":\"https:\\\/\\\/www.polycliniqueplus.com\\\/wp-content\\\/uploads\\\/2025\\\/11\\\/Dr-Orhan-Fahri-Demir.jpeg\",\"datePublished\":\"2025-11-26T09:06:38+00:00\",\"dateModified\":\"2025-11-26T10:49:03+00:00\",\"description\":\"Chirurgo plastico altamente qualificato con oltre 8 anni di esperienza clinica e accademica in chirurgia estetica, ricostruttiva e microchirurgica. Specialista riconosciuto nella chirurgia facciale, nella ricostruzione delle anomalie cranio-facciali e negli interventi microchirurgici complessi. Impegnato nell'eccellenza clinica e nell'innovazione chirurgica. Recognized specialist in facial surgery, reconstruction of craniofacial anomalies and complex microsurgical interventions. Committed to clinical excellence and surgical innovation.\",\"breadcrumb\":{\"@id\":\"https:\\\/\\\/www.polycliniqueplus.com\\\/it\\\/dr-orhan-fahri\\\/#breadcrumb\"},\"inLanguage\":\"it-IT\",\"potentialAction\":[{\"@type\":\"ReadAction\",\"target\":[\"https:\\\/\\\/www.polycliniqueplus.com\\\/it\\\/dr-orhan-fahri\\\/\"]}]},{\"@type\":\"ImageObject\",\"inLanguage\":\"it-IT\",\"@id\":\"https:\\\/\\\/www.polycliniqueplus.com\\\/it\\\/dr-orhan-fahri\\\/#primaryimage\",\"url\":\"https:\\\/\\\/www.polycliniqueplus.com\\\/wp-content\\\/uploads\\\/2025\\\/11\\\/Dr-Orhan-Fahri-Demir.jpeg\",\"contentUrl\":\"https:\\\/\\\/www.polycliniqueplus.com\\\/wp-content\\\/uploads\\\/2025\\\/11\\\/Dr-Orhan-Fahri-Demir.jpeg\",\"width\":869,\"height\":1200},{\"@type\":\"BreadcrumbList\",\"@id\":\"https:\\\/\\\/www.polycliniqueplus.com\\\/it\\\/dr-orhan-fahri\\\/#breadcrumb\",\"itemListElement\":[{\"@type\":\"ListItem\",\"position\":1,\"name\":\"Accueil\",\"item\":\"https:\\\/\\\/www.polycliniqueplus.com\\\/it\\\/\"},{\"@type\":\"ListItem\",\"position\":2,\"name\":\"Dr. Orhan Fahri Chirurgo Plastico, Estetico e Ricostruttivo\"}]},{\"@type\":\"WebSite\",\"@id\":\"https:\\\/\\\/www.polycliniqueplus.com\\\/it\\\/#website\",\"url\":\"https:\\\/\\\/www.polycliniqueplus.com\\\/it\\\/\",\"name\":\"Chirurgie esthetique Turquie : Prix interventions meilleures cliniques Istanbul\",\"description\":\"Chirurgie esthetique Turquie prix pas cher\",\"publisher\":{\"@id\":\"https:\\\/\\\/www.polycliniqueplus.com\\\/it\\\/#organization\"},\"potentialAction\":[{\"@type\":\"SearchAction\",\"target\":{\"@type\":\"EntryPoint\",\"urlTemplate\":\"https:\\\/\\\/www.polycliniqueplus.com\\\/it\\\/?s={search_term_string}\"},\"query-input\":{\"@type\":\"PropertyValueSpecification\",\"valueRequired\":true,\"valueName\":\"search_term_string\"}}],\"inLanguage\":\"it-IT\"},{\"@type\":\"Organization\",\"@id\":\"https:\\\/\\\/www.polycliniqueplus.com\\\/it\\\/#organization\",\"name\":\"Polycliniqueplus chirurgie esthetique Turquie\",\"url\":\"https:\\\/\\\/www.polycliniqueplus.com\\\/it\\\/\",\"logo\":{\"@type\":\"ImageObject\",\"inLanguage\":\"it-IT\",\"@id\":\"https:\\\/\\\/www.polycliniqueplus.com\\\/it\\\/#\\\/schema\\\/logo\\\/image\\\/\",\"url\":\"https:\\\/\\\/www.polycliniqueplus.com\\\/wp-content\\\/uploads\\\/2021\\\/03\\\/cropped-add-box-fill.png\",\"contentUrl\":\"https:\\\/\\\/www.polycliniqueplus.com\\\/wp-content\\\/uploads\\\/2021\\\/03\\\/cropped-add-box-fill.png\",\"width\":512,\"height\":512,\"caption\":\"Polycliniqueplus chirurgie esthetique Turquie\"},\"image\":{\"@id\":\"https:\\\/\\\/www.polycliniqueplus.com\\\/it\\\/#\\\/schema\\\/logo\\\/image\\\/\"},\"sameAs\":[\"https:\\\/\\\/www.facebook.com\\\/polycliniqueplus\",\"https:\\\/\\\/x.com\\\/polyclinique1\",\"https:\\\/\\\/www.youtube.com\\\/channel\\\/UCAnK3TORJqflIuYGFa-JQDw\"]}]}<\/script>\n<!-- \/ Yoast SEO plugin. -->","yoast_head_json":{"title":"Dr. Orhan Fahri Chirurgo Plastico, Estetico e Ricostruttivo","description":"Chirurgo plastico altamente qualificato con oltre 8 anni di esperienza clinica e accademica in chirurgia estetica, ricostruttiva e microchirurgica. Specialista riconosciuto nella chirurgia facciale, nella ricostruzione delle anomalie cranio-facciali e negli interventi microchirurgici complessi. Impegnato nell'eccellenza clinica e nell'innovazione chirurgica. Recognized specialist in facial surgery, reconstruction of craniofacial anomalies and complex microsurgical interventions. Committed to clinical excellence and surgical innovation.","robots":{"index":"index","follow":"follow","max-snippet":"max-snippet:-1","max-image-preview":"max-image-preview:large","max-video-preview":"max-video-preview:-1"},"canonical":"https:\/\/www.polycliniqueplus.com\/it\/dr-orhan-fahri\/","og_locale":"it_IT","og_type":"article","og_title":"Dr. Orhan Fahri Chirurgo Plastico, Estetico e Ricostruttivo","og_description":"Chirurgo plastico altamente qualificato con oltre 8 anni di esperienza clinica e accademica in chirurgia estetica, ricostruttiva e microchirurgica. Specialista riconosciuto nella chirurgia facciale, nella ricostruzione delle anomalie cranio-facciali e negli interventi microchirurgici complessi. Impegnato nell'eccellenza clinica e nell'innovazione chirurgica. Recognized specialist in facial surgery, reconstruction of craniofacial anomalies and complex microsurgical interventions. Committed to clinical excellence and surgical innovation.","og_url":"https:\/\/www.polycliniqueplus.com\/it\/dr-orhan-fahri\/","og_site_name":"Chirurgie esthetique Turquie : Prix interventions meilleures cliniques Istanbul","article_publisher":"https:\/\/www.facebook.com\/polycliniqueplus","article_modified_time":"2025-11-26T10:49:03+00:00","og_image":[{"width":869,"height":1200,"url":"https:\/\/www.polycliniqueplus.com\/wp-content\/uploads\/2025\/11\/Dr-Orhan-Fahri-Demir.jpeg","type":"image\/jpeg"}],"twitter_card":"summary_large_image","twitter_site":"@polyclinique1","twitter_misc":{"Tempo di lettura stimato":"3 minuti"},"schema":{"@context":"https:\/\/schema.org","@graph":[{"@type":"WebPage","@id":"https:\/\/www.polycliniqueplus.com\/it\/dr-orhan-fahri\/","url":"https:\/\/www.polycliniqueplus.com\/it\/dr-orhan-fahri\/","name":"Dr. Orhan Fahri Chirurgo Plastico, Estetico e Ricostruttivo","isPartOf":{"@id":"https:\/\/www.polycliniqueplus.com\/it\/#website"},"primaryImageOfPage":{"@id":"https:\/\/www.polycliniqueplus.com\/it\/dr-orhan-fahri\/#primaryimage"},"image":{"@id":"https:\/\/www.polycliniqueplus.com\/it\/dr-orhan-fahri\/#primaryimage"},"thumbnailUrl":"https:\/\/www.polycliniqueplus.com\/wp-content\/uploads\/2025\/11\/Dr-Orhan-Fahri-Demir.jpeg","datePublished":"2025-11-26T09:06:38+00:00","dateModified":"2025-11-26T10:49:03+00:00","description":"Chirurgo plastico altamente qualificato con oltre 8 anni di esperienza clinica e accademica in chirurgia estetica, ricostruttiva e microchirurgica. Specialista riconosciuto nella chirurgia facciale, nella ricostruzione delle anomalie cranio-facciali e negli interventi microchirurgici complessi. Impegnato nell'eccellenza clinica e nell'innovazione chirurgica. Recognized specialist in facial surgery, reconstruction of craniofacial anomalies and complex microsurgical interventions. Committed to clinical excellence and surgical innovation.","breadcrumb":{"@id":"https:\/\/www.polycliniqueplus.com\/it\/dr-orhan-fahri\/#breadcrumb"},"inLanguage":"it-IT","potentialAction":[{"@type":"ReadAction","target":["https:\/\/www.polycliniqueplus.com\/it\/dr-orhan-fahri\/"]}]},{"@type":"ImageObject","inLanguage":"it-IT","@id":"https:\/\/www.polycliniqueplus.com\/it\/dr-orhan-fahri\/#primaryimage","url":"https:\/\/www.polycliniqueplus.com\/wp-content\/uploads\/2025\/11\/Dr-Orhan-Fahri-Demir.jpeg","contentUrl":"https:\/\/www.polycliniqueplus.com\/wp-content\/uploads\/2025\/11\/Dr-Orhan-Fahri-Demir.jpeg","width":869,"height":1200},{"@type":"BreadcrumbList","@id":"https:\/\/www.polycliniqueplus.com\/it\/dr-orhan-fahri\/#breadcrumb","itemListElement":[{"@type":"ListItem","position":1,"name":"Accueil","item":"https:\/\/www.polycliniqueplus.com\/it\/"},{"@type":"ListItem","position":2,"name":"Dr. Orhan Fahri Chirurgo Plastico, Estetico e Ricostruttivo"}]},{"@type":"WebSite","@id":"https:\/\/www.polycliniqueplus.com\/it\/#website","url":"https:\/\/www.polycliniqueplus.com\/it\/","name":"Chirurgie esthetique Turquie : Prix interventions meilleures cliniques Istanbul","description":"Chirurgie esthetique Turquie prix pas cher","publisher":{"@id":"https:\/\/www.polycliniqueplus.com\/it\/#organization"},"potentialAction":[{"@type":"SearchAction","target":{"@type":"EntryPoint","urlTemplate":"https:\/\/www.polycliniqueplus.com\/it\/?s={search_term_string}"},"query-input":{"@type":"PropertyValueSpecification","valueRequired":true,"valueName":"search_term_string"}}],"inLanguage":"it-IT"},{"@type":"Organization","@id":"https:\/\/www.polycliniqueplus.com\/it\/#organization","name":"Polycliniqueplus chirurgie esthetique Turquie","url":"https:\/\/www.polycliniqueplus.com\/it\/","logo":{"@type":"ImageObject","inLanguage":"it-IT","@id":"https:\/\/www.polycliniqueplus.com\/it\/#\/schema\/logo\/image\/","url":"https:\/\/www.polycliniqueplus.com\/wp-content\/uploads\/2021\/03\/cropped-add-box-fill.png","contentUrl":"https:\/\/www.polycliniqueplus.com\/wp-content\/uploads\/2021\/03\/cropped-add-box-fill.png","width":512,"height":512,"caption":"Polycliniqueplus chirurgie esthetique Turquie"},"image":{"@id":"https:\/\/www.polycliniqueplus.com\/it\/#\/schema\/logo\/image\/"},"sameAs":["https:\/\/www.facebook.com\/polycliniqueplus","https:\/\/x.com\/polyclinique1","https:\/\/www.youtube.com\/channel\/UCAnK3TORJqflIuYGFa-JQDw"]}]}},"_links":{"self":[{"href":"https:\/\/www.polycliniqueplus.com\/it\/wp-json\/wp\/v2\/pages\/32000","targetHints":{"allow":["GET"]}}],"collection":[{"href":"https:\/\/www.polycliniqueplus.com\/it\/wp-json\/wp\/v2\/pages"}],"about":[{"href":"https:\/\/www.polycliniqueplus.com\/it\/wp-json\/wp\/v2\/types\/page"}],"author":[{"embeddable":true,"href":"https:\/\/www.polycliniqueplus.com\/it\/wp-json\/wp\/v2\/users\/1"}],"replies":[{"embeddable":true,"href":"https:\/\/www.polycliniqueplus.com\/it\/wp-json\/wp\/v2\/comments?post=32000"}],"version-history":[{"count":23,"href":"https:\/\/www.polycliniqueplus.com\/it\/wp-json\/wp\/v2\/pages\/32000\/revisions"}],"predecessor-version":[{"id":32028,"href":"https:\/\/www.polycliniqueplus.com\/it\/wp-json\/wp\/v2\/pages\/32000\/revisions\/32028"}],"wp:featuredmedia":[{"embeddable":true,"href":"https:\/\/www.polycliniqueplus.com\/it\/wp-json\/wp\/v2\/media\/31916"}],"wp:attachment":[{"href":"https:\/\/www.polycliniqueplus.com\/it\/wp-json\/wp\/v2\/media?parent=32000"}],"curies":[{"name":"wp","href":"https:\/\/api.w.org\/{rel}","templated":true}]}}