{"id":31629,"date":"2025-11-14T10:01:43","date_gmt":"2025-11-14T09:01:43","guid":{"rendered":"https:\/\/www.polycliniqueplus.com\/dr-tolgahan-alpaydin\/"},"modified":"2025-11-14T12:08:43","modified_gmt":"2025-11-14T11:08:43","slug":"dr-tolgahan-alpaydin","status":"publish","type":"page","link":"https:\/\/www.polycliniqueplus.com\/it\/dr-tolgahan-alpaydin\/","title":{"rendered":"Dr. Tolgahan ALPAYDIN Chirurgo Plastico e Ricostruttivo Izmir, Turchia"},"content":{"rendered":"<div data-elementor-type=\"wp-page\" data-elementor-id=\"31629\" class=\"elementor elementor-31629 elementor-31586\" data-elementor-settings=\"{&quot;ha_cmc_init_switcher&quot;:&quot;no&quot;}\">\n\t\t\t\t\t\t<section class=\"elementor-section elementor-top-section elementor-element elementor-element-a76819e elementor-section-boxed elementor-section-height-default elementor-section-height-default\" data-id=\"a76819e\" data-element_type=\"section\" data-settings=\"{&quot;_ha_eqh_enable&quot;:false}\">\n\t\t\t\t\t\t<div class=\"elementor-container elementor-column-gap-default\">\n\t\t\t\t\t<div class=\"elementor-column elementor-col-33 elementor-top-column elementor-element elementor-element-6e3e5e2\" data-id=\"6e3e5e2\" data-element_type=\"column\">\n\t\t\t<div class=\"elementor-widget-wrap elementor-element-populated\">\n\t\t\t\t\t\t<div class=\"elementor-element elementor-element-83cac99 elementor-widget elementor-widget-image\" data-id=\"83cac99\" data-element_type=\"widget\" data-widget_type=\"image.default\">\n\t\t\t\t<div class=\"elementor-widget-container\">\n\t\t\t\t\t\t\t\t\t\t\t\t\t<noscript><img fetchpriority=\"high\" decoding=\"async\" width=\"640\" height=\"640\" src=\"https:\/\/www.polycliniqueplus.com\/wp-content\/uploads\/2025\/11\/Dr-Tolgahan-Alpaydin.jpg\" class=\"attachment-large size-large wp-image-31591\" alt srcset=\"https:\/\/www.polycliniqueplus.com\/wp-content\/uploads\/2025\/11\/Dr-Tolgahan-Alpaydin.jpg 700w, https:\/\/www.polycliniqueplus.com\/wp-content\/uploads\/2025\/11\/Dr-Tolgahan-Alpaydin-300x300.jpg 300w, https:\/\/www.polycliniqueplus.com\/wp-content\/uploads\/2025\/11\/Dr-Tolgahan-Alpaydin-150x150.jpg 150w\" sizes=\"(max-width: 640px) 100vw, 640px\"><\/noscript><img fetchpriority=\"high\" decoding=\"async\" width=\"640\" height=\"640\" src=\"data:image\/svg+xml,%3Csvg%20xmlns%3D%22http%3A%2F%2Fwww.w3.org%2F2000%2Fsvg%22%20viewBox%3D%220%200%20640%20640%22%3E%3C%2Fsvg%3E\" class=\"attachment-large size-large wp-image-31591 lazyload\" alt srcset=\"data:image\/svg+xml,%3Csvg%20xmlns%3D%22http%3A%2F%2Fwww.w3.org%2F2000%2Fsvg%22%20viewBox%3D%220%200%20640%20640%22%3E%3C%2Fsvg%3E 640w\" sizes=\"(max-width: 640px) 100vw, 640px\" data-srcset=\"https:\/\/www.polycliniqueplus.com\/wp-content\/uploads\/2025\/11\/Dr-Tolgahan-Alpaydin.jpg 700w, https:\/\/www.polycliniqueplus.com\/wp-content\/uploads\/2025\/11\/Dr-Tolgahan-Alpaydin-300x300.jpg 300w, https:\/\/www.polycliniqueplus.com\/wp-content\/uploads\/2025\/11\/Dr-Tolgahan-Alpaydin-150x150.jpg 150w\" data-src=\"https:\/\/www.polycliniqueplus.com\/wp-content\/uploads\/2025\/11\/Dr-Tolgahan-Alpaydin.jpg\">\t\t\t\t\t\t\t\t\t\t\t\t\t<\/div>\n\t\t\t\t<\/div>\n\t\t\t\t\t<\/div>\n\t\t<\/div>\n\t\t\t\t<div class=\"elementor-column elementor-col-66 elementor-top-column elementor-element elementor-element-4772775\" data-id=\"4772775\" data-element_type=\"column\">\n\t\t\t<div class=\"elementor-widget-wrap elementor-element-populated\">\n\t\t\t\t\t\t<div class=\"elementor-element elementor-element-7776b5c elementor-widget elementor-widget-text-editor\" data-id=\"7776b5c\" data-element_type=\"widget\" data-widget_type=\"text-editor.default\">\n\t\t\t\t<div class=\"elementor-widget-container\">\n\t\t\t\t\t\t\t<h2><strong>Dr. Tolgahan ALPAYDIN<br>Chirurgo Plastico e Ricostruttivo<br>Izmir, Turchia<\/strong><\/h2><h2>Profilo<\/h2><p>Chirurgo Plastico e Ricostruttivo esperto con oltre 7 anni di formazione specialistica e ampia esperienza in programmi di fellowship negli Stati Uniti e in Turchia. Specializzato in microchirurgia, chirurgia della mano, procedure cosmetiche e ricostruttive, con competenza in tecniche chirurgiche avanzate tra cui reimpianto di arti, chirurgia estetica del seno, rinoplastica e chirurgia craniofacciale. Comprovata esperienza di eccellenza clinica e assistenza focalizzata sul paziente sia in contesti accademici che in pratica privata.<\/p><p style=\"text-align: center;\"><a class=\"maxbutton-9 maxbutton maxbutton-whatsapp-en\" href=\"https:\/\/api.whatsapp.com\/send?phone=+33635235712&amp;text=Hello%2C%20I%E2%80%99m%20interested%20in%20learning%20more%20about%20your%20services%20and%20pricing.%20Could%20you%20please%20send%20me%20more%20information%3F\"><span class=\"mb-text\">Contattare il Dr. ALPAYDIN<\/span><\/a><\/p>\t\t\t\t\t\t<\/div>\n\t\t\t\t<\/div>\n\t\t\t\t\t<\/div>\n\t\t<\/div>\n\t\t\t\t\t<\/div>\n\t\t<\/section>\n\t\t\t\t<section class=\"elementor-section elementor-top-section elementor-element elementor-element-71c668f elementor-section-boxed elementor-section-height-default elementor-section-height-default\" data-id=\"71c668f\" data-element_type=\"section\" data-settings=\"{&quot;_ha_eqh_enable&quot;:false}\">\n\t\t\t\t\t\t<div class=\"elementor-container elementor-column-gap-default\">\n\t\t\t\t\t<div class=\"elementor-column elementor-col-100 elementor-top-column elementor-element elementor-element-dcf3892\" data-id=\"dcf3892\" data-element_type=\"column\">\n\t\t\t<div class=\"elementor-widget-wrap elementor-element-populated\">\n\t\t\t\t\t\t<div class=\"elementor-element elementor-element-4589d78 elementor-widget elementor-widget-text-editor\" data-id=\"4589d78\" data-element_type=\"widget\" data-widget_type=\"text-editor.default\">\n\t\t\t\t<div class=\"elementor-widget-container\">\n\t\t\t\t\t\t\t<h2><strong>Istruzione<\/strong><\/h2>\n<ul>\n<li><strong>Specializzazione in Chirurgia Plastica e Ricostruttiva<\/strong> Facolt\u00e0 di Medicina dell&#8217;Universit\u00e0 Ege, Izmir, Turchia | 1995\u20132001<\/li>\n<li><strong>Dottore in Medicina (MD)<\/strong> Facolt\u00e0 di Medicina dell&#8217;Universit\u00e0 Ege, Bornova, Izmir, Turchia | 1988\u20131994<\/li>\n<li><strong>Fellowship in Microchirurgia e Chirurgia Estetica<\/strong> Cleveland Clinic Foundation, Cleveland, Ohio, USA | 2000<\/li>\n<\/ul>\n<h2><strong>Esperienza Professionale<\/strong><\/h2>\n<ul>\n<li><strong>Fondatore e Chirurgo Primario<\/strong> Clinica di Chirurgia Estetica e Plastica di Izmir, Izmir, Turchia | 2001\u2013Presente<\/li>\n<li><strong>Chirurgo Plastico<\/strong> Clinica di Chirurgia Plastica e Ricostruttiva, Facolt\u00e0 di Medicina dell&#8217;Universit\u00e0 Ege | 2001<\/li>\n<li><strong>Chirurgo, Clinica di Chirurgia Estetica e Plastica<\/strong> Ospedale Medical Point, Izmir, Turchia | 2024\u2013Presente<\/li>\n<\/ul>\n<h2><strong>Fellowship e Formazione Specializzata<\/strong><\/h2>\n<ul>\n<li><strong>Formazione in Chirurgia della Mano e Microchirurgia<\/strong> Ospedale di Chirurgia della Mano e Microchirurgia EMOT, Izmir, Turchia | 1997\u20131999<\/li>\n<li><strong>Clinica di Chirurgia della Mano<\/strong> American Hospital, Istanbul, Turchia, sotto la supervisione del Dr. Ayan G\u00fclg\u00f6nen e del Dr. T\u00fcrker \u00d6zkan | 2000<\/li>\n<li><strong>Fellowship nel Dipartimento di Chirurgia Estetica<\/strong> Cleveland Clinic Foundation, Cleveland, Ohio, USA | 2000<\/li>\n<li><strong>Corso Avanzato di Microchirurgia<\/strong> GATA, Ankara, Turchia | Novembre 2000<\/li>\n<\/ul>\n<h2><strong>Competenze Chiave ed Esperienza<\/strong><\/h2>\n<ul>\n<li>Reimpianto di arti e ricostruzione microchirurgica<\/li>\n<li>Chirurgia estetica del seno (inclusa ricostruzione con lembo TRAM e LD)<\/li>\n<li>Ringiovanimento facciale e procedure di lifting del viso<\/li>\n<li>Rimodellamento del corpo e liposuzione ultrasonica<\/li>\n<li>Rinoplastica funzionale ed estetica<\/li>\n<li>Chirurgia craniofacciale e correzione di anomalie congenite<\/li>\n<li>Applicazioni laser in chirurgia plastica<\/li>\n<li>Ricerca e sviluppo nel rilevamento di lesioni da ischemia-riperfusione<\/li>\n<\/ul>\n<p class=\"font-claude-response-body whitespace-normal break-words\"><strong>Lingue<\/strong><\/p>\n<ul>\n<li>Turco (Madrelingua)<\/li>\n<li>Inglese (Fluente)<\/li>\n<\/ul>\n<p style=\"text-align: center;\"><a class=\"maxbutton-9 maxbutton maxbutton-whatsapp-en\" href=\"https:\/\/api.whatsapp.com\/send?phone=+33635235712&amp;text=Hello%2C%20I%E2%80%99m%20interested%20in%20learning%20more%20about%20your%20services%20and%20pricing.%20Could%20you%20please%20send%20me%20more%20information%3F\"><span class=\"mb-text\">Contattare il Dr. ALPAYDIN<\/span><\/a><\/p>\t\t\t\t\t\t<\/div>\n\t\t\t\t<\/div>\n\t\t\t\t\t<\/div>\n\t\t<\/div>\n\t\t\t\t\t<\/div>\n\t\t<\/section>\n\t\t\t\t<\/div>\n\t\t","protected":false},"excerpt":{"rendered":"<p>Dr. Tolgahan ALPAYDINChirurgo Plastico e RicostruttivoIzmir, Turchia Profilo Chirurgo Plastico e Ricostruttivo esperto con oltre 7 anni di formazione specialistica e ampia esperienza in programmi di fellowship negli Stati Uniti e in Turchia. Specializzato in microchirurgia, chirurgia della mano, procedure cosmetiche e ricostruttive, con competenza in tecniche chirurgiche avanzate tra cui reimpianto di arti, chirurgia [&hellip;]<\/p>\n","protected":false},"author":1,"featured_media":31591,"parent":0,"menu_order":0,"comment_status":"closed","ping_status":"closed","template":"","meta":{"footnotes":""},"class_list":["post-31629","page","type-page","status-publish","has-post-thumbnail","hentry"],"yoast_head":"<!-- This site is optimized with the Yoast SEO plugin v27.6 - https:\/\/yoast.com\/product\/yoast-seo-wordpress\/ -->\n<title>Dr. Tolgahan ALPAYDIN Chirurgo Plastico e Ricostruttivo Izmir, Turchia<\/title>\n<meta name=\"description\" content=\"Il Dr. Tolgahan Alpayd\u0131n \u00e8 un distinto Chirurgo Plastico e Ricostruttivo che apporta oltre 23 anni di vasta esperienza sia in chirurgia estetica che ricostruttiva. Con una formazione completa in tecniche microchirurgiche avanzate, procedure cosmetiche e ricostruzioni complesse, combina precisione chirurgica con un impegno verso l&#039;assistenza centrata sul paziente, fornendo risultati funzionali ed estetici eccezionali.\" \/>\n<meta name=\"robots\" content=\"index, follow, max-snippet:-1, max-image-preview:large, max-video-preview:-1\" \/>\n<link rel=\"canonical\" href=\"https:\/\/www.polycliniqueplus.com\/it\/dr-tolgahan-alpaydin\/\" \/>\n<meta property=\"og:locale\" content=\"it_IT\" \/>\n<meta property=\"og:type\" content=\"article\" \/>\n<meta property=\"og:title\" content=\"Dr. Tolgahan ALPAYDIN Chirurgo Plastico e Ricostruttivo Izmir, Turchia\" \/>\n<meta property=\"og:description\" content=\"Il Dr. Tolgahan Alpayd\u0131n \u00e8 un distinto Chirurgo Plastico e Ricostruttivo che apporta oltre 23 anni di vasta esperienza sia in chirurgia estetica che ricostruttiva. Con una formazione completa in tecniche microchirurgiche avanzate, procedure cosmetiche e ricostruzioni complesse, combina precisione chirurgica con un impegno verso l&#039;assistenza centrata sul paziente, fornendo risultati funzionali ed estetici eccezionali.\" \/>\n<meta property=\"og:url\" content=\"https:\/\/www.polycliniqueplus.com\/it\/dr-tolgahan-alpaydin\/\" \/>\n<meta property=\"og:site_name\" content=\"Chirurgie esthetique Turquie : Prix interventions meilleures cliniques Istanbul\" \/>\n<meta property=\"article:publisher\" content=\"https:\/\/www.facebook.com\/polycliniqueplus\" \/>\n<meta property=\"article:modified_time\" content=\"2025-11-14T11:08:43+00:00\" \/>\n<meta property=\"og:image\" content=\"https:\/\/www.polycliniqueplus.com\/wp-content\/uploads\/2025\/11\/Dr-Tolgahan-Alpaydin.jpg\" \/>\n\t<meta property=\"og:image:width\" content=\"700\" \/>\n\t<meta property=\"og:image:height\" content=\"700\" \/>\n\t<meta property=\"og:image:type\" content=\"image\/jpeg\" \/>\n<meta name=\"twitter:card\" content=\"summary_large_image\" \/>\n<meta name=\"twitter:site\" content=\"@polyclinique1\" \/>\n<meta name=\"twitter:label1\" content=\"Tempo di lettura stimato\" \/>\n\t<meta name=\"twitter:data1\" content=\"2 minuti\" \/>\n<script type=\"application\/ld+json\" class=\"yoast-schema-graph\">{\"@context\":\"https:\\\/\\\/schema.org\",\"@graph\":[{\"@type\":\"WebPage\",\"@id\":\"https:\\\/\\\/www.polycliniqueplus.com\\\/it\\\/dr-tolgahan-alpaydin\\\/\",\"url\":\"https:\\\/\\\/www.polycliniqueplus.com\\\/it\\\/dr-tolgahan-alpaydin\\\/\",\"name\":\"Dr. Tolgahan ALPAYDIN Chirurgo Plastico e Ricostruttivo Izmir, Turchia\",\"isPartOf\":{\"@id\":\"https:\\\/\\\/www.polycliniqueplus.com\\\/it\\\/#website\"},\"primaryImageOfPage\":{\"@id\":\"https:\\\/\\\/www.polycliniqueplus.com\\\/it\\\/dr-tolgahan-alpaydin\\\/#primaryimage\"},\"image\":{\"@id\":\"https:\\\/\\\/www.polycliniqueplus.com\\\/it\\\/dr-tolgahan-alpaydin\\\/#primaryimage\"},\"thumbnailUrl\":\"https:\\\/\\\/www.polycliniqueplus.com\\\/wp-content\\\/uploads\\\/2025\\\/11\\\/Dr-Tolgahan-Alpaydin.jpg\",\"datePublished\":\"2025-11-14T09:01:43+00:00\",\"dateModified\":\"2025-11-14T11:08:43+00:00\",\"description\":\"Il Dr. Tolgahan Alpayd\u0131n \u00e8 un distinto Chirurgo Plastico e Ricostruttivo che apporta oltre 23 anni di vasta esperienza sia in chirurgia estetica che ricostruttiva. Con una formazione completa in tecniche microchirurgiche avanzate, procedure cosmetiche e ricostruzioni complesse, combina precisione chirurgica con un impegno verso l'assistenza centrata sul paziente, fornendo risultati funzionali ed estetici eccezionali.\",\"breadcrumb\":{\"@id\":\"https:\\\/\\\/www.polycliniqueplus.com\\\/it\\\/dr-tolgahan-alpaydin\\\/#breadcrumb\"},\"inLanguage\":\"it-IT\",\"potentialAction\":[{\"@type\":\"ReadAction\",\"target\":[\"https:\\\/\\\/www.polycliniqueplus.com\\\/it\\\/dr-tolgahan-alpaydin\\\/\"]}]},{\"@type\":\"ImageObject\",\"inLanguage\":\"it-IT\",\"@id\":\"https:\\\/\\\/www.polycliniqueplus.com\\\/it\\\/dr-tolgahan-alpaydin\\\/#primaryimage\",\"url\":\"https:\\\/\\\/www.polycliniqueplus.com\\\/wp-content\\\/uploads\\\/2025\\\/11\\\/Dr-Tolgahan-Alpaydin.jpg\",\"contentUrl\":\"https:\\\/\\\/www.polycliniqueplus.com\\\/wp-content\\\/uploads\\\/2025\\\/11\\\/Dr-Tolgahan-Alpaydin.jpg\",\"width\":700,\"height\":700},{\"@type\":\"BreadcrumbList\",\"@id\":\"https:\\\/\\\/www.polycliniqueplus.com\\\/it\\\/dr-tolgahan-alpaydin\\\/#breadcrumb\",\"itemListElement\":[{\"@type\":\"ListItem\",\"position\":1,\"name\":\"Accueil\",\"item\":\"https:\\\/\\\/www.polycliniqueplus.com\\\/it\\\/\"},{\"@type\":\"ListItem\",\"position\":2,\"name\":\"Dr. Tolgahan ALPAYDIN Chirurgo Plastico e Ricostruttivo Izmir, Turchia\"}]},{\"@type\":\"WebSite\",\"@id\":\"https:\\\/\\\/www.polycliniqueplus.com\\\/it\\\/#website\",\"url\":\"https:\\\/\\\/www.polycliniqueplus.com\\\/it\\\/\",\"name\":\"Chirurgie esthetique Turquie : Prix interventions meilleures cliniques Istanbul\",\"description\":\"Chirurgie esthetique Turquie prix pas cher\",\"publisher\":{\"@id\":\"https:\\\/\\\/www.polycliniqueplus.com\\\/it\\\/#organization\"},\"potentialAction\":[{\"@type\":\"SearchAction\",\"target\":{\"@type\":\"EntryPoint\",\"urlTemplate\":\"https:\\\/\\\/www.polycliniqueplus.com\\\/it\\\/?s={search_term_string}\"},\"query-input\":{\"@type\":\"PropertyValueSpecification\",\"valueRequired\":true,\"valueName\":\"search_term_string\"}}],\"inLanguage\":\"it-IT\"},{\"@type\":\"Organization\",\"@id\":\"https:\\\/\\\/www.polycliniqueplus.com\\\/it\\\/#organization\",\"name\":\"Polycliniqueplus chirurgie esthetique Turquie\",\"url\":\"https:\\\/\\\/www.polycliniqueplus.com\\\/it\\\/\",\"logo\":{\"@type\":\"ImageObject\",\"inLanguage\":\"it-IT\",\"@id\":\"https:\\\/\\\/www.polycliniqueplus.com\\\/it\\\/#\\\/schema\\\/logo\\\/image\\\/\",\"url\":\"https:\\\/\\\/www.polycliniqueplus.com\\\/wp-content\\\/uploads\\\/2021\\\/03\\\/cropped-add-box-fill.png\",\"contentUrl\":\"https:\\\/\\\/www.polycliniqueplus.com\\\/wp-content\\\/uploads\\\/2021\\\/03\\\/cropped-add-box-fill.png\",\"width\":512,\"height\":512,\"caption\":\"Polycliniqueplus chirurgie esthetique Turquie\"},\"image\":{\"@id\":\"https:\\\/\\\/www.polycliniqueplus.com\\\/it\\\/#\\\/schema\\\/logo\\\/image\\\/\"},\"sameAs\":[\"https:\\\/\\\/www.facebook.com\\\/polycliniqueplus\",\"https:\\\/\\\/x.com\\\/polyclinique1\",\"https:\\\/\\\/www.youtube.com\\\/channel\\\/UCAnK3TORJqflIuYGFa-JQDw\"]}]}<\/script>\n<!-- \/ Yoast SEO plugin. -->","yoast_head_json":{"title":"Dr. Tolgahan ALPAYDIN Chirurgo Plastico e Ricostruttivo Izmir, Turchia","description":"Il Dr. Tolgahan Alpayd\u0131n \u00e8 un distinto Chirurgo Plastico e Ricostruttivo che apporta oltre 23 anni di vasta esperienza sia in chirurgia estetica che ricostruttiva. Con una formazione completa in tecniche microchirurgiche avanzate, procedure cosmetiche e ricostruzioni complesse, combina precisione chirurgica con un impegno verso l'assistenza centrata sul paziente, fornendo risultati funzionali ed estetici eccezionali.","robots":{"index":"index","follow":"follow","max-snippet":"max-snippet:-1","max-image-preview":"max-image-preview:large","max-video-preview":"max-video-preview:-1"},"canonical":"https:\/\/www.polycliniqueplus.com\/it\/dr-tolgahan-alpaydin\/","og_locale":"it_IT","og_type":"article","og_title":"Dr. Tolgahan ALPAYDIN Chirurgo Plastico e Ricostruttivo Izmir, Turchia","og_description":"Il Dr. Tolgahan Alpayd\u0131n \u00e8 un distinto Chirurgo Plastico e Ricostruttivo che apporta oltre 23 anni di vasta esperienza sia in chirurgia estetica che ricostruttiva. Con una formazione completa in tecniche microchirurgiche avanzate, procedure cosmetiche e ricostruzioni complesse, combina precisione chirurgica con un impegno verso l'assistenza centrata sul paziente, fornendo risultati funzionali ed estetici eccezionali.","og_url":"https:\/\/www.polycliniqueplus.com\/it\/dr-tolgahan-alpaydin\/","og_site_name":"Chirurgie esthetique Turquie : Prix interventions meilleures cliniques Istanbul","article_publisher":"https:\/\/www.facebook.com\/polycliniqueplus","article_modified_time":"2025-11-14T11:08:43+00:00","og_image":[{"width":700,"height":700,"url":"https:\/\/www.polycliniqueplus.com\/wp-content\/uploads\/2025\/11\/Dr-Tolgahan-Alpaydin.jpg","type":"image\/jpeg"}],"twitter_card":"summary_large_image","twitter_site":"@polyclinique1","twitter_misc":{"Tempo di lettura stimato":"2 minuti"},"schema":{"@context":"https:\/\/schema.org","@graph":[{"@type":"WebPage","@id":"https:\/\/www.polycliniqueplus.com\/it\/dr-tolgahan-alpaydin\/","url":"https:\/\/www.polycliniqueplus.com\/it\/dr-tolgahan-alpaydin\/","name":"Dr. Tolgahan ALPAYDIN Chirurgo Plastico e Ricostruttivo Izmir, Turchia","isPartOf":{"@id":"https:\/\/www.polycliniqueplus.com\/it\/#website"},"primaryImageOfPage":{"@id":"https:\/\/www.polycliniqueplus.com\/it\/dr-tolgahan-alpaydin\/#primaryimage"},"image":{"@id":"https:\/\/www.polycliniqueplus.com\/it\/dr-tolgahan-alpaydin\/#primaryimage"},"thumbnailUrl":"https:\/\/www.polycliniqueplus.com\/wp-content\/uploads\/2025\/11\/Dr-Tolgahan-Alpaydin.jpg","datePublished":"2025-11-14T09:01:43+00:00","dateModified":"2025-11-14T11:08:43+00:00","description":"Il Dr. Tolgahan Alpayd\u0131n \u00e8 un distinto Chirurgo Plastico e Ricostruttivo che apporta oltre 23 anni di vasta esperienza sia in chirurgia estetica che ricostruttiva. Con una formazione completa in tecniche microchirurgiche avanzate, procedure cosmetiche e ricostruzioni complesse, combina precisione chirurgica con un impegno verso l'assistenza centrata sul paziente, fornendo risultati funzionali ed estetici eccezionali.","breadcrumb":{"@id":"https:\/\/www.polycliniqueplus.com\/it\/dr-tolgahan-alpaydin\/#breadcrumb"},"inLanguage":"it-IT","potentialAction":[{"@type":"ReadAction","target":["https:\/\/www.polycliniqueplus.com\/it\/dr-tolgahan-alpaydin\/"]}]},{"@type":"ImageObject","inLanguage":"it-IT","@id":"https:\/\/www.polycliniqueplus.com\/it\/dr-tolgahan-alpaydin\/#primaryimage","url":"https:\/\/www.polycliniqueplus.com\/wp-content\/uploads\/2025\/11\/Dr-Tolgahan-Alpaydin.jpg","contentUrl":"https:\/\/www.polycliniqueplus.com\/wp-content\/uploads\/2025\/11\/Dr-Tolgahan-Alpaydin.jpg","width":700,"height":700},{"@type":"BreadcrumbList","@id":"https:\/\/www.polycliniqueplus.com\/it\/dr-tolgahan-alpaydin\/#breadcrumb","itemListElement":[{"@type":"ListItem","position":1,"name":"Accueil","item":"https:\/\/www.polycliniqueplus.com\/it\/"},{"@type":"ListItem","position":2,"name":"Dr. Tolgahan ALPAYDIN Chirurgo Plastico e Ricostruttivo Izmir, Turchia"}]},{"@type":"WebSite","@id":"https:\/\/www.polycliniqueplus.com\/it\/#website","url":"https:\/\/www.polycliniqueplus.com\/it\/","name":"Chirurgie esthetique Turquie : Prix interventions meilleures cliniques Istanbul","description":"Chirurgie esthetique Turquie prix pas cher","publisher":{"@id":"https:\/\/www.polycliniqueplus.com\/it\/#organization"},"potentialAction":[{"@type":"SearchAction","target":{"@type":"EntryPoint","urlTemplate":"https:\/\/www.polycliniqueplus.com\/it\/?s={search_term_string}"},"query-input":{"@type":"PropertyValueSpecification","valueRequired":true,"valueName":"search_term_string"}}],"inLanguage":"it-IT"},{"@type":"Organization","@id":"https:\/\/www.polycliniqueplus.com\/it\/#organization","name":"Polycliniqueplus chirurgie esthetique Turquie","url":"https:\/\/www.polycliniqueplus.com\/it\/","logo":{"@type":"ImageObject","inLanguage":"it-IT","@id":"https:\/\/www.polycliniqueplus.com\/it\/#\/schema\/logo\/image\/","url":"https:\/\/www.polycliniqueplus.com\/wp-content\/uploads\/2021\/03\/cropped-add-box-fill.png","contentUrl":"https:\/\/www.polycliniqueplus.com\/wp-content\/uploads\/2021\/03\/cropped-add-box-fill.png","width":512,"height":512,"caption":"Polycliniqueplus chirurgie esthetique Turquie"},"image":{"@id":"https:\/\/www.polycliniqueplus.com\/it\/#\/schema\/logo\/image\/"},"sameAs":["https:\/\/www.facebook.com\/polycliniqueplus","https:\/\/x.com\/polyclinique1","https:\/\/www.youtube.com\/channel\/UCAnK3TORJqflIuYGFa-JQDw"]}]}},"_links":{"self":[{"href":"https:\/\/www.polycliniqueplus.com\/it\/wp-json\/wp\/v2\/pages\/31629","targetHints":{"allow":["GET"]}}],"collection":[{"href":"https:\/\/www.polycliniqueplus.com\/it\/wp-json\/wp\/v2\/pages"}],"about":[{"href":"https:\/\/www.polycliniqueplus.com\/it\/wp-json\/wp\/v2\/types\/page"}],"author":[{"embeddable":true,"href":"https:\/\/www.polycliniqueplus.com\/it\/wp-json\/wp\/v2\/users\/1"}],"replies":[{"embeddable":true,"href":"https:\/\/www.polycliniqueplus.com\/it\/wp-json\/wp\/v2\/comments?post=31629"}],"version-history":[{"count":8,"href":"https:\/\/www.polycliniqueplus.com\/it\/wp-json\/wp\/v2\/pages\/31629\/revisions"}],"predecessor-version":[{"id":31681,"href":"https:\/\/www.polycliniqueplus.com\/it\/wp-json\/wp\/v2\/pages\/31629\/revisions\/31681"}],"wp:featuredmedia":[{"embeddable":true,"href":"https:\/\/www.polycliniqueplus.com\/it\/wp-json\/wp\/v2\/media\/31591"}],"wp:attachment":[{"href":"https:\/\/www.polycliniqueplus.com\/it\/wp-json\/wp\/v2\/media?parent=31629"}],"curies":[{"name":"wp","href":"https:\/\/api.w.org\/{rel}","templated":true}]}}