{"id":30294,"date":"2021-05-04T15:20:15","date_gmt":"2021-05-04T13:20:15","guid":{"rendered":"https:\/\/www.polycliniqueplus.com\/lifting-bresilien-des-fesses-assiste-par-vaser-turquie\/"},"modified":"2025-05-14T15:44:37","modified_gmt":"2025-05-14T13:44:37","slug":"lifting-brasiliano-dei-glutei-in-turchia","status":"publish","type":"page","link":"https:\/\/www.polycliniqueplus.com\/it\/lifting-brasiliano-dei-glutei-in-turchia\/","title":{"rendered":"Costo del lifting brasiliano dei glutei in Turchia"},"content":{"rendered":"<div data-elementor-type=\"wp-page\" data-elementor-id=\"30294\" class=\"elementor elementor-30294 elementor-6165\" data-elementor-settings=\"{&quot;ha_cmc_init_switcher&quot;:&quot;no&quot;}\">\n\t\t\t\t\t\t<section class=\"elementor-section elementor-top-section elementor-element elementor-element-51a278e elementor-section-boxed elementor-section-height-default elementor-section-height-default\" data-id=\"51a278e\" data-element_type=\"section\" data-settings=\"{&quot;_ha_eqh_enable&quot;:false}\">\n\t\t\t\t\t\t<div class=\"elementor-container elementor-column-gap-default\">\n\t\t\t\t\t<div class=\"elementor-column elementor-col-66 elementor-top-column elementor-element elementor-element-b3a310e\" data-id=\"b3a310e\" data-element_type=\"column\">\n\t\t\t<div class=\"elementor-widget-wrap elementor-element-populated\">\n\t\t\t\t\t\t<div class=\"elementor-element elementor-element-900086e elementor-widget elementor-widget-text-editor\" data-id=\"900086e\" data-element_type=\"widget\" data-widget_type=\"text-editor.default\">\n\t\t\t\t<div class=\"elementor-widget-container\">\n\t\t\t\t\t\t\t<p>L&#8217;aumento dei glutei mediante trasferimento di grasso gluteo assistito da liposuzione vaser ad alta definizione \u00e8 una variante migliorata del lifting brasiliano dei glutei in Turchia, in cui la lipo vaser viene eseguita in aggiunta alla liposuzione tumescente per una liposcultura aggiuntiva che migliora il risultato.<\/p><h2>Procedura di lifting brasiliano dei glutei assistita da lipo vaser<\/h2><p>Il tessuto adiposo trasferito nell&#8217;area dei glutei viene sempre lipoaspirato con la liposuzione tumescente, poich\u00e9 la liposuzione vaser rende il tessuto adiposo recuperato inadatto al trasferimento. Come nel caso del classico lifting del sedere brasiliano, il chirurgo recupera il grasso dalla schiena, dallo stomaco o dalle cosce e lo purifica.<\/p><p>Il grasso purificato viene quindi reiniettato nei glutei, mentre il chirurgo esegue una liposuzione laser ad alta definizione per modellare ulteriormente il corpo.<\/p>\t\t\t\t\t\t<\/div>\n\t\t\t\t<\/div>\n\t\t\t\t\t<\/div>\n\t\t<\/div>\n\t\t\t\t<div class=\"elementor-column elementor-col-33 elementor-top-column elementor-element elementor-element-d27796a\" data-id=\"d27796a\" data-element_type=\"column\">\n\t\t\t<div class=\"elementor-widget-wrap elementor-element-populated\">\n\t\t\t\t\t\t<div class=\"elementor-element elementor-element-2b8a3e4 elementor-widget elementor-widget-image\" data-id=\"2b8a3e4\" data-element_type=\"widget\" data-widget_type=\"image.default\">\n\t\t\t\t<div class=\"elementor-widget-container\">\n\t\t\t\t\t\t\t\t\t\t\t\t\t<noscript><img fetchpriority=\"high\" decoding=\"async\" width=\"574\" height=\"586\" src=\"https:\/\/www.polycliniqueplus.com\/wp-content\/uploads\/2021\/05\/lifting-bresilien-lipo-vaser-turquie.jpg\" class=\"attachment-large size-large wp-image-30295\" alt srcset=\"https:\/\/www.polycliniqueplus.com\/wp-content\/uploads\/2021\/05\/lifting-bresilien-lipo-vaser-turquie.jpg 574w, https:\/\/www.polycliniqueplus.com\/wp-content\/uploads\/2021\/05\/lifting-bresilien-lipo-vaser-turquie-294x300.jpg 294w\" sizes=\"(max-width: 574px) 100vw, 574px\"><\/noscript><img fetchpriority=\"high\" decoding=\"async\" width=\"574\" height=\"586\" src=\"data:image\/svg+xml,%3Csvg%20xmlns%3D%22http%3A%2F%2Fwww.w3.org%2F2000%2Fsvg%22%20viewBox%3D%220%200%20574%20586%22%3E%3C%2Fsvg%3E\" class=\"attachment-large size-large wp-image-30295 lazyload\" alt srcset=\"data:image\/svg+xml,%3Csvg%20xmlns%3D%22http%3A%2F%2Fwww.w3.org%2F2000%2Fsvg%22%20viewBox%3D%220%200%20574%20586%22%3E%3C%2Fsvg%3E 574w\" sizes=\"(max-width: 574px) 100vw, 574px\" data-srcset=\"https:\/\/www.polycliniqueplus.com\/wp-content\/uploads\/2021\/05\/lifting-bresilien-lipo-vaser-turquie.jpg 574w, https:\/\/www.polycliniqueplus.com\/wp-content\/uploads\/2021\/05\/lifting-bresilien-lipo-vaser-turquie-294x300.jpg 294w\" data-src=\"https:\/\/www.polycliniqueplus.com\/wp-content\/uploads\/2021\/05\/lifting-bresilien-lipo-vaser-turquie.jpg\">\t\t\t\t\t\t\t\t\t\t\t\t\t<\/div>\n\t\t\t\t<\/div>\n\t\t\t\t\t<\/div>\n\t\t<\/div>\n\t\t\t\t\t<\/div>\n\t\t<\/section>\n\t\t\t\t<section class=\"elementor-section elementor-top-section elementor-element elementor-element-fc3f2ae elementor-section-boxed elementor-section-height-default elementor-section-height-default\" data-id=\"fc3f2ae\" data-element_type=\"section\" data-settings=\"{&quot;_ha_eqh_enable&quot;:false}\">\n\t\t\t\t\t\t<div class=\"elementor-container elementor-column-gap-default\">\n\t\t\t\t\t<div class=\"elementor-column elementor-col-100 elementor-top-column elementor-element elementor-element-f8b61cc\" data-id=\"f8b61cc\" data-element_type=\"column\">\n\t\t\t<div class=\"elementor-widget-wrap elementor-element-populated\">\n\t\t\t\t\t\t<div class=\"elementor-element elementor-element-d456a8d elementor-widget elementor-widget-text-editor\" data-id=\"d456a8d\" data-element_type=\"widget\" data-widget_type=\"text-editor.default\">\n\t\t\t\t<div class=\"elementor-widget-container\">\n\t\t\t\t\t\t\t<p>La quantit\u00e0 media di grasso necessaria per ogni gluteo \u00e8 di circa 250-350 centimetri cubici (cc) di grasso puro. Quindi, per entrambi i lati, sono necessari circa 700 cc di grasso.<\/p><p>Le donne che non hanno molto grasso corporeo saranno indirizzate all&#8217;aumento dei glutei con protesi glutee.<\/p><p>Dopo la guarigione, la sensazione dei glutei aumentati \u00e8 molto naturale e assomiglia ai propri glutei. Inoltre, l&#8217;innesto di grasso provoca un disagio minimo.<\/p><p>Per l&#8217;aumento dei glutei, il metodo di stratificazione crea un gluteo liscio e pi\u00f9 arrotondato, senza irregolarit\u00e0 che si intravedono attraverso la pelle.<\/p>\t\t\t\t\t\t<\/div>\n\t\t\t\t<\/div>\n\t\t\t\t\t<\/div>\n\t\t<\/div>\n\t\t\t\t\t<\/div>\n\t\t<\/section>\n\t\t\t\t<section class=\"elementor-section elementor-top-section elementor-element elementor-element-d252317 elementor-section-boxed elementor-section-height-default elementor-section-height-default\" data-id=\"d252317\" data-element_type=\"section\" data-settings=\"{&quot;_ha_eqh_enable&quot;:false}\">\n\t\t\t\t\t\t<div class=\"elementor-container elementor-column-gap-default\">\n\t\t\t\t\t<div class=\"elementor-column elementor-col-100 elementor-top-column elementor-element elementor-element-5131667\" data-id=\"5131667\" data-element_type=\"column\">\n\t\t\t<div class=\"elementor-widget-wrap elementor-element-populated\">\n\t\t\t\t\t\t<div class=\"elementor-element elementor-element-34e5594 elementor-widget elementor-widget-text-editor\" data-id=\"34e5594\" data-element_type=\"widget\" data-widget_type=\"text-editor.default\">\n\t\t\t\t<div class=\"elementor-widget-container\">\n\t\t\t\t\t\t\t<h2>Candidato ideale per il trasferimento del grasso dei glutei<\/h2><p>In generale, se una paziente \u00e8 in sovrappeso, \u00e8 probabilmente la migliore candidata al trasferimento ed eventualmente alla liposuzione vaser. Le pazienti magre che indossano abiti di taglia 2-4 non sono in genere buone candidate per il trasferimento di grasso, poich\u00e9 non hanno grasso da risparmiare.<\/p>\t\t\t\t\t\t<\/div>\n\t\t\t\t<\/div>\n\t\t\t\t<div class=\"elementor-element elementor-element-4c4cde1 elementor-align-center elementor-button-success elementor-widget elementor-widget-button\" data-id=\"4c4cde1\" data-element_type=\"widget\" data-widget_type=\"button.default\">\n\t\t\t\t<div class=\"elementor-widget-container\">\n\t\t\t\t\t<div class=\"elementor-button-wrapper\">\n\t\t\t<a class=\"elementor-button elementor-button-link elementor-size-sm\" href=\"https:\/\/api.whatsapp.com\/send?phone=+33635235712&#038;&#038;text=Salve,%20vorrei%20conoscere%20il%20vostro%20lavoro%20e%20i%20vostri%20prezzi!\">\n\t\t\t\t\t\t<span class=\"elementor-button-content-wrapper\">\n\t\t\t\t\t\t<span class=\"elementor-button-icon\">\n\t\t\t\t<svg width=\"256\" height=\"256\" viewBox=\"0 0 256 256\" xml:space=\"preserve\" xmlns:xlink=\"http:\/\/www.w3.org\/1999\/xlink\"><g style=\"stroke: none; stroke-width: 0; stroke-dasharray: none; stroke-linecap: butt; stroke-linejoin: miter; stroke-miterlimit: 10; fill: none; fill-rule: nonzero; opacity: 1;\" transform=\"translate(1.4065934065934016 1.4065934065934016) scale(2.81 2.81)\">\t<circle cx=\"45\" cy=\"45\" r=\"45\" style=\"stroke: none; stroke-width: 1; stroke-dasharray: none; stroke-linecap: butt; stroke-linejoin: miter; stroke-miterlimit: 10; fill: rgb(42,181,64); fill-rule: nonzero; opacity: 1;\" transform=\"  matrix(1 0 0 1 0 0) \" \/>\t<path d=\"M 16.138 44.738 c -0.002 5.106 1.332 10.091 3.869 14.485 l -4.112 15.013 l 15.365 -4.029 c 4.233 2.309 8.999 3.525 13.85 3.527 h 0.012 c 15.973 0 28.976 -12.999 28.983 -28.974 c 0.003 -7.742 -3.01 -15.022 -8.481 -20.498 c -5.472 -5.476 -12.749 -8.494 -20.502 -8.497 C 29.146 15.765 16.145 28.762 16.138 44.738 M 25.288 58.466 l -0.574 -0.911 c -2.412 -3.834 -3.685 -8.266 -3.683 -12.816 c 0.005 -13.278 10.811 -24.081 24.099 -24.081 c 6.435 0.003 12.482 2.511 17.031 7.062 c 4.548 4.552 7.051 10.603 7.05 17.037 C 69.205 58.036 58.399 68.84 45.121 68.84 h -0.009 c -4.323 -0.003 -8.563 -1.163 -12.261 -3.357 l -0.88 -0.522 l -9.118 2.391 L 25.288 58.466 z M 45.122 73.734 L 45.122 73.734 L 45.122 73.734 C 45.122 73.734 45.121 73.734 45.122 73.734\" style=\"stroke: none; stroke-width: 1; stroke-dasharray: none; stroke-linecap: butt; stroke-linejoin: miter; stroke-miterlimit: 10; fill: rgb(255,255,255); fill-rule: nonzero; opacity: 1;\" transform=\" matrix(1 0 0 1 0 0) \" stroke-linecap=\"round\" \/>\t<path d=\"M 37.878 32.624 c -0.543 -1.206 -1.113 -1.23 -1.63 -1.251 c -0.422 -0.018 -0.905 -0.017 -1.388 -0.017 c -0.483 0 -1.268 0.181 -1.931 0.906 c -0.664 0.725 -2.535 2.477 -2.535 6.039 c 0 3.563 2.595 7.006 2.957 7.49 c 0.362 0.483 5.01 8.028 12.37 10.931 c 6.118 2.412 7.362 1.933 8.69 1.812 c 1.328 -0.121 4.285 -1.751 4.888 -3.442 c 0.604 -1.691 0.604 -3.14 0.423 -3.443 c -0.181 -0.302 -0.664 -0.483 -1.388 -0.845 c -0.724 -0.362 -4.285 -2.114 -4.948 -2.356 c -0.664 -0.241 -1.147 -0.362 -1.63 0.363 c -0.483 0.724 -1.87 2.355 -2.292 2.838 c -0.422 0.484 -0.845 0.544 -1.569 0.182 c -0.724 -0.363 -3.057 -1.127 -5.824 -3.594 c -2.153 -1.92 -3.606 -4.29 -4.029 -5.015 c -0.422 -0.724 -0.045 -1.116 0.318 -1.477 c 0.325 -0.324 0.724 -0.846 1.087 -1.268 c 0.361 -0.423 0.482 -0.725 0.723 -1.208 c 0.242 -0.483 0.121 -0.906 -0.06 -1.269 C 39.929 37.637 38.522 34.056 37.878 32.624\" style=\"stroke: none; stroke-width: 1; stroke-dasharray: none; stroke-linecap: butt; stroke-linejoin: miter; stroke-miterlimit: 10; fill: rgb(255,255,255); fill-rule: nonzero; opacity: 1;\" transform=\" matrix(1 0 0 1 0 0) \" stroke-linecap=\"round\" \/><\/g><\/svg>\t\t\t<\/span>\n\t\t\t\t\t\t\t\t\t<span class=\"elementor-button-text\">PREVENTIO GRATUITO<\/span>\n\t\t\t\t\t<\/span>\n\t\t\t\t\t<\/a>\n\t\t<\/div>\n\t\t\t\t<\/div>\n\t\t\t\t<\/div>\n\t\t\t\t<div class=\"elementor-element elementor-element-42ec38f elementor-widget elementor-widget-text-editor\" data-id=\"42ec38f\" data-element_type=\"widget\" data-widget_type=\"text-editor.default\">\n\t\t\t\t<div class=\"elementor-widget-container\">\n\t\t\t\t\t\t\t<h2>Vantaggi del trasferimento del grasso dei glutei con lipo vaser<\/h2><p>Trattandosi di una procedura chirurgica, il tempo di inattivit\u00e0 \u00e8 limitato. \u00c8 possibile tornare al lavoro in circa 2 o 3 settimane.<br>Il grasso iniettato nei glutei \u00e8 il vostro stesso grasso, quindi il rischio di infezione \u00e8 minore.<br>A differenza delle protesi, il grasso \u00e8 una sostanza ideale per l&#8217;aumento dei glutei perch\u00e9 proviene dal vostro stesso corpo.<\/p><p>La liposuzione e l&#8217;iniezione di grasso vengono eseguite attraverso incisioni molto piccole, per cui non rimarranno cicatrici. Il grasso viene inoltre inserito con cura in diversi strati di grasso, in modo da ottenere un aspetto uniforme e naturale, esattamente come se si trattasse del vostro grasso gluteo (perch\u00e9 lo \u00e8!). L&#8217;ultimo grande vantaggio del lifting del sedere brasiliano \u00e8 che, non essendo previste protesi, non vi \u00e8 alcun rischio di migrazione o spostamento.<\/p><p>Il grasso rimosso dalle aree grasse del corpo, come il girovita e le cosce, far\u00e0 risaltare ancora di pi\u00f9 i vostri nuovi glutei.<\/p>\t\t\t\t\t\t<\/div>\n\t\t\t\t<\/div>\n\t\t\t\t\t<\/div>\n\t\t<\/div>\n\t\t\t\t\t<\/div>\n\t\t<\/section>\n\t\t\t\t<\/div>\n\t\t","protected":false},"excerpt":{"rendered":"<p>L&#8217;aumento dei glutei mediante trasferimento di grasso gluteo assistito da liposuzione vaser ad alta definizione \u00e8 una variante migliorata del lifting brasiliano dei glutei in Turchia, in cui la lipo vaser viene eseguita in aggiunta alla liposuzione tumescente per una liposcultura aggiuntiva che migliora il risultato. Procedura di lifting brasiliano dei glutei assistita da lipo [&hellip;]<\/p>\n","protected":false},"author":1,"featured_media":30295,"parent":0,"menu_order":0,"comment_status":"closed","ping_status":"closed","template":"","meta":{"footnotes":""},"class_list":["post-30294","page","type-page","status-publish","has-post-thumbnail","hentry"],"yoast_head":"<!-- This site is optimized with the Yoast SEO plugin v27.3 - https:\/\/yoast.com\/product\/yoast-seo-wordpress\/ -->\n<title>Lifting brasiliano assistito da lipo vaser Turchia prezzo economico<\/title>\n<meta name=\"description\" content=\"L&#039;aumento dei glutei mediante trasferimento di grasso gluteo assistito da liposuzione vaser ad alta definizione \u00e8 una variante migliorata del lifting brasiliano dei glutei in Turchia.\" \/>\n<meta name=\"robots\" content=\"index, follow, max-snippet:-1, max-image-preview:large, max-video-preview:-1\" \/>\n<link rel=\"canonical\" href=\"https:\/\/www.polycliniqueplus.com\/it\/lifting-brasiliano-dei-glutei-in-turchia\/\" \/>\n<meta property=\"og:locale\" content=\"it_IT\" \/>\n<meta property=\"og:type\" content=\"article\" \/>\n<meta property=\"og:title\" content=\"Lifting brasiliano assistito da lipo vaser Turchia prezzo economico\" \/>\n<meta property=\"og:description\" content=\"L&#039;aumento dei glutei mediante trasferimento di grasso gluteo assistito da liposuzione vaser ad alta definizione \u00e8 una variante migliorata del lifting brasiliano dei glutei in Turchia.\" \/>\n<meta property=\"og:url\" content=\"https:\/\/www.polycliniqueplus.com\/it\/lifting-brasiliano-dei-glutei-in-turchia\/\" \/>\n<meta property=\"og:site_name\" content=\"Chirurgie esthetique Turquie : Prix interventions meilleures cliniques Istanbul\" \/>\n<meta property=\"article:publisher\" content=\"https:\/\/www.facebook.com\/polycliniqueplus\" \/>\n<meta property=\"article:modified_time\" content=\"2025-05-14T13:44:37+00:00\" \/>\n<meta property=\"og:image\" content=\"https:\/\/www.polycliniqueplus.com\/wp-content\/uploads\/2021\/05\/lifting-bresilien-lipo-vaser-turquie.jpg\" \/>\n\t<meta property=\"og:image:width\" content=\"574\" \/>\n\t<meta property=\"og:image:height\" content=\"586\" \/>\n\t<meta property=\"og:image:type\" content=\"image\/jpeg\" \/>\n<meta name=\"twitter:card\" content=\"summary_large_image\" \/>\n<meta name=\"twitter:site\" content=\"@polyclinique1\" \/>\n<meta name=\"twitter:label1\" content=\"Tempo di lettura stimato\" \/>\n\t<meta name=\"twitter:data1\" content=\"3 minuti\" \/>\n<script type=\"application\/ld+json\" class=\"yoast-schema-graph\">{\"@context\":\"https:\\\/\\\/schema.org\",\"@graph\":[{\"@type\":\"WebPage\",\"@id\":\"https:\\\/\\\/www.polycliniqueplus.com\\\/it\\\/lifting-brasiliano-dei-glutei-in-turchia\\\/\",\"url\":\"https:\\\/\\\/www.polycliniqueplus.com\\\/it\\\/lifting-brasiliano-dei-glutei-in-turchia\\\/\",\"name\":\"Lifting brasiliano assistito da lipo vaser Turchia prezzo economico\",\"isPartOf\":{\"@id\":\"https:\\\/\\\/www.polycliniqueplus.com\\\/it\\\/#website\"},\"primaryImageOfPage\":{\"@id\":\"https:\\\/\\\/www.polycliniqueplus.com\\\/it\\\/lifting-brasiliano-dei-glutei-in-turchia\\\/#primaryimage\"},\"image\":{\"@id\":\"https:\\\/\\\/www.polycliniqueplus.com\\\/it\\\/lifting-brasiliano-dei-glutei-in-turchia\\\/#primaryimage\"},\"thumbnailUrl\":\"https:\\\/\\\/www.polycliniqueplus.com\\\/wp-content\\\/uploads\\\/2021\\\/05\\\/lifting-bresilien-lipo-vaser-turquie.jpg\",\"datePublished\":\"2021-05-04T13:20:15+00:00\",\"dateModified\":\"2025-05-14T13:44:37+00:00\",\"description\":\"L'aumento dei glutei mediante trasferimento di grasso gluteo assistito da liposuzione vaser ad alta definizione \u00e8 una variante migliorata del lifting brasiliano dei glutei in Turchia.\",\"breadcrumb\":{\"@id\":\"https:\\\/\\\/www.polycliniqueplus.com\\\/it\\\/lifting-brasiliano-dei-glutei-in-turchia\\\/#breadcrumb\"},\"inLanguage\":\"it-IT\",\"potentialAction\":[{\"@type\":\"ReadAction\",\"target\":[\"https:\\\/\\\/www.polycliniqueplus.com\\\/it\\\/lifting-brasiliano-dei-glutei-in-turchia\\\/\"]}]},{\"@type\":\"ImageObject\",\"inLanguage\":\"it-IT\",\"@id\":\"https:\\\/\\\/www.polycliniqueplus.com\\\/it\\\/lifting-brasiliano-dei-glutei-in-turchia\\\/#primaryimage\",\"url\":\"https:\\\/\\\/www.polycliniqueplus.com\\\/wp-content\\\/uploads\\\/2021\\\/05\\\/lifting-bresilien-lipo-vaser-turquie.jpg\",\"contentUrl\":\"https:\\\/\\\/www.polycliniqueplus.com\\\/wp-content\\\/uploads\\\/2021\\\/05\\\/lifting-bresilien-lipo-vaser-turquie.jpg\",\"width\":574,\"height\":586,\"caption\":\"lifting-bresilien-lipo-vaser-turquie\"},{\"@type\":\"BreadcrumbList\",\"@id\":\"https:\\\/\\\/www.polycliniqueplus.com\\\/it\\\/lifting-brasiliano-dei-glutei-in-turchia\\\/#breadcrumb\",\"itemListElement\":[{\"@type\":\"ListItem\",\"position\":1,\"name\":\"Accueil\",\"item\":\"https:\\\/\\\/www.polycliniqueplus.com\\\/it\\\/\"},{\"@type\":\"ListItem\",\"position\":2,\"name\":\"Costo del lifting brasiliano dei glutei in Turchia\"}]},{\"@type\":\"WebSite\",\"@id\":\"https:\\\/\\\/www.polycliniqueplus.com\\\/it\\\/#website\",\"url\":\"https:\\\/\\\/www.polycliniqueplus.com\\\/it\\\/\",\"name\":\"Chirurgie esthetique Turquie : Prix interventions meilleures cliniques Istanbul\",\"description\":\"Chirurgie esthetique Turquie prix pas cher\",\"publisher\":{\"@id\":\"https:\\\/\\\/www.polycliniqueplus.com\\\/it\\\/#organization\"},\"potentialAction\":[{\"@type\":\"SearchAction\",\"target\":{\"@type\":\"EntryPoint\",\"urlTemplate\":\"https:\\\/\\\/www.polycliniqueplus.com\\\/it\\\/?s={search_term_string}\"},\"query-input\":{\"@type\":\"PropertyValueSpecification\",\"valueRequired\":true,\"valueName\":\"search_term_string\"}}],\"inLanguage\":\"it-IT\"},{\"@type\":\"Organization\",\"@id\":\"https:\\\/\\\/www.polycliniqueplus.com\\\/it\\\/#organization\",\"name\":\"Polycliniqueplus chirurgie esthetique Turquie\",\"url\":\"https:\\\/\\\/www.polycliniqueplus.com\\\/it\\\/\",\"logo\":{\"@type\":\"ImageObject\",\"inLanguage\":\"it-IT\",\"@id\":\"https:\\\/\\\/www.polycliniqueplus.com\\\/it\\\/#\\\/schema\\\/logo\\\/image\\\/\",\"url\":\"https:\\\/\\\/www.polycliniqueplus.com\\\/wp-content\\\/uploads\\\/2021\\\/03\\\/cropped-add-box-fill.png\",\"contentUrl\":\"https:\\\/\\\/www.polycliniqueplus.com\\\/wp-content\\\/uploads\\\/2021\\\/03\\\/cropped-add-box-fill.png\",\"width\":512,\"height\":512,\"caption\":\"Polycliniqueplus chirurgie esthetique Turquie\"},\"image\":{\"@id\":\"https:\\\/\\\/www.polycliniqueplus.com\\\/it\\\/#\\\/schema\\\/logo\\\/image\\\/\"},\"sameAs\":[\"https:\\\/\\\/www.facebook.com\\\/polycliniqueplus\",\"https:\\\/\\\/x.com\\\/polyclinique1\",\"https:\\\/\\\/www.youtube.com\\\/channel\\\/UCAnK3TORJqflIuYGFa-JQDw\"]}]}<\/script>\n<!-- \/ Yoast SEO plugin. -->","yoast_head_json":{"title":"Lifting brasiliano assistito da lipo vaser Turchia prezzo economico","description":"L'aumento dei glutei mediante trasferimento di grasso gluteo assistito da liposuzione vaser ad alta definizione \u00e8 una variante migliorata del lifting brasiliano dei glutei in Turchia.","robots":{"index":"index","follow":"follow","max-snippet":"max-snippet:-1","max-image-preview":"max-image-preview:large","max-video-preview":"max-video-preview:-1"},"canonical":"https:\/\/www.polycliniqueplus.com\/it\/lifting-brasiliano-dei-glutei-in-turchia\/","og_locale":"it_IT","og_type":"article","og_title":"Lifting brasiliano assistito da lipo vaser Turchia prezzo economico","og_description":"L'aumento dei glutei mediante trasferimento di grasso gluteo assistito da liposuzione vaser ad alta definizione \u00e8 una variante migliorata del lifting brasiliano dei glutei in Turchia.","og_url":"https:\/\/www.polycliniqueplus.com\/it\/lifting-brasiliano-dei-glutei-in-turchia\/","og_site_name":"Chirurgie esthetique Turquie : Prix interventions meilleures cliniques Istanbul","article_publisher":"https:\/\/www.facebook.com\/polycliniqueplus","article_modified_time":"2025-05-14T13:44:37+00:00","og_image":[{"width":574,"height":586,"url":"https:\/\/www.polycliniqueplus.com\/wp-content\/uploads\/2021\/05\/lifting-bresilien-lipo-vaser-turquie.jpg","type":"image\/jpeg"}],"twitter_card":"summary_large_image","twitter_site":"@polyclinique1","twitter_misc":{"Tempo di lettura stimato":"3 minuti"},"schema":{"@context":"https:\/\/schema.org","@graph":[{"@type":"WebPage","@id":"https:\/\/www.polycliniqueplus.com\/it\/lifting-brasiliano-dei-glutei-in-turchia\/","url":"https:\/\/www.polycliniqueplus.com\/it\/lifting-brasiliano-dei-glutei-in-turchia\/","name":"Lifting brasiliano assistito da lipo vaser Turchia prezzo economico","isPartOf":{"@id":"https:\/\/www.polycliniqueplus.com\/it\/#website"},"primaryImageOfPage":{"@id":"https:\/\/www.polycliniqueplus.com\/it\/lifting-brasiliano-dei-glutei-in-turchia\/#primaryimage"},"image":{"@id":"https:\/\/www.polycliniqueplus.com\/it\/lifting-brasiliano-dei-glutei-in-turchia\/#primaryimage"},"thumbnailUrl":"https:\/\/www.polycliniqueplus.com\/wp-content\/uploads\/2021\/05\/lifting-bresilien-lipo-vaser-turquie.jpg","datePublished":"2021-05-04T13:20:15+00:00","dateModified":"2025-05-14T13:44:37+00:00","description":"L'aumento dei glutei mediante trasferimento di grasso gluteo assistito da liposuzione vaser ad alta definizione \u00e8 una variante migliorata del lifting brasiliano dei glutei in Turchia.","breadcrumb":{"@id":"https:\/\/www.polycliniqueplus.com\/it\/lifting-brasiliano-dei-glutei-in-turchia\/#breadcrumb"},"inLanguage":"it-IT","potentialAction":[{"@type":"ReadAction","target":["https:\/\/www.polycliniqueplus.com\/it\/lifting-brasiliano-dei-glutei-in-turchia\/"]}]},{"@type":"ImageObject","inLanguage":"it-IT","@id":"https:\/\/www.polycliniqueplus.com\/it\/lifting-brasiliano-dei-glutei-in-turchia\/#primaryimage","url":"https:\/\/www.polycliniqueplus.com\/wp-content\/uploads\/2021\/05\/lifting-bresilien-lipo-vaser-turquie.jpg","contentUrl":"https:\/\/www.polycliniqueplus.com\/wp-content\/uploads\/2021\/05\/lifting-bresilien-lipo-vaser-turquie.jpg","width":574,"height":586,"caption":"lifting-bresilien-lipo-vaser-turquie"},{"@type":"BreadcrumbList","@id":"https:\/\/www.polycliniqueplus.com\/it\/lifting-brasiliano-dei-glutei-in-turchia\/#breadcrumb","itemListElement":[{"@type":"ListItem","position":1,"name":"Accueil","item":"https:\/\/www.polycliniqueplus.com\/it\/"},{"@type":"ListItem","position":2,"name":"Costo del lifting brasiliano dei glutei in Turchia"}]},{"@type":"WebSite","@id":"https:\/\/www.polycliniqueplus.com\/it\/#website","url":"https:\/\/www.polycliniqueplus.com\/it\/","name":"Chirurgie esthetique Turquie : Prix interventions meilleures cliniques Istanbul","description":"Chirurgie esthetique Turquie prix pas cher","publisher":{"@id":"https:\/\/www.polycliniqueplus.com\/it\/#organization"},"potentialAction":[{"@type":"SearchAction","target":{"@type":"EntryPoint","urlTemplate":"https:\/\/www.polycliniqueplus.com\/it\/?s={search_term_string}"},"query-input":{"@type":"PropertyValueSpecification","valueRequired":true,"valueName":"search_term_string"}}],"inLanguage":"it-IT"},{"@type":"Organization","@id":"https:\/\/www.polycliniqueplus.com\/it\/#organization","name":"Polycliniqueplus chirurgie esthetique Turquie","url":"https:\/\/www.polycliniqueplus.com\/it\/","logo":{"@type":"ImageObject","inLanguage":"it-IT","@id":"https:\/\/www.polycliniqueplus.com\/it\/#\/schema\/logo\/image\/","url":"https:\/\/www.polycliniqueplus.com\/wp-content\/uploads\/2021\/03\/cropped-add-box-fill.png","contentUrl":"https:\/\/www.polycliniqueplus.com\/wp-content\/uploads\/2021\/03\/cropped-add-box-fill.png","width":512,"height":512,"caption":"Polycliniqueplus chirurgie esthetique Turquie"},"image":{"@id":"https:\/\/www.polycliniqueplus.com\/it\/#\/schema\/logo\/image\/"},"sameAs":["https:\/\/www.facebook.com\/polycliniqueplus","https:\/\/x.com\/polyclinique1","https:\/\/www.youtube.com\/channel\/UCAnK3TORJqflIuYGFa-JQDw"]}]}},"_links":{"self":[{"href":"https:\/\/www.polycliniqueplus.com\/it\/wp-json\/wp\/v2\/pages\/30294","targetHints":{"allow":["GET"]}}],"collection":[{"href":"https:\/\/www.polycliniqueplus.com\/it\/wp-json\/wp\/v2\/pages"}],"about":[{"href":"https:\/\/www.polycliniqueplus.com\/it\/wp-json\/wp\/v2\/types\/page"}],"author":[{"embeddable":true,"href":"https:\/\/www.polycliniqueplus.com\/it\/wp-json\/wp\/v2\/users\/1"}],"replies":[{"embeddable":true,"href":"https:\/\/www.polycliniqueplus.com\/it\/wp-json\/wp\/v2\/comments?post=30294"}],"version-history":[{"count":7,"href":"https:\/\/www.polycliniqueplus.com\/it\/wp-json\/wp\/v2\/pages\/30294\/revisions"}],"predecessor-version":[{"id":30303,"href":"https:\/\/www.polycliniqueplus.com\/it\/wp-json\/wp\/v2\/pages\/30294\/revisions\/30303"}],"wp:featuredmedia":[{"embeddable":true,"href":"https:\/\/www.polycliniqueplus.com\/it\/wp-json\/wp\/v2\/media\/30295"}],"wp:attachment":[{"href":"https:\/\/www.polycliniqueplus.com\/it\/wp-json\/wp\/v2\/media?parent=30294"}],"curies":[{"name":"wp","href":"https:\/\/api.w.org\/{rel}","templated":true}]}}