{"id":30206,"date":"2021-04-29T15:27:22","date_gmt":"2021-04-29T13:27:22","guid":{"rendered":"https:\/\/www.polycliniqueplus.com\/liposuccion-ventre-turquie-avis\/"},"modified":"2025-05-14T12:55:02","modified_gmt":"2025-05-14T10:55:02","slug":"opinione-sulla-liposuzione-della-pancia-in-turchia","status":"publish","type":"page","link":"https:\/\/www.polycliniqueplus.com\/it\/opinione-sulla-liposuzione-della-pancia-in-turchia\/","title":{"rendered":"Opinione sulla liposuzione della pancia in Turchia: testimonianze sull&#8217;intervento di addominoplastica piatta"},"content":{"rendered":"<div data-elementor-type=\"wp-page\" data-elementor-id=\"30206\" class=\"elementor elementor-30206 elementor-6138\" data-elementor-settings=\"{&quot;ha_cmc_init_switcher&quot;:&quot;no&quot;}\">\n\t\t\t\t\t\t<section class=\"elementor-section elementor-top-section elementor-element elementor-element-9950271 elementor-section-content-middle elementor-section-boxed elementor-section-height-default elementor-section-height-default\" data-id=\"9950271\" data-element_type=\"section\" data-settings=\"{&quot;_ha_eqh_enable&quot;:false}\">\n\t\t\t\t\t\t<div class=\"elementor-container elementor-column-gap-default\">\n\t\t\t\t\t<div class=\"elementor-column elementor-col-66 elementor-top-column elementor-element elementor-element-97c2c91\" data-id=\"97c2c91\" data-element_type=\"column\">\n\t\t\t<div class=\"elementor-widget-wrap elementor-element-populated\">\n\t\t\t\t\t\t<div class=\"elementor-element elementor-element-ac45ddc elementor-widget elementor-widget-text-editor\" data-id=\"ac45ddc\" data-element_type=\"widget\" data-widget_type=\"text-editor.default\">\n\t\t\t\t<div class=\"elementor-widget-container\">\n\t\t\t\t\t\t\t<p>I nostri pazienti, che vengono da lontano per sottoporsi alla liposuzione addominale in Turchia o a qualsiasi altro intervento di chirurgia estetica per mano dei nostri chirurghi altamente qualificati, sono unanimi.<\/p><p>Siamo felici di condividere con voi le loro esperienze e le loro storie, in modo che possiate ottenere ulteriori informazioni e conoscere meglio POLICLINIQUEPLUS.<\/p><p>Ci auguriamo che queste testimonianze e recensioni dei pazienti vi siano utili per prendere una decisione cos\u00ec importante.<\/p>\t\t\t\t\t\t<\/div>\n\t\t\t\t<\/div>\n\t\t\t\t\t<\/div>\n\t\t<\/div>\n\t\t\t\t<div class=\"elementor-column elementor-col-33 elementor-top-column elementor-element elementor-element-b16bef2\" data-id=\"b16bef2\" data-element_type=\"column\">\n\t\t\t<div class=\"elementor-widget-wrap elementor-element-populated\">\n\t\t\t\t\t\t<div class=\"elementor-element elementor-element-13695f4 elementor-widget elementor-widget-image\" data-id=\"13695f4\" data-element_type=\"widget\" data-widget_type=\"image.default\">\n\t\t\t\t<div class=\"elementor-widget-container\">\n\t\t\t\t\t\t\t\t\t\t\t\t\t<noscript><img fetchpriority=\"high\" decoding=\"async\" width=\"574\" height=\"586\" src=\"https:\/\/www.polycliniqueplus.com\/wp-content\/uploads\/2021\/04\/liposuccion-ventre-turquie-avis.jpg\" class=\"attachment-large size-large wp-image-30207\" alt srcset=\"https:\/\/www.polycliniqueplus.com\/wp-content\/uploads\/2021\/04\/liposuccion-ventre-turquie-avis.jpg 574w, https:\/\/www.polycliniqueplus.com\/wp-content\/uploads\/2021\/04\/liposuccion-ventre-turquie-avis-294x300.jpg 294w\" sizes=\"(max-width: 574px) 100vw, 574px\"><\/noscript><img fetchpriority=\"high\" decoding=\"async\" width=\"574\" height=\"586\" src=\"data:image\/svg+xml,%3Csvg%20xmlns%3D%22http%3A%2F%2Fwww.w3.org%2F2000%2Fsvg%22%20viewBox%3D%220%200%20574%20586%22%3E%3C%2Fsvg%3E\" class=\"attachment-large size-large wp-image-30207 lazyload\" alt srcset=\"data:image\/svg+xml,%3Csvg%20xmlns%3D%22http%3A%2F%2Fwww.w3.org%2F2000%2Fsvg%22%20viewBox%3D%220%200%20574%20586%22%3E%3C%2Fsvg%3E 574w\" sizes=\"(max-width: 574px) 100vw, 574px\" data-srcset=\"https:\/\/www.polycliniqueplus.com\/wp-content\/uploads\/2021\/04\/liposuccion-ventre-turquie-avis.jpg 574w, https:\/\/www.polycliniqueplus.com\/wp-content\/uploads\/2021\/04\/liposuccion-ventre-turquie-avis-294x300.jpg 294w\" data-src=\"https:\/\/www.polycliniqueplus.com\/wp-content\/uploads\/2021\/04\/liposuccion-ventre-turquie-avis.jpg\">\t\t\t\t\t\t\t\t\t\t\t\t\t<\/div>\n\t\t\t\t<\/div>\n\t\t\t\t\t<\/div>\n\t\t<\/div>\n\t\t\t\t\t<\/div>\n\t\t<\/section>\n\t\t\t\t<section class=\"elementor-section elementor-top-section elementor-element elementor-element-1d5371b elementor-section-boxed elementor-section-height-default elementor-section-height-default\" data-id=\"1d5371b\" data-element_type=\"section\" data-settings=\"{&quot;_ha_eqh_enable&quot;:false}\">\n\t\t\t\t\t\t<div class=\"elementor-container elementor-column-gap-default\">\n\t\t\t\t\t<div class=\"elementor-column elementor-col-100 elementor-top-column elementor-element elementor-element-310747b\" data-id=\"310747b\" data-element_type=\"column\">\n\t\t\t<div class=\"elementor-widget-wrap elementor-element-populated\">\n\t\t\t\t\t\t<div class=\"elementor-element elementor-element-d9580fc elementor-button-success elementor-align-center elementor-widget elementor-widget-button\" data-id=\"d9580fc\" data-element_type=\"widget\" data-widget_type=\"button.default\">\n\t\t\t\t<div class=\"elementor-widget-container\">\n\t\t\t\t\t<div class=\"elementor-button-wrapper\">\n\t\t\t<a class=\"elementor-button elementor-button-link elementor-size-sm\" href=\"https:\/\/api.whatsapp.com\/send?phone=+33635235712&#038;&#038;text=Salve,%20vorrei%20conoscere%20il%20vostro%20lavoro%20e%20i%20vostri%20prezzi!\">\n\t\t\t\t\t\t<span class=\"elementor-button-content-wrapper\">\n\t\t\t\t\t\t\t\t\t<span class=\"elementor-button-text\">Preventivo gratuito<\/span>\n\t\t\t\t\t<\/span>\n\t\t\t\t\t<\/a>\n\t\t<\/div>\n\t\t\t\t<\/div>\n\t\t\t\t<\/div>\n\t\t\t\t\t<\/div>\n\t\t<\/div>\n\t\t\t\t\t<\/div>\n\t\t<\/section>\n\t\t\t\t<section class=\"elementor-section elementor-top-section elementor-element elementor-element-2990cd7 elementor-section-boxed elementor-section-height-default elementor-section-height-default\" data-id=\"2990cd7\" data-element_type=\"section\" data-settings=\"{&quot;background_background&quot;:&quot;classic&quot;,&quot;_ha_eqh_enable&quot;:false}\">\n\t\t\t\t\t\t<div class=\"elementor-container elementor-column-gap-default\">\n\t\t\t\t\t<div class=\"elementor-column elementor-col-100 elementor-top-column elementor-element elementor-element-2883623\" data-id=\"2883623\" data-element_type=\"column\">\n\t\t\t<div class=\"elementor-widget-wrap elementor-element-populated\">\n\t\t\t\t\t\t<div class=\"elementor-element elementor-element-18db4c8 elementor-widget elementor-widget-text-editor\" data-id=\"18db4c8\" data-element_type=\"widget\" data-widget_type=\"text-editor.default\">\n\t\t\t\t<div class=\"elementor-widget-container\">\n\t\t\t\t\t\t\t<p><strong>Marie &#8211; Francia<\/strong>: I risultati della mia addominoplastica in Turchia sono migliori di quanto mi aspettassi! Ero preoccupata per eventuali \u201cgrumi\u201d e irregolarit\u00e0, ma questo non \u00e8 accaduto grazie alla competenza e alla tecnica del chirurgo. Anche l&#8217;assistenza post-liposuzione da parte del personale \u00e8 stata eccezionale e ne \u00e8 valsa la pena. Il chirurgo mi ha tenuto informata e aggiornata su cosa aspettarmi nei mesi successivi ed \u00e8 stato puntuale!<\/p>\t\t\t\t\t\t<\/div>\n\t\t\t\t<\/div>\n\t\t\t\t\t<\/div>\n\t\t<\/div>\n\t\t\t\t\t<\/div>\n\t\t<\/section>\n\t\t\t\t<section class=\"elementor-section elementor-top-section elementor-element elementor-element-e5282f1 elementor-section-boxed elementor-section-height-default elementor-section-height-default\" data-id=\"e5282f1\" data-element_type=\"section\" data-settings=\"{&quot;background_background&quot;:&quot;classic&quot;,&quot;_ha_eqh_enable&quot;:false}\">\n\t\t\t\t\t\t<div class=\"elementor-container elementor-column-gap-default\">\n\t\t\t\t\t<div class=\"elementor-column elementor-col-100 elementor-top-column elementor-element elementor-element-1ebd2f3\" data-id=\"1ebd2f3\" data-element_type=\"column\">\n\t\t\t<div class=\"elementor-widget-wrap elementor-element-populated\">\n\t\t\t\t\t\t<div class=\"elementor-element elementor-element-b1108b8 elementor-widget elementor-widget-text-editor\" data-id=\"b1108b8\" data-element_type=\"widget\" data-widget_type=\"text-editor.default\">\n\t\t\t\t<div class=\"elementor-widget-container\">\n\t\t\t\t\t\t\t<p><strong>Janine &#8211; Belgio<\/strong> : C&#8217;est Top &#8211; Non potr\u00f2 mai dire abbastanza su come \u00e8 stata gestita la mia addominoplastica in Turchia. Chirurghi e personale tecnico meravigliosi e di talento. Lo raccomando al 100%. Si \u00e8 sempre detto che POLYCLINIQUEPLUS \u00e8 la migliore agenzia di turismo medico in Turchia. Hanno standard molto elevati e per questo motivo volo dalla Francia per sottopormi all&#8217;addominoplastica in Turchia&#8230;<\/p>\t\t\t\t\t\t<\/div>\n\t\t\t\t<\/div>\n\t\t\t\t\t<\/div>\n\t\t<\/div>\n\t\t\t\t\t<\/div>\n\t\t<\/section>\n\t\t\t\t<section class=\"elementor-section elementor-top-section elementor-element elementor-element-251156d elementor-section-boxed elementor-section-height-default elementor-section-height-default\" data-id=\"251156d\" data-element_type=\"section\" data-settings=\"{&quot;background_background&quot;:&quot;classic&quot;,&quot;_ha_eqh_enable&quot;:false}\">\n\t\t\t\t\t\t<div class=\"elementor-container elementor-column-gap-default\">\n\t\t\t\t\t<div class=\"elementor-column elementor-col-100 elementor-top-column elementor-element elementor-element-4e50d33\" data-id=\"4e50d33\" data-element_type=\"column\">\n\t\t\t<div class=\"elementor-widget-wrap elementor-element-populated\">\n\t\t\t\t\t\t<div class=\"elementor-element elementor-element-7d2e8b5 elementor-widget elementor-widget-text-editor\" data-id=\"7d2e8b5\" data-element_type=\"widget\" data-widget_type=\"text-editor.default\">\n\t\t\t\t<div class=\"elementor-widget-container\">\n\t\t\t\t\t\t\t<p><strong>Michelle &#8211; Svizzera<\/strong>: Questa agenzia (Polycliniqueplus), i suoi chirurghi e il suo personale sono i migliori al mondo. Non ho mai avuto un&#8217;esperienza migliore e sono cos\u00ec grata di essermi rivolta a loro per la mia addominoplastica in Turchia. Alla mia et\u00e0 era molto sconsigliabile sottoporsi a un intervento di pancia piatta. Il chirurgo che mi ha operato in Turchia \u00e8 stato fantastico. Mi ha detto cosa dovevo aspettarmi e lui e il suo staff sono stati eccezionali. L&#8217;intero processo vale il risultato&#8230; Vorrei solo averlo fatto anni fa.<\/p>\t\t\t\t\t\t<\/div>\n\t\t\t\t<\/div>\n\t\t\t\t\t<\/div>\n\t\t<\/div>\n\t\t\t\t\t<\/div>\n\t\t<\/section>\n\t\t\t\t<section class=\"elementor-section elementor-top-section elementor-element elementor-element-93b156b elementor-section-boxed elementor-section-height-default elementor-section-height-default\" data-id=\"93b156b\" data-element_type=\"section\" data-settings=\"{&quot;_ha_eqh_enable&quot;:false}\">\n\t\t\t\t\t\t<div class=\"elementor-container elementor-column-gap-default\">\n\t\t\t\t\t<div class=\"elementor-column elementor-col-100 elementor-top-column elementor-element elementor-element-c04c032\" data-id=\"c04c032\" data-element_type=\"column\">\n\t\t\t<div class=\"elementor-widget-wrap elementor-element-populated\">\n\t\t\t\t\t\t<div class=\"elementor-element elementor-element-52ac0c8 elementor-widget elementor-widget-text-editor\" data-id=\"52ac0c8\" data-element_type=\"widget\" data-widget_type=\"text-editor.default\">\n\t\t\t\t<div class=\"elementor-widget-container\">\n\t\t\t\t\t\t\t<p><strong>Luna &#8211; Canada<\/strong>: Il mio corpo \u00e8 davvero fantastico! Finalmente mi sento mentalmente libera da tutte le mie insicurezze e amo poter fare shopping e vestirmi come ho sempre desiderato! Il chirurgo di Polycliniqueplus \u00e8 stato davvero fantastico in ogni fase del percorso. \u00c8 davvero un chirurgo straordinario e sono molto soddisfatta dei risultati della mia addominoplastica in Turchia.<\/p>\t\t\t\t\t\t<\/div>\n\t\t\t\t<\/div>\n\t\t\t\t\t<\/div>\n\t\t<\/div>\n\t\t\t\t\t<\/div>\n\t\t<\/section>\n\t\t\t\t<\/div>\n\t\t","protected":false},"excerpt":{"rendered":"<p>I nostri pazienti, che vengono da lontano per sottoporsi alla liposuzione addominale in Turchia o a qualsiasi altro intervento di chirurgia estetica per mano dei nostri chirurghi altamente qualificati, sono unanimi. Siamo felici di condividere con voi le loro esperienze e le loro storie, in modo che possiate ottenere ulteriori informazioni e conoscere meglio POLICLINIQUEPLUS. [&hellip;]<\/p>\n","protected":false},"author":1,"featured_media":30207,"parent":0,"menu_order":0,"comment_status":"closed","ping_status":"closed","template":"","meta":{"footnotes":""},"class_list":["post-30206","page","type-page","status-publish","has-post-thumbnail","hentry"],"yoast_head":"<!-- This site is optimized with the Yoast SEO plugin v27.3 - https:\/\/yoast.com\/product\/yoast-seo-wordpress\/ -->\n<title>Liposuzione della pancia in Turchia: le testimonianze dei pazienti<\/title>\n<meta name=\"description\" content=\"Leggete le recensioni sulla liposuzione dell&#039;addome in Turchia per aiutarvi a prendere una decisione informata. Scoprite le esperienze dei nostri clienti con l&#039;addominoplastica in Turchia e come ottenere una procedura di qualit\u00e0 a un prezzo accessibile. Contattateci per maggiori informazioni sui nostri servizi di chirurgia estetica in Turchia.\" \/>\n<meta name=\"robots\" content=\"index, follow, max-snippet:-1, max-image-preview:large, max-video-preview:-1\" \/>\n<link rel=\"canonical\" href=\"https:\/\/www.polycliniqueplus.com\/it\/opinione-sulla-liposuzione-della-pancia-in-turchia\/\" \/>\n<meta property=\"og:locale\" content=\"it_IT\" \/>\n<meta property=\"og:type\" content=\"article\" \/>\n<meta property=\"og:title\" content=\"Liposuzione della pancia in Turchia: le testimonianze dei pazienti\" \/>\n<meta property=\"og:description\" content=\"Leggete le recensioni sulla liposuzione dell&#039;addome in Turchia per aiutarvi a prendere una decisione informata. Scoprite le esperienze dei nostri clienti con l&#039;addominoplastica in Turchia e come ottenere una procedura di qualit\u00e0 a un prezzo accessibile. Contattateci per maggiori informazioni sui nostri servizi di chirurgia estetica in Turchia.\" \/>\n<meta property=\"og:url\" content=\"https:\/\/www.polycliniqueplus.com\/it\/opinione-sulla-liposuzione-della-pancia-in-turchia\/\" \/>\n<meta property=\"og:site_name\" content=\"Chirurgie esthetique Turquie : Prix interventions meilleures cliniques Istanbul\" \/>\n<meta property=\"article:publisher\" content=\"https:\/\/www.facebook.com\/polycliniqueplus\" \/>\n<meta property=\"article:modified_time\" content=\"2025-05-14T10:55:02+00:00\" \/>\n<meta property=\"og:image\" content=\"https:\/\/www.polycliniqueplus.com\/wp-content\/uploads\/2021\/04\/liposuccion-ventre-turquie-avis.jpg\" \/>\n\t<meta property=\"og:image:width\" content=\"574\" \/>\n\t<meta property=\"og:image:height\" content=\"586\" \/>\n\t<meta property=\"og:image:type\" content=\"image\/jpeg\" \/>\n<meta name=\"twitter:card\" content=\"summary_large_image\" \/>\n<meta name=\"twitter:site\" content=\"@polyclinique1\" \/>\n<meta name=\"twitter:label1\" content=\"Tempo di lettura stimato\" \/>\n\t<meta name=\"twitter:data1\" content=\"3 minuti\" \/>\n<script type=\"application\/ld+json\" class=\"yoast-schema-graph\">{\"@context\":\"https:\\\/\\\/schema.org\",\"@graph\":[{\"@type\":\"WebPage\",\"@id\":\"https:\\\/\\\/www.polycliniqueplus.com\\\/it\\\/opinione-sulla-liposuzione-della-pancia-in-turchia\\\/\",\"url\":\"https:\\\/\\\/www.polycliniqueplus.com\\\/it\\\/opinione-sulla-liposuzione-della-pancia-in-turchia\\\/\",\"name\":\"Liposuzione della pancia in Turchia: le testimonianze dei pazienti\",\"isPartOf\":{\"@id\":\"https:\\\/\\\/www.polycliniqueplus.com\\\/it\\\/#website\"},\"primaryImageOfPage\":{\"@id\":\"https:\\\/\\\/www.polycliniqueplus.com\\\/it\\\/opinione-sulla-liposuzione-della-pancia-in-turchia\\\/#primaryimage\"},\"image\":{\"@id\":\"https:\\\/\\\/www.polycliniqueplus.com\\\/it\\\/opinione-sulla-liposuzione-della-pancia-in-turchia\\\/#primaryimage\"},\"thumbnailUrl\":\"https:\\\/\\\/www.polycliniqueplus.com\\\/wp-content\\\/uploads\\\/2021\\\/04\\\/liposuccion-ventre-turquie-avis.jpg\",\"datePublished\":\"2021-04-29T13:27:22+00:00\",\"dateModified\":\"2025-05-14T10:55:02+00:00\",\"description\":\"Leggete le recensioni sulla liposuzione dell'addome in Turchia per aiutarvi a prendere una decisione informata. Scoprite le esperienze dei nostri clienti con l'addominoplastica in Turchia e come ottenere una procedura di qualit\u00e0 a un prezzo accessibile. Contattateci per maggiori informazioni sui nostri servizi di chirurgia estetica in Turchia.\",\"breadcrumb\":{\"@id\":\"https:\\\/\\\/www.polycliniqueplus.com\\\/it\\\/opinione-sulla-liposuzione-della-pancia-in-turchia\\\/#breadcrumb\"},\"inLanguage\":\"it-IT\",\"potentialAction\":[{\"@type\":\"ReadAction\",\"target\":[\"https:\\\/\\\/www.polycliniqueplus.com\\\/it\\\/opinione-sulla-liposuzione-della-pancia-in-turchia\\\/\"]}]},{\"@type\":\"ImageObject\",\"inLanguage\":\"it-IT\",\"@id\":\"https:\\\/\\\/www.polycliniqueplus.com\\\/it\\\/opinione-sulla-liposuzione-della-pancia-in-turchia\\\/#primaryimage\",\"url\":\"https:\\\/\\\/www.polycliniqueplus.com\\\/wp-content\\\/uploads\\\/2021\\\/04\\\/liposuccion-ventre-turquie-avis.jpg\",\"contentUrl\":\"https:\\\/\\\/www.polycliniqueplus.com\\\/wp-content\\\/uploads\\\/2021\\\/04\\\/liposuccion-ventre-turquie-avis.jpg\",\"width\":574,\"height\":586},{\"@type\":\"BreadcrumbList\",\"@id\":\"https:\\\/\\\/www.polycliniqueplus.com\\\/it\\\/opinione-sulla-liposuzione-della-pancia-in-turchia\\\/#breadcrumb\",\"itemListElement\":[{\"@type\":\"ListItem\",\"position\":1,\"name\":\"Accueil\",\"item\":\"https:\\\/\\\/www.polycliniqueplus.com\\\/it\\\/\"},{\"@type\":\"ListItem\",\"position\":2,\"name\":\"Opinione sulla liposuzione della pancia in Turchia: testimonianze sull&rsquo;intervento di addominoplastica piatta\"}]},{\"@type\":\"WebSite\",\"@id\":\"https:\\\/\\\/www.polycliniqueplus.com\\\/it\\\/#website\",\"url\":\"https:\\\/\\\/www.polycliniqueplus.com\\\/it\\\/\",\"name\":\"Chirurgie esthetique Turquie : Prix interventions meilleures cliniques Istanbul\",\"description\":\"Chirurgie esthetique Turquie prix pas cher\",\"publisher\":{\"@id\":\"https:\\\/\\\/www.polycliniqueplus.com\\\/it\\\/#organization\"},\"potentialAction\":[{\"@type\":\"SearchAction\",\"target\":{\"@type\":\"EntryPoint\",\"urlTemplate\":\"https:\\\/\\\/www.polycliniqueplus.com\\\/it\\\/?s={search_term_string}\"},\"query-input\":{\"@type\":\"PropertyValueSpecification\",\"valueRequired\":true,\"valueName\":\"search_term_string\"}}],\"inLanguage\":\"it-IT\"},{\"@type\":\"Organization\",\"@id\":\"https:\\\/\\\/www.polycliniqueplus.com\\\/it\\\/#organization\",\"name\":\"Polycliniqueplus chirurgie esthetique Turquie\",\"url\":\"https:\\\/\\\/www.polycliniqueplus.com\\\/it\\\/\",\"logo\":{\"@type\":\"ImageObject\",\"inLanguage\":\"it-IT\",\"@id\":\"https:\\\/\\\/www.polycliniqueplus.com\\\/it\\\/#\\\/schema\\\/logo\\\/image\\\/\",\"url\":\"https:\\\/\\\/www.polycliniqueplus.com\\\/wp-content\\\/uploads\\\/2021\\\/03\\\/cropped-add-box-fill.png\",\"contentUrl\":\"https:\\\/\\\/www.polycliniqueplus.com\\\/wp-content\\\/uploads\\\/2021\\\/03\\\/cropped-add-box-fill.png\",\"width\":512,\"height\":512,\"caption\":\"Polycliniqueplus chirurgie esthetique Turquie\"},\"image\":{\"@id\":\"https:\\\/\\\/www.polycliniqueplus.com\\\/it\\\/#\\\/schema\\\/logo\\\/image\\\/\"},\"sameAs\":[\"https:\\\/\\\/www.facebook.com\\\/polycliniqueplus\",\"https:\\\/\\\/x.com\\\/polyclinique1\",\"https:\\\/\\\/www.youtube.com\\\/channel\\\/UCAnK3TORJqflIuYGFa-JQDw\"]}]}<\/script>\n<!-- \/ Yoast SEO plugin. -->","yoast_head_json":{"title":"Liposuzione della pancia in Turchia: le testimonianze dei pazienti","description":"Leggete le recensioni sulla liposuzione dell'addome in Turchia per aiutarvi a prendere una decisione informata. Scoprite le esperienze dei nostri clienti con l'addominoplastica in Turchia e come ottenere una procedura di qualit\u00e0 a un prezzo accessibile. Contattateci per maggiori informazioni sui nostri servizi di chirurgia estetica in Turchia.","robots":{"index":"index","follow":"follow","max-snippet":"max-snippet:-1","max-image-preview":"max-image-preview:large","max-video-preview":"max-video-preview:-1"},"canonical":"https:\/\/www.polycliniqueplus.com\/it\/opinione-sulla-liposuzione-della-pancia-in-turchia\/","og_locale":"it_IT","og_type":"article","og_title":"Liposuzione della pancia in Turchia: le testimonianze dei pazienti","og_description":"Leggete le recensioni sulla liposuzione dell'addome in Turchia per aiutarvi a prendere una decisione informata. Scoprite le esperienze dei nostri clienti con l'addominoplastica in Turchia e come ottenere una procedura di qualit\u00e0 a un prezzo accessibile. Contattateci per maggiori informazioni sui nostri servizi di chirurgia estetica in Turchia.","og_url":"https:\/\/www.polycliniqueplus.com\/it\/opinione-sulla-liposuzione-della-pancia-in-turchia\/","og_site_name":"Chirurgie esthetique Turquie : Prix interventions meilleures cliniques Istanbul","article_publisher":"https:\/\/www.facebook.com\/polycliniqueplus","article_modified_time":"2025-05-14T10:55:02+00:00","og_image":[{"width":574,"height":586,"url":"https:\/\/www.polycliniqueplus.com\/wp-content\/uploads\/2021\/04\/liposuccion-ventre-turquie-avis.jpg","type":"image\/jpeg"}],"twitter_card":"summary_large_image","twitter_site":"@polyclinique1","twitter_misc":{"Tempo di lettura stimato":"3 minuti"},"schema":{"@context":"https:\/\/schema.org","@graph":[{"@type":"WebPage","@id":"https:\/\/www.polycliniqueplus.com\/it\/opinione-sulla-liposuzione-della-pancia-in-turchia\/","url":"https:\/\/www.polycliniqueplus.com\/it\/opinione-sulla-liposuzione-della-pancia-in-turchia\/","name":"Liposuzione della pancia in Turchia: le testimonianze dei pazienti","isPartOf":{"@id":"https:\/\/www.polycliniqueplus.com\/it\/#website"},"primaryImageOfPage":{"@id":"https:\/\/www.polycliniqueplus.com\/it\/opinione-sulla-liposuzione-della-pancia-in-turchia\/#primaryimage"},"image":{"@id":"https:\/\/www.polycliniqueplus.com\/it\/opinione-sulla-liposuzione-della-pancia-in-turchia\/#primaryimage"},"thumbnailUrl":"https:\/\/www.polycliniqueplus.com\/wp-content\/uploads\/2021\/04\/liposuccion-ventre-turquie-avis.jpg","datePublished":"2021-04-29T13:27:22+00:00","dateModified":"2025-05-14T10:55:02+00:00","description":"Leggete le recensioni sulla liposuzione dell'addome in Turchia per aiutarvi a prendere una decisione informata. Scoprite le esperienze dei nostri clienti con l'addominoplastica in Turchia e come ottenere una procedura di qualit\u00e0 a un prezzo accessibile. Contattateci per maggiori informazioni sui nostri servizi di chirurgia estetica in Turchia.","breadcrumb":{"@id":"https:\/\/www.polycliniqueplus.com\/it\/opinione-sulla-liposuzione-della-pancia-in-turchia\/#breadcrumb"},"inLanguage":"it-IT","potentialAction":[{"@type":"ReadAction","target":["https:\/\/www.polycliniqueplus.com\/it\/opinione-sulla-liposuzione-della-pancia-in-turchia\/"]}]},{"@type":"ImageObject","inLanguage":"it-IT","@id":"https:\/\/www.polycliniqueplus.com\/it\/opinione-sulla-liposuzione-della-pancia-in-turchia\/#primaryimage","url":"https:\/\/www.polycliniqueplus.com\/wp-content\/uploads\/2021\/04\/liposuccion-ventre-turquie-avis.jpg","contentUrl":"https:\/\/www.polycliniqueplus.com\/wp-content\/uploads\/2021\/04\/liposuccion-ventre-turquie-avis.jpg","width":574,"height":586},{"@type":"BreadcrumbList","@id":"https:\/\/www.polycliniqueplus.com\/it\/opinione-sulla-liposuzione-della-pancia-in-turchia\/#breadcrumb","itemListElement":[{"@type":"ListItem","position":1,"name":"Accueil","item":"https:\/\/www.polycliniqueplus.com\/it\/"},{"@type":"ListItem","position":2,"name":"Opinione sulla liposuzione della pancia in Turchia: testimonianze sull&rsquo;intervento di addominoplastica piatta"}]},{"@type":"WebSite","@id":"https:\/\/www.polycliniqueplus.com\/it\/#website","url":"https:\/\/www.polycliniqueplus.com\/it\/","name":"Chirurgie esthetique Turquie : Prix interventions meilleures cliniques Istanbul","description":"Chirurgie esthetique Turquie prix pas cher","publisher":{"@id":"https:\/\/www.polycliniqueplus.com\/it\/#organization"},"potentialAction":[{"@type":"SearchAction","target":{"@type":"EntryPoint","urlTemplate":"https:\/\/www.polycliniqueplus.com\/it\/?s={search_term_string}"},"query-input":{"@type":"PropertyValueSpecification","valueRequired":true,"valueName":"search_term_string"}}],"inLanguage":"it-IT"},{"@type":"Organization","@id":"https:\/\/www.polycliniqueplus.com\/it\/#organization","name":"Polycliniqueplus chirurgie esthetique Turquie","url":"https:\/\/www.polycliniqueplus.com\/it\/","logo":{"@type":"ImageObject","inLanguage":"it-IT","@id":"https:\/\/www.polycliniqueplus.com\/it\/#\/schema\/logo\/image\/","url":"https:\/\/www.polycliniqueplus.com\/wp-content\/uploads\/2021\/03\/cropped-add-box-fill.png","contentUrl":"https:\/\/www.polycliniqueplus.com\/wp-content\/uploads\/2021\/03\/cropped-add-box-fill.png","width":512,"height":512,"caption":"Polycliniqueplus chirurgie esthetique Turquie"},"image":{"@id":"https:\/\/www.polycliniqueplus.com\/it\/#\/schema\/logo\/image\/"},"sameAs":["https:\/\/www.facebook.com\/polycliniqueplus","https:\/\/x.com\/polyclinique1","https:\/\/www.youtube.com\/channel\/UCAnK3TORJqflIuYGFa-JQDw"]}]}},"_links":{"self":[{"href":"https:\/\/www.polycliniqueplus.com\/it\/wp-json\/wp\/v2\/pages\/30206","targetHints":{"allow":["GET"]}}],"collection":[{"href":"https:\/\/www.polycliniqueplus.com\/it\/wp-json\/wp\/v2\/pages"}],"about":[{"href":"https:\/\/www.polycliniqueplus.com\/it\/wp-json\/wp\/v2\/types\/page"}],"author":[{"embeddable":true,"href":"https:\/\/www.polycliniqueplus.com\/it\/wp-json\/wp\/v2\/users\/1"}],"replies":[{"embeddable":true,"href":"https:\/\/www.polycliniqueplus.com\/it\/wp-json\/wp\/v2\/comments?post=30206"}],"version-history":[{"count":8,"href":"https:\/\/www.polycliniqueplus.com\/it\/wp-json\/wp\/v2\/pages\/30206\/revisions"}],"predecessor-version":[{"id":30215,"href":"https:\/\/www.polycliniqueplus.com\/it\/wp-json\/wp\/v2\/pages\/30206\/revisions\/30215"}],"wp:featuredmedia":[{"embeddable":true,"href":"https:\/\/www.polycliniqueplus.com\/it\/wp-json\/wp\/v2\/media\/30207"}],"wp:attachment":[{"href":"https:\/\/www.polycliniqueplus.com\/it\/wp-json\/wp\/v2\/media?parent=30206"}],"curies":[{"name":"wp","href":"https:\/\/api.w.org\/{rel}","templated":true}]}}