{"id":30173,"date":"2021-05-21T12:20:47","date_gmt":"2021-05-21T10:20:47","guid":{"rendered":"https:\/\/www.polycliniqueplus.com\/techniques-liposuccion\/"},"modified":"2025-05-14T12:46:24","modified_gmt":"2025-05-14T10:46:24","slug":"tecniche-di-liposuzione","status":"publish","type":"page","link":"https:\/\/www.polycliniqueplus.com\/it\/tecniche-di-liposuzione\/","title":{"rendered":"Tecniche di liposuzione: approcci chirurgici e non invasivi a prezzi bassi"},"content":{"rendered":"\t\t<div data-elementor-type=\"wp-page\" data-elementor-id=\"30173\" class=\"elementor elementor-30173 elementor-6280\" data-elementor-settings=\"{&quot;ha_cmc_init_switcher&quot;:&quot;no&quot;}\">\n\t\t\t\t\t\t<section class=\"elementor-section elementor-top-section elementor-element elementor-element-87faa9a elementor-section-boxed elementor-section-height-default elementor-section-height-default\" data-id=\"87faa9a\" data-element_type=\"section\" data-settings=\"{&quot;_ha_eqh_enable&quot;:false}\">\n\t\t\t\t\t\t<div class=\"elementor-container elementor-column-gap-default\">\n\t\t\t\t\t<div class=\"elementor-column elementor-col-100 elementor-top-column elementor-element elementor-element-6c781a6\" data-id=\"6c781a6\" data-element_type=\"column\">\n\t\t\t<div class=\"elementor-widget-wrap elementor-element-populated\">\n\t\t\t\t\t\t<div class=\"elementor-element elementor-element-cf39763 elementor-widget elementor-widget-text-editor\" data-id=\"cf39763\" data-element_type=\"widget\" data-widget_type=\"text-editor.default\">\n\t\t\t\t<div class=\"elementor-widget-container\">\n\t\t\t\t\t\t\t<p>La liposuzione \u00e8 una tecnica pi\u00f9 appropriata quando \u00e8 combinata con un&#8217;altra procedura chirurgica o quando si tratta un&#8217;ampia superficie. In particolare, la liposuzione \u00e8 pi\u00f9 appropriata per i pazienti che desiderano ottenere un risultato completo in un unico intervento. Esistono diversi approcci e tecniche per la liposuzione dei rigonfiamenti di grasso:<\/p>\t\t\t\t\t\t<\/div>\n\t\t\t\t<\/div>\n\t\t\t\t<div class=\"elementor-element elementor-element-17cbd9d elementor-widget elementor-widget-text-editor\" data-id=\"17cbd9d\" data-element_type=\"widget\" data-widget_type=\"text-editor.default\">\n\t\t\t\t<div class=\"elementor-widget-container\">\n\t\t\t\t\t\t\t<h2>Liposuzione tumescente<\/h2><p>Nella lipoplastica intumescente, il tessuto adiposo da rimuovere viene prima gonfiato con una soluzione liquida isotonica. Questa miscela contiene generalmente un agente vasocostrittore chiamato epinefrina, che riduce il rischio di ipertensione (pressione alta) e tachicardia (frequenza cardiaca anormalmente veloce), mantenendo al minimo la perdita di sangue durante la procedura.<\/p>\t\t\t\t\t\t<\/div>\n\t\t\t\t<\/div>\n\t\t\t\t<div class=\"elementor-element elementor-element-3bbc757 elementor-widget elementor-widget-text-editor\" data-id=\"3bbc757\" data-element_type=\"widget\" data-widget_type=\"text-editor.default\">\n\t\t\t\t<div class=\"elementor-widget-container\">\n\t\t\t\t\t\t\t<p>La soluzione contiene anche soluzione fisiologica e un anestetico locale chiamato lidocaina. La tecnica tumescente \u00e8 popolare perch\u00e9 consente di rimuovere grandi volumi di grasso senza dover ricorrere all&#8217;anestesia generale.<\/p>\t\t\t\t\t\t<\/div>\n\t\t\t\t<\/div>\n\t\t\t\t\t<\/div>\n\t\t<\/div>\n\t\t\t\t\t<\/div>\n\t\t<\/section>\n\t\t\t\t<section class=\"elementor-section elementor-top-section elementor-element elementor-element-183b409 elementor-section-boxed elementor-section-height-default elementor-section-height-default\" data-id=\"183b409\" data-element_type=\"section\" data-settings=\"{&quot;_ha_eqh_enable&quot;:false}\">\n\t\t\t\t\t\t<div class=\"elementor-container elementor-column-gap-default\">\n\t\t\t\t\t<div class=\"elementor-column elementor-col-100 elementor-top-column elementor-element elementor-element-891e264\" data-id=\"891e264\" data-element_type=\"column\">\n\t\t\t<div class=\"elementor-widget-wrap elementor-element-populated\">\n\t\t\t\t\t\t<div class=\"elementor-element elementor-element-b501f83 elementor-button-success elementor-align-center elementor-widget elementor-widget-button\" data-id=\"b501f83\" data-element_type=\"widget\" data-widget_type=\"button.default\">\n\t\t\t\t<div class=\"elementor-widget-container\">\n\t\t\t\t\t<div class=\"elementor-button-wrapper\">\n\t\t\t<a class=\"elementor-button elementor-button-link elementor-size-sm\" href=\"https:\/\/api.whatsapp.com\/send?phone=+33635235712&#038;&#038;text=Salve,%20vorrei%20conoscere%20il%20vostro%20lavoro%20e%20i%20vostri%20prezzi!\">\n\t\t\t\t\t\t<span class=\"elementor-button-content-wrapper\">\n\t\t\t\t\t\t\t\t\t<span class=\"elementor-button-text\">Preventivo gratuito<\/span>\n\t\t\t\t\t<\/span>\n\t\t\t\t\t<\/a>\n\t\t<\/div>\n\t\t\t\t<\/div>\n\t\t\t\t<\/div>\n\t\t\t\t\t<\/div>\n\t\t<\/div>\n\t\t\t\t\t<\/div>\n\t\t<\/section>\n\t\t\t\t<section class=\"elementor-section elementor-top-section elementor-element elementor-element-ebc7ca7 elementor-section-boxed elementor-section-height-default elementor-section-height-default\" data-id=\"ebc7ca7\" data-element_type=\"section\" data-settings=\"{&quot;_ha_eqh_enable&quot;:false}\">\n\t\t\t\t\t\t<div class=\"elementor-container elementor-column-gap-default\">\n\t\t\t\t\t<div class=\"elementor-column elementor-col-100 elementor-top-column elementor-element elementor-element-f64f56a\" data-id=\"f64f56a\" data-element_type=\"column\">\n\t\t\t<div class=\"elementor-widget-wrap elementor-element-populated\">\n\t\t\t\t\t\t<div class=\"elementor-element elementor-element-cdbcb8c elementor-widget elementor-widget-text-editor\" data-id=\"cdbcb8c\" data-element_type=\"widget\" data-widget_type=\"text-editor.default\">\n\t\t\t\t<div class=\"elementor-widget-container\">\n\t\t\t\t\t\t\t<h3>Liposuzione a vibrazione : Lipomatica<\/h3><p>Questo tipo di lipoplastica utilizza una soluzione tumescente ma una cannula specializzata che vibra per accelerare la disgregazione delle cellule di grasso. La vibrazione della cannula facilita la disgregazione del grasso da parte del chirurgo. Di conseguenza, la procedura richiede meno tempo, i tessuti sono meno traumatizzati e molti pazienti si riprendono pi\u00f9 rapidamente.<\/p><h3>Liposuzione con radiofrequenza: RFAL<\/h3><p>La RFAL\u2122 utilizza una cannula che emette radiofrequenze nell&#8217;area di trattamento. Le onde RF facilitano la rimozione del grasso e aiutano a rassodare la pelle. \u00c8 stato dimostrato che i sistemi RFAL\u2122 come Necktite e Bodytite\u2122 aumentano l&#8217;elasticit\u00e0 della pelle del 30-40%. Questo tipo di liposuzione \u00e8 tipicamente utilizzato su glutei, fianchi, cosce e pancia.<\/p><p>Liposuzione Vaser, liposuzione a ultrasuoni<\/p><p>I sistemi UAL come Vaserlipo\u00ae sono utilizzati principalmente su cosce, fianchi, schiena e stomaco. Questa tecnologia combina la liposuzione tumescente con frequenze ultrasoniche che rompono e staccano le cellule di grasso prima della liposuzione tumescente. Ci\u00f2 consente di aspirare una maggiore quantit\u00e0 di tessuto adiposo. Questo tipo di liposuzione pu\u00f2 essere utile per rassodare la pelle in pazienti con lievi problemi di elasticit\u00e0 cutanea.<\/p><h3>Lipolisi laser, liposuzione assistita da laser<\/h3><p>I sistemi LAL come CoolLipo\u2122 e SmartLipo\u2122 \u201cfondono\u201d il tessuto adiposo con l&#8217;energia laser prima di rimuoverlo con l&#8217;aspirazione. Questo tipo aggressivo di liposuzione pu\u00f2 essere utilizzato nella maggior parte delle aree del corpo. Ha anche un effetto tensore della pelle e generalmente non richiede l&#8217;uso di un&#8217;anestesia generale.<\/p><h3>Liposuzione assistita con getto d&#8217;acqua<\/h3><p>La LAL viene utilizzata per potenziare gli effetti della liposuzione tumescente spruzzando delicatamente acqua per staccare le cellule di grasso prima dell&#8217;aspirazione. Ci\u00f2 consente di prelevare una maggiore quantit\u00e0 di grasso con un minore trauma per i tessuti circostanti. Questa tecnologia viene generalmente chiamata \u201caqualipo\u201d o con il suo nome commerciale, Body Jet\u00ae.<\/p><h3>Liposcultura<\/h3><p>Questo tipo di liposuzione \u00e8 comunemente noto come \u201cincisione addominale\u201d perch\u00e9 viene spesso eseguita sull&#8217;addome. Tuttavia, pu\u00f2 essere eseguita anche su petto, cosce, polpacci, braccia e altre aree del corpo che hanno accumulato depositi di grasso. La tecnica consiste nel lasciare un po&#8217; di tessuto adiposo durante la liposuzione per creare l&#8217;aspetto di muscoli definiti.<\/p>\t\t\t\t\t\t<\/div>\n\t\t\t\t<\/div>\n\t\t\t\t\t<\/div>\n\t\t<\/div>\n\t\t\t\t\t<\/div>\n\t\t<\/section>\n\t\t\t\t<\/div>\n\t\t","protected":false},"excerpt":{"rendered":"<p>La liposuzione \u00e8 una tecnica pi\u00f9 appropriata quando \u00e8 combinata con un&#8217;altra procedura chirurgica o quando si tratta un&#8217;ampia superficie. In particolare, la liposuzione \u00e8 pi\u00f9 appropriata per i pazienti che desiderano ottenere un risultato completo in un unico intervento. Esistono diversi approcci e tecniche per la liposuzione dei rigonfiamenti di grasso: Liposuzione tumescente Nella [&hellip;]<\/p>\n","protected":false},"author":1,"featured_media":30174,"parent":0,"menu_order":0,"comment_status":"closed","ping_status":"closed","template":"","meta":{"footnotes":""},"class_list":["post-30173","page","type-page","status-publish","has-post-thumbnail","hentry"],"yoast_head":"<!-- This site is optimized with the Yoast SEO plugin v27.3 - https:\/\/yoast.com\/product\/yoast-seo-wordpress\/ -->\n<title>Tecniche di liposuzione: tutto quello che c&#039;\u00e8 da sapere sui diversi metodi di rimozione del grasso<\/title>\n<meta name=\"description\" content=\"Tecniche di liposuzione: scoprite le tecniche di liposuzione dolce e le tecniche di liposuzione chirurgica che offrono tutti i vantaggi della rimozione del grasso con un minor trauma.\" \/>\n<meta name=\"robots\" content=\"index, follow, max-snippet:-1, max-image-preview:large, max-video-preview:-1\" \/>\n<link rel=\"canonical\" href=\"https:\/\/www.polycliniqueplus.com\/it\/tecniche-di-liposuzione\/\" \/>\n<meta property=\"og:locale\" content=\"it_IT\" \/>\n<meta property=\"og:type\" content=\"article\" \/>\n<meta property=\"og:title\" content=\"Tecniche di liposuzione: tutto quello che c&#039;\u00e8 da sapere sui diversi metodi di rimozione del grasso\" \/>\n<meta property=\"og:description\" content=\"Tecniche di liposuzione: scoprite le tecniche di liposuzione dolce e le tecniche di liposuzione chirurgica che offrono tutti i vantaggi della rimozione del grasso con un minor trauma.\" \/>\n<meta property=\"og:url\" content=\"https:\/\/www.polycliniqueplus.com\/it\/tecniche-di-liposuzione\/\" \/>\n<meta property=\"og:site_name\" content=\"Chirurgie esthetique Turquie : Prix interventions meilleures cliniques Istanbul\" \/>\n<meta property=\"article:publisher\" content=\"https:\/\/www.facebook.com\/polycliniqueplus\" \/>\n<meta property=\"article:modified_time\" content=\"2025-05-14T10:46:24+00:00\" \/>\n<meta property=\"og:image\" content=\"https:\/\/www.polycliniqueplus.com\/wp-content\/uploads\/2021\/05\/techniques-liposuccion-Turquie.jpg\" \/>\n\t<meta property=\"og:image:width\" content=\"720\" \/>\n\t<meta property=\"og:image:height\" content=\"540\" \/>\n\t<meta property=\"og:image:type\" content=\"image\/jpeg\" \/>\n<meta name=\"twitter:card\" content=\"summary_large_image\" \/>\n<meta name=\"twitter:site\" content=\"@polyclinique1\" \/>\n<meta name=\"twitter:label1\" content=\"Tempo di lettura stimato\" \/>\n\t<meta name=\"twitter:data1\" content=\"3 minuti\" \/>\n<script type=\"application\/ld+json\" class=\"yoast-schema-graph\">{\"@context\":\"https:\\\/\\\/schema.org\",\"@graph\":[{\"@type\":\"WebPage\",\"@id\":\"https:\\\/\\\/www.polycliniqueplus.com\\\/it\\\/tecniche-di-liposuzione\\\/\",\"url\":\"https:\\\/\\\/www.polycliniqueplus.com\\\/it\\\/tecniche-di-liposuzione\\\/\",\"name\":\"Tecniche di liposuzione: tutto quello che c'\u00e8 da sapere sui diversi metodi di rimozione del grasso\",\"isPartOf\":{\"@id\":\"https:\\\/\\\/www.polycliniqueplus.com\\\/it\\\/#website\"},\"primaryImageOfPage\":{\"@id\":\"https:\\\/\\\/www.polycliniqueplus.com\\\/it\\\/tecniche-di-liposuzione\\\/#primaryimage\"},\"image\":{\"@id\":\"https:\\\/\\\/www.polycliniqueplus.com\\\/it\\\/tecniche-di-liposuzione\\\/#primaryimage\"},\"thumbnailUrl\":\"https:\\\/\\\/www.polycliniqueplus.com\\\/wp-content\\\/uploads\\\/2021\\\/05\\\/techniques-liposuccion-Turquie.jpg\",\"datePublished\":\"2021-05-21T10:20:47+00:00\",\"dateModified\":\"2025-05-14T10:46:24+00:00\",\"description\":\"Tecniche di liposuzione: scoprite le tecniche di liposuzione dolce e le tecniche di liposuzione chirurgica che offrono tutti i vantaggi della rimozione del grasso con un minor trauma.\",\"breadcrumb\":{\"@id\":\"https:\\\/\\\/www.polycliniqueplus.com\\\/it\\\/tecniche-di-liposuzione\\\/#breadcrumb\"},\"inLanguage\":\"it-IT\",\"potentialAction\":[{\"@type\":\"ReadAction\",\"target\":[\"https:\\\/\\\/www.polycliniqueplus.com\\\/it\\\/tecniche-di-liposuzione\\\/\"]}]},{\"@type\":\"ImageObject\",\"inLanguage\":\"it-IT\",\"@id\":\"https:\\\/\\\/www.polycliniqueplus.com\\\/it\\\/tecniche-di-liposuzione\\\/#primaryimage\",\"url\":\"https:\\\/\\\/www.polycliniqueplus.com\\\/wp-content\\\/uploads\\\/2021\\\/05\\\/techniques-liposuccion-Turquie.jpg\",\"contentUrl\":\"https:\\\/\\\/www.polycliniqueplus.com\\\/wp-content\\\/uploads\\\/2021\\\/05\\\/techniques-liposuccion-Turquie.jpg\",\"width\":720,\"height\":540,\"caption\":\"techniques-liposuccion-Turquie\"},{\"@type\":\"BreadcrumbList\",\"@id\":\"https:\\\/\\\/www.polycliniqueplus.com\\\/it\\\/tecniche-di-liposuzione\\\/#breadcrumb\",\"itemListElement\":[{\"@type\":\"ListItem\",\"position\":1,\"name\":\"Accueil\",\"item\":\"https:\\\/\\\/www.polycliniqueplus.com\\\/it\\\/\"},{\"@type\":\"ListItem\",\"position\":2,\"name\":\"Tecniche di liposuzione: approcci chirurgici e non invasivi a prezzi bassi\"}]},{\"@type\":\"WebSite\",\"@id\":\"https:\\\/\\\/www.polycliniqueplus.com\\\/it\\\/#website\",\"url\":\"https:\\\/\\\/www.polycliniqueplus.com\\\/it\\\/\",\"name\":\"Chirurgie esthetique Turquie : Prix interventions meilleures cliniques Istanbul\",\"description\":\"Chirurgie esthetique Turquie prix pas cher\",\"publisher\":{\"@id\":\"https:\\\/\\\/www.polycliniqueplus.com\\\/it\\\/#organization\"},\"potentialAction\":[{\"@type\":\"SearchAction\",\"target\":{\"@type\":\"EntryPoint\",\"urlTemplate\":\"https:\\\/\\\/www.polycliniqueplus.com\\\/it\\\/?s={search_term_string}\"},\"query-input\":{\"@type\":\"PropertyValueSpecification\",\"valueRequired\":true,\"valueName\":\"search_term_string\"}}],\"inLanguage\":\"it-IT\"},{\"@type\":\"Organization\",\"@id\":\"https:\\\/\\\/www.polycliniqueplus.com\\\/it\\\/#organization\",\"name\":\"Polycliniqueplus chirurgie esthetique Turquie\",\"url\":\"https:\\\/\\\/www.polycliniqueplus.com\\\/it\\\/\",\"logo\":{\"@type\":\"ImageObject\",\"inLanguage\":\"it-IT\",\"@id\":\"https:\\\/\\\/www.polycliniqueplus.com\\\/it\\\/#\\\/schema\\\/logo\\\/image\\\/\",\"url\":\"https:\\\/\\\/www.polycliniqueplus.com\\\/wp-content\\\/uploads\\\/2021\\\/03\\\/cropped-add-box-fill.png\",\"contentUrl\":\"https:\\\/\\\/www.polycliniqueplus.com\\\/wp-content\\\/uploads\\\/2021\\\/03\\\/cropped-add-box-fill.png\",\"width\":512,\"height\":512,\"caption\":\"Polycliniqueplus chirurgie esthetique Turquie\"},\"image\":{\"@id\":\"https:\\\/\\\/www.polycliniqueplus.com\\\/it\\\/#\\\/schema\\\/logo\\\/image\\\/\"},\"sameAs\":[\"https:\\\/\\\/www.facebook.com\\\/polycliniqueplus\",\"https:\\\/\\\/x.com\\\/polyclinique1\",\"https:\\\/\\\/www.youtube.com\\\/channel\\\/UCAnK3TORJqflIuYGFa-JQDw\"]}]}<\/script>\n<!-- \/ Yoast SEO plugin. -->","yoast_head_json":{"title":"Tecniche di liposuzione: tutto quello che c'\u00e8 da sapere sui diversi metodi di rimozione del grasso","description":"Tecniche di liposuzione: scoprite le tecniche di liposuzione dolce e le tecniche di liposuzione chirurgica che offrono tutti i vantaggi della rimozione del grasso con un minor trauma.","robots":{"index":"index","follow":"follow","max-snippet":"max-snippet:-1","max-image-preview":"max-image-preview:large","max-video-preview":"max-video-preview:-1"},"canonical":"https:\/\/www.polycliniqueplus.com\/it\/tecniche-di-liposuzione\/","og_locale":"it_IT","og_type":"article","og_title":"Tecniche di liposuzione: tutto quello che c'\u00e8 da sapere sui diversi metodi di rimozione del grasso","og_description":"Tecniche di liposuzione: scoprite le tecniche di liposuzione dolce e le tecniche di liposuzione chirurgica che offrono tutti i vantaggi della rimozione del grasso con un minor trauma.","og_url":"https:\/\/www.polycliniqueplus.com\/it\/tecniche-di-liposuzione\/","og_site_name":"Chirurgie esthetique Turquie : Prix interventions meilleures cliniques Istanbul","article_publisher":"https:\/\/www.facebook.com\/polycliniqueplus","article_modified_time":"2025-05-14T10:46:24+00:00","og_image":[{"width":720,"height":540,"url":"https:\/\/www.polycliniqueplus.com\/wp-content\/uploads\/2021\/05\/techniques-liposuccion-Turquie.jpg","type":"image\/jpeg"}],"twitter_card":"summary_large_image","twitter_site":"@polyclinique1","twitter_misc":{"Tempo di lettura stimato":"3 minuti"},"schema":{"@context":"https:\/\/schema.org","@graph":[{"@type":"WebPage","@id":"https:\/\/www.polycliniqueplus.com\/it\/tecniche-di-liposuzione\/","url":"https:\/\/www.polycliniqueplus.com\/it\/tecniche-di-liposuzione\/","name":"Tecniche di liposuzione: tutto quello che c'\u00e8 da sapere sui diversi metodi di rimozione del grasso","isPartOf":{"@id":"https:\/\/www.polycliniqueplus.com\/it\/#website"},"primaryImageOfPage":{"@id":"https:\/\/www.polycliniqueplus.com\/it\/tecniche-di-liposuzione\/#primaryimage"},"image":{"@id":"https:\/\/www.polycliniqueplus.com\/it\/tecniche-di-liposuzione\/#primaryimage"},"thumbnailUrl":"https:\/\/www.polycliniqueplus.com\/wp-content\/uploads\/2021\/05\/techniques-liposuccion-Turquie.jpg","datePublished":"2021-05-21T10:20:47+00:00","dateModified":"2025-05-14T10:46:24+00:00","description":"Tecniche di liposuzione: scoprite le tecniche di liposuzione dolce e le tecniche di liposuzione chirurgica che offrono tutti i vantaggi della rimozione del grasso con un minor trauma.","breadcrumb":{"@id":"https:\/\/www.polycliniqueplus.com\/it\/tecniche-di-liposuzione\/#breadcrumb"},"inLanguage":"it-IT","potentialAction":[{"@type":"ReadAction","target":["https:\/\/www.polycliniqueplus.com\/it\/tecniche-di-liposuzione\/"]}]},{"@type":"ImageObject","inLanguage":"it-IT","@id":"https:\/\/www.polycliniqueplus.com\/it\/tecniche-di-liposuzione\/#primaryimage","url":"https:\/\/www.polycliniqueplus.com\/wp-content\/uploads\/2021\/05\/techniques-liposuccion-Turquie.jpg","contentUrl":"https:\/\/www.polycliniqueplus.com\/wp-content\/uploads\/2021\/05\/techniques-liposuccion-Turquie.jpg","width":720,"height":540,"caption":"techniques-liposuccion-Turquie"},{"@type":"BreadcrumbList","@id":"https:\/\/www.polycliniqueplus.com\/it\/tecniche-di-liposuzione\/#breadcrumb","itemListElement":[{"@type":"ListItem","position":1,"name":"Accueil","item":"https:\/\/www.polycliniqueplus.com\/it\/"},{"@type":"ListItem","position":2,"name":"Tecniche di liposuzione: approcci chirurgici e non invasivi a prezzi bassi"}]},{"@type":"WebSite","@id":"https:\/\/www.polycliniqueplus.com\/it\/#website","url":"https:\/\/www.polycliniqueplus.com\/it\/","name":"Chirurgie esthetique Turquie : Prix interventions meilleures cliniques Istanbul","description":"Chirurgie esthetique Turquie prix pas cher","publisher":{"@id":"https:\/\/www.polycliniqueplus.com\/it\/#organization"},"potentialAction":[{"@type":"SearchAction","target":{"@type":"EntryPoint","urlTemplate":"https:\/\/www.polycliniqueplus.com\/it\/?s={search_term_string}"},"query-input":{"@type":"PropertyValueSpecification","valueRequired":true,"valueName":"search_term_string"}}],"inLanguage":"it-IT"},{"@type":"Organization","@id":"https:\/\/www.polycliniqueplus.com\/it\/#organization","name":"Polycliniqueplus chirurgie esthetique Turquie","url":"https:\/\/www.polycliniqueplus.com\/it\/","logo":{"@type":"ImageObject","inLanguage":"it-IT","@id":"https:\/\/www.polycliniqueplus.com\/it\/#\/schema\/logo\/image\/","url":"https:\/\/www.polycliniqueplus.com\/wp-content\/uploads\/2021\/03\/cropped-add-box-fill.png","contentUrl":"https:\/\/www.polycliniqueplus.com\/wp-content\/uploads\/2021\/03\/cropped-add-box-fill.png","width":512,"height":512,"caption":"Polycliniqueplus chirurgie esthetique Turquie"},"image":{"@id":"https:\/\/www.polycliniqueplus.com\/it\/#\/schema\/logo\/image\/"},"sameAs":["https:\/\/www.facebook.com\/polycliniqueplus","https:\/\/x.com\/polyclinique1","https:\/\/www.youtube.com\/channel\/UCAnK3TORJqflIuYGFa-JQDw"]}]}},"_links":{"self":[{"href":"https:\/\/www.polycliniqueplus.com\/it\/wp-json\/wp\/v2\/pages\/30173","targetHints":{"allow":["GET"]}}],"collection":[{"href":"https:\/\/www.polycliniqueplus.com\/it\/wp-json\/wp\/v2\/pages"}],"about":[{"href":"https:\/\/www.polycliniqueplus.com\/it\/wp-json\/wp\/v2\/types\/page"}],"author":[{"embeddable":true,"href":"https:\/\/www.polycliniqueplus.com\/it\/wp-json\/wp\/v2\/users\/1"}],"replies":[{"embeddable":true,"href":"https:\/\/www.polycliniqueplus.com\/it\/wp-json\/wp\/v2\/comments?post=30173"}],"version-history":[{"count":7,"href":"https:\/\/www.polycliniqueplus.com\/it\/wp-json\/wp\/v2\/pages\/30173\/revisions"}],"predecessor-version":[{"id":30204,"href":"https:\/\/www.polycliniqueplus.com\/it\/wp-json\/wp\/v2\/pages\/30173\/revisions\/30204"}],"wp:featuredmedia":[{"embeddable":true,"href":"https:\/\/www.polycliniqueplus.com\/it\/wp-json\/wp\/v2\/media\/30174"}],"wp:attachment":[{"href":"https:\/\/www.polycliniqueplus.com\/it\/wp-json\/wp\/v2\/media?parent=30173"}],"curies":[{"name":"wp","href":"https:\/\/api.w.org\/{rel}","templated":true}]}}