{"id":30049,"date":"2017-06-18T19:12:25","date_gmt":"2017-06-18T17:12:25","guid":{"rendered":"https:\/\/www.polycliniqueplus.com\/lifting-bras-turquie\/"},"modified":"2025-04-28T13:58:21","modified_gmt":"2025-04-28T11:58:21","slug":"lifting-braccia-turchia","status":"publish","type":"page","link":"https:\/\/www.polycliniqueplus.com\/it\/lifting-braccia-turchia\/","title":{"rendered":"Lifting delle braccia in Turchia: rassodamento della pelle all&#8217;interno delle braccia"},"content":{"rendered":"<div data-elementor-type=\"wp-page\" data-elementor-id=\"30049\" class=\"elementor elementor-30049 elementor-64\" data-elementor-settings=\"{&quot;ha_cmc_init_switcher&quot;:&quot;no&quot;}\">\n\t\t\t\t\t\t<section class=\"elementor-section elementor-top-section elementor-element elementor-element-7074a3c elementor-section-content-middle elementor-section-boxed elementor-section-height-default elementor-section-height-default\" data-id=\"7074a3c\" data-element_type=\"section\" data-settings=\"{&quot;_ha_eqh_enable&quot;:false}\">\n\t\t\t\t\t\t<div class=\"elementor-container elementor-column-gap-default\">\n\t\t\t\t\t<div class=\"elementor-column elementor-col-50 elementor-top-column elementor-element elementor-element-a91e180\" data-id=\"a91e180\" data-element_type=\"column\">\n\t\t\t<div class=\"elementor-widget-wrap elementor-element-populated\">\n\t\t\t\t\t\t<div class=\"elementor-element elementor-element-196f0e2 elementor-widget elementor-widget-text-editor\" data-id=\"196f0e2\" data-element_type=\"widget\" data-widget_type=\"text-editor.default\">\n\t\t\t\t<div class=\"elementor-widget-container\">\n\t\t\t\t\t\t\t<p>Il lifting delle braccia, o brachioplastica, rimodella il braccio per stringere la pelle lassa e rimuovere il grasso ascellare che spesso crea una forma a \u201cbraccio di farfalla\u201d.<\/p>\t\t\t\t\t\t<\/div>\n\t\t\t\t<\/div>\n\t\t\t\t<div class=\"elementor-element elementor-element-282f39b elementor-widget elementor-widget-text-editor\" data-id=\"282f39b\" data-element_type=\"widget\" data-widget_type=\"text-editor.default\">\n\t\t\t\t<div class=\"elementor-widget-container\">\n\t\t\t\t\t\t\t<p>La pelle del braccio tende a staccarsi con l&#8217;et\u00e0 e dopo significative variazioni di peso. Lo stesso problema si verifica nelle persone che soffrono di linfedema.<\/p>\t\t\t\t\t\t<\/div>\n\t\t\t\t<\/div>\n\t\t\t\t<div class=\"elementor-element elementor-element-f8b2195 elementor-widget elementor-widget-text-editor\" data-id=\"f8b2195\" data-element_type=\"widget\" data-widget_type=\"text-editor.default\">\n\t\t\t\t<div class=\"elementor-widget-container\">\n\t\t\t\t\t\t\t<p>Con l&#8217;asportazione della pelle in eccesso causata dalla perdita di peso o dall&#8217;invecchiamento, \u00e8 possibile ripristinare l&#8217;aspetto naturale della pelle dalla zona ascellare al gomito.<br>In alcuni casi, in presenza di grandi depositi di grasso, il chirurgo ricorre all&#8217;aspirazione del grasso per ottenere i migliori risultati. Rispetto ad altri trattamenti estetici, questo intervento di chirurgia estetica delle braccia conferisce al paziente maggiore sicurezza e autostima.<\/p>\t\t\t\t\t\t<\/div>\n\t\t\t\t<\/div>\n\t\t\t\t<div class=\"elementor-element elementor-element-24eba24 elementor-widget elementor-widget-text-editor\" data-id=\"24eba24\" data-element_type=\"widget\" data-widget_type=\"text-editor.default\">\n\t\t\t\t<div class=\"elementor-widget-container\">\n\t\t\t\t\t\t\t<p>Il rassodamento della pelle lassa ha un effetto positivo sia fisico che psicologico. Grazie alla brachioplastica, ritroverete un braccio liscio, armonioso e perfettamente sagomato.<\/p>\t\t\t\t\t\t<\/div>\n\t\t\t\t<\/div>\n\t\t\t\t\t<\/div>\n\t\t<\/div>\n\t\t\t\t<div class=\"elementor-column elementor-col-50 elementor-top-column elementor-element elementor-element-97cfa69\" data-id=\"97cfa69\" data-element_type=\"column\">\n\t\t\t<div class=\"elementor-widget-wrap elementor-element-populated\">\n\t\t\t\t\t\t<div class=\"elementor-element elementor-element-9968b14 elementor-widget elementor-widget-image\" data-id=\"9968b14\" data-element_type=\"widget\" data-widget_type=\"image.default\">\n\t\t\t\t<div class=\"elementor-widget-container\">\n\t\t\t\t\t\t\t\t\t\t\t\t\t<noscript><img fetchpriority=\"high\" decoding=\"async\" width=\"574\" height=\"586\" src=\"https:\/\/www.polycliniqueplus.com\/wp-content\/uploads\/2021\/03\/lifting-bras-turquie.jpg\" class=\"attachment-large size-large wp-image-4725\" alt=\"Lifting bras Turquie\" srcset=\"https:\/\/www.polycliniqueplus.com\/wp-content\/uploads\/2021\/03\/lifting-bras-turquie.jpg 574w, https:\/\/www.polycliniqueplus.com\/wp-content\/uploads\/2021\/03\/lifting-bras-turquie-294x300.jpg 294w\" sizes=\"(max-width: 574px) 100vw, 574px\"><\/noscript><img fetchpriority=\"high\" decoding=\"async\" width=\"574\" height=\"586\" src=\"data:image\/svg+xml,%3Csvg%20xmlns%3D%22http%3A%2F%2Fwww.w3.org%2F2000%2Fsvg%22%20viewBox%3D%220%200%20574%20586%22%3E%3C%2Fsvg%3E\" class=\"attachment-large size-large wp-image-4725 lazyload\" alt=\"Lifting bras Turquie\" srcset=\"data:image\/svg+xml,%3Csvg%20xmlns%3D%22http%3A%2F%2Fwww.w3.org%2F2000%2Fsvg%22%20viewBox%3D%220%200%20574%20586%22%3E%3C%2Fsvg%3E 574w\" sizes=\"(max-width: 574px) 100vw, 574px\" data-srcset=\"https:\/\/www.polycliniqueplus.com\/wp-content\/uploads\/2021\/03\/lifting-bras-turquie.jpg 574w, https:\/\/www.polycliniqueplus.com\/wp-content\/uploads\/2021\/03\/lifting-bras-turquie-294x300.jpg 294w\" data-src=\"https:\/\/www.polycliniqueplus.com\/wp-content\/uploads\/2021\/03\/lifting-bras-turquie.jpg\">\t\t\t\t\t\t\t\t\t\t\t\t\t<\/div>\n\t\t\t\t<\/div>\n\t\t\t\t\t<\/div>\n\t\t<\/div>\n\t\t\t\t\t<\/div>\n\t\t<\/section>\n\t\t\t\t<section class=\"elementor-section elementor-top-section elementor-element elementor-element-2608606 elementor-section-boxed elementor-section-height-default elementor-section-height-default\" data-id=\"2608606\" data-element_type=\"section\" data-settings=\"{&quot;_ha_eqh_enable&quot;:false}\">\n\t\t\t\t\t\t<div class=\"elementor-container elementor-column-gap-default\">\n\t\t\t\t\t<div class=\"elementor-column elementor-col-100 elementor-top-column elementor-element elementor-element-c5c94a7\" data-id=\"c5c94a7\" data-element_type=\"column\">\n\t\t\t<div class=\"elementor-widget-wrap elementor-element-populated\">\n\t\t\t\t\t\t<div class=\"elementor-element elementor-element-f6db8c4 elementor-button-success elementor-align-center elementor-widget elementor-widget-button\" data-id=\"f6db8c4\" data-element_type=\"widget\" data-widget_type=\"button.default\">\n\t\t\t\t<div class=\"elementor-widget-container\">\n\t\t\t\t\t<div class=\"elementor-button-wrapper\">\n\t\t\t<a class=\"elementor-button elementor-button-link elementor-size-sm\" href=\"https:\/\/api.whatsapp.com\/send?phone=+33635235712&#038;&#038;text=Salve,%20vorrei%20conoscere%20i%20vostri%20servizi%20e%20i%20vostri%20prezzi!\">\n\t\t\t\t\t\t<span class=\"elementor-button-content-wrapper\">\n\t\t\t\t\t\t<span class=\"elementor-button-icon\">\n\t\t\t\t<svg width=\"256\" height=\"256\" viewBox=\"0 0 256 256\" xml:space=\"preserve\" xmlns:xlink=\"http:\/\/www.w3.org\/1999\/xlink\"><g style=\"stroke: none; stroke-width: 0; stroke-dasharray: none; stroke-linecap: butt; stroke-linejoin: miter; stroke-miterlimit: 10; fill: none; fill-rule: nonzero; opacity: 1;\" transform=\"translate(1.4065934065934016 1.4065934065934016) scale(2.81 2.81)\">\t<circle cx=\"45\" cy=\"45\" r=\"45\" style=\"stroke: none; stroke-width: 1; stroke-dasharray: none; stroke-linecap: butt; stroke-linejoin: miter; stroke-miterlimit: 10; fill: rgb(42,181,64); fill-rule: nonzero; opacity: 1;\" transform=\"  matrix(1 0 0 1 0 0) \" \/>\t<path d=\"M 16.138 44.738 c -0.002 5.106 1.332 10.091 3.869 14.485 l -4.112 15.013 l 15.365 -4.029 c 4.233 2.309 8.999 3.525 13.85 3.527 h 0.012 c 15.973 0 28.976 -12.999 28.983 -28.974 c 0.003 -7.742 -3.01 -15.022 -8.481 -20.498 c -5.472 -5.476 -12.749 -8.494 -20.502 -8.497 C 29.146 15.765 16.145 28.762 16.138 44.738 M 25.288 58.466 l -0.574 -0.911 c -2.412 -3.834 -3.685 -8.266 -3.683 -12.816 c 0.005 -13.278 10.811 -24.081 24.099 -24.081 c 6.435 0.003 12.482 2.511 17.031 7.062 c 4.548 4.552 7.051 10.603 7.05 17.037 C 69.205 58.036 58.399 68.84 45.121 68.84 h -0.009 c -4.323 -0.003 -8.563 -1.163 -12.261 -3.357 l -0.88 -0.522 l -9.118 2.391 L 25.288 58.466 z M 45.122 73.734 L 45.122 73.734 L 45.122 73.734 C 45.122 73.734 45.121 73.734 45.122 73.734\" style=\"stroke: none; stroke-width: 1; stroke-dasharray: none; stroke-linecap: butt; stroke-linejoin: miter; stroke-miterlimit: 10; fill: rgb(255,255,255); fill-rule: nonzero; opacity: 1;\" transform=\" matrix(1 0 0 1 0 0) \" stroke-linecap=\"round\" \/>\t<path d=\"M 37.878 32.624 c -0.543 -1.206 -1.113 -1.23 -1.63 -1.251 c -0.422 -0.018 -0.905 -0.017 -1.388 -0.017 c -0.483 0 -1.268 0.181 -1.931 0.906 c -0.664 0.725 -2.535 2.477 -2.535 6.039 c 0 3.563 2.595 7.006 2.957 7.49 c 0.362 0.483 5.01 8.028 12.37 10.931 c 6.118 2.412 7.362 1.933 8.69 1.812 c 1.328 -0.121 4.285 -1.751 4.888 -3.442 c 0.604 -1.691 0.604 -3.14 0.423 -3.443 c -0.181 -0.302 -0.664 -0.483 -1.388 -0.845 c -0.724 -0.362 -4.285 -2.114 -4.948 -2.356 c -0.664 -0.241 -1.147 -0.362 -1.63 0.363 c -0.483 0.724 -1.87 2.355 -2.292 2.838 c -0.422 0.484 -0.845 0.544 -1.569 0.182 c -0.724 -0.363 -3.057 -1.127 -5.824 -3.594 c -2.153 -1.92 -3.606 -4.29 -4.029 -5.015 c -0.422 -0.724 -0.045 -1.116 0.318 -1.477 c 0.325 -0.324 0.724 -0.846 1.087 -1.268 c 0.361 -0.423 0.482 -0.725 0.723 -1.208 c 0.242 -0.483 0.121 -0.906 -0.06 -1.269 C 39.929 37.637 38.522 34.056 37.878 32.624\" style=\"stroke: none; stroke-width: 1; stroke-dasharray: none; stroke-linecap: butt; stroke-linejoin: miter; stroke-miterlimit: 10; fill: rgb(255,255,255); fill-rule: nonzero; opacity: 1;\" transform=\" matrix(1 0 0 1 0 0) \" stroke-linecap=\"round\" \/><\/g><\/svg>\t\t\t<\/span>\n\t\t\t\t\t\t\t\t\t<span class=\"elementor-button-text\">Preventivo Gratuito <\/span>\n\t\t\t\t\t<\/span>\n\t\t\t\t\t<\/a>\n\t\t<\/div>\n\t\t\t\t<\/div>\n\t\t\t\t<\/div>\n\t\t\t\t\t<\/div>\n\t\t<\/div>\n\t\t\t\t\t<\/div>\n\t\t<\/section>\n\t\t\t\t<section class=\"elementor-section elementor-top-section elementor-element elementor-element-c3996a0 elementor-section-boxed elementor-section-height-default elementor-section-height-default\" data-id=\"c3996a0\" data-element_type=\"section\" data-settings=\"{&quot;_ha_eqh_enable&quot;:false}\">\n\t\t\t\t\t\t<div class=\"elementor-container elementor-column-gap-default\">\n\t\t\t\t\t<div class=\"elementor-column elementor-col-100 elementor-top-column elementor-element elementor-element-e9d7b5f\" data-id=\"e9d7b5f\" data-element_type=\"column\">\n\t\t\t<div class=\"elementor-widget-wrap elementor-element-populated\">\n\t\t\t\t\t\t<div class=\"elementor-element elementor-element-94de4f7 elementor-widget elementor-widget-text-editor\" data-id=\"94de4f7\" data-element_type=\"widget\" data-widget_type=\"text-editor.default\">\n\t\t\t\t<div class=\"elementor-widget-container\">\n\t\t\t\t\t\t\t<h2>Indicazioni per il lifting delle braccia<\/h2><p>Le braccia sono di fatto come la zona del viso. \u00c8 una delle parti del nostro corpo che esponiamo pi\u00f9 frequentemente e che spesso tradisce la nostra et\u00e0 o l&#8217;alterazione del nostro corpo. La chirurgia plastica delle braccia \u00e8 rivolta sia agli uomini che alle donne che desiderano recuperare le proprie braccia.<br>L&#8217;intervento di lifting delle braccia \u00e8 utile nei casi in cui vi sia una pelle lassa associata a perdita di elasticit\u00e0 nella zona delle braccia. Questo aspetto antiestetico conferisce alle braccia l&#8217;aspetto di ali di farfalla.<br>Il rilassamento delle braccia pu\u00f2 verificarsi dopo una gravidanza o in seguito a una perdita di peso. Questo pu\u00f2 comportare problemi nelle abitudini pratiche come vestirsi, muoversi, correre, ecc.<\/p>\t\t\t\t\t\t<\/div>\n\t\t\t\t<\/div>\n\t\t\t\t\t<\/div>\n\t\t<\/div>\n\t\t\t\t\t<\/div>\n\t\t<\/section>\n\t\t\t\t<section class=\"elementor-section elementor-top-section elementor-element elementor-element-6bfba709 elementor-section-boxed elementor-section-height-default elementor-section-height-default\" data-id=\"6bfba709\" data-element_type=\"section\" data-settings=\"{&quot;_ha_eqh_enable&quot;:false}\">\n\t\t\t\t\t\t<div class=\"elementor-container elementor-column-gap-default\">\n\t\t\t\t\t<div class=\"elementor-column elementor-col-100 elementor-top-column elementor-element elementor-element-16a77ea2\" data-id=\"16a77ea2\" data-element_type=\"column\">\n\t\t\t<div class=\"elementor-widget-wrap elementor-element-populated\">\n\t\t\t\t\t\t<div class=\"elementor-element elementor-element-7e61bde7 elementor-widget elementor-widget-text-editor\" data-id=\"7e61bde7\" data-element_type=\"widget\" data-widget_type=\"text-editor.default\">\n\t\t\t\t<div class=\"elementor-widget-container\">\n\t\t\t\t\t\t\t<h2>Procedura per la brachioplastica<\/h2><p>Il lifting delle braccia pu\u00f2 essere eseguito in anestesia generale, in anestesia locale \u201cvigile\u201d o in anestesia locale pura.<br>La scelta tra queste diverse tecniche verr\u00e0 fatta dopo una discussione tra il paziente, il chirurgo e l&#8217;anestesista, a seconda delle indicazioni per questo intervento:<\/p><p>Il lifting ascellare delle braccia viene eseguito se il rilassamento cutaneo \u00e8 lieve. La pelle in eccesso viene rimossa orizzontalmente, attraverso un&#8217;incisione nell&#8217;ascella, e i tessuti vengono riportati concentricamente verso l&#8217;incavo ascellare.<br>Se il rilassamento cutaneo \u00e8 pi\u00f9 marcato, si esegue un lifting longitudinale delle braccia. In questo modo la pelle viene levigata riducendo l&#8217;eccesso di pelle in senso longitudinale. L&#8217;incisione viene effettuata sul lato interno del braccio e scende dall&#8217;ascella al gomito.<\/p><h3>Dopo l&#8217;intervento<\/h3><p>Smettere di fumare: rischio di complicazioni chirurgiche.<br>L&#8217;edema si ridurr\u00e0 entro 10-20 giorni.<br>Il dolore non \u00e8 significativo, ma vi verranno somministrati degli antidolorifici.<br>Si consiglia una settimana di congedo dal lavoro.<br>Lo sport pu\u00f2 essere ripreso dopo un mese.<\/p><p>I risultati del lifting interno delle braccia sono visibili molto rapidamente: sono necessarie da 4 a 6 settimane per osservare la nuova forma delle braccia e da 3 a 6 mesi per apprezzare il risultato finale.<\/p>\t\t\t\t\t\t<\/div>\n\t\t\t\t<\/div>\n\t\t\t\t\t<\/div>\n\t\t<\/div>\n\t\t\t\t\t<\/div>\n\t\t<\/section>\n\t\t\t\t<\/div>\n\t\t","protected":false},"excerpt":{"rendered":"<p>Il lifting delle braccia, o brachioplastica, rimodella il braccio per stringere la pelle lassa e rimuovere il grasso ascellare che spesso crea una forma a \u201cbraccio di farfalla\u201d. La pelle del braccio tende a staccarsi con l&#8217;et\u00e0 e dopo significative variazioni di peso. Lo stesso problema si verifica nelle persone che soffrono di linfedema. Con [&hellip;]<\/p>\n","protected":false},"author":1,"featured_media":30050,"parent":0,"menu_order":0,"comment_status":"closed","ping_status":"closed","template":"","meta":{"footnotes":""},"class_list":["post-30049","page","type-page","status-publish","has-post-thumbnail","hentry"],"yoast_head":"<!-- This site is optimized with the Yoast SEO plugin v27.5 - https:\/\/yoast.com\/product\/yoast-seo-wordpress\/ -->\n<title>Reggiseni Lifting Turchia : Lifting brachiale, lifting viso interno dei reggiseni<\/title>\n<meta name=\"description\" content=\"Lifting delle braccia in Turchia: brachioplastica per rimuovere la pelle e il grasso in eccesso dall&#039;interno delle braccia. Rimodellamento e trattamento della pelle lassa.\" \/>\n<meta name=\"robots\" content=\"index, follow, max-snippet:-1, max-video-preview:-1, noimageindex\" \/>\n<link rel=\"canonical\" href=\"https:\/\/www.polycliniqueplus.com\/it\/lifting-braccia-turchia\/\" \/>\n<meta property=\"og:locale\" content=\"it_IT\" \/>\n<meta property=\"og:type\" content=\"article\" \/>\n<meta property=\"og:title\" content=\"Reggiseni Lifting Turchia : Lifting brachiale, lifting viso interno dei reggiseni\" \/>\n<meta property=\"og:description\" content=\"Lifting delle braccia in Turchia: brachioplastica per rimuovere la pelle e il grasso in eccesso dall&#039;interno delle braccia. Rimodellamento e trattamento della pelle lassa.\" \/>\n<meta property=\"og:url\" content=\"https:\/\/www.polycliniqueplus.com\/it\/lifting-braccia-turchia\/\" \/>\n<meta property=\"og:site_name\" content=\"Chirurgie esthetique Turquie : Prix interventions meilleures cliniques Istanbul\" \/>\n<meta property=\"article:publisher\" content=\"https:\/\/www.facebook.com\/polycliniqueplus\" \/>\n<meta property=\"article:modified_time\" content=\"2025-04-28T11:58:21+00:00\" \/>\n<meta property=\"og:image\" content=\"https:\/\/www.polycliniqueplus.com\/wp-content\/uploads\/2017\/06\/lifting-bras-tunisie.jpg\" \/>\n\t<meta property=\"og:image:width\" content=\"792\" \/>\n\t<meta property=\"og:image:height\" content=\"350\" \/>\n\t<meta property=\"og:image:type\" content=\"image\/jpeg\" \/>\n<meta name=\"twitter:card\" content=\"summary_large_image\" \/>\n<meta name=\"twitter:site\" content=\"@polyclinique1\" \/>\n<meta name=\"twitter:label1\" content=\"Tempo di lettura stimato\" \/>\n\t<meta name=\"twitter:data1\" content=\"3 minuti\" \/>\n<script type=\"application\/ld+json\" class=\"yoast-schema-graph\">{\"@context\":\"https:\\\/\\\/schema.org\",\"@graph\":[{\"@type\":\"WebPage\",\"@id\":\"https:\\\/\\\/www.polycliniqueplus.com\\\/it\\\/lifting-braccia-turchia\\\/\",\"url\":\"https:\\\/\\\/www.polycliniqueplus.com\\\/it\\\/lifting-braccia-turchia\\\/\",\"name\":\"Reggiseni Lifting Turchia : Lifting brachiale, lifting viso interno dei reggiseni\",\"isPartOf\":{\"@id\":\"https:\\\/\\\/www.polycliniqueplus.com\\\/it\\\/#website\"},\"primaryImageOfPage\":{\"@id\":\"https:\\\/\\\/www.polycliniqueplus.com\\\/it\\\/lifting-braccia-turchia\\\/#primaryimage\"},\"image\":{\"@id\":\"https:\\\/\\\/www.polycliniqueplus.com\\\/it\\\/lifting-braccia-turchia\\\/#primaryimage\"},\"thumbnailUrl\":\"https:\\\/\\\/www.polycliniqueplus.com\\\/wp-content\\\/uploads\\\/2017\\\/06\\\/lifting-bras-tunisie.jpg\",\"datePublished\":\"2017-06-18T17:12:25+00:00\",\"dateModified\":\"2025-04-28T11:58:21+00:00\",\"description\":\"Lifting delle braccia in Turchia: brachioplastica per rimuovere la pelle e il grasso in eccesso dall'interno delle braccia. Rimodellamento e trattamento della pelle lassa.\",\"breadcrumb\":{\"@id\":\"https:\\\/\\\/www.polycliniqueplus.com\\\/it\\\/lifting-braccia-turchia\\\/#breadcrumb\"},\"inLanguage\":\"it-IT\",\"potentialAction\":[{\"@type\":\"ReadAction\",\"target\":[\"https:\\\/\\\/www.polycliniqueplus.com\\\/it\\\/lifting-braccia-turchia\\\/\"]}]},{\"@type\":\"ImageObject\",\"inLanguage\":\"it-IT\",\"@id\":\"https:\\\/\\\/www.polycliniqueplus.com\\\/it\\\/lifting-braccia-turchia\\\/#primaryimage\",\"url\":\"https:\\\/\\\/www.polycliniqueplus.com\\\/wp-content\\\/uploads\\\/2017\\\/06\\\/lifting-bras-tunisie.jpg\",\"contentUrl\":\"https:\\\/\\\/www.polycliniqueplus.com\\\/wp-content\\\/uploads\\\/2017\\\/06\\\/lifting-bras-tunisie.jpg\",\"width\":792,\"height\":350,\"caption\":\"lifting-bras-Turquie\"},{\"@type\":\"BreadcrumbList\",\"@id\":\"https:\\\/\\\/www.polycliniqueplus.com\\\/it\\\/lifting-braccia-turchia\\\/#breadcrumb\",\"itemListElement\":[{\"@type\":\"ListItem\",\"position\":1,\"name\":\"Accueil\",\"item\":\"https:\\\/\\\/www.polycliniqueplus.com\\\/it\\\/\"},{\"@type\":\"ListItem\",\"position\":2,\"name\":\"Lifting delle braccia in Turchia: rassodamento della pelle all&#8217;interno delle braccia\"}]},{\"@type\":\"WebSite\",\"@id\":\"https:\\\/\\\/www.polycliniqueplus.com\\\/it\\\/#website\",\"url\":\"https:\\\/\\\/www.polycliniqueplus.com\\\/it\\\/\",\"name\":\"Chirurgie esthetique Turquie : Prix interventions meilleures cliniques Istanbul\",\"description\":\"Chirurgie esthetique Turquie prix pas cher\",\"publisher\":{\"@id\":\"https:\\\/\\\/www.polycliniqueplus.com\\\/it\\\/#organization\"},\"potentialAction\":[{\"@type\":\"SearchAction\",\"target\":{\"@type\":\"EntryPoint\",\"urlTemplate\":\"https:\\\/\\\/www.polycliniqueplus.com\\\/it\\\/?s={search_term_string}\"},\"query-input\":{\"@type\":\"PropertyValueSpecification\",\"valueRequired\":true,\"valueName\":\"search_term_string\"}}],\"inLanguage\":\"it-IT\"},{\"@type\":\"Organization\",\"@id\":\"https:\\\/\\\/www.polycliniqueplus.com\\\/it\\\/#organization\",\"name\":\"Polycliniqueplus chirurgie esthetique Turquie\",\"url\":\"https:\\\/\\\/www.polycliniqueplus.com\\\/it\\\/\",\"logo\":{\"@type\":\"ImageObject\",\"inLanguage\":\"it-IT\",\"@id\":\"https:\\\/\\\/www.polycliniqueplus.com\\\/it\\\/#\\\/schema\\\/logo\\\/image\\\/\",\"url\":\"https:\\\/\\\/www.polycliniqueplus.com\\\/wp-content\\\/uploads\\\/2021\\\/03\\\/cropped-add-box-fill.png\",\"contentUrl\":\"https:\\\/\\\/www.polycliniqueplus.com\\\/wp-content\\\/uploads\\\/2021\\\/03\\\/cropped-add-box-fill.png\",\"width\":512,\"height\":512,\"caption\":\"Polycliniqueplus chirurgie esthetique Turquie\"},\"image\":{\"@id\":\"https:\\\/\\\/www.polycliniqueplus.com\\\/it\\\/#\\\/schema\\\/logo\\\/image\\\/\"},\"sameAs\":[\"https:\\\/\\\/www.facebook.com\\\/polycliniqueplus\",\"https:\\\/\\\/x.com\\\/polyclinique1\",\"https:\\\/\\\/www.youtube.com\\\/channel\\\/UCAnK3TORJqflIuYGFa-JQDw\"]}]}<\/script>\n<!-- \/ Yoast SEO plugin. -->","yoast_head_json":{"title":"Reggiseni Lifting Turchia : Lifting brachiale, lifting viso interno dei reggiseni","description":"Lifting delle braccia in Turchia: brachioplastica per rimuovere la pelle e il grasso in eccesso dall'interno delle braccia. Rimodellamento e trattamento della pelle lassa.","robots":{"index":"index","follow":"follow","max-snippet":"max-snippet:-1","max-video-preview":"max-video-preview:-1","imageindex":"noimageindex"},"canonical":"https:\/\/www.polycliniqueplus.com\/it\/lifting-braccia-turchia\/","og_locale":"it_IT","og_type":"article","og_title":"Reggiseni Lifting Turchia : Lifting brachiale, lifting viso interno dei reggiseni","og_description":"Lifting delle braccia in Turchia: brachioplastica per rimuovere la pelle e il grasso in eccesso dall'interno delle braccia. Rimodellamento e trattamento della pelle lassa.","og_url":"https:\/\/www.polycliniqueplus.com\/it\/lifting-braccia-turchia\/","og_site_name":"Chirurgie esthetique Turquie : Prix interventions meilleures cliniques Istanbul","article_publisher":"https:\/\/www.facebook.com\/polycliniqueplus","article_modified_time":"2025-04-28T11:58:21+00:00","og_image":[{"width":792,"height":350,"url":"https:\/\/www.polycliniqueplus.com\/wp-content\/uploads\/2017\/06\/lifting-bras-tunisie.jpg","type":"image\/jpeg"}],"twitter_card":"summary_large_image","twitter_site":"@polyclinique1","twitter_misc":{"Tempo di lettura stimato":"3 minuti"},"schema":{"@context":"https:\/\/schema.org","@graph":[{"@type":"WebPage","@id":"https:\/\/www.polycliniqueplus.com\/it\/lifting-braccia-turchia\/","url":"https:\/\/www.polycliniqueplus.com\/it\/lifting-braccia-turchia\/","name":"Reggiseni Lifting Turchia : Lifting brachiale, lifting viso interno dei reggiseni","isPartOf":{"@id":"https:\/\/www.polycliniqueplus.com\/it\/#website"},"primaryImageOfPage":{"@id":"https:\/\/www.polycliniqueplus.com\/it\/lifting-braccia-turchia\/#primaryimage"},"image":{"@id":"https:\/\/www.polycliniqueplus.com\/it\/lifting-braccia-turchia\/#primaryimage"},"thumbnailUrl":"https:\/\/www.polycliniqueplus.com\/wp-content\/uploads\/2017\/06\/lifting-bras-tunisie.jpg","datePublished":"2017-06-18T17:12:25+00:00","dateModified":"2025-04-28T11:58:21+00:00","description":"Lifting delle braccia in Turchia: brachioplastica per rimuovere la pelle e il grasso in eccesso dall'interno delle braccia. Rimodellamento e trattamento della pelle lassa.","breadcrumb":{"@id":"https:\/\/www.polycliniqueplus.com\/it\/lifting-braccia-turchia\/#breadcrumb"},"inLanguage":"it-IT","potentialAction":[{"@type":"ReadAction","target":["https:\/\/www.polycliniqueplus.com\/it\/lifting-braccia-turchia\/"]}]},{"@type":"ImageObject","inLanguage":"it-IT","@id":"https:\/\/www.polycliniqueplus.com\/it\/lifting-braccia-turchia\/#primaryimage","url":"https:\/\/www.polycliniqueplus.com\/wp-content\/uploads\/2017\/06\/lifting-bras-tunisie.jpg","contentUrl":"https:\/\/www.polycliniqueplus.com\/wp-content\/uploads\/2017\/06\/lifting-bras-tunisie.jpg","width":792,"height":350,"caption":"lifting-bras-Turquie"},{"@type":"BreadcrumbList","@id":"https:\/\/www.polycliniqueplus.com\/it\/lifting-braccia-turchia\/#breadcrumb","itemListElement":[{"@type":"ListItem","position":1,"name":"Accueil","item":"https:\/\/www.polycliniqueplus.com\/it\/"},{"@type":"ListItem","position":2,"name":"Lifting delle braccia in Turchia: rassodamento della pelle all&#8217;interno delle braccia"}]},{"@type":"WebSite","@id":"https:\/\/www.polycliniqueplus.com\/it\/#website","url":"https:\/\/www.polycliniqueplus.com\/it\/","name":"Chirurgie esthetique Turquie : Prix interventions meilleures cliniques Istanbul","description":"Chirurgie esthetique Turquie prix pas cher","publisher":{"@id":"https:\/\/www.polycliniqueplus.com\/it\/#organization"},"potentialAction":[{"@type":"SearchAction","target":{"@type":"EntryPoint","urlTemplate":"https:\/\/www.polycliniqueplus.com\/it\/?s={search_term_string}"},"query-input":{"@type":"PropertyValueSpecification","valueRequired":true,"valueName":"search_term_string"}}],"inLanguage":"it-IT"},{"@type":"Organization","@id":"https:\/\/www.polycliniqueplus.com\/it\/#organization","name":"Polycliniqueplus chirurgie esthetique Turquie","url":"https:\/\/www.polycliniqueplus.com\/it\/","logo":{"@type":"ImageObject","inLanguage":"it-IT","@id":"https:\/\/www.polycliniqueplus.com\/it\/#\/schema\/logo\/image\/","url":"https:\/\/www.polycliniqueplus.com\/wp-content\/uploads\/2021\/03\/cropped-add-box-fill.png","contentUrl":"https:\/\/www.polycliniqueplus.com\/wp-content\/uploads\/2021\/03\/cropped-add-box-fill.png","width":512,"height":512,"caption":"Polycliniqueplus chirurgie esthetique Turquie"},"image":{"@id":"https:\/\/www.polycliniqueplus.com\/it\/#\/schema\/logo\/image\/"},"sameAs":["https:\/\/www.facebook.com\/polycliniqueplus","https:\/\/x.com\/polyclinique1","https:\/\/www.youtube.com\/channel\/UCAnK3TORJqflIuYGFa-JQDw"]}]}},"_links":{"self":[{"href":"https:\/\/www.polycliniqueplus.com\/it\/wp-json\/wp\/v2\/pages\/30049","targetHints":{"allow":["GET"]}}],"collection":[{"href":"https:\/\/www.polycliniqueplus.com\/it\/wp-json\/wp\/v2\/pages"}],"about":[{"href":"https:\/\/www.polycliniqueplus.com\/it\/wp-json\/wp\/v2\/types\/page"}],"author":[{"embeddable":true,"href":"https:\/\/www.polycliniqueplus.com\/it\/wp-json\/wp\/v2\/users\/1"}],"replies":[{"embeddable":true,"href":"https:\/\/www.polycliniqueplus.com\/it\/wp-json\/wp\/v2\/comments?post=30049"}],"version-history":[{"count":13,"href":"https:\/\/www.polycliniqueplus.com\/it\/wp-json\/wp\/v2\/pages\/30049\/revisions"}],"predecessor-version":[{"id":30067,"href":"https:\/\/www.polycliniqueplus.com\/it\/wp-json\/wp\/v2\/pages\/30049\/revisions\/30067"}],"wp:featuredmedia":[{"embeddable":true,"href":"https:\/\/www.polycliniqueplus.com\/it\/wp-json\/wp\/v2\/media\/30050"}],"wp:attachment":[{"href":"https:\/\/www.polycliniqueplus.com\/it\/wp-json\/wp\/v2\/media?parent=30049"}],"curies":[{"name":"wp","href":"https:\/\/api.w.org\/{rel}","templated":true}]}}