{"id":29622,"date":"2017-06-18T18:43:20","date_gmt":"2017-06-18T16:43:20","guid":{"rendered":"https:\/\/www.polycliniqueplus.com\/chirurgie-obesite-turquie\/"},"modified":"2025-12-12T12:02:56","modified_gmt":"2025-12-12T11:02:56","slug":"chirurgia-obesita-turchia","status":"publish","type":"page","link":"https:\/\/www.polycliniqueplus.com\/it\/chirurgia-obesita-turchia\/","title":{"rendered":"Chirurgia bariatica in Turchia: Guida tecniche et prezzi"},"content":{"rendered":"\t\t<div data-elementor-type=\"wp-page\" data-elementor-id=\"29622\" class=\"elementor elementor-29622 elementor-22\" data-elementor-settings=\"{&quot;ha_cmc_init_switcher&quot;:&quot;no&quot;}\">\n\t\t\t\t\t\t<section class=\"elementor-section elementor-top-section elementor-element elementor-element-4e99206 elementor-section-boxed elementor-section-height-default elementor-section-height-default\" data-id=\"4e99206\" data-element_type=\"section\" data-settings=\"{&quot;_ha_eqh_enable&quot;:false}\">\n\t\t\t\t\t\t<div class=\"elementor-container elementor-column-gap-default\">\n\t\t\t\t\t<div class=\"elementor-column elementor-col-100 elementor-top-column elementor-element elementor-element-a0ba129\" data-id=\"a0ba129\" data-element_type=\"column\">\n\t\t\t<div class=\"elementor-widget-wrap elementor-element-populated\">\n\t\t\t\t\t\t<div class=\"elementor-element elementor-element-de4c2e3 elementor-widget elementor-widget-text-editor\" data-id=\"de4c2e3\" data-element_type=\"widget\" data-widget_type=\"text-editor.default\">\n\t\t\t\t<div class=\"elementor-widget-container\">\n\t\t\t\t\t\t\t<p>Conosciuta anche come chirurgia bariatrica, la chirurgia dell&#8217;obesit\u00e0 pu\u00f2 cambiare la figura e il funzionamento dell&#8217;apparato digerente.<\/p><p>Dato che la perdita di peso \u00e8 uno degli obiettivi pi\u00f9 importanti per ottenere una figura pi\u00f9 naturale, le tecniche di chirurgia bariatrica offrono un&#8217;ottima opportunit\u00e0 a chiunque voglia snellire il proprio corpo e liberarsi definitivamente del peso in eccesso.<\/p><h3>Le diverse tecniche di chirurgia bariatrica<\/h3><p>Gli interventi di chirurgia dell&#8217;obesit\u00e0 comprendono<\/p><ul><li>Banda gastrica<\/li><li>Bypass gastrico<\/li><li>Gastrectomia a manica<\/li><\/ul>\t\t\t\t\t\t<\/div>\n\t\t\t\t<\/div>\n\t\t\t\t\t<\/div>\n\t\t<\/div>\n\t\t\t\t\t<\/div>\n\t\t<\/section>\n\t\t\t\t<section class=\"elementor-section elementor-top-section elementor-element elementor-element-8cc063c elementor-section-boxed elementor-section-height-default elementor-section-height-default\" data-id=\"8cc063c\" data-element_type=\"section\" data-settings=\"{&quot;background_background&quot;:&quot;classic&quot;,&quot;_ha_eqh_enable&quot;:false}\">\n\t\t\t\t\t\t<div class=\"elementor-container elementor-column-gap-default\">\n\t\t\t\t\t<div class=\"elementor-column elementor-col-100 elementor-top-column elementor-element elementor-element-9e24e74\" data-id=\"9e24e74\" data-element_type=\"column\">\n\t\t\t<div class=\"elementor-widget-wrap elementor-element-populated\">\n\t\t\t\t\t\t<div class=\"elementor-element elementor-element-3227044 elementor-widget elementor-widget-heading\" data-id=\"3227044\" data-element_type=\"widget\" data-widget_type=\"heading.default\">\n\t\t\t\t<div class=\"elementor-widget-container\">\n\t\t\t<h4 class=\"elementor-heading-title elementor-size-default\">Preventivo gratuito e prezzo tutto compreso per la chirurgia dell'obesit\u00e0 in Turchia<\/h4>\t\t<\/div>\n\t\t\t\t<\/div>\n\t\t\t\t<div class=\"elementor-element elementor-element-153477b elementor-align-center elementor-widget elementor-widget-button\" data-id=\"153477b\" data-element_type=\"widget\" data-widget_type=\"button.default\">\n\t\t\t\t<div class=\"elementor-widget-container\">\n\t\t\t\t\t<div class=\"elementor-button-wrapper\">\n\t\t\t<a class=\"elementor-button elementor-button-link elementor-size-sm\" href=\"https:\/\/api.whatsapp.com\/send?phone=+33635235712&#038;&#038;text=Salve,%20vorrei%20conoscere%20il%20vostro%20lavoro%20e%20i%20vostri%20prezzi!\">\n\t\t\t\t\t\t<span class=\"elementor-button-content-wrapper\">\n\t\t\t\t\t\t<span class=\"elementor-button-icon\">\n\t\t\t\t<svg xmlns=\"http:\/\/www.w3.org\/2000\/svg\" xmlns:xlink=\"http:\/\/www.w3.org\/1999\/xlink\" width=\"256\" height=\"256\" viewBox=\"0 0 256 256\" xml:space=\"preserve\"><g style=\"stroke: none; stroke-width: 0; stroke-dasharray: none; stroke-linecap: butt; stroke-linejoin: miter; stroke-miterlimit: 10; fill: none; fill-rule: nonzero; opacity: 1;\" transform=\"translate(1.4065934065934016 1.4065934065934016) scale(2.81 2.81)\">\t<circle cx=\"45\" cy=\"45\" r=\"45\" style=\"stroke: none; stroke-width: 1; stroke-dasharray: none; stroke-linecap: butt; stroke-linejoin: miter; stroke-miterlimit: 10; fill: rgb(42,181,64); fill-rule: nonzero; opacity: 1;\" transform=\"  matrix(1 0 0 1 0 0) \"><\/circle>\t<path d=\"M 16.138 44.738 c -0.002 5.106 1.332 10.091 3.869 14.485 l -4.112 15.013 l 15.365 -4.029 c 4.233 2.309 8.999 3.525 13.85 3.527 h 0.012 c 15.973 0 28.976 -12.999 28.983 -28.974 c 0.003 -7.742 -3.01 -15.022 -8.481 -20.498 c -5.472 -5.476 -12.749 -8.494 -20.502 -8.497 C 29.146 15.765 16.145 28.762 16.138 44.738 M 25.288 58.466 l -0.574 -0.911 c -2.412 -3.834 -3.685 -8.266 -3.683 -12.816 c 0.005 -13.278 10.811 -24.081 24.099 -24.081 c 6.435 0.003 12.482 2.511 17.031 7.062 c 4.548 4.552 7.051 10.603 7.05 17.037 C 69.205 58.036 58.399 68.84 45.121 68.84 h -0.009 c -4.323 -0.003 -8.563 -1.163 -12.261 -3.357 l -0.88 -0.522 l -9.118 2.391 L 25.288 58.466 z M 45.122 73.734 L 45.122 73.734 L 45.122 73.734 C 45.122 73.734 45.121 73.734 45.122 73.734\" style=\"stroke: none; stroke-width: 1; stroke-dasharray: none; stroke-linecap: butt; stroke-linejoin: miter; stroke-miterlimit: 10; fill: rgb(255,255,255); fill-rule: nonzero; opacity: 1;\" transform=\" matrix(1 0 0 1 0 0) \" stroke-linecap=\"round\"><\/path>\t<path d=\"M 37.878 32.624 c -0.543 -1.206 -1.113 -1.23 -1.63 -1.251 c -0.422 -0.018 -0.905 -0.017 -1.388 -0.017 c -0.483 0 -1.268 0.181 -1.931 0.906 c -0.664 0.725 -2.535 2.477 -2.535 6.039 c 0 3.563 2.595 7.006 2.957 7.49 c 0.362 0.483 5.01 8.028 12.37 10.931 c 6.118 2.412 7.362 1.933 8.69 1.812 c 1.328 -0.121 4.285 -1.751 4.888 -3.442 c 0.604 -1.691 0.604 -3.14 0.423 -3.443 c -0.181 -0.302 -0.664 -0.483 -1.388 -0.845 c -0.724 -0.362 -4.285 -2.114 -4.948 -2.356 c -0.664 -0.241 -1.147 -0.362 -1.63 0.363 c -0.483 0.724 -1.87 2.355 -2.292 2.838 c -0.422 0.484 -0.845 0.544 -1.569 0.182 c -0.724 -0.363 -3.057 -1.127 -5.824 -3.594 c -2.153 -1.92 -3.606 -4.29 -4.029 -5.015 c -0.422 -0.724 -0.045 -1.116 0.318 -1.477 c 0.325 -0.324 0.724 -0.846 1.087 -1.268 c 0.361 -0.423 0.482 -0.725 0.723 -1.208 c 0.242 -0.483 0.121 -0.906 -0.06 -1.269 C 39.929 37.637 38.522 34.056 37.878 32.624\" style=\"stroke: none; stroke-width: 1; stroke-dasharray: none; stroke-linecap: butt; stroke-linejoin: miter; stroke-miterlimit: 10; fill: rgb(255,255,255); fill-rule: nonzero; opacity: 1;\" transform=\" matrix(1 0 0 1 0 0) \" stroke-linecap=\"round\"><\/path><\/g><\/svg>\t\t\t<\/span>\n\t\t\t\t\t\t\t\t\t<span class=\"elementor-button-text\">Preventivo gratuito di chirurgia dell'obesit\u00e0<\/span>\n\t\t\t\t\t<\/span>\n\t\t\t\t\t<\/a>\n\t\t<\/div>\n\t\t\t\t<\/div>\n\t\t\t\t<\/div>\n\t\t\t\t\t<\/div>\n\t\t<\/div>\n\t\t\t\t\t<\/div>\n\t\t<\/section>\n\t\t\t\t<section class=\"elementor-section elementor-top-section elementor-element elementor-element-b7e22d4 elementor-section-boxed elementor-section-height-default elementor-section-height-default\" data-id=\"b7e22d4\" data-element_type=\"section\" data-settings=\"{&quot;_ha_eqh_enable&quot;:false}\">\n\t\t\t\t\t\t<div class=\"elementor-container elementor-column-gap-default\">\n\t\t\t\t\t<div class=\"elementor-column elementor-col-100 elementor-top-column elementor-element elementor-element-756bf5b\" data-id=\"756bf5b\" data-element_type=\"column\">\n\t\t\t<div class=\"elementor-widget-wrap elementor-element-populated\">\n\t\t\t\t\t\t<div class=\"elementor-element elementor-element-0472f29 elementor-widget elementor-widget-text-editor\" data-id=\"0472f29\" data-element_type=\"widget\" data-widget_type=\"text-editor.default\">\n\t\t\t\t<div class=\"elementor-widget-container\">\n\t\t\t\t\t\t\t<p>In generale, la chirurgia bariatrica pu\u00f2 portare a una perdita di peso media di 30-40 chili. Tuttavia, \u00e8 molto importante verificare se si \u00e8 idonei dal punto di vista medico e chirurgico a sottoporsi a uno di questi interventi, perch\u00e9 per alcuni pazienti la dieta e l&#8217;esercizio fisico regolare possono essere sufficienti per perdere peso.<\/p><p>Il ricorso a questi interventi rivoluzionari varia da un paziente all&#8217;altro. Solo il chirurgo responsabile dell&#8217;intervento pu\u00f2 determinare la tecnica chirurgica migliore per trattare l&#8217;obesit\u00e0 del paziente.<\/p><p>Grazie agli esperti chirurghi plastici che collaborano con la nostra agenzia medica Polycliniqueplus, potete aspettarvi i risultati che stavate aspettando. Sebbene il grado di perdita di peso non sia lo stesso per tutti i pazienti, i pazienti in sovrappeso saranno trattati in modo appropriato dai nostri chirurghi plastici. Essi vi aiuteranno a ritrovare una pelle pi\u00f9 tonica e una silhouette pi\u00f9 naturale.<\/p>\t\t\t\t\t\t<\/div>\n\t\t\t\t<\/div>\n\t\t\t\t\t<\/div>\n\t\t<\/div>\n\t\t\t\t\t<\/div>\n\t\t<\/section>\n\t\t\t\t<section class=\"elementor-section elementor-top-section elementor-element elementor-element-21fb7eb3 elementor-section-boxed elementor-section-height-default elementor-section-height-default\" data-id=\"21fb7eb3\" data-element_type=\"section\" data-settings=\"{&quot;_ha_eqh_enable&quot;:false}\">\n\t\t\t\t\t\t<div class=\"elementor-container elementor-column-gap-default\">\n\t\t\t\t\t<div class=\"elementor-column elementor-col-100 elementor-top-column elementor-element elementor-element-2b4b3491\" data-id=\"2b4b3491\" data-element_type=\"column\">\n\t\t\t<div class=\"elementor-widget-wrap elementor-element-populated\">\n\t\t\t\t\t\t<div class=\"elementor-element elementor-element-7b59481d elementor-widget elementor-widget-text-editor\" data-id=\"7b59481d\" data-element_type=\"widget\" data-widget_type=\"text-editor.default\">\n\t\t\t\t<div class=\"elementor-widget-container\">\n\t\t\t\t\t\t\t<h2>Consigli e suggerimenti per superare l&#8217;obesit\u00e0 patologica<\/h2><p>Il sovrappeso \u00e8 generalmente legato a problemi psicologici, consapevoli o meno, che bloccano la perdita di peso.<\/p><p>Quali sono queste corde? Il medico, il nutrizionista, il fisioterapista, lo psichiatra, ecc.<\/p><p>Per porre fine ai chili di troppo \u00e8 necessario affrontare i problemi psicologici. Il sovrappeso \u00e8 il risultato di conflitti psicologici multifattoriali che bloccano ogni possibilit\u00e0 di successo. Molto spesso i problemi principali non vengono presi sul serio o vengono talvolta minimizzati.<\/p><p>\u00a0<\/p>\t\t\t\t\t\t<\/div>\n\t\t\t\t<\/div>\n\t\t\t\t\t<\/div>\n\t\t<\/div>\n\t\t\t\t\t<\/div>\n\t\t<\/section>\n\t\t\t\t<\/div>\n\t\t","protected":false},"excerpt":{"rendered":"<p>Conosciuta anche come chirurgia bariatrica, la chirurgia dell&#8217;obesit\u00e0 pu\u00f2 cambiare la figura e il funzionamento dell&#8217;apparato digerente. Dato che la perdita di peso \u00e8 uno degli obiettivi pi\u00f9 importanti per ottenere una figura pi\u00f9 naturale, le tecniche di chirurgia bariatrica offrono un&#8217;ottima opportunit\u00e0 a chiunque voglia snellire il proprio corpo e liberarsi definitivamente del peso [&hellip;]<\/p>\n","protected":false},"author":1,"featured_media":29623,"parent":0,"menu_order":0,"comment_status":"closed","ping_status":"closed","template":"","meta":{"footnotes":""},"class_list":["post-29622","page","type-page","status-publish","has-post-thumbnail","hentry"],"yoast_head":"<!-- This site is optimized with the Yoast SEO plugin v27.3 - https:\/\/yoast.com\/product\/yoast-seo-wordpress\/ -->\n<title>Chirurgia dell&#039;obesit\u00e0 Turchia: soluzioni chirurgiche per l&#039;obesit\u00e0 patologica<\/title>\n<meta name=\"description\" content=\"Chirurgia dell&#039;obesit\u00e0 Turchia: tutto quello che c&#039;\u00e8 da sapere sulle tecniche chirurgiche per il trattamento radicale dell&#039;obesit\u00e0 e del sovrappeso.\" \/>\n<meta name=\"robots\" content=\"index, follow, max-snippet:-1, max-video-preview:-1, noimageindex\" \/>\n<link rel=\"canonical\" href=\"https:\/\/www.polycliniqueplus.com\/it\/chirurgia-obesita-turchia\/\" \/>\n<meta property=\"og:locale\" content=\"it_IT\" \/>\n<meta property=\"og:type\" content=\"article\" \/>\n<meta property=\"og:title\" content=\"Chirurgia dell&#039;obesit\u00e0 Turchia: soluzioni chirurgiche per l&#039;obesit\u00e0 patologica\" \/>\n<meta property=\"og:description\" content=\"Chirurgia dell&#039;obesit\u00e0 Turchia: tutto quello che c&#039;\u00e8 da sapere sulle tecniche chirurgiche per il trattamento radicale dell&#039;obesit\u00e0 e del sovrappeso.\" \/>\n<meta property=\"og:url\" content=\"https:\/\/www.polycliniqueplus.com\/it\/chirurgia-obesita-turchia\/\" \/>\n<meta property=\"og:site_name\" content=\"Chirurgie esthetique Turquie : Prix interventions meilleures cliniques Istanbul\" \/>\n<meta property=\"article:publisher\" content=\"https:\/\/www.facebook.com\/polycliniqueplus\" \/>\n<meta property=\"article:modified_time\" content=\"2025-12-12T11:02:56+00:00\" \/>\n<meta property=\"og:image\" content=\"https:\/\/www.polycliniqueplus.com\/wp-content\/uploads\/2017\/06\/techniques-chirurgie-obesite.png\" \/>\n\t<meta property=\"og:image:width\" content=\"900\" \/>\n\t<meta property=\"og:image:height\" content=\"357\" \/>\n\t<meta property=\"og:image:type\" content=\"image\/png\" \/>\n<meta name=\"twitter:card\" content=\"summary_large_image\" \/>\n<meta name=\"twitter:site\" content=\"@polyclinique1\" \/>\n<meta name=\"twitter:label1\" content=\"Tempo di lettura stimato\" \/>\n\t<meta name=\"twitter:data1\" content=\"2 minuti\" \/>\n<script type=\"application\/ld+json\" class=\"yoast-schema-graph\">{\"@context\":\"https:\\\/\\\/schema.org\",\"@graph\":[{\"@type\":\"WebPage\",\"@id\":\"https:\\\/\\\/www.polycliniqueplus.com\\\/it\\\/chirurgia-obesita-turchia\\\/\",\"url\":\"https:\\\/\\\/www.polycliniqueplus.com\\\/it\\\/chirurgia-obesita-turchia\\\/\",\"name\":\"Chirurgia dell'obesit\u00e0 Turchia: soluzioni chirurgiche per l'obesit\u00e0 patologica\",\"isPartOf\":{\"@id\":\"https:\\\/\\\/www.polycliniqueplus.com\\\/it\\\/#website\"},\"primaryImageOfPage\":{\"@id\":\"https:\\\/\\\/www.polycliniqueplus.com\\\/it\\\/chirurgia-obesita-turchia\\\/#primaryimage\"},\"image\":{\"@id\":\"https:\\\/\\\/www.polycliniqueplus.com\\\/it\\\/chirurgia-obesita-turchia\\\/#primaryimage\"},\"thumbnailUrl\":\"https:\\\/\\\/www.polycliniqueplus.com\\\/wp-content\\\/uploads\\\/2017\\\/06\\\/techniques-chirurgie-obesite.png\",\"datePublished\":\"2017-06-18T16:43:20+00:00\",\"dateModified\":\"2025-12-12T11:02:56+00:00\",\"description\":\"Chirurgia dell'obesit\u00e0 Turchia: tutto quello che c'\u00e8 da sapere sulle tecniche chirurgiche per il trattamento radicale dell'obesit\u00e0 e del sovrappeso.\",\"breadcrumb\":{\"@id\":\"https:\\\/\\\/www.polycliniqueplus.com\\\/it\\\/chirurgia-obesita-turchia\\\/#breadcrumb\"},\"inLanguage\":\"it-IT\",\"potentialAction\":[{\"@type\":\"ReadAction\",\"target\":[\"https:\\\/\\\/www.polycliniqueplus.com\\\/it\\\/chirurgia-obesita-turchia\\\/\"]}]},{\"@type\":\"ImageObject\",\"inLanguage\":\"it-IT\",\"@id\":\"https:\\\/\\\/www.polycliniqueplus.com\\\/it\\\/chirurgia-obesita-turchia\\\/#primaryimage\",\"url\":\"https:\\\/\\\/www.polycliniqueplus.com\\\/wp-content\\\/uploads\\\/2017\\\/06\\\/techniques-chirurgie-obesite.png\",\"contentUrl\":\"https:\\\/\\\/www.polycliniqueplus.com\\\/wp-content\\\/uploads\\\/2017\\\/06\\\/techniques-chirurgie-obesite.png\",\"width\":900,\"height\":357,\"caption\":\"techniques-chirurgie-obesite\"},{\"@type\":\"BreadcrumbList\",\"@id\":\"https:\\\/\\\/www.polycliniqueplus.com\\\/it\\\/chirurgia-obesita-turchia\\\/#breadcrumb\",\"itemListElement\":[{\"@type\":\"ListItem\",\"position\":1,\"name\":\"Accueil\",\"item\":\"https:\\\/\\\/www.polycliniqueplus.com\\\/it\\\/\"},{\"@type\":\"ListItem\",\"position\":2,\"name\":\"Chirurgia bariatica in Turchia: Guida tecniche et prezzi\"}]},{\"@type\":\"WebSite\",\"@id\":\"https:\\\/\\\/www.polycliniqueplus.com\\\/it\\\/#website\",\"url\":\"https:\\\/\\\/www.polycliniqueplus.com\\\/it\\\/\",\"name\":\"Chirurgie esthetique Turquie : Prix interventions meilleures cliniques Istanbul\",\"description\":\"Chirurgie esthetique Turquie prix pas cher\",\"publisher\":{\"@id\":\"https:\\\/\\\/www.polycliniqueplus.com\\\/it\\\/#organization\"},\"potentialAction\":[{\"@type\":\"SearchAction\",\"target\":{\"@type\":\"EntryPoint\",\"urlTemplate\":\"https:\\\/\\\/www.polycliniqueplus.com\\\/it\\\/?s={search_term_string}\"},\"query-input\":{\"@type\":\"PropertyValueSpecification\",\"valueRequired\":true,\"valueName\":\"search_term_string\"}}],\"inLanguage\":\"it-IT\"},{\"@type\":\"Organization\",\"@id\":\"https:\\\/\\\/www.polycliniqueplus.com\\\/it\\\/#organization\",\"name\":\"Polycliniqueplus chirurgie esthetique Turquie\",\"url\":\"https:\\\/\\\/www.polycliniqueplus.com\\\/it\\\/\",\"logo\":{\"@type\":\"ImageObject\",\"inLanguage\":\"it-IT\",\"@id\":\"https:\\\/\\\/www.polycliniqueplus.com\\\/it\\\/#\\\/schema\\\/logo\\\/image\\\/\",\"url\":\"https:\\\/\\\/www.polycliniqueplus.com\\\/wp-content\\\/uploads\\\/2021\\\/03\\\/cropped-add-box-fill.png\",\"contentUrl\":\"https:\\\/\\\/www.polycliniqueplus.com\\\/wp-content\\\/uploads\\\/2021\\\/03\\\/cropped-add-box-fill.png\",\"width\":512,\"height\":512,\"caption\":\"Polycliniqueplus chirurgie esthetique Turquie\"},\"image\":{\"@id\":\"https:\\\/\\\/www.polycliniqueplus.com\\\/it\\\/#\\\/schema\\\/logo\\\/image\\\/\"},\"sameAs\":[\"https:\\\/\\\/www.facebook.com\\\/polycliniqueplus\",\"https:\\\/\\\/x.com\\\/polyclinique1\",\"https:\\\/\\\/www.youtube.com\\\/channel\\\/UCAnK3TORJqflIuYGFa-JQDw\"]}]}<\/script>\n<!-- \/ Yoast SEO plugin. -->","yoast_head_json":{"title":"Chirurgia dell'obesit\u00e0 Turchia: soluzioni chirurgiche per l'obesit\u00e0 patologica","description":"Chirurgia dell'obesit\u00e0 Turchia: tutto quello che c'\u00e8 da sapere sulle tecniche chirurgiche per il trattamento radicale dell'obesit\u00e0 e del sovrappeso.","robots":{"index":"index","follow":"follow","max-snippet":"max-snippet:-1","max-video-preview":"max-video-preview:-1","imageindex":"noimageindex"},"canonical":"https:\/\/www.polycliniqueplus.com\/it\/chirurgia-obesita-turchia\/","og_locale":"it_IT","og_type":"article","og_title":"Chirurgia dell'obesit\u00e0 Turchia: soluzioni chirurgiche per l'obesit\u00e0 patologica","og_description":"Chirurgia dell'obesit\u00e0 Turchia: tutto quello che c'\u00e8 da sapere sulle tecniche chirurgiche per il trattamento radicale dell'obesit\u00e0 e del sovrappeso.","og_url":"https:\/\/www.polycliniqueplus.com\/it\/chirurgia-obesita-turchia\/","og_site_name":"Chirurgie esthetique Turquie : Prix interventions meilleures cliniques Istanbul","article_publisher":"https:\/\/www.facebook.com\/polycliniqueplus","article_modified_time":"2025-12-12T11:02:56+00:00","og_image":[{"width":900,"height":357,"url":"https:\/\/www.polycliniqueplus.com\/wp-content\/uploads\/2017\/06\/techniques-chirurgie-obesite.png","type":"image\/png"}],"twitter_card":"summary_large_image","twitter_site":"@polyclinique1","twitter_misc":{"Tempo di lettura stimato":"2 minuti"},"schema":{"@context":"https:\/\/schema.org","@graph":[{"@type":"WebPage","@id":"https:\/\/www.polycliniqueplus.com\/it\/chirurgia-obesita-turchia\/","url":"https:\/\/www.polycliniqueplus.com\/it\/chirurgia-obesita-turchia\/","name":"Chirurgia dell'obesit\u00e0 Turchia: soluzioni chirurgiche per l'obesit\u00e0 patologica","isPartOf":{"@id":"https:\/\/www.polycliniqueplus.com\/it\/#website"},"primaryImageOfPage":{"@id":"https:\/\/www.polycliniqueplus.com\/it\/chirurgia-obesita-turchia\/#primaryimage"},"image":{"@id":"https:\/\/www.polycliniqueplus.com\/it\/chirurgia-obesita-turchia\/#primaryimage"},"thumbnailUrl":"https:\/\/www.polycliniqueplus.com\/wp-content\/uploads\/2017\/06\/techniques-chirurgie-obesite.png","datePublished":"2017-06-18T16:43:20+00:00","dateModified":"2025-12-12T11:02:56+00:00","description":"Chirurgia dell'obesit\u00e0 Turchia: tutto quello che c'\u00e8 da sapere sulle tecniche chirurgiche per il trattamento radicale dell'obesit\u00e0 e del sovrappeso.","breadcrumb":{"@id":"https:\/\/www.polycliniqueplus.com\/it\/chirurgia-obesita-turchia\/#breadcrumb"},"inLanguage":"it-IT","potentialAction":[{"@type":"ReadAction","target":["https:\/\/www.polycliniqueplus.com\/it\/chirurgia-obesita-turchia\/"]}]},{"@type":"ImageObject","inLanguage":"it-IT","@id":"https:\/\/www.polycliniqueplus.com\/it\/chirurgia-obesita-turchia\/#primaryimage","url":"https:\/\/www.polycliniqueplus.com\/wp-content\/uploads\/2017\/06\/techniques-chirurgie-obesite.png","contentUrl":"https:\/\/www.polycliniqueplus.com\/wp-content\/uploads\/2017\/06\/techniques-chirurgie-obesite.png","width":900,"height":357,"caption":"techniques-chirurgie-obesite"},{"@type":"BreadcrumbList","@id":"https:\/\/www.polycliniqueplus.com\/it\/chirurgia-obesita-turchia\/#breadcrumb","itemListElement":[{"@type":"ListItem","position":1,"name":"Accueil","item":"https:\/\/www.polycliniqueplus.com\/it\/"},{"@type":"ListItem","position":2,"name":"Chirurgia bariatica in Turchia: Guida tecniche et prezzi"}]},{"@type":"WebSite","@id":"https:\/\/www.polycliniqueplus.com\/it\/#website","url":"https:\/\/www.polycliniqueplus.com\/it\/","name":"Chirurgie esthetique Turquie : Prix interventions meilleures cliniques Istanbul","description":"Chirurgie esthetique Turquie prix pas cher","publisher":{"@id":"https:\/\/www.polycliniqueplus.com\/it\/#organization"},"potentialAction":[{"@type":"SearchAction","target":{"@type":"EntryPoint","urlTemplate":"https:\/\/www.polycliniqueplus.com\/it\/?s={search_term_string}"},"query-input":{"@type":"PropertyValueSpecification","valueRequired":true,"valueName":"search_term_string"}}],"inLanguage":"it-IT"},{"@type":"Organization","@id":"https:\/\/www.polycliniqueplus.com\/it\/#organization","name":"Polycliniqueplus chirurgie esthetique Turquie","url":"https:\/\/www.polycliniqueplus.com\/it\/","logo":{"@type":"ImageObject","inLanguage":"it-IT","@id":"https:\/\/www.polycliniqueplus.com\/it\/#\/schema\/logo\/image\/","url":"https:\/\/www.polycliniqueplus.com\/wp-content\/uploads\/2021\/03\/cropped-add-box-fill.png","contentUrl":"https:\/\/www.polycliniqueplus.com\/wp-content\/uploads\/2021\/03\/cropped-add-box-fill.png","width":512,"height":512,"caption":"Polycliniqueplus chirurgie esthetique Turquie"},"image":{"@id":"https:\/\/www.polycliniqueplus.com\/it\/#\/schema\/logo\/image\/"},"sameAs":["https:\/\/www.facebook.com\/polycliniqueplus","https:\/\/x.com\/polyclinique1","https:\/\/www.youtube.com\/channel\/UCAnK3TORJqflIuYGFa-JQDw"]}]}},"_links":{"self":[{"href":"https:\/\/www.polycliniqueplus.com\/it\/wp-json\/wp\/v2\/pages\/29622","targetHints":{"allow":["GET"]}}],"collection":[{"href":"https:\/\/www.polycliniqueplus.com\/it\/wp-json\/wp\/v2\/pages"}],"about":[{"href":"https:\/\/www.polycliniqueplus.com\/it\/wp-json\/wp\/v2\/types\/page"}],"author":[{"embeddable":true,"href":"https:\/\/www.polycliniqueplus.com\/it\/wp-json\/wp\/v2\/users\/1"}],"replies":[{"embeddable":true,"href":"https:\/\/www.polycliniqueplus.com\/it\/wp-json\/wp\/v2\/comments?post=29622"}],"version-history":[{"count":17,"href":"https:\/\/www.polycliniqueplus.com\/it\/wp-json\/wp\/v2\/pages\/29622\/revisions"}],"predecessor-version":[{"id":32600,"href":"https:\/\/www.polycliniqueplus.com\/it\/wp-json\/wp\/v2\/pages\/29622\/revisions\/32600"}],"wp:featuredmedia":[{"embeddable":true,"href":"https:\/\/www.polycliniqueplus.com\/it\/wp-json\/wp\/v2\/media\/29623"}],"wp:attachment":[{"href":"https:\/\/www.polycliniqueplus.com\/it\/wp-json\/wp\/v2\/media?parent=29622"}],"curies":[{"name":"wp","href":"https:\/\/api.w.org\/{rel}","templated":true}]}}