{"id":29589,"date":"2017-06-18T18:37:17","date_gmt":"2017-06-18T16:37:17","guid":{"rendered":"https:\/\/www.polycliniqueplus.com\/chirurgie-seins-turquie\/"},"modified":"2025-12-12T12:03:07","modified_gmt":"2025-12-12T11:03:07","slug":"chirurgia-del-seno-in-turchia","status":"publish","type":"page","link":"https:\/\/www.polycliniqueplus.com\/it\/chirurgia-del-seno-in-turchia\/","title":{"rendered":"Chirurgia del seno Turchia: prezzi per l&#8217;aumento, la riduzione e il sollevamento del seno"},"content":{"rendered":"<div data-elementor-type=\"wp-page\" data-elementor-id=\"29589\" class=\"elementor elementor-29589 elementor-14\" data-elementor-settings=\"{&quot;ha_cmc_init_switcher&quot;:&quot;no&quot;}\">\n\t\t\t\t\t\t<section class=\"elementor-section elementor-top-section elementor-element elementor-element-b5157fd elementor-section-content-middle elementor-section-boxed elementor-section-height-default elementor-section-height-default\" data-id=\"b5157fd\" data-element_type=\"section\" data-settings=\"{&quot;_ha_eqh_enable&quot;:false}\">\n\t\t\t\t\t\t<div class=\"elementor-container elementor-column-gap-default\">\n\t\t\t\t\t<div class=\"elementor-column elementor-col-50 elementor-top-column elementor-element elementor-element-24b63c1\" data-id=\"24b63c1\" data-element_type=\"column\">\n\t\t\t<div class=\"elementor-widget-wrap elementor-element-populated\">\n\t\t\t\t\t\t<div class=\"elementor-element elementor-element-db6aafc elementor-widget elementor-widget-text-editor\" data-id=\"db6aafc\" data-element_type=\"widget\" data-widget_type=\"text-editor.default\">\n\t\t\t\t<div class=\"elementor-widget-container\">\n\t\t\t\t\t\t\t<p>Che il vostro seno sia troppo grande o non abbastanza grande, deformato a seguito di un&#8217;operazione o di una malformazione congenita, o altro, la chirurgia del seno pu\u00f2 porre rimedio a tutti questi problemi.<\/p><p>Simbolo di femminilit\u00e0 e maternit\u00e0, ma anche oggetto di fantasia, i seni sono gli organi che danno al torace il suo aspetto.<\/p>\t\t\t\t\t\t<\/div>\n\t\t\t\t<\/div>\n\t\t\t\t<div class=\"elementor-element elementor-element-21d7cab elementor-widget elementor-widget-text-editor\" data-id=\"21d7cab\" data-element_type=\"widget\" data-widget_type=\"text-editor.default\">\n\t\t\t\t<div class=\"elementor-widget-container\">\n\t\t\t\t\t\t\t<h3>La chirurgia estetica del seno comprende :<\/h3><ul><li>Aumento del seno.<\/li><li>Sollevamento del seno.<\/li><li>Riduzione del seno per ipertrofia mammaria.<\/li><li>Ricostruzione del seno in seguito a trauma o cancro.<\/li><li>Seni tuberosi e altre malformazioni mammarie congenite.<\/li><li>Lipofilling del seno<\/li><li>Ginecomastia (uomini)<\/li><li>Sostituzione di protesi mammarie<\/li><\/ul>\t\t\t\t\t\t<\/div>\n\t\t\t\t<\/div>\n\t\t\t\t\t<\/div>\n\t\t<\/div>\n\t\t\t\t<div class=\"elementor-column elementor-col-50 elementor-top-column elementor-element elementor-element-9895a24\" data-id=\"9895a24\" data-element_type=\"column\">\n\t\t\t<div class=\"elementor-widget-wrap elementor-element-populated\">\n\t\t\t\t\t\t<div class=\"elementor-element elementor-element-cb3834e elementor-widget elementor-widget-image\" data-id=\"cb3834e\" data-element_type=\"widget\" data-widget_type=\"image.default\">\n\t\t\t\t<div class=\"elementor-widget-container\">\n\t\t\t\t\t\t\t\t\t\t\t\t\t<noscript><img fetchpriority=\"high\" decoding=\"async\" width=\"574\" height=\"586\" src=\"https:\/\/www.polycliniqueplus.com\/wp-content\/uploads\/2021\/03\/chirurgie-turquie-mammaire.jpg\" class=\"attachment-large size-large wp-image-4350\" alt srcset=\"https:\/\/www.polycliniqueplus.com\/wp-content\/uploads\/2021\/03\/chirurgie-turquie-mammaire.jpg 574w, https:\/\/www.polycliniqueplus.com\/wp-content\/uploads\/2021\/03\/chirurgie-turquie-mammaire-294x300.jpg 294w\" sizes=\"(max-width: 574px) 100vw, 574px\"><\/noscript><img fetchpriority=\"high\" decoding=\"async\" width=\"574\" height=\"586\" src=\"data:image\/svg+xml,%3Csvg%20xmlns%3D%22http%3A%2F%2Fwww.w3.org%2F2000%2Fsvg%22%20viewBox%3D%220%200%20574%20586%22%3E%3C%2Fsvg%3E\" class=\"attachment-large size-large wp-image-4350 lazyload\" alt srcset=\"data:image\/svg+xml,%3Csvg%20xmlns%3D%22http%3A%2F%2Fwww.w3.org%2F2000%2Fsvg%22%20viewBox%3D%220%200%20574%20586%22%3E%3C%2Fsvg%3E 574w\" sizes=\"(max-width: 574px) 100vw, 574px\" data-srcset=\"https:\/\/www.polycliniqueplus.com\/wp-content\/uploads\/2021\/03\/chirurgie-turquie-mammaire.jpg 574w, https:\/\/www.polycliniqueplus.com\/wp-content\/uploads\/2021\/03\/chirurgie-turquie-mammaire-294x300.jpg 294w\" data-src=\"https:\/\/www.polycliniqueplus.com\/wp-content\/uploads\/2021\/03\/chirurgie-turquie-mammaire.jpg\">\t\t\t\t\t\t\t\t\t\t\t\t\t<\/div>\n\t\t\t\t<\/div>\n\t\t\t\t\t<\/div>\n\t\t<\/div>\n\t\t\t\t\t<\/div>\n\t\t<\/section>\n\t\t\t\t<section class=\"elementor-section elementor-top-section elementor-element elementor-element-120aac7 elementor-section-boxed elementor-section-height-default elementor-section-height-default\" data-id=\"120aac7\" data-element_type=\"section\" data-settings=\"{&quot;background_background&quot;:&quot;classic&quot;,&quot;_ha_eqh_enable&quot;:false}\">\n\t\t\t\t\t\t<div class=\"elementor-container elementor-column-gap-default\">\n\t\t\t\t\t<div class=\"elementor-column elementor-col-100 elementor-top-column elementor-element elementor-element-643fe16\" data-id=\"643fe16\" data-element_type=\"column\">\n\t\t\t<div class=\"elementor-widget-wrap elementor-element-populated\">\n\t\t\t\t\t\t<div class=\"elementor-element elementor-element-159f2ac elementor-button-success elementor-align-center elementor-widget elementor-widget-button\" data-id=\"159f2ac\" data-element_type=\"widget\" data-widget_type=\"button.default\">\n\t\t\t\t<div class=\"elementor-widget-container\">\n\t\t\t\t\t<div class=\"elementor-button-wrapper\">\n\t\t\t<a class=\"elementor-button elementor-button-link elementor-size-sm\" href=\"https:\/\/api.whatsapp.com\/send?phone=+33635235712&#038;&#038;text=Salve,%20vorrei%20conoscere%20i%20vostri%20servizi%20e%20i%20vostri%20prezzi!\">\n\t\t\t\t\t\t<span class=\"elementor-button-content-wrapper\">\n\t\t\t\t\t\t<span class=\"elementor-button-icon\">\n\t\t\t\t<svg width=\"256\" height=\"256\" viewBox=\"0 0 256 256\" xml:space=\"preserve\" xmlns:xlink=\"http:\/\/www.w3.org\/1999\/xlink\"><g style=\"stroke: none; stroke-width: 0; stroke-dasharray: none; stroke-linecap: butt; stroke-linejoin: miter; stroke-miterlimit: 10; fill: none; fill-rule: nonzero; opacity: 1;\" transform=\"translate(1.4065934065934016 1.4065934065934016) scale(2.81 2.81)\">\t<circle cx=\"45\" cy=\"45\" r=\"45\" style=\"stroke: none; stroke-width: 1; stroke-dasharray: none; stroke-linecap: butt; stroke-linejoin: miter; stroke-miterlimit: 10; fill: rgb(42,181,64); fill-rule: nonzero; opacity: 1;\" transform=\"  matrix(1 0 0 1 0 0) \" \/>\t<path d=\"M 16.138 44.738 c -0.002 5.106 1.332 10.091 3.869 14.485 l -4.112 15.013 l 15.365 -4.029 c 4.233 2.309 8.999 3.525 13.85 3.527 h 0.012 c 15.973 0 28.976 -12.999 28.983 -28.974 c 0.003 -7.742 -3.01 -15.022 -8.481 -20.498 c -5.472 -5.476 -12.749 -8.494 -20.502 -8.497 C 29.146 15.765 16.145 28.762 16.138 44.738 M 25.288 58.466 l -0.574 -0.911 c -2.412 -3.834 -3.685 -8.266 -3.683 -12.816 c 0.005 -13.278 10.811 -24.081 24.099 -24.081 c 6.435 0.003 12.482 2.511 17.031 7.062 c 4.548 4.552 7.051 10.603 7.05 17.037 C 69.205 58.036 58.399 68.84 45.121 68.84 h -0.009 c -4.323 -0.003 -8.563 -1.163 -12.261 -3.357 l -0.88 -0.522 l -9.118 2.391 L 25.288 58.466 z M 45.122 73.734 L 45.122 73.734 L 45.122 73.734 C 45.122 73.734 45.121 73.734 45.122 73.734\" style=\"stroke: none; stroke-width: 1; stroke-dasharray: none; stroke-linecap: butt; stroke-linejoin: miter; stroke-miterlimit: 10; fill: rgb(255,255,255); fill-rule: nonzero; opacity: 1;\" transform=\" matrix(1 0 0 1 0 0) \" stroke-linecap=\"round\" \/>\t<path d=\"M 37.878 32.624 c -0.543 -1.206 -1.113 -1.23 -1.63 -1.251 c -0.422 -0.018 -0.905 -0.017 -1.388 -0.017 c -0.483 0 -1.268 0.181 -1.931 0.906 c -0.664 0.725 -2.535 2.477 -2.535 6.039 c 0 3.563 2.595 7.006 2.957 7.49 c 0.362 0.483 5.01 8.028 12.37 10.931 c 6.118 2.412 7.362 1.933 8.69 1.812 c 1.328 -0.121 4.285 -1.751 4.888 -3.442 c 0.604 -1.691 0.604 -3.14 0.423 -3.443 c -0.181 -0.302 -0.664 -0.483 -1.388 -0.845 c -0.724 -0.362 -4.285 -2.114 -4.948 -2.356 c -0.664 -0.241 -1.147 -0.362 -1.63 0.363 c -0.483 0.724 -1.87 2.355 -2.292 2.838 c -0.422 0.484 -0.845 0.544 -1.569 0.182 c -0.724 -0.363 -3.057 -1.127 -5.824 -3.594 c -2.153 -1.92 -3.606 -4.29 -4.029 -5.015 c -0.422 -0.724 -0.045 -1.116 0.318 -1.477 c 0.325 -0.324 0.724 -0.846 1.087 -1.268 c 0.361 -0.423 0.482 -0.725 0.723 -1.208 c 0.242 -0.483 0.121 -0.906 -0.06 -1.269 C 39.929 37.637 38.522 34.056 37.878 32.624\" style=\"stroke: none; stroke-width: 1; stroke-dasharray: none; stroke-linecap: butt; stroke-linejoin: miter; stroke-miterlimit: 10; fill: rgb(255,255,255); fill-rule: nonzero; opacity: 1;\" transform=\" matrix(1 0 0 1 0 0) \" stroke-linecap=\"round\" \/><\/g><\/svg>\t\t\t<\/span>\n\t\t\t\t\t\t\t\t\t<span class=\"elementor-button-text\">Consultazione on-line<\/span>\n\t\t\t\t\t<\/span>\n\t\t\t\t\t<\/a>\n\t\t<\/div>\n\t\t\t\t<\/div>\n\t\t\t\t<\/div>\n\t\t\t\t\t<\/div>\n\t\t<\/div>\n\t\t\t\t\t<\/div>\n\t\t<\/section>\n\t\t\t\t<section class=\"elementor-section elementor-top-section elementor-element elementor-element-7ba9057d elementor-section-boxed elementor-section-height-default elementor-section-height-default\" data-id=\"7ba9057d\" data-element_type=\"section\" data-settings=\"{&quot;_ha_eqh_enable&quot;:false}\">\n\t\t\t\t\t\t<div class=\"elementor-container elementor-column-gap-default\">\n\t\t\t\t\t<div class=\"elementor-column elementor-col-100 elementor-top-column elementor-element elementor-element-3e6d384a\" data-id=\"3e6d384a\" data-element_type=\"column\">\n\t\t\t<div class=\"elementor-widget-wrap elementor-element-populated\">\n\t\t\t\t\t\t<div class=\"elementor-element elementor-element-2d98305a elementor-widget elementor-widget-text-editor\" data-id=\"2d98305a\" data-element_type=\"widget\" data-widget_type=\"text-editor.default\">\n\t\t\t\t<div class=\"elementor-widget-container\">\n\t\t\t\t\t\t\t<h2>Prezzi della chirurgia del seno Turchia<\/h2><p>Polycliniqueplus, specialista in chirurgia estetica, vi offre un pacchetto all-inclusive per il vostro intervento al seno. Per saperne di pi\u00f9 sui vari interventi di chirurgia estetica del seno eseguiti in Turchia, richiedete un preventivo personalizzato.<br>Le tecniche che utilizziamo sono estremamente efficaci e i risultati sono naturali. Durante il colloquio, potrete chiedere al chirurgo consigli sia sull&#8217;operazione e sui diversi metodi possibili, sia sull&#8217;intervento stesso.<br>Il monitoraggio del seno \u00e8 facile perch\u00e9 l&#8217;impianto si trova dietro la ghiandola, che pu\u00f2 continuare a essere controllata dal medico curante. Allo stesso modo, le mammografie post-operatorie sono facili e consentono di monitorare la ghiandola mammaria come prima. Tuttavia, il radiologo deve essere informato della presenza di questi impianti.<\/p>\t\t\t\t\t\t<\/div>\n\t\t\t\t<\/div>\n\t\t\t\t\t<\/div>\n\t\t<\/div>\n\t\t\t\t\t<\/div>\n\t\t<\/section>\n\t\t\t\t<section class=\"elementor-section elementor-top-section elementor-element elementor-element-53b052b elementor-section-boxed elementor-section-height-default elementor-section-height-default\" data-id=\"53b052b\" data-element_type=\"section\" data-settings=\"{&quot;background_background&quot;:&quot;classic&quot;,&quot;_ha_eqh_enable&quot;:false}\">\n\t\t\t\t\t\t<div class=\"elementor-container elementor-column-gap-default\">\n\t\t\t\t\t<div class=\"elementor-column elementor-col-100 elementor-top-column elementor-element elementor-element-cb4b97f\" data-id=\"cb4b97f\" data-element_type=\"column\">\n\t\t\t<div class=\"elementor-widget-wrap elementor-element-populated\">\n\t\t\t\t\t\t<div class=\"elementor-element elementor-element-8e05242 elementor-widget elementor-widget-heading\" data-id=\"8e05242\" data-element_type=\"widget\" data-widget_type=\"heading.default\">\n\t\t\t\t<div class=\"elementor-widget-container\">\n\t\t\t<h4 class=\"elementor-heading-title elementor-size-default\">Preventivo gratuito e prezzo tutto compreso per la chirurgia estetica del seno in Turchia<\/h4>\t\t<\/div>\n\t\t\t\t<\/div>\n\t\t\t\t<div class=\"elementor-element elementor-element-9a39a5b elementor-align-center elementor-widget elementor-widget-button\" data-id=\"9a39a5b\" data-element_type=\"widget\" data-widget_type=\"button.default\">\n\t\t\t\t<div class=\"elementor-widget-container\">\n\t\t\t\t\t<div class=\"elementor-button-wrapper\">\n\t\t\t<a class=\"elementor-button elementor-button-link elementor-size-sm\" href=\"https:\/\/api.whatsapp.com\/send?phone=+33635235712&#038;&#038;text=Salve,%20vorrei%20conoscere%20il%20vostro%20lavoro%20e%20i%20vostri%20prezzi!\">\n\t\t\t\t\t\t<span class=\"elementor-button-content-wrapper\">\n\t\t\t\t\t\t<span class=\"elementor-button-icon\">\n\t\t\t\t<i aria-hidden=\"true\" class=\"fas fa-arrow-right\"><\/i>\t\t\t<\/span>\n\t\t\t\t\t\t\t\t\t<span class=\"elementor-button-text\">Preventivo gratuito<\/span>\n\t\t\t\t\t<\/span>\n\t\t\t\t\t<\/a>\n\t\t<\/div>\n\t\t\t\t<\/div>\n\t\t\t\t<\/div>\n\t\t\t\t\t<\/div>\n\t\t<\/div>\n\t\t\t\t\t<\/div>\n\t\t<\/section>\n\t\t\t\t<\/div>\n\t\t","protected":false},"excerpt":{"rendered":"<p>Che il vostro seno sia troppo grande o non abbastanza grande, deformato a seguito di un&#8217;operazione o di una malformazione congenita, o altro, la chirurgia del seno pu\u00f2 porre rimedio a tutti questi problemi. Simbolo di femminilit\u00e0 e maternit\u00e0, ma anche oggetto di fantasia, i seni sono gli organi che danno al torace il suo [&hellip;]<\/p>\n","protected":false},"author":1,"featured_media":29590,"parent":0,"menu_order":0,"comment_status":"closed","ping_status":"closed","template":"","meta":{"footnotes":""},"class_list":["post-29589","page","type-page","status-publish","has-post-thumbnail","hentry"],"yoast_head":"<!-- This site is optimized with the Yoast SEO plugin v27.3 - https:\/\/yoast.com\/product\/yoast-seo-wordpress\/ -->\n<title>Chirurgia del seno Turchia : chirurgia estetica del seno prezzo conveniente<\/title>\n<meta name=\"description\" content=\"Chirurgia del seno Turchia: tutto quello che c&#039;\u00e8 da sapere sulle tecniche di chirurgia estetica del seno: lifting, riduzione e aumento del seno.\" \/>\n<meta name=\"robots\" content=\"index, follow, max-snippet:-1, max-video-preview:-1, noimageindex\" \/>\n<link rel=\"canonical\" href=\"https:\/\/www.polycliniqueplus.com\/it\/chirurgia-del-seno-in-turchia\/\" \/>\n<meta property=\"og:locale\" content=\"it_IT\" \/>\n<meta property=\"og:type\" content=\"article\" \/>\n<meta property=\"og:title\" content=\"Chirurgia del seno Turchia : chirurgia estetica del seno prezzo conveniente\" \/>\n<meta property=\"og:description\" content=\"Chirurgia del seno Turchia: tutto quello che c&#039;\u00e8 da sapere sulle tecniche di chirurgia estetica del seno: lifting, riduzione e aumento del seno.\" \/>\n<meta property=\"og:url\" content=\"https:\/\/www.polycliniqueplus.com\/it\/chirurgia-del-seno-in-turchia\/\" \/>\n<meta property=\"og:site_name\" content=\"Chirurgie esthetique Turquie : Prix interventions meilleures cliniques Istanbul\" \/>\n<meta property=\"article:publisher\" content=\"https:\/\/www.facebook.com\/polycliniqueplus\" \/>\n<meta property=\"article:modified_time\" content=\"2025-12-12T11:03:07+00:00\" \/>\n<meta property=\"og:image\" content=\"https:\/\/www.polycliniqueplus.com\/wp-content\/uploads\/2017\/06\/chirurgie-mammaire-turquie.jpg\" \/>\n\t<meta property=\"og:image:width\" content=\"939\" \/>\n\t<meta property=\"og:image:height\" content=\"387\" \/>\n\t<meta property=\"og:image:type\" content=\"image\/jpeg\" \/>\n<meta name=\"twitter:card\" content=\"summary_large_image\" \/>\n<meta name=\"twitter:site\" content=\"@polyclinique1\" \/>\n<meta name=\"twitter:label1\" content=\"Tempo di lettura stimato\" \/>\n\t<meta name=\"twitter:data1\" content=\"2 minuti\" \/>\n<script type=\"application\/ld+json\" class=\"yoast-schema-graph\">{\"@context\":\"https:\\\/\\\/schema.org\",\"@graph\":[{\"@type\":\"WebPage\",\"@id\":\"https:\\\/\\\/www.polycliniqueplus.com\\\/it\\\/chirurgia-del-seno-in-turchia\\\/\",\"url\":\"https:\\\/\\\/www.polycliniqueplus.com\\\/it\\\/chirurgia-del-seno-in-turchia\\\/\",\"name\":\"Chirurgia del seno Turchia : chirurgia estetica del seno prezzo conveniente\",\"isPartOf\":{\"@id\":\"https:\\\/\\\/www.polycliniqueplus.com\\\/it\\\/#website\"},\"primaryImageOfPage\":{\"@id\":\"https:\\\/\\\/www.polycliniqueplus.com\\\/it\\\/chirurgia-del-seno-in-turchia\\\/#primaryimage\"},\"image\":{\"@id\":\"https:\\\/\\\/www.polycliniqueplus.com\\\/it\\\/chirurgia-del-seno-in-turchia\\\/#primaryimage\"},\"thumbnailUrl\":\"https:\\\/\\\/www.polycliniqueplus.com\\\/wp-content\\\/uploads\\\/2017\\\/06\\\/chirurgie-mammaire-turquie.jpg\",\"datePublished\":\"2017-06-18T16:37:17+00:00\",\"dateModified\":\"2025-12-12T11:03:07+00:00\",\"description\":\"Chirurgia del seno Turchia: tutto quello che c'\u00e8 da sapere sulle tecniche di chirurgia estetica del seno: lifting, riduzione e aumento del seno.\",\"breadcrumb\":{\"@id\":\"https:\\\/\\\/www.polycliniqueplus.com\\\/it\\\/chirurgia-del-seno-in-turchia\\\/#breadcrumb\"},\"inLanguage\":\"it-IT\",\"potentialAction\":[{\"@type\":\"ReadAction\",\"target\":[\"https:\\\/\\\/www.polycliniqueplus.com\\\/it\\\/chirurgia-del-seno-in-turchia\\\/\"]}]},{\"@type\":\"ImageObject\",\"inLanguage\":\"it-IT\",\"@id\":\"https:\\\/\\\/www.polycliniqueplus.com\\\/it\\\/chirurgia-del-seno-in-turchia\\\/#primaryimage\",\"url\":\"https:\\\/\\\/www.polycliniqueplus.com\\\/wp-content\\\/uploads\\\/2017\\\/06\\\/chirurgie-mammaire-turquie.jpg\",\"contentUrl\":\"https:\\\/\\\/www.polycliniqueplus.com\\\/wp-content\\\/uploads\\\/2017\\\/06\\\/chirurgie-mammaire-turquie.jpg\",\"width\":939,\"height\":387},{\"@type\":\"BreadcrumbList\",\"@id\":\"https:\\\/\\\/www.polycliniqueplus.com\\\/it\\\/chirurgia-del-seno-in-turchia\\\/#breadcrumb\",\"itemListElement\":[{\"@type\":\"ListItem\",\"position\":1,\"name\":\"Accueil\",\"item\":\"https:\\\/\\\/www.polycliniqueplus.com\\\/it\\\/\"},{\"@type\":\"ListItem\",\"position\":2,\"name\":\"Chirurgia del seno Turchia: prezzi per l&rsquo;aumento, la riduzione e il sollevamento del seno\"}]},{\"@type\":\"WebSite\",\"@id\":\"https:\\\/\\\/www.polycliniqueplus.com\\\/it\\\/#website\",\"url\":\"https:\\\/\\\/www.polycliniqueplus.com\\\/it\\\/\",\"name\":\"Chirurgie esthetique Turquie : Prix interventions meilleures cliniques Istanbul\",\"description\":\"Chirurgie esthetique Turquie prix pas cher\",\"publisher\":{\"@id\":\"https:\\\/\\\/www.polycliniqueplus.com\\\/it\\\/#organization\"},\"potentialAction\":[{\"@type\":\"SearchAction\",\"target\":{\"@type\":\"EntryPoint\",\"urlTemplate\":\"https:\\\/\\\/www.polycliniqueplus.com\\\/it\\\/?s={search_term_string}\"},\"query-input\":{\"@type\":\"PropertyValueSpecification\",\"valueRequired\":true,\"valueName\":\"search_term_string\"}}],\"inLanguage\":\"it-IT\"},{\"@type\":\"Organization\",\"@id\":\"https:\\\/\\\/www.polycliniqueplus.com\\\/it\\\/#organization\",\"name\":\"Polycliniqueplus chirurgie esthetique Turquie\",\"url\":\"https:\\\/\\\/www.polycliniqueplus.com\\\/it\\\/\",\"logo\":{\"@type\":\"ImageObject\",\"inLanguage\":\"it-IT\",\"@id\":\"https:\\\/\\\/www.polycliniqueplus.com\\\/it\\\/#\\\/schema\\\/logo\\\/image\\\/\",\"url\":\"https:\\\/\\\/www.polycliniqueplus.com\\\/wp-content\\\/uploads\\\/2021\\\/03\\\/cropped-add-box-fill.png\",\"contentUrl\":\"https:\\\/\\\/www.polycliniqueplus.com\\\/wp-content\\\/uploads\\\/2021\\\/03\\\/cropped-add-box-fill.png\",\"width\":512,\"height\":512,\"caption\":\"Polycliniqueplus chirurgie esthetique Turquie\"},\"image\":{\"@id\":\"https:\\\/\\\/www.polycliniqueplus.com\\\/it\\\/#\\\/schema\\\/logo\\\/image\\\/\"},\"sameAs\":[\"https:\\\/\\\/www.facebook.com\\\/polycliniqueplus\",\"https:\\\/\\\/x.com\\\/polyclinique1\",\"https:\\\/\\\/www.youtube.com\\\/channel\\\/UCAnK3TORJqflIuYGFa-JQDw\"]}]}<\/script>\n<!-- \/ Yoast SEO plugin. -->","yoast_head_json":{"title":"Chirurgia del seno Turchia : chirurgia estetica del seno prezzo conveniente","description":"Chirurgia del seno Turchia: tutto quello che c'\u00e8 da sapere sulle tecniche di chirurgia estetica del seno: lifting, riduzione e aumento del seno.","robots":{"index":"index","follow":"follow","max-snippet":"max-snippet:-1","max-video-preview":"max-video-preview:-1","imageindex":"noimageindex"},"canonical":"https:\/\/www.polycliniqueplus.com\/it\/chirurgia-del-seno-in-turchia\/","og_locale":"it_IT","og_type":"article","og_title":"Chirurgia del seno Turchia : chirurgia estetica del seno prezzo conveniente","og_description":"Chirurgia del seno Turchia: tutto quello che c'\u00e8 da sapere sulle tecniche di chirurgia estetica del seno: lifting, riduzione e aumento del seno.","og_url":"https:\/\/www.polycliniqueplus.com\/it\/chirurgia-del-seno-in-turchia\/","og_site_name":"Chirurgie esthetique Turquie : Prix interventions meilleures cliniques Istanbul","article_publisher":"https:\/\/www.facebook.com\/polycliniqueplus","article_modified_time":"2025-12-12T11:03:07+00:00","og_image":[{"width":939,"height":387,"url":"https:\/\/www.polycliniqueplus.com\/wp-content\/uploads\/2017\/06\/chirurgie-mammaire-turquie.jpg","type":"image\/jpeg"}],"twitter_card":"summary_large_image","twitter_site":"@polyclinique1","twitter_misc":{"Tempo di lettura stimato":"2 minuti"},"schema":{"@context":"https:\/\/schema.org","@graph":[{"@type":"WebPage","@id":"https:\/\/www.polycliniqueplus.com\/it\/chirurgia-del-seno-in-turchia\/","url":"https:\/\/www.polycliniqueplus.com\/it\/chirurgia-del-seno-in-turchia\/","name":"Chirurgia del seno Turchia : chirurgia estetica del seno prezzo conveniente","isPartOf":{"@id":"https:\/\/www.polycliniqueplus.com\/it\/#website"},"primaryImageOfPage":{"@id":"https:\/\/www.polycliniqueplus.com\/it\/chirurgia-del-seno-in-turchia\/#primaryimage"},"image":{"@id":"https:\/\/www.polycliniqueplus.com\/it\/chirurgia-del-seno-in-turchia\/#primaryimage"},"thumbnailUrl":"https:\/\/www.polycliniqueplus.com\/wp-content\/uploads\/2017\/06\/chirurgie-mammaire-turquie.jpg","datePublished":"2017-06-18T16:37:17+00:00","dateModified":"2025-12-12T11:03:07+00:00","description":"Chirurgia del seno Turchia: tutto quello che c'\u00e8 da sapere sulle tecniche di chirurgia estetica del seno: lifting, riduzione e aumento del seno.","breadcrumb":{"@id":"https:\/\/www.polycliniqueplus.com\/it\/chirurgia-del-seno-in-turchia\/#breadcrumb"},"inLanguage":"it-IT","potentialAction":[{"@type":"ReadAction","target":["https:\/\/www.polycliniqueplus.com\/it\/chirurgia-del-seno-in-turchia\/"]}]},{"@type":"ImageObject","inLanguage":"it-IT","@id":"https:\/\/www.polycliniqueplus.com\/it\/chirurgia-del-seno-in-turchia\/#primaryimage","url":"https:\/\/www.polycliniqueplus.com\/wp-content\/uploads\/2017\/06\/chirurgie-mammaire-turquie.jpg","contentUrl":"https:\/\/www.polycliniqueplus.com\/wp-content\/uploads\/2017\/06\/chirurgie-mammaire-turquie.jpg","width":939,"height":387},{"@type":"BreadcrumbList","@id":"https:\/\/www.polycliniqueplus.com\/it\/chirurgia-del-seno-in-turchia\/#breadcrumb","itemListElement":[{"@type":"ListItem","position":1,"name":"Accueil","item":"https:\/\/www.polycliniqueplus.com\/it\/"},{"@type":"ListItem","position":2,"name":"Chirurgia del seno Turchia: prezzi per l&rsquo;aumento, la riduzione e il sollevamento del seno"}]},{"@type":"WebSite","@id":"https:\/\/www.polycliniqueplus.com\/it\/#website","url":"https:\/\/www.polycliniqueplus.com\/it\/","name":"Chirurgie esthetique Turquie : Prix interventions meilleures cliniques Istanbul","description":"Chirurgie esthetique Turquie prix pas cher","publisher":{"@id":"https:\/\/www.polycliniqueplus.com\/it\/#organization"},"potentialAction":[{"@type":"SearchAction","target":{"@type":"EntryPoint","urlTemplate":"https:\/\/www.polycliniqueplus.com\/it\/?s={search_term_string}"},"query-input":{"@type":"PropertyValueSpecification","valueRequired":true,"valueName":"search_term_string"}}],"inLanguage":"it-IT"},{"@type":"Organization","@id":"https:\/\/www.polycliniqueplus.com\/it\/#organization","name":"Polycliniqueplus chirurgie esthetique Turquie","url":"https:\/\/www.polycliniqueplus.com\/it\/","logo":{"@type":"ImageObject","inLanguage":"it-IT","@id":"https:\/\/www.polycliniqueplus.com\/it\/#\/schema\/logo\/image\/","url":"https:\/\/www.polycliniqueplus.com\/wp-content\/uploads\/2021\/03\/cropped-add-box-fill.png","contentUrl":"https:\/\/www.polycliniqueplus.com\/wp-content\/uploads\/2021\/03\/cropped-add-box-fill.png","width":512,"height":512,"caption":"Polycliniqueplus chirurgie esthetique Turquie"},"image":{"@id":"https:\/\/www.polycliniqueplus.com\/it\/#\/schema\/logo\/image\/"},"sameAs":["https:\/\/www.facebook.com\/polycliniqueplus","https:\/\/x.com\/polyclinique1","https:\/\/www.youtube.com\/channel\/UCAnK3TORJqflIuYGFa-JQDw"]}]}},"_links":{"self":[{"href":"https:\/\/www.polycliniqueplus.com\/it\/wp-json\/wp\/v2\/pages\/29589","targetHints":{"allow":["GET"]}}],"collection":[{"href":"https:\/\/www.polycliniqueplus.com\/it\/wp-json\/wp\/v2\/pages"}],"about":[{"href":"https:\/\/www.polycliniqueplus.com\/it\/wp-json\/wp\/v2\/types\/page"}],"author":[{"embeddable":true,"href":"https:\/\/www.polycliniqueplus.com\/it\/wp-json\/wp\/v2\/users\/1"}],"replies":[{"embeddable":true,"href":"https:\/\/www.polycliniqueplus.com\/it\/wp-json\/wp\/v2\/comments?post=29589"}],"version-history":[{"count":22,"href":"https:\/\/www.polycliniqueplus.com\/it\/wp-json\/wp\/v2\/pages\/29589\/revisions"}],"predecessor-version":[{"id":32611,"href":"https:\/\/www.polycliniqueplus.com\/it\/wp-json\/wp\/v2\/pages\/29589\/revisions\/32611"}],"wp:featuredmedia":[{"embeddable":true,"href":"https:\/\/www.polycliniqueplus.com\/it\/wp-json\/wp\/v2\/media\/29590"}],"wp:attachment":[{"href":"https:\/\/www.polycliniqueplus.com\/it\/wp-json\/wp\/v2\/media?parent=29589"}],"curies":[{"name":"wp","href":"https:\/\/api.w.org\/{rel}","templated":true}]}}