{"id":29426,"date":"2017-06-18T19:45:37","date_gmt":"2017-06-18T17:45:37","guid":{"rendered":"https:\/\/www.polycliniqueplus.com\/organisation-sejour-tourisme-medical-turquie\/"},"modified":"2025-04-09T13:01:33","modified_gmt":"2025-04-09T11:01:33","slug":"organizzazione-di-vacanze-di-turismo-medico-turchia","status":"publish","type":"page","link":"https:\/\/www.polycliniqueplus.com\/it\/organizzazione-di-vacanze-di-turismo-medico-turchia\/","title":{"rendered":"POLYCLINIQUE PLUS: organizzazione di vacanze di turismo medico Turchia"},"content":{"rendered":"\t\t<div data-elementor-type=\"wp-page\" data-elementor-id=\"29426\" class=\"elementor elementor-29426 elementor-109\" data-elementor-settings=\"{&quot;ha_cmc_init_switcher&quot;:&quot;no&quot;}\">\n\t\t\t\t\t\t<section class=\"elementor-section elementor-top-section elementor-element elementor-element-2c9029e elementor-section-boxed elementor-section-height-default elementor-section-height-default\" data-id=\"2c9029e\" data-element_type=\"section\" data-settings=\"{&quot;_ha_eqh_enable&quot;:false}\">\n\t\t\t\t\t\t<div class=\"elementor-container elementor-column-gap-default\">\n\t\t\t\t\t<div class=\"elementor-column elementor-col-100 elementor-top-column elementor-element elementor-element-b418158\" data-id=\"b418158\" data-element_type=\"column\">\n\t\t\t<div class=\"elementor-widget-wrap elementor-element-populated\">\n\t\t\t\t\t\t<div class=\"elementor-element elementor-element-b9c5ce4 elementor-widget elementor-widget-text-editor\" data-id=\"b9c5ce4\" data-element_type=\"widget\" data-widget_type=\"text-editor.default\">\n\t\t\t\t<div class=\"elementor-widget-container\">\n\t\t\t\t\t\t\t<h2>Organizzazione di vacanze di chirurgia estetica in Turchia<\/h2><p>Con un&#8217;\u00e9quipe medica composta dai pi\u00f9 esperti specialisti in Chirurgia Estetica in Turchia, Microchirurgia, Medicina Chirurgica, Trattamenti Laser, Chirurgia Dentale&#8230;, e associata ai centri medici pi\u00f9 avanzati nei trattamenti estetici e laser, abbiamo raggiunto l&#8217;eccellenza nel nostro settore.<\/p><h3>La vostra fiducia \u00e8 per noi sinonimo di successo!<\/h3><p>Il nostro unico obiettivo \u00e8 fornire ai nostri pazienti un servizio di lusso, offrendo loro i prezzi migliori al mondo e mettendo a disposizione un&#8217;ampia \u00e9quipe medica che utilizza le tecnologie pi\u00f9 avanzate in un&#8217;infrastruttura moderna e sicura.<\/p>\t\t\t\t\t\t<\/div>\n\t\t\t\t<\/div>\n\t\t\t\t<div class=\"elementor-element elementor-element-461fd3d elementor-widget elementor-widget-text-editor\" data-id=\"461fd3d\" data-element_type=\"widget\" data-widget_type=\"text-editor.default\">\n\t\t\t\t<div class=\"elementor-widget-container\">\n\t\t\t\t\t\t\t<p>Trattiamo ogni nostro paziente con un approccio altamente personalizzato, che comprende una gamma completa di servizi di qualit\u00e0 su misura per ogni caso.<\/p><p>Alla PolycliniquePlus la qualit\u00e0 del servizio \u00e8 fondamentale: \u00e8 ci\u00f2 che ci ha sempre distinto dagli altri e continua a essere la garanzia del nostro processo di successo.<\/p>\t\t\t\t\t\t<\/div>\n\t\t\t\t<\/div>\n\t\t\t\t<div class=\"elementor-element elementor-element-e492603 elementor-widget elementor-widget-text-editor\" data-id=\"e492603\" data-element_type=\"widget\" data-widget_type=\"text-editor.default\">\n\t\t\t\t<div class=\"elementor-widget-container\">\n\t\t\t\t\t\t\t<p>Polycliniqueplus est une agence internationale leader dans le secteur Medico-Touristique et sp\u00e9cialis\u00e9e dans l&#8217;organisation de s\u00e9jours de chirurgie esth\u00e9tique en Turquie pour les patients et pour ceux qui les accompagnent.<\/p>\t\t\t\t\t\t<\/div>\n\t\t\t\t<\/div>\n\t\t\t\t\t<\/div>\n\t\t<\/div>\n\t\t\t\t\t<\/div>\n\t\t<\/section>\n\t\t\t\t<section class=\"elementor-section elementor-top-section elementor-element elementor-element-77fd171 elementor-section-boxed elementor-section-height-default elementor-section-height-default\" data-id=\"77fd171\" data-element_type=\"section\" data-settings=\"{&quot;background_background&quot;:&quot;classic&quot;,&quot;_ha_eqh_enable&quot;:false}\">\n\t\t\t\t\t\t<div class=\"elementor-container elementor-column-gap-default\">\n\t\t\t\t\t<div class=\"elementor-column elementor-col-100 elementor-top-column elementor-element elementor-element-a0a23a5\" data-id=\"a0a23a5\" data-element_type=\"column\">\n\t\t\t<div class=\"elementor-widget-wrap elementor-element-populated\">\n\t\t\t\t\t\t<div class=\"elementor-element elementor-element-5a05ae5 elementor-widget elementor-widget-heading\" data-id=\"5a05ae5\" data-element_type=\"widget\" data-widget_type=\"heading.default\">\n\t\t\t\t<div class=\"elementor-widget-container\">\n\t\t\t<h4 class=\"elementor-heading-title elementor-size-default\">PREVENTIVO ONLINE RAPIDO E 100% GRATUITO<\/h4>\t\t<\/div>\n\t\t\t\t<\/div>\n\t\t\t\t<div class=\"elementor-element elementor-element-e7bd683 elementor-widget elementor-widget-text-editor\" data-id=\"e7bd683\" data-element_type=\"widget\" data-widget_type=\"text-editor.default\">\n\t\t\t\t<div class=\"elementor-widget-container\">\n\t\t\t\t\t\t\t<p>Sconto su tutti gli interventi di chirurgia estetica! \u00c8 facile ottenere lo sconto<br \/>il vostro preventivo GRATUITO e vincere il nostro sorteggio mensile!<\/p>\t\t\t\t\t\t<\/div>\n\t\t\t\t<\/div>\n\t\t\t\t<div class=\"elementor-element elementor-element-218eb36 elementor-button-success elementor-align-center elementor-widget elementor-widget-button\" data-id=\"218eb36\" data-element_type=\"widget\" data-widget_type=\"button.default\">\n\t\t\t\t<div class=\"elementor-widget-container\">\n\t\t\t\t\t<div class=\"elementor-button-wrapper\">\n\t\t\t<a class=\"elementor-button elementor-button-link elementor-size-sm\" href=\"https:\/\/api.whatsapp.com\/send?phone=+33635235712&#038;&#038;text=Salve,%20vorrei%20conoscere%20i%20vostri%20servizi%20e%20i%20vostri%20prezzi!\">\n\t\t\t\t\t\t<span class=\"elementor-button-content-wrapper\">\n\t\t\t\t\t\t<span class=\"elementor-button-icon\">\n\t\t\t\t<svg xmlns=\"http:\/\/www.w3.org\/2000\/svg\" xmlns:xlink=\"http:\/\/www.w3.org\/1999\/xlink\" width=\"256\" height=\"256\" viewBox=\"0 0 256 256\" xml:space=\"preserve\"><g style=\"stroke: none; stroke-width: 0; stroke-dasharray: none; stroke-linecap: butt; stroke-linejoin: miter; stroke-miterlimit: 10; fill: none; fill-rule: nonzero; opacity: 1;\" transform=\"translate(1.4065934065934016 1.4065934065934016) scale(2.81 2.81)\">\t<circle cx=\"45\" cy=\"45\" r=\"45\" style=\"stroke: none; stroke-width: 1; stroke-dasharray: none; stroke-linecap: butt; stroke-linejoin: miter; stroke-miterlimit: 10; fill: rgb(42,181,64); fill-rule: nonzero; opacity: 1;\" transform=\"  matrix(1 0 0 1 0 0) \"><\/circle>\t<path d=\"M 16.138 44.738 c -0.002 5.106 1.332 10.091 3.869 14.485 l -4.112 15.013 l 15.365 -4.029 c 4.233 2.309 8.999 3.525 13.85 3.527 h 0.012 c 15.973 0 28.976 -12.999 28.983 -28.974 c 0.003 -7.742 -3.01 -15.022 -8.481 -20.498 c -5.472 -5.476 -12.749 -8.494 -20.502 -8.497 C 29.146 15.765 16.145 28.762 16.138 44.738 M 25.288 58.466 l -0.574 -0.911 c -2.412 -3.834 -3.685 -8.266 -3.683 -12.816 c 0.005 -13.278 10.811 -24.081 24.099 -24.081 c 6.435 0.003 12.482 2.511 17.031 7.062 c 4.548 4.552 7.051 10.603 7.05 17.037 C 69.205 58.036 58.399 68.84 45.121 68.84 h -0.009 c -4.323 -0.003 -8.563 -1.163 -12.261 -3.357 l -0.88 -0.522 l -9.118 2.391 L 25.288 58.466 z M 45.122 73.734 L 45.122 73.734 L 45.122 73.734 C 45.122 73.734 45.121 73.734 45.122 73.734\" style=\"stroke: none; stroke-width: 1; stroke-dasharray: none; stroke-linecap: butt; stroke-linejoin: miter; stroke-miterlimit: 10; fill: rgb(255,255,255); fill-rule: nonzero; opacity: 1;\" transform=\" matrix(1 0 0 1 0 0) \" stroke-linecap=\"round\"><\/path>\t<path d=\"M 37.878 32.624 c -0.543 -1.206 -1.113 -1.23 -1.63 -1.251 c -0.422 -0.018 -0.905 -0.017 -1.388 -0.017 c -0.483 0 -1.268 0.181 -1.931 0.906 c -0.664 0.725 -2.535 2.477 -2.535 6.039 c 0 3.563 2.595 7.006 2.957 7.49 c 0.362 0.483 5.01 8.028 12.37 10.931 c 6.118 2.412 7.362 1.933 8.69 1.812 c 1.328 -0.121 4.285 -1.751 4.888 -3.442 c 0.604 -1.691 0.604 -3.14 0.423 -3.443 c -0.181 -0.302 -0.664 -0.483 -1.388 -0.845 c -0.724 -0.362 -4.285 -2.114 -4.948 -2.356 c -0.664 -0.241 -1.147 -0.362 -1.63 0.363 c -0.483 0.724 -1.87 2.355 -2.292 2.838 c -0.422 0.484 -0.845 0.544 -1.569 0.182 c -0.724 -0.363 -3.057 -1.127 -5.824 -3.594 c -2.153 -1.92 -3.606 -4.29 -4.029 -5.015 c -0.422 -0.724 -0.045 -1.116 0.318 -1.477 c 0.325 -0.324 0.724 -0.846 1.087 -1.268 c 0.361 -0.423 0.482 -0.725 0.723 -1.208 c 0.242 -0.483 0.121 -0.906 -0.06 -1.269 C 39.929 37.637 38.522 34.056 37.878 32.624\" style=\"stroke: none; stroke-width: 1; stroke-dasharray: none; stroke-linecap: butt; stroke-linejoin: miter; stroke-miterlimit: 10; fill: rgb(255,255,255); fill-rule: nonzero; opacity: 1;\" transform=\" matrix(1 0 0 1 0 0) \" stroke-linecap=\"round\"><\/path><\/g><\/svg>\t\t\t<\/span>\n\t\t\t\t\t\t\t\t\t<span class=\"elementor-button-text\">Preventivo Gratuito <\/span>\n\t\t\t\t\t<\/span>\n\t\t\t\t\t<\/a>\n\t\t<\/div>\n\t\t\t\t<\/div>\n\t\t\t\t<\/div>\n\t\t\t\t\t<\/div>\n\t\t<\/div>\n\t\t\t\t\t<\/div>\n\t\t<\/section>\n\t\t\t\t<section class=\"elementor-section elementor-top-section elementor-element elementor-element-57e20c5b elementor-section-boxed elementor-section-height-default elementor-section-height-default\" data-id=\"57e20c5b\" data-element_type=\"section\" data-settings=\"{&quot;_ha_eqh_enable&quot;:false}\">\n\t\t\t\t\t\t<div class=\"elementor-container elementor-column-gap-default\">\n\t\t\t\t\t<div class=\"elementor-column elementor-col-100 elementor-top-column elementor-element elementor-element-50f3802\" data-id=\"50f3802\" data-element_type=\"column\">\n\t\t\t<div class=\"elementor-widget-wrap elementor-element-populated\">\n\t\t\t\t\t\t<div class=\"elementor-element elementor-element-1006f2b1 elementor-widget elementor-widget-text-editor\" data-id=\"1006f2b1\" data-element_type=\"widget\" data-widget_type=\"text-editor.default\">\n\t\t\t\t<div class=\"elementor-widget-container\">\n\t\t\t\t\t\t\t<h2>Chirurgia estetica in Turchia: trova i prezzi migliori<\/h2><p>Il costo della vita \u00e8 inferiore a quello dell&#8217;Europa o di altri paesi dell&#8217;America Latina e le agevolazioni fiscali per lo sviluppo del settore turistico e medico consentono di ridurre il costo degli interventi (clinica, anestesista, personale infermieristico, prodotti, ecc.)<br \/>Tutti questi fattori incidono positivamente sui prezzi, consentendo di godere di una vacanza di 15 giorni in un hotel a 5 stelle e di effettuare tutte le operazioni o i trattamenti medici desiderati a un prezzo eccezionalmente basso rispetto al costo della sola operazione nel proprio Paese.<\/p>\t\t\t\t\t\t<\/div>\n\t\t\t\t<\/div>\n\t\t\t\t<div class=\"elementor-element elementor-element-9987252 elementor-widget elementor-widget-text-editor\" data-id=\"9987252\" data-element_type=\"widget\" data-widget_type=\"text-editor.default\">\n\t\t\t\t<div class=\"elementor-widget-container\">\n\t\t\t\t\t\t\t<p>Polyclinique Plus non ha scelto questo luogo per il vostro intervento per caso. Avremmo potuto scegliere un&#8217;altra citt\u00e0 o un altro luogo per la vostra \u201cvacanza\u201d! Una \u201cspiaggia\u201d, per esempio, o un luogo come le migliaia che esistono in Turchia, dove troverete montagne, deserti e spiagge per attivit\u00e0 \u201cdivertenti\u201d come nuotare, fare immersioni, prendere il sole, andare a cavallo&#8230;<\/p><p class=\"red\" align=\"center\"><u><b>Per ulteriori informazioni, chiamateci al numero: +33 9 80 80 44 74<\/b><\/u><\/p>\t\t\t\t\t\t<\/div>\n\t\t\t\t<\/div>\n\t\t\t\t\t<\/div>\n\t\t<\/div>\n\t\t\t\t\t<\/div>\n\t\t<\/section>\n\t\t\t\t<\/div>\n\t\t","protected":false},"excerpt":{"rendered":"<p>Organizzazione di vacanze di chirurgia estetica in Turchia Con un&#8217;\u00e9quipe medica composta dai pi\u00f9 esperti specialisti in Chirurgia Estetica in Turchia, Microchirurgia, Medicina Chirurgica, Trattamenti Laser, Chirurgia Dentale&#8230;, e associata ai centri medici pi\u00f9 avanzati nei trattamenti estetici e laser, abbiamo raggiunto l&#8217;eccellenza nel nostro settore. La vostra fiducia \u00e8 per noi sinonimo di successo! [&hellip;]<\/p>\n","protected":false},"author":1,"featured_media":0,"parent":0,"menu_order":0,"comment_status":"closed","ping_status":"closed","template":"","meta":{"footnotes":""},"class_list":["post-29426","page","type-page","status-publish","hentry"],"yoast_head":"<!-- This site is optimized with the Yoast SEO plugin v27.3 - https:\/\/yoast.com\/product\/yoast-seo-wordpress\/ -->\n<title>PolycliniquePlus : organizzazione di vacanze di turismo medico Turchia<\/title>\n<meta name=\"description\" content=\"PolycliniquePlus, agenzia di turismo medico in Turchia. Prezzi economici e tutto compreso, chiedete il vostro preventivo gratuito online.\" \/>\n<meta name=\"robots\" content=\"index, follow, max-snippet:-1, max-image-preview:large, max-video-preview:-1\" \/>\n<link rel=\"canonical\" href=\"https:\/\/www.polycliniqueplus.com\/it\/organizzazione-di-vacanze-di-turismo-medico-turchia\/\" \/>\n<meta property=\"og:locale\" content=\"it_IT\" \/>\n<meta property=\"og:type\" content=\"article\" \/>\n<meta property=\"og:title\" content=\"PolycliniquePlus : organizzazione di vacanze di turismo medico Turchia\" \/>\n<meta property=\"og:description\" content=\"PolycliniquePlus, agenzia di turismo medico in Turchia. Prezzi economici e tutto compreso, chiedete il vostro preventivo gratuito online.\" \/>\n<meta property=\"og:url\" content=\"https:\/\/www.polycliniqueplus.com\/it\/organizzazione-di-vacanze-di-turismo-medico-turchia\/\" \/>\n<meta property=\"og:site_name\" content=\"Chirurgie esthetique Turquie : Prix interventions meilleures cliniques Istanbul\" \/>\n<meta property=\"article:publisher\" content=\"https:\/\/www.facebook.com\/polycliniqueplus\" \/>\n<meta property=\"article:modified_time\" content=\"2025-04-09T11:01:33+00:00\" \/>\n<meta property=\"og:image\" content=\"https:\/\/www.polycliniqueplus.com\/wp-content\/uploads\/2021\/02\/interventions-de-chirurgie-plastique.jpg\" \/>\n\t<meta property=\"og:image:width\" content=\"574\" \/>\n\t<meta property=\"og:image:height\" content=\"586\" \/>\n\t<meta property=\"og:image:type\" content=\"image\/jpeg\" \/>\n<meta name=\"twitter:card\" content=\"summary_large_image\" \/>\n<meta name=\"twitter:site\" content=\"@polyclinique1\" \/>\n<meta name=\"twitter:label1\" content=\"Tempo di lettura stimato\" \/>\n\t<meta name=\"twitter:data1\" content=\"2 minuti\" \/>\n<script type=\"application\/ld+json\" class=\"yoast-schema-graph\">{\"@context\":\"https:\\\/\\\/schema.org\",\"@graph\":[{\"@type\":\"WebPage\",\"@id\":\"https:\\\/\\\/www.polycliniqueplus.com\\\/it\\\/organizzazione-di-vacanze-di-turismo-medico-turchia\\\/\",\"url\":\"https:\\\/\\\/www.polycliniqueplus.com\\\/it\\\/organizzazione-di-vacanze-di-turismo-medico-turchia\\\/\",\"name\":\"PolycliniquePlus : organizzazione di vacanze di turismo medico Turchia\",\"isPartOf\":{\"@id\":\"https:\\\/\\\/www.polycliniqueplus.com\\\/it\\\/#website\"},\"datePublished\":\"2017-06-18T17:45:37+00:00\",\"dateModified\":\"2025-04-09T11:01:33+00:00\",\"description\":\"PolycliniquePlus, agenzia di turismo medico in Turchia. Prezzi economici e tutto compreso, chiedete il vostro preventivo gratuito online.\",\"breadcrumb\":{\"@id\":\"https:\\\/\\\/www.polycliniqueplus.com\\\/it\\\/organizzazione-di-vacanze-di-turismo-medico-turchia\\\/#breadcrumb\"},\"inLanguage\":\"it-IT\",\"potentialAction\":[{\"@type\":\"ReadAction\",\"target\":[\"https:\\\/\\\/www.polycliniqueplus.com\\\/it\\\/organizzazione-di-vacanze-di-turismo-medico-turchia\\\/\"]}]},{\"@type\":\"BreadcrumbList\",\"@id\":\"https:\\\/\\\/www.polycliniqueplus.com\\\/it\\\/organizzazione-di-vacanze-di-turismo-medico-turchia\\\/#breadcrumb\",\"itemListElement\":[{\"@type\":\"ListItem\",\"position\":1,\"name\":\"Accueil\",\"item\":\"https:\\\/\\\/www.polycliniqueplus.com\\\/it\\\/\"},{\"@type\":\"ListItem\",\"position\":2,\"name\":\"POLYCLINIQUE PLUS: organizzazione di vacanze di turismo medico Turchia\"}]},{\"@type\":\"WebSite\",\"@id\":\"https:\\\/\\\/www.polycliniqueplus.com\\\/it\\\/#website\",\"url\":\"https:\\\/\\\/www.polycliniqueplus.com\\\/it\\\/\",\"name\":\"Chirurgie esthetique Turquie : Prix interventions meilleures cliniques Istanbul\",\"description\":\"Chirurgie esthetique Turquie prix pas cher\",\"publisher\":{\"@id\":\"https:\\\/\\\/www.polycliniqueplus.com\\\/it\\\/#organization\"},\"potentialAction\":[{\"@type\":\"SearchAction\",\"target\":{\"@type\":\"EntryPoint\",\"urlTemplate\":\"https:\\\/\\\/www.polycliniqueplus.com\\\/it\\\/?s={search_term_string}\"},\"query-input\":{\"@type\":\"PropertyValueSpecification\",\"valueRequired\":true,\"valueName\":\"search_term_string\"}}],\"inLanguage\":\"it-IT\"},{\"@type\":\"Organization\",\"@id\":\"https:\\\/\\\/www.polycliniqueplus.com\\\/it\\\/#organization\",\"name\":\"Polycliniqueplus chirurgie esthetique Turquie\",\"url\":\"https:\\\/\\\/www.polycliniqueplus.com\\\/it\\\/\",\"logo\":{\"@type\":\"ImageObject\",\"inLanguage\":\"it-IT\",\"@id\":\"https:\\\/\\\/www.polycliniqueplus.com\\\/it\\\/#\\\/schema\\\/logo\\\/image\\\/\",\"url\":\"https:\\\/\\\/www.polycliniqueplus.com\\\/wp-content\\\/uploads\\\/2021\\\/03\\\/cropped-add-box-fill.png\",\"contentUrl\":\"https:\\\/\\\/www.polycliniqueplus.com\\\/wp-content\\\/uploads\\\/2021\\\/03\\\/cropped-add-box-fill.png\",\"width\":512,\"height\":512,\"caption\":\"Polycliniqueplus chirurgie esthetique Turquie\"},\"image\":{\"@id\":\"https:\\\/\\\/www.polycliniqueplus.com\\\/it\\\/#\\\/schema\\\/logo\\\/image\\\/\"},\"sameAs\":[\"https:\\\/\\\/www.facebook.com\\\/polycliniqueplus\",\"https:\\\/\\\/x.com\\\/polyclinique1\",\"https:\\\/\\\/www.youtube.com\\\/channel\\\/UCAnK3TORJqflIuYGFa-JQDw\"]}]}<\/script>\n<!-- \/ Yoast SEO plugin. -->","yoast_head_json":{"title":"PolycliniquePlus : organizzazione di vacanze di turismo medico Turchia","description":"PolycliniquePlus, agenzia di turismo medico in Turchia. Prezzi economici e tutto compreso, chiedete il vostro preventivo gratuito online.","robots":{"index":"index","follow":"follow","max-snippet":"max-snippet:-1","max-image-preview":"max-image-preview:large","max-video-preview":"max-video-preview:-1"},"canonical":"https:\/\/www.polycliniqueplus.com\/it\/organizzazione-di-vacanze-di-turismo-medico-turchia\/","og_locale":"it_IT","og_type":"article","og_title":"PolycliniquePlus : organizzazione di vacanze di turismo medico Turchia","og_description":"PolycliniquePlus, agenzia di turismo medico in Turchia. Prezzi economici e tutto compreso, chiedete il vostro preventivo gratuito online.","og_url":"https:\/\/www.polycliniqueplus.com\/it\/organizzazione-di-vacanze-di-turismo-medico-turchia\/","og_site_name":"Chirurgie esthetique Turquie : Prix interventions meilleures cliniques Istanbul","article_publisher":"https:\/\/www.facebook.com\/polycliniqueplus","article_modified_time":"2025-04-09T11:01:33+00:00","og_image":[{"width":574,"height":586,"url":"https:\/\/www.polycliniqueplus.com\/wp-content\/uploads\/2021\/02\/interventions-de-chirurgie-plastique.jpg","type":"image\/jpeg"}],"twitter_card":"summary_large_image","twitter_site":"@polyclinique1","twitter_misc":{"Tempo di lettura stimato":"2 minuti"},"schema":{"@context":"https:\/\/schema.org","@graph":[{"@type":"WebPage","@id":"https:\/\/www.polycliniqueplus.com\/it\/organizzazione-di-vacanze-di-turismo-medico-turchia\/","url":"https:\/\/www.polycliniqueplus.com\/it\/organizzazione-di-vacanze-di-turismo-medico-turchia\/","name":"PolycliniquePlus : organizzazione di vacanze di turismo medico Turchia","isPartOf":{"@id":"https:\/\/www.polycliniqueplus.com\/it\/#website"},"datePublished":"2017-06-18T17:45:37+00:00","dateModified":"2025-04-09T11:01:33+00:00","description":"PolycliniquePlus, agenzia di turismo medico in Turchia. Prezzi economici e tutto compreso, chiedete il vostro preventivo gratuito online.","breadcrumb":{"@id":"https:\/\/www.polycliniqueplus.com\/it\/organizzazione-di-vacanze-di-turismo-medico-turchia\/#breadcrumb"},"inLanguage":"it-IT","potentialAction":[{"@type":"ReadAction","target":["https:\/\/www.polycliniqueplus.com\/it\/organizzazione-di-vacanze-di-turismo-medico-turchia\/"]}]},{"@type":"BreadcrumbList","@id":"https:\/\/www.polycliniqueplus.com\/it\/organizzazione-di-vacanze-di-turismo-medico-turchia\/#breadcrumb","itemListElement":[{"@type":"ListItem","position":1,"name":"Accueil","item":"https:\/\/www.polycliniqueplus.com\/it\/"},{"@type":"ListItem","position":2,"name":"POLYCLINIQUE PLUS: organizzazione di vacanze di turismo medico Turchia"}]},{"@type":"WebSite","@id":"https:\/\/www.polycliniqueplus.com\/it\/#website","url":"https:\/\/www.polycliniqueplus.com\/it\/","name":"Chirurgie esthetique Turquie : Prix interventions meilleures cliniques Istanbul","description":"Chirurgie esthetique Turquie prix pas cher","publisher":{"@id":"https:\/\/www.polycliniqueplus.com\/it\/#organization"},"potentialAction":[{"@type":"SearchAction","target":{"@type":"EntryPoint","urlTemplate":"https:\/\/www.polycliniqueplus.com\/it\/?s={search_term_string}"},"query-input":{"@type":"PropertyValueSpecification","valueRequired":true,"valueName":"search_term_string"}}],"inLanguage":"it-IT"},{"@type":"Organization","@id":"https:\/\/www.polycliniqueplus.com\/it\/#organization","name":"Polycliniqueplus chirurgie esthetique Turquie","url":"https:\/\/www.polycliniqueplus.com\/it\/","logo":{"@type":"ImageObject","inLanguage":"it-IT","@id":"https:\/\/www.polycliniqueplus.com\/it\/#\/schema\/logo\/image\/","url":"https:\/\/www.polycliniqueplus.com\/wp-content\/uploads\/2021\/03\/cropped-add-box-fill.png","contentUrl":"https:\/\/www.polycliniqueplus.com\/wp-content\/uploads\/2021\/03\/cropped-add-box-fill.png","width":512,"height":512,"caption":"Polycliniqueplus chirurgie esthetique Turquie"},"image":{"@id":"https:\/\/www.polycliniqueplus.com\/it\/#\/schema\/logo\/image\/"},"sameAs":["https:\/\/www.facebook.com\/polycliniqueplus","https:\/\/x.com\/polyclinique1","https:\/\/www.youtube.com\/channel\/UCAnK3TORJqflIuYGFa-JQDw"]}]}},"_links":{"self":[{"href":"https:\/\/www.polycliniqueplus.com\/it\/wp-json\/wp\/v2\/pages\/29426","targetHints":{"allow":["GET"]}}],"collection":[{"href":"https:\/\/www.polycliniqueplus.com\/it\/wp-json\/wp\/v2\/pages"}],"about":[{"href":"https:\/\/www.polycliniqueplus.com\/it\/wp-json\/wp\/v2\/types\/page"}],"author":[{"embeddable":true,"href":"https:\/\/www.polycliniqueplus.com\/it\/wp-json\/wp\/v2\/users\/1"}],"replies":[{"embeddable":true,"href":"https:\/\/www.polycliniqueplus.com\/it\/wp-json\/wp\/v2\/comments?post=29426"}],"version-history":[{"count":20,"href":"https:\/\/www.polycliniqueplus.com\/it\/wp-json\/wp\/v2\/pages\/29426\/revisions"}],"predecessor-version":[{"id":29573,"href":"https:\/\/www.polycliniqueplus.com\/it\/wp-json\/wp\/v2\/pages\/29426\/revisions\/29573"}],"wp:attachment":[{"href":"https:\/\/www.polycliniqueplus.com\/it\/wp-json\/wp\/v2\/media?parent=29426"}],"curies":[{"name":"wp","href":"https:\/\/api.w.org\/{rel}","templated":true}]}}