{"id":9661,"date":"2021-04-19T13:55:38","date_gmt":"2021-04-19T11:55:38","guid":{"rendered":"https:\/\/www.polycliniqueplus.com\/icsi-turquia-tratamiento-de-la-infertilidad-masculina-precio-barato\/"},"modified":"2025-12-12T12:34:32","modified_gmt":"2025-12-12T11:34:32","slug":"icsi-turquia","status":"publish","type":"page","link":"https:\/\/www.polycliniqueplus.com\/es\/icsi-turquia\/","title":{"rendered":"ICSI Turqu\u00eda : Tratamiento de la infertilidad masculina precio barato"},"content":{"rendered":"<div data-elementor-type=\"wp-page\" data-elementor-id=\"9661\" class=\"elementor elementor-9661 elementor-5768\" data-elementor-settings=\"{&quot;ha_cmc_init_switcher&quot;:&quot;no&quot;}\">\n\t\t\t\t\t\t<section class=\"elementor-section elementor-top-section elementor-element elementor-element-28ee426 elementor-section-boxed elementor-section-height-default elementor-section-height-default\" data-id=\"28ee426\" data-element_type=\"section\" data-settings=\"{&quot;_ha_eqh_enable&quot;:false}\">\n\t\t\t\t\t\t<div class=\"elementor-container elementor-column-gap-default\">\n\t\t\t\t\t<div class=\"elementor-column elementor-col-66 elementor-top-column elementor-element elementor-element-c22a94b\" data-id=\"c22a94b\" data-element_type=\"column\">\n\t\t\t<div class=\"elementor-widget-wrap elementor-element-populated\">\n\t\t\t\t\t\t<div class=\"elementor-element elementor-element-810a43b elementor-widget elementor-widget-text-editor\" data-id=\"810a43b\" data-element_type=\"widget\" data-widget_type=\"text-editor.default\">\n\t\t\t\t<div class=\"elementor-widget-container\">\n\t\t\t\t\t\t\tPara aproximadamente la mitad de las parejas que tienen problemas para concebir, la causa de la infertilidad est\u00e1 relacionada con el esperma. La ICSI es el tratamiento m\u00e1s com\u00fan y eficaz para la infertilidad masculina. Esta p\u00e1gina le presenta la ICSI, para qui\u00e9n puede ser adecuada y los riesgos que conlleva.\n\t\t\t\t\t\t<\/div>\n\t\t\t\t<\/div>\n\t\t\t\t<div class=\"elementor-element elementor-element-b115baf elementor-widget elementor-widget-text-editor\" data-id=\"b115baf\" data-element_type=\"widget\" data-widget_type=\"text-editor.default\">\n\t\t\t\t<div class=\"elementor-widget-container\">\n\t\t\t\t\t\t\t<h2>\u00bfC\u00f3mo funciona la ICSI?<\/h2>\nEl tratamiento ser\u00e1 exactamente el mismo que el de <a href=\"https:\/\/www.polycliniqueplus.com\/es\/in-vitro-turquia\/\" target=\"_blank\" rel=\"noopener\">la FIV<\/a>. La \u00fanica diferencia es que, en lugar de mezclar el esperma con el \u00f3vulo y dejar que fecunde, un embri\u00f3logo formado (especialista en embriones) inyectar\u00e1 un solo espermatozoide en el \u00f3vulo.\n\n\t\t\t\t\t\t<\/div>\n\t\t\t\t<\/div>\n\t\t\t\t<div class=\"elementor-element elementor-element-bab081f elementor-widget elementor-widget-text-editor\" data-id=\"bab081f\" data-element_type=\"widget\" data-widget_type=\"text-editor.default\">\n\t\t\t\t<div class=\"elementor-widget-container\">\n\t\t\t\t\t\t\tEste m\u00e9todo maximiza las posibilidades de fecundaci\u00f3n, ya que evita los posibles problemas que pueden encontrar los espermatozoides para penetrar en el \u00f3vulo.\t\t\t\t\t\t<\/div>\n\t\t\t\t<\/div>\n\t\t\t\t\t<\/div>\n\t\t<\/div>\n\t\t\t\t<div class=\"elementor-column elementor-col-33 elementor-top-column elementor-element elementor-element-660d774\" data-id=\"660d774\" data-element_type=\"column\">\n\t\t\t<div class=\"elementor-widget-wrap elementor-element-populated\">\n\t\t\t\t\t\t<div class=\"elementor-element elementor-element-f154d74 elementor-widget elementor-widget-image\" data-id=\"f154d74\" data-element_type=\"widget\" data-widget_type=\"image.default\">\n\t\t\t\t<div class=\"elementor-widget-container\">\n\t\t\t\t\t\t\t\t\t\t<figure class=\"wp-caption\">\n\t\t\t\t\t\t\t\t\t\t<noscript><img fetchpriority=\"high\" decoding=\"async\" width=\"574\" height=\"586\" src=\"https:\/\/www.polycliniqueplus.com\/wp-content\/uploads\/2021\/04\/icsi-turquie.jpg\" class=\"attachment-large size-large wp-image-7563\" alt srcset=\"https:\/\/www.polycliniqueplus.com\/wp-content\/uploads\/2021\/04\/icsi-turquie.jpg 574w, https:\/\/www.polycliniqueplus.com\/wp-content\/uploads\/2021\/04\/icsi-turquie-294x300.jpg 294w\" sizes=\"(max-width: 574px) 100vw, 574px\"><\/noscript><img fetchpriority=\"high\" decoding=\"async\" width=\"574\" height=\"586\" src=\"data:image\/svg+xml,%3Csvg%20xmlns%3D%22http%3A%2F%2Fwww.w3.org%2F2000%2Fsvg%22%20viewBox%3D%220%200%20574%20586%22%3E%3C%2Fsvg%3E\" class=\"attachment-large size-large wp-image-7563 lazyload\" alt srcset=\"data:image\/svg+xml,%3Csvg%20xmlns%3D%22http%3A%2F%2Fwww.w3.org%2F2000%2Fsvg%22%20viewBox%3D%220%200%20574%20586%22%3E%3C%2Fsvg%3E 574w\" sizes=\"(max-width: 574px) 100vw, 574px\" data-srcset=\"https:\/\/www.polycliniqueplus.com\/wp-content\/uploads\/2021\/04\/icsi-turquie.jpg 574w, https:\/\/www.polycliniqueplus.com\/wp-content\/uploads\/2021\/04\/icsi-turquie-294x300.jpg 294w\" data-src=\"https:\/\/www.polycliniqueplus.com\/wp-content\/uploads\/2021\/04\/icsi-turquie.jpg\">\t\t\t\t\t\t\t\t\t\t\t<figcaption class=\"widget-image-caption wp-caption-text\">Inyecci\u00f3n intracitoplasm\u00e1tica de espermatozoides (ICSI)<\/figcaption>\n\t\t\t\t\t\t\t\t\t\t<\/figure>\n\t\t\t\t\t\t\t<\/div>\n\t\t\t\t<\/div>\n\t\t\t\t\t<\/div>\n\t\t<\/div>\n\t\t\t\t\t<\/div>\n\t\t<\/section>\n\t\t\t\t<section class=\"elementor-section elementor-top-section elementor-element elementor-element-a2ab0b2 elementor-section-boxed elementor-section-height-default elementor-section-height-default\" data-id=\"a2ab0b2\" data-element_type=\"section\" data-settings=\"{&quot;_ha_eqh_enable&quot;:false}\">\n\t\t\t\t\t\t<div class=\"elementor-container elementor-column-gap-default\">\n\t\t\t\t\t<div class=\"elementor-column elementor-col-100 elementor-top-column elementor-element elementor-element-a011536\" data-id=\"a011536\" data-element_type=\"column\">\n\t\t\t<div class=\"elementor-widget-wrap elementor-element-populated\">\n\t\t\t\t\t\t<div class=\"elementor-element elementor-element-f109be5 elementor-widget elementor-widget-text-editor\" data-id=\"f109be5\" data-element_type=\"widget\" data-widget_type=\"text-editor.default\">\n\t\t\t\t<div class=\"elementor-widget-container\">\n\t\t\t\t\t\t\t<h2>Ventajas de la ICSI en Turqu\u00eda<\/h2>\n\n<ul class=\"liste-page\">\n \t<li>La ICSI es un tratamiento eficaz para los hombres con infertilidad.<\/li>\n \t<li>Se realiza en el marco de una <a href=\"https:\/\/www.polycliniqueplus.com\/es\/inseminacion-artificial-turquia\/\" target=\"_blank\" rel=\"noopener\">fecundaci\u00f3n in vitro (FIV<\/a> ).<\/li>\n \t<li>Consiste en inyectar esperma directamente en el \u00f3vulo.<\/li>\n \t<li>A algunos hombres hay que extirparles antes el esperma quir\u00fargicamente.<\/li>\n \t<li>ICSI barato Turqu\u00eda<\/li>\n \t<li>Atenci\u00f3n total al paciente durante toda la estancia<\/li>\n<\/ul>\n\t\t\t\t\t\t<\/div>\n\t\t\t\t<\/div>\n\t\t\t\t<div class=\"elementor-element elementor-element-d79659c elementor-widget elementor-widget-text-editor\" data-id=\"d79659c\" data-element_type=\"widget\" data-widget_type=\"text-editor.default\">\n\t\t\t\t<div class=\"elementor-widget-container\">\n\t\t\t\t\t\t\t<h2>\u00bfA qui\u00e9n puede recomendarse la ICSI?<\/h2>\nSu m\u00e9dico puede recomendarle la ICSI si :\n\t\t\t\t\t\t<\/div>\n\t\t\t\t<\/div>\n\t\t\t\t<div class=\"elementor-element elementor-element-4d93302 elementor-widget elementor-widget-text-editor\" data-id=\"4d93302\" data-element_type=\"widget\" data-widget_type=\"text-editor.default\">\n\t\t\t\t<div class=\"elementor-widget-container\">\n\t\t\t\t\t\t\t<ul class=\"liste-page\">\n \t<li>tiene un recuento muy bajo de espermatozoides<\/li>\n \t<li>sus espermatozoides tienen una forma anormal (mala morfolog\u00eda) o no se mueven con normalidad (mala motilidad)<\/li>\n \t<li>Ya te has sometido a una FIV y no se ha fecundado ning\u00fan \u00f3vulo o muy pocos.<\/li>\n \t<li>necesita <a href=\"https:\/\/www.polycliniqueplus.com\/es\/biopsia-testicular-turquia\/\" target=\"_blank\" rel=\"noopener\">una extracci\u00f3n quir\u00fargica de esperma de los test\u00edculos o del epid\u00eddimo<\/a> (un conducto estrecho en el interior del escroto donde se almacenan y maduran los espermatozoides), por ejemplo, porque se ha sometido a una vasectom\u00eda o tiene una obstrucci\u00f3n que impide que los espermatozoides lleguen al eyaculado, causada por una enfermedad, lesi\u00f3n o trastorno gen\u00e9tico, o porque tiene un recuento de espermatozoides extremadamente bajo.<\/li>\n \t<li>est\u00e1 utilizando en su tratamiento esperma congelado que no es de la mejor calidad, especialmente si se almacen\u00f3 porque su fertilidad estaba amenazada, o tras una recuperaci\u00f3n quir\u00fargica de esperma.<\/li>\n \t<li>te est\u00e1s sometiendo a una prueba embrionaria para detectar una enfermedad gen\u00e9tica, y los espermatozoides adheridos al exterior de los \u00f3vulos podr\u00edan interferir en los resultados.<\/li>\n<\/ul>\n\t\t\t\t\t\t<\/div>\n\t\t\t\t<\/div>\n\t\t\t\t\t<\/div>\n\t\t<\/div>\n\t\t\t\t\t<\/div>\n\t\t<\/section>\n\t\t\t\t<section class=\"elementor-section elementor-top-section elementor-element elementor-element-2ff5154 elementor-section-boxed elementor-section-height-default elementor-section-height-default\" data-id=\"2ff5154\" data-element_type=\"section\" data-settings=\"{&quot;background_background&quot;:&quot;classic&quot;,&quot;_ha_eqh_enable&quot;:false}\">\n\t\t\t\t\t\t<div class=\"elementor-container elementor-column-gap-default\">\n\t\t\t\t\t<div class=\"elementor-column elementor-col-100 elementor-top-column elementor-element elementor-element-e38ba2b\" data-id=\"e38ba2b\" data-element_type=\"column\">\n\t\t\t<div class=\"elementor-widget-wrap elementor-element-populated\">\n\t\t\t\t\t\t<div class=\"elementor-element elementor-element-d0ab241 elementor-widget elementor-widget-heading\" data-id=\"d0ab241\" data-element_type=\"widget\" data-widget_type=\"heading.default\">\n\t\t\t\t<div class=\"elementor-widget-container\">\n\t\t\t<h2 class=\"elementor-heading-title elementor-size-default\">ICSI Turqu\u00eda precio todo incluido<\/h2>\t\t<\/div>\n\t\t\t\t<\/div>\n\t\t\t\t<div class=\"elementor-element elementor-element-51ab726 elementor-widget elementor-widget-text-editor\" data-id=\"51ab726\" data-element_type=\"widget\" data-widget_type=\"text-editor.default\">\n\t\t\t\t<div class=\"elementor-widget-container\">\n\t\t\t\t\t\t\t<p>Polycliniqueplus le ofrece un paquete de vacaciones ICSI todo incluido en Turqu\u00eda, \u00a1reserve ahora!<\/p>\n\t\t\t\t\t\t<\/div>\n\t\t\t\t<\/div>\n\t\t\t\t<div class=\"elementor-element elementor-element-93a2b35 elementor-align-center elementor-widget elementor-widget-button\" data-id=\"93a2b35\" data-element_type=\"widget\" data-widget_type=\"button.default\">\n\t\t\t\t<div class=\"elementor-widget-container\">\n\t\t\t\t\t<div class=\"elementor-button-wrapper\">\n\t\t\t<a class=\"elementor-button elementor-button-link elementor-size-sm\" href=\"https:\/\/www.polycliniqueplus.com\/es\/presupuesto\/\">\n\t\t\t\t\t\t<span class=\"elementor-button-content-wrapper\">\n\t\t\t\t\t\t<span class=\"elementor-button-icon\">\n\t\t\t\t<i aria-hidden=\"true\" class=\"fas fa-arrow-right\"><\/i>\t\t\t<\/span>\n\t\t\t\t\t\t\t\t\t<span class=\"elementor-button-text\">Presupuesto ICSI Turqu\u00eda<\/span>\n\t\t\t\t\t<\/span>\n\t\t\t\t\t<\/a>\n\t\t<\/div>\n\t\t\t\t<\/div>\n\t\t\t\t<\/div>\n\t\t\t\t\t<\/div>\n\t\t<\/div>\n\t\t\t\t\t<\/div>\n\t\t<\/section>\n\t\t\t\t<section class=\"elementor-section elementor-top-section elementor-element elementor-element-7462e70 elementor-section-boxed elementor-section-height-default elementor-section-height-default\" data-id=\"7462e70\" data-element_type=\"section\" data-settings=\"{&quot;_ha_eqh_enable&quot;:false}\">\n\t\t\t\t\t\t<div class=\"elementor-container elementor-column-gap-default\">\n\t\t\t\t\t<div class=\"elementor-column elementor-col-100 elementor-top-column elementor-element elementor-element-d18d14c\" data-id=\"d18d14c\" data-element_type=\"column\">\n\t\t\t<div class=\"elementor-widget-wrap elementor-element-populated\">\n\t\t\t\t\t\t<div class=\"elementor-element elementor-element-4f8e077 elementor-widget elementor-widget-text-editor\" data-id=\"4f8e077\" data-element_type=\"widget\" data-widget_type=\"text-editor.default\">\n\t\t\t\t<div class=\"elementor-widget-container\">\n\t\t\t\t\t\t\t<h2>Y si la ICSI no funciona, \u00bfqu\u00e9 pasa?<\/h2>\nAl igual que con la FIV, muchos expertos recomiendan esperar unos meses despu\u00e9s del tratamiento antes de volver a intentarlo. Esto le permite escapar del estr\u00e9s del tratamiento y da a su cuerpo la oportunidad de recuperarse. Si lo desea, puede volver a intentar la ICSI si su m\u00e9dico cree que tiene posibilidades razonables de \u00e9xito.\n\n\t\t\t\t\t\t<\/div>\n\t\t\t\t<\/div>\n\t\t\t\t<div class=\"elementor-element elementor-element-6d7fc1e elementor-widget elementor-widget-text-editor\" data-id=\"6d7fc1e\" data-element_type=\"widget\" data-widget_type=\"text-editor.default\">\n\t\t\t\t<div class=\"elementor-widget-container\">\n\t\t\t\t\t\t\tTambi\u00e9n puedes pensar en tus opciones y decidir si contin\u00faas el tratamiento o exploras otras opciones para formar una familia, como recurrir a un donante de esperma o la adopci\u00f3n.\t\t\t\t\t\t<\/div>\n\t\t\t\t<\/div>\n\t\t\t\t\t<\/div>\n\t\t<\/div>\n\t\t\t\t\t<\/div>\n\t\t<\/section>\n\t\t\t\t<\/div>\n\t\t","protected":false},"excerpt":{"rendered":"<p>Para aproximadamente la mitad de las parejas que tienen problemas para concebir, la causa de la infertilidad est\u00e1 relacionada con el esperma. La ICSI es el tratamiento m\u00e1s com\u00fan y eficaz para la infertilidad masculina. Esta p\u00e1gina le presenta la ICSI, para qui\u00e9n puede ser adecuada y los riesgos que conlleva. \u00bfC\u00f3mo funciona la ICSI? [&hellip;]<\/p>\n","protected":false},"author":1,"featured_media":7563,"parent":0,"menu_order":0,"comment_status":"closed","ping_status":"closed","template":"","meta":{"footnotes":""},"class_list":["post-9661","page","type-page","status-publish","has-post-thumbnail","hentry"],"yoast_head":"<!-- This site is optimized with the Yoast SEO plugin v27.3 - https:\/\/yoast.com\/product\/yoast-seo-wordpress\/ -->\n<title>ICSI Turqu\u00eda : Tratamiento de la infertilidad masculina precio barato<\/title>\n<meta name=\"description\" content=\"ICSI Turqu\u00eda: Un tratamiento barato de la infertilidad masculina que maximiza las posibilidades de fecundaci\u00f3n, ya que evita los posibles problemas que pueden encontrar los espermatozoides para penetrar en el \u00f3vulo.\" \/>\n<meta name=\"robots\" content=\"index, follow, max-snippet:-1, max-image-preview:large, max-video-preview:-1\" \/>\n<link rel=\"canonical\" href=\"https:\/\/www.polycliniqueplus.com\/es\/icsi-turquia\/\" \/>\n<meta property=\"og:locale\" content=\"es_ES\" \/>\n<meta property=\"og:type\" content=\"article\" \/>\n<meta property=\"og:title\" content=\"ICSI Turqu\u00eda : Tratamiento de la infertilidad masculina precio barato\" \/>\n<meta property=\"og:description\" content=\"ICSI Turqu\u00eda: Un tratamiento barato de la infertilidad masculina que maximiza las posibilidades de fecundaci\u00f3n, ya que evita los posibles problemas que pueden encontrar los espermatozoides para penetrar en el \u00f3vulo.\" \/>\n<meta property=\"og:url\" content=\"https:\/\/www.polycliniqueplus.com\/es\/icsi-turquia\/\" \/>\n<meta property=\"og:site_name\" content=\"Chirurgie esthetique Turquie : Prix interventions meilleures cliniques Istanbul\" \/>\n<meta property=\"article:publisher\" content=\"https:\/\/www.facebook.com\/polycliniqueplus\" \/>\n<meta property=\"article:modified_time\" content=\"2025-12-12T11:34:32+00:00\" \/>\n<meta property=\"og:image\" content=\"https:\/\/www.polycliniqueplus.com\/wp-content\/uploads\/2021\/04\/icsi-turquie.jpg\" \/>\n\t<meta property=\"og:image:width\" content=\"574\" \/>\n\t<meta property=\"og:image:height\" content=\"586\" \/>\n\t<meta property=\"og:image:type\" content=\"image\/jpeg\" \/>\n<meta name=\"twitter:card\" content=\"summary_large_image\" \/>\n<meta name=\"twitter:site\" content=\"@polyclinique1\" \/>\n<meta name=\"twitter:label1\" content=\"Tiempo de lectura\" \/>\n\t<meta name=\"twitter:data1\" content=\"3 minutos\" \/>\n<script type=\"application\/ld+json\" class=\"yoast-schema-graph\">{\"@context\":\"https:\\\/\\\/schema.org\",\"@graph\":[{\"@type\":\"WebPage\",\"@id\":\"https:\\\/\\\/www.polycliniqueplus.com\\\/es\\\/icsi-turquia\\\/\",\"url\":\"https:\\\/\\\/www.polycliniqueplus.com\\\/es\\\/icsi-turquia\\\/\",\"name\":\"ICSI Turqu\u00eda : Tratamiento de la infertilidad masculina precio barato\",\"isPartOf\":{\"@id\":\"https:\\\/\\\/www.polycliniqueplus.com\\\/es\\\/#website\"},\"primaryImageOfPage\":{\"@id\":\"https:\\\/\\\/www.polycliniqueplus.com\\\/es\\\/icsi-turquia\\\/#primaryimage\"},\"image\":{\"@id\":\"https:\\\/\\\/www.polycliniqueplus.com\\\/es\\\/icsi-turquia\\\/#primaryimage\"},\"thumbnailUrl\":\"https:\\\/\\\/www.polycliniqueplus.com\\\/wp-content\\\/uploads\\\/2021\\\/04\\\/icsi-turquie.jpg\",\"datePublished\":\"2021-04-19T11:55:38+00:00\",\"dateModified\":\"2025-12-12T11:34:32+00:00\",\"description\":\"ICSI Turqu\u00eda: Un tratamiento barato de la infertilidad masculina que maximiza las posibilidades de fecundaci\u00f3n, ya que evita los posibles problemas que pueden encontrar los espermatozoides para penetrar en el \u00f3vulo.\",\"breadcrumb\":{\"@id\":\"https:\\\/\\\/www.polycliniqueplus.com\\\/es\\\/icsi-turquia\\\/#breadcrumb\"},\"inLanguage\":\"es\",\"potentialAction\":[{\"@type\":\"ReadAction\",\"target\":[\"https:\\\/\\\/www.polycliniqueplus.com\\\/es\\\/icsi-turquia\\\/\"]}]},{\"@type\":\"ImageObject\",\"inLanguage\":\"es\",\"@id\":\"https:\\\/\\\/www.polycliniqueplus.com\\\/es\\\/icsi-turquia\\\/#primaryimage\",\"url\":\"https:\\\/\\\/www.polycliniqueplus.com\\\/wp-content\\\/uploads\\\/2021\\\/04\\\/icsi-turquie.jpg\",\"contentUrl\":\"https:\\\/\\\/www.polycliniqueplus.com\\\/wp-content\\\/uploads\\\/2021\\\/04\\\/icsi-turquie.jpg\",\"width\":574,\"height\":586},{\"@type\":\"BreadcrumbList\",\"@id\":\"https:\\\/\\\/www.polycliniqueplus.com\\\/es\\\/icsi-turquia\\\/#breadcrumb\",\"itemListElement\":[{\"@type\":\"ListItem\",\"position\":1,\"name\":\"Accueil\",\"item\":\"https:\\\/\\\/www.polycliniqueplus.com\\\/es\\\/\"},{\"@type\":\"ListItem\",\"position\":2,\"name\":\"ICSI Turqu\u00eda : Tratamiento de la infertilidad masculina precio barato\"}]},{\"@type\":\"WebSite\",\"@id\":\"https:\\\/\\\/www.polycliniqueplus.com\\\/es\\\/#website\",\"url\":\"https:\\\/\\\/www.polycliniqueplus.com\\\/es\\\/\",\"name\":\"Chirurgie esthetique Turquie : Prix interventions meilleures cliniques Istanbul\",\"description\":\"Chirurgie esthetique Turquie prix pas cher\",\"publisher\":{\"@id\":\"https:\\\/\\\/www.polycliniqueplus.com\\\/es\\\/#organization\"},\"potentialAction\":[{\"@type\":\"SearchAction\",\"target\":{\"@type\":\"EntryPoint\",\"urlTemplate\":\"https:\\\/\\\/www.polycliniqueplus.com\\\/es\\\/?s={search_term_string}\"},\"query-input\":{\"@type\":\"PropertyValueSpecification\",\"valueRequired\":true,\"valueName\":\"search_term_string\"}}],\"inLanguage\":\"es\"},{\"@type\":\"Organization\",\"@id\":\"https:\\\/\\\/www.polycliniqueplus.com\\\/es\\\/#organization\",\"name\":\"Polycliniqueplus chirurgie esthetique Turquie\",\"url\":\"https:\\\/\\\/www.polycliniqueplus.com\\\/es\\\/\",\"logo\":{\"@type\":\"ImageObject\",\"inLanguage\":\"es\",\"@id\":\"https:\\\/\\\/www.polycliniqueplus.com\\\/es\\\/#\\\/schema\\\/logo\\\/image\\\/\",\"url\":\"https:\\\/\\\/www.polycliniqueplus.com\\\/wp-content\\\/uploads\\\/2021\\\/03\\\/cropped-add-box-fill.png\",\"contentUrl\":\"https:\\\/\\\/www.polycliniqueplus.com\\\/wp-content\\\/uploads\\\/2021\\\/03\\\/cropped-add-box-fill.png\",\"width\":512,\"height\":512,\"caption\":\"Polycliniqueplus chirurgie esthetique Turquie\"},\"image\":{\"@id\":\"https:\\\/\\\/www.polycliniqueplus.com\\\/es\\\/#\\\/schema\\\/logo\\\/image\\\/\"},\"sameAs\":[\"https:\\\/\\\/www.facebook.com\\\/polycliniqueplus\",\"https:\\\/\\\/x.com\\\/polyclinique1\",\"https:\\\/\\\/www.youtube.com\\\/channel\\\/UCAnK3TORJqflIuYGFa-JQDw\"]}]}<\/script>\n<!-- \/ Yoast SEO plugin. -->","yoast_head_json":{"title":"ICSI Turqu\u00eda : Tratamiento de la infertilidad masculina precio barato","description":"ICSI Turqu\u00eda: Un tratamiento barato de la infertilidad masculina que maximiza las posibilidades de fecundaci\u00f3n, ya que evita los posibles problemas que pueden encontrar los espermatozoides para penetrar en el \u00f3vulo.","robots":{"index":"index","follow":"follow","max-snippet":"max-snippet:-1","max-image-preview":"max-image-preview:large","max-video-preview":"max-video-preview:-1"},"canonical":"https:\/\/www.polycliniqueplus.com\/es\/icsi-turquia\/","og_locale":"es_ES","og_type":"article","og_title":"ICSI Turqu\u00eda : Tratamiento de la infertilidad masculina precio barato","og_description":"ICSI Turqu\u00eda: Un tratamiento barato de la infertilidad masculina que maximiza las posibilidades de fecundaci\u00f3n, ya que evita los posibles problemas que pueden encontrar los espermatozoides para penetrar en el \u00f3vulo.","og_url":"https:\/\/www.polycliniqueplus.com\/es\/icsi-turquia\/","og_site_name":"Chirurgie esthetique Turquie : Prix interventions meilleures cliniques Istanbul","article_publisher":"https:\/\/www.facebook.com\/polycliniqueplus","article_modified_time":"2025-12-12T11:34:32+00:00","og_image":[{"width":574,"height":586,"url":"https:\/\/www.polycliniqueplus.com\/wp-content\/uploads\/2021\/04\/icsi-turquie.jpg","type":"image\/jpeg"}],"twitter_card":"summary_large_image","twitter_site":"@polyclinique1","twitter_misc":{"Tiempo de lectura":"3 minutos"},"schema":{"@context":"https:\/\/schema.org","@graph":[{"@type":"WebPage","@id":"https:\/\/www.polycliniqueplus.com\/es\/icsi-turquia\/","url":"https:\/\/www.polycliniqueplus.com\/es\/icsi-turquia\/","name":"ICSI Turqu\u00eda : Tratamiento de la infertilidad masculina precio barato","isPartOf":{"@id":"https:\/\/www.polycliniqueplus.com\/es\/#website"},"primaryImageOfPage":{"@id":"https:\/\/www.polycliniqueplus.com\/es\/icsi-turquia\/#primaryimage"},"image":{"@id":"https:\/\/www.polycliniqueplus.com\/es\/icsi-turquia\/#primaryimage"},"thumbnailUrl":"https:\/\/www.polycliniqueplus.com\/wp-content\/uploads\/2021\/04\/icsi-turquie.jpg","datePublished":"2021-04-19T11:55:38+00:00","dateModified":"2025-12-12T11:34:32+00:00","description":"ICSI Turqu\u00eda: Un tratamiento barato de la infertilidad masculina que maximiza las posibilidades de fecundaci\u00f3n, ya que evita los posibles problemas que pueden encontrar los espermatozoides para penetrar en el \u00f3vulo.","breadcrumb":{"@id":"https:\/\/www.polycliniqueplus.com\/es\/icsi-turquia\/#breadcrumb"},"inLanguage":"es","potentialAction":[{"@type":"ReadAction","target":["https:\/\/www.polycliniqueplus.com\/es\/icsi-turquia\/"]}]},{"@type":"ImageObject","inLanguage":"es","@id":"https:\/\/www.polycliniqueplus.com\/es\/icsi-turquia\/#primaryimage","url":"https:\/\/www.polycliniqueplus.com\/wp-content\/uploads\/2021\/04\/icsi-turquie.jpg","contentUrl":"https:\/\/www.polycliniqueplus.com\/wp-content\/uploads\/2021\/04\/icsi-turquie.jpg","width":574,"height":586},{"@type":"BreadcrumbList","@id":"https:\/\/www.polycliniqueplus.com\/es\/icsi-turquia\/#breadcrumb","itemListElement":[{"@type":"ListItem","position":1,"name":"Accueil","item":"https:\/\/www.polycliniqueplus.com\/es\/"},{"@type":"ListItem","position":2,"name":"ICSI Turqu\u00eda : Tratamiento de la infertilidad masculina precio barato"}]},{"@type":"WebSite","@id":"https:\/\/www.polycliniqueplus.com\/es\/#website","url":"https:\/\/www.polycliniqueplus.com\/es\/","name":"Chirurgie esthetique Turquie : Prix interventions meilleures cliniques Istanbul","description":"Chirurgie esthetique Turquie prix pas cher","publisher":{"@id":"https:\/\/www.polycliniqueplus.com\/es\/#organization"},"potentialAction":[{"@type":"SearchAction","target":{"@type":"EntryPoint","urlTemplate":"https:\/\/www.polycliniqueplus.com\/es\/?s={search_term_string}"},"query-input":{"@type":"PropertyValueSpecification","valueRequired":true,"valueName":"search_term_string"}}],"inLanguage":"es"},{"@type":"Organization","@id":"https:\/\/www.polycliniqueplus.com\/es\/#organization","name":"Polycliniqueplus chirurgie esthetique Turquie","url":"https:\/\/www.polycliniqueplus.com\/es\/","logo":{"@type":"ImageObject","inLanguage":"es","@id":"https:\/\/www.polycliniqueplus.com\/es\/#\/schema\/logo\/image\/","url":"https:\/\/www.polycliniqueplus.com\/wp-content\/uploads\/2021\/03\/cropped-add-box-fill.png","contentUrl":"https:\/\/www.polycliniqueplus.com\/wp-content\/uploads\/2021\/03\/cropped-add-box-fill.png","width":512,"height":512,"caption":"Polycliniqueplus chirurgie esthetique Turquie"},"image":{"@id":"https:\/\/www.polycliniqueplus.com\/es\/#\/schema\/logo\/image\/"},"sameAs":["https:\/\/www.facebook.com\/polycliniqueplus","https:\/\/x.com\/polyclinique1","https:\/\/www.youtube.com\/channel\/UCAnK3TORJqflIuYGFa-JQDw"]}]}},"_links":{"self":[{"href":"https:\/\/www.polycliniqueplus.com\/es\/wp-json\/wp\/v2\/pages\/9661","targetHints":{"allow":["GET"]}}],"collection":[{"href":"https:\/\/www.polycliniqueplus.com\/es\/wp-json\/wp\/v2\/pages"}],"about":[{"href":"https:\/\/www.polycliniqueplus.com\/es\/wp-json\/wp\/v2\/types\/page"}],"author":[{"embeddable":true,"href":"https:\/\/www.polycliniqueplus.com\/es\/wp-json\/wp\/v2\/users\/1"}],"replies":[{"embeddable":true,"href":"https:\/\/www.polycliniqueplus.com\/es\/wp-json\/wp\/v2\/comments?post=9661"}],"version-history":[{"count":20,"href":"https:\/\/www.polycliniqueplus.com\/es\/wp-json\/wp\/v2\/pages\/9661\/revisions"}],"predecessor-version":[{"id":32901,"href":"https:\/\/www.polycliniqueplus.com\/es\/wp-json\/wp\/v2\/pages\/9661\/revisions\/32901"}],"wp:featuredmedia":[{"embeddable":true,"href":"https:\/\/www.polycliniqueplus.com\/es\/wp-json\/wp\/v2\/media\/7563"}],"wp:attachment":[{"href":"https:\/\/www.polycliniqueplus.com\/es\/wp-json\/wp\/v2\/media?parent=9661"}],"curies":[{"name":"wp","href":"https:\/\/api.w.org\/{rel}","templated":true}]}}