{"id":9658,"date":"2018-01-23T11:01:21","date_gmt":"2018-01-23T10:01:21","guid":{"rendered":"https:\/\/www.polycliniqueplus.com\/inseminacion-artificial-turquia-reproduccion-asistida-barata\/"},"modified":"2025-12-12T12:35:04","modified_gmt":"2025-12-12T11:35:04","slug":"inseminacion-artificial-turquia","status":"publish","type":"page","link":"https:\/\/www.polycliniqueplus.com\/es\/inseminacion-artificial-turquia\/","title":{"rendered":"Inseminaci\u00f3n artificial Turqu\u00eda: reproducci\u00f3n asistida barata"},"content":{"rendered":"<div data-elementor-type=\"wp-page\" data-elementor-id=\"9658\" class=\"elementor elementor-9658 elementor-1554\" data-elementor-settings=\"{&quot;ha_cmc_init_switcher&quot;:&quot;no&quot;}\">\n\t\t\t\t\t\t<section class=\"elementor-section elementor-top-section elementor-element elementor-element-2079668 elementor-section-content-middle elementor-section-boxed elementor-section-height-default elementor-section-height-default\" data-id=\"2079668\" data-element_type=\"section\" data-settings=\"{&quot;_ha_eqh_enable&quot;:false}\">\n\t\t\t\t\t\t<div class=\"elementor-container elementor-column-gap-default\">\n\t\t\t\t\t<div class=\"elementor-column elementor-col-50 elementor-top-column elementor-element elementor-element-3809a90\" data-id=\"3809a90\" data-element_type=\"column\">\n\t\t\t<div class=\"elementor-widget-wrap elementor-element-populated\">\n\t\t\t\t\t\t<div class=\"elementor-element elementor-element-4d0bfa2 elementor-widget elementor-widget-text-editor\" data-id=\"4d0bfa2\" data-element_type=\"widget\" data-widget_type=\"text-editor.default\">\n\t\t\t\t<div class=\"elementor-widget-container\">\n\t\t\t\t\t\t\tLa<strong>inseminaci\u00f3n artificial<\/strong> es una de las tecnolog\u00edas m\u00e9dicas de reproducci\u00f3n (TRA) m\u00e1s sencillas para tratar la infertilidad.\n\n\t\t\t\t\t\t<\/div>\n\t\t\t\t<\/div>\n\t\t\t\t<div class=\"elementor-element elementor-element-e3aad83 elementor-widget elementor-widget-text-editor\" data-id=\"e3aad83\" data-element_type=\"widget\" data-widget_type=\"text-editor.default\">\n\t\t\t\t<div class=\"elementor-widget-container\">\n\t\t\t\t\t\t\tEs un procedimiento que ayuda a fecundar los gametos sexuales femenino y masculino colocando artificialmente los espermatozoides en el \u00fatero tras su purificaci\u00f3n y tratamiento.\n\t\t\t\t\t\t<\/div>\n\t\t\t\t<\/div>\n\t\t\t\t<div class=\"elementor-element elementor-element-b6332b1 elementor-widget elementor-widget-text-editor\" data-id=\"b6332b1\" data-element_type=\"widget\" data-widget_type=\"text-editor.default\">\n\t\t\t\t<div class=\"elementor-widget-container\">\n\t\t\t\t\t\t\t<h2>Precio de la inseminaci\u00f3n artificial en Turqu\u00eda<\/h2>\nSe ofrece un precio bajo con todos los gastos incluidos (honorarios del equipo quir\u00fargico, cl\u00ednica, traslado, estancias en hotel&#8230;) para la <strong>inseminaci\u00f3n artificial en Turqu\u00eda<\/strong>.\n\t\t\t\t\t\t<\/div>\n\t\t\t\t<\/div>\n\t\t\t\t<div class=\"elementor-element elementor-element-97e3269 elementor-widget elementor-widget-text-editor\" data-id=\"97e3269\" data-element_type=\"widget\" data-widget_type=\"text-editor.default\">\n\t\t\t\t<div class=\"elementor-widget-container\">\n\t\t\t\t\t\t\tHaga su solicitud a trav\u00e9s de este <strong>formulario en l\u00ednea<\/strong> y obtenga un presupuesto personalizado.\n\t\t\t\t\t\t<\/div>\n\t\t\t\t<\/div>\n\t\t\t\t\t<\/div>\n\t\t<\/div>\n\t\t\t\t<div class=\"elementor-column elementor-col-50 elementor-top-column elementor-element elementor-element-61dc76f\" data-id=\"61dc76f\" data-element_type=\"column\">\n\t\t\t<div class=\"elementor-widget-wrap elementor-element-populated\">\n\t\t\t\t\t\t<div class=\"elementor-element elementor-element-3838aac elementor-widget elementor-widget-image\" data-id=\"3838aac\" data-element_type=\"widget\" data-widget_type=\"image.default\">\n\t\t\t\t<div class=\"elementor-widget-container\">\n\t\t\t\t\t\t\t\t\t\t<figure class=\"wp-caption\">\n\t\t\t\t\t\t\t\t\t\t<noscript><img fetchpriority=\"high\" decoding=\"async\" width=\"574\" height=\"586\" src=\"https:\/\/www.polycliniqueplus.com\/wp-content\/uploads\/2021\/03\/insemination-artificielle.jpg\" class=\"attachment-large size-large wp-image-7534\" alt srcset=\"https:\/\/www.polycliniqueplus.com\/wp-content\/uploads\/2021\/03\/insemination-artificielle.jpg 574w, https:\/\/www.polycliniqueplus.com\/wp-content\/uploads\/2021\/03\/insemination-artificielle-294x300.jpg 294w\" sizes=\"(max-width: 574px) 100vw, 574px\"><\/noscript><img fetchpriority=\"high\" decoding=\"async\" width=\"574\" height=\"586\" src=\"data:image\/svg+xml,%3Csvg%20xmlns%3D%22http%3A%2F%2Fwww.w3.org%2F2000%2Fsvg%22%20viewBox%3D%220%200%20574%20586%22%3E%3C%2Fsvg%3E\" class=\"attachment-large size-large wp-image-7534 lazyload\" alt srcset=\"data:image\/svg+xml,%3Csvg%20xmlns%3D%22http%3A%2F%2Fwww.w3.org%2F2000%2Fsvg%22%20viewBox%3D%220%200%20574%20586%22%3E%3C%2Fsvg%3E 574w\" sizes=\"(max-width: 574px) 100vw, 574px\" data-srcset=\"https:\/\/www.polycliniqueplus.com\/wp-content\/uploads\/2021\/03\/insemination-artificielle.jpg 574w, https:\/\/www.polycliniqueplus.com\/wp-content\/uploads\/2021\/03\/insemination-artificielle-294x300.jpg 294w\" data-src=\"https:\/\/www.polycliniqueplus.com\/wp-content\/uploads\/2021\/03\/insemination-artificielle.jpg\">\t\t\t\t\t\t\t\t\t\t\t<figcaption class=\"widget-image-caption wp-caption-text\">Ins\u00e9mination artificielle Turquie<\/figcaption>\n\t\t\t\t\t\t\t\t\t\t<\/figure>\n\t\t\t\t\t\t\t<\/div>\n\t\t\t\t<\/div>\n\t\t\t\t\t<\/div>\n\t\t<\/div>\n\t\t\t\t\t<\/div>\n\t\t<\/section>\n\t\t\t\t<section class=\"elementor-section elementor-top-section elementor-element elementor-element-17ad5e4 elementor-section-boxed elementor-section-height-default elementor-section-height-default\" data-id=\"17ad5e4\" data-element_type=\"section\" data-settings=\"{&quot;_ha_eqh_enable&quot;:false}\">\n\t\t\t\t\t\t<div class=\"elementor-container elementor-column-gap-default\">\n\t\t\t\t\t<div class=\"elementor-column elementor-col-100 elementor-top-column elementor-element elementor-element-98693e3\" data-id=\"98693e3\" data-element_type=\"column\">\n\t\t\t<div class=\"elementor-widget-wrap elementor-element-populated\">\n\t\t\t\t\t\t<div class=\"elementor-element elementor-element-7d894c5 elementor-widget elementor-widget-text-editor\" data-id=\"7d894c5\" data-element_type=\"widget\" data-widget_type=\"text-editor.default\">\n\t\t\t\t<div class=\"elementor-widget-container\">\n\t\t\t\t\t\t\t<h2>Desarrollo de un procedimiento de inseminaci\u00f3n artificial<\/h2>\nLa inseminaci\u00f3n artificial es r\u00e1pida y normalmente indolora, y se realiza sin anestesia en unos minutos durante las 36 a 72 horas siguientes al inicio de la ovulaci\u00f3n.\n\n\t\t\t\t\t\t<\/div>\n\t\t\t\t<\/div>\n\t\t\t\t<div class=\"elementor-element elementor-element-c350b71 elementor-widget elementor-widget-text-editor\" data-id=\"c350b71\" data-element_type=\"widget\" data-widget_type=\"text-editor.default\">\n\t\t\t\t<div class=\"elementor-widget-container\">\n\t\t\t\t\t\t\tEl esperma del c\u00f3nyuge se recoge en el laboratorio mediante masturbaci\u00f3n o una peque\u00f1a biopsia testicular, y despu\u00e9s se lava y concentra para aumentar la probabilidad de concepci\u00f3n.\n\n\t\t\t\t\t\t<\/div>\n\t\t\t\t<\/div>\n\t\t\t\t<div class=\"elementor-element elementor-element-9744e17 elementor-widget elementor-widget-text-editor\" data-id=\"9744e17\" data-element_type=\"widget\" data-widget_type=\"text-editor.default\">\n\t\t\t\t<div class=\"elementor-widget-container\">\n\t\t\t\t\t\t\tLos espermatozoides m\u00e1s potentes se introducen directamente en la cavidad uterina mediante un fino cat\u00e9ter y una jeringa a trav\u00e9s de la vagina, para fecundar el \u00f3vulo.\n\n\t\t\t\t\t\t<\/div>\n\t\t\t\t<\/div>\n\t\t\t\t<div class=\"elementor-element elementor-element-165b18e elementor-widget elementor-widget-text-editor\" data-id=\"165b18e\" data-element_type=\"widget\" data-widget_type=\"text-editor.default\">\n\t\t\t\t<div class=\"elementor-widget-container\">\n\t\t\t\t\t\t\tCuando los espermatozoides migran de forma natural al \u00fatero de la mujer, se unen al \u00f3vulo y se produce la fecundaci\u00f3n.\n\t\t\t\t\t\t<\/div>\n\t\t\t\t<\/div>\n\t\t\t\t<div class=\"elementor-element elementor-element-53feff7 elementor-widget elementor-widget-text-editor\" data-id=\"53feff7\" data-element_type=\"widget\" data-widget_type=\"text-editor.default\">\n\t\t\t\t<div class=\"elementor-widget-container\">\n\t\t\t\t\t\t\t\nLa pareja debe evitar las relaciones sexuales durante los tres d\u00edas previos a la recogida de semen.\t\t\t\t\t\t<\/div>\n\t\t\t\t<\/div>\n\t\t\t\t\t<\/div>\n\t\t<\/div>\n\t\t\t\t\t<\/div>\n\t\t<\/section>\n\t\t\t\t<section class=\"elementor-section elementor-top-section elementor-element elementor-element-3511ff6 elementor-section-boxed elementor-section-height-default elementor-section-height-default\" data-id=\"3511ff6\" data-element_type=\"section\" data-settings=\"{&quot;background_background&quot;:&quot;classic&quot;,&quot;_ha_eqh_enable&quot;:false}\">\n\t\t\t\t\t\t<div class=\"elementor-container elementor-column-gap-default\">\n\t\t\t\t\t<div class=\"elementor-column elementor-col-100 elementor-top-column elementor-element elementor-element-fc0dca5\" data-id=\"fc0dca5\" data-element_type=\"column\">\n\t\t\t<div class=\"elementor-widget-wrap elementor-element-populated\">\n\t\t\t\t\t\t<div class=\"elementor-element elementor-element-2d161fc elementor-widget elementor-widget-heading\" data-id=\"2d161fc\" data-element_type=\"widget\" data-widget_type=\"heading.default\">\n\t\t\t\t<div class=\"elementor-widget-container\">\n\t\t\t<h4 class=\"elementor-heading-title elementor-size-default\">PRESUPUESTO EN L\u00cdNEA R\u00c1PIDO Y 100% GRATUITO<\/h4>\t\t<\/div>\n\t\t\t\t<\/div>\n\t\t\t\t<div class=\"elementor-element elementor-element-66c6c72 elementor-align-center elementor-widget elementor-widget-button\" data-id=\"66c6c72\" data-element_type=\"widget\" data-widget_type=\"button.default\">\n\t\t\t\t<div class=\"elementor-widget-container\">\n\t\t\t\t\t<div class=\"elementor-button-wrapper\">\n\t\t\t<a class=\"elementor-button elementor-button-link elementor-size-sm\" href=\"https:\/\/www.polycliniqueplus.com\/es\/presupuesto\/\">\n\t\t\t\t\t\t<span class=\"elementor-button-content-wrapper\">\n\t\t\t\t\t\t<span class=\"elementor-button-icon\">\n\t\t\t\t<i aria-hidden=\"true\" class=\"fas fa-arrow-right\"><\/i>\t\t\t<\/span>\n\t\t\t\t\t\t\t\t\t<span class=\"elementor-button-text\">Presupuesto expr\u00e9s<\/span>\n\t\t\t\t\t<\/span>\n\t\t\t\t\t<\/a>\n\t\t<\/div>\n\t\t\t\t<\/div>\n\t\t\t\t<\/div>\n\t\t\t\t\t<\/div>\n\t\t<\/div>\n\t\t\t\t\t<\/div>\n\t\t<\/section>\n\t\t\t\t<section class=\"elementor-section elementor-top-section elementor-element elementor-element-12349442 elementor-section-boxed elementor-section-height-default elementor-section-height-default\" data-id=\"12349442\" data-element_type=\"section\" data-settings=\"{&quot;_ha_eqh_enable&quot;:false}\">\n\t\t\t\t\t\t<div class=\"elementor-container elementor-column-gap-default\">\n\t\t\t\t\t<div class=\"elementor-column elementor-col-100 elementor-top-column elementor-element elementor-element-72c10cc3\" data-id=\"72c10cc3\" data-element_type=\"column\">\n\t\t\t<div class=\"elementor-widget-wrap elementor-element-populated\">\n\t\t\t\t\t\t<div class=\"elementor-element elementor-element-64db1da elementor-widget elementor-widget-text-editor\" data-id=\"64db1da\" data-element_type=\"widget\" data-widget_type=\"text-editor.default\">\n\t\t\t\t<div class=\"elementor-widget-container\">\n\t\t\t\t\t\t\t<h2>Las secuelas de la operaci\u00f3n de reproducci\u00f3n asistida<\/h2>\n<ul class=\"liste-page\">\n \t<li>La mujer reanuda su vida normal tras 15 o 20 minutos de reposo.<\/li>\n \t<li>El procedimiento es sencillo e indoloro.<\/li>\n<\/ul>\n\t\t\t\t\t\t<\/div>\n\t\t\t\t<\/div>\n\t\t\t\t<div class=\"elementor-element elementor-element-214f61d elementor-widget elementor-widget-text-editor\" data-id=\"214f61d\" data-element_type=\"widget\" data-widget_type=\"text-editor.default\">\n\t\t\t\t<div class=\"elementor-widget-container\">\n\t\t\t\t\t\t\t<h2>Resultado de la intervenci\u00f3n<\/h2>\n<ul class=\"liste-page\">\n \t<li>Las propiedades (buena o mala calidad) de los espermatozoides influyen en el \u00e9xito del procedimiento.<\/li>\n \t<li>Una prueba de embarazo en casa, despu\u00e9s de dos o tres semanas del procedimiento, muestra el \u00e9xito o el fracaso de la inseminaci\u00f3n artificial.<\/li>\n \t<li>El resultado de confirmaci\u00f3n del embarazo se obtiene tomando una muestra de sangre.<\/li>\n \t<li>Tras cinco o seis inseminaciones fallidas, la t\u00e9cnica deja de recomendarse y habr\u00e1 que probar otro m\u00e9todo MAP, como la fecundaci\u00f3n in vitro.<\/li>\n<\/ul>\t\t\t\t\t\t<\/div>\n\t\t\t\t<\/div>\n\t\t\t\t\t<\/div>\n\t\t<\/div>\n\t\t\t\t\t<\/div>\n\t\t<\/section>\n\t\t\t\t<\/div>\n\t\t","protected":false},"excerpt":{"rendered":"<p>Lainseminaci\u00f3n artificial es una de las tecnolog\u00edas m\u00e9dicas de reproducci\u00f3n (TRA) m\u00e1s sencillas para tratar la infertilidad. Es un procedimiento que ayuda a fecundar los gametos sexuales femenino y masculino colocando artificialmente los espermatozoides en el \u00fatero tras su purificaci\u00f3n y tratamiento. Precio de la inseminaci\u00f3n artificial en Turqu\u00eda Se ofrece un precio bajo con [&hellip;]<\/p>\n","protected":false},"author":2,"featured_media":7534,"parent":0,"menu_order":0,"comment_status":"closed","ping_status":"closed","template":"","meta":{"footnotes":""},"class_list":["post-9658","page","type-page","status-publish","has-post-thumbnail","hentry"],"yoast_head":"<!-- This site is optimized with the Yoast SEO plugin v27.3 - https:\/\/yoast.com\/product\/yoast-seo-wordpress\/ -->\n<title>Inseminaci\u00f3n artificial Turqu\u00eda: fecundaci\u00f3n intrauterina (IIU)<\/title>\n<meta name=\"description\" content=\"Inseminaci\u00f3n artificial Turqu\u00eda: t\u00e9cnica de procreaci\u00f3n m\u00e9dicamente asistida (MPA), su principio es depositar espermatozoides en el cuello uterino o en la cavidad uterina de la mujer. Solicite su presupuesto gratuito para conocer el precio.\" \/>\n<meta name=\"robots\" content=\"index, follow, max-snippet:-1, max-image-preview:large, max-video-preview:-1\" \/>\n<link rel=\"canonical\" href=\"https:\/\/www.polycliniqueplus.com\/es\/inseminacion-artificial-turquia\/\" \/>\n<meta property=\"og:locale\" content=\"es_ES\" \/>\n<meta property=\"og:type\" content=\"article\" \/>\n<meta property=\"og:title\" content=\"Inseminaci\u00f3n artificial Turqu\u00eda: fecundaci\u00f3n intrauterina (IIU)\" \/>\n<meta property=\"og:description\" content=\"Inseminaci\u00f3n artificial Turqu\u00eda: t\u00e9cnica de procreaci\u00f3n m\u00e9dicamente asistida (MPA), su principio es depositar espermatozoides en el cuello uterino o en la cavidad uterina de la mujer. Solicite su presupuesto gratuito para conocer el precio.\" \/>\n<meta property=\"og:url\" content=\"https:\/\/www.polycliniqueplus.com\/es\/inseminacion-artificial-turquia\/\" \/>\n<meta property=\"og:site_name\" content=\"Chirurgie esthetique Turquie : Prix interventions meilleures cliniques Istanbul\" \/>\n<meta property=\"article:publisher\" content=\"https:\/\/www.facebook.com\/polycliniqueplus\" \/>\n<meta property=\"article:modified_time\" content=\"2025-12-12T11:35:04+00:00\" \/>\n<meta property=\"og:image\" content=\"https:\/\/www.polycliniqueplus.com\/wp-content\/uploads\/2021\/03\/insemination-artificielle.jpg\" \/>\n\t<meta property=\"og:image:width\" content=\"574\" \/>\n\t<meta property=\"og:image:height\" content=\"586\" \/>\n\t<meta property=\"og:image:type\" content=\"image\/jpeg\" \/>\n<meta name=\"twitter:card\" content=\"summary_large_image\" \/>\n<meta name=\"twitter:site\" content=\"@polyclinique1\" \/>\n<meta name=\"twitter:label1\" content=\"Tiempo de lectura\" \/>\n\t<meta name=\"twitter:data1\" content=\"2 minutos\" \/>\n<script type=\"application\/ld+json\" class=\"yoast-schema-graph\">{\"@context\":\"https:\\\/\\\/schema.org\",\"@graph\":[{\"@type\":\"WebPage\",\"@id\":\"https:\\\/\\\/www.polycliniqueplus.com\\\/es\\\/inseminacion-artificial-turquia\\\/\",\"url\":\"https:\\\/\\\/www.polycliniqueplus.com\\\/es\\\/inseminacion-artificial-turquia\\\/\",\"name\":\"Inseminaci\u00f3n artificial Turqu\u00eda: fecundaci\u00f3n intrauterina (IIU)\",\"isPartOf\":{\"@id\":\"https:\\\/\\\/www.polycliniqueplus.com\\\/es\\\/#website\"},\"primaryImageOfPage\":{\"@id\":\"https:\\\/\\\/www.polycliniqueplus.com\\\/es\\\/inseminacion-artificial-turquia\\\/#primaryimage\"},\"image\":{\"@id\":\"https:\\\/\\\/www.polycliniqueplus.com\\\/es\\\/inseminacion-artificial-turquia\\\/#primaryimage\"},\"thumbnailUrl\":\"https:\\\/\\\/www.polycliniqueplus.com\\\/wp-content\\\/uploads\\\/2021\\\/03\\\/insemination-artificielle.jpg\",\"datePublished\":\"2018-01-23T10:01:21+00:00\",\"dateModified\":\"2025-12-12T11:35:04+00:00\",\"description\":\"Inseminaci\u00f3n artificial Turqu\u00eda: t\u00e9cnica de procreaci\u00f3n m\u00e9dicamente asistida (MPA), su principio es depositar espermatozoides en el cuello uterino o en la cavidad uterina de la mujer. Solicite su presupuesto gratuito para conocer el precio.\",\"breadcrumb\":{\"@id\":\"https:\\\/\\\/www.polycliniqueplus.com\\\/es\\\/inseminacion-artificial-turquia\\\/#breadcrumb\"},\"inLanguage\":\"es\",\"potentialAction\":[{\"@type\":\"ReadAction\",\"target\":[\"https:\\\/\\\/www.polycliniqueplus.com\\\/es\\\/inseminacion-artificial-turquia\\\/\"]}]},{\"@type\":\"ImageObject\",\"inLanguage\":\"es\",\"@id\":\"https:\\\/\\\/www.polycliniqueplus.com\\\/es\\\/inseminacion-artificial-turquia\\\/#primaryimage\",\"url\":\"https:\\\/\\\/www.polycliniqueplus.com\\\/wp-content\\\/uploads\\\/2021\\\/03\\\/insemination-artificielle.jpg\",\"contentUrl\":\"https:\\\/\\\/www.polycliniqueplus.com\\\/wp-content\\\/uploads\\\/2021\\\/03\\\/insemination-artificielle.jpg\",\"width\":574,\"height\":586,\"caption\":\"Ins\u00e9mination artificielle Turquie\"},{\"@type\":\"BreadcrumbList\",\"@id\":\"https:\\\/\\\/www.polycliniqueplus.com\\\/es\\\/inseminacion-artificial-turquia\\\/#breadcrumb\",\"itemListElement\":[{\"@type\":\"ListItem\",\"position\":1,\"name\":\"Accueil\",\"item\":\"https:\\\/\\\/www.polycliniqueplus.com\\\/es\\\/\"},{\"@type\":\"ListItem\",\"position\":2,\"name\":\"Inseminaci\u00f3n artificial Turqu\u00eda: reproducci\u00f3n asistida barata\"}]},{\"@type\":\"WebSite\",\"@id\":\"https:\\\/\\\/www.polycliniqueplus.com\\\/es\\\/#website\",\"url\":\"https:\\\/\\\/www.polycliniqueplus.com\\\/es\\\/\",\"name\":\"Chirurgie esthetique Turquie : Prix interventions meilleures cliniques Istanbul\",\"description\":\"Chirurgie esthetique Turquie prix pas cher\",\"publisher\":{\"@id\":\"https:\\\/\\\/www.polycliniqueplus.com\\\/es\\\/#organization\"},\"potentialAction\":[{\"@type\":\"SearchAction\",\"target\":{\"@type\":\"EntryPoint\",\"urlTemplate\":\"https:\\\/\\\/www.polycliniqueplus.com\\\/es\\\/?s={search_term_string}\"},\"query-input\":{\"@type\":\"PropertyValueSpecification\",\"valueRequired\":true,\"valueName\":\"search_term_string\"}}],\"inLanguage\":\"es\"},{\"@type\":\"Organization\",\"@id\":\"https:\\\/\\\/www.polycliniqueplus.com\\\/es\\\/#organization\",\"name\":\"Polycliniqueplus chirurgie esthetique Turquie\",\"url\":\"https:\\\/\\\/www.polycliniqueplus.com\\\/es\\\/\",\"logo\":{\"@type\":\"ImageObject\",\"inLanguage\":\"es\",\"@id\":\"https:\\\/\\\/www.polycliniqueplus.com\\\/es\\\/#\\\/schema\\\/logo\\\/image\\\/\",\"url\":\"https:\\\/\\\/www.polycliniqueplus.com\\\/wp-content\\\/uploads\\\/2021\\\/03\\\/cropped-add-box-fill.png\",\"contentUrl\":\"https:\\\/\\\/www.polycliniqueplus.com\\\/wp-content\\\/uploads\\\/2021\\\/03\\\/cropped-add-box-fill.png\",\"width\":512,\"height\":512,\"caption\":\"Polycliniqueplus chirurgie esthetique Turquie\"},\"image\":{\"@id\":\"https:\\\/\\\/www.polycliniqueplus.com\\\/es\\\/#\\\/schema\\\/logo\\\/image\\\/\"},\"sameAs\":[\"https:\\\/\\\/www.facebook.com\\\/polycliniqueplus\",\"https:\\\/\\\/x.com\\\/polyclinique1\",\"https:\\\/\\\/www.youtube.com\\\/channel\\\/UCAnK3TORJqflIuYGFa-JQDw\"]}]}<\/script>\n<!-- \/ Yoast SEO plugin. -->","yoast_head_json":{"title":"Inseminaci\u00f3n artificial Turqu\u00eda: fecundaci\u00f3n intrauterina (IIU)","description":"Inseminaci\u00f3n artificial Turqu\u00eda: t\u00e9cnica de procreaci\u00f3n m\u00e9dicamente asistida (MPA), su principio es depositar espermatozoides en el cuello uterino o en la cavidad uterina de la mujer. Solicite su presupuesto gratuito para conocer el precio.","robots":{"index":"index","follow":"follow","max-snippet":"max-snippet:-1","max-image-preview":"max-image-preview:large","max-video-preview":"max-video-preview:-1"},"canonical":"https:\/\/www.polycliniqueplus.com\/es\/inseminacion-artificial-turquia\/","og_locale":"es_ES","og_type":"article","og_title":"Inseminaci\u00f3n artificial Turqu\u00eda: fecundaci\u00f3n intrauterina (IIU)","og_description":"Inseminaci\u00f3n artificial Turqu\u00eda: t\u00e9cnica de procreaci\u00f3n m\u00e9dicamente asistida (MPA), su principio es depositar espermatozoides en el cuello uterino o en la cavidad uterina de la mujer. Solicite su presupuesto gratuito para conocer el precio.","og_url":"https:\/\/www.polycliniqueplus.com\/es\/inseminacion-artificial-turquia\/","og_site_name":"Chirurgie esthetique Turquie : Prix interventions meilleures cliniques Istanbul","article_publisher":"https:\/\/www.facebook.com\/polycliniqueplus","article_modified_time":"2025-12-12T11:35:04+00:00","og_image":[{"width":574,"height":586,"url":"https:\/\/www.polycliniqueplus.com\/wp-content\/uploads\/2021\/03\/insemination-artificielle.jpg","type":"image\/jpeg"}],"twitter_card":"summary_large_image","twitter_site":"@polyclinique1","twitter_misc":{"Tiempo de lectura":"2 minutos"},"schema":{"@context":"https:\/\/schema.org","@graph":[{"@type":"WebPage","@id":"https:\/\/www.polycliniqueplus.com\/es\/inseminacion-artificial-turquia\/","url":"https:\/\/www.polycliniqueplus.com\/es\/inseminacion-artificial-turquia\/","name":"Inseminaci\u00f3n artificial Turqu\u00eda: fecundaci\u00f3n intrauterina (IIU)","isPartOf":{"@id":"https:\/\/www.polycliniqueplus.com\/es\/#website"},"primaryImageOfPage":{"@id":"https:\/\/www.polycliniqueplus.com\/es\/inseminacion-artificial-turquia\/#primaryimage"},"image":{"@id":"https:\/\/www.polycliniqueplus.com\/es\/inseminacion-artificial-turquia\/#primaryimage"},"thumbnailUrl":"https:\/\/www.polycliniqueplus.com\/wp-content\/uploads\/2021\/03\/insemination-artificielle.jpg","datePublished":"2018-01-23T10:01:21+00:00","dateModified":"2025-12-12T11:35:04+00:00","description":"Inseminaci\u00f3n artificial Turqu\u00eda: t\u00e9cnica de procreaci\u00f3n m\u00e9dicamente asistida (MPA), su principio es depositar espermatozoides en el cuello uterino o en la cavidad uterina de la mujer. Solicite su presupuesto gratuito para conocer el precio.","breadcrumb":{"@id":"https:\/\/www.polycliniqueplus.com\/es\/inseminacion-artificial-turquia\/#breadcrumb"},"inLanguage":"es","potentialAction":[{"@type":"ReadAction","target":["https:\/\/www.polycliniqueplus.com\/es\/inseminacion-artificial-turquia\/"]}]},{"@type":"ImageObject","inLanguage":"es","@id":"https:\/\/www.polycliniqueplus.com\/es\/inseminacion-artificial-turquia\/#primaryimage","url":"https:\/\/www.polycliniqueplus.com\/wp-content\/uploads\/2021\/03\/insemination-artificielle.jpg","contentUrl":"https:\/\/www.polycliniqueplus.com\/wp-content\/uploads\/2021\/03\/insemination-artificielle.jpg","width":574,"height":586,"caption":"Ins\u00e9mination artificielle Turquie"},{"@type":"BreadcrumbList","@id":"https:\/\/www.polycliniqueplus.com\/es\/inseminacion-artificial-turquia\/#breadcrumb","itemListElement":[{"@type":"ListItem","position":1,"name":"Accueil","item":"https:\/\/www.polycliniqueplus.com\/es\/"},{"@type":"ListItem","position":2,"name":"Inseminaci\u00f3n artificial Turqu\u00eda: reproducci\u00f3n asistida barata"}]},{"@type":"WebSite","@id":"https:\/\/www.polycliniqueplus.com\/es\/#website","url":"https:\/\/www.polycliniqueplus.com\/es\/","name":"Chirurgie esthetique Turquie : Prix interventions meilleures cliniques Istanbul","description":"Chirurgie esthetique Turquie prix pas cher","publisher":{"@id":"https:\/\/www.polycliniqueplus.com\/es\/#organization"},"potentialAction":[{"@type":"SearchAction","target":{"@type":"EntryPoint","urlTemplate":"https:\/\/www.polycliniqueplus.com\/es\/?s={search_term_string}"},"query-input":{"@type":"PropertyValueSpecification","valueRequired":true,"valueName":"search_term_string"}}],"inLanguage":"es"},{"@type":"Organization","@id":"https:\/\/www.polycliniqueplus.com\/es\/#organization","name":"Polycliniqueplus chirurgie esthetique Turquie","url":"https:\/\/www.polycliniqueplus.com\/es\/","logo":{"@type":"ImageObject","inLanguage":"es","@id":"https:\/\/www.polycliniqueplus.com\/es\/#\/schema\/logo\/image\/","url":"https:\/\/www.polycliniqueplus.com\/wp-content\/uploads\/2021\/03\/cropped-add-box-fill.png","contentUrl":"https:\/\/www.polycliniqueplus.com\/wp-content\/uploads\/2021\/03\/cropped-add-box-fill.png","width":512,"height":512,"caption":"Polycliniqueplus chirurgie esthetique Turquie"},"image":{"@id":"https:\/\/www.polycliniqueplus.com\/es\/#\/schema\/logo\/image\/"},"sameAs":["https:\/\/www.facebook.com\/polycliniqueplus","https:\/\/x.com\/polyclinique1","https:\/\/www.youtube.com\/channel\/UCAnK3TORJqflIuYGFa-JQDw"]}]}},"_links":{"self":[{"href":"https:\/\/www.polycliniqueplus.com\/es\/wp-json\/wp\/v2\/pages\/9658","targetHints":{"allow":["GET"]}}],"collection":[{"href":"https:\/\/www.polycliniqueplus.com\/es\/wp-json\/wp\/v2\/pages"}],"about":[{"href":"https:\/\/www.polycliniqueplus.com\/es\/wp-json\/wp\/v2\/types\/page"}],"author":[{"embeddable":true,"href":"https:\/\/www.polycliniqueplus.com\/es\/wp-json\/wp\/v2\/users\/2"}],"replies":[{"embeddable":true,"href":"https:\/\/www.polycliniqueplus.com\/es\/wp-json\/wp\/v2\/comments?post=9658"}],"version-history":[{"count":11,"href":"https:\/\/www.polycliniqueplus.com\/es\/wp-json\/wp\/v2\/pages\/9658\/revisions"}],"predecessor-version":[{"id":32916,"href":"https:\/\/www.polycliniqueplus.com\/es\/wp-json\/wp\/v2\/pages\/9658\/revisions\/32916"}],"wp:featuredmedia":[{"embeddable":true,"href":"https:\/\/www.polycliniqueplus.com\/es\/wp-json\/wp\/v2\/media\/7534"}],"wp:attachment":[{"href":"https:\/\/www.polycliniqueplus.com\/es\/wp-json\/wp\/v2\/media?parent=9658"}],"curies":[{"name":"wp","href":"https:\/\/api.w.org\/{rel}","templated":true}]}}