{"id":9575,"date":"2018-02-07T16:00:18","date_gmt":"2018-02-07T15:00:18","guid":{"rendered":"https:\/\/www.polycliniqueplus.com\/lasik-turquia-cirugia-ocular-cirugia-oftalmica\/"},"modified":"2025-12-12T12:35:16","modified_gmt":"2025-12-12T11:35:16","slug":"lasik-turquia","status":"publish","type":"page","link":"https:\/\/www.polycliniqueplus.com\/es\/lasik-turquia\/","title":{"rendered":"Lasik Turqu\u00eda: cirug\u00eda ocular, cirug\u00eda oft\u00e1lmica"},"content":{"rendered":"<div data-elementor-type=\"wp-page\" data-elementor-id=\"9575\" class=\"elementor elementor-9575 elementor-1671\" data-elementor-settings=\"{&quot;ha_cmc_init_switcher&quot;:&quot;no&quot;}\">\n\t\t\t\t\t\t<section class=\"elementor-section elementor-top-section elementor-element elementor-element-49aa2a2 elementor-section-content-middle elementor-section-boxed elementor-section-height-default elementor-section-height-default\" data-id=\"49aa2a2\" data-element_type=\"section\" data-settings=\"{&quot;_ha_eqh_enable&quot;:false}\">\n\t\t\t\t\t\t<div class=\"elementor-container elementor-column-gap-default\">\n\t\t\t\t\t<div class=\"elementor-column elementor-col-50 elementor-top-column elementor-element elementor-element-4011223\" data-id=\"4011223\" data-element_type=\"column\">\n\t\t\t<div class=\"elementor-widget-wrap elementor-element-populated\">\n\t\t\t\t\t\t<div class=\"elementor-element elementor-element-f233316 elementor-widget elementor-widget-text-editor\" data-id=\"f233316\" data-element_type=\"widget\" data-widget_type=\"text-editor.default\">\n\t\t\t\t<div class=\"elementor-widget-container\">\n\t\t\t\t\t\t\t<strong>Lasik en Turqu\u00eda<\/strong>, que en realidad significa l\u00e1ser in situ queratomileusis, se basa en realidad en un procedimiento de <strong>cirug\u00eda ocular<\/strong> que es PRK. Durante este procedimiento, el cirujano corta parte de la l\u00e1mina corneal.\n\t\t\t\t\t\t<\/div>\n\t\t\t\t<\/div>\n\t\t\t\t<div class=\"elementor-element elementor-element-a1ae5d5 elementor-widget elementor-widget-text-editor\" data-id=\"a1ae5d5\" data-element_type=\"widget\" data-widget_type=\"text-editor.default\">\n\t\t\t\t<div class=\"elementor-widget-container\">\n\t\t\t\t\t\t\tEste corte puede realizarse manualmente con un microqueratomo o con ayuda de ultrasonidos (facoemulsificaci\u00f3n).\nA continuaci\u00f3n se realiza una fotoablaci\u00f3n con l\u00e1ser excimer. El procedimiento est\u00e1 dise\u00f1ado para corregir casos de <strong>miop\u00eda<\/strong>,<strong>hipermetrop\u00eda<\/strong> <strong>astigmatismo<\/strong>.\n\t\t\t\t\t\t<\/div>\n\t\t\t\t<\/div>\n\t\t\t\t<div class=\"elementor-element elementor-element-498d18f elementor-widget elementor-widget-text-editor\" data-id=\"498d18f\" data-element_type=\"widget\" data-widget_type=\"text-editor.default\">\n\t\t\t\t<div class=\"elementor-widget-container\">\n\t\t\t\t\t\t\t<h2>Precios de Lasik en Turqu\u00eda<\/h2>\nEl<strong> precio de un Lasik en<\/strong> Turqu\u00eda est\u00e1 al alcance de todos los pacientes que pueden obtener un <strong>presupuesto<\/strong> gratuito <strong>en l\u00ednea<\/strong>. Es posible combinar esta operaci\u00f3n <a href=\"https:\/\/www.polycliniqueplus.com\/es\/cirugia-cataratas-turquia\/\">\n<strong>cirug\u00eda de cataratas<\/strong>\n<\/a> u otros procedimientos de <strong>cirug\u00eda ocular<\/strong>.\t\t\t\t\t\t<\/div>\n\t\t\t\t<\/div>\n\t\t\t\t\t<\/div>\n\t\t<\/div>\n\t\t\t\t<div class=\"elementor-column elementor-col-50 elementor-top-column elementor-element elementor-element-f81bdfe\" data-id=\"f81bdfe\" data-element_type=\"column\">\n\t\t\t<div class=\"elementor-widget-wrap elementor-element-populated\">\n\t\t\t\t\t\t<div class=\"elementor-element elementor-element-b896f40 elementor-widget elementor-widget-image\" data-id=\"b896f40\" data-element_type=\"widget\" data-widget_type=\"image.default\">\n\t\t\t\t<div class=\"elementor-widget-container\">\n\t\t\t\t\t\t\t\t\t\t\t\t\t<noscript><img fetchpriority=\"high\" decoding=\"async\" width=\"574\" height=\"586\" src=\"https:\/\/www.polycliniqueplus.com\/wp-content\/uploads\/2021\/03\/Lasik_Turquie.jpg\" class=\"attachment-large size-large wp-image-7527\" alt srcset=\"https:\/\/www.polycliniqueplus.com\/wp-content\/uploads\/2021\/03\/Lasik_Turquie.jpg 574w, https:\/\/www.polycliniqueplus.com\/wp-content\/uploads\/2021\/03\/Lasik_Turquie-294x300.jpg 294w\" sizes=\"(max-width: 574px) 100vw, 574px\"><\/noscript><img fetchpriority=\"high\" decoding=\"async\" width=\"574\" height=\"586\" src=\"data:image\/svg+xml,%3Csvg%20xmlns%3D%22http%3A%2F%2Fwww.w3.org%2F2000%2Fsvg%22%20viewBox%3D%220%200%20574%20586%22%3E%3C%2Fsvg%3E\" class=\"attachment-large size-large wp-image-7527 lazyload\" alt srcset=\"data:image\/svg+xml,%3Csvg%20xmlns%3D%22http%3A%2F%2Fwww.w3.org%2F2000%2Fsvg%22%20viewBox%3D%220%200%20574%20586%22%3E%3C%2Fsvg%3E 574w\" sizes=\"(max-width: 574px) 100vw, 574px\" data-srcset=\"https:\/\/www.polycliniqueplus.com\/wp-content\/uploads\/2021\/03\/Lasik_Turquie.jpg 574w, https:\/\/www.polycliniqueplus.com\/wp-content\/uploads\/2021\/03\/Lasik_Turquie-294x300.jpg 294w\" data-src=\"https:\/\/www.polycliniqueplus.com\/wp-content\/uploads\/2021\/03\/Lasik_Turquie.jpg\">\t\t\t\t\t\t\t\t\t\t\t\t\t<\/div>\n\t\t\t\t<\/div>\n\t\t\t\t\t<\/div>\n\t\t<\/div>\n\t\t\t\t\t<\/div>\n\t\t<\/section>\n\t\t\t\t<section class=\"elementor-section elementor-top-section elementor-element elementor-element-e2b6b49 elementor-section-content-middle elementor-section-boxed elementor-section-height-default elementor-section-height-default\" data-id=\"e2b6b49\" data-element_type=\"section\" data-settings=\"{&quot;_ha_eqh_enable&quot;:false}\">\n\t\t\t\t\t\t<div class=\"elementor-container elementor-column-gap-default\">\n\t\t\t\t\t<div class=\"elementor-column elementor-col-50 elementor-top-column elementor-element elementor-element-9670615\" data-id=\"9670615\" data-element_type=\"column\">\n\t\t\t<div class=\"elementor-widget-wrap elementor-element-populated\">\n\t\t\t\t\t\t<div class=\"elementor-element elementor-element-7ae39f4 elementor-widget elementor-widget-image\" data-id=\"7ae39f4\" data-element_type=\"widget\" data-widget_type=\"image.default\">\n\t\t\t\t<div class=\"elementor-widget-container\">\n\t\t\t\t\t\t\t\t\t\t\t\t\t<noscript><img decoding=\"async\" width=\"574\" height=\"586\" src=\"https:\/\/www.polycliniqueplus.com\/wp-content\/uploads\/2021\/03\/deroulement-lasik.jpg\" class=\"attachment-large size-large wp-image-7528\" alt srcset=\"https:\/\/www.polycliniqueplus.com\/wp-content\/uploads\/2021\/03\/deroulement-lasik.jpg 574w, https:\/\/www.polycliniqueplus.com\/wp-content\/uploads\/2021\/03\/deroulement-lasik-294x300.jpg 294w\" sizes=\"(max-width: 574px) 100vw, 574px\"><\/noscript><img decoding=\"async\" width=\"574\" height=\"586\" src=\"data:image\/svg+xml,%3Csvg%20xmlns%3D%22http%3A%2F%2Fwww.w3.org%2F2000%2Fsvg%22%20viewBox%3D%220%200%20574%20586%22%3E%3C%2Fsvg%3E\" class=\"attachment-large size-large wp-image-7528 lazyload\" alt srcset=\"data:image\/svg+xml,%3Csvg%20xmlns%3D%22http%3A%2F%2Fwww.w3.org%2F2000%2Fsvg%22%20viewBox%3D%220%200%20574%20586%22%3E%3C%2Fsvg%3E 574w\" sizes=\"(max-width: 574px) 100vw, 574px\" data-srcset=\"https:\/\/www.polycliniqueplus.com\/wp-content\/uploads\/2021\/03\/deroulement-lasik.jpg 574w, https:\/\/www.polycliniqueplus.com\/wp-content\/uploads\/2021\/03\/deroulement-lasik-294x300.jpg 294w\" data-src=\"https:\/\/www.polycliniqueplus.com\/wp-content\/uploads\/2021\/03\/deroulement-lasik.jpg\">\t\t\t\t\t\t\t\t\t\t\t\t\t<\/div>\n\t\t\t\t<\/div>\n\t\t\t\t\t<\/div>\n\t\t<\/div>\n\t\t\t\t<div class=\"elementor-column elementor-col-50 elementor-top-column elementor-element elementor-element-48ab007\" data-id=\"48ab007\" data-element_type=\"column\">\n\t\t\t<div class=\"elementor-widget-wrap elementor-element-populated\">\n\t\t\t\t\t\t<div class=\"elementor-element elementor-element-fe4f499 elementor-widget elementor-widget-text-editor\" data-id=\"fe4f499\" data-element_type=\"widget\" data-widget_type=\"text-editor.default\">\n\t\t\t\t<div class=\"elementor-widget-container\">\n\t\t\t\t\t\t\t<h2>Procedimiento Lasik<\/h2>\nEl procedimiento comienza con la colocaci\u00f3n de un retractor de p\u00e1rpados. A continuaci\u00f3n, se marca la superficie epitelial de la c\u00f3rnea. Se coloca el anillo de succi\u00f3n y se utiliza la tonometr\u00eda de aplanaci\u00f3n para confirmar que la presi\u00f3n intraocular es superior a 65 mmHg. A continuaci\u00f3n, con la ayuda de una <strong>lente de aplanaci\u00f3n<\/strong>, el microqueratomo calcula el di\u00e1metro del corte, lo que permite diseccionar el colgajo. El objetivo es un colgajo corneal de 150 a 160 micras.\n\t\t\t\t\t\t<\/div>\n\t\t\t\t<\/div>\n\t\t\t\t<div class=\"elementor-element elementor-element-a8a82f3 elementor-widget elementor-widget-text-editor\" data-id=\"a8a82f3\" data-element_type=\"widget\" data-widget_type=\"text-editor.default\">\n\t\t\t\t<div class=\"elementor-widget-container\">\n\t\t\t\t\t\t\tTras retirar el colgajo y comprobar el grosor estromal restante, el cirujano realiza una <strong>fotoablaci\u00f3n con l\u00e1ser<\/strong> excimer en el centro de la pupila.\nTras esta retirada, el tap\u00f3n se vuelve a colocar en el lecho estromal. Por \u00faltimo, los fragmentos se extraen por succi\u00f3n utilizando una microsonda. La tapa se pega para poder retirar el retractor de p\u00e1rpados.\n<strong>El Lasik<\/strong> se realiza <strong>con anestesia local<\/strong> mediante la instilaci\u00f3n de gotas anest\u00e9sicas. <strong>El procedimiento dura unos 30 minutos<\/strong>.\t\t\t\t\t\t<\/div>\n\t\t\t\t<\/div>\n\t\t\t\t\t<\/div>\n\t\t<\/div>\n\t\t\t\t\t<\/div>\n\t\t<\/section>\n\t\t\t\t<section class=\"elementor-section elementor-top-section elementor-element elementor-element-fdd90bf elementor-section-boxed elementor-section-height-default elementor-section-height-default\" data-id=\"fdd90bf\" data-element_type=\"section\" data-settings=\"{&quot;background_background&quot;:&quot;classic&quot;,&quot;_ha_eqh_enable&quot;:false}\">\n\t\t\t\t\t\t<div class=\"elementor-container elementor-column-gap-default\">\n\t\t\t\t\t<div class=\"elementor-column elementor-col-100 elementor-top-column elementor-element elementor-element-db1102b\" data-id=\"db1102b\" data-element_type=\"column\">\n\t\t\t<div class=\"elementor-widget-wrap elementor-element-populated\">\n\t\t\t\t\t\t<div class=\"elementor-element elementor-element-7bf0bab elementor-widget elementor-widget-heading\" data-id=\"7bf0bab\" data-element_type=\"widget\" data-widget_type=\"heading.default\">\n\t\t\t\t<div class=\"elementor-widget-container\">\n\t\t\t<h4 class=\"elementor-heading-title elementor-size-default\">PRESUPUESTO EN L\u00cdNEA R\u00c1PIDO Y 100% GRATUITO<\/h4>\t\t<\/div>\n\t\t\t\t<\/div>\n\t\t\t\t<div class=\"elementor-element elementor-element-002825c elementor-align-center elementor-widget elementor-widget-button\" data-id=\"002825c\" data-element_type=\"widget\" data-widget_type=\"button.default\">\n\t\t\t\t<div class=\"elementor-widget-container\">\n\t\t\t\t\t<div class=\"elementor-button-wrapper\">\n\t\t\t<a class=\"elementor-button elementor-button-link elementor-size-sm\" href=\"https:\/\/www.polycliniqueplus.com\/es\/presupuesto\/\">\n\t\t\t\t\t\t<span class=\"elementor-button-content-wrapper\">\n\t\t\t\t\t\t<span class=\"elementor-button-icon\">\n\t\t\t\t<i aria-hidden=\"true\" class=\"fas fa-arrow-right\"><\/i>\t\t\t<\/span>\n\t\t\t\t\t\t\t\t\t<span class=\"elementor-button-text\">Presupuesto expr\u00e9s<\/span>\n\t\t\t\t\t<\/span>\n\t\t\t\t\t<\/a>\n\t\t<\/div>\n\t\t\t\t<\/div>\n\t\t\t\t<\/div>\n\t\t\t\t\t<\/div>\n\t\t<\/div>\n\t\t\t\t\t<\/div>\n\t\t<\/section>\n\t\t\t\t<section class=\"elementor-section elementor-top-section elementor-element elementor-element-14c32cfc elementor-section-boxed elementor-section-height-default elementor-section-height-default\" data-id=\"14c32cfc\" data-element_type=\"section\" data-settings=\"{&quot;_ha_eqh_enable&quot;:false}\">\n\t\t\t\t\t\t<div class=\"elementor-container elementor-column-gap-default\">\n\t\t\t\t\t<div class=\"elementor-column elementor-col-100 elementor-top-column elementor-element elementor-element-19a8f7cc\" data-id=\"19a8f7cc\" data-element_type=\"column\">\n\t\t\t<div class=\"elementor-widget-wrap elementor-element-populated\">\n\t\t\t\t\t\t<div class=\"elementor-element elementor-element-5a54c2e3 elementor-widget elementor-widget-text-editor\" data-id=\"5a54c2e3\" data-element_type=\"widget\" data-widget_type=\"text-editor.default\">\n\t\t\t\t<div class=\"elementor-widget-container\">\n\t\t\t\t\t\t\t\n<h2>Seguimiento de la cirug\u00eda Lasik<\/h2>\nLos <strong>cuidados postoperatorios del Lasik<\/strong> consisten en comprimidos de paracetamol y gotas antibi\u00f3ticas que se instilan 4 veces al d\u00eda. Tambi\u00e9n se prescribe un colirio antiinflamatorio.\n\nEl paciente puede reanudar sus actividades al d\u00eda siguiente. Debe tener cuidado de no frotarse los ojos.\n<h2>Resultados de Lasik<\/h2>\nEn cuanto a los resultados, por ejemplo, para el tratamiento de la miop\u00eda de -4 diotrop\u00eda mediante Lasik, cabe esperar una agudeza visual de 6\/7,5 al d\u00eda siguiente de la intervenci\u00f3n. Esto significa que m\u00e1s del 90% del resultado se consigue al d\u00eda siguiente.  <strong>El Lasik<\/strong> tambi\u00e9n parece ser m\u00e1s eficaz en el tratamiento de la miop\u00eda asociada al astigmatismo que la PRK.\t\t\t\t\t\t<\/div>\n\t\t\t\t<\/div>\n\t\t\t\t\t<\/div>\n\t\t<\/div>\n\t\t\t\t\t<\/div>\n\t\t<\/section>\n\t\t\t\t<\/div>\n\t\t","protected":false},"excerpt":{"rendered":"<p>Lasik en Turqu\u00eda, que en realidad significa l\u00e1ser in situ queratomileusis, se basa en realidad en un procedimiento de cirug\u00eda ocular que es PRK. Durante este procedimiento, el cirujano corta parte de la l\u00e1mina corneal. Este corte puede realizarse manualmente con un microqueratomo o con ayuda de ultrasonidos (facoemulsificaci\u00f3n). A continuaci\u00f3n se realiza una fotoablaci\u00f3n [&hellip;]<\/p>\n","protected":false},"author":2,"featured_media":7317,"parent":0,"menu_order":0,"comment_status":"closed","ping_status":"closed","template":"","meta":{"footnotes":""},"class_list":["post-9575","page","type-page","status-publish","has-post-thumbnail","hentry"],"yoast_head":"<!-- This site is optimized with the Yoast SEO plugin v27.3 - https:\/\/yoast.com\/product\/yoast-seo-wordpress\/ -->\n<title>Lasik Turqu\u00eda: Premio de cirug\u00eda ocular, cirug\u00eda oftalmol\u00f3gica<\/title>\n<meta name=\"description\" content=\"Lasik Turqu\u00eda: la tecnolog\u00eda m\u00e1s avanzada y menos invasiva en cirug\u00eda ocular Lasik, servicios integrales de atenci\u00f3n ocular para cataratas. Solicite un presupuesto gratuito.\" \/>\n<meta name=\"robots\" content=\"index, follow, max-snippet:-1, max-video-preview:-1, noimageindex\" \/>\n<link rel=\"canonical\" href=\"https:\/\/www.polycliniqueplus.com\/es\/lasik-turquia\/\" \/>\n<meta property=\"og:locale\" content=\"es_ES\" \/>\n<meta property=\"og:type\" content=\"article\" \/>\n<meta property=\"og:title\" content=\"Lasik Turqu\u00eda: Premio de cirug\u00eda ocular, cirug\u00eda oftalmol\u00f3gica\" \/>\n<meta property=\"og:description\" content=\"Lasik Turqu\u00eda: la tecnolog\u00eda m\u00e1s avanzada y menos invasiva en cirug\u00eda ocular Lasik, servicios integrales de atenci\u00f3n ocular para cataratas. Solicite un presupuesto gratuito.\" \/>\n<meta property=\"og:url\" content=\"https:\/\/www.polycliniqueplus.com\/es\/lasik-turquia\/\" \/>\n<meta property=\"og:site_name\" content=\"Chirurgie esthetique Turquie : Prix interventions meilleures cliniques Istanbul\" \/>\n<meta property=\"article:publisher\" content=\"https:\/\/www.facebook.com\/polycliniqueplus\" \/>\n<meta property=\"article:modified_time\" content=\"2025-12-12T11:35:16+00:00\" \/>\n<meta property=\"og:image\" content=\"https:\/\/www.polycliniqueplus.com\/wp-content\/uploads\/2018\/02\/Lasik-Tunisie.jpg\" \/>\n\t<meta property=\"og:image:width\" content=\"980\" \/>\n\t<meta property=\"og:image:height\" content=\"370\" \/>\n\t<meta property=\"og:image:type\" content=\"image\/jpeg\" \/>\n<meta name=\"twitter:card\" content=\"summary_large_image\" \/>\n<meta name=\"twitter:site\" content=\"@polyclinique1\" \/>\n<meta name=\"twitter:label1\" content=\"Tiempo de lectura\" \/>\n\t<meta name=\"twitter:data1\" content=\"3 minutos\" \/>\n<script type=\"application\/ld+json\" class=\"yoast-schema-graph\">{\"@context\":\"https:\\\/\\\/schema.org\",\"@graph\":[{\"@type\":\"WebPage\",\"@id\":\"https:\\\/\\\/www.polycliniqueplus.com\\\/es\\\/lasik-turquia\\\/\",\"url\":\"https:\\\/\\\/www.polycliniqueplus.com\\\/es\\\/lasik-turquia\\\/\",\"name\":\"Lasik Turqu\u00eda: Premio de cirug\u00eda ocular, cirug\u00eda oftalmol\u00f3gica\",\"isPartOf\":{\"@id\":\"https:\\\/\\\/www.polycliniqueplus.com\\\/es\\\/#website\"},\"primaryImageOfPage\":{\"@id\":\"https:\\\/\\\/www.polycliniqueplus.com\\\/es\\\/lasik-turquia\\\/#primaryimage\"},\"image\":{\"@id\":\"https:\\\/\\\/www.polycliniqueplus.com\\\/es\\\/lasik-turquia\\\/#primaryimage\"},\"thumbnailUrl\":\"https:\\\/\\\/www.polycliniqueplus.com\\\/wp-content\\\/uploads\\\/2018\\\/02\\\/Lasik-Tunisie.jpg\",\"datePublished\":\"2018-02-07T15:00:18+00:00\",\"dateModified\":\"2025-12-12T11:35:16+00:00\",\"description\":\"Lasik Turqu\u00eda: la tecnolog\u00eda m\u00e1s avanzada y menos invasiva en cirug\u00eda ocular Lasik, servicios integrales de atenci\u00f3n ocular para cataratas. Solicite un presupuesto gratuito.\",\"breadcrumb\":{\"@id\":\"https:\\\/\\\/www.polycliniqueplus.com\\\/es\\\/lasik-turquia\\\/#breadcrumb\"},\"inLanguage\":\"es\",\"potentialAction\":[{\"@type\":\"ReadAction\",\"target\":[\"https:\\\/\\\/www.polycliniqueplus.com\\\/es\\\/lasik-turquia\\\/\"]}]},{\"@type\":\"ImageObject\",\"inLanguage\":\"es\",\"@id\":\"https:\\\/\\\/www.polycliniqueplus.com\\\/es\\\/lasik-turquia\\\/#primaryimage\",\"url\":\"https:\\\/\\\/www.polycliniqueplus.com\\\/wp-content\\\/uploads\\\/2018\\\/02\\\/Lasik-Tunisie.jpg\",\"contentUrl\":\"https:\\\/\\\/www.polycliniqueplus.com\\\/wp-content\\\/uploads\\\/2018\\\/02\\\/Lasik-Tunisie.jpg\",\"width\":980,\"height\":370},{\"@type\":\"BreadcrumbList\",\"@id\":\"https:\\\/\\\/www.polycliniqueplus.com\\\/es\\\/lasik-turquia\\\/#breadcrumb\",\"itemListElement\":[{\"@type\":\"ListItem\",\"position\":1,\"name\":\"Accueil\",\"item\":\"https:\\\/\\\/www.polycliniqueplus.com\\\/es\\\/\"},{\"@type\":\"ListItem\",\"position\":2,\"name\":\"Lasik Turqu\u00eda: cirug\u00eda ocular, cirug\u00eda oft\u00e1lmica\"}]},{\"@type\":\"WebSite\",\"@id\":\"https:\\\/\\\/www.polycliniqueplus.com\\\/es\\\/#website\",\"url\":\"https:\\\/\\\/www.polycliniqueplus.com\\\/es\\\/\",\"name\":\"Chirurgie esthetique Turquie : Prix interventions meilleures cliniques Istanbul\",\"description\":\"Chirurgie esthetique Turquie prix pas cher\",\"publisher\":{\"@id\":\"https:\\\/\\\/www.polycliniqueplus.com\\\/es\\\/#organization\"},\"potentialAction\":[{\"@type\":\"SearchAction\",\"target\":{\"@type\":\"EntryPoint\",\"urlTemplate\":\"https:\\\/\\\/www.polycliniqueplus.com\\\/es\\\/?s={search_term_string}\"},\"query-input\":{\"@type\":\"PropertyValueSpecification\",\"valueRequired\":true,\"valueName\":\"search_term_string\"}}],\"inLanguage\":\"es\"},{\"@type\":\"Organization\",\"@id\":\"https:\\\/\\\/www.polycliniqueplus.com\\\/es\\\/#organization\",\"name\":\"Polycliniqueplus chirurgie esthetique Turquie\",\"url\":\"https:\\\/\\\/www.polycliniqueplus.com\\\/es\\\/\",\"logo\":{\"@type\":\"ImageObject\",\"inLanguage\":\"es\",\"@id\":\"https:\\\/\\\/www.polycliniqueplus.com\\\/es\\\/#\\\/schema\\\/logo\\\/image\\\/\",\"url\":\"https:\\\/\\\/www.polycliniqueplus.com\\\/wp-content\\\/uploads\\\/2021\\\/03\\\/cropped-add-box-fill.png\",\"contentUrl\":\"https:\\\/\\\/www.polycliniqueplus.com\\\/wp-content\\\/uploads\\\/2021\\\/03\\\/cropped-add-box-fill.png\",\"width\":512,\"height\":512,\"caption\":\"Polycliniqueplus chirurgie esthetique Turquie\"},\"image\":{\"@id\":\"https:\\\/\\\/www.polycliniqueplus.com\\\/es\\\/#\\\/schema\\\/logo\\\/image\\\/\"},\"sameAs\":[\"https:\\\/\\\/www.facebook.com\\\/polycliniqueplus\",\"https:\\\/\\\/x.com\\\/polyclinique1\",\"https:\\\/\\\/www.youtube.com\\\/channel\\\/UCAnK3TORJqflIuYGFa-JQDw\"]}]}<\/script>\n<!-- \/ Yoast SEO plugin. -->","yoast_head_json":{"title":"Lasik Turqu\u00eda: Premio de cirug\u00eda ocular, cirug\u00eda oftalmol\u00f3gica","description":"Lasik Turqu\u00eda: la tecnolog\u00eda m\u00e1s avanzada y menos invasiva en cirug\u00eda ocular Lasik, servicios integrales de atenci\u00f3n ocular para cataratas. Solicite un presupuesto gratuito.","robots":{"index":"index","follow":"follow","max-snippet":"max-snippet:-1","max-video-preview":"max-video-preview:-1","imageindex":"noimageindex"},"canonical":"https:\/\/www.polycliniqueplus.com\/es\/lasik-turquia\/","og_locale":"es_ES","og_type":"article","og_title":"Lasik Turqu\u00eda: Premio de cirug\u00eda ocular, cirug\u00eda oftalmol\u00f3gica","og_description":"Lasik Turqu\u00eda: la tecnolog\u00eda m\u00e1s avanzada y menos invasiva en cirug\u00eda ocular Lasik, servicios integrales de atenci\u00f3n ocular para cataratas. Solicite un presupuesto gratuito.","og_url":"https:\/\/www.polycliniqueplus.com\/es\/lasik-turquia\/","og_site_name":"Chirurgie esthetique Turquie : Prix interventions meilleures cliniques Istanbul","article_publisher":"https:\/\/www.facebook.com\/polycliniqueplus","article_modified_time":"2025-12-12T11:35:16+00:00","og_image":[{"width":980,"height":370,"url":"https:\/\/www.polycliniqueplus.com\/wp-content\/uploads\/2018\/02\/Lasik-Tunisie.jpg","type":"image\/jpeg"}],"twitter_card":"summary_large_image","twitter_site":"@polyclinique1","twitter_misc":{"Tiempo de lectura":"3 minutos"},"schema":{"@context":"https:\/\/schema.org","@graph":[{"@type":"WebPage","@id":"https:\/\/www.polycliniqueplus.com\/es\/lasik-turquia\/","url":"https:\/\/www.polycliniqueplus.com\/es\/lasik-turquia\/","name":"Lasik Turqu\u00eda: Premio de cirug\u00eda ocular, cirug\u00eda oftalmol\u00f3gica","isPartOf":{"@id":"https:\/\/www.polycliniqueplus.com\/es\/#website"},"primaryImageOfPage":{"@id":"https:\/\/www.polycliniqueplus.com\/es\/lasik-turquia\/#primaryimage"},"image":{"@id":"https:\/\/www.polycliniqueplus.com\/es\/lasik-turquia\/#primaryimage"},"thumbnailUrl":"https:\/\/www.polycliniqueplus.com\/wp-content\/uploads\/2018\/02\/Lasik-Tunisie.jpg","datePublished":"2018-02-07T15:00:18+00:00","dateModified":"2025-12-12T11:35:16+00:00","description":"Lasik Turqu\u00eda: la tecnolog\u00eda m\u00e1s avanzada y menos invasiva en cirug\u00eda ocular Lasik, servicios integrales de atenci\u00f3n ocular para cataratas. Solicite un presupuesto gratuito.","breadcrumb":{"@id":"https:\/\/www.polycliniqueplus.com\/es\/lasik-turquia\/#breadcrumb"},"inLanguage":"es","potentialAction":[{"@type":"ReadAction","target":["https:\/\/www.polycliniqueplus.com\/es\/lasik-turquia\/"]}]},{"@type":"ImageObject","inLanguage":"es","@id":"https:\/\/www.polycliniqueplus.com\/es\/lasik-turquia\/#primaryimage","url":"https:\/\/www.polycliniqueplus.com\/wp-content\/uploads\/2018\/02\/Lasik-Tunisie.jpg","contentUrl":"https:\/\/www.polycliniqueplus.com\/wp-content\/uploads\/2018\/02\/Lasik-Tunisie.jpg","width":980,"height":370},{"@type":"BreadcrumbList","@id":"https:\/\/www.polycliniqueplus.com\/es\/lasik-turquia\/#breadcrumb","itemListElement":[{"@type":"ListItem","position":1,"name":"Accueil","item":"https:\/\/www.polycliniqueplus.com\/es\/"},{"@type":"ListItem","position":2,"name":"Lasik Turqu\u00eda: cirug\u00eda ocular, cirug\u00eda oft\u00e1lmica"}]},{"@type":"WebSite","@id":"https:\/\/www.polycliniqueplus.com\/es\/#website","url":"https:\/\/www.polycliniqueplus.com\/es\/","name":"Chirurgie esthetique Turquie : Prix interventions meilleures cliniques Istanbul","description":"Chirurgie esthetique Turquie prix pas cher","publisher":{"@id":"https:\/\/www.polycliniqueplus.com\/es\/#organization"},"potentialAction":[{"@type":"SearchAction","target":{"@type":"EntryPoint","urlTemplate":"https:\/\/www.polycliniqueplus.com\/es\/?s={search_term_string}"},"query-input":{"@type":"PropertyValueSpecification","valueRequired":true,"valueName":"search_term_string"}}],"inLanguage":"es"},{"@type":"Organization","@id":"https:\/\/www.polycliniqueplus.com\/es\/#organization","name":"Polycliniqueplus chirurgie esthetique Turquie","url":"https:\/\/www.polycliniqueplus.com\/es\/","logo":{"@type":"ImageObject","inLanguage":"es","@id":"https:\/\/www.polycliniqueplus.com\/es\/#\/schema\/logo\/image\/","url":"https:\/\/www.polycliniqueplus.com\/wp-content\/uploads\/2021\/03\/cropped-add-box-fill.png","contentUrl":"https:\/\/www.polycliniqueplus.com\/wp-content\/uploads\/2021\/03\/cropped-add-box-fill.png","width":512,"height":512,"caption":"Polycliniqueplus chirurgie esthetique Turquie"},"image":{"@id":"https:\/\/www.polycliniqueplus.com\/es\/#\/schema\/logo\/image\/"},"sameAs":["https:\/\/www.facebook.com\/polycliniqueplus","https:\/\/x.com\/polyclinique1","https:\/\/www.youtube.com\/channel\/UCAnK3TORJqflIuYGFa-JQDw"]}]}},"_links":{"self":[{"href":"https:\/\/www.polycliniqueplus.com\/es\/wp-json\/wp\/v2\/pages\/9575","targetHints":{"allow":["GET"]}}],"collection":[{"href":"https:\/\/www.polycliniqueplus.com\/es\/wp-json\/wp\/v2\/pages"}],"about":[{"href":"https:\/\/www.polycliniqueplus.com\/es\/wp-json\/wp\/v2\/types\/page"}],"author":[{"embeddable":true,"href":"https:\/\/www.polycliniqueplus.com\/es\/wp-json\/wp\/v2\/users\/2"}],"replies":[{"embeddable":true,"href":"https:\/\/www.polycliniqueplus.com\/es\/wp-json\/wp\/v2\/comments?post=9575"}],"version-history":[{"count":19,"href":"https:\/\/www.polycliniqueplus.com\/es\/wp-json\/wp\/v2\/pages\/9575\/revisions"}],"predecessor-version":[{"id":32922,"href":"https:\/\/www.polycliniqueplus.com\/es\/wp-json\/wp\/v2\/pages\/9575\/revisions\/32922"}],"wp:featuredmedia":[{"embeddable":true,"href":"https:\/\/www.polycliniqueplus.com\/es\/wp-json\/wp\/v2\/media\/7317"}],"wp:attachment":[{"href":"https:\/\/www.polycliniqueplus.com\/es\/wp-json\/wp\/v2\/media?parent=9575"}],"curies":[{"name":"wp","href":"https:\/\/api.w.org\/{rel}","templated":true}]}}