{"id":9570,"date":"2018-01-25T11:41:41","date_gmt":"2018-01-25T10:41:41","guid":{"rendered":"https:\/\/www.polycliniqueplus.com\/cirugia-de-cataratas-turquia-cirugia-ocular-barata\/"},"modified":"2025-12-12T12:28:44","modified_gmt":"2025-12-12T11:28:44","slug":"cirugia-cataratas-turquia","status":"publish","type":"page","link":"https:\/\/www.polycliniqueplus.com\/es\/cirugia-cataratas-turquia\/","title":{"rendered":"Cirug\u00eda de cataratas Turqu\u00eda: cirug\u00eda ocular barata"},"content":{"rendered":"<div data-elementor-type=\"wp-page\" data-elementor-id=\"9570\" class=\"elementor elementor-9570 elementor-1576\" data-elementor-settings=\"{&quot;ha_cmc_init_switcher&quot;:&quot;no&quot;}\">\n\t\t\t\t\t\t<section class=\"elementor-section elementor-top-section elementor-element elementor-element-1356540 elementor-section-content-middle elementor-section-boxed elementor-section-height-default elementor-section-height-default\" data-id=\"1356540\" data-element_type=\"section\" data-settings=\"{&quot;_ha_eqh_enable&quot;:false}\">\n\t\t\t\t\t\t<div class=\"elementor-container elementor-column-gap-default\">\n\t\t\t\t\t<div class=\"elementor-column elementor-col-50 elementor-top-column elementor-element elementor-element-5d1a761\" data-id=\"5d1a761\" data-element_type=\"column\">\n\t\t\t<div class=\"elementor-widget-wrap elementor-element-populated\">\n\t\t\t\t\t\t<div class=\"elementor-element elementor-element-f6f0659 elementor-widget elementor-widget-text-editor\" data-id=\"f6f0659\" data-element_type=\"widget\" data-widget_type=\"text-editor.default\">\n\t\t\t\t<div class=\"elementor-widget-container\">\n\t\t\t\t\t\t\tLa<strong>cirug\u00eda de cataratas<\/strong> es un procedimiento de cirug\u00eda ocular ambulatoria que constituye una buena soluci\u00f3n para mejorar la visi\u00f3n y tratar muchas anomal\u00edas oculares.\nSe trata de un procedimiento r\u00e1pido y sencillo que sustituye el cristalino opaco del ojo por una lente artificial. Este procedimiento se recomienda si el paciente nota un deterioro progresivo de la visi\u00f3n revelado por alteraciones, p\u00e9rdida de brillo de los colores y visi\u00f3n borrosa.\n<h2>Precio de la cirug\u00eda de cataratas en Turqu\u00eda<\/h2>\n<strong>Los precios de la cirug\u00eda de cataratas en Turqu\u00eda<\/strong> son atractivos y con todo incluido:\n<ul class=\"liste-page\">\n \t<li>Honorarios del oftalm\u00f3logo<\/li>\n \t<li>Los honorarios del anestesista<\/li>\n \t<li>Transporte<\/li>\n \t<li>Los costes de la cl\u00ednica<\/li>\n \t<li>El periodo de convalecencia en el hotel<\/li>\n<\/ul>\t\t\t\t\t\t<\/div>\n\t\t\t\t<\/div>\n\t\t\t\t\t<\/div>\n\t\t<\/div>\n\t\t\t\t<div class=\"elementor-column elementor-col-50 elementor-top-column elementor-element elementor-element-6c87704\" data-id=\"6c87704\" data-element_type=\"column\">\n\t\t\t<div class=\"elementor-widget-wrap elementor-element-populated\">\n\t\t\t\t\t\t<div class=\"elementor-element elementor-element-55f152c elementor-widget elementor-widget-image\" data-id=\"55f152c\" data-element_type=\"widget\" data-widget_type=\"image.default\">\n\t\t\t\t<div class=\"elementor-widget-container\">\n\t\t\t\t\t\t\t\t\t\t\t\t\t<noscript><img fetchpriority=\"high\" decoding=\"async\" width=\"574\" height=\"586\" src=\"https:\/\/www.polycliniqueplus.com\/wp-content\/uploads\/2021\/03\/cataract-surgery-changed-aspect_ratio.jpg\" class=\"attachment-large size-large wp-image-7531\" alt srcset=\"https:\/\/www.polycliniqueplus.com\/wp-content\/uploads\/2021\/03\/cataract-surgery-changed-aspect_ratio.jpg 574w, https:\/\/www.polycliniqueplus.com\/wp-content\/uploads\/2021\/03\/cataract-surgery-changed-aspect_ratio-294x300.jpg 294w\" sizes=\"(max-width: 574px) 100vw, 574px\"><\/noscript><img fetchpriority=\"high\" decoding=\"async\" width=\"574\" height=\"586\" src=\"data:image\/svg+xml,%3Csvg%20xmlns%3D%22http%3A%2F%2Fwww.w3.org%2F2000%2Fsvg%22%20viewBox%3D%220%200%20574%20586%22%3E%3C%2Fsvg%3E\" class=\"attachment-large size-large wp-image-7531 lazyload\" alt srcset=\"data:image\/svg+xml,%3Csvg%20xmlns%3D%22http%3A%2F%2Fwww.w3.org%2F2000%2Fsvg%22%20viewBox%3D%220%200%20574%20586%22%3E%3C%2Fsvg%3E 574w\" sizes=\"(max-width: 574px) 100vw, 574px\" data-srcset=\"https:\/\/www.polycliniqueplus.com\/wp-content\/uploads\/2021\/03\/cataract-surgery-changed-aspect_ratio.jpg 574w, https:\/\/www.polycliniqueplus.com\/wp-content\/uploads\/2021\/03\/cataract-surgery-changed-aspect_ratio-294x300.jpg 294w\" data-src=\"https:\/\/www.polycliniqueplus.com\/wp-content\/uploads\/2021\/03\/cataract-surgery-changed-aspect_ratio.jpg\">\t\t\t\t\t\t\t\t\t\t\t\t\t<\/div>\n\t\t\t\t<\/div>\n\t\t\t\t\t<\/div>\n\t\t<\/div>\n\t\t\t\t\t<\/div>\n\t\t<\/section>\n\t\t\t\t<section class=\"elementor-section elementor-top-section elementor-element elementor-element-dc28290 elementor-section-boxed elementor-section-height-default elementor-section-height-default\" data-id=\"dc28290\" data-element_type=\"section\" data-settings=\"{&quot;_ha_eqh_enable&quot;:false}\">\n\t\t\t\t\t\t<div class=\"elementor-container elementor-column-gap-default\">\n\t\t\t\t\t<div class=\"elementor-column elementor-col-50 elementor-top-column elementor-element elementor-element-9a7c13d\" data-id=\"9a7c13d\" data-element_type=\"column\">\n\t\t\t<div class=\"elementor-widget-wrap elementor-element-populated\">\n\t\t\t\t\t\t<div class=\"elementor-element elementor-element-4925856 elementor-widget elementor-widget-text-editor\" data-id=\"4925856\" data-element_type=\"widget\" data-widget_type=\"text-editor.default\">\n\t\t\t\t<div class=\"elementor-widget-container\">\n\t\t\t\t\t\t\t<h2>Evoluci\u00f3n de la intervenci\u00f3n<\/h2>\n<ul class=\"liste-page\">\n \t<li>Este procedimiento dura unos diez minutos en un entorno est\u00e9ril, bajo anestesia local y utilizando un microscopio y ultrasonidos, sustituyendo el cristalino por un implante flexible de acr\u00edlico o silicona de cinco a seis mil\u00edmetros de di\u00e1metro.<\/li>\n \t<li>Se realiza una peque\u00f1a incisi\u00f3n para aspirar el n\u00facleo del cristalino sin tocar la envoltura que albergar\u00e1 el nuevo implante que se insertar\u00e1 inmediatamente.<\/li>\n \t<li>Sin dolor y sin suturas, el paciente puede irse a casa el mismo d\u00eda de la operaci\u00f3n.<\/li>\n<\/ul>\t\t\t\t\t\t<\/div>\n\t\t\t\t<\/div>\n\t\t\t\t\t<\/div>\n\t\t<\/div>\n\t\t\t\t<div class=\"elementor-column elementor-col-50 elementor-top-column elementor-element elementor-element-6319cd4\" data-id=\"6319cd4\" data-element_type=\"column\">\n\t\t\t<div class=\"elementor-widget-wrap elementor-element-populated\">\n\t\t\t\t\t\t<div class=\"elementor-element elementor-element-70d3b33 elementor-widget elementor-widget-text-editor\" data-id=\"70d3b33\" data-element_type=\"widget\" data-widget_type=\"text-editor.default\">\n\t\t\t\t<div class=\"elementor-widget-container\">\n\t\t\t\t\t\t\t<noscript><img decoding=\"async\" class=\"aligncenter wp-image-1586\" src=\"https:\/\/www.polycliniqueplus.com\/wp-content\/uploads\/2018\/01\/chirurgie-oculaire-cataracte.jpg\" alt=\"cirug\u00eda de cataratas\" width=\"512\" height=\"155\" srcset=\"https:\/\/www.polycliniqueplus.com\/wp-content\/uploads\/2018\/01\/chirurgie-oculaire-cataracte.jpg 645w, https:\/\/www.polycliniqueplus.com\/wp-content\/uploads\/2018\/01\/chirurgie-oculaire-cataracte-300x91.jpg 300w\" sizes=\"(max-width: 512px) 100vw, 512px\"><\/noscript><img decoding=\"async\" class=\"aligncenter wp-image-1586 lazyload\" src=\"data:image\/svg+xml,%3Csvg%20xmlns%3D%22http%3A%2F%2Fwww.w3.org%2F2000%2Fsvg%22%20viewBox%3D%220%200%20512%20155%22%3E%3C%2Fsvg%3E\" alt=\"cirug\u00eda de cataratas\" width=\"512\" height=\"155\" data-src=\"https:\/\/www.polycliniqueplus.com\/wp-content\/uploads\/2018\/01\/chirurgie-oculaire-cataracte.jpg\">\t\t\t\t\t\t<\/div>\n\t\t\t\t<\/div>\n\t\t\t\t\t<\/div>\n\t\t<\/div>\n\t\t\t\t\t<\/div>\n\t\t<\/section>\n\t\t\t\t<section class=\"elementor-section elementor-top-section elementor-element elementor-element-60ca51f elementor-section-boxed elementor-section-height-default elementor-section-height-default\" data-id=\"60ca51f\" data-element_type=\"section\" data-settings=\"{&quot;background_background&quot;:&quot;classic&quot;,&quot;_ha_eqh_enable&quot;:false}\">\n\t\t\t\t\t\t<div class=\"elementor-container elementor-column-gap-default\">\n\t\t\t\t\t<div class=\"elementor-column elementor-col-100 elementor-top-column elementor-element elementor-element-32ec0d9\" data-id=\"32ec0d9\" data-element_type=\"column\">\n\t\t\t<div class=\"elementor-widget-wrap elementor-element-populated\">\n\t\t\t\t\t\t<div class=\"elementor-element elementor-element-55b1780 elementor-widget elementor-widget-heading\" data-id=\"55b1780\" data-element_type=\"widget\" data-widget_type=\"heading.default\">\n\t\t\t\t<div class=\"elementor-widget-container\">\n\t\t\t<h4 class=\"elementor-heading-title elementor-size-default\">PRESUPUESTO EN L\u00cdNEA R\u00c1PIDO Y 100% GRATUITO<\/h4>\t\t<\/div>\n\t\t\t\t<\/div>\n\t\t\t\t<div class=\"elementor-element elementor-element-6e66385 elementor-align-center elementor-widget elementor-widget-button\" data-id=\"6e66385\" data-element_type=\"widget\" data-widget_type=\"button.default\">\n\t\t\t\t<div class=\"elementor-widget-container\">\n\t\t\t\t\t<div class=\"elementor-button-wrapper\">\n\t\t\t<a class=\"elementor-button elementor-button-link elementor-size-sm\" href=\"https:\/\/www.polycliniqueplus.com\/es\/presupuesto\/\">\n\t\t\t\t\t\t<span class=\"elementor-button-content-wrapper\">\n\t\t\t\t\t\t<span class=\"elementor-button-icon\">\n\t\t\t\t<i aria-hidden=\"true\" class=\"fas fa-arrow-right\"><\/i>\t\t\t<\/span>\n\t\t\t\t\t\t\t\t\t<span class=\"elementor-button-text\">Presupuesto expr\u00e9s<\/span>\n\t\t\t\t\t<\/span>\n\t\t\t\t\t<\/a>\n\t\t<\/div>\n\t\t\t\t<\/div>\n\t\t\t\t<\/div>\n\t\t\t\t\t<\/div>\n\t\t<\/div>\n\t\t\t\t\t<\/div>\n\t\t<\/section>\n\t\t\t\t<section class=\"elementor-section elementor-top-section elementor-element elementor-element-49c82525 elementor-section-boxed elementor-section-height-default elementor-section-height-default\" data-id=\"49c82525\" data-element_type=\"section\" data-settings=\"{&quot;_ha_eqh_enable&quot;:false}\">\n\t\t\t\t\t\t<div class=\"elementor-container elementor-column-gap-default\">\n\t\t\t\t\t<div class=\"elementor-column elementor-col-100 elementor-top-column elementor-element elementor-element-67ec1b94\" data-id=\"67ec1b94\" data-element_type=\"column\">\n\t\t\t<div class=\"elementor-widget-wrap elementor-element-populated\">\n\t\t\t\t\t\t<div class=\"elementor-element elementor-element-7cecca7a elementor-widget elementor-widget-text-editor\" data-id=\"7cecca7a\" data-element_type=\"widget\" data-widget_type=\"text-editor.default\">\n\t\t\t\t<div class=\"elementor-widget-container\">\n\t\t\t\t\t\t\t<h2>Las secuelas de la cirug\u00eda de cataratas<\/h2>\n<ul class=\"liste-page\">\n \t<li>Enrojecimiento, visi\u00f3n borrosa y sensibilidad en la zona tratada, que desaparecer\u00e1n gradualmente.<\/li>\n \t<li>Dolor poco frecuente<\/li>\n \t<li>Los ap\u00f3sitos se retiran definitivamente al cabo de unas horas.<\/li>\n \t<li>Los antibi\u00f3ticos y antiinflamatorios se administran en gotas.<\/li>\n \t<li>Evite frotarse los ojos.<\/li>\n \t<li>Es posible reanudar todas las actividades normales 24 horas despu\u00e9s de la intervenci\u00f3n.<\/li>\n \t<li>Por lo general, se necesitan quince d\u00edas para una nueva operaci\u00f3n en el segundo ojo para evitar cualquier riesgo.<\/li>\n<\/ul>\n<h2>Resultado de la cirug\u00eda de cataratas en Turqu\u00eda<\/h2>\n<ul class=\"liste-page\">\n \t<li>Una operaci\u00f3n de gran \u00e9xito<\/li>\n \t<li>Mejora de la visi\u00f3n a los pocos d\u00edas de la intervenci\u00f3n.<\/li>\n \t<li>Sin riesgos ni complicaciones.<\/li>\n<\/ul>\t\t\t\t\t\t<\/div>\n\t\t\t\t<\/div>\n\t\t\t\t\t<\/div>\n\t\t<\/div>\n\t\t\t\t\t<\/div>\n\t\t<\/section>\n\t\t\t\t<\/div>\n\t\t","protected":false},"excerpt":{"rendered":"<p>Lacirug\u00eda de cataratas es un procedimiento de cirug\u00eda ocular ambulatoria que constituye una buena soluci\u00f3n para mejorar la visi\u00f3n y tratar muchas anomal\u00edas oculares. Se trata de un procedimiento r\u00e1pido y sencillo que sustituye el cristalino opaco del ojo por una lente artificial. Este procedimiento se recomienda si el paciente nota un deterioro progresivo de [&hellip;]<\/p>\n","protected":false},"author":2,"featured_media":7311,"parent":0,"menu_order":0,"comment_status":"closed","ping_status":"closed","template":"","meta":{"footnotes":""},"class_list":["post-9570","page","type-page","status-publish","has-post-thumbnail","hentry"],"yoast_head":"<!-- This site is optimized with the Yoast SEO plugin v27.5 - https:\/\/yoast.com\/product\/yoast-seo-wordpress\/ -->\n<title>Cirug\u00eda de cataratas Turqu\u00eda : Cirug\u00eda ocular barata<\/title>\n<meta name=\"description\" content=\"Operaci\u00f3n de cataratas Turqu\u00eda: cirug\u00eda oftalmol\u00f3gica para enfermedades oculares. M\u00e1s informaci\u00f3n sobre las operaciones de cataratas en T\u00fanez. Presupuesto gratuito.\" \/>\n<meta name=\"robots\" content=\"index, follow, max-snippet:-1, max-image-preview:large, max-video-preview:-1\" \/>\n<link rel=\"canonical\" href=\"https:\/\/www.polycliniqueplus.com\/es\/cirugia-cataratas-turquia\/\" \/>\n<meta property=\"og:locale\" content=\"es_ES\" \/>\n<meta property=\"og:type\" content=\"article\" \/>\n<meta property=\"og:title\" content=\"Cirug\u00eda de cataratas Turqu\u00eda : Cirug\u00eda ocular barata\" \/>\n<meta property=\"og:description\" content=\"Operaci\u00f3n de cataratas Turqu\u00eda: cirug\u00eda oftalmol\u00f3gica para enfermedades oculares. M\u00e1s informaci\u00f3n sobre las operaciones de cataratas en T\u00fanez. Presupuesto gratuito.\" \/>\n<meta property=\"og:url\" content=\"https:\/\/www.polycliniqueplus.com\/es\/cirugia-cataratas-turquia\/\" \/>\n<meta property=\"og:site_name\" content=\"Chirurgie esthetique Turquie : Prix interventions meilleures cliniques Istanbul\" \/>\n<meta property=\"article:publisher\" content=\"https:\/\/www.facebook.com\/polycliniqueplus\" \/>\n<meta property=\"article:modified_time\" content=\"2025-12-12T11:28:44+00:00\" \/>\n<meta property=\"og:image\" content=\"https:\/\/www.polycliniqueplus.com\/wp-content\/uploads\/2018\/01\/cataract-surgery-changed-aspect-ratio-1.jpg\" \/>\n\t<meta property=\"og:image:width\" content=\"4557\" \/>\n\t<meta property=\"og:image:height\" content=\"2065\" \/>\n\t<meta property=\"og:image:type\" content=\"image\/jpeg\" \/>\n<meta name=\"twitter:card\" content=\"summary_large_image\" \/>\n<meta name=\"twitter:site\" content=\"@polyclinique1\" \/>\n<meta name=\"twitter:label1\" content=\"Tiempo de lectura\" \/>\n\t<meta name=\"twitter:data1\" content=\"2 minutos\" \/>\n<script type=\"application\/ld+json\" class=\"yoast-schema-graph\">{\"@context\":\"https:\\\/\\\/schema.org\",\"@graph\":[{\"@type\":\"WebPage\",\"@id\":\"https:\\\/\\\/www.polycliniqueplus.com\\\/es\\\/cirugia-cataratas-turquia\\\/\",\"url\":\"https:\\\/\\\/www.polycliniqueplus.com\\\/es\\\/cirugia-cataratas-turquia\\\/\",\"name\":\"Cirug\u00eda de cataratas Turqu\u00eda : Cirug\u00eda ocular barata\",\"isPartOf\":{\"@id\":\"https:\\\/\\\/www.polycliniqueplus.com\\\/es\\\/#website\"},\"primaryImageOfPage\":{\"@id\":\"https:\\\/\\\/www.polycliniqueplus.com\\\/es\\\/cirugia-cataratas-turquia\\\/#primaryimage\"},\"image\":{\"@id\":\"https:\\\/\\\/www.polycliniqueplus.com\\\/es\\\/cirugia-cataratas-turquia\\\/#primaryimage\"},\"thumbnailUrl\":\"https:\\\/\\\/www.polycliniqueplus.com\\\/wp-content\\\/uploads\\\/2018\\\/01\\\/cataract-surgery-changed-aspect-ratio-1.jpg\",\"datePublished\":\"2018-01-25T10:41:41+00:00\",\"dateModified\":\"2025-12-12T11:28:44+00:00\",\"description\":\"Operaci\u00f3n de cataratas Turqu\u00eda: cirug\u00eda oftalmol\u00f3gica para enfermedades oculares. M\u00e1s informaci\u00f3n sobre las operaciones de cataratas en T\u00fanez. Presupuesto gratuito.\",\"breadcrumb\":{\"@id\":\"https:\\\/\\\/www.polycliniqueplus.com\\\/es\\\/cirugia-cataratas-turquia\\\/#breadcrumb\"},\"inLanguage\":\"es\",\"potentialAction\":[{\"@type\":\"ReadAction\",\"target\":[\"https:\\\/\\\/www.polycliniqueplus.com\\\/es\\\/cirugia-cataratas-turquia\\\/\"]}]},{\"@type\":\"ImageObject\",\"inLanguage\":\"es\",\"@id\":\"https:\\\/\\\/www.polycliniqueplus.com\\\/es\\\/cirugia-cataratas-turquia\\\/#primaryimage\",\"url\":\"https:\\\/\\\/www.polycliniqueplus.com\\\/wp-content\\\/uploads\\\/2018\\\/01\\\/cataract-surgery-changed-aspect-ratio-1.jpg\",\"contentUrl\":\"https:\\\/\\\/www.polycliniqueplus.com\\\/wp-content\\\/uploads\\\/2018\\\/01\\\/cataract-surgery-changed-aspect-ratio-1.jpg\",\"width\":4557,\"height\":2065},{\"@type\":\"BreadcrumbList\",\"@id\":\"https:\\\/\\\/www.polycliniqueplus.com\\\/es\\\/cirugia-cataratas-turquia\\\/#breadcrumb\",\"itemListElement\":[{\"@type\":\"ListItem\",\"position\":1,\"name\":\"Accueil\",\"item\":\"https:\\\/\\\/www.polycliniqueplus.com\\\/es\\\/\"},{\"@type\":\"ListItem\",\"position\":2,\"name\":\"Cirug\u00eda de cataratas Turqu\u00eda: cirug\u00eda ocular barata\"}]},{\"@type\":\"WebSite\",\"@id\":\"https:\\\/\\\/www.polycliniqueplus.com\\\/es\\\/#website\",\"url\":\"https:\\\/\\\/www.polycliniqueplus.com\\\/es\\\/\",\"name\":\"Chirurgie esthetique Turquie : Prix interventions meilleures cliniques Istanbul\",\"description\":\"Chirurgie esthetique Turquie prix pas cher\",\"publisher\":{\"@id\":\"https:\\\/\\\/www.polycliniqueplus.com\\\/es\\\/#organization\"},\"potentialAction\":[{\"@type\":\"SearchAction\",\"target\":{\"@type\":\"EntryPoint\",\"urlTemplate\":\"https:\\\/\\\/www.polycliniqueplus.com\\\/es\\\/?s={search_term_string}\"},\"query-input\":{\"@type\":\"PropertyValueSpecification\",\"valueRequired\":true,\"valueName\":\"search_term_string\"}}],\"inLanguage\":\"es\"},{\"@type\":\"Organization\",\"@id\":\"https:\\\/\\\/www.polycliniqueplus.com\\\/es\\\/#organization\",\"name\":\"Polycliniqueplus chirurgie esthetique Turquie\",\"url\":\"https:\\\/\\\/www.polycliniqueplus.com\\\/es\\\/\",\"logo\":{\"@type\":\"ImageObject\",\"inLanguage\":\"es\",\"@id\":\"https:\\\/\\\/www.polycliniqueplus.com\\\/es\\\/#\\\/schema\\\/logo\\\/image\\\/\",\"url\":\"https:\\\/\\\/www.polycliniqueplus.com\\\/wp-content\\\/uploads\\\/2021\\\/03\\\/cropped-add-box-fill.png\",\"contentUrl\":\"https:\\\/\\\/www.polycliniqueplus.com\\\/wp-content\\\/uploads\\\/2021\\\/03\\\/cropped-add-box-fill.png\",\"width\":512,\"height\":512,\"caption\":\"Polycliniqueplus chirurgie esthetique Turquie\"},\"image\":{\"@id\":\"https:\\\/\\\/www.polycliniqueplus.com\\\/es\\\/#\\\/schema\\\/logo\\\/image\\\/\"},\"sameAs\":[\"https:\\\/\\\/www.facebook.com\\\/polycliniqueplus\",\"https:\\\/\\\/x.com\\\/polyclinique1\",\"https:\\\/\\\/www.youtube.com\\\/channel\\\/UCAnK3TORJqflIuYGFa-JQDw\"]}]}<\/script>\n<!-- \/ Yoast SEO plugin. -->","yoast_head_json":{"title":"Cirug\u00eda de cataratas Turqu\u00eda : Cirug\u00eda ocular barata","description":"Operaci\u00f3n de cataratas Turqu\u00eda: cirug\u00eda oftalmol\u00f3gica para enfermedades oculares. M\u00e1s informaci\u00f3n sobre las operaciones de cataratas en T\u00fanez. Presupuesto gratuito.","robots":{"index":"index","follow":"follow","max-snippet":"max-snippet:-1","max-image-preview":"max-image-preview:large","max-video-preview":"max-video-preview:-1"},"canonical":"https:\/\/www.polycliniqueplus.com\/es\/cirugia-cataratas-turquia\/","og_locale":"es_ES","og_type":"article","og_title":"Cirug\u00eda de cataratas Turqu\u00eda : Cirug\u00eda ocular barata","og_description":"Operaci\u00f3n de cataratas Turqu\u00eda: cirug\u00eda oftalmol\u00f3gica para enfermedades oculares. M\u00e1s informaci\u00f3n sobre las operaciones de cataratas en T\u00fanez. Presupuesto gratuito.","og_url":"https:\/\/www.polycliniqueplus.com\/es\/cirugia-cataratas-turquia\/","og_site_name":"Chirurgie esthetique Turquie : Prix interventions meilleures cliniques Istanbul","article_publisher":"https:\/\/www.facebook.com\/polycliniqueplus","article_modified_time":"2025-12-12T11:28:44+00:00","og_image":[{"width":4557,"height":2065,"url":"https:\/\/www.polycliniqueplus.com\/wp-content\/uploads\/2018\/01\/cataract-surgery-changed-aspect-ratio-1.jpg","type":"image\/jpeg"}],"twitter_card":"summary_large_image","twitter_site":"@polyclinique1","twitter_misc":{"Tiempo de lectura":"2 minutos"},"schema":{"@context":"https:\/\/schema.org","@graph":[{"@type":"WebPage","@id":"https:\/\/www.polycliniqueplus.com\/es\/cirugia-cataratas-turquia\/","url":"https:\/\/www.polycliniqueplus.com\/es\/cirugia-cataratas-turquia\/","name":"Cirug\u00eda de cataratas Turqu\u00eda : Cirug\u00eda ocular barata","isPartOf":{"@id":"https:\/\/www.polycliniqueplus.com\/es\/#website"},"primaryImageOfPage":{"@id":"https:\/\/www.polycliniqueplus.com\/es\/cirugia-cataratas-turquia\/#primaryimage"},"image":{"@id":"https:\/\/www.polycliniqueplus.com\/es\/cirugia-cataratas-turquia\/#primaryimage"},"thumbnailUrl":"https:\/\/www.polycliniqueplus.com\/wp-content\/uploads\/2018\/01\/cataract-surgery-changed-aspect-ratio-1.jpg","datePublished":"2018-01-25T10:41:41+00:00","dateModified":"2025-12-12T11:28:44+00:00","description":"Operaci\u00f3n de cataratas Turqu\u00eda: cirug\u00eda oftalmol\u00f3gica para enfermedades oculares. M\u00e1s informaci\u00f3n sobre las operaciones de cataratas en T\u00fanez. Presupuesto gratuito.","breadcrumb":{"@id":"https:\/\/www.polycliniqueplus.com\/es\/cirugia-cataratas-turquia\/#breadcrumb"},"inLanguage":"es","potentialAction":[{"@type":"ReadAction","target":["https:\/\/www.polycliniqueplus.com\/es\/cirugia-cataratas-turquia\/"]}]},{"@type":"ImageObject","inLanguage":"es","@id":"https:\/\/www.polycliniqueplus.com\/es\/cirugia-cataratas-turquia\/#primaryimage","url":"https:\/\/www.polycliniqueplus.com\/wp-content\/uploads\/2018\/01\/cataract-surgery-changed-aspect-ratio-1.jpg","contentUrl":"https:\/\/www.polycliniqueplus.com\/wp-content\/uploads\/2018\/01\/cataract-surgery-changed-aspect-ratio-1.jpg","width":4557,"height":2065},{"@type":"BreadcrumbList","@id":"https:\/\/www.polycliniqueplus.com\/es\/cirugia-cataratas-turquia\/#breadcrumb","itemListElement":[{"@type":"ListItem","position":1,"name":"Accueil","item":"https:\/\/www.polycliniqueplus.com\/es\/"},{"@type":"ListItem","position":2,"name":"Cirug\u00eda de cataratas Turqu\u00eda: cirug\u00eda ocular barata"}]},{"@type":"WebSite","@id":"https:\/\/www.polycliniqueplus.com\/es\/#website","url":"https:\/\/www.polycliniqueplus.com\/es\/","name":"Chirurgie esthetique Turquie : Prix interventions meilleures cliniques Istanbul","description":"Chirurgie esthetique Turquie prix pas cher","publisher":{"@id":"https:\/\/www.polycliniqueplus.com\/es\/#organization"},"potentialAction":[{"@type":"SearchAction","target":{"@type":"EntryPoint","urlTemplate":"https:\/\/www.polycliniqueplus.com\/es\/?s={search_term_string}"},"query-input":{"@type":"PropertyValueSpecification","valueRequired":true,"valueName":"search_term_string"}}],"inLanguage":"es"},{"@type":"Organization","@id":"https:\/\/www.polycliniqueplus.com\/es\/#organization","name":"Polycliniqueplus chirurgie esthetique Turquie","url":"https:\/\/www.polycliniqueplus.com\/es\/","logo":{"@type":"ImageObject","inLanguage":"es","@id":"https:\/\/www.polycliniqueplus.com\/es\/#\/schema\/logo\/image\/","url":"https:\/\/www.polycliniqueplus.com\/wp-content\/uploads\/2021\/03\/cropped-add-box-fill.png","contentUrl":"https:\/\/www.polycliniqueplus.com\/wp-content\/uploads\/2021\/03\/cropped-add-box-fill.png","width":512,"height":512,"caption":"Polycliniqueplus chirurgie esthetique Turquie"},"image":{"@id":"https:\/\/www.polycliniqueplus.com\/es\/#\/schema\/logo\/image\/"},"sameAs":["https:\/\/www.facebook.com\/polycliniqueplus","https:\/\/x.com\/polyclinique1","https:\/\/www.youtube.com\/channel\/UCAnK3TORJqflIuYGFa-JQDw"]}]}},"_links":{"self":[{"href":"https:\/\/www.polycliniqueplus.com\/es\/wp-json\/wp\/v2\/pages\/9570","targetHints":{"allow":["GET"]}}],"collection":[{"href":"https:\/\/www.polycliniqueplus.com\/es\/wp-json\/wp\/v2\/pages"}],"about":[{"href":"https:\/\/www.polycliniqueplus.com\/es\/wp-json\/wp\/v2\/types\/page"}],"author":[{"embeddable":true,"href":"https:\/\/www.polycliniqueplus.com\/es\/wp-json\/wp\/v2\/users\/2"}],"replies":[{"embeddable":true,"href":"https:\/\/www.polycliniqueplus.com\/es\/wp-json\/wp\/v2\/comments?post=9570"}],"version-history":[{"count":11,"href":"https:\/\/www.polycliniqueplus.com\/es\/wp-json\/wp\/v2\/pages\/9570\/revisions"}],"predecessor-version":[{"id":32811,"href":"https:\/\/www.polycliniqueplus.com\/es\/wp-json\/wp\/v2\/pages\/9570\/revisions\/32811"}],"wp:featuredmedia":[{"embeddable":true,"href":"https:\/\/www.polycliniqueplus.com\/es\/wp-json\/wp\/v2\/media\/7311"}],"wp:attachment":[{"href":"https:\/\/www.polycliniqueplus.com\/es\/wp-json\/wp\/v2\/media?parent=9570"}],"curies":[{"name":"wp","href":"https:\/\/api.w.org\/{rel}","templated":true}]}}