{"id":9517,"date":"2018-01-16T16:12:48","date_gmt":"2018-01-16T15:12:48","guid":{"rendered":"https:\/\/www.polycliniqueplus.com\/protesis-total-de-cadera-turquia-precio-de-la-protesis-de-cadera-todo-incluido\/"},"modified":"2025-12-12T12:41:06","modified_gmt":"2025-12-12T11:41:06","slug":"protesis-total-de-cadera-turquia","status":"publish","type":"page","link":"https:\/\/www.polycliniqueplus.com\/es\/protesis-total-de-cadera-turquia\/","title":{"rendered":"Pr\u00f3tesis total de cadera Turqu\u00eda : Precio de la pr\u00f3tesis de cadera todo incluido"},"content":{"rendered":"<div data-elementor-type=\"wp-page\" data-elementor-id=\"9517\" class=\"elementor elementor-9517 elementor-1513\" data-elementor-settings=\"{&quot;ha_cmc_init_switcher&quot;:&quot;no&quot;}\">\n\t\t\t\t\t\t<section class=\"elementor-section elementor-top-section elementor-element elementor-element-0a7afcd elementor-section-content-middle elementor-section-boxed elementor-section-height-default elementor-section-height-default\" data-id=\"0a7afcd\" data-element_type=\"section\" data-settings=\"{&quot;_ha_eqh_enable&quot;:false}\">\n\t\t\t\t\t\t<div class=\"elementor-container elementor-column-gap-default\">\n\t\t\t\t\t<div class=\"elementor-column elementor-col-50 elementor-top-column elementor-element elementor-element-5202bc5\" data-id=\"5202bc5\" data-element_type=\"column\">\n\t\t\t<div class=\"elementor-widget-wrap elementor-element-populated\">\n\t\t\t\t\t\t<div class=\"elementor-element elementor-element-8142cc2 elementor-widget elementor-widget-text-editor\" data-id=\"8142cc2\" data-element_type=\"widget\" data-widget_type=\"text-editor.default\">\n\t\t\t\t<div class=\"elementor-widget-container\">\n\t\t\t\t\t\t\t<p>La<strong> artroplastia total de cadera<\/strong> es una intervenci\u00f3n quir\u00fargica ortop\u00e9dica en la que se sustituye la articulaci\u00f3n femoral por una pr\u00f3tesis despu\u00e9s de que se haya da\u00f1ado (por fractura, artrosis, cart\u00edlago articular da\u00f1ado), de modo que el paciente sienta menos dolor y pueda moverse con m\u00e1s facilidad.<\/p>\n\t\t\t\t\t\t<\/div>\n\t\t\t\t<\/div>\n\t\t\t\t<div class=\"elementor-element elementor-element-f599da8 elementor-widget elementor-widget-heading\" data-id=\"f599da8\" data-element_type=\"widget\" data-widget_type=\"heading.default\">\n\t\t\t\t<div class=\"elementor-widget-container\">\n\t\t\t<h2 class=\"elementor-heading-title elementor-size-default\">Evoluci\u00f3n de una operaci\u00f3n de pr\u00f3tesis total de cadera<\/h2>\t\t<\/div>\n\t\t\t\t<\/div>\n\t\t\t\t<div class=\"elementor-element elementor-element-000a34e elementor-widget elementor-widget-text-editor\" data-id=\"000a34e\" data-element_type=\"widget\" data-widget_type=\"text-editor.default\">\n\t\t\t\t<div class=\"elementor-widget-container\">\n\t\t\t\t\t\t\tLa<strong>articulaci\u00f3n de la cadera<\/strong> conecta la pierna con la pelvis. La cabeza del f\u00e9mur puede imaginarse como una esfera que se inserta en la cavidad p\u00e9lvica. Las superficies de la esfera y del hueco deben ser lisas y fluir suavemente, sin causar dolor.\n\nLa operaci\u00f3n dura entre una hora y media y dos horas con anestesia general o epidural.\n\n\t\t\t\t\t\t<\/div>\n\t\t\t\t<\/div>\n\t\t\t\t\t<\/div>\n\t\t<\/div>\n\t\t\t\t<div class=\"elementor-column elementor-col-50 elementor-top-column elementor-element elementor-element-c185113\" data-id=\"c185113\" data-element_type=\"column\">\n\t\t\t<div class=\"elementor-widget-wrap elementor-element-populated\">\n\t\t\t\t\t\t<div class=\"elementor-element elementor-element-1d83671 elementor-widget elementor-widget-image\" data-id=\"1d83671\" data-element_type=\"widget\" data-widget_type=\"image.default\">\n\t\t\t\t<div class=\"elementor-widget-container\">\n\t\t\t\t\t\t\t\t\t\t\t\t\t<noscript><img fetchpriority=\"high\" decoding=\"async\" width=\"574\" height=\"586\" src=\"https:\/\/www.polycliniqueplus.com\/wp-content\/uploads\/2021\/03\/hip_arthroplasty.jpg\" class=\"attachment-large size-large wp-image-7455\" alt srcset=\"https:\/\/www.polycliniqueplus.com\/wp-content\/uploads\/2021\/03\/hip_arthroplasty.jpg 574w, https:\/\/www.polycliniqueplus.com\/wp-content\/uploads\/2021\/03\/hip_arthroplasty-294x300.jpg 294w\" sizes=\"(max-width: 574px) 100vw, 574px\"><\/noscript><img fetchpriority=\"high\" decoding=\"async\" width=\"574\" height=\"586\" src=\"data:image\/svg+xml,%3Csvg%20xmlns%3D%22http%3A%2F%2Fwww.w3.org%2F2000%2Fsvg%22%20viewBox%3D%220%200%20574%20586%22%3E%3C%2Fsvg%3E\" class=\"attachment-large size-large wp-image-7455 lazyload\" alt srcset=\"data:image\/svg+xml,%3Csvg%20xmlns%3D%22http%3A%2F%2Fwww.w3.org%2F2000%2Fsvg%22%20viewBox%3D%220%200%20574%20586%22%3E%3C%2Fsvg%3E 574w\" sizes=\"(max-width: 574px) 100vw, 574px\" data-srcset=\"https:\/\/www.polycliniqueplus.com\/wp-content\/uploads\/2021\/03\/hip_arthroplasty.jpg 574w, https:\/\/www.polycliniqueplus.com\/wp-content\/uploads\/2021\/03\/hip_arthroplasty-294x300.jpg 294w\" data-src=\"https:\/\/www.polycliniqueplus.com\/wp-content\/uploads\/2021\/03\/hip_arthroplasty.jpg\">\t\t\t\t\t\t\t\t\t\t\t\t\t<\/div>\n\t\t\t\t<\/div>\n\t\t\t\t\t<\/div>\n\t\t<\/div>\n\t\t\t\t\t<\/div>\n\t\t<\/section>\n\t\t\t\t<section class=\"elementor-section elementor-top-section elementor-element elementor-element-22a1009 elementor-section-boxed elementor-section-height-default elementor-section-height-default\" data-id=\"22a1009\" data-element_type=\"section\" data-settings=\"{&quot;_ha_eqh_enable&quot;:false}\">\n\t\t\t\t\t\t<div class=\"elementor-container elementor-column-gap-default\">\n\t\t\t\t\t<div class=\"elementor-column elementor-col-100 elementor-top-column elementor-element elementor-element-02775e1\" data-id=\"02775e1\" data-element_type=\"column\">\n\t\t\t<div class=\"elementor-widget-wrap elementor-element-populated\">\n\t\t\t\t\t\t<div class=\"elementor-element elementor-element-e4bddc9 elementor-widget elementor-widget-text-editor\" data-id=\"e4bddc9\" data-element_type=\"widget\" data-widget_type=\"text-editor.default\">\n\t\t\t\t<div class=\"elementor-widget-container\">\n\t\t\t\t\t\t\tSe realiza a trav\u00e9s de una incisi\u00f3n a la altura de la cadera:\n\t\t\t\t\t\t<\/div>\n\t\t\t\t<\/div>\n\t\t\t\t<div class=\"elementor-element elementor-element-a6b4758 elementor-widget elementor-widget-text-editor\" data-id=\"a6b4758\" data-element_type=\"widget\" data-widget_type=\"text-editor.default\">\n\t\t\t\t<div class=\"elementor-widget-container\">\n\t\t\t\t\t\t\t<ul class=\"liste-page\">\n \t<li>Se extrae la cabeza del f\u00e9mur y se prepara la cavidad para recibir un componente artificial denominado pr\u00f3tesis.<\/li>\n \t<li>La cabeza y el cuello del f\u00e9mur se sustituyen por una <strong>pr\u00f3tesis met\u00e1lica<\/strong> de alta calidad, mientras que el encaje se sustituye por una carcasa met\u00e1lica revestida de pl\u00e1stico quir\u00fargico de alta densidad.<\/li>\n<\/ul>\n\t\t\t\t\t\t<\/div>\n\t\t\t\t<\/div>\n\t\t\t\t<div class=\"elementor-element elementor-element-741b4b9 elementor-widget elementor-widget-text-editor\" data-id=\"741b4b9\" data-element_type=\"widget\" data-widget_type=\"text-editor.default\">\n\t\t\t\t<div class=\"elementor-widget-container\">\n\t\t\t\t\t\t\tDependiendo del tipo de componente prot\u00e9sico, puede ser necesario cementar la pr\u00f3tesis al hueso o s\u00f3lo ajustarla mediante un mecanismo de presi\u00f3n, ya que el hueso circundante crece dentro de la pr\u00f3tesis y el cemento.\n\t\t\t\t\t\t<\/div>\n\t\t\t\t<\/div>\n\t\t\t\t<div class=\"elementor-element elementor-element-45059be elementor-widget elementor-widget-text-editor\" data-id=\"45059be\" data-element_type=\"widget\" data-widget_type=\"text-editor.default\">\n\t\t\t\t<div class=\"elementor-widget-container\">\n\t\t\t\t\t\t\t\nAl final de la operaci\u00f3n, se vuelve a coser la piel. Para eliminar el exceso de l\u00edquido, se puede recurrir al drenaje.\t\t\t\t\t\t<\/div>\n\t\t\t\t<\/div>\n\t\t\t\t<div class=\"elementor-element elementor-element-66233a7 elementor-widget elementor-widget-text-editor\" data-id=\"66233a7\" data-element_type=\"widget\" data-widget_type=\"text-editor.default\">\n\t\t\t\t<div class=\"elementor-widget-container\">\n\t\t\t\t\t\t\t<h2>Precio de la artroplastia de cadera en Turqu\u00eda<\/h2>\nEl precio de una <strong>pr\u00f3tesis de cadera en Turqu\u00eda<\/strong> sigue siendo muy bajo en comparaci\u00f3n con otros pa\u00edses.\n\n\t\t\t\t\t\t<\/div>\n\t\t\t\t<\/div>\n\t\t\t\t<div class=\"elementor-element elementor-element-957ddd4 elementor-widget elementor-widget-text-editor\" data-id=\"957ddd4\" data-element_type=\"widget\" data-widget_type=\"text-editor.default\">\n\t\t\t\t<div class=\"elementor-widget-container\">\n\t\t\t\t\t\t\tSe trata de una tarifa que incluye :\n<ul class=\"liste-page\">\n \t<li>Los honorarios del cirujano ortop\u00e9dico<\/li>\n \t<li>Honorarios del equipo de anestesia<\/li>\n \t<li>Los costes de la cl\u00ednica<\/li>\n \t<li>Todos los cuidados antes y despu\u00e9s de la operaci\u00f3n<\/li>\n \t<li>La estancia de convalecencia en el hotel<\/li>\n<\/ul>\t\t\t\t\t\t<\/div>\n\t\t\t\t<\/div>\n\t\t\t\t\t<\/div>\n\t\t<\/div>\n\t\t\t\t\t<\/div>\n\t\t<\/section>\n\t\t\t\t<section class=\"elementor-section elementor-top-section elementor-element elementor-element-c73808c elementor-section-boxed elementor-section-height-default elementor-section-height-default\" data-id=\"c73808c\" data-element_type=\"section\" data-settings=\"{&quot;background_background&quot;:&quot;classic&quot;,&quot;_ha_eqh_enable&quot;:false}\">\n\t\t\t\t\t\t<div class=\"elementor-container elementor-column-gap-default\">\n\t\t\t\t\t<div class=\"elementor-column elementor-col-100 elementor-top-column elementor-element elementor-element-7f7190d\" data-id=\"7f7190d\" data-element_type=\"column\">\n\t\t\t<div class=\"elementor-widget-wrap elementor-element-populated\">\n\t\t\t\t\t\t<div class=\"elementor-element elementor-element-e39d90b elementor-widget elementor-widget-heading\" data-id=\"e39d90b\" data-element_type=\"widget\" data-widget_type=\"heading.default\">\n\t\t\t\t<div class=\"elementor-widget-container\">\n\t\t\t<h4 class=\"elementor-heading-title elementor-size-default\">PRESUPUESTO EN L\u00cdNEA R\u00c1PIDO Y 100% GRATUITO<\/h4>\t\t<\/div>\n\t\t\t\t<\/div>\n\t\t\t\t<div class=\"elementor-element elementor-element-7683680 elementor-align-center elementor-widget elementor-widget-button\" data-id=\"7683680\" data-element_type=\"widget\" data-widget_type=\"button.default\">\n\t\t\t\t<div class=\"elementor-widget-container\">\n\t\t\t\t\t<div class=\"elementor-button-wrapper\">\n\t\t\t<a class=\"elementor-button elementor-button-link elementor-size-sm\" href=\"https:\/\/www.polycliniqueplus.com\/es\/presupuesto\/\">\n\t\t\t\t\t\t<span class=\"elementor-button-content-wrapper\">\n\t\t\t\t\t\t<span class=\"elementor-button-icon\">\n\t\t\t\t<i aria-hidden=\"true\" class=\"fas fa-arrow-right\"><\/i>\t\t\t<\/span>\n\t\t\t\t\t\t\t\t\t<span class=\"elementor-button-text\">Presupuesto PTH<\/span>\n\t\t\t\t\t<\/span>\n\t\t\t\t\t<\/a>\n\t\t<\/div>\n\t\t\t\t<\/div>\n\t\t\t\t<\/div>\n\t\t\t\t\t<\/div>\n\t\t<\/div>\n\t\t\t\t\t<\/div>\n\t\t<\/section>\n\t\t\t\t<section class=\"elementor-section elementor-top-section elementor-element elementor-element-75c41515 elementor-section-boxed elementor-section-height-default elementor-section-height-default\" data-id=\"75c41515\" data-element_type=\"section\" data-settings=\"{&quot;_ha_eqh_enable&quot;:false}\">\n\t\t\t\t\t\t<div class=\"elementor-container elementor-column-gap-default\">\n\t\t\t\t\t<div class=\"elementor-column elementor-col-100 elementor-top-column elementor-element elementor-element-593bfe0e\" data-id=\"593bfe0e\" data-element_type=\"column\">\n\t\t\t<div class=\"elementor-widget-wrap elementor-element-populated\">\n\t\t\t\t\t\t<div class=\"elementor-element elementor-element-1617a253 elementor-widget elementor-widget-text-editor\" data-id=\"1617a253\" data-element_type=\"widget\" data-widget_type=\"text-editor.default\">\n\t\t\t\t<div class=\"elementor-widget-container\">\n\t\t\t\t\t\t\t<h2>Seguimiento postoperatorio de la pr\u00f3tesis total de cadera<\/h2>\n<noscript><img decoding=\"async\" class=\" wp-image-1516 alignright\" src=\"https:\/\/www.polycliniqueplus.com\/wp-content\/uploads\/2018\/01\/arthroplastie-de-la-hanche.jpg\" alt=\"operaci\u00f3n de pr\u00f3tesis de cadera\" width=\"356\" height=\"243\" srcset=\"https:\/\/www.polycliniqueplus.com\/wp-content\/uploads\/2018\/01\/arthroplastie-de-la-hanche.jpg 360w, https:\/\/www.polycliniqueplus.com\/wp-content\/uploads\/2018\/01\/arthroplastie-de-la-hanche-300x205.jpg 300w\" sizes=\"(max-width: 356px) 100vw, 356px\"><\/noscript><img decoding=\"async\" class=\" wp-image-1516 alignright lazyload\" src=\"data:image\/svg+xml,%3Csvg%20xmlns%3D%22http%3A%2F%2Fwww.w3.org%2F2000%2Fsvg%22%20viewBox%3D%220%200%20356%20243%22%3E%3C%2Fsvg%3E\" alt=\"operaci\u00f3n de pr\u00f3tesis de cadera\" width=\"356\" height=\"243\" data-src=\"https:\/\/www.polycliniqueplus.com\/wp-content\/uploads\/2018\/01\/arthroplastie-de-la-hanche.jpg\">\n<ul class=\"liste-page\">\n \t<li>Las complicaciones postoperatorias son m\u00ednimas.<\/li>\n \t<li>De 5 a 10 d\u00edas en el hospital tras la operaci\u00f3n.<\/li>\n \t<li>2 semanas para retirar las suturas.<\/li>\n \t<li>Se ordena un antibi\u00f3tico para infecciones menores de la lesi\u00f3n.<\/li>\n \t<li>Se prescriben sujeciones, instrucciones espec\u00edficas para el tobillo, anticoagulante y movimiento precoz por temor a la flebitis.<\/li>\n \t<li>Una dieta equilibrada rica en hierro contribuye a la recuperaci\u00f3n.<\/li>\n \t<li>Se recomienda beber mucho l\u00edquido despu\u00e9s de la operaci\u00f3n.<\/li>\n \t<li>Las actividades de la vida diaria pueden reanudarse entre la 3\u00aa y la 6\u00aa semana tras la intervenci\u00f3n.<\/li>\n \t<li>Deben realizarse repetidamente ejercicios diarios espec\u00edficos para fortalecer la cadera.<\/li>\n<\/ul>\n<h2>Resultados de la artroplastia de cadera<\/h2>\nEn la mayor\u00eda de los casos, la <strong>artroplastia total de cadera<\/strong> tiene \u00e9xito y proporciona una mejora efectiva de la movilidad y un alivio del dolor durante varios a\u00f1os.\t\t\t\t\t\t<\/div>\n\t\t\t\t<\/div>\n\t\t\t\t\t<\/div>\n\t\t<\/div>\n\t\t\t\t\t<\/div>\n\t\t<\/section>\n\t\t\t\t<\/div>\n\t\t","protected":false},"excerpt":{"rendered":"<p>La artroplastia total de cadera es una intervenci\u00f3n quir\u00fargica ortop\u00e9dica en la que se sustituye la articulaci\u00f3n femoral por una pr\u00f3tesis despu\u00e9s de que se haya da\u00f1ado (por fractura, artrosis, cart\u00edlago articular da\u00f1ado), de modo que el paciente sienta menos dolor y pueda moverse con m\u00e1s facilidad. Evoluci\u00f3n de una operaci\u00f3n de pr\u00f3tesis total de [&hellip;]<\/p>\n","protected":false},"author":2,"featured_media":7307,"parent":0,"menu_order":0,"comment_status":"closed","ping_status":"closed","template":"","meta":{"footnotes":""},"class_list":["post-9517","page","type-page","status-publish","has-post-thumbnail","hentry"],"yoast_head":"<!-- This site is optimized with the Yoast SEO plugin v27.3 - https:\/\/yoast.com\/product\/yoast-seo-wordpress\/ -->\n<title>Pr\u00f3tesis total de cadera Turqu\u00eda : PTH instalaci\u00f3n precio barato<\/title>\n<meta name=\"description\" content=\"Pr\u00f3tesis total de cadera Turqu\u00eda : cirug\u00eda ortop\u00e9dica para el tratamiento de articulaciones da\u00f1adas mediante pr\u00f3tesis total de cadera a precios baratos. Solicite un presupuesto gratuito de PTH.\" \/>\n<meta name=\"robots\" content=\"index, follow, max-snippet:-1, max-video-preview:-1, noimageindex\" \/>\n<link rel=\"canonical\" href=\"https:\/\/www.polycliniqueplus.com\/es\/protesis-total-de-cadera-turquia\/\" \/>\n<meta property=\"og:locale\" content=\"es_ES\" \/>\n<meta property=\"og:type\" content=\"article\" \/>\n<meta property=\"og:title\" content=\"Pr\u00f3tesis total de cadera Turqu\u00eda : PTH instalaci\u00f3n precio barato\" \/>\n<meta property=\"og:description\" content=\"Pr\u00f3tesis total de cadera Turqu\u00eda : cirug\u00eda ortop\u00e9dica para el tratamiento de articulaciones da\u00f1adas mediante pr\u00f3tesis total de cadera a precios baratos. Solicite un presupuesto gratuito de PTH.\" \/>\n<meta property=\"og:url\" content=\"https:\/\/www.polycliniqueplus.com\/es\/protesis-total-de-cadera-turquia\/\" \/>\n<meta property=\"og:site_name\" content=\"Chirurgie esthetique Turquie : Prix interventions meilleures cliniques Istanbul\" \/>\n<meta property=\"article:publisher\" content=\"https:\/\/www.facebook.com\/polycliniqueplus\" \/>\n<meta property=\"article:modified_time\" content=\"2025-12-12T11:41:06+00:00\" \/>\n<meta property=\"og:image\" content=\"https:\/\/www.polycliniqueplus.com\/wp-content\/uploads\/2018\/01\/hip-arthroplasty.jpg\" \/>\n\t<meta property=\"og:image:width\" content=\"1979\" \/>\n\t<meta property=\"og:image:height\" content=\"674\" \/>\n\t<meta property=\"og:image:type\" content=\"image\/jpeg\" \/>\n<meta name=\"twitter:card\" content=\"summary_large_image\" \/>\n<meta name=\"twitter:site\" content=\"@polyclinique1\" \/>\n<meta name=\"twitter:label1\" content=\"Tiempo de lectura\" \/>\n\t<meta name=\"twitter:data1\" content=\"3 minutos\" \/>\n<script type=\"application\/ld+json\" class=\"yoast-schema-graph\">{\"@context\":\"https:\\\/\\\/schema.org\",\"@graph\":[{\"@type\":\"WebPage\",\"@id\":\"https:\\\/\\\/www.polycliniqueplus.com\\\/es\\\/protesis-total-de-cadera-turquia\\\/\",\"url\":\"https:\\\/\\\/www.polycliniqueplus.com\\\/es\\\/protesis-total-de-cadera-turquia\\\/\",\"name\":\"Pr\u00f3tesis total de cadera Turqu\u00eda : PTH instalaci\u00f3n precio barato\",\"isPartOf\":{\"@id\":\"https:\\\/\\\/www.polycliniqueplus.com\\\/es\\\/#website\"},\"primaryImageOfPage\":{\"@id\":\"https:\\\/\\\/www.polycliniqueplus.com\\\/es\\\/protesis-total-de-cadera-turquia\\\/#primaryimage\"},\"image\":{\"@id\":\"https:\\\/\\\/www.polycliniqueplus.com\\\/es\\\/protesis-total-de-cadera-turquia\\\/#primaryimage\"},\"thumbnailUrl\":\"https:\\\/\\\/www.polycliniqueplus.com\\\/wp-content\\\/uploads\\\/2018\\\/01\\\/hip-arthroplasty.jpg\",\"datePublished\":\"2018-01-16T15:12:48+00:00\",\"dateModified\":\"2025-12-12T11:41:06+00:00\",\"description\":\"Pr\u00f3tesis total de cadera Turqu\u00eda : cirug\u00eda ortop\u00e9dica para el tratamiento de articulaciones da\u00f1adas mediante pr\u00f3tesis total de cadera a precios baratos. Solicite un presupuesto gratuito de PTH.\",\"breadcrumb\":{\"@id\":\"https:\\\/\\\/www.polycliniqueplus.com\\\/es\\\/protesis-total-de-cadera-turquia\\\/#breadcrumb\"},\"inLanguage\":\"es\",\"potentialAction\":[{\"@type\":\"ReadAction\",\"target\":[\"https:\\\/\\\/www.polycliniqueplus.com\\\/es\\\/protesis-total-de-cadera-turquia\\\/\"]}]},{\"@type\":\"ImageObject\",\"inLanguage\":\"es\",\"@id\":\"https:\\\/\\\/www.polycliniqueplus.com\\\/es\\\/protesis-total-de-cadera-turquia\\\/#primaryimage\",\"url\":\"https:\\\/\\\/www.polycliniqueplus.com\\\/wp-content\\\/uploads\\\/2018\\\/01\\\/hip-arthroplasty.jpg\",\"contentUrl\":\"https:\\\/\\\/www.polycliniqueplus.com\\\/wp-content\\\/uploads\\\/2018\\\/01\\\/hip-arthroplasty.jpg\",\"width\":1979,\"height\":674},{\"@type\":\"BreadcrumbList\",\"@id\":\"https:\\\/\\\/www.polycliniqueplus.com\\\/es\\\/protesis-total-de-cadera-turquia\\\/#breadcrumb\",\"itemListElement\":[{\"@type\":\"ListItem\",\"position\":1,\"name\":\"Accueil\",\"item\":\"https:\\\/\\\/www.polycliniqueplus.com\\\/es\\\/\"},{\"@type\":\"ListItem\",\"position\":2,\"name\":\"Pr\u00f3tesis total de cadera Turqu\u00eda : Precio de la pr\u00f3tesis de cadera todo incluido\"}]},{\"@type\":\"WebSite\",\"@id\":\"https:\\\/\\\/www.polycliniqueplus.com\\\/es\\\/#website\",\"url\":\"https:\\\/\\\/www.polycliniqueplus.com\\\/es\\\/\",\"name\":\"Chirurgie esthetique Turquie : Prix interventions meilleures cliniques Istanbul\",\"description\":\"Chirurgie esthetique Turquie prix pas cher\",\"publisher\":{\"@id\":\"https:\\\/\\\/www.polycliniqueplus.com\\\/es\\\/#organization\"},\"potentialAction\":[{\"@type\":\"SearchAction\",\"target\":{\"@type\":\"EntryPoint\",\"urlTemplate\":\"https:\\\/\\\/www.polycliniqueplus.com\\\/es\\\/?s={search_term_string}\"},\"query-input\":{\"@type\":\"PropertyValueSpecification\",\"valueRequired\":true,\"valueName\":\"search_term_string\"}}],\"inLanguage\":\"es\"},{\"@type\":\"Organization\",\"@id\":\"https:\\\/\\\/www.polycliniqueplus.com\\\/es\\\/#organization\",\"name\":\"Polycliniqueplus chirurgie esthetique Turquie\",\"url\":\"https:\\\/\\\/www.polycliniqueplus.com\\\/es\\\/\",\"logo\":{\"@type\":\"ImageObject\",\"inLanguage\":\"es\",\"@id\":\"https:\\\/\\\/www.polycliniqueplus.com\\\/es\\\/#\\\/schema\\\/logo\\\/image\\\/\",\"url\":\"https:\\\/\\\/www.polycliniqueplus.com\\\/wp-content\\\/uploads\\\/2021\\\/03\\\/cropped-add-box-fill.png\",\"contentUrl\":\"https:\\\/\\\/www.polycliniqueplus.com\\\/wp-content\\\/uploads\\\/2021\\\/03\\\/cropped-add-box-fill.png\",\"width\":512,\"height\":512,\"caption\":\"Polycliniqueplus chirurgie esthetique Turquie\"},\"image\":{\"@id\":\"https:\\\/\\\/www.polycliniqueplus.com\\\/es\\\/#\\\/schema\\\/logo\\\/image\\\/\"},\"sameAs\":[\"https:\\\/\\\/www.facebook.com\\\/polycliniqueplus\",\"https:\\\/\\\/x.com\\\/polyclinique1\",\"https:\\\/\\\/www.youtube.com\\\/channel\\\/UCAnK3TORJqflIuYGFa-JQDw\"]}]}<\/script>\n<!-- \/ Yoast SEO plugin. -->","yoast_head_json":{"title":"Pr\u00f3tesis total de cadera Turqu\u00eda : PTH instalaci\u00f3n precio barato","description":"Pr\u00f3tesis total de cadera Turqu\u00eda : cirug\u00eda ortop\u00e9dica para el tratamiento de articulaciones da\u00f1adas mediante pr\u00f3tesis total de cadera a precios baratos. Solicite un presupuesto gratuito de PTH.","robots":{"index":"index","follow":"follow","max-snippet":"max-snippet:-1","max-video-preview":"max-video-preview:-1","imageindex":"noimageindex"},"canonical":"https:\/\/www.polycliniqueplus.com\/es\/protesis-total-de-cadera-turquia\/","og_locale":"es_ES","og_type":"article","og_title":"Pr\u00f3tesis total de cadera Turqu\u00eda : PTH instalaci\u00f3n precio barato","og_description":"Pr\u00f3tesis total de cadera Turqu\u00eda : cirug\u00eda ortop\u00e9dica para el tratamiento de articulaciones da\u00f1adas mediante pr\u00f3tesis total de cadera a precios baratos. Solicite un presupuesto gratuito de PTH.","og_url":"https:\/\/www.polycliniqueplus.com\/es\/protesis-total-de-cadera-turquia\/","og_site_name":"Chirurgie esthetique Turquie : Prix interventions meilleures cliniques Istanbul","article_publisher":"https:\/\/www.facebook.com\/polycliniqueplus","article_modified_time":"2025-12-12T11:41:06+00:00","og_image":[{"width":1979,"height":674,"url":"https:\/\/www.polycliniqueplus.com\/wp-content\/uploads\/2018\/01\/hip-arthroplasty.jpg","type":"image\/jpeg"}],"twitter_card":"summary_large_image","twitter_site":"@polyclinique1","twitter_misc":{"Tiempo de lectura":"3 minutos"},"schema":{"@context":"https:\/\/schema.org","@graph":[{"@type":"WebPage","@id":"https:\/\/www.polycliniqueplus.com\/es\/protesis-total-de-cadera-turquia\/","url":"https:\/\/www.polycliniqueplus.com\/es\/protesis-total-de-cadera-turquia\/","name":"Pr\u00f3tesis total de cadera Turqu\u00eda : PTH instalaci\u00f3n precio barato","isPartOf":{"@id":"https:\/\/www.polycliniqueplus.com\/es\/#website"},"primaryImageOfPage":{"@id":"https:\/\/www.polycliniqueplus.com\/es\/protesis-total-de-cadera-turquia\/#primaryimage"},"image":{"@id":"https:\/\/www.polycliniqueplus.com\/es\/protesis-total-de-cadera-turquia\/#primaryimage"},"thumbnailUrl":"https:\/\/www.polycliniqueplus.com\/wp-content\/uploads\/2018\/01\/hip-arthroplasty.jpg","datePublished":"2018-01-16T15:12:48+00:00","dateModified":"2025-12-12T11:41:06+00:00","description":"Pr\u00f3tesis total de cadera Turqu\u00eda : cirug\u00eda ortop\u00e9dica para el tratamiento de articulaciones da\u00f1adas mediante pr\u00f3tesis total de cadera a precios baratos. Solicite un presupuesto gratuito de PTH.","breadcrumb":{"@id":"https:\/\/www.polycliniqueplus.com\/es\/protesis-total-de-cadera-turquia\/#breadcrumb"},"inLanguage":"es","potentialAction":[{"@type":"ReadAction","target":["https:\/\/www.polycliniqueplus.com\/es\/protesis-total-de-cadera-turquia\/"]}]},{"@type":"ImageObject","inLanguage":"es","@id":"https:\/\/www.polycliniqueplus.com\/es\/protesis-total-de-cadera-turquia\/#primaryimage","url":"https:\/\/www.polycliniqueplus.com\/wp-content\/uploads\/2018\/01\/hip-arthroplasty.jpg","contentUrl":"https:\/\/www.polycliniqueplus.com\/wp-content\/uploads\/2018\/01\/hip-arthroplasty.jpg","width":1979,"height":674},{"@type":"BreadcrumbList","@id":"https:\/\/www.polycliniqueplus.com\/es\/protesis-total-de-cadera-turquia\/#breadcrumb","itemListElement":[{"@type":"ListItem","position":1,"name":"Accueil","item":"https:\/\/www.polycliniqueplus.com\/es\/"},{"@type":"ListItem","position":2,"name":"Pr\u00f3tesis total de cadera Turqu\u00eda : Precio de la pr\u00f3tesis de cadera todo incluido"}]},{"@type":"WebSite","@id":"https:\/\/www.polycliniqueplus.com\/es\/#website","url":"https:\/\/www.polycliniqueplus.com\/es\/","name":"Chirurgie esthetique Turquie : Prix interventions meilleures cliniques Istanbul","description":"Chirurgie esthetique Turquie prix pas cher","publisher":{"@id":"https:\/\/www.polycliniqueplus.com\/es\/#organization"},"potentialAction":[{"@type":"SearchAction","target":{"@type":"EntryPoint","urlTemplate":"https:\/\/www.polycliniqueplus.com\/es\/?s={search_term_string}"},"query-input":{"@type":"PropertyValueSpecification","valueRequired":true,"valueName":"search_term_string"}}],"inLanguage":"es"},{"@type":"Organization","@id":"https:\/\/www.polycliniqueplus.com\/es\/#organization","name":"Polycliniqueplus chirurgie esthetique Turquie","url":"https:\/\/www.polycliniqueplus.com\/es\/","logo":{"@type":"ImageObject","inLanguage":"es","@id":"https:\/\/www.polycliniqueplus.com\/es\/#\/schema\/logo\/image\/","url":"https:\/\/www.polycliniqueplus.com\/wp-content\/uploads\/2021\/03\/cropped-add-box-fill.png","contentUrl":"https:\/\/www.polycliniqueplus.com\/wp-content\/uploads\/2021\/03\/cropped-add-box-fill.png","width":512,"height":512,"caption":"Polycliniqueplus chirurgie esthetique Turquie"},"image":{"@id":"https:\/\/www.polycliniqueplus.com\/es\/#\/schema\/logo\/image\/"},"sameAs":["https:\/\/www.facebook.com\/polycliniqueplus","https:\/\/x.com\/polyclinique1","https:\/\/www.youtube.com\/channel\/UCAnK3TORJqflIuYGFa-JQDw"]}]}},"_links":{"self":[{"href":"https:\/\/www.polycliniqueplus.com\/es\/wp-json\/wp\/v2\/pages\/9517","targetHints":{"allow":["GET"]}}],"collection":[{"href":"https:\/\/www.polycliniqueplus.com\/es\/wp-json\/wp\/v2\/pages"}],"about":[{"href":"https:\/\/www.polycliniqueplus.com\/es\/wp-json\/wp\/v2\/types\/page"}],"author":[{"embeddable":true,"href":"https:\/\/www.polycliniqueplus.com\/es\/wp-json\/wp\/v2\/users\/2"}],"replies":[{"embeddable":true,"href":"https:\/\/www.polycliniqueplus.com\/es\/wp-json\/wp\/v2\/comments?post=9517"}],"version-history":[{"count":11,"href":"https:\/\/www.polycliniqueplus.com\/es\/wp-json\/wp\/v2\/pages\/9517\/revisions"}],"predecessor-version":[{"id":33030,"href":"https:\/\/www.polycliniqueplus.com\/es\/wp-json\/wp\/v2\/pages\/9517\/revisions\/33030"}],"wp:featuredmedia":[{"embeddable":true,"href":"https:\/\/www.polycliniqueplus.com\/es\/wp-json\/wp\/v2\/media\/7307"}],"wp:attachment":[{"href":"https:\/\/www.polycliniqueplus.com\/es\/wp-json\/wp\/v2\/media?parent=9517"}],"curies":[{"name":"wp","href":"https:\/\/api.w.org\/{rel}","templated":true}]}}