{"id":9513,"date":"2021-01-13T15:44:15","date_gmt":"2021-01-13T14:44:15","guid":{"rendered":"https:\/\/www.polycliniqueplus.com\/vaginoplastia-turquia-cirugia-de-rejuvenecimiento-y-reduccion-vaginal\/"},"modified":"2025-12-12T12:44:13","modified_gmt":"2025-12-12T11:44:13","slug":"vaginoplastia-turquia","status":"publish","type":"page","link":"https:\/\/www.polycliniqueplus.com\/es\/vaginoplastia-turquia\/","title":{"rendered":"Vaginoplastia Turqu\u00eda: Cirug\u00eda de rejuvenecimiento y reducci\u00f3n vaginal"},"content":{"rendered":"<div data-elementor-type=\"wp-page\" data-elementor-id=\"9513\" class=\"elementor elementor-9513 elementor-3652\" data-elementor-settings=\"{&quot;ha_cmc_init_switcher&quot;:&quot;no&quot;}\">\n\t\t\t\t\t\t<section class=\"elementor-section elementor-top-section elementor-element elementor-element-ae2db10 elementor-section-content-middle elementor-section-boxed elementor-section-height-default elementor-section-height-default\" data-id=\"ae2db10\" data-element_type=\"section\" data-settings=\"{&quot;_ha_eqh_enable&quot;:false}\">\n\t\t\t\t\t\t<div class=\"elementor-container elementor-column-gap-default\">\n\t\t\t\t\t<div class=\"elementor-column elementor-col-50 elementor-top-column elementor-element elementor-element-741961c\" data-id=\"741961c\" data-element_type=\"column\">\n\t\t\t<div class=\"elementor-widget-wrap elementor-element-populated\">\n\t\t\t\t\t\t<div class=\"elementor-element elementor-element-06f0c4e elementor-widget elementor-widget-text-editor\" data-id=\"06f0c4e\" data-element_type=\"widget\" data-widget_type=\"text-editor.default\">\n\t\t\t\t<div class=\"elementor-widget-container\">\n\t\t\t\t\t\t\t<p>En el caso de las mujeres que han tenido varios partos, sus m\u00fasculos vaginales tienden a agrandarse debido a la expansi\u00f3n estresante durante el parto. El resultado puede ser a menudo que estos m\u00fasculos vaginales cedan o se debiliten. Incluso despu\u00e9s de realizar ejercicios (Kegel), es posible que el estado de los m\u00fasculos vaginales no mejore.<br>Muchas mujeres descubren que, aunque la experiencia del parto puede ser la m\u00e1s gratificante de su vida, a veces las secuelas para su pareja sexual y para ellas mismas no son tan satisfactorias como antes.<\/p>\n<p>La vaginoplastia Turqu\u00eda, a veces llamada rejuvenecimiento vaginal, es entonces un procedimiento que puede corregir el problema del estiramiento de los m\u00fasculos vaginales resultante del parto y es una forma directa de mejorar de nuevo la vida sexual.<\/p>\n\t\t\t\t\t\t<\/div>\n\t\t\t\t<\/div>\n\t\t\t\t\t<\/div>\n\t\t<\/div>\n\t\t\t\t<div class=\"elementor-column elementor-col-50 elementor-top-column elementor-element elementor-element-92daaa9\" data-id=\"92daaa9\" data-element_type=\"column\">\n\t\t\t<div class=\"elementor-widget-wrap elementor-element-populated\">\n\t\t\t\t\t\t<div class=\"elementor-element elementor-element-e22c7c0 elementor-widget elementor-widget-image\" data-id=\"e22c7c0\" data-element_type=\"widget\" data-widget_type=\"image.default\">\n\t\t\t\t<div class=\"elementor-widget-container\">\n\t\t\t\t\t\t\t\t\t\t<figure class=\"wp-caption\">\n\t\t\t\t\t\t\t\t\t\t<noscript><img fetchpriority=\"high\" decoding=\"async\" width=\"574\" height=\"586\" src=\"https:\/\/www.polycliniqueplus.com\/wp-content\/uploads\/2021\/03\/vaginoplastie-Turquie-prix_pas_cher.jpg\" class=\"attachment-large size-large wp-image-7526\" alt srcset=\"https:\/\/www.polycliniqueplus.com\/wp-content\/uploads\/2021\/03\/vaginoplastie-Turquie-prix_pas_cher.jpg 574w, https:\/\/www.polycliniqueplus.com\/wp-content\/uploads\/2021\/03\/vaginoplastie-Turquie-prix_pas_cher-294x300.jpg 294w\" sizes=\"(max-width: 574px) 100vw, 574px\"><\/noscript><img fetchpriority=\"high\" decoding=\"async\" width=\"574\" height=\"586\" src=\"data:image\/svg+xml,%3Csvg%20xmlns%3D%22http%3A%2F%2Fwww.w3.org%2F2000%2Fsvg%22%20viewBox%3D%220%200%20574%20586%22%3E%3C%2Fsvg%3E\" class=\"attachment-large size-large wp-image-7526 lazyload\" alt srcset=\"data:image\/svg+xml,%3Csvg%20xmlns%3D%22http%3A%2F%2Fwww.w3.org%2F2000%2Fsvg%22%20viewBox%3D%220%200%20574%20586%22%3E%3C%2Fsvg%3E 574w\" sizes=\"(max-width: 574px) 100vw, 574px\" data-srcset=\"https:\/\/www.polycliniqueplus.com\/wp-content\/uploads\/2021\/03\/vaginoplastie-Turquie-prix_pas_cher.jpg 574w, https:\/\/www.polycliniqueplus.com\/wp-content\/uploads\/2021\/03\/vaginoplastie-Turquie-prix_pas_cher-294x300.jpg 294w\" data-src=\"https:\/\/www.polycliniqueplus.com\/wp-content\/uploads\/2021\/03\/vaginoplastie-Turquie-prix_pas_cher.jpg\">\t\t\t\t\t\t\t\t\t\t\t<figcaption class=\"widget-image-caption wp-caption-text\">Vaginoplastie Turquie prix pas cher<\/figcaption>\n\t\t\t\t\t\t\t\t\t\t<\/figure>\n\t\t\t\t\t\t\t<\/div>\n\t\t\t\t<\/div>\n\t\t\t\t\t<\/div>\n\t\t<\/div>\n\t\t\t\t\t<\/div>\n\t\t<\/section>\n\t\t\t\t<section class=\"elementor-section elementor-top-section elementor-element elementor-element-2e06ab1 elementor-section-boxed elementor-section-height-default elementor-section-height-default\" data-id=\"2e06ab1\" data-element_type=\"section\" data-settings=\"{&quot;_ha_eqh_enable&quot;:false}\">\n\t\t\t\t\t\t<div class=\"elementor-container elementor-column-gap-default\">\n\t\t\t\t\t<div class=\"elementor-column elementor-col-100 elementor-top-column elementor-element elementor-element-1983813\" data-id=\"1983813\" data-element_type=\"column\">\n\t\t\t<div class=\"elementor-widget-wrap elementor-element-populated\">\n\t\t\t\t\t\t<div class=\"elementor-element elementor-element-19b6685 elementor-widget elementor-widget-text-editor\" data-id=\"19b6685\" data-element_type=\"widget\" data-widget_type=\"text-editor.default\">\n\t\t\t\t<div class=\"elementor-widget-container\">\n\t\t\t\t\t\t\t<h2>Indicaci\u00f3n: \u00bfqu\u00e9 es la vaginoplastia Turqu\u00eda?<\/h2>\nLa vaginoplastia es un procedimiento quir\u00fargico dise\u00f1ado para mejorar la estrechez vaginal. La vagina est\u00e1 dise\u00f1ada para estirarse durante el parto; sin embargo, algunas mujeres tienen la sensaci\u00f3n de que su canal y abertura vaginales nunca recuperan su tama\u00f1o y forma originales. Algunas mujeres experimentan un aflojamiento vaginal con la edad y se sienten inc\u00f3modas llevando tampones o manteniendo relaciones sexuales.\n\n\t\t\t\t\t\t<\/div>\n\t\t\t\t<\/div>\n\t\t\t\t<div class=\"elementor-element elementor-element-986abd1 elementor-widget elementor-widget-text-editor\" data-id=\"986abd1\" data-element_type=\"widget\" data-widget_type=\"text-editor.default\">\n\t\t\t\t<div class=\"elementor-widget-container\">\n\t\t\t\t\t\t\tLa vaginoplastia de Turqu\u00eda trata tanto el exceso de piel como la laxitud muscular para mejorar el aspecto de la vagina. Es frecuente que esta cirug\u00eda se combine con otros procedimientos de rejuvenecimiento vaginal como la perineoplastia, <a href=\"https:\/\/www.polycliniqueplus.com\/es\/reduccion-de-labios-mayores-turquia\/\">la labioplastia de Turqu\u00eda<\/a> o la reducci\u00f3n del cap\u00f3 del cl\u00edtoris.\t\t\t\t\t\t<\/div>\n\t\t\t\t<\/div>\n\t\t\t\t<div class=\"elementor-element elementor-element-d1a0722 elementor-widget elementor-widget-text-editor\" data-id=\"d1a0722\" data-element_type=\"widget\" data-widget_type=\"text-editor.default\">\n\t\t\t\t<div class=\"elementor-widget-container\">\n\t\t\t\t\t\t\t<h2>\u00bfCu\u00e1nto cuesta una vaginoplastia en Turqu\u00eda?<\/h2>\nTurqu\u00eda es ahora reconocida como un nuevo destino para la cirug\u00eda est\u00e9tica, no s\u00f3lo por la calidad de sus procedimientos, sino tambi\u00e9n por sus precios. Las intervenciones quir\u00fargicas en Turqu\u00eda son muy asequibles e incluyen:\n\t\t\t\t\t\t<\/div>\n\t\t\t\t<\/div>\n\t\t\t\t<div class=\"elementor-element elementor-element-576e189 elementor-widget elementor-widget-text-editor\" data-id=\"576e189\" data-element_type=\"widget\" data-widget_type=\"text-editor.default\">\n\t\t\t\t<div class=\"elementor-widget-container\">\n\t\t\t\t\t\t\t<ul class=\"liste-page\">\n \t<li>Transporte (aeropuerto-hotel y hotel-cl\u00ednica)<\/li>\n \t<li>Honorarios de la cl\u00ednica (consulta, equipo m\u00e9dico, quir\u00f3fano, etc.)<\/li>\n \t<li>Honorarios del equipo m\u00e9dico (cirujano, anestesista, etc.)<\/li>\n<\/ul>\n\t\t\t\t\t\t<\/div>\n\t\t\t\t<\/div>\n\t\t\t\t<div class=\"elementor-element elementor-element-c850ee6 elementor-widget elementor-widget-text-editor\" data-id=\"c850ee6\" data-element_type=\"widget\" data-widget_type=\"text-editor.default\">\n\t\t\t\t<div class=\"elementor-widget-container\">\n\t\t\t\t\t\t\tPara m\u00e1s informaci\u00f3n, solicite un presupuesto personalizado.\t\t\t\t\t\t<\/div>\n\t\t\t\t<\/div>\n\t\t\t\t\t<\/div>\n\t\t<\/div>\n\t\t\t\t\t<\/div>\n\t\t<\/section>\n\t\t\t\t<section class=\"elementor-section elementor-top-section elementor-element elementor-element-647fd89 elementor-section-boxed elementor-section-height-default elementor-section-height-default\" data-id=\"647fd89\" data-element_type=\"section\" data-settings=\"{&quot;background_background&quot;:&quot;classic&quot;,&quot;_ha_eqh_enable&quot;:false}\">\n\t\t\t\t\t\t<div class=\"elementor-container elementor-column-gap-default\">\n\t\t\t\t\t<div class=\"elementor-column elementor-col-100 elementor-top-column elementor-element elementor-element-0afcc56\" data-id=\"0afcc56\" data-element_type=\"column\">\n\t\t\t<div class=\"elementor-widget-wrap elementor-element-populated\">\n\t\t\t\t\t\t<div class=\"elementor-element elementor-element-e2671f1 elementor-widget elementor-widget-heading\" data-id=\"e2671f1\" data-element_type=\"widget\" data-widget_type=\"heading.default\">\n\t\t\t\t<div class=\"elementor-widget-container\">\n\t\t\t<h4 class=\"elementor-heading-title elementor-size-default\">PRESUPUESTO EN L\u00cdNEA R\u00c1PIDO Y 100% GRATUITO<\/h4>\t\t<\/div>\n\t\t\t\t<\/div>\n\t\t\t\t<div class=\"elementor-element elementor-element-6de4395 elementor-align-center elementor-widget elementor-widget-button\" data-id=\"6de4395\" data-element_type=\"widget\" data-widget_type=\"button.default\">\n\t\t\t\t<div class=\"elementor-widget-container\">\n\t\t\t\t\t<div class=\"elementor-button-wrapper\">\n\t\t\t<a class=\"elementor-button elementor-button-link elementor-size-sm\" href=\"https:\/\/www.polycliniqueplus.com\/es\/presupuesto\/\">\n\t\t\t\t\t\t<span class=\"elementor-button-content-wrapper\">\n\t\t\t\t\t\t<span class=\"elementor-button-icon\">\n\t\t\t\t<i aria-hidden=\"true\" class=\"fas fa-arrow-right\"><\/i>\t\t\t<\/span>\n\t\t\t\t\t\t\t\t\t<span class=\"elementor-button-text\">Presupuesto de vaginoplastia<\/span>\n\t\t\t\t\t<\/span>\n\t\t\t\t\t<\/a>\n\t\t<\/div>\n\t\t\t\t<\/div>\n\t\t\t\t<\/div>\n\t\t\t\t\t<\/div>\n\t\t<\/div>\n\t\t\t\t\t<\/div>\n\t\t<\/section>\n\t\t\t\t<section class=\"elementor-section elementor-top-section elementor-element elementor-element-50f46879 elementor-section-boxed elementor-section-height-default elementor-section-height-default\" data-id=\"50f46879\" data-element_type=\"section\" data-settings=\"{&quot;_ha_eqh_enable&quot;:false}\">\n\t\t\t\t\t\t<div class=\"elementor-container elementor-column-gap-default\">\n\t\t\t\t\t<div class=\"elementor-column elementor-col-100 elementor-top-column elementor-element elementor-element-652614f5\" data-id=\"652614f5\" data-element_type=\"column\">\n\t\t\t<div class=\"elementor-widget-wrap elementor-element-populated\">\n\t\t\t\t\t\t<div class=\"elementor-element elementor-element-15829a0d elementor-widget elementor-widget-text-editor\" data-id=\"15829a0d\" data-element_type=\"widget\" data-widget_type=\"text-editor.default\">\n\t\t\t\t<div class=\"elementor-widget-container\">\n\t\t\t\t\t\t\t<h2>\u00bfC\u00f3mo funciona la intervenci\u00f3n?<\/h2>\nDurante la intervenci\u00f3n, el paciente estar\u00e1 bajo anestesia general, aunque es posible realizar el procedimiento bajo anestesia local con un sedante. El paciente se tumbar\u00e1 c\u00f3modamente en una camilla. El exceso de piel se eliminar\u00e1 en la abertura de la vagina de acuerdo con las conversaciones preoperatorias con la paciente.\n\nA continuaci\u00f3n, se separar\u00e1 la mucosa vaginal de los m\u00fasculos vaginales. A continuaci\u00f3n, se tirar\u00e1 de los m\u00fasculos vaginales, de forma similar a las t\u00e9cnicas utilizadas en la abdominoplastia, tensando el canal vaginal. A continuaci\u00f3n, se tensar\u00e1n los m\u00fasculos de la abertura vaginal, cerrando una abertura vaginal relajada. Se utilizar\u00e1n suturas internas y externas solubles para cerrar las incisiones.\n\nLos resultados son visibles inmediatamente despu\u00e9s de la intervenci\u00f3n, aunque los pacientes deben esperar al menos 6 semanas antes de iniciar la actividad sexual.\n<h2>\u00bfCu\u00e1les son los efectos postoperatorios?<\/h2>\nTras la cirug\u00eda de vaginoplastia, la paciente presenta hematomas, hinchaz\u00f3n y peque\u00f1as molestias en la zona inguinal. La inflamaci\u00f3n y los hematomas ser\u00e1n m\u00e1s evidentes despu\u00e9s del primer d\u00eda y remitir\u00e1n lentamente en un periodo de 2 a 3 semanas.\n\nTras la cirug\u00eda de estrechamiento vaginal, puede colocarse una almohadilla especial en la zona genital, que debe retirarse al d\u00eda siguiente. Deben evitarse las relaciones sexuales durante al menos 6 semanas para prevenir lesiones en las heridas en cicatrizaci\u00f3n. Lavar\/irrigar con agua limpia tres veces al d\u00eda durante la semana siguiente. Los puntos ser\u00e1n absorbibles, por lo que no es necesario retirarlos.\n<h2>\u00bfC\u00f3mo se ven los resultados?<\/h2>\nTras una intervenci\u00f3n de vaginoplastia de Turqu\u00eda, el sexo vuelve a estar tenso, con lo que se recupera el placer sexual; se trata la incontinencia urinaria, se tensan los m\u00fasculos del perineo y la vagina adquiere un aspecto m\u00e1s est\u00e9tico y natural.\n\nSin embargo, es importante cuidar la intimidad para mantener el tono de los m\u00fasculos del perineo. Tambi\u00e9n es necesario :\n<ul class=\"liste-page\">\n \t<li>Come fruta y verdura,<\/li>\n \t<li>Practica una actividad deportiva a menudo,<\/li>\n \t<li>Evite consumir tabaco,<\/li>\n \t<li>Desarrollar una buena higiene vulvar.<\/li>\n<\/ul>\t\t\t\t\t\t<\/div>\n\t\t\t\t<\/div>\n\t\t\t\t\t<\/div>\n\t\t<\/div>\n\t\t\t\t\t<\/div>\n\t\t<\/section>\n\t\t\t\t<\/div>\n\t\t","protected":false},"excerpt":{"rendered":"<p>En el caso de las mujeres que han tenido varios partos, sus m\u00fasculos vaginales tienden a agrandarse debido a la expansi\u00f3n estresante durante el parto. El resultado puede ser a menudo que estos m\u00fasculos vaginales cedan o se debiliten. Incluso despu\u00e9s de realizar ejercicios (Kegel), es posible que el estado de los m\u00fasculos vaginales no [&hellip;]<\/p>\n","protected":false},"author":1,"featured_media":7419,"parent":0,"menu_order":0,"comment_status":"closed","ping_status":"closed","template":"","meta":{"footnotes":""},"class_list":["post-9513","page","type-page","status-publish","has-post-thumbnail","hentry"],"yoast_head":"<!-- This site is optimized with the Yoast SEO plugin v27.3 - https:\/\/yoast.com\/product\/yoast-seo-wordpress\/ -->\n<title>Vaginoplastia Turqu\u00eda: Cirug\u00eda de rejuvenecimiento y reducci\u00f3n vaginal<\/title>\n<meta name=\"description\" content=\"La vaginoplastia es un procedimiento quir\u00fargico dise\u00f1ado para mejorar la estrechez vaginal.\" \/>\n<meta name=\"robots\" content=\"index, follow, max-snippet:-1, max-image-preview:large, max-video-preview:-1\" \/>\n<link rel=\"canonical\" href=\"https:\/\/www.polycliniqueplus.com\/es\/vaginoplastia-turquia\/\" \/>\n<meta property=\"og:locale\" content=\"es_ES\" \/>\n<meta property=\"og:type\" content=\"article\" \/>\n<meta property=\"og:title\" content=\"Vaginoplastia Turqu\u00eda: Cirug\u00eda de rejuvenecimiento y reducci\u00f3n vaginal\" \/>\n<meta property=\"og:description\" content=\"La vaginoplastia es un procedimiento quir\u00fargico dise\u00f1ado para mejorar la estrechez vaginal.\" \/>\n<meta property=\"og:url\" content=\"https:\/\/www.polycliniqueplus.com\/es\/vaginoplastia-turquia\/\" \/>\n<meta property=\"og:site_name\" content=\"Chirurgie esthetique Turquie : Prix interventions meilleures cliniques Istanbul\" \/>\n<meta property=\"article:publisher\" content=\"https:\/\/www.facebook.com\/polycliniqueplus\" \/>\n<meta property=\"article:modified_time\" content=\"2025-12-12T11:44:13+00:00\" \/>\n<meta property=\"og:image\" content=\"https:\/\/www.polycliniqueplus.com\/wp-content\/uploads\/2021\/01\/vaginoplastie-Turquie-prix-pas-cher.jpg\" \/>\n\t<meta property=\"og:image:width\" content=\"1170\" \/>\n\t<meta property=\"og:image:height\" content=\"658\" \/>\n\t<meta property=\"og:image:type\" content=\"image\/jpeg\" \/>\n<meta name=\"twitter:card\" content=\"summary_large_image\" \/>\n<meta name=\"twitter:site\" content=\"@polyclinique1\" \/>\n<script type=\"application\/ld+json\" class=\"yoast-schema-graph\">{\"@context\":\"https:\\\/\\\/schema.org\",\"@graph\":[{\"@type\":\"WebPage\",\"@id\":\"https:\\\/\\\/www.polycliniqueplus.com\\\/es\\\/vaginoplastia-turquia\\\/\",\"url\":\"https:\\\/\\\/www.polycliniqueplus.com\\\/es\\\/vaginoplastia-turquia\\\/\",\"name\":\"Vaginoplastia Turqu\u00eda: Cirug\u00eda de rejuvenecimiento y reducci\u00f3n vaginal\",\"isPartOf\":{\"@id\":\"https:\\\/\\\/www.polycliniqueplus.com\\\/es\\\/#website\"},\"primaryImageOfPage\":{\"@id\":\"https:\\\/\\\/www.polycliniqueplus.com\\\/es\\\/vaginoplastia-turquia\\\/#primaryimage\"},\"image\":{\"@id\":\"https:\\\/\\\/www.polycliniqueplus.com\\\/es\\\/vaginoplastia-turquia\\\/#primaryimage\"},\"thumbnailUrl\":\"https:\\\/\\\/www.polycliniqueplus.com\\\/wp-content\\\/uploads\\\/2021\\\/01\\\/vaginoplastie-Turquie-prix-pas-cher.jpg\",\"datePublished\":\"2021-01-13T14:44:15+00:00\",\"dateModified\":\"2025-12-12T11:44:13+00:00\",\"description\":\"La vaginoplastia es un procedimiento quir\u00fargico dise\u00f1ado para mejorar la estrechez vaginal.\",\"breadcrumb\":{\"@id\":\"https:\\\/\\\/www.polycliniqueplus.com\\\/es\\\/vaginoplastia-turquia\\\/#breadcrumb\"},\"inLanguage\":\"es\",\"potentialAction\":[{\"@type\":\"ReadAction\",\"target\":[\"https:\\\/\\\/www.polycliniqueplus.com\\\/es\\\/vaginoplastia-turquia\\\/\"]}]},{\"@type\":\"ImageObject\",\"inLanguage\":\"es\",\"@id\":\"https:\\\/\\\/www.polycliniqueplus.com\\\/es\\\/vaginoplastia-turquia\\\/#primaryimage\",\"url\":\"https:\\\/\\\/www.polycliniqueplus.com\\\/wp-content\\\/uploads\\\/2021\\\/01\\\/vaginoplastie-Turquie-prix-pas-cher.jpg\",\"contentUrl\":\"https:\\\/\\\/www.polycliniqueplus.com\\\/wp-content\\\/uploads\\\/2021\\\/01\\\/vaginoplastie-Turquie-prix-pas-cher.jpg\",\"width\":1170,\"height\":658,\"caption\":\"vaginoplastie-Turquie-prix-pas-cher\"},{\"@type\":\"BreadcrumbList\",\"@id\":\"https:\\\/\\\/www.polycliniqueplus.com\\\/es\\\/vaginoplastia-turquia\\\/#breadcrumb\",\"itemListElement\":[{\"@type\":\"ListItem\",\"position\":1,\"name\":\"Accueil\",\"item\":\"https:\\\/\\\/www.polycliniqueplus.com\\\/es\\\/\"},{\"@type\":\"ListItem\",\"position\":2,\"name\":\"Vaginoplastia Turqu\u00eda: Cirug\u00eda de rejuvenecimiento y reducci\u00f3n vaginal\"}]},{\"@type\":\"WebSite\",\"@id\":\"https:\\\/\\\/www.polycliniqueplus.com\\\/es\\\/#website\",\"url\":\"https:\\\/\\\/www.polycliniqueplus.com\\\/es\\\/\",\"name\":\"Chirurgie esthetique Turquie : Prix interventions meilleures cliniques Istanbul\",\"description\":\"Chirurgie esthetique Turquie prix pas cher\",\"publisher\":{\"@id\":\"https:\\\/\\\/www.polycliniqueplus.com\\\/es\\\/#organization\"},\"potentialAction\":[{\"@type\":\"SearchAction\",\"target\":{\"@type\":\"EntryPoint\",\"urlTemplate\":\"https:\\\/\\\/www.polycliniqueplus.com\\\/es\\\/?s={search_term_string}\"},\"query-input\":{\"@type\":\"PropertyValueSpecification\",\"valueRequired\":true,\"valueName\":\"search_term_string\"}}],\"inLanguage\":\"es\"},{\"@type\":\"Organization\",\"@id\":\"https:\\\/\\\/www.polycliniqueplus.com\\\/es\\\/#organization\",\"name\":\"Polycliniqueplus chirurgie esthetique Turquie\",\"url\":\"https:\\\/\\\/www.polycliniqueplus.com\\\/es\\\/\",\"logo\":{\"@type\":\"ImageObject\",\"inLanguage\":\"es\",\"@id\":\"https:\\\/\\\/www.polycliniqueplus.com\\\/es\\\/#\\\/schema\\\/logo\\\/image\\\/\",\"url\":\"https:\\\/\\\/www.polycliniqueplus.com\\\/wp-content\\\/uploads\\\/2021\\\/03\\\/cropped-add-box-fill.png\",\"contentUrl\":\"https:\\\/\\\/www.polycliniqueplus.com\\\/wp-content\\\/uploads\\\/2021\\\/03\\\/cropped-add-box-fill.png\",\"width\":512,\"height\":512,\"caption\":\"Polycliniqueplus chirurgie esthetique Turquie\"},\"image\":{\"@id\":\"https:\\\/\\\/www.polycliniqueplus.com\\\/es\\\/#\\\/schema\\\/logo\\\/image\\\/\"},\"sameAs\":[\"https:\\\/\\\/www.facebook.com\\\/polycliniqueplus\",\"https:\\\/\\\/x.com\\\/polyclinique1\",\"https:\\\/\\\/www.youtube.com\\\/channel\\\/UCAnK3TORJqflIuYGFa-JQDw\"]}]}<\/script>\n<!-- \/ Yoast SEO plugin. -->","yoast_head_json":{"title":"Vaginoplastia Turqu\u00eda: Cirug\u00eda de rejuvenecimiento y reducci\u00f3n vaginal","description":"La vaginoplastia es un procedimiento quir\u00fargico dise\u00f1ado para mejorar la estrechez vaginal.","robots":{"index":"index","follow":"follow","max-snippet":"max-snippet:-1","max-image-preview":"max-image-preview:large","max-video-preview":"max-video-preview:-1"},"canonical":"https:\/\/www.polycliniqueplus.com\/es\/vaginoplastia-turquia\/","og_locale":"es_ES","og_type":"article","og_title":"Vaginoplastia Turqu\u00eda: Cirug\u00eda de rejuvenecimiento y reducci\u00f3n vaginal","og_description":"La vaginoplastia es un procedimiento quir\u00fargico dise\u00f1ado para mejorar la estrechez vaginal.","og_url":"https:\/\/www.polycliniqueplus.com\/es\/vaginoplastia-turquia\/","og_site_name":"Chirurgie esthetique Turquie : Prix interventions meilleures cliniques Istanbul","article_publisher":"https:\/\/www.facebook.com\/polycliniqueplus","article_modified_time":"2025-12-12T11:44:13+00:00","og_image":[{"width":1170,"height":658,"url":"https:\/\/www.polycliniqueplus.com\/wp-content\/uploads\/2021\/01\/vaginoplastie-Turquie-prix-pas-cher.jpg","type":"image\/jpeg"}],"twitter_card":"summary_large_image","twitter_site":"@polyclinique1","schema":{"@context":"https:\/\/schema.org","@graph":[{"@type":"WebPage","@id":"https:\/\/www.polycliniqueplus.com\/es\/vaginoplastia-turquia\/","url":"https:\/\/www.polycliniqueplus.com\/es\/vaginoplastia-turquia\/","name":"Vaginoplastia Turqu\u00eda: Cirug\u00eda de rejuvenecimiento y reducci\u00f3n vaginal","isPartOf":{"@id":"https:\/\/www.polycliniqueplus.com\/es\/#website"},"primaryImageOfPage":{"@id":"https:\/\/www.polycliniqueplus.com\/es\/vaginoplastia-turquia\/#primaryimage"},"image":{"@id":"https:\/\/www.polycliniqueplus.com\/es\/vaginoplastia-turquia\/#primaryimage"},"thumbnailUrl":"https:\/\/www.polycliniqueplus.com\/wp-content\/uploads\/2021\/01\/vaginoplastie-Turquie-prix-pas-cher.jpg","datePublished":"2021-01-13T14:44:15+00:00","dateModified":"2025-12-12T11:44:13+00:00","description":"La vaginoplastia es un procedimiento quir\u00fargico dise\u00f1ado para mejorar la estrechez vaginal.","breadcrumb":{"@id":"https:\/\/www.polycliniqueplus.com\/es\/vaginoplastia-turquia\/#breadcrumb"},"inLanguage":"es","potentialAction":[{"@type":"ReadAction","target":["https:\/\/www.polycliniqueplus.com\/es\/vaginoplastia-turquia\/"]}]},{"@type":"ImageObject","inLanguage":"es","@id":"https:\/\/www.polycliniqueplus.com\/es\/vaginoplastia-turquia\/#primaryimage","url":"https:\/\/www.polycliniqueplus.com\/wp-content\/uploads\/2021\/01\/vaginoplastie-Turquie-prix-pas-cher.jpg","contentUrl":"https:\/\/www.polycliniqueplus.com\/wp-content\/uploads\/2021\/01\/vaginoplastie-Turquie-prix-pas-cher.jpg","width":1170,"height":658,"caption":"vaginoplastie-Turquie-prix-pas-cher"},{"@type":"BreadcrumbList","@id":"https:\/\/www.polycliniqueplus.com\/es\/vaginoplastia-turquia\/#breadcrumb","itemListElement":[{"@type":"ListItem","position":1,"name":"Accueil","item":"https:\/\/www.polycliniqueplus.com\/es\/"},{"@type":"ListItem","position":2,"name":"Vaginoplastia Turqu\u00eda: Cirug\u00eda de rejuvenecimiento y reducci\u00f3n vaginal"}]},{"@type":"WebSite","@id":"https:\/\/www.polycliniqueplus.com\/es\/#website","url":"https:\/\/www.polycliniqueplus.com\/es\/","name":"Chirurgie esthetique Turquie : Prix interventions meilleures cliniques Istanbul","description":"Chirurgie esthetique Turquie prix pas cher","publisher":{"@id":"https:\/\/www.polycliniqueplus.com\/es\/#organization"},"potentialAction":[{"@type":"SearchAction","target":{"@type":"EntryPoint","urlTemplate":"https:\/\/www.polycliniqueplus.com\/es\/?s={search_term_string}"},"query-input":{"@type":"PropertyValueSpecification","valueRequired":true,"valueName":"search_term_string"}}],"inLanguage":"es"},{"@type":"Organization","@id":"https:\/\/www.polycliniqueplus.com\/es\/#organization","name":"Polycliniqueplus chirurgie esthetique Turquie","url":"https:\/\/www.polycliniqueplus.com\/es\/","logo":{"@type":"ImageObject","inLanguage":"es","@id":"https:\/\/www.polycliniqueplus.com\/es\/#\/schema\/logo\/image\/","url":"https:\/\/www.polycliniqueplus.com\/wp-content\/uploads\/2021\/03\/cropped-add-box-fill.png","contentUrl":"https:\/\/www.polycliniqueplus.com\/wp-content\/uploads\/2021\/03\/cropped-add-box-fill.png","width":512,"height":512,"caption":"Polycliniqueplus chirurgie esthetique Turquie"},"image":{"@id":"https:\/\/www.polycliniqueplus.com\/es\/#\/schema\/logo\/image\/"},"sameAs":["https:\/\/www.facebook.com\/polycliniqueplus","https:\/\/x.com\/polyclinique1","https:\/\/www.youtube.com\/channel\/UCAnK3TORJqflIuYGFa-JQDw"]}]}},"_links":{"self":[{"href":"https:\/\/www.polycliniqueplus.com\/es\/wp-json\/wp\/v2\/pages\/9513","targetHints":{"allow":["GET"]}}],"collection":[{"href":"https:\/\/www.polycliniqueplus.com\/es\/wp-json\/wp\/v2\/pages"}],"about":[{"href":"https:\/\/www.polycliniqueplus.com\/es\/wp-json\/wp\/v2\/types\/page"}],"author":[{"embeddable":true,"href":"https:\/\/www.polycliniqueplus.com\/es\/wp-json\/wp\/v2\/users\/1"}],"replies":[{"embeddable":true,"href":"https:\/\/www.polycliniqueplus.com\/es\/wp-json\/wp\/v2\/comments?post=9513"}],"version-history":[{"count":14,"href":"https:\/\/www.polycliniqueplus.com\/es\/wp-json\/wp\/v2\/pages\/9513\/revisions"}],"predecessor-version":[{"id":33110,"href":"https:\/\/www.polycliniqueplus.com\/es\/wp-json\/wp\/v2\/pages\/9513\/revisions\/33110"}],"wp:featuredmedia":[{"embeddable":true,"href":"https:\/\/www.polycliniqueplus.com\/es\/wp-json\/wp\/v2\/media\/7419"}],"wp:attachment":[{"href":"https:\/\/www.polycliniqueplus.com\/es\/wp-json\/wp\/v2\/media?parent=9513"}],"curies":[{"name":"wp","href":"https:\/\/api.w.org\/{rel}","templated":true}]}}