{"id":9478,"date":"2018-02-05T14:25:58","date_gmt":"2018-02-05T13:25:58","guid":{"rendered":"https:\/\/www.polycliniqueplus.com\/penoplastia-turquia-alargamiento-de-pene-cirugia-genital-masculina\/"},"modified":"2025-12-12T12:40:09","modified_gmt":"2025-12-12T11:40:09","slug":"penoplastia-turquia","status":"publish","type":"page","link":"https:\/\/www.polycliniqueplus.com\/es\/penoplastia-turquia\/","title":{"rendered":"Penoplastia Turqu\u00eda : alargamiento de pene, cirug\u00eda genital masculina"},"content":{"rendered":"\t\t<div data-elementor-type=\"wp-page\" data-elementor-id=\"9478\" class=\"elementor elementor-9478 elementor-1644\" data-elementor-settings=\"{&quot;ha_cmc_init_switcher&quot;:&quot;no&quot;}\">\n\t\t\t\t\t\t<section class=\"elementor-section elementor-top-section elementor-element elementor-element-4540351 elementor-section-boxed elementor-section-height-default elementor-section-height-default\" data-id=\"4540351\" data-element_type=\"section\" data-settings=\"{&quot;_ha_eqh_enable&quot;:false}\">\n\t\t\t\t\t\t<div class=\"elementor-container elementor-column-gap-default\">\n\t\t\t\t\t<div class=\"elementor-column elementor-col-100 elementor-top-column elementor-element elementor-element-0b144b1\" data-id=\"0b144b1\" data-element_type=\"column\">\n\t\t\t<div class=\"elementor-widget-wrap elementor-element-populated\">\n\t\t\t\t\t\t<div class=\"elementor-element elementor-element-b92e82a elementor-widget elementor-widget-text-editor\" data-id=\"b92e82a\" data-element_type=\"widget\" data-widget_type=\"text-editor.default\">\n\t\t\t\t<div class=\"elementor-widget-container\">\n\t\t\t\t\t\t\t<p>La <strong>penoplastia en Turqu\u00eda<\/strong> es la cirug\u00eda est\u00e9tica del pene que permite<strong>aumentar el tama\u00f1o del pene<\/strong> tanto en <strong>di\u00e1metro<\/strong> como en <strong>longitud<\/strong>. La intervenci\u00f3n proporciona entonces al hombre una mayor satisfacci\u00f3n psicol\u00f3gica y sexual.<br \/>Los principales procedimientos realizados son la <strong>penoplastia de aumento<\/strong> y <strong>la penoplastia de alargamiento<\/strong>. El primero aumenta el di\u00e1metro del pene en reposo y durante la erecci\u00f3n, mientras que el segundo aumenta la longitud del pene s\u00f3lo en reposo.<\/p>\n<h2>Tarifas de la penoplastia en Turqu\u00eda<\/h2>\n<p>El <strong>precio de una penoplastia en Turqu\u00eda<\/strong> incluye los honorarios de los cirujanos y el alojamiento del paciente durante varios d\u00edas. Este importe cubre tambi\u00e9n los gastos de traslado a la cl\u00ednica.<\/p>\n\t\t\t\t\t\t<\/div>\n\t\t\t\t<\/div>\n\t\t\t\t\t<\/div>\n\t\t<\/div>\n\t\t\t\t\t<\/div>\n\t\t<\/section>\n\t\t\t\t<section class=\"elementor-section elementor-top-section elementor-element elementor-element-4c96e4d elementor-section-boxed elementor-section-height-default elementor-section-height-default\" data-id=\"4c96e4d\" data-element_type=\"section\" data-settings=\"{&quot;_ha_eqh_enable&quot;:false}\">\n\t\t\t\t\t\t<div class=\"elementor-container elementor-column-gap-default\">\n\t\t\t\t\t<div class=\"elementor-column elementor-col-100 elementor-top-column elementor-element elementor-element-17949fd\" data-id=\"17949fd\" data-element_type=\"column\">\n\t\t\t<div class=\"elementor-widget-wrap elementor-element-populated\">\n\t\t\t\t\t\t<div class=\"elementor-element elementor-element-a6992a1 elementor-widget elementor-widget-text-editor\" data-id=\"a6992a1\" data-element_type=\"widget\" data-widget_type=\"text-editor.default\">\n\t\t\t\t<div class=\"elementor-widget-container\">\n\t\t\t\t\t\t\t<h2>Desarrollo de la operaci\u00f3n de penoplastia<\/h2>\nUna solicitud de <strong>faloplastia en<\/strong> Turqu\u00eda puede ser para agrandar o alargar el pene. Tambi\u00e9n es posible combinar las dos operaciones durante el mismo procedimiento. La elecci\u00f3n de la t\u00e9cnica se discute entre el paciente y el cirujano. Para quienes deseen aumentar el tama\u00f1o de su pene sin cirug\u00eda, existe la posibilidad de una penoplastia m\u00e9dica mediante <a href=\"https:\/\/www.polycliniqueplus.com\/es\/acido-hialuronico-turquia-inyecciones\/\">inyecci\u00f3n de \u00e1cido hialur\u00f3nico<\/a>. Tambi\u00e9n existen otras t\u00e9cnicas quir\u00fargicas como el <strong>lipofilling peneano<\/strong>, tambi\u00e9n conocido como <strong>lipoescultura<\/strong>. El ligamento suspensorio del pene tambi\u00e9n puede cortarse para aumentar la longitud del pene.\t\t\t\t\t\t<\/div>\n\t\t\t\t<\/div>\n\t\t\t\t<div class=\"elementor-element elementor-element-5b15f2b elementor-widget elementor-widget-text-editor\" data-id=\"5b15f2b\" data-element_type=\"widget\" data-widget_type=\"text-editor.default\">\n\t\t\t\t<div class=\"elementor-widget-container\">\n\t\t\t\t\t\t\t<h3>Penoplastia de aumento<\/h3>\nLa penoplastia de aumento puede realizarse mediante <strong>lipoestructura<\/strong>. La lipoestructura peneana consiste en eliminar el exceso de grasa de la cara interna de los muslos, caderas, nalgas, etc., centrifugando la grasa por <strong>liposucci\u00f3n<\/strong>A continuaci\u00f3n, la grasa se inyecta en el pene, sobre todo entre la piel del pene y los cuerpos cavernosos. El procedimiento <strong> <a href=\"https:\/\/www.polycliniqueplus.com\/es\/tratamiento-cicatrices-turquia\/\">no<\/a> deja <a href=\"https:\/\/www.polycliniqueplus.com\/es\/tratamiento-cicatrices-turquia\/\">cicatrices visibles<\/a><\/strong> y permite un aumento armonioso del tama\u00f1o del pene.\n\n\t\t\t\t\t\t<\/div>\n\t\t\t\t<\/div>\n\t\t\t\t<div class=\"elementor-element elementor-element-8cfa0e4 elementor-widget elementor-widget-text-editor\" data-id=\"8cfa0e4\" data-element_type=\"widget\" data-widget_type=\"text-editor.default\">\n\t\t\t\t<div class=\"elementor-widget-container\">\n\t\t\t\t\t\t\tPueden realizarse varias sesiones de <strong>trasplante aut\u00f3logo de pene<\/strong>. El 70% de la grasa trasplantada sobrevive. Por lo tanto, se produce un aumento considerable del pene tanto en reposo como en erecci\u00f3n. Una media de 3 cm de circunferencia tras una sesi\u00f3n de penoplastia de <strong>reinyecci\u00f3n de grasa<\/strong>.\t\t\t\t\t\t<\/div>\n\t\t\t\t<\/div>\n\t\t\t\t\t<\/div>\n\t\t<\/div>\n\t\t\t\t\t<\/div>\n\t\t<\/section>\n\t\t\t\t<section class=\"elementor-section elementor-top-section elementor-element elementor-element-6fc527e elementor-section-boxed elementor-section-height-default elementor-section-height-default\" data-id=\"6fc527e\" data-element_type=\"section\" data-settings=\"{&quot;background_background&quot;:&quot;classic&quot;,&quot;_ha_eqh_enable&quot;:false}\">\n\t\t\t\t\t\t<div class=\"elementor-container elementor-column-gap-default\">\n\t\t\t\t\t<div class=\"elementor-column elementor-col-100 elementor-top-column elementor-element elementor-element-0a8d4c8\" data-id=\"0a8d4c8\" data-element_type=\"column\">\n\t\t\t<div class=\"elementor-widget-wrap elementor-element-populated\">\n\t\t\t\t\t\t<div class=\"elementor-element elementor-element-d28be56 elementor-widget elementor-widget-heading\" data-id=\"d28be56\" data-element_type=\"widget\" data-widget_type=\"heading.default\">\n\t\t\t\t<div class=\"elementor-widget-container\">\n\t\t\t<h4 class=\"elementor-heading-title elementor-size-default\">PRESUPUESTO EN L\u00cdNEA R\u00c1PIDO Y 100% GRATUITO<\/h4>\t\t<\/div>\n\t\t\t\t<\/div>\n\t\t\t\t<div class=\"elementor-element elementor-element-9c39b22 elementor-align-center elementor-widget elementor-widget-button\" data-id=\"9c39b22\" data-element_type=\"widget\" data-widget_type=\"button.default\">\n\t\t\t\t<div class=\"elementor-widget-container\">\n\t\t\t\t\t<div class=\"elementor-button-wrapper\">\n\t\t\t<a class=\"elementor-button elementor-button-link elementor-size-sm\" href=\"https:\/\/www.polycliniqueplus.com\/es\/presupuesto\/\">\n\t\t\t\t\t\t<span class=\"elementor-button-content-wrapper\">\n\t\t\t\t\t\t<span class=\"elementor-button-icon\">\n\t\t\t\t<i aria-hidden=\"true\" class=\"fas fa-arrow-right\"><\/i>\t\t\t<\/span>\n\t\t\t\t\t\t\t\t\t<span class=\"elementor-button-text\">Presupuesto de penoplastia<\/span>\n\t\t\t\t\t<\/span>\n\t\t\t\t\t<\/a>\n\t\t<\/div>\n\t\t\t\t<\/div>\n\t\t\t\t<\/div>\n\t\t\t\t\t<\/div>\n\t\t<\/div>\n\t\t\t\t\t<\/div>\n\t\t<\/section>\n\t\t\t\t<section class=\"elementor-section elementor-top-section elementor-element elementor-element-58236eb elementor-section-boxed elementor-section-height-default elementor-section-height-default\" data-id=\"58236eb\" data-element_type=\"section\" data-settings=\"{&quot;_ha_eqh_enable&quot;:false}\">\n\t\t\t\t\t\t<div class=\"elementor-container elementor-column-gap-default\">\n\t\t\t\t\t<div class=\"elementor-column elementor-col-100 elementor-top-column elementor-element elementor-element-2a6f4e59\" data-id=\"2a6f4e59\" data-element_type=\"column\">\n\t\t\t<div class=\"elementor-widget-wrap elementor-element-populated\">\n\t\t\t\t\t\t<div class=\"elementor-element elementor-element-95f3504 elementor-widget elementor-widget-text-editor\" data-id=\"95f3504\" data-element_type=\"widget\" data-widget_type=\"text-editor.default\">\n\t\t\t\t<div class=\"elementor-widget-container\">\n\t\t\t\t\t\t\t\n<h3>Penoplastia de alargamiento<\/h3>\nUna <strong>faloplastia de alargamiento<\/strong> permite un aumento de la longitud del pene de 3 cm en reposo. No se produce ning\u00fan cambio real en la longitud del pene erecto. No es posible realizar varias sesiones de penoplastia. La <strong>cirug\u00eda<\/strong> de aumento de la longitud del pene puede combinarse con la <strong>cirug\u00eda de alargamiento del pene<\/strong>.\n\nPara aumentar la longitud del pene, se practica una incisi\u00f3n de 4 cm en la base del pene. <strong>La cicatriz quedar\u00e1 oculta en el vello p\u00fabico<\/strong>. A trav\u00e9s de esta incisi\u00f3n, es posible alargar el ligamento suspensorio del pene. La intervenci\u00f3n se realiza con <strong>anestesia local<\/strong> o, a veces, <strong>general<\/strong>.\n<h2>Seguimiento de la penoplastia<\/h2>\nNo son dolorosas. Sin embargo, se sigue notando una ligera hinchaz\u00f3n durante unas semanas.\n\nEl paciente puede mantener relaciones sexuales 3 semanas despu\u00e9s de la operaci\u00f3n.\n<h2>Resultados de la penoplastia<\/h2>\nUn resultado estable de una <strong>operaci\u00f3n de pene<\/strong> s\u00f3lo es posible al cabo de 3 meses. S\u00f3lo despu\u00e9s de este periodo puede el paciente esperar un alargamiento o ensanchamiento \u00f3ptimos.\n\nEl paciente puede esperar un aumento medio de 4 cm en la longitud de su pene en reposo. En cuanto al di\u00e1metro, puede esperar 3 cm m\u00e1s.\t\t\t\t\t\t<\/div>\n\t\t\t\t<\/div>\n\t\t\t\t\t<\/div>\n\t\t<\/div>\n\t\t\t\t\t<\/div>\n\t\t<\/section>\n\t\t\t\t<\/div>\n\t\t","protected":false},"excerpt":{"rendered":"<p>La penoplastia en Turqu\u00eda es la cirug\u00eda est\u00e9tica del pene que permiteaumentar el tama\u00f1o del pene tanto en di\u00e1metro como en longitud. La intervenci\u00f3n proporciona entonces al hombre una mayor satisfacci\u00f3n psicol\u00f3gica y sexual.Los principales procedimientos realizados son la penoplastia de aumento y la penoplastia de alargamiento. El primero aumenta el di\u00e1metro del pene en [&hellip;]<\/p>\n","protected":false},"author":2,"featured_media":0,"parent":0,"menu_order":0,"comment_status":"closed","ping_status":"closed","template":"","meta":{"footnotes":""},"class_list":["post-9478","page","type-page","status-publish","hentry"],"yoast_head":"<!-- This site is optimized with the Yoast SEO plugin v27.3 - https:\/\/yoast.com\/product\/yoast-seo-wordpress\/ -->\n<title>Penoplastia Turqu\u00eda : Precios cirug\u00eda masculina, Alargamiento de pene<\/title>\n<meta name=\"description\" content=\"Penoplastia Turqu\u00eda: cirug\u00eda \u00edntima para hombres realizada por los mejores cirujanos est\u00e9ticos de T\u00fanez, la faloplastia consiste en aumentar el tama\u00f1o y\/o la anchura del pene.\" \/>\n<meta name=\"robots\" content=\"index, follow, max-snippet:-1, max-image-preview:large, max-video-preview:-1\" \/>\n<link rel=\"canonical\" href=\"https:\/\/www.polycliniqueplus.com\/es\/penoplastia-turquia\/\" \/>\n<meta property=\"og:locale\" content=\"es_ES\" \/>\n<meta property=\"og:type\" content=\"article\" \/>\n<meta property=\"og:title\" content=\"Penoplastia Turqu\u00eda : Precios cirug\u00eda masculina, Alargamiento de pene\" \/>\n<meta property=\"og:description\" content=\"Penoplastia Turqu\u00eda: cirug\u00eda \u00edntima para hombres realizada por los mejores cirujanos est\u00e9ticos de T\u00fanez, la faloplastia consiste en aumentar el tama\u00f1o y\/o la anchura del pene.\" \/>\n<meta property=\"og:url\" content=\"https:\/\/www.polycliniqueplus.com\/es\/penoplastia-turquia\/\" \/>\n<meta property=\"og:site_name\" content=\"Chirurgie esthetique Turquie : Prix interventions meilleures cliniques Istanbul\" \/>\n<meta property=\"article:publisher\" content=\"https:\/\/www.facebook.com\/polycliniqueplus\" \/>\n<meta property=\"article:modified_time\" content=\"2025-12-12T11:40:09+00:00\" \/>\n<meta property=\"og:image\" content=\"https:\/\/www.polycliniqueplus.com\/wp-content\/uploads\/2021\/02\/interventions-de-chirurgie-plastique.jpg\" \/>\n\t<meta property=\"og:image:width\" content=\"574\" \/>\n\t<meta property=\"og:image:height\" content=\"586\" \/>\n\t<meta property=\"og:image:type\" content=\"image\/jpeg\" \/>\n<meta name=\"twitter:card\" content=\"summary_large_image\" \/>\n<meta name=\"twitter:site\" content=\"@polyclinique1\" \/>\n<meta name=\"twitter:label1\" content=\"Tiempo de lectura\" \/>\n\t<meta name=\"twitter:data1\" content=\"3 minutos\" \/>\n<script type=\"application\/ld+json\" class=\"yoast-schema-graph\">{\"@context\":\"https:\\\/\\\/schema.org\",\"@graph\":[{\"@type\":\"WebPage\",\"@id\":\"https:\\\/\\\/www.polycliniqueplus.com\\\/es\\\/penoplastia-turquia\\\/\",\"url\":\"https:\\\/\\\/www.polycliniqueplus.com\\\/es\\\/penoplastia-turquia\\\/\",\"name\":\"Penoplastia Turqu\u00eda : Precios cirug\u00eda masculina, Alargamiento de pene\",\"isPartOf\":{\"@id\":\"https:\\\/\\\/www.polycliniqueplus.com\\\/es\\\/#website\"},\"datePublished\":\"2018-02-05T13:25:58+00:00\",\"dateModified\":\"2025-12-12T11:40:09+00:00\",\"description\":\"Penoplastia Turqu\u00eda: cirug\u00eda \u00edntima para hombres realizada por los mejores cirujanos est\u00e9ticos de T\u00fanez, la faloplastia consiste en aumentar el tama\u00f1o y\\\/o la anchura del pene.\",\"breadcrumb\":{\"@id\":\"https:\\\/\\\/www.polycliniqueplus.com\\\/es\\\/penoplastia-turquia\\\/#breadcrumb\"},\"inLanguage\":\"es\",\"potentialAction\":[{\"@type\":\"ReadAction\",\"target\":[\"https:\\\/\\\/www.polycliniqueplus.com\\\/es\\\/penoplastia-turquia\\\/\"]}]},{\"@type\":\"BreadcrumbList\",\"@id\":\"https:\\\/\\\/www.polycliniqueplus.com\\\/es\\\/penoplastia-turquia\\\/#breadcrumb\",\"itemListElement\":[{\"@type\":\"ListItem\",\"position\":1,\"name\":\"Accueil\",\"item\":\"https:\\\/\\\/www.polycliniqueplus.com\\\/es\\\/\"},{\"@type\":\"ListItem\",\"position\":2,\"name\":\"Penoplastia Turqu\u00eda : alargamiento de pene, cirug\u00eda genital masculina\"}]},{\"@type\":\"WebSite\",\"@id\":\"https:\\\/\\\/www.polycliniqueplus.com\\\/es\\\/#website\",\"url\":\"https:\\\/\\\/www.polycliniqueplus.com\\\/es\\\/\",\"name\":\"Chirurgie esthetique Turquie : Prix interventions meilleures cliniques Istanbul\",\"description\":\"Chirurgie esthetique Turquie prix pas cher\",\"publisher\":{\"@id\":\"https:\\\/\\\/www.polycliniqueplus.com\\\/es\\\/#organization\"},\"potentialAction\":[{\"@type\":\"SearchAction\",\"target\":{\"@type\":\"EntryPoint\",\"urlTemplate\":\"https:\\\/\\\/www.polycliniqueplus.com\\\/es\\\/?s={search_term_string}\"},\"query-input\":{\"@type\":\"PropertyValueSpecification\",\"valueRequired\":true,\"valueName\":\"search_term_string\"}}],\"inLanguage\":\"es\"},{\"@type\":\"Organization\",\"@id\":\"https:\\\/\\\/www.polycliniqueplus.com\\\/es\\\/#organization\",\"name\":\"Polycliniqueplus chirurgie esthetique Turquie\",\"url\":\"https:\\\/\\\/www.polycliniqueplus.com\\\/es\\\/\",\"logo\":{\"@type\":\"ImageObject\",\"inLanguage\":\"es\",\"@id\":\"https:\\\/\\\/www.polycliniqueplus.com\\\/es\\\/#\\\/schema\\\/logo\\\/image\\\/\",\"url\":\"https:\\\/\\\/www.polycliniqueplus.com\\\/wp-content\\\/uploads\\\/2021\\\/03\\\/cropped-add-box-fill.png\",\"contentUrl\":\"https:\\\/\\\/www.polycliniqueplus.com\\\/wp-content\\\/uploads\\\/2021\\\/03\\\/cropped-add-box-fill.png\",\"width\":512,\"height\":512,\"caption\":\"Polycliniqueplus chirurgie esthetique Turquie\"},\"image\":{\"@id\":\"https:\\\/\\\/www.polycliniqueplus.com\\\/es\\\/#\\\/schema\\\/logo\\\/image\\\/\"},\"sameAs\":[\"https:\\\/\\\/www.facebook.com\\\/polycliniqueplus\",\"https:\\\/\\\/x.com\\\/polyclinique1\",\"https:\\\/\\\/www.youtube.com\\\/channel\\\/UCAnK3TORJqflIuYGFa-JQDw\"]}]}<\/script>\n<!-- \/ Yoast SEO plugin. -->","yoast_head_json":{"title":"Penoplastia Turqu\u00eda : Precios cirug\u00eda masculina, Alargamiento de pene","description":"Penoplastia Turqu\u00eda: cirug\u00eda \u00edntima para hombres realizada por los mejores cirujanos est\u00e9ticos de T\u00fanez, la faloplastia consiste en aumentar el tama\u00f1o y\/o la anchura del pene.","robots":{"index":"index","follow":"follow","max-snippet":"max-snippet:-1","max-image-preview":"max-image-preview:large","max-video-preview":"max-video-preview:-1"},"canonical":"https:\/\/www.polycliniqueplus.com\/es\/penoplastia-turquia\/","og_locale":"es_ES","og_type":"article","og_title":"Penoplastia Turqu\u00eda : Precios cirug\u00eda masculina, Alargamiento de pene","og_description":"Penoplastia Turqu\u00eda: cirug\u00eda \u00edntima para hombres realizada por los mejores cirujanos est\u00e9ticos de T\u00fanez, la faloplastia consiste en aumentar el tama\u00f1o y\/o la anchura del pene.","og_url":"https:\/\/www.polycliniqueplus.com\/es\/penoplastia-turquia\/","og_site_name":"Chirurgie esthetique Turquie : Prix interventions meilleures cliniques Istanbul","article_publisher":"https:\/\/www.facebook.com\/polycliniqueplus","article_modified_time":"2025-12-12T11:40:09+00:00","og_image":[{"width":574,"height":586,"url":"https:\/\/www.polycliniqueplus.com\/wp-content\/uploads\/2021\/02\/interventions-de-chirurgie-plastique.jpg","type":"image\/jpeg"}],"twitter_card":"summary_large_image","twitter_site":"@polyclinique1","twitter_misc":{"Tiempo de lectura":"3 minutos"},"schema":{"@context":"https:\/\/schema.org","@graph":[{"@type":"WebPage","@id":"https:\/\/www.polycliniqueplus.com\/es\/penoplastia-turquia\/","url":"https:\/\/www.polycliniqueplus.com\/es\/penoplastia-turquia\/","name":"Penoplastia Turqu\u00eda : Precios cirug\u00eda masculina, Alargamiento de pene","isPartOf":{"@id":"https:\/\/www.polycliniqueplus.com\/es\/#website"},"datePublished":"2018-02-05T13:25:58+00:00","dateModified":"2025-12-12T11:40:09+00:00","description":"Penoplastia Turqu\u00eda: cirug\u00eda \u00edntima para hombres realizada por los mejores cirujanos est\u00e9ticos de T\u00fanez, la faloplastia consiste en aumentar el tama\u00f1o y\/o la anchura del pene.","breadcrumb":{"@id":"https:\/\/www.polycliniqueplus.com\/es\/penoplastia-turquia\/#breadcrumb"},"inLanguage":"es","potentialAction":[{"@type":"ReadAction","target":["https:\/\/www.polycliniqueplus.com\/es\/penoplastia-turquia\/"]}]},{"@type":"BreadcrumbList","@id":"https:\/\/www.polycliniqueplus.com\/es\/penoplastia-turquia\/#breadcrumb","itemListElement":[{"@type":"ListItem","position":1,"name":"Accueil","item":"https:\/\/www.polycliniqueplus.com\/es\/"},{"@type":"ListItem","position":2,"name":"Penoplastia Turqu\u00eda : alargamiento de pene, cirug\u00eda genital masculina"}]},{"@type":"WebSite","@id":"https:\/\/www.polycliniqueplus.com\/es\/#website","url":"https:\/\/www.polycliniqueplus.com\/es\/","name":"Chirurgie esthetique Turquie : Prix interventions meilleures cliniques Istanbul","description":"Chirurgie esthetique Turquie prix pas cher","publisher":{"@id":"https:\/\/www.polycliniqueplus.com\/es\/#organization"},"potentialAction":[{"@type":"SearchAction","target":{"@type":"EntryPoint","urlTemplate":"https:\/\/www.polycliniqueplus.com\/es\/?s={search_term_string}"},"query-input":{"@type":"PropertyValueSpecification","valueRequired":true,"valueName":"search_term_string"}}],"inLanguage":"es"},{"@type":"Organization","@id":"https:\/\/www.polycliniqueplus.com\/es\/#organization","name":"Polycliniqueplus chirurgie esthetique Turquie","url":"https:\/\/www.polycliniqueplus.com\/es\/","logo":{"@type":"ImageObject","inLanguage":"es","@id":"https:\/\/www.polycliniqueplus.com\/es\/#\/schema\/logo\/image\/","url":"https:\/\/www.polycliniqueplus.com\/wp-content\/uploads\/2021\/03\/cropped-add-box-fill.png","contentUrl":"https:\/\/www.polycliniqueplus.com\/wp-content\/uploads\/2021\/03\/cropped-add-box-fill.png","width":512,"height":512,"caption":"Polycliniqueplus chirurgie esthetique Turquie"},"image":{"@id":"https:\/\/www.polycliniqueplus.com\/es\/#\/schema\/logo\/image\/"},"sameAs":["https:\/\/www.facebook.com\/polycliniqueplus","https:\/\/x.com\/polyclinique1","https:\/\/www.youtube.com\/channel\/UCAnK3TORJqflIuYGFa-JQDw"]}]}},"_links":{"self":[{"href":"https:\/\/www.polycliniqueplus.com\/es\/wp-json\/wp\/v2\/pages\/9478","targetHints":{"allow":["GET"]}}],"collection":[{"href":"https:\/\/www.polycliniqueplus.com\/es\/wp-json\/wp\/v2\/pages"}],"about":[{"href":"https:\/\/www.polycliniqueplus.com\/es\/wp-json\/wp\/v2\/types\/page"}],"author":[{"embeddable":true,"href":"https:\/\/www.polycliniqueplus.com\/es\/wp-json\/wp\/v2\/users\/2"}],"replies":[{"embeddable":true,"href":"https:\/\/www.polycliniqueplus.com\/es\/wp-json\/wp\/v2\/comments?post=9478"}],"version-history":[{"count":8,"href":"https:\/\/www.polycliniqueplus.com\/es\/wp-json\/wp\/v2\/pages\/9478\/revisions"}],"predecessor-version":[{"id":33003,"href":"https:\/\/www.polycliniqueplus.com\/es\/wp-json\/wp\/v2\/pages\/9478\/revisions\/33003"}],"wp:attachment":[{"href":"https:\/\/www.polycliniqueplus.com\/es\/wp-json\/wp\/v2\/media?parent=9478"}],"curies":[{"name":"wp","href":"https:\/\/api.w.org\/{rel}","templated":true}]}}