{"id":9358,"date":"2018-06-12T12:32:17","date_gmt":"2018-06-12T10:32:17","guid":{"rendered":"https:\/\/www.polycliniqueplus.com\/ultherapy-turquia-lifting-facial-y-de-cuello-no-invasivo\/"},"modified":"2025-12-12T12:44:09","modified_gmt":"2025-12-12T11:44:09","slug":"ultherapy-turquia","status":"publish","type":"page","link":"https:\/\/www.polycliniqueplus.com\/es\/ultherapy-turquia\/","title":{"rendered":"Ultherapy Turqu\u00eda: lifting facial y de cuello no invasivo"},"content":{"rendered":"<div data-elementor-type=\"wp-page\" data-elementor-id=\"9358\" class=\"elementor elementor-9358 elementor-2052\" data-elementor-settings=\"{&quot;ha_cmc_init_switcher&quot;:&quot;no&quot;}\">\n\t\t\t\t\t\t<section class=\"elementor-section elementor-top-section elementor-element elementor-element-c2cdb68 elementor-section-content-middle elementor-section-boxed elementor-section-height-default elementor-section-height-default\" data-id=\"c2cdb68\" data-element_type=\"section\" data-settings=\"{&quot;_ha_eqh_enable&quot;:false}\">\n\t\t\t\t\t\t<div class=\"elementor-container elementor-column-gap-default\">\n\t\t\t\t\t<div class=\"elementor-column elementor-col-50 elementor-top-column elementor-element elementor-element-35de45a\" data-id=\"35de45a\" data-element_type=\"column\">\n\t\t\t<div class=\"elementor-widget-wrap elementor-element-populated\">\n\t\t\t\t\t\t<div class=\"elementor-element elementor-element-e82e319 elementor-widget elementor-widget-text-editor\" data-id=\"e82e319\" data-element_type=\"widget\" data-widget_type=\"text-editor.default\">\n\t\t\t\t<div class=\"elementor-widget-container\">\n\t\t\t\t\t\t\tUltherapy es un tratamiento no quir\u00fargico con ultrasonidos que contrarresta los efectos de la gravedad sobre la piel. <strong>Ultherapy <\/strong> utiliza la respuesta regenerativa del propio cuerpo para levantar suave y gradualmente la piel del entrecejo, debajo de la barbilla y el cuello, y suavizar las l\u00edneas y arrugas del escote.\n<h2>Precio de un tratamiento de ultherapy en Turqu\u00eda<\/h2>\nEl coste de Ultherapy puede variar en funci\u00f3n de la zona tratada y de las pr\u00e1cticas individuales de los m\u00e9dicos. Dado que el tratamiento es personalizado, para obtener el precio m\u00e1s exacto, lo mejor es <strong>solicitar un presupuesto gratuito en l\u00ednea<\/strong>.\t\t\t\t\t\t<\/div>\n\t\t\t\t<\/div>\n\t\t\t\t\t<\/div>\n\t\t<\/div>\n\t\t\t\t<div class=\"elementor-column elementor-col-50 elementor-top-column elementor-element elementor-element-a147f2a\" data-id=\"a147f2a\" data-element_type=\"column\">\n\t\t\t<div class=\"elementor-widget-wrap elementor-element-populated\">\n\t\t\t\t\t\t<div class=\"elementor-element elementor-element-a4f0106 elementor-widget elementor-widget-image\" data-id=\"a4f0106\" data-element_type=\"widget\" data-widget_type=\"image.default\">\n\t\t\t\t<div class=\"elementor-widget-container\">\n\t\t\t\t\t\t\t\t\t\t\t\t\t<noscript><img fetchpriority=\"high\" decoding=\"async\" width=\"574\" height=\"586\" src=\"https:\/\/www.polycliniqueplus.com\/wp-content\/uploads\/2021\/03\/Neck-Ultherapy_BHRC.jpg\" class=\"attachment-large size-large wp-image-7521\" alt srcset=\"https:\/\/www.polycliniqueplus.com\/wp-content\/uploads\/2021\/03\/Neck-Ultherapy_BHRC.jpg 574w, https:\/\/www.polycliniqueplus.com\/wp-content\/uploads\/2021\/03\/Neck-Ultherapy_BHRC-294x300.jpg 294w\" sizes=\"(max-width: 574px) 100vw, 574px\"><\/noscript><img fetchpriority=\"high\" decoding=\"async\" width=\"574\" height=\"586\" src=\"data:image\/svg+xml,%3Csvg%20xmlns%3D%22http%3A%2F%2Fwww.w3.org%2F2000%2Fsvg%22%20viewBox%3D%220%200%20574%20586%22%3E%3C%2Fsvg%3E\" class=\"attachment-large size-large wp-image-7521 lazyload\" alt srcset=\"data:image\/svg+xml,%3Csvg%20xmlns%3D%22http%3A%2F%2Fwww.w3.org%2F2000%2Fsvg%22%20viewBox%3D%220%200%20574%20586%22%3E%3C%2Fsvg%3E 574w\" sizes=\"(max-width: 574px) 100vw, 574px\" data-srcset=\"https:\/\/www.polycliniqueplus.com\/wp-content\/uploads\/2021\/03\/Neck-Ultherapy_BHRC.jpg 574w, https:\/\/www.polycliniqueplus.com\/wp-content\/uploads\/2021\/03\/Neck-Ultherapy_BHRC-294x300.jpg 294w\" data-src=\"https:\/\/www.polycliniqueplus.com\/wp-content\/uploads\/2021\/03\/Neck-Ultherapy_BHRC.jpg\">\t\t\t\t\t\t\t\t\t\t\t\t\t<\/div>\n\t\t\t\t<\/div>\n\t\t\t\t\t<\/div>\n\t\t<\/div>\n\t\t\t\t\t<\/div>\n\t\t<\/section>\n\t\t\t\t<section class=\"elementor-section elementor-top-section elementor-element elementor-element-e7efd72 elementor-section-boxed elementor-section-height-default elementor-section-height-default\" data-id=\"e7efd72\" data-element_type=\"section\" data-settings=\"{&quot;_ha_eqh_enable&quot;:false}\">\n\t\t\t\t\t\t<div class=\"elementor-container elementor-column-gap-default\">\n\t\t\t\t\t<div class=\"elementor-column elementor-col-100 elementor-top-column elementor-element elementor-element-07c68c5\" data-id=\"07c68c5\" data-element_type=\"column\">\n\t\t\t<div class=\"elementor-widget-wrap elementor-element-populated\">\n\t\t\t\t\t\t<div class=\"elementor-element elementor-element-8de570d elementor-widget elementor-widget-text-editor\" data-id=\"8de570d\" data-element_type=\"widget\" data-widget_type=\"text-editor.default\">\n\t\t\t\t<div class=\"elementor-widget-container\">\n\t\t\t\t\t\t\t<h2>Desarrollo de una sesi\u00f3n de Ultherapy<\/h2>\nGracias a la pantalla de ultrasonidos, podemos ver el tejido y el hueso que hay bajo la piel, lo que nos permite elegir el nivel de energ\u00eda adecuado. Durante el tratamiento, sentir\u00e1 que se depositan peque\u00f1as cantidades de energ\u00eda a profundidades espec\u00edficas, lo que indica que se ha iniciado el proceso de formaci\u00f3n de col\u00e1geno. Un procedimiento de cara y cuello suele durar entre 60 y 90 minutos, mientras que un tratamiento de pecho puede durar unos 30 minutos.\n\t\t\t\t\t\t<\/div>\n\t\t\t\t<\/div>\n\t\t\t\t<div class=\"elementor-element elementor-element-bc3172e elementor-widget elementor-widget-text-editor\" data-id=\"bc3172e\" data-element_type=\"widget\" data-widget_type=\"text-editor.default\">\n\t\t\t\t<div class=\"elementor-widget-container\">\n\t\t\t\t\t\t\t<h2>Cuidados postoperatorios<\/h2>\nUltherapy no requiere tiempo de inactividad. Inmediatamente despu\u00e9s del tratamiento puede aparecer enrojecimiento, pero \u00e9ste deber\u00eda desaparecer al cabo de unas horas. Algunos pacientes pueden experimentar hematomas leves, hinchaz\u00f3n, hormigueo o sensibilidad, pero estos efectos secundarios son temporales. Los efectos postoperatorios menos frecuentes pueden incluir hematomas o entumecimiento en peque\u00f1as zonas de la piel.\t\t\t\t\t\t<\/div>\n\t\t\t\t<\/div>\n\t\t\t\t\t<\/div>\n\t\t<\/div>\n\t\t\t\t\t<\/div>\n\t\t<\/section>\n\t\t\t\t<section class=\"elementor-section elementor-top-section elementor-element elementor-element-688f9ac elementor-section-boxed elementor-section-height-default elementor-section-height-default\" data-id=\"688f9ac\" data-element_type=\"section\" data-settings=\"{&quot;background_background&quot;:&quot;classic&quot;,&quot;_ha_eqh_enable&quot;:false}\">\n\t\t\t\t\t\t<div class=\"elementor-container elementor-column-gap-default\">\n\t\t\t\t\t<div class=\"elementor-column elementor-col-100 elementor-top-column elementor-element elementor-element-3c04df6\" data-id=\"3c04df6\" data-element_type=\"column\">\n\t\t\t<div class=\"elementor-widget-wrap elementor-element-populated\">\n\t\t\t\t\t\t<div class=\"elementor-element elementor-element-4dd6623 elementor-widget elementor-widget-heading\" data-id=\"4dd6623\" data-element_type=\"widget\" data-widget_type=\"heading.default\">\n\t\t\t\t<div class=\"elementor-widget-container\">\n\t\t\t<h4 class=\"elementor-heading-title elementor-size-default\">PRESUPUESTO EN L\u00cdNEA R\u00c1PIDO Y 100% GRATUITO<\/h4>\t\t<\/div>\n\t\t\t\t<\/div>\n\t\t\t\t<div class=\"elementor-element elementor-element-fdabd7d elementor-align-center elementor-widget elementor-widget-button\" data-id=\"fdabd7d\" data-element_type=\"widget\" data-widget_type=\"button.default\">\n\t\t\t\t<div class=\"elementor-widget-container\">\n\t\t\t\t\t<div class=\"elementor-button-wrapper\">\n\t\t\t<a class=\"elementor-button elementor-button-link elementor-size-sm\" href=\"https:\/\/www.polycliniqueplus.com\/es\/presupuesto\/\">\n\t\t\t\t\t\t<span class=\"elementor-button-content-wrapper\">\n\t\t\t\t\t\t<span class=\"elementor-button-icon\">\n\t\t\t\t<i aria-hidden=\"true\" class=\"fas fa-arrow-right\"><\/i>\t\t\t<\/span>\n\t\t\t\t\t\t\t\t\t<span class=\"elementor-button-text\">Presupuesto Ultherapy<\/span>\n\t\t\t\t\t<\/span>\n\t\t\t\t\t<\/a>\n\t\t<\/div>\n\t\t\t\t<\/div>\n\t\t\t\t<\/div>\n\t\t\t\t\t<\/div>\n\t\t<\/div>\n\t\t\t\t\t<\/div>\n\t\t<\/section>\n\t\t\t\t<section class=\"elementor-section elementor-top-section elementor-element elementor-element-0ae5cbe elementor-section-boxed elementor-section-height-default elementor-section-height-default\" data-id=\"0ae5cbe\" data-element_type=\"section\" data-settings=\"{&quot;_ha_eqh_enable&quot;:false}\">\n\t\t\t\t\t\t<div class=\"elementor-container elementor-column-gap-default\">\n\t\t\t\t\t<div class=\"elementor-column elementor-col-66 elementor-top-column elementor-element elementor-element-110a614\" data-id=\"110a614\" data-element_type=\"column\">\n\t\t\t<div class=\"elementor-widget-wrap elementor-element-populated\">\n\t\t\t\t\t\t<div class=\"elementor-element elementor-element-a5ea53e elementor-widget elementor-widget-text-editor\" data-id=\"a5ea53e\" data-element_type=\"widget\" data-widget_type=\"text-editor.default\">\n\t\t\t\t<div class=\"elementor-widget-container\">\n\t\t\t\t\t\t\t<h2>Los resultados<\/h2>\nTras el tratamiento con Ultherapy, es posible que observe un efecto inicial, pero los resultados definitivos tardar\u00e1n entre 2 y 3 meses, ya que el cuerpo regenera el col\u00e1geno de forma natural. Puesto que el procedimiento estimula su propia producci\u00f3n de col\u00e1geno.\n\n\t\t\t\t\t\t<\/div>\n\t\t\t\t<\/div>\n\t\t\t\t<div class=\"elementor-element elementor-element-a5b3edd elementor-widget elementor-widget-text-editor\" data-id=\"a5b3edd\" data-element_type=\"widget\" data-widget_type=\"text-editor.default\">\n\t\t\t\t<div class=\"elementor-widget-container\">\n\t\t\t\t\t\t\tEl tratamiento produce nuevo col\u00e1geno en el interior, pero su proceso natural de envejecimiento dictar\u00e1 cu\u00e1nto tiempo se traduce en resultados visibles en el exterior.\t\t\t\t\t\t<\/div>\n\t\t\t\t<\/div>\n\t\t\t\t\t<\/div>\n\t\t<\/div>\n\t\t\t\t<div class=\"elementor-column elementor-col-33 elementor-top-column elementor-element elementor-element-4c93550\" data-id=\"4c93550\" data-element_type=\"column\">\n\t\t\t<div class=\"elementor-widget-wrap elementor-element-populated\">\n\t\t\t\t\t\t<div class=\"elementor-element elementor-element-d537d4a elementor-widget elementor-widget-text-editor\" data-id=\"d537d4a\" data-element_type=\"widget\" data-widget_type=\"text-editor.default\">\n\t\t\t\t<div class=\"elementor-widget-container\">\n\t\t\t\t\t\t\t<a href=\"https:\/\/www.polycliniqueplus.com\/wp-content\/uploads\/2018\/06\/ultherapy.jpg\"><noscript><img decoding=\"async\" class=\"aligncenter wp-image-2059\" src=\"https:\/\/www.polycliniqueplus.com\/wp-content\/uploads\/2018\/06\/ultherapy.jpg\" alt width=\"480\" height=\"246\" srcset=\"https:\/\/www.polycliniqueplus.com\/wp-content\/uploads\/2018\/06\/ultherapy.jpg 786w, https:\/\/www.polycliniqueplus.com\/wp-content\/uploads\/2018\/06\/ultherapy-300x154.jpg 300w, https:\/\/www.polycliniqueplus.com\/wp-content\/uploads\/2018\/06\/ultherapy-768x394.jpg 768w\" sizes=\"(max-width: 480px) 100vw, 480px\"><\/noscript><img decoding=\"async\" class=\"aligncenter wp-image-2059 lazyload\" src=\"data:image\/svg+xml,%3Csvg%20xmlns%3D%22http%3A%2F%2Fwww.w3.org%2F2000%2Fsvg%22%20viewBox%3D%220%200%20480%20246%22%3E%3C%2Fsvg%3E\" alt width=\"480\" height=\"246\" data-src=\"https:\/\/www.polycliniqueplus.com\/wp-content\/uploads\/2018\/06\/ultherapy.jpg\"><\/a>\t\t\t\t\t\t<\/div>\n\t\t\t\t<\/div>\n\t\t\t\t\t<\/div>\n\t\t<\/div>\n\t\t\t\t\t<\/div>\n\t\t<\/section>\n\t\t\t\t<section class=\"elementor-section elementor-top-section elementor-element elementor-element-66bb2edd elementor-section-boxed elementor-section-height-default elementor-section-height-default\" data-id=\"66bb2edd\" data-element_type=\"section\" data-settings=\"{&quot;_ha_eqh_enable&quot;:false}\">\n\t\t\t\t\t\t<div class=\"elementor-container elementor-column-gap-default\">\n\t\t\t\t\t<div class=\"elementor-column elementor-col-100 elementor-top-column elementor-element elementor-element-37f9b1c\" data-id=\"37f9b1c\" data-element_type=\"column\">\n\t\t\t<div class=\"elementor-widget-wrap elementor-element-populated\">\n\t\t\t\t\t\t<div class=\"elementor-element elementor-element-15d7094d elementor-widget elementor-widget-text-editor\" data-id=\"15d7094d\" data-element_type=\"widget\" data-widget_type=\"text-editor.default\">\n\t\t\t\t<div class=\"elementor-widget-container\">\n\t\t\t\t\t\t\t\n<h2>Ultherapy FAQ<\/h2>\n<h3>\u00bfPuede la ulterapia sustituir a un lifting facial?<\/h3>\nUltherapy trata la capa fundamental abordada en la cirug\u00eda est\u00e9tica, pero no tiene los mismos resultados que un lifting facial. Ultherapy es una alternativa excelente, especialmente para quienes no est\u00e1n preparados para la cirug\u00eda o para pacientes que buscan prolongar los efectos de la cirug\u00eda est\u00e9tica.\n<h3>\u00bfEn qu\u00e9 se diferencia Ultherapy de los tratamientos con l\u00e1ser?<\/h3>\nUltherapy utiliza energ\u00eda sonora, un ultrasonido de eficacia probada, que posee propiedades \u00fanicas que le permiten traspasar la superficie de la piel para tratar profundidades que no son posibles con ning\u00fan otro dispositivo est\u00e9tico no invasivo. La ultraterapia estimula la producci\u00f3n de col\u00e1geno en la base de la piel, lo que se traduce en un aumento cl\u00ednicamente significativo del tejido en un periodo de 2-3 meses.\n\nLos l\u00e1seres se basan en la energ\u00eda luminosa, que no puede llegar a las capas m\u00e1s profundas de la piel a una temperatura \u00f3ptima. As\u00ed pues, los tratamientos con l\u00e1ser suelen tratar s\u00f3lo la piel superficial y no est\u00e1n aprobados para levantar la piel.\n\nDado que ambas tecnolog\u00edas suelen tratar distintos tipos de problemas cut\u00e1neos, son de hecho muy compatibles.\n<h3>\u00bfQu\u00e9 aspecto tiene Ultherapy?<\/h3>\nA medida que se aplica la energ\u00eda ultras\u00f3nica, sentir\u00e1 c\u00f3mo se depositan peque\u00f1as cantidades de energ\u00eda a profundidades espec\u00edficas, lo que indica que ha comenzado el proceso de formaci\u00f3n de col\u00e1geno. Los niveles de confort var\u00edan de una persona a otra, pero la sensaci\u00f3n s\u00f3lo dura mientras se administra la energ\u00eda de los ultrasonidos.\t\t\t\t\t\t<\/div>\n\t\t\t\t<\/div>\n\t\t\t\t\t<\/div>\n\t\t<\/div>\n\t\t\t\t\t<\/div>\n\t\t<\/section>\n\t\t\t\t<\/div>\n\t\t","protected":false},"excerpt":{"rendered":"<p>Ultherapy es un tratamiento no quir\u00fargico con ultrasonidos que contrarresta los efectos de la gravedad sobre la piel. Ultherapy utiliza la respuesta regenerativa del propio cuerpo para levantar suave y gradualmente la piel del entrecejo, debajo de la barbilla y el cuello, y suavizar las l\u00edneas y arrugas del escote. Precio de un tratamiento de [&hellip;]<\/p>\n","protected":false},"author":2,"featured_media":7344,"parent":0,"menu_order":0,"comment_status":"closed","ping_status":"closed","template":"","meta":{"footnotes":""},"class_list":["post-9358","page","type-page","status-publish","has-post-thumbnail","hentry"],"yoast_head":"<!-- This site is optimized with the Yoast SEO plugin v27.3 - https:\/\/yoast.com\/product\/yoast-seo-wordpress\/ -->\n<title>Ultherapy Turqu\u00eda Lifting facial y de cuello no invasivo precio<\/title>\n<meta name=\"description\" content=\"Ultherapy Turqu\u00eda: un tratamiento no invasivo que tensa la piel para redefinir el \u00f3valo facial y corregir la flacidez sin cirug\u00eda.\" \/>\n<meta name=\"robots\" content=\"index, follow, max-snippet:-1, max-image-preview:large, max-video-preview:-1\" \/>\n<link rel=\"canonical\" href=\"https:\/\/www.polycliniqueplus.com\/es\/ultherapy-turquia\/\" \/>\n<meta property=\"og:locale\" content=\"es_ES\" \/>\n<meta property=\"og:type\" content=\"article\" \/>\n<meta property=\"og:title\" content=\"Ultherapy Turqu\u00eda Lifting facial y de cuello no invasivo precio\" \/>\n<meta property=\"og:description\" content=\"Ultherapy Turqu\u00eda: un tratamiento no invasivo que tensa la piel para redefinir el \u00f3valo facial y corregir la flacidez sin cirug\u00eda.\" \/>\n<meta property=\"og:url\" content=\"https:\/\/www.polycliniqueplus.com\/es\/ultherapy-turquia\/\" \/>\n<meta property=\"og:site_name\" content=\"Chirurgie esthetique Turquie : Prix interventions meilleures cliniques Istanbul\" \/>\n<meta property=\"article:publisher\" content=\"https:\/\/www.facebook.com\/polycliniqueplus\" \/>\n<meta property=\"article:modified_time\" content=\"2025-12-12T11:44:09+00:00\" \/>\n<meta property=\"og:image\" content=\"https:\/\/www.polycliniqueplus.com\/wp-content\/uploads\/2018\/06\/Neck-Ultherapy-BHRC.jpg\" \/>\n\t<meta property=\"og:image:width\" content=\"1750\" \/>\n\t<meta property=\"og:image:height\" content=\"625\" \/>\n\t<meta property=\"og:image:type\" content=\"image\/jpeg\" \/>\n<meta name=\"twitter:card\" content=\"summary_large_image\" \/>\n<meta name=\"twitter:site\" content=\"@polyclinique1\" \/>\n<meta name=\"twitter:label1\" content=\"Tiempo de lectura\" \/>\n\t<meta name=\"twitter:data1\" content=\"3 minutos\" \/>\n<script type=\"application\/ld+json\" class=\"yoast-schema-graph\">{\"@context\":\"https:\\\/\\\/schema.org\",\"@graph\":[{\"@type\":\"WebPage\",\"@id\":\"https:\\\/\\\/www.polycliniqueplus.com\\\/es\\\/ultherapy-turquia\\\/\",\"url\":\"https:\\\/\\\/www.polycliniqueplus.com\\\/es\\\/ultherapy-turquia\\\/\",\"name\":\"Ultherapy Turqu\u00eda Lifting facial y de cuello no invasivo precio\",\"isPartOf\":{\"@id\":\"https:\\\/\\\/www.polycliniqueplus.com\\\/es\\\/#website\"},\"primaryImageOfPage\":{\"@id\":\"https:\\\/\\\/www.polycliniqueplus.com\\\/es\\\/ultherapy-turquia\\\/#primaryimage\"},\"image\":{\"@id\":\"https:\\\/\\\/www.polycliniqueplus.com\\\/es\\\/ultherapy-turquia\\\/#primaryimage\"},\"thumbnailUrl\":\"https:\\\/\\\/www.polycliniqueplus.com\\\/wp-content\\\/uploads\\\/2018\\\/06\\\/Neck-Ultherapy-BHRC.jpg\",\"datePublished\":\"2018-06-12T10:32:17+00:00\",\"dateModified\":\"2025-12-12T11:44:09+00:00\",\"description\":\"Ultherapy Turqu\u00eda: un tratamiento no invasivo que tensa la piel para redefinir el \u00f3valo facial y corregir la flacidez sin cirug\u00eda.\",\"breadcrumb\":{\"@id\":\"https:\\\/\\\/www.polycliniqueplus.com\\\/es\\\/ultherapy-turquia\\\/#breadcrumb\"},\"inLanguage\":\"es\",\"potentialAction\":[{\"@type\":\"ReadAction\",\"target\":[\"https:\\\/\\\/www.polycliniqueplus.com\\\/es\\\/ultherapy-turquia\\\/\"]}]},{\"@type\":\"ImageObject\",\"inLanguage\":\"es\",\"@id\":\"https:\\\/\\\/www.polycliniqueplus.com\\\/es\\\/ultherapy-turquia\\\/#primaryimage\",\"url\":\"https:\\\/\\\/www.polycliniqueplus.com\\\/wp-content\\\/uploads\\\/2018\\\/06\\\/Neck-Ultherapy-BHRC.jpg\",\"contentUrl\":\"https:\\\/\\\/www.polycliniqueplus.com\\\/wp-content\\\/uploads\\\/2018\\\/06\\\/Neck-Ultherapy-BHRC.jpg\",\"width\":1750,\"height\":625},{\"@type\":\"BreadcrumbList\",\"@id\":\"https:\\\/\\\/www.polycliniqueplus.com\\\/es\\\/ultherapy-turquia\\\/#breadcrumb\",\"itemListElement\":[{\"@type\":\"ListItem\",\"position\":1,\"name\":\"Accueil\",\"item\":\"https:\\\/\\\/www.polycliniqueplus.com\\\/es\\\/\"},{\"@type\":\"ListItem\",\"position\":2,\"name\":\"Ultherapy Turqu\u00eda: lifting facial y de cuello no invasivo\"}]},{\"@type\":\"WebSite\",\"@id\":\"https:\\\/\\\/www.polycliniqueplus.com\\\/es\\\/#website\",\"url\":\"https:\\\/\\\/www.polycliniqueplus.com\\\/es\\\/\",\"name\":\"Chirurgie esthetique Turquie : Prix interventions meilleures cliniques Istanbul\",\"description\":\"Chirurgie esthetique Turquie prix pas cher\",\"publisher\":{\"@id\":\"https:\\\/\\\/www.polycliniqueplus.com\\\/es\\\/#organization\"},\"potentialAction\":[{\"@type\":\"SearchAction\",\"target\":{\"@type\":\"EntryPoint\",\"urlTemplate\":\"https:\\\/\\\/www.polycliniqueplus.com\\\/es\\\/?s={search_term_string}\"},\"query-input\":{\"@type\":\"PropertyValueSpecification\",\"valueRequired\":true,\"valueName\":\"search_term_string\"}}],\"inLanguage\":\"es\"},{\"@type\":\"Organization\",\"@id\":\"https:\\\/\\\/www.polycliniqueplus.com\\\/es\\\/#organization\",\"name\":\"Polycliniqueplus chirurgie esthetique Turquie\",\"url\":\"https:\\\/\\\/www.polycliniqueplus.com\\\/es\\\/\",\"logo\":{\"@type\":\"ImageObject\",\"inLanguage\":\"es\",\"@id\":\"https:\\\/\\\/www.polycliniqueplus.com\\\/es\\\/#\\\/schema\\\/logo\\\/image\\\/\",\"url\":\"https:\\\/\\\/www.polycliniqueplus.com\\\/wp-content\\\/uploads\\\/2021\\\/03\\\/cropped-add-box-fill.png\",\"contentUrl\":\"https:\\\/\\\/www.polycliniqueplus.com\\\/wp-content\\\/uploads\\\/2021\\\/03\\\/cropped-add-box-fill.png\",\"width\":512,\"height\":512,\"caption\":\"Polycliniqueplus chirurgie esthetique Turquie\"},\"image\":{\"@id\":\"https:\\\/\\\/www.polycliniqueplus.com\\\/es\\\/#\\\/schema\\\/logo\\\/image\\\/\"},\"sameAs\":[\"https:\\\/\\\/www.facebook.com\\\/polycliniqueplus\",\"https:\\\/\\\/x.com\\\/polyclinique1\",\"https:\\\/\\\/www.youtube.com\\\/channel\\\/UCAnK3TORJqflIuYGFa-JQDw\"]}]}<\/script>\n<!-- \/ Yoast SEO plugin. -->","yoast_head_json":{"title":"Ultherapy Turqu\u00eda Lifting facial y de cuello no invasivo precio","description":"Ultherapy Turqu\u00eda: un tratamiento no invasivo que tensa la piel para redefinir el \u00f3valo facial y corregir la flacidez sin cirug\u00eda.","robots":{"index":"index","follow":"follow","max-snippet":"max-snippet:-1","max-image-preview":"max-image-preview:large","max-video-preview":"max-video-preview:-1"},"canonical":"https:\/\/www.polycliniqueplus.com\/es\/ultherapy-turquia\/","og_locale":"es_ES","og_type":"article","og_title":"Ultherapy Turqu\u00eda Lifting facial y de cuello no invasivo precio","og_description":"Ultherapy Turqu\u00eda: un tratamiento no invasivo que tensa la piel para redefinir el \u00f3valo facial y corregir la flacidez sin cirug\u00eda.","og_url":"https:\/\/www.polycliniqueplus.com\/es\/ultherapy-turquia\/","og_site_name":"Chirurgie esthetique Turquie : Prix interventions meilleures cliniques Istanbul","article_publisher":"https:\/\/www.facebook.com\/polycliniqueplus","article_modified_time":"2025-12-12T11:44:09+00:00","og_image":[{"width":1750,"height":625,"url":"https:\/\/www.polycliniqueplus.com\/wp-content\/uploads\/2018\/06\/Neck-Ultherapy-BHRC.jpg","type":"image\/jpeg"}],"twitter_card":"summary_large_image","twitter_site":"@polyclinique1","twitter_misc":{"Tiempo de lectura":"3 minutos"},"schema":{"@context":"https:\/\/schema.org","@graph":[{"@type":"WebPage","@id":"https:\/\/www.polycliniqueplus.com\/es\/ultherapy-turquia\/","url":"https:\/\/www.polycliniqueplus.com\/es\/ultherapy-turquia\/","name":"Ultherapy Turqu\u00eda Lifting facial y de cuello no invasivo precio","isPartOf":{"@id":"https:\/\/www.polycliniqueplus.com\/es\/#website"},"primaryImageOfPage":{"@id":"https:\/\/www.polycliniqueplus.com\/es\/ultherapy-turquia\/#primaryimage"},"image":{"@id":"https:\/\/www.polycliniqueplus.com\/es\/ultherapy-turquia\/#primaryimage"},"thumbnailUrl":"https:\/\/www.polycliniqueplus.com\/wp-content\/uploads\/2018\/06\/Neck-Ultherapy-BHRC.jpg","datePublished":"2018-06-12T10:32:17+00:00","dateModified":"2025-12-12T11:44:09+00:00","description":"Ultherapy Turqu\u00eda: un tratamiento no invasivo que tensa la piel para redefinir el \u00f3valo facial y corregir la flacidez sin cirug\u00eda.","breadcrumb":{"@id":"https:\/\/www.polycliniqueplus.com\/es\/ultherapy-turquia\/#breadcrumb"},"inLanguage":"es","potentialAction":[{"@type":"ReadAction","target":["https:\/\/www.polycliniqueplus.com\/es\/ultherapy-turquia\/"]}]},{"@type":"ImageObject","inLanguage":"es","@id":"https:\/\/www.polycliniqueplus.com\/es\/ultherapy-turquia\/#primaryimage","url":"https:\/\/www.polycliniqueplus.com\/wp-content\/uploads\/2018\/06\/Neck-Ultherapy-BHRC.jpg","contentUrl":"https:\/\/www.polycliniqueplus.com\/wp-content\/uploads\/2018\/06\/Neck-Ultherapy-BHRC.jpg","width":1750,"height":625},{"@type":"BreadcrumbList","@id":"https:\/\/www.polycliniqueplus.com\/es\/ultherapy-turquia\/#breadcrumb","itemListElement":[{"@type":"ListItem","position":1,"name":"Accueil","item":"https:\/\/www.polycliniqueplus.com\/es\/"},{"@type":"ListItem","position":2,"name":"Ultherapy Turqu\u00eda: lifting facial y de cuello no invasivo"}]},{"@type":"WebSite","@id":"https:\/\/www.polycliniqueplus.com\/es\/#website","url":"https:\/\/www.polycliniqueplus.com\/es\/","name":"Chirurgie esthetique Turquie : Prix interventions meilleures cliniques Istanbul","description":"Chirurgie esthetique Turquie prix pas cher","publisher":{"@id":"https:\/\/www.polycliniqueplus.com\/es\/#organization"},"potentialAction":[{"@type":"SearchAction","target":{"@type":"EntryPoint","urlTemplate":"https:\/\/www.polycliniqueplus.com\/es\/?s={search_term_string}"},"query-input":{"@type":"PropertyValueSpecification","valueRequired":true,"valueName":"search_term_string"}}],"inLanguage":"es"},{"@type":"Organization","@id":"https:\/\/www.polycliniqueplus.com\/es\/#organization","name":"Polycliniqueplus chirurgie esthetique Turquie","url":"https:\/\/www.polycliniqueplus.com\/es\/","logo":{"@type":"ImageObject","inLanguage":"es","@id":"https:\/\/www.polycliniqueplus.com\/es\/#\/schema\/logo\/image\/","url":"https:\/\/www.polycliniqueplus.com\/wp-content\/uploads\/2021\/03\/cropped-add-box-fill.png","contentUrl":"https:\/\/www.polycliniqueplus.com\/wp-content\/uploads\/2021\/03\/cropped-add-box-fill.png","width":512,"height":512,"caption":"Polycliniqueplus chirurgie esthetique Turquie"},"image":{"@id":"https:\/\/www.polycliniqueplus.com\/es\/#\/schema\/logo\/image\/"},"sameAs":["https:\/\/www.facebook.com\/polycliniqueplus","https:\/\/x.com\/polyclinique1","https:\/\/www.youtube.com\/channel\/UCAnK3TORJqflIuYGFa-JQDw"]}]}},"_links":{"self":[{"href":"https:\/\/www.polycliniqueplus.com\/es\/wp-json\/wp\/v2\/pages\/9358","targetHints":{"allow":["GET"]}}],"collection":[{"href":"https:\/\/www.polycliniqueplus.com\/es\/wp-json\/wp\/v2\/pages"}],"about":[{"href":"https:\/\/www.polycliniqueplus.com\/es\/wp-json\/wp\/v2\/types\/page"}],"author":[{"embeddable":true,"href":"https:\/\/www.polycliniqueplus.com\/es\/wp-json\/wp\/v2\/users\/2"}],"replies":[{"embeddable":true,"href":"https:\/\/www.polycliniqueplus.com\/es\/wp-json\/wp\/v2\/comments?post=9358"}],"version-history":[{"count":11,"href":"https:\/\/www.polycliniqueplus.com\/es\/wp-json\/wp\/v2\/pages\/9358\/revisions"}],"predecessor-version":[{"id":33107,"href":"https:\/\/www.polycliniqueplus.com\/es\/wp-json\/wp\/v2\/pages\/9358\/revisions\/33107"}],"wp:featuredmedia":[{"embeddable":true,"href":"https:\/\/www.polycliniqueplus.com\/es\/wp-json\/wp\/v2\/media\/7344"}],"wp:attachment":[{"href":"https:\/\/www.polycliniqueplus.com\/es\/wp-json\/wp\/v2\/media?parent=9358"}],"curies":[{"name":"wp","href":"https:\/\/api.w.org\/{rel}","templated":true}]}}