{"id":9355,"date":"2018-02-09T15:42:13","date_gmt":"2018-02-09T14:42:13","guid":{"rendered":"https:\/\/www.polycliniqueplus.com\/tratamiento-de-la-hiperhidrosis-turquia-tratamiento-de-la-sudoracion-excesiva\/"},"modified":"2025-12-12T12:43:53","modified_gmt":"2025-12-12T11:43:53","slug":"tratamiento-hiperhidrosis-turquia","status":"publish","type":"page","link":"https:\/\/www.polycliniqueplus.com\/es\/tratamiento-hiperhidrosis-turquia\/","title":{"rendered":"Tratamiento de la hiperhidrosis Turqu\u00eda : tratamiento de la sudoraci\u00f3n excesiva"},"content":{"rendered":"<div data-elementor-type=\"wp-page\" data-elementor-id=\"9355\" class=\"elementor elementor-9355 elementor-1712\" data-elementor-settings=\"{&quot;ha_cmc_init_switcher&quot;:&quot;no&quot;}\">\n\t\t\t\t\t\t<section class=\"elementor-section elementor-top-section elementor-element elementor-element-dc14de1 elementor-section-content-middle elementor-section-boxed elementor-section-height-default elementor-section-height-default\" data-id=\"dc14de1\" data-element_type=\"section\" data-settings=\"{&quot;_ha_eqh_enable&quot;:false}\">\n\t\t\t\t\t\t<div class=\"elementor-container elementor-column-gap-default\">\n\t\t\t\t\t<div class=\"elementor-column elementor-col-50 elementor-top-column elementor-element elementor-element-91b6bdd\" data-id=\"91b6bdd\" data-element_type=\"column\">\n\t\t\t<div class=\"elementor-widget-wrap elementor-element-populated\">\n\t\t\t\t\t\t<div class=\"elementor-element elementor-element-2a0a8eb elementor-widget elementor-widget-text-editor\" data-id=\"2a0a8eb\" data-element_type=\"widget\" data-widget_type=\"text-editor.default\">\n\t\t\t\t<div class=\"elementor-widget-container\">\n\t\t\t\t\t\t\t<p>El <strong>tratamiento de la hiperhidrosis con botox<\/strong> es una de las t\u00e9cnicas de medicina est\u00e9tica que tiene como objetivo tratar la <strong>sudoraci\u00f3n excesiva<\/strong>, en <strong><br>\n  <a href=\"https:\/\/www.polycliniqueplus.com\/es\/botox-turquia\/\" target=\"_blank\" rel=\"noopener noreferrer\">inyecci\u00f3n de toxina botul\u00ednica<\/a><br>\n<\/strong> Se utiliza para tratar la hiperhidrosis de tipo A en las axilas, las manos, los pies o la cara, donde hay una producci\u00f3n abundante de sudor.<br>Es un remedio sencillo y seguro que da <strong>resultados espectaculares<\/strong> de forma muy r\u00e1pida y eficaz, y puede durar una media de 8 meses e incluso m\u00e1s en algunos pacientes.<\/p>\n<h2>Precio del tratamiento de hiperhidrosis con Botox<\/h2>\n<p>Las <strong>inyecciones de Botox en<\/strong> Turqu\u00eda tienen un precio asequible con todo incluido.<br>El precio incluye los gastos del cirujano, equipo m\u00e9dico, anestesia, traslado del paciente, estancia en hotel&#8230;<br>Obtenga su <strong>presupuesto personalizado con todo incluido<\/strong> rellenando este formulario en l\u00ednea.<\/p>\n\t\t\t\t\t\t<\/div>\n\t\t\t\t<\/div>\n\t\t\t\t\t<\/div>\n\t\t<\/div>\n\t\t\t\t<div class=\"elementor-column elementor-col-50 elementor-top-column elementor-element elementor-element-d8ce232\" data-id=\"d8ce232\" data-element_type=\"column\">\n\t\t\t<div class=\"elementor-widget-wrap elementor-element-populated\">\n\t\t\t\t\t\t<div class=\"elementor-element elementor-element-4c254e0 elementor-widget elementor-widget-image\" data-id=\"4c254e0\" data-element_type=\"widget\" data-widget_type=\"image.default\">\n\t\t\t\t<div class=\"elementor-widget-container\">\n\t\t\t\t\t\t\t\t\t\t\t\t\t<noscript><img fetchpriority=\"high\" decoding=\"async\" width=\"574\" height=\"586\" src=\"https:\/\/www.polycliniqueplus.com\/wp-content\/uploads\/2021\/03\/traitement-transpiration-excessive-turquie.jpg\" class=\"attachment-large size-large wp-image-7519\" alt srcset=\"https:\/\/www.polycliniqueplus.com\/wp-content\/uploads\/2021\/03\/traitement-transpiration-excessive-turquie.jpg 574w, https:\/\/www.polycliniqueplus.com\/wp-content\/uploads\/2021\/03\/traitement-transpiration-excessive-turquie-294x300.jpg 294w\" sizes=\"(max-width: 574px) 100vw, 574px\"><\/noscript><img fetchpriority=\"high\" decoding=\"async\" width=\"574\" height=\"586\" src=\"data:image\/svg+xml,%3Csvg%20xmlns%3D%22http%3A%2F%2Fwww.w3.org%2F2000%2Fsvg%22%20viewBox%3D%220%200%20574%20586%22%3E%3C%2Fsvg%3E\" class=\"attachment-large size-large wp-image-7519 lazyload\" alt srcset=\"data:image\/svg+xml,%3Csvg%20xmlns%3D%22http%3A%2F%2Fwww.w3.org%2F2000%2Fsvg%22%20viewBox%3D%220%200%20574%20586%22%3E%3C%2Fsvg%3E 574w\" sizes=\"(max-width: 574px) 100vw, 574px\" data-srcset=\"https:\/\/www.polycliniqueplus.com\/wp-content\/uploads\/2021\/03\/traitement-transpiration-excessive-turquie.jpg 574w, https:\/\/www.polycliniqueplus.com\/wp-content\/uploads\/2021\/03\/traitement-transpiration-excessive-turquie-294x300.jpg 294w\" data-src=\"https:\/\/www.polycliniqueplus.com\/wp-content\/uploads\/2021\/03\/traitement-transpiration-excessive-turquie.jpg\">\t\t\t\t\t\t\t\t\t\t\t\t\t<\/div>\n\t\t\t\t<\/div>\n\t\t\t\t\t<\/div>\n\t\t<\/div>\n\t\t\t\t\t<\/div>\n\t\t<\/section>\n\t\t\t\t<section class=\"elementor-section elementor-top-section elementor-element elementor-element-05cc197 elementor-section-boxed elementor-section-height-default elementor-section-height-default\" data-id=\"05cc197\" data-element_type=\"section\" data-settings=\"{&quot;_ha_eqh_enable&quot;:false}\">\n\t\t\t\t\t\t<div class=\"elementor-container elementor-column-gap-default\">\n\t\t\t\t\t<div class=\"elementor-column elementor-col-100 elementor-top-column elementor-element elementor-element-0dece74\" data-id=\"0dece74\" data-element_type=\"column\">\n\t\t\t<div class=\"elementor-widget-wrap elementor-element-populated\">\n\t\t\t\t\t\t<div class=\"elementor-element elementor-element-63cd9ad elementor-widget elementor-widget-text-editor\" data-id=\"63cd9ad\" data-element_type=\"widget\" data-widget_type=\"text-editor.default\">\n\t\t\t\t<div class=\"elementor-widget-container\">\n\t\t\t\t\t\t\t<h2>El curso de la t\u00e9cnica de inyecci\u00f3n de botox<\/h2>\nLa t\u00e9cnica se realiza en unos minutos, pero no m\u00e1s de una hora, bajo <strong>anestesia local<\/strong> obtenida por efecto de un producto anest\u00e9sico.\n\nEl especialista localiza <strong>las zonas hiperhidr\u00f3ticas<\/strong> aplicando una soluci\u00f3n de alcohol yodado y, a continuaci\u00f3n, maicena para obtener un color negro azulado en las zonas que requieren inyecci\u00f3n.\n\nPor lo general, se aplican <strong>varias inyecciones indoloras<\/strong> con una aguja fina directamente en las gl\u00e1ndulas sudor\u00edparas.\n<h2>Post-inyecciones de Botox<\/h2>\nLas secuelas son muy leves, temporales y no entra\u00f1an ning\u00fan riesgo:\n<ul class=\"liste-page\">\n \t<li>Dolor controlable<\/li>\n \t<li>Debilidad muscular temporal<\/li>\n \t<li>Boca seca<\/li>\n \t<li>Ojos preocupados<\/li>\n \t<li>Dolor de cabeza<\/li>\n<\/ul>\t\t\t\t\t\t<\/div>\n\t\t\t\t<\/div>\n\t\t\t\t\t<\/div>\n\t\t<\/div>\n\t\t\t\t\t<\/div>\n\t\t<\/section>\n\t\t\t\t<section class=\"elementor-section elementor-top-section elementor-element elementor-element-177004f elementor-section-content-middle elementor-section-boxed elementor-section-height-default elementor-section-height-default\" data-id=\"177004f\" data-element_type=\"section\" data-settings=\"{&quot;background_background&quot;:&quot;classic&quot;,&quot;_ha_eqh_enable&quot;:false}\">\n\t\t\t\t\t\t<div class=\"elementor-container elementor-column-gap-default\">\n\t\t\t\t\t<div class=\"elementor-column elementor-col-50 elementor-top-column elementor-element elementor-element-85a2d5e\" data-id=\"85a2d5e\" data-element_type=\"column\">\n\t\t\t<div class=\"elementor-widget-wrap elementor-element-populated\">\n\t\t\t\t\t\t<div class=\"elementor-element elementor-element-fcd23ee elementor-widget elementor-widget-heading\" data-id=\"fcd23ee\" data-element_type=\"widget\" data-widget_type=\"heading.default\">\n\t\t\t\t<div class=\"elementor-widget-container\">\n\t\t\t<h2 class=\"elementor-heading-title elementor-size-default\">El resultado de las inyecciones de botox<\/h2>\t\t<\/div>\n\t\t\t\t<\/div>\n\t\t\t\t<div class=\"elementor-element elementor-element-1726fdc elementor-widget elementor-widget-text-editor\" data-id=\"1726fdc\" data-element_type=\"widget\" data-widget_type=\"text-editor.default\">\n\t\t\t\t<div class=\"elementor-widget-container\">\n\t\t\t\t\t\t\t<p>El resultado puede notarse dos d\u00edas despu\u00e9s de las inyecciones, y mejora gradualmente hasta ser eficaz <strong>al cabo de 3 o 4 semanas<\/strong>.<br>La mayor\u00eda de los pacientes est\u00e1n muy satisfechos con el resultado y la mejora de su calidad de vida.<br>Para mantener la fiabilidad del resultado, las inyecciones deben repetirse a intervalos regulares, ya que no se trata de un tratamiento permanente.<\/p>\n\t\t\t\t\t\t<\/div>\n\t\t\t\t<\/div>\n\t\t\t\t\t<\/div>\n\t\t<\/div>\n\t\t\t\t<div class=\"elementor-column elementor-col-50 elementor-top-column elementor-element elementor-element-08022b3\" data-id=\"08022b3\" data-element_type=\"column\">\n\t\t\t<div class=\"elementor-widget-wrap elementor-element-populated\">\n\t\t\t\t\t\t<div class=\"elementor-element elementor-element-2697bca elementor-widget elementor-widget-image\" data-id=\"2697bca\" data-element_type=\"widget\" data-widget_type=\"image.default\">\n\t\t\t\t<div class=\"elementor-widget-container\">\n\t\t\t\t\t\t\t\t\t\t<figure class=\"wp-caption\">\n\t\t\t\t\t\t\t\t\t\t<noscript><img decoding=\"async\" width=\"574\" height=\"586\" src=\"https:\/\/www.polycliniqueplus.com\/wp-content\/uploads\/2021\/03\/TRAITEMENT-HYPERHIDROSE_TURQUIE.jpg\" class=\"attachment-large size-large wp-image-7520\" alt srcset=\"https:\/\/www.polycliniqueplus.com\/wp-content\/uploads\/2021\/03\/TRAITEMENT-HYPERHIDROSE_TURQUIE.jpg 574w, https:\/\/www.polycliniqueplus.com\/wp-content\/uploads\/2021\/03\/TRAITEMENT-HYPERHIDROSE_TURQUIE-294x300.jpg 294w\" sizes=\"(max-width: 574px) 100vw, 574px\"><\/noscript><img decoding=\"async\" width=\"574\" height=\"586\" src=\"data:image\/svg+xml,%3Csvg%20xmlns%3D%22http%3A%2F%2Fwww.w3.org%2F2000%2Fsvg%22%20viewBox%3D%220%200%20574%20586%22%3E%3C%2Fsvg%3E\" class=\"attachment-large size-large wp-image-7520 lazyload\" alt srcset=\"data:image\/svg+xml,%3Csvg%20xmlns%3D%22http%3A%2F%2Fwww.w3.org%2F2000%2Fsvg%22%20viewBox%3D%220%200%20574%20586%22%3E%3C%2Fsvg%3E 574w\" sizes=\"(max-width: 574px) 100vw, 574px\" data-srcset=\"https:\/\/www.polycliniqueplus.com\/wp-content\/uploads\/2021\/03\/TRAITEMENT-HYPERHIDROSE_TURQUIE.jpg 574w, https:\/\/www.polycliniqueplus.com\/wp-content\/uploads\/2021\/03\/TRAITEMENT-HYPERHIDROSE_TURQUIE-294x300.jpg 294w\" data-src=\"https:\/\/www.polycliniqueplus.com\/wp-content\/uploads\/2021\/03\/TRAITEMENT-HYPERHIDROSE_TURQUIE.jpg\">\t\t\t\t\t\t\t\t\t\t\t<figcaption class=\"widget-image-caption wp-caption-text\">TRAITEMENT HYPERHIDROSE TURQUIE<\/figcaption>\n\t\t\t\t\t\t\t\t\t\t<\/figure>\n\t\t\t\t\t\t\t<\/div>\n\t\t\t\t<\/div>\n\t\t\t\t\t<\/div>\n\t\t<\/div>\n\t\t\t\t\t<\/div>\n\t\t<\/section>\n\t\t\t\t<section class=\"elementor-section elementor-top-section elementor-element elementor-element-8ddf11f elementor-section-boxed elementor-section-height-default elementor-section-height-default\" data-id=\"8ddf11f\" data-element_type=\"section\" data-settings=\"{&quot;background_background&quot;:&quot;classic&quot;,&quot;_ha_eqh_enable&quot;:false}\">\n\t\t\t\t\t\t<div class=\"elementor-container elementor-column-gap-default\">\n\t\t\t\t\t<div class=\"elementor-column elementor-col-100 elementor-top-column elementor-element elementor-element-46a2bb0\" data-id=\"46a2bb0\" data-element_type=\"column\">\n\t\t\t<div class=\"elementor-widget-wrap elementor-element-populated\">\n\t\t\t\t\t\t<div class=\"elementor-element elementor-element-d903002 elementor-widget elementor-widget-heading\" data-id=\"d903002\" data-element_type=\"widget\" data-widget_type=\"heading.default\">\n\t\t\t\t<div class=\"elementor-widget-container\">\n\t\t\t<h4 class=\"elementor-heading-title elementor-size-default\">PRESUPUESTO EN L\u00cdNEA R\u00c1PIDO Y 100% GRATUITO<\/h4>\t\t<\/div>\n\t\t\t\t<\/div>\n\t\t\t\t<div class=\"elementor-element elementor-element-1e4bb7a elementor-align-center elementor-widget elementor-widget-button\" data-id=\"1e4bb7a\" data-element_type=\"widget\" data-widget_type=\"button.default\">\n\t\t\t\t<div class=\"elementor-widget-container\">\n\t\t\t\t\t<div class=\"elementor-button-wrapper\">\n\t\t\t<a class=\"elementor-button elementor-button-link elementor-size-sm\" href=\"https:\/\/www.polycliniqueplus.com\/es\/presupuesto\/\">\n\t\t\t\t\t\t<span class=\"elementor-button-content-wrapper\">\n\t\t\t\t\t\t<span class=\"elementor-button-icon\">\n\t\t\t\t<i aria-hidden=\"true\" class=\"fas fa-arrow-right\"><\/i>\t\t\t<\/span>\n\t\t\t\t\t\t\t\t\t<span class=\"elementor-button-text\">Presupuesto expr\u00e9s<\/span>\n\t\t\t\t\t<\/span>\n\t\t\t\t\t<\/a>\n\t\t<\/div>\n\t\t\t\t<\/div>\n\t\t\t\t<\/div>\n\t\t\t\t\t<\/div>\n\t\t<\/div>\n\t\t\t\t\t<\/div>\n\t\t<\/section>\n\t\t\t\t<\/div>\n\t\t","protected":false},"excerpt":{"rendered":"<p>El tratamiento de la hiperhidrosis con botox es una de las t\u00e9cnicas de medicina est\u00e9tica que tiene como objetivo tratar la sudoraci\u00f3n excesiva, en inyecci\u00f3n de toxina botul\u00ednica Se utiliza para tratar la hiperhidrosis de tipo A en las axilas, las manos, los pies o la cara, donde hay una producci\u00f3n abundante de sudor.Es un [&hellip;]<\/p>\n","protected":false},"author":2,"featured_media":7322,"parent":0,"menu_order":0,"comment_status":"closed","ping_status":"closed","template":"","meta":{"footnotes":""},"class_list":["post-9355","page","type-page","status-publish","has-post-thumbnail","hentry"],"yoast_head":"<!-- This site is optimized with the Yoast SEO plugin v27.5 - https:\/\/yoast.com\/product\/yoast-seo-wordpress\/ -->\n<title>Tratamiento de la hiperhidrosis Turqu\u00eda : Precio del tratamiento de la sudoraci\u00f3n excesiva<\/title>\n<meta name=\"description\" content=\"Tratamiento de la hiperhidrosis Turqu\u00eda: El tratamiento de la hiperhidrosis con botox es una t\u00e9cnica probada para combatir la sudoraci\u00f3n excesiva mediante la inyecci\u00f3n de toxina botul\u00ednica. Presupuesto gratuito.\" \/>\n<meta name=\"robots\" content=\"index, follow, max-snippet:-1, max-image-preview:large, max-video-preview:-1\" \/>\n<link rel=\"canonical\" href=\"https:\/\/www.polycliniqueplus.com\/es\/tratamiento-hiperhidrosis-turquia\/\" \/>\n<meta property=\"og:locale\" content=\"es_ES\" \/>\n<meta property=\"og:type\" content=\"article\" \/>\n<meta property=\"og:title\" content=\"Tratamiento de la hiperhidrosis Turqu\u00eda : Precio del tratamiento de la sudoraci\u00f3n excesiva\" \/>\n<meta property=\"og:description\" content=\"Tratamiento de la hiperhidrosis Turqu\u00eda: El tratamiento de la hiperhidrosis con botox es una t\u00e9cnica probada para combatir la sudoraci\u00f3n excesiva mediante la inyecci\u00f3n de toxina botul\u00ednica. Presupuesto gratuito.\" \/>\n<meta property=\"og:url\" content=\"https:\/\/www.polycliniqueplus.com\/es\/tratamiento-hiperhidrosis-turquia\/\" \/>\n<meta property=\"og:site_name\" content=\"Chirurgie esthetique Turquie : Prix interventions meilleures cliniques Istanbul\" \/>\n<meta property=\"article:publisher\" content=\"https:\/\/www.facebook.com\/polycliniqueplus\" \/>\n<meta property=\"article:modified_time\" content=\"2025-12-12T11:43:53+00:00\" \/>\n<meta property=\"og:image\" content=\"https:\/\/www.polycliniqueplus.com\/wp-content\/uploads\/2018\/02\/traitement-transpiration-excessive.jpg\" \/>\n\t<meta property=\"og:image:width\" content=\"934\" \/>\n\t<meta property=\"og:image:height\" content=\"529\" \/>\n\t<meta property=\"og:image:type\" content=\"image\/jpeg\" \/>\n<meta name=\"twitter:card\" content=\"summary_large_image\" \/>\n<meta name=\"twitter:site\" content=\"@polyclinique1\" \/>\n<meta name=\"twitter:label1\" content=\"Tiempo de lectura\" \/>\n\t<meta name=\"twitter:data1\" content=\"2 minutos\" \/>\n<script type=\"application\/ld+json\" class=\"yoast-schema-graph\">{\"@context\":\"https:\\\/\\\/schema.org\",\"@graph\":[{\"@type\":\"WebPage\",\"@id\":\"https:\\\/\\\/www.polycliniqueplus.com\\\/es\\\/tratamiento-hiperhidrosis-turquia\\\/\",\"url\":\"https:\\\/\\\/www.polycliniqueplus.com\\\/es\\\/tratamiento-hiperhidrosis-turquia\\\/\",\"name\":\"Tratamiento de la hiperhidrosis Turqu\u00eda : Precio del tratamiento de la sudoraci\u00f3n excesiva\",\"isPartOf\":{\"@id\":\"https:\\\/\\\/www.polycliniqueplus.com\\\/es\\\/#website\"},\"primaryImageOfPage\":{\"@id\":\"https:\\\/\\\/www.polycliniqueplus.com\\\/es\\\/tratamiento-hiperhidrosis-turquia\\\/#primaryimage\"},\"image\":{\"@id\":\"https:\\\/\\\/www.polycliniqueplus.com\\\/es\\\/tratamiento-hiperhidrosis-turquia\\\/#primaryimage\"},\"thumbnailUrl\":\"https:\\\/\\\/www.polycliniqueplus.com\\\/wp-content\\\/uploads\\\/2018\\\/02\\\/traitement-transpiration-excessive.jpg\",\"datePublished\":\"2018-02-09T14:42:13+00:00\",\"dateModified\":\"2025-12-12T11:43:53+00:00\",\"description\":\"Tratamiento de la hiperhidrosis Turqu\u00eda: El tratamiento de la hiperhidrosis con botox es una t\u00e9cnica probada para combatir la sudoraci\u00f3n excesiva mediante la inyecci\u00f3n de toxina botul\u00ednica. Presupuesto gratuito.\",\"breadcrumb\":{\"@id\":\"https:\\\/\\\/www.polycliniqueplus.com\\\/es\\\/tratamiento-hiperhidrosis-turquia\\\/#breadcrumb\"},\"inLanguage\":\"es\",\"potentialAction\":[{\"@type\":\"ReadAction\",\"target\":[\"https:\\\/\\\/www.polycliniqueplus.com\\\/es\\\/tratamiento-hiperhidrosis-turquia\\\/\"]}]},{\"@type\":\"ImageObject\",\"inLanguage\":\"es\",\"@id\":\"https:\\\/\\\/www.polycliniqueplus.com\\\/es\\\/tratamiento-hiperhidrosis-turquia\\\/#primaryimage\",\"url\":\"https:\\\/\\\/www.polycliniqueplus.com\\\/wp-content\\\/uploads\\\/2018\\\/02\\\/traitement-transpiration-excessive.jpg\",\"contentUrl\":\"https:\\\/\\\/www.polycliniqueplus.com\\\/wp-content\\\/uploads\\\/2018\\\/02\\\/traitement-transpiration-excessive.jpg\",\"width\":934,\"height\":529},{\"@type\":\"BreadcrumbList\",\"@id\":\"https:\\\/\\\/www.polycliniqueplus.com\\\/es\\\/tratamiento-hiperhidrosis-turquia\\\/#breadcrumb\",\"itemListElement\":[{\"@type\":\"ListItem\",\"position\":1,\"name\":\"Accueil\",\"item\":\"https:\\\/\\\/www.polycliniqueplus.com\\\/es\\\/\"},{\"@type\":\"ListItem\",\"position\":2,\"name\":\"Tratamiento de la hiperhidrosis Turqu\u00eda : tratamiento de la sudoraci\u00f3n excesiva\"}]},{\"@type\":\"WebSite\",\"@id\":\"https:\\\/\\\/www.polycliniqueplus.com\\\/es\\\/#website\",\"url\":\"https:\\\/\\\/www.polycliniqueplus.com\\\/es\\\/\",\"name\":\"Chirurgie esthetique Turquie : Prix interventions meilleures cliniques Istanbul\",\"description\":\"Chirurgie esthetique Turquie prix pas cher\",\"publisher\":{\"@id\":\"https:\\\/\\\/www.polycliniqueplus.com\\\/es\\\/#organization\"},\"potentialAction\":[{\"@type\":\"SearchAction\",\"target\":{\"@type\":\"EntryPoint\",\"urlTemplate\":\"https:\\\/\\\/www.polycliniqueplus.com\\\/es\\\/?s={search_term_string}\"},\"query-input\":{\"@type\":\"PropertyValueSpecification\",\"valueRequired\":true,\"valueName\":\"search_term_string\"}}],\"inLanguage\":\"es\"},{\"@type\":\"Organization\",\"@id\":\"https:\\\/\\\/www.polycliniqueplus.com\\\/es\\\/#organization\",\"name\":\"Polycliniqueplus chirurgie esthetique Turquie\",\"url\":\"https:\\\/\\\/www.polycliniqueplus.com\\\/es\\\/\",\"logo\":{\"@type\":\"ImageObject\",\"inLanguage\":\"es\",\"@id\":\"https:\\\/\\\/www.polycliniqueplus.com\\\/es\\\/#\\\/schema\\\/logo\\\/image\\\/\",\"url\":\"https:\\\/\\\/www.polycliniqueplus.com\\\/wp-content\\\/uploads\\\/2021\\\/03\\\/cropped-add-box-fill.png\",\"contentUrl\":\"https:\\\/\\\/www.polycliniqueplus.com\\\/wp-content\\\/uploads\\\/2021\\\/03\\\/cropped-add-box-fill.png\",\"width\":512,\"height\":512,\"caption\":\"Polycliniqueplus chirurgie esthetique Turquie\"},\"image\":{\"@id\":\"https:\\\/\\\/www.polycliniqueplus.com\\\/es\\\/#\\\/schema\\\/logo\\\/image\\\/\"},\"sameAs\":[\"https:\\\/\\\/www.facebook.com\\\/polycliniqueplus\",\"https:\\\/\\\/x.com\\\/polyclinique1\",\"https:\\\/\\\/www.youtube.com\\\/channel\\\/UCAnK3TORJqflIuYGFa-JQDw\"]}]}<\/script>\n<!-- \/ Yoast SEO plugin. -->","yoast_head_json":{"title":"Tratamiento de la hiperhidrosis Turqu\u00eda : Precio del tratamiento de la sudoraci\u00f3n excesiva","description":"Tratamiento de la hiperhidrosis Turqu\u00eda: El tratamiento de la hiperhidrosis con botox es una t\u00e9cnica probada para combatir la sudoraci\u00f3n excesiva mediante la inyecci\u00f3n de toxina botul\u00ednica. Presupuesto gratuito.","robots":{"index":"index","follow":"follow","max-snippet":"max-snippet:-1","max-image-preview":"max-image-preview:large","max-video-preview":"max-video-preview:-1"},"canonical":"https:\/\/www.polycliniqueplus.com\/es\/tratamiento-hiperhidrosis-turquia\/","og_locale":"es_ES","og_type":"article","og_title":"Tratamiento de la hiperhidrosis Turqu\u00eda : Precio del tratamiento de la sudoraci\u00f3n excesiva","og_description":"Tratamiento de la hiperhidrosis Turqu\u00eda: El tratamiento de la hiperhidrosis con botox es una t\u00e9cnica probada para combatir la sudoraci\u00f3n excesiva mediante la inyecci\u00f3n de toxina botul\u00ednica. Presupuesto gratuito.","og_url":"https:\/\/www.polycliniqueplus.com\/es\/tratamiento-hiperhidrosis-turquia\/","og_site_name":"Chirurgie esthetique Turquie : Prix interventions meilleures cliniques Istanbul","article_publisher":"https:\/\/www.facebook.com\/polycliniqueplus","article_modified_time":"2025-12-12T11:43:53+00:00","og_image":[{"width":934,"height":529,"url":"https:\/\/www.polycliniqueplus.com\/wp-content\/uploads\/2018\/02\/traitement-transpiration-excessive.jpg","type":"image\/jpeg"}],"twitter_card":"summary_large_image","twitter_site":"@polyclinique1","twitter_misc":{"Tiempo de lectura":"2 minutos"},"schema":{"@context":"https:\/\/schema.org","@graph":[{"@type":"WebPage","@id":"https:\/\/www.polycliniqueplus.com\/es\/tratamiento-hiperhidrosis-turquia\/","url":"https:\/\/www.polycliniqueplus.com\/es\/tratamiento-hiperhidrosis-turquia\/","name":"Tratamiento de la hiperhidrosis Turqu\u00eda : Precio del tratamiento de la sudoraci\u00f3n excesiva","isPartOf":{"@id":"https:\/\/www.polycliniqueplus.com\/es\/#website"},"primaryImageOfPage":{"@id":"https:\/\/www.polycliniqueplus.com\/es\/tratamiento-hiperhidrosis-turquia\/#primaryimage"},"image":{"@id":"https:\/\/www.polycliniqueplus.com\/es\/tratamiento-hiperhidrosis-turquia\/#primaryimage"},"thumbnailUrl":"https:\/\/www.polycliniqueplus.com\/wp-content\/uploads\/2018\/02\/traitement-transpiration-excessive.jpg","datePublished":"2018-02-09T14:42:13+00:00","dateModified":"2025-12-12T11:43:53+00:00","description":"Tratamiento de la hiperhidrosis Turqu\u00eda: El tratamiento de la hiperhidrosis con botox es una t\u00e9cnica probada para combatir la sudoraci\u00f3n excesiva mediante la inyecci\u00f3n de toxina botul\u00ednica. Presupuesto gratuito.","breadcrumb":{"@id":"https:\/\/www.polycliniqueplus.com\/es\/tratamiento-hiperhidrosis-turquia\/#breadcrumb"},"inLanguage":"es","potentialAction":[{"@type":"ReadAction","target":["https:\/\/www.polycliniqueplus.com\/es\/tratamiento-hiperhidrosis-turquia\/"]}]},{"@type":"ImageObject","inLanguage":"es","@id":"https:\/\/www.polycliniqueplus.com\/es\/tratamiento-hiperhidrosis-turquia\/#primaryimage","url":"https:\/\/www.polycliniqueplus.com\/wp-content\/uploads\/2018\/02\/traitement-transpiration-excessive.jpg","contentUrl":"https:\/\/www.polycliniqueplus.com\/wp-content\/uploads\/2018\/02\/traitement-transpiration-excessive.jpg","width":934,"height":529},{"@type":"BreadcrumbList","@id":"https:\/\/www.polycliniqueplus.com\/es\/tratamiento-hiperhidrosis-turquia\/#breadcrumb","itemListElement":[{"@type":"ListItem","position":1,"name":"Accueil","item":"https:\/\/www.polycliniqueplus.com\/es\/"},{"@type":"ListItem","position":2,"name":"Tratamiento de la hiperhidrosis Turqu\u00eda : tratamiento de la sudoraci\u00f3n excesiva"}]},{"@type":"WebSite","@id":"https:\/\/www.polycliniqueplus.com\/es\/#website","url":"https:\/\/www.polycliniqueplus.com\/es\/","name":"Chirurgie esthetique Turquie : Prix interventions meilleures cliniques Istanbul","description":"Chirurgie esthetique Turquie prix pas cher","publisher":{"@id":"https:\/\/www.polycliniqueplus.com\/es\/#organization"},"potentialAction":[{"@type":"SearchAction","target":{"@type":"EntryPoint","urlTemplate":"https:\/\/www.polycliniqueplus.com\/es\/?s={search_term_string}"},"query-input":{"@type":"PropertyValueSpecification","valueRequired":true,"valueName":"search_term_string"}}],"inLanguage":"es"},{"@type":"Organization","@id":"https:\/\/www.polycliniqueplus.com\/es\/#organization","name":"Polycliniqueplus chirurgie esthetique Turquie","url":"https:\/\/www.polycliniqueplus.com\/es\/","logo":{"@type":"ImageObject","inLanguage":"es","@id":"https:\/\/www.polycliniqueplus.com\/es\/#\/schema\/logo\/image\/","url":"https:\/\/www.polycliniqueplus.com\/wp-content\/uploads\/2021\/03\/cropped-add-box-fill.png","contentUrl":"https:\/\/www.polycliniqueplus.com\/wp-content\/uploads\/2021\/03\/cropped-add-box-fill.png","width":512,"height":512,"caption":"Polycliniqueplus chirurgie esthetique Turquie"},"image":{"@id":"https:\/\/www.polycliniqueplus.com\/es\/#\/schema\/logo\/image\/"},"sameAs":["https:\/\/www.facebook.com\/polycliniqueplus","https:\/\/x.com\/polyclinique1","https:\/\/www.youtube.com\/channel\/UCAnK3TORJqflIuYGFa-JQDw"]}]}},"_links":{"self":[{"href":"https:\/\/www.polycliniqueplus.com\/es\/wp-json\/wp\/v2\/pages\/9355","targetHints":{"allow":["GET"]}}],"collection":[{"href":"https:\/\/www.polycliniqueplus.com\/es\/wp-json\/wp\/v2\/pages"}],"about":[{"href":"https:\/\/www.polycliniqueplus.com\/es\/wp-json\/wp\/v2\/types\/page"}],"author":[{"embeddable":true,"href":"https:\/\/www.polycliniqueplus.com\/es\/wp-json\/wp\/v2\/users\/2"}],"replies":[{"embeddable":true,"href":"https:\/\/www.polycliniqueplus.com\/es\/wp-json\/wp\/v2\/comments?post=9355"}],"version-history":[{"count":11,"href":"https:\/\/www.polycliniqueplus.com\/es\/wp-json\/wp\/v2\/pages\/9355\/revisions"}],"predecessor-version":[{"id":33098,"href":"https:\/\/www.polycliniqueplus.com\/es\/wp-json\/wp\/v2\/pages\/9355\/revisions\/33098"}],"wp:featuredmedia":[{"embeddable":true,"href":"https:\/\/www.polycliniqueplus.com\/es\/wp-json\/wp\/v2\/media\/7322"}],"wp:attachment":[{"href":"https:\/\/www.polycliniqueplus.com\/es\/wp-json\/wp\/v2\/media?parent=9355"}],"curies":[{"name":"wp","href":"https:\/\/api.w.org\/{rel}","templated":true}]}}