{"id":9139,"date":"2021-08-31T11:52:25","date_gmt":"2021-08-31T09:52:25","guid":{"rendered":"https:\/\/www.polycliniqueplus.com\/ortodoncia-turquia-como-alinear-y-enderezar-los-dientes\/"},"modified":"2025-12-12T12:38:34","modified_gmt":"2025-12-12T11:38:34","slug":"ortodoncia-turquia","status":"publish","type":"page","link":"https:\/\/www.polycliniqueplus.com\/es\/ortodoncia-turquia\/","title":{"rendered":"Ortodoncia Turqu\u00eda: \u00bfc\u00f3mo alinear y enderezar los dientes?"},"content":{"rendered":"<div data-elementor-type=\"wp-page\" data-elementor-id=\"9139\" class=\"elementor elementor-9139 elementor-6788\" data-elementor-settings=\"{&quot;ha_cmc_init_switcher&quot;:&quot;no&quot;}\">\n\t\t\t\t\t\t<section class=\"elementor-section elementor-top-section elementor-element elementor-element-54edb9a elementor-section-boxed elementor-section-height-default elementor-section-height-default\" data-id=\"54edb9a\" data-element_type=\"section\" data-settings=\"{&quot;_ha_eqh_enable&quot;:false}\">\n\t\t\t\t\t\t<div class=\"elementor-container elementor-column-gap-default\">\n\t\t\t\t\t<div class=\"elementor-column elementor-col-66 elementor-top-column elementor-element elementor-element-ca9ceb6\" data-id=\"ca9ceb6\" data-element_type=\"column\">\n\t\t\t<div class=\"elementor-widget-wrap elementor-element-populated\">\n\t\t\t\t\t\t<div class=\"elementor-element elementor-element-33e5ee8 elementor-widget elementor-widget-text-editor\" data-id=\"33e5ee8\" data-element_type=\"widget\" data-widget_type=\"text-editor.default\">\n\t\t\t\t<div class=\"elementor-widget-container\">\n\t\t\t\t\t\t\t<p>La gen\u00e9tica desempe\u00f1a un papel importante a la hora de determinar la <b>forma y el tama\u00f1o de la mand\u00edbula<\/b>, que influye notablemente en la<b>alineaci\u00f3n de los dientes<\/b>. As\u00ed, si uno tiene los dientes api\u00f1ados, por ejemplo, o una \u00abmala mordida\u00bb, esto tambi\u00e9n puede deberse a la herencia.<\/p>\n<p>La principal raz\u00f3n por la que la gente quiere alinear sus dientes es para sentirse m\u00e1s segura de su sonrisa.<\/p>\n<p>El <b>tratamiento de <\/b><b>ortodoncia en Turqu\u00eda <\/b>para enderezar los dientes no s\u00f3lo corrige el problema de la alineaci\u00f3n de los dientes, sino que tambi\u00e9n mejora la mordida, reduce el desgaste dental y favorece la higiene dental.<\/p>\n<p>Ignorar los <a href=\"https:\/\/www.polycliniqueplus.com\/es\/cirugia-dental-turquia\/\" target=\"_blank\" rel=\"noopener\">problemas relacionados con los dientes<\/a> y la mordida puede parecer realista, pero el tratamiento necesario para resolverlos puede ser m\u00e1s sencillo de lo que uno imagina.<\/p>\n\t\t\t\t\t\t<\/div>\n\t\t\t\t<\/div>\n\t\t\t\t\t<\/div>\n\t\t<\/div>\n\t\t\t\t<div class=\"elementor-column elementor-col-33 elementor-top-column elementor-element elementor-element-4790daf\" data-id=\"4790daf\" data-element_type=\"column\">\n\t\t\t<div class=\"elementor-widget-wrap elementor-element-populated\">\n\t\t\t\t\t\t<div class=\"elementor-element elementor-element-204bb05 elementor-widget elementor-widget-image\" data-id=\"204bb05\" data-element_type=\"widget\" data-widget_type=\"image.default\">\n\t\t\t\t<div class=\"elementor-widget-container\">\n\t\t\t\t\t\t\t\t\t\t\t\t\t<noscript><img fetchpriority=\"high\" decoding=\"async\" width=\"574\" height=\"586\" src=\"https:\/\/www.polycliniqueplus.com\/wp-content\/uploads\/2021\/08\/orthodontie-turquie.jpg\" class=\"attachment-large size-large wp-image-7596\" alt srcset=\"https:\/\/www.polycliniqueplus.com\/wp-content\/uploads\/2021\/08\/orthodontie-turquie.jpg 574w, https:\/\/www.polycliniqueplus.com\/wp-content\/uploads\/2021\/08\/orthodontie-turquie-294x300.jpg 294w\" sizes=\"(max-width: 574px) 100vw, 574px\"><\/noscript><img fetchpriority=\"high\" decoding=\"async\" width=\"574\" height=\"586\" src=\"data:image\/svg+xml,%3Csvg%20xmlns%3D%22http%3A%2F%2Fwww.w3.org%2F2000%2Fsvg%22%20viewBox%3D%220%200%20574%20586%22%3E%3C%2Fsvg%3E\" class=\"attachment-large size-large wp-image-7596 lazyload\" alt srcset=\"data:image\/svg+xml,%3Csvg%20xmlns%3D%22http%3A%2F%2Fwww.w3.org%2F2000%2Fsvg%22%20viewBox%3D%220%200%20574%20586%22%3E%3C%2Fsvg%3E 574w\" sizes=\"(max-width: 574px) 100vw, 574px\" data-srcset=\"https:\/\/www.polycliniqueplus.com\/wp-content\/uploads\/2021\/08\/orthodontie-turquie.jpg 574w, https:\/\/www.polycliniqueplus.com\/wp-content\/uploads\/2021\/08\/orthodontie-turquie-294x300.jpg 294w\" data-src=\"https:\/\/www.polycliniqueplus.com\/wp-content\/uploads\/2021\/08\/orthodontie-turquie.jpg\">\t\t\t\t\t\t\t\t\t\t\t\t\t<\/div>\n\t\t\t\t<\/div>\n\t\t\t\t\t<\/div>\n\t\t<\/div>\n\t\t\t\t\t<\/div>\n\t\t<\/section>\n\t\t\t\t<section class=\"elementor-section elementor-top-section elementor-element elementor-element-6864632 elementor-section-boxed elementor-section-height-default elementor-section-height-default\" data-id=\"6864632\" data-element_type=\"section\" data-settings=\"{&quot;background_background&quot;:&quot;classic&quot;,&quot;_ha_eqh_enable&quot;:false}\">\n\t\t\t\t\t\t<div class=\"elementor-container elementor-column-gap-default\">\n\t\t\t\t\t<div class=\"elementor-column elementor-col-100 elementor-top-column elementor-element elementor-element-e081834\" data-id=\"e081834\" data-element_type=\"column\">\n\t\t\t<div class=\"elementor-widget-wrap elementor-element-populated\">\n\t\t\t\t\t\t<div class=\"elementor-element elementor-element-9950f41 elementor-widget elementor-widget-text-editor\" data-id=\"9950f41\" data-element_type=\"widget\" data-widget_type=\"text-editor.default\">\n\t\t\t\t<div class=\"elementor-widget-container\">\n\t\t\t\t\t\t\t<h2>\u00bfCu\u00e1ndo debo hacerme la ortodoncia?<\/h2>\n<p>El <b>tratamiento de ortodoncia<\/b> est\u00e1 disponible <b>a cualquier edad en Turqu\u00eda<\/b>. \u00bfPor qu\u00e9 esperar? \u00a1Pregunte ahora a nuestro <b>ortodoncista<\/b> certificado!<\/p>\n\t\t\t\t\t\t<\/div>\n\t\t\t\t<\/div>\n\t\t\t\t<div class=\"elementor-element elementor-element-7d27a05 elementor-button-info elementor-align-center elementor-widget elementor-widget-button\" data-id=\"7d27a05\" data-element_type=\"widget\" data-widget_type=\"button.default\">\n\t\t\t\t<div class=\"elementor-widget-container\">\n\t\t\t\t\t<div class=\"elementor-button-wrapper\">\n\t\t\t<a class=\"elementor-button elementor-button-link elementor-size-md\" href=\"https:\/\/www.polycliniqueplus.com\/es\/presupuesto\/\">\n\t\t\t\t\t\t<span class=\"elementor-button-content-wrapper\">\n\t\t\t\t\t\t\t\t\t<span class=\"elementor-button-text\">Planifique su consulta<\/span>\n\t\t\t\t\t<\/span>\n\t\t\t\t\t<\/a>\n\t\t<\/div>\n\t\t\t\t<\/div>\n\t\t\t\t<\/div>\n\t\t\t\t\t<\/div>\n\t\t<\/div>\n\t\t\t\t\t<\/div>\n\t\t<\/section>\n\t\t\t\t<section class=\"elementor-section elementor-top-section elementor-element elementor-element-a4c2568 elementor-section-boxed elementor-section-height-default elementor-section-height-default\" data-id=\"a4c2568\" data-element_type=\"section\" data-settings=\"{&quot;_ha_eqh_enable&quot;:false}\">\n\t\t\t\t\t\t<div class=\"elementor-container elementor-column-gap-default\">\n\t\t\t\t\t<div class=\"elementor-column elementor-col-100 elementor-top-column elementor-element elementor-element-992d78a\" data-id=\"992d78a\" data-element_type=\"column\">\n\t\t\t<div class=\"elementor-widget-wrap elementor-element-populated\">\n\t\t\t\t\t\t<div class=\"elementor-element elementor-element-7fd2450 elementor-widget elementor-widget-text-editor\" data-id=\"7fd2450\" data-element_type=\"widget\" data-widget_type=\"text-editor.default\">\n\t\t\t\t<div class=\"elementor-widget-container\">\n\t\t\t\t\t\t\t<h2>\u00bfCu\u00e1les son las t\u00e9cnicas para enderezar los dientes?<\/h2>\n<h3>Brackets cer\u00e1micos<\/h3>\n<p>En <b><br>\n  <u>brackets cer\u00e1micos<\/u><br>\n<\/b> son las preferidas por los adultos y los adolescentes mayores que buscan una t\u00e9cnica para enderezar los dientes de forma eficaz y con un aspecto menos evidente.<\/p>\n<p>Los brackets cer\u00e1micos son <u>menos visibles<\/u> que los met\u00e1licos est\u00e1ndar, ya que tienen brackets transparentes o del color del diente y alambres del mismo color.<\/p>\n<p>Aunque los brackets cer\u00e1micos son mucho menos visibles, funcionan exactamente igual que los met\u00e1licos, produciendo los mismos resultados en el mismo tiempo de tratamiento.<\/p>\n<h3>Aparato lingual (interior)<\/h3>\n<p>En <b><br>\n  <u>ortodoncia lingual<\/u><br>\n<\/b> son realmente invisibles, estos aparatos hechos a medida se fijan a las superficies internas de los dientes, en lugar de a la parte frontal. Los <u>brackets linguales se personalizan al 100%<\/u> para seguir el contorno individual de los dientes, lo que garantiza que sean lo m\u00e1s c\u00f3modos y eficaces posible.<\/p>\n<p>Como el aparato lingual suele estar situado muy cerca de la lengua, lleva alg\u00fan tiempo acostumbrarse a \u00e9l y tiene un mayor impacto en el habla y la alimentaci\u00f3n que los aparatos ordinarios, que es una de las razones por las que muchas personas optan por tratamientos alternativos.<\/p>\n<h3>Canalones<\/h3>\n<p> <b>Los alineadores transparentes<\/b> son una alternativa a los aparatos fijos, pero suelen ser m\u00e1s adecuados para corregir problemas de alineaci\u00f3n menos graves. En <u><br>\n  <b><br>\n    <i>los canalones transparentes son desmontables y pr\u00e1cticamente invisibles<\/i><br>\n  <\/b><br>\n<\/u>Las cubetas pueden llevarse con regularidad, pero si no se usan con regularidad o si se retiran de la boca con demasiada frecuencia, los resultados no ser\u00e1n satisfactorios.<\/p>\n<h3>Correas met\u00e1licas<\/h3>\n<p>Los <b>aparatos met\u00e1licos tradicionales<\/b> siguen siendo el tipo de ortodoncia m\u00e1s utilizado en ni\u00f1os y adolescentes, pero tambi\u00e9n son una opci\u00f3n para los adultos, especialmente los que tienen un presupuesto m\u00e1s ajustado.<\/p>\n<p>Con este tipo de tratamiento, se fijan peque\u00f1os aparatos met\u00e1licos a los dientes y se conectan a un fino alambre, que se ajusta o cambia a intervalos regulares para alinear gradualmente los dientes y corregir la mordida, lo que la convierte en una t\u00e9cnica de tratamiento muy eficaz y fiable.<\/p>\n<p>Las modernas <b>correas met\u00e1licas<\/b> son mucho m\u00e1s peque\u00f1as y c\u00f3modas que nunca.<\/p>\n<h3>Invisalign<\/h3>\n<p>Esta t\u00e9cnica es uno de los tratamientos m\u00e1s elegidos por los adultos en la actualidad.<\/p>\n<p>Con esta t\u00e9cnica, el dentista medir\u00e1 los dientes y crear\u00e1 <b>alineadores personalizados<\/b>. Dos veces al mes se cambian las cubetas y se repite el proceso hasta enderezar los dientes.<\/p>\n<p>Como estas bandejas son de pl\u00e1stico transparente, son menos visibles, por lo que los adultos se sienten menos conscientes de llevarlas. El tratamiento con <b>Invisalign <\/b>suele durar 12 meses, aunque el tiempo real var\u00eda de una persona a otra.<\/p>\n<h3>Ortodoncia acelerada en Turqu\u00eda<\/h3>\n<p>La ortodoncia acelerada consiste en combinar un tratamiento adicional con<b>aparatos met\u00e1licos<\/b> para reducir al m\u00ednimo el tiempo necesario para conseguir una sonrisa m\u00e1s recta. Existen varias opciones de ortodoncia acelerada, pero una de las m\u00e1s populares es <b>AcceleDent<\/b>.<\/p>\n<p>AcceleDent es un dispositivo m\u00e9dico que puede utilizarse en casa para estimular la regeneraci\u00f3n \u00f3sea necesaria para el correcto ajuste de los dientes. La tecnolog\u00eda SoftPulse utilizada en esta invenci\u00f3n permite aplicar una presi\u00f3n constante y moderada sobre los dientes. Esta presi\u00f3n, en combinaci\u00f3n con la ejercida por los aparatos, permite que el reposicionamiento de los dientes se produzca con mayor rapidez. Es posible reducir casi a la mitad la duraci\u00f3n del tratamiento utilizando este aparato s\u00f3lo 20 minutos al d\u00eda.<\/p>\n\t\t\t\t\t\t<\/div>\n\t\t\t\t<\/div>\n\t\t\t\t\t<\/div>\n\t\t<\/div>\n\t\t\t\t\t<\/div>\n\t\t<\/section>\n\t\t\t\t<\/div>\n\t\t","protected":false},"excerpt":{"rendered":"<p>La gen\u00e9tica desempe\u00f1a un papel importante a la hora de determinar la forma y el tama\u00f1o de la mand\u00edbula, que influye notablemente en laalineaci\u00f3n de los dientes. As\u00ed, si uno tiene los dientes api\u00f1ados, por ejemplo, o una \u00abmala mordida\u00bb, esto tambi\u00e9n puede deberse a la herencia. La principal raz\u00f3n por la que la gente [&hellip;]<\/p>\n","protected":false},"author":1,"featured_media":7596,"parent":0,"menu_order":0,"comment_status":"closed","ping_status":"closed","template":"","meta":{"footnotes":""},"class_list":["post-9139","page","type-page","status-publish","has-post-thumbnail","hentry"],"yoast_head":"<!-- This site is optimized with the Yoast SEO plugin v27.3 - https:\/\/yoast.com\/product\/yoast-seo-wordpress\/ -->\n<title>Ortodoncia Turqu\u00eda: mejorar el aspecto, enderezar o mover los dientes<\/title>\n<meta name=\"description\" content=\"Ortodoncia Turqu\u00eda: Polycliniqueplus le ofrece tratamientos de ortodoncia eficaces para mejorar el aspecto de sus dientes, enderezarlos o moverlos a precios bajos en Estambul Turqu\u00eda\" \/>\n<meta name=\"robots\" content=\"index, follow, max-snippet:-1, max-image-preview:large, max-video-preview:-1\" \/>\n<link rel=\"canonical\" href=\"https:\/\/www.polycliniqueplus.com\/es\/ortodoncia-turquia\/\" \/>\n<meta property=\"og:locale\" content=\"es_ES\" \/>\n<meta property=\"og:type\" content=\"article\" \/>\n<meta property=\"og:title\" content=\"Ortodoncia Turqu\u00eda: mejorar el aspecto, enderezar o mover los dientes\" \/>\n<meta property=\"og:description\" content=\"Ortodoncia Turqu\u00eda: Polycliniqueplus le ofrece tratamientos de ortodoncia eficaces para mejorar el aspecto de sus dientes, enderezarlos o moverlos a precios bajos en Estambul Turqu\u00eda\" \/>\n<meta property=\"og:url\" content=\"https:\/\/www.polycliniqueplus.com\/es\/ortodoncia-turquia\/\" \/>\n<meta property=\"og:site_name\" content=\"Chirurgie esthetique Turquie : Prix interventions meilleures cliniques Istanbul\" \/>\n<meta property=\"article:publisher\" content=\"https:\/\/www.facebook.com\/polycliniqueplus\" \/>\n<meta property=\"article:modified_time\" content=\"2025-12-12T11:38:34+00:00\" \/>\n<meta property=\"og:image\" content=\"https:\/\/www.polycliniqueplus.com\/wp-content\/uploads\/2021\/08\/orthodontie-turquie.jpg\" \/>\n\t<meta property=\"og:image:width\" content=\"574\" \/>\n\t<meta property=\"og:image:height\" content=\"586\" \/>\n\t<meta property=\"og:image:type\" content=\"image\/jpeg\" \/>\n<meta name=\"twitter:card\" content=\"summary_large_image\" \/>\n<meta name=\"twitter:site\" content=\"@polyclinique1\" \/>\n<meta name=\"twitter:label1\" content=\"Tiempo de lectura\" \/>\n\t<meta name=\"twitter:data1\" content=\"4 minutos\" \/>\n<script type=\"application\/ld+json\" class=\"yoast-schema-graph\">{\"@context\":\"https:\\\/\\\/schema.org\",\"@graph\":[{\"@type\":\"WebPage\",\"@id\":\"https:\\\/\\\/www.polycliniqueplus.com\\\/es\\\/ortodoncia-turquia\\\/\",\"url\":\"https:\\\/\\\/www.polycliniqueplus.com\\\/es\\\/ortodoncia-turquia\\\/\",\"name\":\"Ortodoncia Turqu\u00eda: mejorar el aspecto, enderezar o mover los dientes\",\"isPartOf\":{\"@id\":\"https:\\\/\\\/www.polycliniqueplus.com\\\/es\\\/#website\"},\"primaryImageOfPage\":{\"@id\":\"https:\\\/\\\/www.polycliniqueplus.com\\\/es\\\/ortodoncia-turquia\\\/#primaryimage\"},\"image\":{\"@id\":\"https:\\\/\\\/www.polycliniqueplus.com\\\/es\\\/ortodoncia-turquia\\\/#primaryimage\"},\"thumbnailUrl\":\"https:\\\/\\\/www.polycliniqueplus.com\\\/wp-content\\\/uploads\\\/2021\\\/08\\\/orthodontie-turquie.jpg\",\"datePublished\":\"2021-08-31T09:52:25+00:00\",\"dateModified\":\"2025-12-12T11:38:34+00:00\",\"description\":\"Ortodoncia Turqu\u00eda: Polycliniqueplus le ofrece tratamientos de ortodoncia eficaces para mejorar el aspecto de sus dientes, enderezarlos o moverlos a precios bajos en Estambul Turqu\u00eda\",\"breadcrumb\":{\"@id\":\"https:\\\/\\\/www.polycliniqueplus.com\\\/es\\\/ortodoncia-turquia\\\/#breadcrumb\"},\"inLanguage\":\"es\",\"potentialAction\":[{\"@type\":\"ReadAction\",\"target\":[\"https:\\\/\\\/www.polycliniqueplus.com\\\/es\\\/ortodoncia-turquia\\\/\"]}]},{\"@type\":\"ImageObject\",\"inLanguage\":\"es\",\"@id\":\"https:\\\/\\\/www.polycliniqueplus.com\\\/es\\\/ortodoncia-turquia\\\/#primaryimage\",\"url\":\"https:\\\/\\\/www.polycliniqueplus.com\\\/wp-content\\\/uploads\\\/2021\\\/08\\\/orthodontie-turquie.jpg\",\"contentUrl\":\"https:\\\/\\\/www.polycliniqueplus.com\\\/wp-content\\\/uploads\\\/2021\\\/08\\\/orthodontie-turquie.jpg\",\"width\":574,\"height\":586,\"caption\":\"orthodontie-turquie\"},{\"@type\":\"BreadcrumbList\",\"@id\":\"https:\\\/\\\/www.polycliniqueplus.com\\\/es\\\/ortodoncia-turquia\\\/#breadcrumb\",\"itemListElement\":[{\"@type\":\"ListItem\",\"position\":1,\"name\":\"Accueil\",\"item\":\"https:\\\/\\\/www.polycliniqueplus.com\\\/es\\\/\"},{\"@type\":\"ListItem\",\"position\":2,\"name\":\"Ortodoncia Turqu\u00eda: \u00bfc\u00f3mo alinear y enderezar los dientes?\"}]},{\"@type\":\"WebSite\",\"@id\":\"https:\\\/\\\/www.polycliniqueplus.com\\\/es\\\/#website\",\"url\":\"https:\\\/\\\/www.polycliniqueplus.com\\\/es\\\/\",\"name\":\"Chirurgie esthetique Turquie : Prix interventions meilleures cliniques Istanbul\",\"description\":\"Chirurgie esthetique Turquie prix pas cher\",\"publisher\":{\"@id\":\"https:\\\/\\\/www.polycliniqueplus.com\\\/es\\\/#organization\"},\"potentialAction\":[{\"@type\":\"SearchAction\",\"target\":{\"@type\":\"EntryPoint\",\"urlTemplate\":\"https:\\\/\\\/www.polycliniqueplus.com\\\/es\\\/?s={search_term_string}\"},\"query-input\":{\"@type\":\"PropertyValueSpecification\",\"valueRequired\":true,\"valueName\":\"search_term_string\"}}],\"inLanguage\":\"es\"},{\"@type\":\"Organization\",\"@id\":\"https:\\\/\\\/www.polycliniqueplus.com\\\/es\\\/#organization\",\"name\":\"Polycliniqueplus chirurgie esthetique Turquie\",\"url\":\"https:\\\/\\\/www.polycliniqueplus.com\\\/es\\\/\",\"logo\":{\"@type\":\"ImageObject\",\"inLanguage\":\"es\",\"@id\":\"https:\\\/\\\/www.polycliniqueplus.com\\\/es\\\/#\\\/schema\\\/logo\\\/image\\\/\",\"url\":\"https:\\\/\\\/www.polycliniqueplus.com\\\/wp-content\\\/uploads\\\/2021\\\/03\\\/cropped-add-box-fill.png\",\"contentUrl\":\"https:\\\/\\\/www.polycliniqueplus.com\\\/wp-content\\\/uploads\\\/2021\\\/03\\\/cropped-add-box-fill.png\",\"width\":512,\"height\":512,\"caption\":\"Polycliniqueplus chirurgie esthetique Turquie\"},\"image\":{\"@id\":\"https:\\\/\\\/www.polycliniqueplus.com\\\/es\\\/#\\\/schema\\\/logo\\\/image\\\/\"},\"sameAs\":[\"https:\\\/\\\/www.facebook.com\\\/polycliniqueplus\",\"https:\\\/\\\/x.com\\\/polyclinique1\",\"https:\\\/\\\/www.youtube.com\\\/channel\\\/UCAnK3TORJqflIuYGFa-JQDw\"]}]}<\/script>\n<!-- \/ Yoast SEO plugin. -->","yoast_head_json":{"title":"Ortodoncia Turqu\u00eda: mejorar el aspecto, enderezar o mover los dientes","description":"Ortodoncia Turqu\u00eda: Polycliniqueplus le ofrece tratamientos de ortodoncia eficaces para mejorar el aspecto de sus dientes, enderezarlos o moverlos a precios bajos en Estambul Turqu\u00eda","robots":{"index":"index","follow":"follow","max-snippet":"max-snippet:-1","max-image-preview":"max-image-preview:large","max-video-preview":"max-video-preview:-1"},"canonical":"https:\/\/www.polycliniqueplus.com\/es\/ortodoncia-turquia\/","og_locale":"es_ES","og_type":"article","og_title":"Ortodoncia Turqu\u00eda: mejorar el aspecto, enderezar o mover los dientes","og_description":"Ortodoncia Turqu\u00eda: Polycliniqueplus le ofrece tratamientos de ortodoncia eficaces para mejorar el aspecto de sus dientes, enderezarlos o moverlos a precios bajos en Estambul Turqu\u00eda","og_url":"https:\/\/www.polycliniqueplus.com\/es\/ortodoncia-turquia\/","og_site_name":"Chirurgie esthetique Turquie : Prix interventions meilleures cliniques Istanbul","article_publisher":"https:\/\/www.facebook.com\/polycliniqueplus","article_modified_time":"2025-12-12T11:38:34+00:00","og_image":[{"width":574,"height":586,"url":"https:\/\/www.polycliniqueplus.com\/wp-content\/uploads\/2021\/08\/orthodontie-turquie.jpg","type":"image\/jpeg"}],"twitter_card":"summary_large_image","twitter_site":"@polyclinique1","twitter_misc":{"Tiempo de lectura":"4 minutos"},"schema":{"@context":"https:\/\/schema.org","@graph":[{"@type":"WebPage","@id":"https:\/\/www.polycliniqueplus.com\/es\/ortodoncia-turquia\/","url":"https:\/\/www.polycliniqueplus.com\/es\/ortodoncia-turquia\/","name":"Ortodoncia Turqu\u00eda: mejorar el aspecto, enderezar o mover los dientes","isPartOf":{"@id":"https:\/\/www.polycliniqueplus.com\/es\/#website"},"primaryImageOfPage":{"@id":"https:\/\/www.polycliniqueplus.com\/es\/ortodoncia-turquia\/#primaryimage"},"image":{"@id":"https:\/\/www.polycliniqueplus.com\/es\/ortodoncia-turquia\/#primaryimage"},"thumbnailUrl":"https:\/\/www.polycliniqueplus.com\/wp-content\/uploads\/2021\/08\/orthodontie-turquie.jpg","datePublished":"2021-08-31T09:52:25+00:00","dateModified":"2025-12-12T11:38:34+00:00","description":"Ortodoncia Turqu\u00eda: Polycliniqueplus le ofrece tratamientos de ortodoncia eficaces para mejorar el aspecto de sus dientes, enderezarlos o moverlos a precios bajos en Estambul Turqu\u00eda","breadcrumb":{"@id":"https:\/\/www.polycliniqueplus.com\/es\/ortodoncia-turquia\/#breadcrumb"},"inLanguage":"es","potentialAction":[{"@type":"ReadAction","target":["https:\/\/www.polycliniqueplus.com\/es\/ortodoncia-turquia\/"]}]},{"@type":"ImageObject","inLanguage":"es","@id":"https:\/\/www.polycliniqueplus.com\/es\/ortodoncia-turquia\/#primaryimage","url":"https:\/\/www.polycliniqueplus.com\/wp-content\/uploads\/2021\/08\/orthodontie-turquie.jpg","contentUrl":"https:\/\/www.polycliniqueplus.com\/wp-content\/uploads\/2021\/08\/orthodontie-turquie.jpg","width":574,"height":586,"caption":"orthodontie-turquie"},{"@type":"BreadcrumbList","@id":"https:\/\/www.polycliniqueplus.com\/es\/ortodoncia-turquia\/#breadcrumb","itemListElement":[{"@type":"ListItem","position":1,"name":"Accueil","item":"https:\/\/www.polycliniqueplus.com\/es\/"},{"@type":"ListItem","position":2,"name":"Ortodoncia Turqu\u00eda: \u00bfc\u00f3mo alinear y enderezar los dientes?"}]},{"@type":"WebSite","@id":"https:\/\/www.polycliniqueplus.com\/es\/#website","url":"https:\/\/www.polycliniqueplus.com\/es\/","name":"Chirurgie esthetique Turquie : Prix interventions meilleures cliniques Istanbul","description":"Chirurgie esthetique Turquie prix pas cher","publisher":{"@id":"https:\/\/www.polycliniqueplus.com\/es\/#organization"},"potentialAction":[{"@type":"SearchAction","target":{"@type":"EntryPoint","urlTemplate":"https:\/\/www.polycliniqueplus.com\/es\/?s={search_term_string}"},"query-input":{"@type":"PropertyValueSpecification","valueRequired":true,"valueName":"search_term_string"}}],"inLanguage":"es"},{"@type":"Organization","@id":"https:\/\/www.polycliniqueplus.com\/es\/#organization","name":"Polycliniqueplus chirurgie esthetique Turquie","url":"https:\/\/www.polycliniqueplus.com\/es\/","logo":{"@type":"ImageObject","inLanguage":"es","@id":"https:\/\/www.polycliniqueplus.com\/es\/#\/schema\/logo\/image\/","url":"https:\/\/www.polycliniqueplus.com\/wp-content\/uploads\/2021\/03\/cropped-add-box-fill.png","contentUrl":"https:\/\/www.polycliniqueplus.com\/wp-content\/uploads\/2021\/03\/cropped-add-box-fill.png","width":512,"height":512,"caption":"Polycliniqueplus chirurgie esthetique Turquie"},"image":{"@id":"https:\/\/www.polycliniqueplus.com\/es\/#\/schema\/logo\/image\/"},"sameAs":["https:\/\/www.facebook.com\/polycliniqueplus","https:\/\/x.com\/polyclinique1","https:\/\/www.youtube.com\/channel\/UCAnK3TORJqflIuYGFa-JQDw"]}]}},"_links":{"self":[{"href":"https:\/\/www.polycliniqueplus.com\/es\/wp-json\/wp\/v2\/pages\/9139","targetHints":{"allow":["GET"]}}],"collection":[{"href":"https:\/\/www.polycliniqueplus.com\/es\/wp-json\/wp\/v2\/pages"}],"about":[{"href":"https:\/\/www.polycliniqueplus.com\/es\/wp-json\/wp\/v2\/types\/page"}],"author":[{"embeddable":true,"href":"https:\/\/www.polycliniqueplus.com\/es\/wp-json\/wp\/v2\/users\/1"}],"replies":[{"embeddable":true,"href":"https:\/\/www.polycliniqueplus.com\/es\/wp-json\/wp\/v2\/comments?post=9139"}],"version-history":[{"count":11,"href":"https:\/\/www.polycliniqueplus.com\/es\/wp-json\/wp\/v2\/pages\/9139\/revisions"}],"predecessor-version":[{"id":32995,"href":"https:\/\/www.polycliniqueplus.com\/es\/wp-json\/wp\/v2\/pages\/9139\/revisions\/32995"}],"wp:featuredmedia":[{"embeddable":true,"href":"https:\/\/www.polycliniqueplus.com\/es\/wp-json\/wp\/v2\/media\/7596"}],"wp:attachment":[{"href":"https:\/\/www.polycliniqueplus.com\/es\/wp-json\/wp\/v2\/media?parent=9139"}],"curies":[{"name":"wp","href":"https:\/\/api.w.org\/{rel}","templated":true}]}}