{"id":8709,"date":"2021-05-04T15:20:15","date_gmt":"2021-05-04T13:20:15","guid":{"rendered":"https:\/\/www.polycliniqueplus.com\/levantamiento-de-gluteos-brasileno-asistido-por-lipo-vaser-turquia-precio-barato\/"},"modified":"2025-12-12T12:36:43","modified_gmt":"2025-12-12T11:36:43","slug":"levantamiento-de-gluteos-brasileno-asistido-por-lipo-vaser-turquia","status":"publish","type":"page","link":"https:\/\/www.polycliniqueplus.com\/es\/levantamiento-de-gluteos-brasileno-asistido-por-lipo-vaser-turquia\/","title":{"rendered":"Levantamiento de gl\u00fateos brasile\u00f1o asistido por lipo vaser Turqu\u00eda precio barato"},"content":{"rendered":"<div data-elementor-type=\"wp-page\" data-elementor-id=\"8709\" class=\"elementor elementor-8709 elementor-6165\" data-elementor-settings=\"{&quot;ha_cmc_init_switcher&quot;:&quot;no&quot;}\">\n\t\t\t\t\t\t<section class=\"elementor-section elementor-top-section elementor-element elementor-element-51a278e elementor-section-boxed elementor-section-height-default elementor-section-height-default\" data-id=\"51a278e\" data-element_type=\"section\" data-settings=\"{&quot;_ha_eqh_enable&quot;:false}\">\n\t\t\t\t\t\t<div class=\"elementor-container elementor-column-gap-default\">\n\t\t\t\t\t<div class=\"elementor-column elementor-col-66 elementor-top-column elementor-element elementor-element-b3a310e\" data-id=\"b3a310e\" data-element_type=\"column\">\n\t\t\t<div class=\"elementor-widget-wrap elementor-element-populated\">\n\t\t\t\t\t\t<div class=\"elementor-element elementor-element-900086e elementor-widget elementor-widget-text-editor\" data-id=\"900086e\" data-element_type=\"widget\" data-widget_type=\"text-editor.default\">\n\t\t\t\t<div class=\"elementor-widget-container\">\n\t\t\t\t\t\t\tEl aumento de gl\u00fateos mediante transferencia de grasa gl\u00fatea asistida por liposucci\u00f3n vaser de alta definici\u00f3n es una variante mejorada del <a href=\"https:\/\/www.polycliniqueplus.com\/es\/brasil-butt-lift-bbl-turkey\/\" target=\"_blank\" rel=\"noopener\">lifting de gl\u00fateos brasile\u00f1o Turqu\u00eda<\/a>, en la que se realiza una liposucci\u00f3n vaser adem\u00e1s de la liposucci\u00f3n tumescente para una lipoescultura adicional que mejore el resultado.\n<h2>Procedimiento de lifting de gl\u00fateos brasile\u00f1o asistido por lipo vaser<\/h2>\nEl tejido graso transferido a la zona de los gl\u00fateos siempre se liposucciona mediante liposucci\u00f3n tumescente, ya que la liposucci\u00f3n vaser hace que el tejido graso recuperado &nbsp;no sea apto para la transferencia. Al igual que en el lifting de gl\u00fateos brasile\u00f1o cl\u00e1sico, el cirujano recupera grasa de la espalda, el est\u00f3mago o los muslos y luego la depura.\n\nA continuaci\u00f3n, la grasa purificada se inyecta de nuevo en los gl\u00fateos, mientras el cirujano realiza una liposucci\u00f3n l\u00e1ser de alta definici\u00f3n para moldear a\u00fan m\u00e1s el cuerpo.\t\t\t\t\t\t<\/div>\n\t\t\t\t<\/div>\n\t\t\t\t\t<\/div>\n\t\t<\/div>\n\t\t\t\t<div class=\"elementor-column elementor-col-33 elementor-top-column elementor-element elementor-element-d27796a\" data-id=\"d27796a\" data-element_type=\"column\">\n\t\t\t<div class=\"elementor-widget-wrap elementor-element-populated\">\n\t\t\t\t\t\t<div class=\"elementor-element elementor-element-2b8a3e4 elementor-widget elementor-widget-image\" data-id=\"2b8a3e4\" data-element_type=\"widget\" data-widget_type=\"image.default\">\n\t\t\t\t<div class=\"elementor-widget-container\">\n\t\t\t\t\t\t\t\t\t\t\t\t\t<noscript><img fetchpriority=\"high\" decoding=\"async\" width=\"574\" height=\"586\" src=\"https:\/\/www.polycliniqueplus.com\/wp-content\/uploads\/2021\/05\/lifting-bresilien-lipo-vaser-turquie.jpg\" class=\"attachment-large size-large wp-image-7570\" alt srcset=\"https:\/\/www.polycliniqueplus.com\/wp-content\/uploads\/2021\/05\/lifting-bresilien-lipo-vaser-turquie.jpg 574w, https:\/\/www.polycliniqueplus.com\/wp-content\/uploads\/2021\/05\/lifting-bresilien-lipo-vaser-turquie-294x300.jpg 294w\" sizes=\"(max-width: 574px) 100vw, 574px\"><\/noscript><img fetchpriority=\"high\" decoding=\"async\" width=\"574\" height=\"586\" src=\"data:image\/svg+xml,%3Csvg%20xmlns%3D%22http%3A%2F%2Fwww.w3.org%2F2000%2Fsvg%22%20viewBox%3D%220%200%20574%20586%22%3E%3C%2Fsvg%3E\" class=\"attachment-large size-large wp-image-7570 lazyload\" alt srcset=\"data:image\/svg+xml,%3Csvg%20xmlns%3D%22http%3A%2F%2Fwww.w3.org%2F2000%2Fsvg%22%20viewBox%3D%220%200%20574%20586%22%3E%3C%2Fsvg%3E 574w\" sizes=\"(max-width: 574px) 100vw, 574px\" data-srcset=\"https:\/\/www.polycliniqueplus.com\/wp-content\/uploads\/2021\/05\/lifting-bresilien-lipo-vaser-turquie.jpg 574w, https:\/\/www.polycliniqueplus.com\/wp-content\/uploads\/2021\/05\/lifting-bresilien-lipo-vaser-turquie-294x300.jpg 294w\" data-src=\"https:\/\/www.polycliniqueplus.com\/wp-content\/uploads\/2021\/05\/lifting-bresilien-lipo-vaser-turquie.jpg\">\t\t\t\t\t\t\t\t\t\t\t\t\t<\/div>\n\t\t\t\t<\/div>\n\t\t\t\t\t<\/div>\n\t\t<\/div>\n\t\t\t\t\t<\/div>\n\t\t<\/section>\n\t\t\t\t<section class=\"elementor-section elementor-top-section elementor-element elementor-element-fc3f2ae elementor-section-boxed elementor-section-height-default elementor-section-height-default\" data-id=\"fc3f2ae\" data-element_type=\"section\" data-settings=\"{&quot;_ha_eqh_enable&quot;:false}\">\n\t\t\t\t\t\t<div class=\"elementor-container elementor-column-gap-default\">\n\t\t\t\t\t<div class=\"elementor-column elementor-col-100 elementor-top-column elementor-element elementor-element-f8b61cc\" data-id=\"f8b61cc\" data-element_type=\"column\">\n\t\t\t<div class=\"elementor-widget-wrap elementor-element-populated\">\n\t\t\t\t\t\t<div class=\"elementor-element elementor-element-d456a8d elementor-widget elementor-widget-text-editor\" data-id=\"d456a8d\" data-element_type=\"widget\" data-widget_type=\"text-editor.default\">\n\t\t\t\t<div class=\"elementor-widget-container\">\n\t\t\t\t\t\t\t<p>La cantidad media de grasa necesaria para cada gl\u00fateo es de unos 250 a 350 cent\u00edmetros c\u00fabicos (cc) de grasa pura. As\u00ed que para ambos lados necesitar\u00e1 unos 700 cc de grasa.<\/p>\n<p>Las mujeres que no tienen mucha grasa corporal ser\u00e1n remitidas a un<a href=\"https:\/\/www.polycliniqueplus.com\/es\/aumento-gluteos-turquia\/\" target=\"_blank\" rel=\"noopener\">aumento de gl\u00fateos con implantes de gl\u00fateos<\/a>.<\/p>\n<p>Tras la cicatrizaci\u00f3n, la sensaci\u00f3n de los gl\u00fateos aumentados es muy natural y se parece a la de sus propios gl\u00fateos. Adem\u00e1s, el injerto de grasa es muy inc\u00f3modo.<\/p>\n<p>En el caso del aumento de gl\u00fateos, el m\u00e9todo de estratificaci\u00f3n crea unos gl\u00fateos suaves y m\u00e1s redondeados, sin que se aprecien irregularidades a trav\u00e9s de la piel.<\/p>\n\t\t\t\t\t\t<\/div>\n\t\t\t\t<\/div>\n\t\t\t\t\t<\/div>\n\t\t<\/div>\n\t\t\t\t\t<\/div>\n\t\t<\/section>\n\t\t\t\t<section class=\"elementor-section elementor-top-section elementor-element elementor-element-ac8c4dd elementor-section-boxed elementor-section-height-default elementor-section-height-default\" data-id=\"ac8c4dd\" data-element_type=\"section\" data-settings=\"{&quot;_ha_eqh_enable&quot;:false}\">\n\t\t\t\t\t\t<div class=\"elementor-container elementor-column-gap-default\">\n\t\t\t\t\t<div class=\"elementor-column elementor-col-100 elementor-top-column elementor-element elementor-element-bf95da1\" data-id=\"bf95da1\" data-element_type=\"column\">\n\t\t\t<div class=\"elementor-widget-wrap elementor-element-populated\">\n\t\t\t\t\t\t<div class=\"elementor-element elementor-element-4c4cde1 elementor-align-center elementor-widget elementor-widget-button\" data-id=\"4c4cde1\" data-element_type=\"widget\" data-widget_type=\"button.default\">\n\t\t\t\t<div class=\"elementor-widget-container\">\n\t\t\t\t\t<div class=\"elementor-button-wrapper\">\n\t\t\t<a class=\"elementor-button elementor-button-link elementor-size-sm\" href=\"https:\/\/www.polycliniqueplus.com\/es\/presupuesto\/\">\n\t\t\t\t\t\t<span class=\"elementor-button-content-wrapper\">\n\t\t\t\t\t\t\t\t\t<span class=\"elementor-button-text\">Estiramiento facial brasile\u00f1o + Lipo Vaser Presupuesto<\/span>\n\t\t\t\t\t<\/span>\n\t\t\t\t\t<\/a>\n\t\t<\/div>\n\t\t\t\t<\/div>\n\t\t\t\t<\/div>\n\t\t\t\t\t<\/div>\n\t\t<\/div>\n\t\t\t\t\t<\/div>\n\t\t<\/section>\n\t\t\t\t<section class=\"elementor-section elementor-top-section elementor-element elementor-element-d252317 elementor-section-boxed elementor-section-height-default elementor-section-height-default\" data-id=\"d252317\" data-element_type=\"section\" data-settings=\"{&quot;_ha_eqh_enable&quot;:false}\">\n\t\t\t\t\t\t<div class=\"elementor-container elementor-column-gap-default\">\n\t\t\t\t\t<div class=\"elementor-column elementor-col-100 elementor-top-column elementor-element elementor-element-5131667\" data-id=\"5131667\" data-element_type=\"column\">\n\t\t\t<div class=\"elementor-widget-wrap elementor-element-populated\">\n\t\t\t\t\t\t<div class=\"elementor-element elementor-element-34e5594 elementor-widget elementor-widget-text-editor\" data-id=\"34e5594\" data-element_type=\"widget\" data-widget_type=\"text-editor.default\">\n\t\t\t\t<div class=\"elementor-widget-container\">\n\t\t\t\t\t\t\t<h2>Candidato ideal para la transferencia de grasa gl\u00fatea<\/h2>\nEn general, si una paciente tiene sobrepeso, probablemente lo mejor para ella sea una transferencia y posiblemente una <a href=\"https:\/\/www.polycliniqueplus.com\/es\/liposuccion-vaser-turquia\/\" target=\"_blank\" rel=\"noopener\">liposucci\u00f3n vaser<\/a>. Las pacientes delgadas con vestidos de la talla 2 a 4 no suelen <a href=\"https:\/\/www.polycliniqueplus.com\/es\/lipofilling-gluteos-turquia\/\" target=\"_blank\" rel=\"noopener\">ser buenas candidatas para la transferencia de grasa<\/a>, ya que no disponen de grasa.\n<h2>Beneficios de la transferencia de grasa de gl\u00fateos con lipo vaser<\/h2>\n<ul class=\"liste-page\">\n \t<li>Al tratarse de una intervenci\u00f3n quir\u00fargica, el tiempo de inactividad es limitado. Puede volver al trabajo en unas 2 o 3 semanas.<\/li>\n \t<li>La grasa inyectada en los gl\u00fateos es su propia grasa, por lo que hay menos riesgo de infecci\u00f3n.<\/li>\n \t<li>A diferencia de los implantes, la grasa es una sustancia ideal para el aumento de gl\u00fateos porque procede de su propio cuerpo.<\/li>\n \t<li>La liposucci\u00f3n y la inyecci\u00f3n de grasa se realizan a trav\u00e9s de incisiones muy peque\u00f1as, por lo que no le quedar\u00e1n cicatrices. La grasa tambi\u00e9n se inserta cuidadosamente en diferentes capas de grasa, de modo que obtendr\u00e1 un aspecto uniforme y natural, como si se tratara de su propia grasa gl\u00fatea (\u00a1porque lo es!). La \u00faltima gran ventaja del lifting brasile\u00f1o de gl\u00fateos es que, al no llevar implantes, no existe riesgo de migraci\u00f3n o desplazamiento.<\/li>\n \t<li>La grasa eliminada de las zonas adiposas del cuerpo, como la cintura y los muslos, har\u00e1 que sus nuevos y abundantes gl\u00fateos destaquen a\u00fan m\u00e1s.<\/li>\n<\/ul>\t\t\t\t\t\t<\/div>\n\t\t\t\t<\/div>\n\t\t\t\t\t<\/div>\n\t\t<\/div>\n\t\t\t\t\t<\/div>\n\t\t<\/section>\n\t\t\t\t<\/div>\n\t\t","protected":false},"excerpt":{"rendered":"<p>El aumento de gl\u00fateos mediante transferencia de grasa gl\u00fatea asistida por liposucci\u00f3n vaser de alta definici\u00f3n es una variante mejorada del lifting de gl\u00fateos brasile\u00f1o Turqu\u00eda, en la que se realiza una liposucci\u00f3n vaser adem\u00e1s de la liposucci\u00f3n tumescente para una lipoescultura adicional que mejore el resultado. Procedimiento de lifting de gl\u00fateos brasile\u00f1o asistido por [&hellip;]<\/p>\n","protected":false},"author":1,"featured_media":7570,"parent":0,"menu_order":0,"comment_status":"closed","ping_status":"closed","template":"","meta":{"footnotes":""},"class_list":["post-8709","page","type-page","status-publish","has-post-thumbnail","hentry"],"yoast_head":"<!-- This site is optimized with the Yoast SEO plugin v27.3 - https:\/\/yoast.com\/product\/yoast-seo-wordpress\/ -->\n<title>Levantamiento de gl\u00fateos brasile\u00f1o asistido por lipo vaser Turqu\u00eda precio barato<\/title>\n<meta name=\"description\" content=\"El aumento de gl\u00fateos mediante transferencia de grasa gl\u00fatea asistida por liposucci\u00f3n vaser de alta definici\u00f3n es una variante mejorada del lifting brasile\u00f1o de gl\u00fateos Turqu\u00eda\" \/>\n<meta name=\"robots\" content=\"index, follow, max-snippet:-1, max-image-preview:large, max-video-preview:-1\" \/>\n<link rel=\"canonical\" href=\"https:\/\/www.polycliniqueplus.com\/es\/levantamiento-de-gluteos-brasileno-asistido-por-lipo-vaser-turquia\/\" \/>\n<meta property=\"og:locale\" content=\"es_ES\" \/>\n<meta property=\"og:type\" content=\"article\" \/>\n<meta property=\"og:title\" content=\"Levantamiento de gl\u00fateos brasile\u00f1o asistido por lipo vaser Turqu\u00eda precio barato\" \/>\n<meta property=\"og:description\" content=\"El aumento de gl\u00fateos mediante transferencia de grasa gl\u00fatea asistida por liposucci\u00f3n vaser de alta definici\u00f3n es una variante mejorada del lifting brasile\u00f1o de gl\u00fateos Turqu\u00eda\" \/>\n<meta property=\"og:url\" content=\"https:\/\/www.polycliniqueplus.com\/es\/levantamiento-de-gluteos-brasileno-asistido-por-lipo-vaser-turquia\/\" \/>\n<meta property=\"og:site_name\" content=\"Chirurgie esthetique Turquie : Prix interventions meilleures cliniques Istanbul\" \/>\n<meta property=\"article:publisher\" content=\"https:\/\/www.facebook.com\/polycliniqueplus\" \/>\n<meta property=\"article:modified_time\" content=\"2025-12-12T11:36:43+00:00\" \/>\n<meta property=\"og:image\" content=\"https:\/\/www.polycliniqueplus.com\/wp-content\/uploads\/2021\/05\/lifting-bresilien-lipo-vaser-turquie.jpg\" \/>\n\t<meta property=\"og:image:width\" content=\"574\" \/>\n\t<meta property=\"og:image:height\" content=\"586\" \/>\n\t<meta property=\"og:image:type\" content=\"image\/jpeg\" \/>\n<meta name=\"twitter:card\" content=\"summary_large_image\" \/>\n<meta name=\"twitter:site\" content=\"@polyclinique1\" \/>\n<meta name=\"twitter:label1\" content=\"Tiempo de lectura\" \/>\n\t<meta name=\"twitter:data1\" content=\"3 minutos\" \/>\n<script type=\"application\/ld+json\" class=\"yoast-schema-graph\">{\"@context\":\"https:\\\/\\\/schema.org\",\"@graph\":[{\"@type\":\"WebPage\",\"@id\":\"https:\\\/\\\/www.polycliniqueplus.com\\\/es\\\/levantamiento-de-gluteos-brasileno-asistido-por-lipo-vaser-turquia\\\/\",\"url\":\"https:\\\/\\\/www.polycliniqueplus.com\\\/es\\\/levantamiento-de-gluteos-brasileno-asistido-por-lipo-vaser-turquia\\\/\",\"name\":\"Levantamiento de gl\u00fateos brasile\u00f1o asistido por lipo vaser Turqu\u00eda precio barato\",\"isPartOf\":{\"@id\":\"https:\\\/\\\/www.polycliniqueplus.com\\\/es\\\/#website\"},\"primaryImageOfPage\":{\"@id\":\"https:\\\/\\\/www.polycliniqueplus.com\\\/es\\\/levantamiento-de-gluteos-brasileno-asistido-por-lipo-vaser-turquia\\\/#primaryimage\"},\"image\":{\"@id\":\"https:\\\/\\\/www.polycliniqueplus.com\\\/es\\\/levantamiento-de-gluteos-brasileno-asistido-por-lipo-vaser-turquia\\\/#primaryimage\"},\"thumbnailUrl\":\"https:\\\/\\\/www.polycliniqueplus.com\\\/wp-content\\\/uploads\\\/2021\\\/05\\\/lifting-bresilien-lipo-vaser-turquie.jpg\",\"datePublished\":\"2021-05-04T13:20:15+00:00\",\"dateModified\":\"2025-12-12T11:36:43+00:00\",\"description\":\"El aumento de gl\u00fateos mediante transferencia de grasa gl\u00fatea asistida por liposucci\u00f3n vaser de alta definici\u00f3n es una variante mejorada del lifting brasile\u00f1o de gl\u00fateos Turqu\u00eda\",\"breadcrumb\":{\"@id\":\"https:\\\/\\\/www.polycliniqueplus.com\\\/es\\\/levantamiento-de-gluteos-brasileno-asistido-por-lipo-vaser-turquia\\\/#breadcrumb\"},\"inLanguage\":\"es\",\"potentialAction\":[{\"@type\":\"ReadAction\",\"target\":[\"https:\\\/\\\/www.polycliniqueplus.com\\\/es\\\/levantamiento-de-gluteos-brasileno-asistido-por-lipo-vaser-turquia\\\/\"]}]},{\"@type\":\"ImageObject\",\"inLanguage\":\"es\",\"@id\":\"https:\\\/\\\/www.polycliniqueplus.com\\\/es\\\/levantamiento-de-gluteos-brasileno-asistido-por-lipo-vaser-turquia\\\/#primaryimage\",\"url\":\"https:\\\/\\\/www.polycliniqueplus.com\\\/wp-content\\\/uploads\\\/2021\\\/05\\\/lifting-bresilien-lipo-vaser-turquie.jpg\",\"contentUrl\":\"https:\\\/\\\/www.polycliniqueplus.com\\\/wp-content\\\/uploads\\\/2021\\\/05\\\/lifting-bresilien-lipo-vaser-turquie.jpg\",\"width\":574,\"height\":586,\"caption\":\"lifting-bresilien-lipo-vaser-turquie\"},{\"@type\":\"BreadcrumbList\",\"@id\":\"https:\\\/\\\/www.polycliniqueplus.com\\\/es\\\/levantamiento-de-gluteos-brasileno-asistido-por-lipo-vaser-turquia\\\/#breadcrumb\",\"itemListElement\":[{\"@type\":\"ListItem\",\"position\":1,\"name\":\"Accueil\",\"item\":\"https:\\\/\\\/www.polycliniqueplus.com\\\/es\\\/\"},{\"@type\":\"ListItem\",\"position\":2,\"name\":\"Levantamiento de gl\u00fateos brasile\u00f1o asistido por lipo vaser Turqu\u00eda precio barato\"}]},{\"@type\":\"WebSite\",\"@id\":\"https:\\\/\\\/www.polycliniqueplus.com\\\/es\\\/#website\",\"url\":\"https:\\\/\\\/www.polycliniqueplus.com\\\/es\\\/\",\"name\":\"Chirurgie esthetique Turquie : Prix interventions meilleures cliniques Istanbul\",\"description\":\"Chirurgie esthetique Turquie prix pas cher\",\"publisher\":{\"@id\":\"https:\\\/\\\/www.polycliniqueplus.com\\\/es\\\/#organization\"},\"potentialAction\":[{\"@type\":\"SearchAction\",\"target\":{\"@type\":\"EntryPoint\",\"urlTemplate\":\"https:\\\/\\\/www.polycliniqueplus.com\\\/es\\\/?s={search_term_string}\"},\"query-input\":{\"@type\":\"PropertyValueSpecification\",\"valueRequired\":true,\"valueName\":\"search_term_string\"}}],\"inLanguage\":\"es\"},{\"@type\":\"Organization\",\"@id\":\"https:\\\/\\\/www.polycliniqueplus.com\\\/es\\\/#organization\",\"name\":\"Polycliniqueplus chirurgie esthetique Turquie\",\"url\":\"https:\\\/\\\/www.polycliniqueplus.com\\\/es\\\/\",\"logo\":{\"@type\":\"ImageObject\",\"inLanguage\":\"es\",\"@id\":\"https:\\\/\\\/www.polycliniqueplus.com\\\/es\\\/#\\\/schema\\\/logo\\\/image\\\/\",\"url\":\"https:\\\/\\\/www.polycliniqueplus.com\\\/wp-content\\\/uploads\\\/2021\\\/03\\\/cropped-add-box-fill.png\",\"contentUrl\":\"https:\\\/\\\/www.polycliniqueplus.com\\\/wp-content\\\/uploads\\\/2021\\\/03\\\/cropped-add-box-fill.png\",\"width\":512,\"height\":512,\"caption\":\"Polycliniqueplus chirurgie esthetique Turquie\"},\"image\":{\"@id\":\"https:\\\/\\\/www.polycliniqueplus.com\\\/es\\\/#\\\/schema\\\/logo\\\/image\\\/\"},\"sameAs\":[\"https:\\\/\\\/www.facebook.com\\\/polycliniqueplus\",\"https:\\\/\\\/x.com\\\/polyclinique1\",\"https:\\\/\\\/www.youtube.com\\\/channel\\\/UCAnK3TORJqflIuYGFa-JQDw\"]}]}<\/script>\n<!-- \/ Yoast SEO plugin. -->","yoast_head_json":{"title":"Levantamiento de gl\u00fateos brasile\u00f1o asistido por lipo vaser Turqu\u00eda precio barato","description":"El aumento de gl\u00fateos mediante transferencia de grasa gl\u00fatea asistida por liposucci\u00f3n vaser de alta definici\u00f3n es una variante mejorada del lifting brasile\u00f1o de gl\u00fateos Turqu\u00eda","robots":{"index":"index","follow":"follow","max-snippet":"max-snippet:-1","max-image-preview":"max-image-preview:large","max-video-preview":"max-video-preview:-1"},"canonical":"https:\/\/www.polycliniqueplus.com\/es\/levantamiento-de-gluteos-brasileno-asistido-por-lipo-vaser-turquia\/","og_locale":"es_ES","og_type":"article","og_title":"Levantamiento de gl\u00fateos brasile\u00f1o asistido por lipo vaser Turqu\u00eda precio barato","og_description":"El aumento de gl\u00fateos mediante transferencia de grasa gl\u00fatea asistida por liposucci\u00f3n vaser de alta definici\u00f3n es una variante mejorada del lifting brasile\u00f1o de gl\u00fateos Turqu\u00eda","og_url":"https:\/\/www.polycliniqueplus.com\/es\/levantamiento-de-gluteos-brasileno-asistido-por-lipo-vaser-turquia\/","og_site_name":"Chirurgie esthetique Turquie : Prix interventions meilleures cliniques Istanbul","article_publisher":"https:\/\/www.facebook.com\/polycliniqueplus","article_modified_time":"2025-12-12T11:36:43+00:00","og_image":[{"width":574,"height":586,"url":"https:\/\/www.polycliniqueplus.com\/wp-content\/uploads\/2021\/05\/lifting-bresilien-lipo-vaser-turquie.jpg","type":"image\/jpeg"}],"twitter_card":"summary_large_image","twitter_site":"@polyclinique1","twitter_misc":{"Tiempo de lectura":"3 minutos"},"schema":{"@context":"https:\/\/schema.org","@graph":[{"@type":"WebPage","@id":"https:\/\/www.polycliniqueplus.com\/es\/levantamiento-de-gluteos-brasileno-asistido-por-lipo-vaser-turquia\/","url":"https:\/\/www.polycliniqueplus.com\/es\/levantamiento-de-gluteos-brasileno-asistido-por-lipo-vaser-turquia\/","name":"Levantamiento de gl\u00fateos brasile\u00f1o asistido por lipo vaser Turqu\u00eda precio barato","isPartOf":{"@id":"https:\/\/www.polycliniqueplus.com\/es\/#website"},"primaryImageOfPage":{"@id":"https:\/\/www.polycliniqueplus.com\/es\/levantamiento-de-gluteos-brasileno-asistido-por-lipo-vaser-turquia\/#primaryimage"},"image":{"@id":"https:\/\/www.polycliniqueplus.com\/es\/levantamiento-de-gluteos-brasileno-asistido-por-lipo-vaser-turquia\/#primaryimage"},"thumbnailUrl":"https:\/\/www.polycliniqueplus.com\/wp-content\/uploads\/2021\/05\/lifting-bresilien-lipo-vaser-turquie.jpg","datePublished":"2021-05-04T13:20:15+00:00","dateModified":"2025-12-12T11:36:43+00:00","description":"El aumento de gl\u00fateos mediante transferencia de grasa gl\u00fatea asistida por liposucci\u00f3n vaser de alta definici\u00f3n es una variante mejorada del lifting brasile\u00f1o de gl\u00fateos Turqu\u00eda","breadcrumb":{"@id":"https:\/\/www.polycliniqueplus.com\/es\/levantamiento-de-gluteos-brasileno-asistido-por-lipo-vaser-turquia\/#breadcrumb"},"inLanguage":"es","potentialAction":[{"@type":"ReadAction","target":["https:\/\/www.polycliniqueplus.com\/es\/levantamiento-de-gluteos-brasileno-asistido-por-lipo-vaser-turquia\/"]}]},{"@type":"ImageObject","inLanguage":"es","@id":"https:\/\/www.polycliniqueplus.com\/es\/levantamiento-de-gluteos-brasileno-asistido-por-lipo-vaser-turquia\/#primaryimage","url":"https:\/\/www.polycliniqueplus.com\/wp-content\/uploads\/2021\/05\/lifting-bresilien-lipo-vaser-turquie.jpg","contentUrl":"https:\/\/www.polycliniqueplus.com\/wp-content\/uploads\/2021\/05\/lifting-bresilien-lipo-vaser-turquie.jpg","width":574,"height":586,"caption":"lifting-bresilien-lipo-vaser-turquie"},{"@type":"BreadcrumbList","@id":"https:\/\/www.polycliniqueplus.com\/es\/levantamiento-de-gluteos-brasileno-asistido-por-lipo-vaser-turquia\/#breadcrumb","itemListElement":[{"@type":"ListItem","position":1,"name":"Accueil","item":"https:\/\/www.polycliniqueplus.com\/es\/"},{"@type":"ListItem","position":2,"name":"Levantamiento de gl\u00fateos brasile\u00f1o asistido por lipo vaser Turqu\u00eda precio barato"}]},{"@type":"WebSite","@id":"https:\/\/www.polycliniqueplus.com\/es\/#website","url":"https:\/\/www.polycliniqueplus.com\/es\/","name":"Chirurgie esthetique Turquie : Prix interventions meilleures cliniques Istanbul","description":"Chirurgie esthetique Turquie prix pas cher","publisher":{"@id":"https:\/\/www.polycliniqueplus.com\/es\/#organization"},"potentialAction":[{"@type":"SearchAction","target":{"@type":"EntryPoint","urlTemplate":"https:\/\/www.polycliniqueplus.com\/es\/?s={search_term_string}"},"query-input":{"@type":"PropertyValueSpecification","valueRequired":true,"valueName":"search_term_string"}}],"inLanguage":"es"},{"@type":"Organization","@id":"https:\/\/www.polycliniqueplus.com\/es\/#organization","name":"Polycliniqueplus chirurgie esthetique Turquie","url":"https:\/\/www.polycliniqueplus.com\/es\/","logo":{"@type":"ImageObject","inLanguage":"es","@id":"https:\/\/www.polycliniqueplus.com\/es\/#\/schema\/logo\/image\/","url":"https:\/\/www.polycliniqueplus.com\/wp-content\/uploads\/2021\/03\/cropped-add-box-fill.png","contentUrl":"https:\/\/www.polycliniqueplus.com\/wp-content\/uploads\/2021\/03\/cropped-add-box-fill.png","width":512,"height":512,"caption":"Polycliniqueplus chirurgie esthetique Turquie"},"image":{"@id":"https:\/\/www.polycliniqueplus.com\/es\/#\/schema\/logo\/image\/"},"sameAs":["https:\/\/www.facebook.com\/polycliniqueplus","https:\/\/x.com\/polyclinique1","https:\/\/www.youtube.com\/channel\/UCAnK3TORJqflIuYGFa-JQDw"]}]}},"_links":{"self":[{"href":"https:\/\/www.polycliniqueplus.com\/es\/wp-json\/wp\/v2\/pages\/8709","targetHints":{"allow":["GET"]}}],"collection":[{"href":"https:\/\/www.polycliniqueplus.com\/es\/wp-json\/wp\/v2\/pages"}],"about":[{"href":"https:\/\/www.polycliniqueplus.com\/es\/wp-json\/wp\/v2\/types\/page"}],"author":[{"embeddable":true,"href":"https:\/\/www.polycliniqueplus.com\/es\/wp-json\/wp\/v2\/users\/1"}],"replies":[{"embeddable":true,"href":"https:\/\/www.polycliniqueplus.com\/es\/wp-json\/wp\/v2\/comments?post=8709"}],"version-history":[{"count":17,"href":"https:\/\/www.polycliniqueplus.com\/es\/wp-json\/wp\/v2\/pages\/8709\/revisions"}],"predecessor-version":[{"id":32929,"href":"https:\/\/www.polycliniqueplus.com\/es\/wp-json\/wp\/v2\/pages\/8709\/revisions\/32929"}],"wp:featuredmedia":[{"embeddable":true,"href":"https:\/\/www.polycliniqueplus.com\/es\/wp-json\/wp\/v2\/media\/7570"}],"wp:attachment":[{"href":"https:\/\/www.polycliniqueplus.com\/es\/wp-json\/wp\/v2\/media?parent=8709"}],"curies":[{"name":"wp","href":"https:\/\/api.w.org\/{rel}","templated":true}]}}