{"id":8683,"date":"2021-05-21T12:20:47","date_gmt":"2021-05-21T10:20:47","guid":{"rendered":"https:\/\/www.polycliniqueplus.com\/tecnicas-de-liposuccion-metodos-quirurgicos-y-no-invasivos-a-precios-bajos\/"},"modified":"2025-12-12T12:43:11","modified_gmt":"2025-12-12T11:43:11","slug":"tecnicas-liposuccion","status":"publish","type":"page","link":"https:\/\/www.polycliniqueplus.com\/es\/tecnicas-liposuccion\/","title":{"rendered":"T\u00e9cnicas de liposucci\u00f3n: m\u00e9todos quir\u00fargicos y no invasivos a precios bajos"},"content":{"rendered":"\t\t<div data-elementor-type=\"wp-page\" data-elementor-id=\"8683\" class=\"elementor elementor-8683 elementor-6280\" data-elementor-settings=\"{&quot;ha_cmc_init_switcher&quot;:&quot;no&quot;}\">\n\t\t\t\t\t\t<section class=\"elementor-section elementor-top-section elementor-element elementor-element-bb5350c elementor-section-boxed elementor-section-height-default elementor-section-height-default\" data-id=\"bb5350c\" data-element_type=\"section\" data-settings=\"{&quot;_ha_eqh_enable&quot;:false}\">\n\t\t\t\t\t\t<div class=\"elementor-container elementor-column-gap-default\">\n\t\t\t\t\t<div class=\"elementor-column elementor-col-100 elementor-top-column elementor-element elementor-element-22ce059\" data-id=\"22ce059\" data-element_type=\"column\">\n\t\t\t<div class=\"elementor-widget-wrap elementor-element-populated\">\n\t\t\t\t\t\t<div class=\"elementor-element elementor-element-9d44719 elementor-widget elementor-widget-text-editor\" data-id=\"9d44719\" data-element_type=\"widget\" data-widget_type=\"text-editor.default\">\n\t\t\t\t<div class=\"elementor-widget-container\">\n\t\t\t\t\t\t\tLa liposucci\u00f3n es una t\u00e9cnica m\u00e1s adecuada cuando se combina con otro procedimiento quir\u00fargico o cuando se trata una zona extensa. En concreto, la liposucci\u00f3n es m\u00e1s adecuada para los pacientes que desean obtener un resultado completo en una sola intervenci\u00f3n. Existen diferentes enfoques y <b>t\u00e9cnicas para la liposucci\u00f3n de los bultos de grasa<\/b>:\n\t\t\t\t\t\t<\/div>\n\t\t\t\t<\/div>\n\t\t\t\t<div class=\"elementor-element elementor-element-7e71395 elementor-widget elementor-widget-text-editor\" data-id=\"7e71395\" data-element_type=\"widget\" data-widget_type=\"text-editor.default\">\n\t\t\t\t<div class=\"elementor-widget-container\">\n\t\t\t\t\t\t\t<h2>Liposucci\u00f3n tumescente<\/h2>\nEn la lipoplastia intumescente, el tejido adiposo que se va a extirpar se infla primero con una soluci\u00f3n l\u00edquida isot\u00f3nica. Esta mezcla suele contener un vasoconstrictor llamado epinefrina que reduce el riesgo de hipertensi\u00f3n (tensi\u00f3n arterial alta) y taquicardia (frecuencia cardiaca anormalmente r\u00e1pida), al tiempo que minimiza la p\u00e9rdida de sangre durante el procedimiento.\n\n\t\t\t\t\t\t<\/div>\n\t\t\t\t<\/div>\n\t\t\t\t<div class=\"elementor-element elementor-element-fb687e4 elementor-widget elementor-widget-text-editor\" data-id=\"fb687e4\" data-element_type=\"widget\" data-widget_type=\"text-editor.default\">\n\t\t\t\t<div class=\"elementor-widget-container\">\n\t\t\t\t\t\t\tLa soluci\u00f3n tambi\u00e9n contiene soluci\u00f3n salina y un anest\u00e9sico local llamado lidoca\u00edna. La t\u00e9cnica tumescente es popular porque permite eliminar grandes vol\u00famenes de grasa sin necesidad de anestesia general.\t\t\t\t\t\t<\/div>\n\t\t\t\t<\/div>\n\t\t\t\t\t<\/div>\n\t\t<\/div>\n\t\t\t\t\t<\/div>\n\t\t<\/section>\n\t\t\t\t<section class=\"elementor-section elementor-top-section elementor-element elementor-element-ebc7ca7 elementor-section-boxed elementor-section-height-default elementor-section-height-default\" data-id=\"ebc7ca7\" data-element_type=\"section\" data-settings=\"{&quot;_ha_eqh_enable&quot;:false}\">\n\t\t\t\t\t\t<div class=\"elementor-container elementor-column-gap-default\">\n\t\t\t\t\t<div class=\"elementor-column elementor-col-100 elementor-top-column elementor-element elementor-element-f64f56a\" data-id=\"f64f56a\" data-element_type=\"column\">\n\t\t\t<div class=\"elementor-widget-wrap elementor-element-populated\">\n\t\t\t\t\t\t<div class=\"elementor-element elementor-element-cdbcb8c elementor-widget elementor-widget-text-editor\" data-id=\"cdbcb8c\" data-element_type=\"widget\" data-widget_type=\"text-editor.default\">\n\t\t\t\t<div class=\"elementor-widget-container\">\n\t\t\t\t\t\t\t<h2>Liposucci\u00f3n por vibraci\u00f3n : Lipomatic<\/h2>\nEste tipo de lipoplastia utiliza una soluci\u00f3n tumescente pero una c\u00e1nula especializada que vibra para acelerar la descomposici\u00f3n de las c\u00e9lulas grasas. La vibraci\u00f3n de la c\u00e1nula permite al cirujano romper la grasa m\u00e1s f\u00e1cilmente. Esto significa que el procedimiento dura menos, el tejido se traumatiza menos y muchos pacientes se recuperan m\u00e1s r\u00e1pidamente.\n<h2>Liposucci\u00f3n por radiofrecuencia: RFAL<\/h2>\nRFAL\u2122 utiliza una c\u00e1nula que emite radiofrecuencias en la zona de tratamiento. Las ondas de radiofrecuencia facilitan la eliminaci\u00f3n de la grasa y ayudan a tensar la piel. Se ha demostrado que los sistemas RFAL\u2122 como Necktite y Bodytite\u2122 aumentan la elasticidad de la piel en un 30-40%. Este tipo de liposucci\u00f3n se utiliza generalmente en las <a href=\"https:\/\/www.polycliniqueplus.com\/es\/levantamiento-de-gluteos-brasileno-asistido-por-lipo-vaser-turquia\/\" target=\"_blank\" rel=\"noopener\">nalgas<\/a>, las caderas, los muslos y el vientre.\n<h2>Liposucci\u00f3n Vaser, liposucci\u00f3n ultras\u00f3nica<\/h2>\nLos sistemas UAL como <a href=\"https:\/\/www.polycliniqueplus.com\/es\/liposuccion-vaser-turquia\/\" target=\"_blank\" rel=\"noopener\">Vaserlipo\u00ae<\/a>se utilizan principalmente en muslos, caderas, espalda y est\u00f3mago. Esta tecnolog\u00eda combina la liposucci\u00f3n tumescente con frecuencias ultras\u00f3nicas que rompen y desprenden las c\u00e9lulas grasas antes de la liposucci\u00f3n tumescente. Esto permite aspirar m\u00e1s tejido graso. Este tipo de <a href=\"https:\/\/www.polycliniqueplus.com\/es\/liposuccion-turquia\/\" target=\"_blank\" rel=\"noopener\">liposucci\u00f3n <\/a>puede ser \u00fatil para tensar la piel en pacientes con problemas leves de elasticidad cut\u00e1nea.\n<h2>Lip\u00f3lisis l\u00e1ser<em>, <\/em>Liposucci\u00f3n asistida por l\u00e1ser<\/h2>\nLos sistemas LAL como CoolLipo\u2122 y <a href=\"https:\/\/www.polycliniqueplus.com\/es\/smartlipo-turquia\/\" target=\"_blank\" rel=\"noopener\">SmartLipo\u2122<\/a>\u00abfunden\u00bb el tejido adiposo con energ\u00eda l\u00e1ser antes de eliminarlo mediante succi\u00f3n. Este tipo agresivo de liposucci\u00f3n puede utilizarse en la mayor\u00eda de las zonas del cuerpo. Tambi\u00e9n tiene un efecto tensor de la piel y no suele requerir el uso de anestesia general.\n<h2>Liposucci\u00f3n por chorro de agua, liposucci\u00f3n asistida por chorro de agua<\/h2>\nLa LAL se utiliza para potenciar los efectos de la liposucci\u00f3n tumescente rociando suavemente agua para desalojar las c\u00e9lulas grasas antes de la aspiraci\u00f3n. Esto permite extraer m\u00e1s grasa con menos traumatismo para el tejido circundante. Esta tecnolog\u00eda se conoce generalmente como \u00abaqualipo\u00bb, o por su nombre comercial, Body Jet\u00ae.\n<h2>Lipoescultura<\/h2>\nEste tipo de liposucci\u00f3n se denomina com\u00fanmente \u00abgrabado abdominal\u00bb porque suele realizarse en el est\u00f3mago. Sin embargo, tambi\u00e9n puede realizarse en el pecho, los muslos, las pantorrillas, los brazos y otras zonas del cuerpo que hayan acumulado dep\u00f3sitos de grasa. La t\u00e9cnica consiste en dejar parte del tejido graso durante la liposucci\u00f3n para crear la apariencia de m\u00fasculos definidos.\t\t\t\t\t\t<\/div>\n\t\t\t\t<\/div>\n\t\t\t\t\t<\/div>\n\t\t<\/div>\n\t\t\t\t\t<\/div>\n\t\t<\/section>\n\t\t\t\t<\/div>\n\t\t","protected":false},"excerpt":{"rendered":"<p>La liposucci\u00f3n es una t\u00e9cnica m\u00e1s adecuada cuando se combina con otro procedimiento quir\u00fargico o cuando se trata una zona extensa. En concreto, la liposucci\u00f3n es m\u00e1s adecuada para los pacientes que desean obtener un resultado completo en una sola intervenci\u00f3n. Existen diferentes enfoques y t\u00e9cnicas para la liposucci\u00f3n de los bultos de grasa: Liposucci\u00f3n [&hellip;]<\/p>\n","protected":false},"author":1,"featured_media":7575,"parent":0,"menu_order":0,"comment_status":"closed","ping_status":"closed","template":"","meta":{"footnotes":""},"class_list":["post-8683","page","type-page","status-publish","has-post-thumbnail","hentry"],"yoast_head":"<!-- This site is optimized with the Yoast SEO plugin v27.3 - https:\/\/yoast.com\/product\/yoast-seo-wordpress\/ -->\n<title>T\u00e9cnicas de liposucci\u00f3n: todo lo que debes saber sobre las distintas formas de eliminar grasa<\/title>\n<meta name=\"description\" content=\"T\u00e9cnicas de liposucci\u00f3n: Conozca las t\u00e9cnicas de liposucci\u00f3n suave y las t\u00e9cnicas de liposucci\u00f3n quir\u00fargica que ofrecen todas las ventajas de la eliminaci\u00f3n de los bultos de grasa con menos traumatismos.\" \/>\n<meta name=\"robots\" content=\"index, follow, max-snippet:-1, max-image-preview:large, max-video-preview:-1\" \/>\n<link rel=\"canonical\" href=\"https:\/\/www.polycliniqueplus.com\/es\/tecnicas-liposuccion\/\" \/>\n<meta property=\"og:locale\" content=\"es_ES\" \/>\n<meta property=\"og:type\" content=\"article\" \/>\n<meta property=\"og:title\" content=\"T\u00e9cnicas de liposucci\u00f3n: todo lo que debes saber sobre las distintas formas de eliminar grasa\" \/>\n<meta property=\"og:description\" content=\"T\u00e9cnicas de liposucci\u00f3n: Conozca las t\u00e9cnicas de liposucci\u00f3n suave y las t\u00e9cnicas de liposucci\u00f3n quir\u00fargica que ofrecen todas las ventajas de la eliminaci\u00f3n de los bultos de grasa con menos traumatismos.\" \/>\n<meta property=\"og:url\" content=\"https:\/\/www.polycliniqueplus.com\/es\/tecnicas-liposuccion\/\" \/>\n<meta property=\"og:site_name\" content=\"Chirurgie esthetique Turquie : Prix interventions meilleures cliniques Istanbul\" \/>\n<meta property=\"article:publisher\" content=\"https:\/\/www.facebook.com\/polycliniqueplus\" \/>\n<meta property=\"article:modified_time\" content=\"2025-12-12T11:43:11+00:00\" \/>\n<meta property=\"og:image\" content=\"https:\/\/www.polycliniqueplus.com\/wp-content\/uploads\/2021\/05\/techniques-liposuccion-Turquie.jpg\" \/>\n\t<meta property=\"og:image:width\" content=\"720\" \/>\n\t<meta property=\"og:image:height\" content=\"540\" \/>\n\t<meta property=\"og:image:type\" content=\"image\/jpeg\" \/>\n<meta name=\"twitter:card\" content=\"summary_large_image\" \/>\n<meta name=\"twitter:site\" content=\"@polyclinique1\" \/>\n<meta name=\"twitter:label1\" content=\"Tiempo de lectura\" \/>\n\t<meta name=\"twitter:data1\" content=\"3 minutos\" \/>\n<script type=\"application\/ld+json\" class=\"yoast-schema-graph\">{\"@context\":\"https:\\\/\\\/schema.org\",\"@graph\":[{\"@type\":\"WebPage\",\"@id\":\"https:\\\/\\\/www.polycliniqueplus.com\\\/es\\\/tecnicas-liposuccion\\\/\",\"url\":\"https:\\\/\\\/www.polycliniqueplus.com\\\/es\\\/tecnicas-liposuccion\\\/\",\"name\":\"T\u00e9cnicas de liposucci\u00f3n: todo lo que debes saber sobre las distintas formas de eliminar grasa\",\"isPartOf\":{\"@id\":\"https:\\\/\\\/www.polycliniqueplus.com\\\/es\\\/#website\"},\"primaryImageOfPage\":{\"@id\":\"https:\\\/\\\/www.polycliniqueplus.com\\\/es\\\/tecnicas-liposuccion\\\/#primaryimage\"},\"image\":{\"@id\":\"https:\\\/\\\/www.polycliniqueplus.com\\\/es\\\/tecnicas-liposuccion\\\/#primaryimage\"},\"thumbnailUrl\":\"https:\\\/\\\/www.polycliniqueplus.com\\\/wp-content\\\/uploads\\\/2021\\\/05\\\/techniques-liposuccion-Turquie.jpg\",\"datePublished\":\"2021-05-21T10:20:47+00:00\",\"dateModified\":\"2025-12-12T11:43:11+00:00\",\"description\":\"T\u00e9cnicas de liposucci\u00f3n: Conozca las t\u00e9cnicas de liposucci\u00f3n suave y las t\u00e9cnicas de liposucci\u00f3n quir\u00fargica que ofrecen todas las ventajas de la eliminaci\u00f3n de los bultos de grasa con menos traumatismos.\",\"breadcrumb\":{\"@id\":\"https:\\\/\\\/www.polycliniqueplus.com\\\/es\\\/tecnicas-liposuccion\\\/#breadcrumb\"},\"inLanguage\":\"es\",\"potentialAction\":[{\"@type\":\"ReadAction\",\"target\":[\"https:\\\/\\\/www.polycliniqueplus.com\\\/es\\\/tecnicas-liposuccion\\\/\"]}]},{\"@type\":\"ImageObject\",\"inLanguage\":\"es\",\"@id\":\"https:\\\/\\\/www.polycliniqueplus.com\\\/es\\\/tecnicas-liposuccion\\\/#primaryimage\",\"url\":\"https:\\\/\\\/www.polycliniqueplus.com\\\/wp-content\\\/uploads\\\/2021\\\/05\\\/techniques-liposuccion-Turquie.jpg\",\"contentUrl\":\"https:\\\/\\\/www.polycliniqueplus.com\\\/wp-content\\\/uploads\\\/2021\\\/05\\\/techniques-liposuccion-Turquie.jpg\",\"width\":720,\"height\":540,\"caption\":\"techniques-liposuccion-Turquie\"},{\"@type\":\"BreadcrumbList\",\"@id\":\"https:\\\/\\\/www.polycliniqueplus.com\\\/es\\\/tecnicas-liposuccion\\\/#breadcrumb\",\"itemListElement\":[{\"@type\":\"ListItem\",\"position\":1,\"name\":\"Accueil\",\"item\":\"https:\\\/\\\/www.polycliniqueplus.com\\\/es\\\/\"},{\"@type\":\"ListItem\",\"position\":2,\"name\":\"T\u00e9cnicas de liposucci\u00f3n: m\u00e9todos quir\u00fargicos y no invasivos a precios bajos\"}]},{\"@type\":\"WebSite\",\"@id\":\"https:\\\/\\\/www.polycliniqueplus.com\\\/es\\\/#website\",\"url\":\"https:\\\/\\\/www.polycliniqueplus.com\\\/es\\\/\",\"name\":\"Chirurgie esthetique Turquie : Prix interventions meilleures cliniques Istanbul\",\"description\":\"Chirurgie esthetique Turquie prix pas cher\",\"publisher\":{\"@id\":\"https:\\\/\\\/www.polycliniqueplus.com\\\/es\\\/#organization\"},\"potentialAction\":[{\"@type\":\"SearchAction\",\"target\":{\"@type\":\"EntryPoint\",\"urlTemplate\":\"https:\\\/\\\/www.polycliniqueplus.com\\\/es\\\/?s={search_term_string}\"},\"query-input\":{\"@type\":\"PropertyValueSpecification\",\"valueRequired\":true,\"valueName\":\"search_term_string\"}}],\"inLanguage\":\"es\"},{\"@type\":\"Organization\",\"@id\":\"https:\\\/\\\/www.polycliniqueplus.com\\\/es\\\/#organization\",\"name\":\"Polycliniqueplus chirurgie esthetique Turquie\",\"url\":\"https:\\\/\\\/www.polycliniqueplus.com\\\/es\\\/\",\"logo\":{\"@type\":\"ImageObject\",\"inLanguage\":\"es\",\"@id\":\"https:\\\/\\\/www.polycliniqueplus.com\\\/es\\\/#\\\/schema\\\/logo\\\/image\\\/\",\"url\":\"https:\\\/\\\/www.polycliniqueplus.com\\\/wp-content\\\/uploads\\\/2021\\\/03\\\/cropped-add-box-fill.png\",\"contentUrl\":\"https:\\\/\\\/www.polycliniqueplus.com\\\/wp-content\\\/uploads\\\/2021\\\/03\\\/cropped-add-box-fill.png\",\"width\":512,\"height\":512,\"caption\":\"Polycliniqueplus chirurgie esthetique Turquie\"},\"image\":{\"@id\":\"https:\\\/\\\/www.polycliniqueplus.com\\\/es\\\/#\\\/schema\\\/logo\\\/image\\\/\"},\"sameAs\":[\"https:\\\/\\\/www.facebook.com\\\/polycliniqueplus\",\"https:\\\/\\\/x.com\\\/polyclinique1\",\"https:\\\/\\\/www.youtube.com\\\/channel\\\/UCAnK3TORJqflIuYGFa-JQDw\"]}]}<\/script>\n<!-- \/ Yoast SEO plugin. -->","yoast_head_json":{"title":"T\u00e9cnicas de liposucci\u00f3n: todo lo que debes saber sobre las distintas formas de eliminar grasa","description":"T\u00e9cnicas de liposucci\u00f3n: Conozca las t\u00e9cnicas de liposucci\u00f3n suave y las t\u00e9cnicas de liposucci\u00f3n quir\u00fargica que ofrecen todas las ventajas de la eliminaci\u00f3n de los bultos de grasa con menos traumatismos.","robots":{"index":"index","follow":"follow","max-snippet":"max-snippet:-1","max-image-preview":"max-image-preview:large","max-video-preview":"max-video-preview:-1"},"canonical":"https:\/\/www.polycliniqueplus.com\/es\/tecnicas-liposuccion\/","og_locale":"es_ES","og_type":"article","og_title":"T\u00e9cnicas de liposucci\u00f3n: todo lo que debes saber sobre las distintas formas de eliminar grasa","og_description":"T\u00e9cnicas de liposucci\u00f3n: Conozca las t\u00e9cnicas de liposucci\u00f3n suave y las t\u00e9cnicas de liposucci\u00f3n quir\u00fargica que ofrecen todas las ventajas de la eliminaci\u00f3n de los bultos de grasa con menos traumatismos.","og_url":"https:\/\/www.polycliniqueplus.com\/es\/tecnicas-liposuccion\/","og_site_name":"Chirurgie esthetique Turquie : Prix interventions meilleures cliniques Istanbul","article_publisher":"https:\/\/www.facebook.com\/polycliniqueplus","article_modified_time":"2025-12-12T11:43:11+00:00","og_image":[{"width":720,"height":540,"url":"https:\/\/www.polycliniqueplus.com\/wp-content\/uploads\/2021\/05\/techniques-liposuccion-Turquie.jpg","type":"image\/jpeg"}],"twitter_card":"summary_large_image","twitter_site":"@polyclinique1","twitter_misc":{"Tiempo de lectura":"3 minutos"},"schema":{"@context":"https:\/\/schema.org","@graph":[{"@type":"WebPage","@id":"https:\/\/www.polycliniqueplus.com\/es\/tecnicas-liposuccion\/","url":"https:\/\/www.polycliniqueplus.com\/es\/tecnicas-liposuccion\/","name":"T\u00e9cnicas de liposucci\u00f3n: todo lo que debes saber sobre las distintas formas de eliminar grasa","isPartOf":{"@id":"https:\/\/www.polycliniqueplus.com\/es\/#website"},"primaryImageOfPage":{"@id":"https:\/\/www.polycliniqueplus.com\/es\/tecnicas-liposuccion\/#primaryimage"},"image":{"@id":"https:\/\/www.polycliniqueplus.com\/es\/tecnicas-liposuccion\/#primaryimage"},"thumbnailUrl":"https:\/\/www.polycliniqueplus.com\/wp-content\/uploads\/2021\/05\/techniques-liposuccion-Turquie.jpg","datePublished":"2021-05-21T10:20:47+00:00","dateModified":"2025-12-12T11:43:11+00:00","description":"T\u00e9cnicas de liposucci\u00f3n: Conozca las t\u00e9cnicas de liposucci\u00f3n suave y las t\u00e9cnicas de liposucci\u00f3n quir\u00fargica que ofrecen todas las ventajas de la eliminaci\u00f3n de los bultos de grasa con menos traumatismos.","breadcrumb":{"@id":"https:\/\/www.polycliniqueplus.com\/es\/tecnicas-liposuccion\/#breadcrumb"},"inLanguage":"es","potentialAction":[{"@type":"ReadAction","target":["https:\/\/www.polycliniqueplus.com\/es\/tecnicas-liposuccion\/"]}]},{"@type":"ImageObject","inLanguage":"es","@id":"https:\/\/www.polycliniqueplus.com\/es\/tecnicas-liposuccion\/#primaryimage","url":"https:\/\/www.polycliniqueplus.com\/wp-content\/uploads\/2021\/05\/techniques-liposuccion-Turquie.jpg","contentUrl":"https:\/\/www.polycliniqueplus.com\/wp-content\/uploads\/2021\/05\/techniques-liposuccion-Turquie.jpg","width":720,"height":540,"caption":"techniques-liposuccion-Turquie"},{"@type":"BreadcrumbList","@id":"https:\/\/www.polycliniqueplus.com\/es\/tecnicas-liposuccion\/#breadcrumb","itemListElement":[{"@type":"ListItem","position":1,"name":"Accueil","item":"https:\/\/www.polycliniqueplus.com\/es\/"},{"@type":"ListItem","position":2,"name":"T\u00e9cnicas de liposucci\u00f3n: m\u00e9todos quir\u00fargicos y no invasivos a precios bajos"}]},{"@type":"WebSite","@id":"https:\/\/www.polycliniqueplus.com\/es\/#website","url":"https:\/\/www.polycliniqueplus.com\/es\/","name":"Chirurgie esthetique Turquie : Prix interventions meilleures cliniques Istanbul","description":"Chirurgie esthetique Turquie prix pas cher","publisher":{"@id":"https:\/\/www.polycliniqueplus.com\/es\/#organization"},"potentialAction":[{"@type":"SearchAction","target":{"@type":"EntryPoint","urlTemplate":"https:\/\/www.polycliniqueplus.com\/es\/?s={search_term_string}"},"query-input":{"@type":"PropertyValueSpecification","valueRequired":true,"valueName":"search_term_string"}}],"inLanguage":"es"},{"@type":"Organization","@id":"https:\/\/www.polycliniqueplus.com\/es\/#organization","name":"Polycliniqueplus chirurgie esthetique Turquie","url":"https:\/\/www.polycliniqueplus.com\/es\/","logo":{"@type":"ImageObject","inLanguage":"es","@id":"https:\/\/www.polycliniqueplus.com\/es\/#\/schema\/logo\/image\/","url":"https:\/\/www.polycliniqueplus.com\/wp-content\/uploads\/2021\/03\/cropped-add-box-fill.png","contentUrl":"https:\/\/www.polycliniqueplus.com\/wp-content\/uploads\/2021\/03\/cropped-add-box-fill.png","width":512,"height":512,"caption":"Polycliniqueplus chirurgie esthetique Turquie"},"image":{"@id":"https:\/\/www.polycliniqueplus.com\/es\/#\/schema\/logo\/image\/"},"sameAs":["https:\/\/www.facebook.com\/polycliniqueplus","https:\/\/x.com\/polyclinique1","https:\/\/www.youtube.com\/channel\/UCAnK3TORJqflIuYGFa-JQDw"]}]}},"_links":{"self":[{"href":"https:\/\/www.polycliniqueplus.com\/es\/wp-json\/wp\/v2\/pages\/8683","targetHints":{"allow":["GET"]}}],"collection":[{"href":"https:\/\/www.polycliniqueplus.com\/es\/wp-json\/wp\/v2\/pages"}],"about":[{"href":"https:\/\/www.polycliniqueplus.com\/es\/wp-json\/wp\/v2\/types\/page"}],"author":[{"embeddable":true,"href":"https:\/\/www.polycliniqueplus.com\/es\/wp-json\/wp\/v2\/users\/1"}],"replies":[{"embeddable":true,"href":"https:\/\/www.polycliniqueplus.com\/es\/wp-json\/wp\/v2\/comments?post=8683"}],"version-history":[{"count":14,"href":"https:\/\/www.polycliniqueplus.com\/es\/wp-json\/wp\/v2\/pages\/8683\/revisions"}],"predecessor-version":[{"id":33077,"href":"https:\/\/www.polycliniqueplus.com\/es\/wp-json\/wp\/v2\/pages\/8683\/revisions\/33077"}],"wp:featuredmedia":[{"embeddable":true,"href":"https:\/\/www.polycliniqueplus.com\/es\/wp-json\/wp\/v2\/media\/7575"}],"wp:attachment":[{"href":"https:\/\/www.polycliniqueplus.com\/es\/wp-json\/wp\/v2\/media?parent=8683"}],"curies":[{"name":"wp","href":"https:\/\/api.w.org\/{rel}","templated":true}]}}