{"id":8665,"date":"2017-06-18T19:12:25","date_gmt":"2017-06-18T17:12:25","guid":{"rendered":"https:\/\/www.polycliniqueplus.com\/lifting-de-brazos-en-turquia-estiramiento-de-la-piel-de-la-cara-interna-de-los-brazos\/"},"modified":"2025-12-12T12:36:52","modified_gmt":"2025-12-12T11:36:52","slug":"lifting-brazos-turquia","status":"publish","type":"page","link":"https:\/\/www.polycliniqueplus.com\/es\/lifting-brazos-turquia\/","title":{"rendered":"Lifting de brazos en Turqu\u00eda: estiramiento de la piel de la cara interna de los brazos"},"content":{"rendered":"<div data-elementor-type=\"wp-page\" data-elementor-id=\"8665\" class=\"elementor elementor-8665 elementor-64\" data-elementor-settings=\"{&quot;ha_cmc_init_switcher&quot;:&quot;no&quot;}\">\n\t\t\t\t\t\t<section class=\"elementor-section elementor-top-section elementor-element elementor-element-7074a3c elementor-section-content-middle elementor-section-boxed elementor-section-height-default elementor-section-height-default\" data-id=\"7074a3c\" data-element_type=\"section\" data-settings=\"{&quot;_ha_eqh_enable&quot;:false}\">\n\t\t\t\t\t\t<div class=\"elementor-container elementor-column-gap-default\">\n\t\t\t\t\t<div class=\"elementor-column elementor-col-50 elementor-top-column elementor-element elementor-element-a91e180\" data-id=\"a91e180\" data-element_type=\"column\">\n\t\t\t<div class=\"elementor-widget-wrap elementor-element-populated\">\n\t\t\t\t\t\t<div class=\"elementor-element elementor-element-196f0e2 elementor-widget elementor-widget-text-editor\" data-id=\"196f0e2\" data-element_type=\"widget\" data-widget_type=\"text-editor.default\">\n\t\t\t\t<div class=\"elementor-widget-container\">\n\t\t\t\t\t\t\tEl <strong>lifting de brazos<\/strong>, o <strong>braquioplastia<\/strong>, remodela el brazo para tensar la piel fl\u00e1cida y eliminar la grasa de la axila que a menudo crea una forma de<strong>\u00abbrazo de mariposa<\/strong>\u00ab.\n\t\t\t\t\t\t<\/div>\n\t\t\t\t<\/div>\n\t\t\t\t<div class=\"elementor-element elementor-element-4ba26b6 elementor-widget elementor-widget-text-editor\" data-id=\"4ba26b6\" data-element_type=\"widget\" data-widget_type=\"text-editor.default\">\n\t\t\t\t<div class=\"elementor-widget-container\">\n\t\t\t\t\t\t\tLa piel del brazo tiende a caerse con la edad y tras cambios importantes de peso. El mismo problema existe en las personas con linfedema.\n\t\t\t\t\t\t<\/div>\n\t\t\t\t<\/div>\n\t\t\t\t<div class=\"elementor-element elementor-element-5b86da2 elementor-widget elementor-widget-text-editor\" data-id=\"5b86da2\" data-element_type=\"widget\" data-widget_type=\"text-editor.default\">\n\t\t\t\t<div class=\"elementor-widget-container\">\n\t\t\t\t\t\t\tCon <strong>la eliminaci\u00f3n del exceso de piel<\/strong> causado por la p\u00e9rdida de peso o el envejecimiento, es posible <strong>restaurar el aspecto natural de la piel<\/strong> desde la zona axilar hasta el codo.\n\t\t\t\t\t\t<\/div>\n\t\t\t\t<\/div>\n\t\t\t\t<div class=\"elementor-element elementor-element-35fc4ca elementor-widget elementor-widget-text-editor\" data-id=\"35fc4ca\" data-element_type=\"widget\" data-widget_type=\"text-editor.default\">\n\t\t\t\t<div class=\"elementor-widget-container\">\n\t\t\t\t\t\t\tEn algunos casos, con grandes dep\u00f3sitos de grasa, el cirujano utiliza este procedimiento para obtener <a href=\"https:\/\/www.polycliniqueplus.com\/es\/liposuccion-turquia\/\">\n<strong>succi\u00f3n de grasa<\/strong>\n<\/a> para obtener los mejores resultados. Este procedimiento de <strong>cirug\u00eda est\u00e9tica de brazos<\/strong>, comparado con <a href=\"https:\/\/www.polycliniqueplus.com\/es\/\" target=\"_blank\" rel=\"noopener noreferrer\">otros tratamientos est\u00e9ticos<\/a>, proporciona al paciente m\u00e1s confianza y autoestima.\n\t\t\t\t\t\t<\/div>\n\t\t\t\t<\/div>\n\t\t\t\t<div class=\"elementor-element elementor-element-5ff32f4 elementor-widget elementor-widget-text-editor\" data-id=\"5ff32f4\" data-element_type=\"widget\" data-widget_type=\"text-editor.default\">\n\t\t\t\t<div class=\"elementor-widget-container\">\n\t\t\t\t\t\t\t<strong>El estiramiento de la piel fl\u00e1cida<\/strong> es un acto positivo a nivel f\u00edsico y psicol\u00f3gico. Gracias a su <strong>braquioplastia<\/strong>, recuperar\u00e1 un brazo liso, armonioso y perfectamente curvado.\t\t\t\t\t\t<\/div>\n\t\t\t\t<\/div>\n\t\t\t\t\t<\/div>\n\t\t<\/div>\n\t\t\t\t<div class=\"elementor-column elementor-col-50 elementor-top-column elementor-element elementor-element-97cfa69\" data-id=\"97cfa69\" data-element_type=\"column\">\n\t\t\t<div class=\"elementor-widget-wrap elementor-element-populated\">\n\t\t\t\t\t\t<div class=\"elementor-element elementor-element-9968b14 elementor-widget elementor-widget-image\" data-id=\"9968b14\" data-element_type=\"widget\" data-widget_type=\"image.default\">\n\t\t\t\t<div class=\"elementor-widget-container\">\n\t\t\t\t\t\t\t\t\t\t<figure class=\"wp-caption\">\n\t\t\t\t\t\t\t\t\t\t<noscript><img fetchpriority=\"high\" decoding=\"async\" width=\"574\" height=\"586\" src=\"https:\/\/www.polycliniqueplus.com\/wp-content\/uploads\/2021\/03\/lifting-bras-turquie.jpg\" class=\"attachment-large size-large wp-image-7485\" alt srcset=\"https:\/\/www.polycliniqueplus.com\/wp-content\/uploads\/2021\/03\/lifting-bras-turquie.jpg 574w, https:\/\/www.polycliniqueplus.com\/wp-content\/uploads\/2021\/03\/lifting-bras-turquie-294x300.jpg 294w\" sizes=\"(max-width: 574px) 100vw, 574px\"><\/noscript><img fetchpriority=\"high\" decoding=\"async\" width=\"574\" height=\"586\" src=\"data:image\/svg+xml,%3Csvg%20xmlns%3D%22http%3A%2F%2Fwww.w3.org%2F2000%2Fsvg%22%20viewBox%3D%220%200%20574%20586%22%3E%3C%2Fsvg%3E\" class=\"attachment-large size-large wp-image-7485 lazyload\" alt srcset=\"data:image\/svg+xml,%3Csvg%20xmlns%3D%22http%3A%2F%2Fwww.w3.org%2F2000%2Fsvg%22%20viewBox%3D%220%200%20574%20586%22%3E%3C%2Fsvg%3E 574w\" sizes=\"(max-width: 574px) 100vw, 574px\" data-srcset=\"https:\/\/www.polycliniqueplus.com\/wp-content\/uploads\/2021\/03\/lifting-bras-turquie.jpg 574w, https:\/\/www.polycliniqueplus.com\/wp-content\/uploads\/2021\/03\/lifting-bras-turquie-294x300.jpg 294w\" data-src=\"https:\/\/www.polycliniqueplus.com\/wp-content\/uploads\/2021\/03\/lifting-bras-turquie.jpg\">\t\t\t\t\t\t\t\t\t\t\t<figcaption class=\"widget-image-caption wp-caption-text\">Lifting face interne des bras (peau flasque)<\/figcaption>\n\t\t\t\t\t\t\t\t\t\t<\/figure>\n\t\t\t\t\t\t\t<\/div>\n\t\t\t\t<\/div>\n\t\t\t\t\t<\/div>\n\t\t<\/div>\n\t\t\t\t\t<\/div>\n\t\t<\/section>\n\t\t\t\t<section class=\"elementor-section elementor-top-section elementor-element elementor-element-c3996a0 elementor-section-boxed elementor-section-height-default elementor-section-height-default\" data-id=\"c3996a0\" data-element_type=\"section\" data-settings=\"{&quot;_ha_eqh_enable&quot;:false}\">\n\t\t\t\t\t\t<div class=\"elementor-container elementor-column-gap-default\">\n\t\t\t\t\t<div class=\"elementor-column elementor-col-100 elementor-top-column elementor-element elementor-element-e9d7b5f\" data-id=\"e9d7b5f\" data-element_type=\"column\">\n\t\t\t<div class=\"elementor-widget-wrap elementor-element-populated\">\n\t\t\t\t\t\t<div class=\"elementor-element elementor-element-94de4f7 elementor-widget elementor-widget-text-editor\" data-id=\"94de4f7\" data-element_type=\"widget\" data-widget_type=\"text-editor.default\">\n\t\t\t\t<div class=\"elementor-widget-container\">\n\t\t\t\t\t\t\t<h2>Indicaciones para un lifting de brazos<\/h2>\n<p>Los brazos son, de hecho, como <a href=\"https:\/\/www.polycliniqueplus.com\/es\/cirugia-facial-turquia\/\">la zona de la cara<\/a>. Es una de las partes de nuestro cuerpo que exponemos con m\u00e1s frecuencia y que a menudo delatan nuestra edad o la alteraci\u00f3n de nuestro cuerpo. La <strong>cirug\u00eda pl\u00e1stica de brazos<\/strong> est\u00e1 dirigida tanto a hombres como a mujeres que desean <strong>recuperar sus brazos<\/strong>.<br>Este procedimiento <strong>de lifting de brazos<\/strong> es \u00fatil en los casos en los que hay piel fl\u00e1cida asociada a la p\u00e9rdida de elasticidad en la zona de los brazos. Este aspecto antiest\u00e9tico da cierta apariencia de brazos de ala de mariposa.<br>Los brazos ca\u00eddos pueden aparecer tras el embarazo o despu\u00e9s de perder peso. Esto provocar\u00e1 problemas con h\u00e1bitos pr\u00e1cticos como vestirse, moverse, correr&#8230;<\/p>\n\t\t\t\t\t\t<\/div>\n\t\t\t\t<\/div>\n\t\t\t\t\t<\/div>\n\t\t<\/div>\n\t\t\t\t\t<\/div>\n\t\t<\/section>\n\t\t\t\t<section class=\"elementor-section elementor-top-section elementor-element elementor-element-4491789 elementor-section-boxed elementor-section-height-default elementor-section-height-default\" data-id=\"4491789\" data-element_type=\"section\" data-settings=\"{&quot;background_background&quot;:&quot;classic&quot;,&quot;_ha_eqh_enable&quot;:false}\">\n\t\t\t\t\t\t<div class=\"elementor-container elementor-column-gap-default\">\n\t\t\t\t\t<div class=\"elementor-column elementor-col-100 elementor-top-column elementor-element elementor-element-d306fcc\" data-id=\"d306fcc\" data-element_type=\"column\">\n\t\t\t<div class=\"elementor-widget-wrap elementor-element-populated\">\n\t\t\t\t\t\t<div class=\"elementor-element elementor-element-454f47a elementor-widget elementor-widget-heading\" data-id=\"454f47a\" data-element_type=\"widget\" data-widget_type=\"heading.default\">\n\t\t\t\t<div class=\"elementor-widget-container\">\n\t\t\t<h4 class=\"elementor-heading-title elementor-size-default\">PRESUPUESTO EN L\u00cdNEA R\u00c1PIDO Y 100% GRATUITO<\/h4>\t\t<\/div>\n\t\t\t\t<\/div>\n\t\t\t\t<div class=\"elementor-element elementor-element-c858aae elementor-align-center elementor-widget elementor-widget-button\" data-id=\"c858aae\" data-element_type=\"widget\" data-widget_type=\"button.default\">\n\t\t\t\t<div class=\"elementor-widget-container\">\n\t\t\t\t\t<div class=\"elementor-button-wrapper\">\n\t\t\t<a class=\"elementor-button elementor-button-link elementor-size-sm\" href=\"https:\/\/www.polycliniqueplus.com\/es\/presupuesto\/\">\n\t\t\t\t\t\t<span class=\"elementor-button-content-wrapper\">\n\t\t\t\t\t\t<span class=\"elementor-button-icon\">\n\t\t\t\t<i aria-hidden=\"true\" class=\"fas fa-arrow-right\"><\/i>\t\t\t<\/span>\n\t\t\t\t\t\t\t\t\t<span class=\"elementor-button-text\">Presupuesto de lifting de brazos<\/span>\n\t\t\t\t\t<\/span>\n\t\t\t\t\t<\/a>\n\t\t<\/div>\n\t\t\t\t<\/div>\n\t\t\t\t<\/div>\n\t\t\t\t\t<\/div>\n\t\t<\/div>\n\t\t\t\t\t<\/div>\n\t\t<\/section>\n\t\t\t\t<section class=\"elementor-section elementor-top-section elementor-element elementor-element-6bfba709 elementor-section-boxed elementor-section-height-default elementor-section-height-default\" data-id=\"6bfba709\" data-element_type=\"section\" data-settings=\"{&quot;_ha_eqh_enable&quot;:false}\">\n\t\t\t\t\t\t<div class=\"elementor-container elementor-column-gap-default\">\n\t\t\t\t\t<div class=\"elementor-column elementor-col-100 elementor-top-column elementor-element elementor-element-16a77ea2\" data-id=\"16a77ea2\" data-element_type=\"column\">\n\t\t\t<div class=\"elementor-widget-wrap elementor-element-populated\">\n\t\t\t\t\t\t<div class=\"elementor-element elementor-element-7e61bde7 elementor-widget elementor-widget-text-editor\" data-id=\"7e61bde7\" data-element_type=\"widget\" data-widget_type=\"text-editor.default\">\n\t\t\t\t<div class=\"elementor-widget-container\">\n\t\t\t\t\t\t\t<h2>Procedimiento de la braquioplastia<\/h2>\n<strong>El lifting de brazos<\/strong> puede realizarse con <strong>anestesia general<\/strong>, <strong>anestesia<\/strong> local o <strong>anestesia local<\/strong> pura.\nLa elecci\u00f3n entre estas distintas t\u00e9cnicas se har\u00e1 tras un debate entre usted, <a href=\"https:\/\/www.polycliniqueplus.com\/es\/cirujanos\/\">el cirujano y el anestesista<\/a>, en funci\u00f3n de las indicaciones de la intervenci\u00f3n:\n\t\t\t\t\t\t<\/div>\n\t\t\t\t<\/div>\n\t\t\t\t<div class=\"elementor-element elementor-element-7b96ac4 elementor-widget elementor-widget-text-editor\" data-id=\"7b96ac4\" data-element_type=\"widget\" data-widget_type=\"text-editor.default\">\n\t\t\t\t<div class=\"elementor-widget-container\">\n\t\t\t\t\t\t\t<ul class=\"liste-page\">\n \t<li>Se realizar\u00e1 <strong>un lifting axilar de los brazos<\/strong> si la piel est\u00e1 ligeramente fl\u00e1cida. El exceso de piel se extirpa horizontalmente a trav\u00e9s de una incisi\u00f3n en la axila y el tejido se devuelve conc\u00e9ntricamente al hueco axilar.<\/li>\n \t<li>Si hay m\u00e1s laxitud cut\u00e1nea, se realizar\u00e1 un <strong>lifting longitudinal de brazos<\/strong>. La piel se alisa reduciendo el exceso de piel en sentido longitudinal. La incisi\u00f3n se realiza en la cara interna del brazo y desciende desde la axila hasta el codo.<\/li>\n<\/ul>\t\t\t\t\t\t<\/div>\n\t\t\t\t<\/div>\n\t\t\t\t<div class=\"elementor-element elementor-element-72d33c7 elementor-widget elementor-widget-text-editor\" data-id=\"72d33c7\" data-element_type=\"widget\" data-widget_type=\"text-editor.default\">\n\t\t\t\t<div class=\"elementor-widget-container\">\n\t\t\t\t\t\t\t<h3>Postoperatorio<\/h3>\n<ul class=\"liste-page\">\n \t<li>Dejar de fumar: riesgo de complicaciones quir\u00fargicas.<\/li>\n \t<li>La inflamaci\u00f3n remitir\u00e1 en un plazo de 10 a 20 d\u00edas.<\/li>\n \t<li>No hay dolor significativo, pero se administrar\u00e1n analg\u00e9sicos.<\/li>\n \t<li>Se recomienda una semana de baja laboral.<\/li>\n \t<li>El deporte puede reanudarse al cabo de un mes.<\/li>\n<\/ul>\n\t\t\t\t\t\t<\/div>\n\t\t\t\t<\/div>\n\t\t\t\t<div class=\"elementor-element elementor-element-f365a58 elementor-widget elementor-widget-text-editor\" data-id=\"f365a58\" data-element_type=\"widget\" data-widget_type=\"text-editor.default\">\n\t\t\t\t<div class=\"elementor-widget-container\">\n\t\t\t\t\t\t\tEl resultado de un <strong>lifting interno de<\/strong> brazos se aprecia r\u00e1pidamente: se tarda de 4 a 6 semanas en observar el nuevo dise\u00f1o de los brazos y de 3 a 6 meses en apreciar el resultado final.\t\t\t\t\t\t<\/div>\n\t\t\t\t<\/div>\n\t\t\t\t\t<\/div>\n\t\t<\/div>\n\t\t\t\t\t<\/div>\n\t\t<\/section>\n\t\t\t\t<\/div>\n\t\t","protected":false},"excerpt":{"rendered":"<p>El lifting de brazos, o braquioplastia, remodela el brazo para tensar la piel fl\u00e1cida y eliminar la grasa de la axila que a menudo crea una forma de\u00abbrazo de mariposa\u00ab. La piel del brazo tiende a caerse con la edad y tras cambios importantes de peso. El mismo problema existe en las personas con linfedema. [&hellip;]<\/p>\n","protected":false},"author":1,"featured_media":7186,"parent":0,"menu_order":0,"comment_status":"closed","ping_status":"closed","template":"","meta":{"footnotes":""},"class_list":["post-8665","page","type-page","status-publish","has-post-thumbnail","hentry"],"yoast_head":"<!-- This site is optimized with the Yoast SEO plugin v27.3 - https:\/\/yoast.com\/product\/yoast-seo-wordpress\/ -->\n<title>Lifting de brazos Turqu\u00eda : Lifting braquial, lifting interno del brazo<\/title>\n<meta name=\"description\" content=\"Lifting de brazos en Turqu\u00eda: braquioplastia para eliminar el exceso de piel y grasa en la cara interna de los brazos. Remodelar y tratar la piel fl\u00e1cida.\" \/>\n<meta name=\"robots\" content=\"index, follow, max-snippet:-1, max-video-preview:-1, noimageindex\" \/>\n<link rel=\"canonical\" href=\"https:\/\/www.polycliniqueplus.com\/es\/lifting-brazos-turquia\/\" \/>\n<meta property=\"og:locale\" content=\"es_ES\" \/>\n<meta property=\"og:type\" content=\"article\" \/>\n<meta property=\"og:title\" content=\"Lifting de brazos Turqu\u00eda : Lifting braquial, lifting interno del brazo\" \/>\n<meta property=\"og:description\" content=\"Lifting de brazos en Turqu\u00eda: braquioplastia para eliminar el exceso de piel y grasa en la cara interna de los brazos. Remodelar y tratar la piel fl\u00e1cida.\" \/>\n<meta property=\"og:url\" content=\"https:\/\/www.polycliniqueplus.com\/es\/lifting-brazos-turquia\/\" \/>\n<meta property=\"og:site_name\" content=\"Chirurgie esthetique Turquie : Prix interventions meilleures cliniques Istanbul\" \/>\n<meta property=\"article:publisher\" content=\"https:\/\/www.facebook.com\/polycliniqueplus\" \/>\n<meta property=\"article:modified_time\" content=\"2025-12-12T11:36:52+00:00\" \/>\n<meta property=\"og:image\" content=\"https:\/\/www.polycliniqueplus.com\/wp-content\/uploads\/2017\/06\/lifting-bras-tunisie.jpg\" \/>\n\t<meta property=\"og:image:width\" content=\"792\" \/>\n\t<meta property=\"og:image:height\" content=\"350\" \/>\n\t<meta property=\"og:image:type\" content=\"image\/jpeg\" \/>\n<meta name=\"twitter:card\" content=\"summary_large_image\" \/>\n<meta name=\"twitter:site\" content=\"@polyclinique1\" \/>\n<meta name=\"twitter:label1\" content=\"Tiempo de lectura\" \/>\n\t<meta name=\"twitter:data1\" content=\"3 minutos\" \/>\n<script type=\"application\/ld+json\" class=\"yoast-schema-graph\">{\"@context\":\"https:\\\/\\\/schema.org\",\"@graph\":[{\"@type\":\"WebPage\",\"@id\":\"https:\\\/\\\/www.polycliniqueplus.com\\\/es\\\/lifting-brazos-turquia\\\/\",\"url\":\"https:\\\/\\\/www.polycliniqueplus.com\\\/es\\\/lifting-brazos-turquia\\\/\",\"name\":\"Lifting de brazos Turqu\u00eda : Lifting braquial, lifting interno del brazo\",\"isPartOf\":{\"@id\":\"https:\\\/\\\/www.polycliniqueplus.com\\\/es\\\/#website\"},\"primaryImageOfPage\":{\"@id\":\"https:\\\/\\\/www.polycliniqueplus.com\\\/es\\\/lifting-brazos-turquia\\\/#primaryimage\"},\"image\":{\"@id\":\"https:\\\/\\\/www.polycliniqueplus.com\\\/es\\\/lifting-brazos-turquia\\\/#primaryimage\"},\"thumbnailUrl\":\"https:\\\/\\\/www.polycliniqueplus.com\\\/wp-content\\\/uploads\\\/2017\\\/06\\\/lifting-bras-tunisie.jpg\",\"datePublished\":\"2017-06-18T17:12:25+00:00\",\"dateModified\":\"2025-12-12T11:36:52+00:00\",\"description\":\"Lifting de brazos en Turqu\u00eda: braquioplastia para eliminar el exceso de piel y grasa en la cara interna de los brazos. Remodelar y tratar la piel fl\u00e1cida.\",\"breadcrumb\":{\"@id\":\"https:\\\/\\\/www.polycliniqueplus.com\\\/es\\\/lifting-brazos-turquia\\\/#breadcrumb\"},\"inLanguage\":\"es\",\"potentialAction\":[{\"@type\":\"ReadAction\",\"target\":[\"https:\\\/\\\/www.polycliniqueplus.com\\\/es\\\/lifting-brazos-turquia\\\/\"]}]},{\"@type\":\"ImageObject\",\"inLanguage\":\"es\",\"@id\":\"https:\\\/\\\/www.polycliniqueplus.com\\\/es\\\/lifting-brazos-turquia\\\/#primaryimage\",\"url\":\"https:\\\/\\\/www.polycliniqueplus.com\\\/wp-content\\\/uploads\\\/2017\\\/06\\\/lifting-bras-tunisie.jpg\",\"contentUrl\":\"https:\\\/\\\/www.polycliniqueplus.com\\\/wp-content\\\/uploads\\\/2017\\\/06\\\/lifting-bras-tunisie.jpg\",\"width\":792,\"height\":350,\"caption\":\"lifting-bras-Turquie\"},{\"@type\":\"BreadcrumbList\",\"@id\":\"https:\\\/\\\/www.polycliniqueplus.com\\\/es\\\/lifting-brazos-turquia\\\/#breadcrumb\",\"itemListElement\":[{\"@type\":\"ListItem\",\"position\":1,\"name\":\"Accueil\",\"item\":\"https:\\\/\\\/www.polycliniqueplus.com\\\/es\\\/\"},{\"@type\":\"ListItem\",\"position\":2,\"name\":\"Lifting de brazos en Turqu\u00eda: estiramiento de la piel de la cara interna de los brazos\"}]},{\"@type\":\"WebSite\",\"@id\":\"https:\\\/\\\/www.polycliniqueplus.com\\\/es\\\/#website\",\"url\":\"https:\\\/\\\/www.polycliniqueplus.com\\\/es\\\/\",\"name\":\"Chirurgie esthetique Turquie : Prix interventions meilleures cliniques Istanbul\",\"description\":\"Chirurgie esthetique Turquie prix pas cher\",\"publisher\":{\"@id\":\"https:\\\/\\\/www.polycliniqueplus.com\\\/es\\\/#organization\"},\"potentialAction\":[{\"@type\":\"SearchAction\",\"target\":{\"@type\":\"EntryPoint\",\"urlTemplate\":\"https:\\\/\\\/www.polycliniqueplus.com\\\/es\\\/?s={search_term_string}\"},\"query-input\":{\"@type\":\"PropertyValueSpecification\",\"valueRequired\":true,\"valueName\":\"search_term_string\"}}],\"inLanguage\":\"es\"},{\"@type\":\"Organization\",\"@id\":\"https:\\\/\\\/www.polycliniqueplus.com\\\/es\\\/#organization\",\"name\":\"Polycliniqueplus chirurgie esthetique Turquie\",\"url\":\"https:\\\/\\\/www.polycliniqueplus.com\\\/es\\\/\",\"logo\":{\"@type\":\"ImageObject\",\"inLanguage\":\"es\",\"@id\":\"https:\\\/\\\/www.polycliniqueplus.com\\\/es\\\/#\\\/schema\\\/logo\\\/image\\\/\",\"url\":\"https:\\\/\\\/www.polycliniqueplus.com\\\/wp-content\\\/uploads\\\/2021\\\/03\\\/cropped-add-box-fill.png\",\"contentUrl\":\"https:\\\/\\\/www.polycliniqueplus.com\\\/wp-content\\\/uploads\\\/2021\\\/03\\\/cropped-add-box-fill.png\",\"width\":512,\"height\":512,\"caption\":\"Polycliniqueplus chirurgie esthetique Turquie\"},\"image\":{\"@id\":\"https:\\\/\\\/www.polycliniqueplus.com\\\/es\\\/#\\\/schema\\\/logo\\\/image\\\/\"},\"sameAs\":[\"https:\\\/\\\/www.facebook.com\\\/polycliniqueplus\",\"https:\\\/\\\/x.com\\\/polyclinique1\",\"https:\\\/\\\/www.youtube.com\\\/channel\\\/UCAnK3TORJqflIuYGFa-JQDw\"]}]}<\/script>\n<!-- \/ Yoast SEO plugin. -->","yoast_head_json":{"title":"Lifting de brazos Turqu\u00eda : Lifting braquial, lifting interno del brazo","description":"Lifting de brazos en Turqu\u00eda: braquioplastia para eliminar el exceso de piel y grasa en la cara interna de los brazos. Remodelar y tratar la piel fl\u00e1cida.","robots":{"index":"index","follow":"follow","max-snippet":"max-snippet:-1","max-video-preview":"max-video-preview:-1","imageindex":"noimageindex"},"canonical":"https:\/\/www.polycliniqueplus.com\/es\/lifting-brazos-turquia\/","og_locale":"es_ES","og_type":"article","og_title":"Lifting de brazos Turqu\u00eda : Lifting braquial, lifting interno del brazo","og_description":"Lifting de brazos en Turqu\u00eda: braquioplastia para eliminar el exceso de piel y grasa en la cara interna de los brazos. Remodelar y tratar la piel fl\u00e1cida.","og_url":"https:\/\/www.polycliniqueplus.com\/es\/lifting-brazos-turquia\/","og_site_name":"Chirurgie esthetique Turquie : Prix interventions meilleures cliniques Istanbul","article_publisher":"https:\/\/www.facebook.com\/polycliniqueplus","article_modified_time":"2025-12-12T11:36:52+00:00","og_image":[{"width":792,"height":350,"url":"https:\/\/www.polycliniqueplus.com\/wp-content\/uploads\/2017\/06\/lifting-bras-tunisie.jpg","type":"image\/jpeg"}],"twitter_card":"summary_large_image","twitter_site":"@polyclinique1","twitter_misc":{"Tiempo de lectura":"3 minutos"},"schema":{"@context":"https:\/\/schema.org","@graph":[{"@type":"WebPage","@id":"https:\/\/www.polycliniqueplus.com\/es\/lifting-brazos-turquia\/","url":"https:\/\/www.polycliniqueplus.com\/es\/lifting-brazos-turquia\/","name":"Lifting de brazos Turqu\u00eda : Lifting braquial, lifting interno del brazo","isPartOf":{"@id":"https:\/\/www.polycliniqueplus.com\/es\/#website"},"primaryImageOfPage":{"@id":"https:\/\/www.polycliniqueplus.com\/es\/lifting-brazos-turquia\/#primaryimage"},"image":{"@id":"https:\/\/www.polycliniqueplus.com\/es\/lifting-brazos-turquia\/#primaryimage"},"thumbnailUrl":"https:\/\/www.polycliniqueplus.com\/wp-content\/uploads\/2017\/06\/lifting-bras-tunisie.jpg","datePublished":"2017-06-18T17:12:25+00:00","dateModified":"2025-12-12T11:36:52+00:00","description":"Lifting de brazos en Turqu\u00eda: braquioplastia para eliminar el exceso de piel y grasa en la cara interna de los brazos. Remodelar y tratar la piel fl\u00e1cida.","breadcrumb":{"@id":"https:\/\/www.polycliniqueplus.com\/es\/lifting-brazos-turquia\/#breadcrumb"},"inLanguage":"es","potentialAction":[{"@type":"ReadAction","target":["https:\/\/www.polycliniqueplus.com\/es\/lifting-brazos-turquia\/"]}]},{"@type":"ImageObject","inLanguage":"es","@id":"https:\/\/www.polycliniqueplus.com\/es\/lifting-brazos-turquia\/#primaryimage","url":"https:\/\/www.polycliniqueplus.com\/wp-content\/uploads\/2017\/06\/lifting-bras-tunisie.jpg","contentUrl":"https:\/\/www.polycliniqueplus.com\/wp-content\/uploads\/2017\/06\/lifting-bras-tunisie.jpg","width":792,"height":350,"caption":"lifting-bras-Turquie"},{"@type":"BreadcrumbList","@id":"https:\/\/www.polycliniqueplus.com\/es\/lifting-brazos-turquia\/#breadcrumb","itemListElement":[{"@type":"ListItem","position":1,"name":"Accueil","item":"https:\/\/www.polycliniqueplus.com\/es\/"},{"@type":"ListItem","position":2,"name":"Lifting de brazos en Turqu\u00eda: estiramiento de la piel de la cara interna de los brazos"}]},{"@type":"WebSite","@id":"https:\/\/www.polycliniqueplus.com\/es\/#website","url":"https:\/\/www.polycliniqueplus.com\/es\/","name":"Chirurgie esthetique Turquie : Prix interventions meilleures cliniques Istanbul","description":"Chirurgie esthetique Turquie prix pas cher","publisher":{"@id":"https:\/\/www.polycliniqueplus.com\/es\/#organization"},"potentialAction":[{"@type":"SearchAction","target":{"@type":"EntryPoint","urlTemplate":"https:\/\/www.polycliniqueplus.com\/es\/?s={search_term_string}"},"query-input":{"@type":"PropertyValueSpecification","valueRequired":true,"valueName":"search_term_string"}}],"inLanguage":"es"},{"@type":"Organization","@id":"https:\/\/www.polycliniqueplus.com\/es\/#organization","name":"Polycliniqueplus chirurgie esthetique Turquie","url":"https:\/\/www.polycliniqueplus.com\/es\/","logo":{"@type":"ImageObject","inLanguage":"es","@id":"https:\/\/www.polycliniqueplus.com\/es\/#\/schema\/logo\/image\/","url":"https:\/\/www.polycliniqueplus.com\/wp-content\/uploads\/2021\/03\/cropped-add-box-fill.png","contentUrl":"https:\/\/www.polycliniqueplus.com\/wp-content\/uploads\/2021\/03\/cropped-add-box-fill.png","width":512,"height":512,"caption":"Polycliniqueplus chirurgie esthetique Turquie"},"image":{"@id":"https:\/\/www.polycliniqueplus.com\/es\/#\/schema\/logo\/image\/"},"sameAs":["https:\/\/www.facebook.com\/polycliniqueplus","https:\/\/x.com\/polyclinique1","https:\/\/www.youtube.com\/channel\/UCAnK3TORJqflIuYGFa-JQDw"]}]}},"_links":{"self":[{"href":"https:\/\/www.polycliniqueplus.com\/es\/wp-json\/wp\/v2\/pages\/8665","targetHints":{"allow":["GET"]}}],"collection":[{"href":"https:\/\/www.polycliniqueplus.com\/es\/wp-json\/wp\/v2\/pages"}],"about":[{"href":"https:\/\/www.polycliniqueplus.com\/es\/wp-json\/wp\/v2\/types\/page"}],"author":[{"embeddable":true,"href":"https:\/\/www.polycliniqueplus.com\/es\/wp-json\/wp\/v2\/users\/1"}],"replies":[{"embeddable":true,"href":"https:\/\/www.polycliniqueplus.com\/es\/wp-json\/wp\/v2\/comments?post=8665"}],"version-history":[{"count":11,"href":"https:\/\/www.polycliniqueplus.com\/es\/wp-json\/wp\/v2\/pages\/8665\/revisions"}],"predecessor-version":[{"id":32941,"href":"https:\/\/www.polycliniqueplus.com\/es\/wp-json\/wp\/v2\/pages\/8665\/revisions\/32941"}],"wp:featuredmedia":[{"embeddable":true,"href":"https:\/\/www.polycliniqueplus.com\/es\/wp-json\/wp\/v2\/media\/7186"}],"wp:attachment":[{"href":"https:\/\/www.polycliniqueplus.com\/es\/wp-json\/wp\/v2\/media?parent=8665"}],"curies":[{"name":"wp","href":"https:\/\/api.w.org\/{rel}","templated":true}]}}