{"id":7807,"date":"2017-06-18T19:45:37","date_gmt":"2017-06-18T17:45:37","guid":{"rendered":"https:\/\/www.polycliniqueplus.com\/polyclinic-plus-organizacion-del-turismo-medico-en-turquia\/"},"modified":"2025-12-12T12:40:36","modified_gmt":"2025-12-12T11:40:36","slug":"organizacion-del-turismo-medico-turquia","status":"publish","type":"page","link":"https:\/\/www.polycliniqueplus.com\/es\/organizacion-del-turismo-medico-turquia\/","title":{"rendered":"POLYCLINIC PLUS: organizaci\u00f3n de la estancia de turismo m\u00e9dico Turqu\u00eda"},"content":{"rendered":"\t\t<div data-elementor-type=\"wp-page\" data-elementor-id=\"7807\" class=\"elementor elementor-7807 elementor-109\" data-elementor-settings=\"{&quot;ha_cmc_init_switcher&quot;:&quot;no&quot;}\">\n\t\t\t\t\t\t<section class=\"elementor-section elementor-top-section elementor-element elementor-element-2c9029e elementor-section-boxed elementor-section-height-default elementor-section-height-default\" data-id=\"2c9029e\" data-element_type=\"section\" data-settings=\"{&quot;_ha_eqh_enable&quot;:false}\">\n\t\t\t\t\t\t<div class=\"elementor-container elementor-column-gap-default\">\n\t\t\t\t\t<div class=\"elementor-column elementor-col-100 elementor-top-column elementor-element elementor-element-b418158\" data-id=\"b418158\" data-element_type=\"column\">\n\t\t\t<div class=\"elementor-widget-wrap elementor-element-populated\">\n\t\t\t\t\t\t<div class=\"elementor-element elementor-element-b9c5ce4 elementor-widget elementor-widget-text-editor\" data-id=\"b9c5ce4\" data-element_type=\"widget\" data-widget_type=\"text-editor.default\">\n\t\t\t\t<div class=\"elementor-widget-container\">\n\t\t\t\t\t\t\t<strong>estancias de cirug\u00eda est\u00e9tica en Turqu\u00eda <\/strong> para pacientes y acompa\u00f1antes.\n<h2>Organizaci\u00f3n de la cirug\u00eda est\u00e9tica en Turqu\u00eda<\/h2>\nCon un equipo m\u00e9dico compuesto por los m\u00e1s experimentados especialistas en Cirug\u00eda Est\u00e9tica en Turqu\u00eda, Microcirug\u00eda, Medicina Quir\u00fargica, Tratamientos L\u00e1ser, Cirug\u00eda Dental&#8230;, y asociados a los centros m\u00e9dicos m\u00e1s avanzados en tratamientos est\u00e9ticos y l\u00e1ser, hemos alcanzado la excelencia en nuestro sector.\n\t\t\t\t\t\t<\/div>\n\t\t\t\t<\/div>\n\t\t\t\t\t<\/div>\n\t\t<\/div>\n\t\t\t\t\t<\/div>\n\t\t<\/section>\n\t\t\t\t<section class=\"elementor-section elementor-top-section elementor-element elementor-element-6e3f82b elementor-section-boxed elementor-section-height-default elementor-section-height-default\" data-id=\"6e3f82b\" data-element_type=\"section\" data-settings=\"{&quot;_ha_eqh_enable&quot;:false}\">\n\t\t\t\t\t\t<div class=\"elementor-container elementor-column-gap-default\">\n\t\t\t\t\t<div class=\"elementor-column elementor-col-100 elementor-top-column elementor-element elementor-element-fb18ab2\" data-id=\"fb18ab2\" data-element_type=\"column\">\n\t\t\t<div class=\"elementor-widget-wrap elementor-element-populated\">\n\t\t\t\t\t\t<div class=\"elementor-element elementor-element-67cf7a9 elementor-widget elementor-widget-text-editor\" data-id=\"67cf7a9\" data-element_type=\"widget\" data-widget_type=\"text-editor.default\">\n\t\t\t\t<div class=\"elementor-widget-container\">\n\t\t\t\t\t\t\t<h3>Su confianza es la clave de nuestro \u00e9xito.<\/h3>\nNuestro \u00fanico objetivo es ofrecer a nuestros pacientes un servicio de lujo, al tiempo que les proporcionamos los mejores precios a nivel internacional; y ponemos a su disposici\u00f3n un amplio equipo m\u00e9dico que utiliza la m\u00e1s alta tecnolog\u00eda en una infraestructura moderna y segura.\n\n\t\t\t\t\t\t<\/div>\n\t\t\t\t<\/div>\n\t\t\t\t<div class=\"elementor-element elementor-element-ce3841a elementor-widget elementor-widget-text-editor\" data-id=\"ce3841a\" data-element_type=\"widget\" data-widget_type=\"text-editor.default\">\n\t\t\t\t<div class=\"elementor-widget-container\">\n\t\t\t\t\t\t\tTratamos a cada uno de nuestros pacientes con un enfoque muy personalizado, que incluye una gama completa de servicios de calidad adaptados a cada caso.\n\n\t\t\t\t\t\t<\/div>\n\t\t\t\t<\/div>\n\t\t\t\t<div class=\"elementor-element elementor-element-e739c86 elementor-widget elementor-widget-text-editor\" data-id=\"e739c86\" data-element_type=\"widget\" data-widget_type=\"text-editor.default\">\n\t\t\t\t<div class=\"elementor-widget-container\">\n\t\t\t\t\t\t\tEn Polyclinique Plus, la calidad del servicio es primordial; es lo que siempre nos ha diferenciado de los dem\u00e1s y sigue siendo la garant\u00eda de nuestro \u00e9xito.\n<strong>Polycliniqueplus<\/strong> es una agencia internacional l\u00edder en el sector del turismo m\u00e9dico, especializada en la organizaci\u00f3n de\t\t\t\t\t\t<\/div>\n\t\t\t\t<\/div>\n\t\t\t\t\t<\/div>\n\t\t<\/div>\n\t\t\t\t\t<\/div>\n\t\t<\/section>\n\t\t\t\t<section class=\"elementor-section elementor-top-section elementor-element elementor-element-c128d13 elementor-section-boxed elementor-section-height-default elementor-section-height-default\" data-id=\"c128d13\" data-element_type=\"section\" data-settings=\"{&quot;background_background&quot;:&quot;classic&quot;,&quot;_ha_eqh_enable&quot;:false}\">\n\t\t\t\t\t\t<div class=\"elementor-container elementor-column-gap-default\">\n\t\t\t\t\t<div class=\"elementor-column elementor-col-100 elementor-top-column elementor-element elementor-element-158f4c6\" data-id=\"158f4c6\" data-element_type=\"column\">\n\t\t\t<div class=\"elementor-widget-wrap elementor-element-populated\">\n\t\t\t\t\t\t<div class=\"elementor-element elementor-element-7f8ee35 elementor-widget elementor-widget-heading\" data-id=\"7f8ee35\" data-element_type=\"widget\" data-widget_type=\"heading.default\">\n\t\t\t\t<div class=\"elementor-widget-container\">\n\t\t\t<h4 class=\"elementor-heading-title elementor-size-default\">PRESUPUESTO EN L\u00cdNEA R\u00c1PIDO Y 100% GRATUITO<\/h4>\t\t<\/div>\n\t\t\t\t<\/div>\n\t\t\t\t<div class=\"elementor-element elementor-element-76a38e3 elementor-widget elementor-widget-text-editor\" data-id=\"76a38e3\" data-element_type=\"widget\" data-widget_type=\"text-editor.default\">\n\t\t\t\t<div class=\"elementor-widget-container\">\n\t\t\t\t\t\t\tDescuentos en cirug\u00eda est\u00e9tica Para beneficiarse de \u00e9l, es sencillo, pregunte a\nsu presupuesto GRATUITO y gane nuestro sorteo mensual.\t\t\t\t\t\t<\/div>\n\t\t\t\t<\/div>\n\t\t\t\t<div class=\"elementor-element elementor-element-b8f3e16 elementor-align-center elementor-widget elementor-widget-button\" data-id=\"b8f3e16\" data-element_type=\"widget\" data-widget_type=\"button.default\">\n\t\t\t\t<div class=\"elementor-widget-container\">\n\t\t\t\t\t<div class=\"elementor-button-wrapper\">\n\t\t\t<a class=\"elementor-button elementor-button-link elementor-size-sm\" href=\"https:\/\/www.polycliniqueplus.com\/es\/presupuesto\/\">\n\t\t\t\t\t\t<span class=\"elementor-button-content-wrapper\">\n\t\t\t\t\t\t<span class=\"elementor-button-icon\">\n\t\t\t\t<i aria-hidden=\"true\" class=\"fas fa-arrow-right\"><\/i>\t\t\t<\/span>\n\t\t\t\t\t\t\t\t\t<span class=\"elementor-button-text\">Presupuesto gratuito<\/span>\n\t\t\t\t\t<\/span>\n\t\t\t\t\t<\/a>\n\t\t<\/div>\n\t\t\t\t<\/div>\n\t\t\t\t<\/div>\n\t\t\t\t\t<\/div>\n\t\t<\/div>\n\t\t\t\t\t<\/div>\n\t\t<\/section>\n\t\t\t\t<section class=\"elementor-section elementor-top-section elementor-element elementor-element-57e20c5b elementor-section-boxed elementor-section-height-default elementor-section-height-default\" data-id=\"57e20c5b\" data-element_type=\"section\" data-settings=\"{&quot;_ha_eqh_enable&quot;:false}\">\n\t\t\t\t\t\t<div class=\"elementor-container elementor-column-gap-default\">\n\t\t\t\t\t<div class=\"elementor-column elementor-col-100 elementor-top-column elementor-element elementor-element-50f3802\" data-id=\"50f3802\" data-element_type=\"column\">\n\t\t\t<div class=\"elementor-widget-wrap elementor-element-populated\">\n\t\t\t\t\t\t<div class=\"elementor-element elementor-element-1006f2b1 elementor-widget elementor-widget-text-editor\" data-id=\"1006f2b1\" data-element_type=\"widget\" data-widget_type=\"text-editor.default\">\n\t\t\t\t<div class=\"elementor-widget-container\">\n\t\t\t\t\t\t\t<h2>Cirug\u00eda est\u00e9tica Turqu\u00eda : Encuentre los mejores precios<\/h2>\nEl coste de la vida es inferior al de Europa, o al de otros pa\u00edses latinoamericanos, y las ventajas fiscales para el desarrollo del sector tur\u00edstico y m\u00e9dico permiten reducir el coste de las operaciones (cl\u00ednica, anestesista, personal de <strong>enfermer\u00eda<\/strong>, productos&#8230;).\nTodos estos factores repercuten positivamente en los precios, permiti\u00e9ndole disfrutar de 15 d\u00edas de <a title=\"Estancia est\u00e9tica Turqu\u00eda\" href=\"https:\/\/www.polycliniqueplus.com\/es\/estancia-cirugia-estetica-turquia\/\">vacaciones en un hotel de 5*.<\/a>Puede someterse a tantas intervenciones quir\u00fargicas o tratamientos m\u00e9dicos como desee por un precio excepcionalmente bajo en comparaci\u00f3n con el coste de una intervenci\u00f3n quir\u00fargica solo en su pa\u00eds de origen.\n\nNo es casualidad que Polyclinique Plus haya elegido este lugar para su intervenci\u00f3n. \u00a1Podr\u00edamos haber elegido otra ciudad u otro lugar para sus \u00abvacaciones\u00bb! Una \u00abplaya\u00bb por ejemplo, o un lugar como los miles que hay en Turqu\u00eda, donde encontrar\u00e1s monta\u00f1a, desierto y playa para que practiques actividades \u00abl\u00fadicas\u00bb como nadar, bucear, tomar el sol, montar a caballo&#8230;\n<p class=\"red\" align=\"center\"><strong>Para m\u00e1s informaci\u00f3n, ll\u00e1menos al: +33 9 80 80 44 74<\/strong><\/p>\t\t\t\t\t\t<\/div>\n\t\t\t\t<\/div>\n\t\t\t\t\t<\/div>\n\t\t<\/div>\n\t\t\t\t\t<\/div>\n\t\t<\/section>\n\t\t\t\t<\/div>\n\t\t","protected":false},"excerpt":{"rendered":"<p>estancias de cirug\u00eda est\u00e9tica en Turqu\u00eda para pacientes y acompa\u00f1antes. Organizaci\u00f3n de la cirug\u00eda est\u00e9tica en Turqu\u00eda Con un equipo m\u00e9dico compuesto por los m\u00e1s experimentados especialistas en Cirug\u00eda Est\u00e9tica en Turqu\u00eda, Microcirug\u00eda, Medicina Quir\u00fargica, Tratamientos L\u00e1ser, Cirug\u00eda Dental&#8230;, y asociados a los centros m\u00e9dicos m\u00e1s avanzados en tratamientos est\u00e9ticos y l\u00e1ser, hemos alcanzado la [&hellip;]<\/p>\n","protected":false},"author":1,"featured_media":0,"parent":0,"menu_order":0,"comment_status":"closed","ping_status":"closed","template":"","meta":{"footnotes":""},"class_list":["post-7807","page","type-page","status-publish","hentry"],"yoast_head":"<!-- This site is optimized with the Yoast SEO plugin v27.3 - https:\/\/yoast.com\/product\/yoast-seo-wordpress\/ -->\n<title>PolycliniquePlus : Agencia de turismo m\u00e9dico en Turqu\u00eda<\/title>\n<meta name=\"description\" content=\"PolycliniquePlus, agencia de turismo m\u00e9dico Turqu\u00eda. Precios baratos con todo incluido, solicite su presupuesto gratuito en l\u00ednea\" \/>\n<meta name=\"robots\" content=\"index, follow, max-snippet:-1, max-image-preview:large, max-video-preview:-1\" \/>\n<link rel=\"canonical\" href=\"https:\/\/www.polycliniqueplus.com\/es\/organizacion-del-turismo-medico-turquia\/\" \/>\n<meta property=\"og:locale\" content=\"es_ES\" \/>\n<meta property=\"og:type\" content=\"article\" \/>\n<meta property=\"og:title\" content=\"PolycliniquePlus : Agencia de turismo m\u00e9dico en Turqu\u00eda\" \/>\n<meta property=\"og:description\" content=\"PolycliniquePlus, agencia de turismo m\u00e9dico Turqu\u00eda. Precios baratos con todo incluido, solicite su presupuesto gratuito en l\u00ednea\" \/>\n<meta property=\"og:url\" content=\"https:\/\/www.polycliniqueplus.com\/es\/organizacion-del-turismo-medico-turquia\/\" \/>\n<meta property=\"og:site_name\" content=\"Chirurgie esthetique Turquie : Prix interventions meilleures cliniques Istanbul\" \/>\n<meta property=\"article:publisher\" content=\"https:\/\/www.facebook.com\/polycliniqueplus\" \/>\n<meta property=\"article:modified_time\" content=\"2025-12-12T11:40:36+00:00\" \/>\n<meta property=\"og:image\" content=\"https:\/\/www.polycliniqueplus.com\/wp-content\/uploads\/2021\/02\/interventions-de-chirurgie-plastique.jpg\" \/>\n\t<meta property=\"og:image:width\" content=\"574\" \/>\n\t<meta property=\"og:image:height\" content=\"586\" \/>\n\t<meta property=\"og:image:type\" content=\"image\/jpeg\" \/>\n<meta name=\"twitter:card\" content=\"summary_large_image\" \/>\n<meta name=\"twitter:site\" content=\"@polyclinique1\" \/>\n<meta name=\"twitter:label1\" content=\"Tiempo de lectura\" \/>\n\t<meta name=\"twitter:data1\" content=\"2 minutos\" \/>\n<script type=\"application\/ld+json\" class=\"yoast-schema-graph\">{\"@context\":\"https:\\\/\\\/schema.org\",\"@graph\":[{\"@type\":\"WebPage\",\"@id\":\"https:\\\/\\\/www.polycliniqueplus.com\\\/es\\\/organizacion-del-turismo-medico-turquia\\\/\",\"url\":\"https:\\\/\\\/www.polycliniqueplus.com\\\/es\\\/organizacion-del-turismo-medico-turquia\\\/\",\"name\":\"PolycliniquePlus : Agencia de turismo m\u00e9dico en Turqu\u00eda\",\"isPartOf\":{\"@id\":\"https:\\\/\\\/www.polycliniqueplus.com\\\/es\\\/#website\"},\"datePublished\":\"2017-06-18T17:45:37+00:00\",\"dateModified\":\"2025-12-12T11:40:36+00:00\",\"description\":\"PolycliniquePlus, agencia de turismo m\u00e9dico Turqu\u00eda. Precios baratos con todo incluido, solicite su presupuesto gratuito en l\u00ednea\",\"breadcrumb\":{\"@id\":\"https:\\\/\\\/www.polycliniqueplus.com\\\/es\\\/organizacion-del-turismo-medico-turquia\\\/#breadcrumb\"},\"inLanguage\":\"es\",\"potentialAction\":[{\"@type\":\"ReadAction\",\"target\":[\"https:\\\/\\\/www.polycliniqueplus.com\\\/es\\\/organizacion-del-turismo-medico-turquia\\\/\"]}]},{\"@type\":\"BreadcrumbList\",\"@id\":\"https:\\\/\\\/www.polycliniqueplus.com\\\/es\\\/organizacion-del-turismo-medico-turquia\\\/#breadcrumb\",\"itemListElement\":[{\"@type\":\"ListItem\",\"position\":1,\"name\":\"Accueil\",\"item\":\"https:\\\/\\\/www.polycliniqueplus.com\\\/es\\\/\"},{\"@type\":\"ListItem\",\"position\":2,\"name\":\"POLYCLINIC PLUS: organizaci\u00f3n de la estancia de turismo m\u00e9dico Turqu\u00eda\"}]},{\"@type\":\"WebSite\",\"@id\":\"https:\\\/\\\/www.polycliniqueplus.com\\\/es\\\/#website\",\"url\":\"https:\\\/\\\/www.polycliniqueplus.com\\\/es\\\/\",\"name\":\"Chirurgie esthetique Turquie : Prix interventions meilleures cliniques Istanbul\",\"description\":\"Chirurgie esthetique Turquie prix pas cher\",\"publisher\":{\"@id\":\"https:\\\/\\\/www.polycliniqueplus.com\\\/es\\\/#organization\"},\"potentialAction\":[{\"@type\":\"SearchAction\",\"target\":{\"@type\":\"EntryPoint\",\"urlTemplate\":\"https:\\\/\\\/www.polycliniqueplus.com\\\/es\\\/?s={search_term_string}\"},\"query-input\":{\"@type\":\"PropertyValueSpecification\",\"valueRequired\":true,\"valueName\":\"search_term_string\"}}],\"inLanguage\":\"es\"},{\"@type\":\"Organization\",\"@id\":\"https:\\\/\\\/www.polycliniqueplus.com\\\/es\\\/#organization\",\"name\":\"Polycliniqueplus chirurgie esthetique Turquie\",\"url\":\"https:\\\/\\\/www.polycliniqueplus.com\\\/es\\\/\",\"logo\":{\"@type\":\"ImageObject\",\"inLanguage\":\"es\",\"@id\":\"https:\\\/\\\/www.polycliniqueplus.com\\\/es\\\/#\\\/schema\\\/logo\\\/image\\\/\",\"url\":\"https:\\\/\\\/www.polycliniqueplus.com\\\/wp-content\\\/uploads\\\/2021\\\/03\\\/cropped-add-box-fill.png\",\"contentUrl\":\"https:\\\/\\\/www.polycliniqueplus.com\\\/wp-content\\\/uploads\\\/2021\\\/03\\\/cropped-add-box-fill.png\",\"width\":512,\"height\":512,\"caption\":\"Polycliniqueplus chirurgie esthetique Turquie\"},\"image\":{\"@id\":\"https:\\\/\\\/www.polycliniqueplus.com\\\/es\\\/#\\\/schema\\\/logo\\\/image\\\/\"},\"sameAs\":[\"https:\\\/\\\/www.facebook.com\\\/polycliniqueplus\",\"https:\\\/\\\/x.com\\\/polyclinique1\",\"https:\\\/\\\/www.youtube.com\\\/channel\\\/UCAnK3TORJqflIuYGFa-JQDw\"]}]}<\/script>\n<!-- \/ Yoast SEO plugin. -->","yoast_head_json":{"title":"PolycliniquePlus : Agencia de turismo m\u00e9dico en Turqu\u00eda","description":"PolycliniquePlus, agencia de turismo m\u00e9dico Turqu\u00eda. Precios baratos con todo incluido, solicite su presupuesto gratuito en l\u00ednea","robots":{"index":"index","follow":"follow","max-snippet":"max-snippet:-1","max-image-preview":"max-image-preview:large","max-video-preview":"max-video-preview:-1"},"canonical":"https:\/\/www.polycliniqueplus.com\/es\/organizacion-del-turismo-medico-turquia\/","og_locale":"es_ES","og_type":"article","og_title":"PolycliniquePlus : Agencia de turismo m\u00e9dico en Turqu\u00eda","og_description":"PolycliniquePlus, agencia de turismo m\u00e9dico Turqu\u00eda. Precios baratos con todo incluido, solicite su presupuesto gratuito en l\u00ednea","og_url":"https:\/\/www.polycliniqueplus.com\/es\/organizacion-del-turismo-medico-turquia\/","og_site_name":"Chirurgie esthetique Turquie : Prix interventions meilleures cliniques Istanbul","article_publisher":"https:\/\/www.facebook.com\/polycliniqueplus","article_modified_time":"2025-12-12T11:40:36+00:00","og_image":[{"width":574,"height":586,"url":"https:\/\/www.polycliniqueplus.com\/wp-content\/uploads\/2021\/02\/interventions-de-chirurgie-plastique.jpg","type":"image\/jpeg"}],"twitter_card":"summary_large_image","twitter_site":"@polyclinique1","twitter_misc":{"Tiempo de lectura":"2 minutos"},"schema":{"@context":"https:\/\/schema.org","@graph":[{"@type":"WebPage","@id":"https:\/\/www.polycliniqueplus.com\/es\/organizacion-del-turismo-medico-turquia\/","url":"https:\/\/www.polycliniqueplus.com\/es\/organizacion-del-turismo-medico-turquia\/","name":"PolycliniquePlus : Agencia de turismo m\u00e9dico en Turqu\u00eda","isPartOf":{"@id":"https:\/\/www.polycliniqueplus.com\/es\/#website"},"datePublished":"2017-06-18T17:45:37+00:00","dateModified":"2025-12-12T11:40:36+00:00","description":"PolycliniquePlus, agencia de turismo m\u00e9dico Turqu\u00eda. Precios baratos con todo incluido, solicite su presupuesto gratuito en l\u00ednea","breadcrumb":{"@id":"https:\/\/www.polycliniqueplus.com\/es\/organizacion-del-turismo-medico-turquia\/#breadcrumb"},"inLanguage":"es","potentialAction":[{"@type":"ReadAction","target":["https:\/\/www.polycliniqueplus.com\/es\/organizacion-del-turismo-medico-turquia\/"]}]},{"@type":"BreadcrumbList","@id":"https:\/\/www.polycliniqueplus.com\/es\/organizacion-del-turismo-medico-turquia\/#breadcrumb","itemListElement":[{"@type":"ListItem","position":1,"name":"Accueil","item":"https:\/\/www.polycliniqueplus.com\/es\/"},{"@type":"ListItem","position":2,"name":"POLYCLINIC PLUS: organizaci\u00f3n de la estancia de turismo m\u00e9dico Turqu\u00eda"}]},{"@type":"WebSite","@id":"https:\/\/www.polycliniqueplus.com\/es\/#website","url":"https:\/\/www.polycliniqueplus.com\/es\/","name":"Chirurgie esthetique Turquie : Prix interventions meilleures cliniques Istanbul","description":"Chirurgie esthetique Turquie prix pas cher","publisher":{"@id":"https:\/\/www.polycliniqueplus.com\/es\/#organization"},"potentialAction":[{"@type":"SearchAction","target":{"@type":"EntryPoint","urlTemplate":"https:\/\/www.polycliniqueplus.com\/es\/?s={search_term_string}"},"query-input":{"@type":"PropertyValueSpecification","valueRequired":true,"valueName":"search_term_string"}}],"inLanguage":"es"},{"@type":"Organization","@id":"https:\/\/www.polycliniqueplus.com\/es\/#organization","name":"Polycliniqueplus chirurgie esthetique Turquie","url":"https:\/\/www.polycliniqueplus.com\/es\/","logo":{"@type":"ImageObject","inLanguage":"es","@id":"https:\/\/www.polycliniqueplus.com\/es\/#\/schema\/logo\/image\/","url":"https:\/\/www.polycliniqueplus.com\/wp-content\/uploads\/2021\/03\/cropped-add-box-fill.png","contentUrl":"https:\/\/www.polycliniqueplus.com\/wp-content\/uploads\/2021\/03\/cropped-add-box-fill.png","width":512,"height":512,"caption":"Polycliniqueplus chirurgie esthetique Turquie"},"image":{"@id":"https:\/\/www.polycliniqueplus.com\/es\/#\/schema\/logo\/image\/"},"sameAs":["https:\/\/www.facebook.com\/polycliniqueplus","https:\/\/x.com\/polyclinique1","https:\/\/www.youtube.com\/channel\/UCAnK3TORJqflIuYGFa-JQDw"]}]}},"_links":{"self":[{"href":"https:\/\/www.polycliniqueplus.com\/es\/wp-json\/wp\/v2\/pages\/7807","targetHints":{"allow":["GET"]}}],"collection":[{"href":"https:\/\/www.polycliniqueplus.com\/es\/wp-json\/wp\/v2\/pages"}],"about":[{"href":"https:\/\/www.polycliniqueplus.com\/es\/wp-json\/wp\/v2\/types\/page"}],"author":[{"embeddable":true,"href":"https:\/\/www.polycliniqueplus.com\/es\/wp-json\/wp\/v2\/users\/1"}],"replies":[{"embeddable":true,"href":"https:\/\/www.polycliniqueplus.com\/es\/wp-json\/wp\/v2\/comments?post=7807"}],"version-history":[{"count":20,"href":"https:\/\/www.polycliniqueplus.com\/es\/wp-json\/wp\/v2\/pages\/7807\/revisions"}],"predecessor-version":[{"id":33009,"href":"https:\/\/www.polycliniqueplus.com\/es\/wp-json\/wp\/v2\/pages\/7807\/revisions\/33009"}],"wp:attachment":[{"href":"https:\/\/www.polycliniqueplus.com\/es\/wp-json\/wp\/v2\/media?parent=7807"}],"curies":[{"name":"wp","href":"https:\/\/api.w.org\/{rel}","templated":true}]}}