{"id":7690,"date":"2017-06-18T18:45:46","date_gmt":"2017-06-18T16:45:46","guid":{"rendered":"https:\/\/www.polycliniqueplus.com\/cirugia-dental-turquia-tecnicas-para-mejorar-el-aspecto-de-la-sonrisa\/"},"modified":"2025-12-12T12:29:01","modified_gmt":"2025-12-12T11:29:01","slug":"cirugia-dental-turquia","status":"publish","type":"page","link":"https:\/\/www.polycliniqueplus.com\/es\/cirugia-dental-turquia\/","title":{"rendered":"Cirug\u00eda dental Turqu\u00eda: T\u00e9cnicas para mejorar el aspecto de la sonrisa"},"content":{"rendered":"<div data-elementor-type=\"wp-page\" data-elementor-id=\"7690\" class=\"elementor elementor-7690 elementor-27\" data-elementor-settings=\"{&quot;ha_cmc_init_switcher&quot;:&quot;no&quot;}\">\n\t\t\t\t\t\t<section class=\"elementor-section elementor-top-section elementor-element elementor-element-c2d2e41 elementor-section-content-middle elementor-section-boxed elementor-section-height-default elementor-section-height-default\" data-id=\"c2d2e41\" data-element_type=\"section\" data-settings=\"{&quot;_ha_eqh_enable&quot;:false}\">\n\t\t\t\t\t\t<div class=\"elementor-container elementor-column-gap-default\">\n\t\t\t\t\t<div class=\"elementor-column elementor-col-50 elementor-top-column elementor-element elementor-element-6d92a4d\" data-id=\"6d92a4d\" data-element_type=\"column\">\n\t\t\t<div class=\"elementor-widget-wrap elementor-element-populated\">\n\t\t\t\t\t\t<div class=\"elementor-element elementor-element-d38d412 elementor-widget elementor-widget-text-editor\" data-id=\"d38d412\" data-element_type=\"widget\" data-widget_type=\"text-editor.default\">\n\t\t\t\t<div class=\"elementor-widget-container\">\n\t\t\t\t\t\t\t<p>Todos los <strong>procedimientos quir\u00fargicos dentales<\/strong> enumerados en la <strong>odontolog\u00eda est\u00e9tica<\/strong> moderna se ofrecen en Turqu\u00eda a precios mucho m\u00e1s bajos que en Francia y otros pa\u00edses europeos.<\/p>\n\t\t\t\t\t\t<\/div>\n\t\t\t\t<\/div>\n\t\t\t\t<div class=\"elementor-element elementor-element-82b613c elementor-widget elementor-widget-text-editor\" data-id=\"82b613c\" data-element_type=\"widget\" data-widget_type=\"text-editor.default\">\n\t\t\t\t<div class=\"elementor-widget-container\">\n\t\t\t\t\t\t\tLos tratamientos ofrecidos en odontolog\u00eda cosm\u00e9tica se refieren generalmente a:\n<ul class=\"liste-page\">\n \t<li><a href=\"https:\/\/www.polycliniqueplus.com\/es\/blanqueamiento-dental-turquia\/\">Blanqueamiento: sonrisa resplandeciente<\/a><\/li>\n \t<li><a href=\"https:\/\/www.polycliniqueplus.com\/es\/implantes-dentales-turquia\/\">Implantes dentales: ra\u00edces artificiales<\/a><\/li>\n \t<li><a href=\"https:\/\/www.polycliniqueplus.com\/es\/coronas-dentales-turquia\/\">Coronas<\/a>: pr\u00f3tesis de porcelana para cubrir un diente<\/li>\n \t<li><a href=\"https:\/\/www.polycliniqueplus.com\/es\/carillas-dentales-turquia\/\">Carillas: porcelana o composite<\/a><\/li>\n \t<li>Otros cuidados espec\u00edficos<\/li>\n<\/ul>\t\t\t\t\t\t<\/div>\n\t\t\t\t<\/div>\n\t\t\t\t\t<\/div>\n\t\t<\/div>\n\t\t\t\t<div class=\"elementor-column elementor-col-50 elementor-top-column elementor-element elementor-element-c735a70\" data-id=\"c735a70\" data-element_type=\"column\">\n\t\t\t<div class=\"elementor-widget-wrap elementor-element-populated\">\n\t\t\t\t\t\t<div class=\"elementor-element elementor-element-28038b0 elementor-widget elementor-widget-image\" data-id=\"28038b0\" data-element_type=\"widget\" data-widget_type=\"image.default\">\n\t\t\t\t<div class=\"elementor-widget-container\">\n\t\t\t\t\t\t\t\t\t\t<figure class=\"wp-caption\">\n\t\t\t\t\t\t\t\t\t\t<noscript><img fetchpriority=\"high\" decoding=\"async\" width=\"574\" height=\"586\" src=\"https:\/\/www.polycliniqueplus.com\/wp-content\/uploads\/2021\/03\/chirurgies_soins_dentaires_turquie.jpg\" class=\"attachment-large size-large wp-image-7451\" alt srcset=\"https:\/\/www.polycliniqueplus.com\/wp-content\/uploads\/2021\/03\/chirurgies_soins_dentaires_turquie.jpg 574w, https:\/\/www.polycliniqueplus.com\/wp-content\/uploads\/2021\/03\/chirurgies_soins_dentaires_turquie-294x300.jpg 294w\" sizes=\"(max-width: 574px) 100vw, 574px\"><\/noscript><img fetchpriority=\"high\" decoding=\"async\" width=\"574\" height=\"586\" src=\"data:image\/svg+xml,%3Csvg%20xmlns%3D%22http%3A%2F%2Fwww.w3.org%2F2000%2Fsvg%22%20viewBox%3D%220%200%20574%20586%22%3E%3C%2Fsvg%3E\" class=\"attachment-large size-large wp-image-7451 lazyload\" alt srcset=\"data:image\/svg+xml,%3Csvg%20xmlns%3D%22http%3A%2F%2Fwww.w3.org%2F2000%2Fsvg%22%20viewBox%3D%220%200%20574%20586%22%3E%3C%2Fsvg%3E 574w\" sizes=\"(max-width: 574px) 100vw, 574px\" data-srcset=\"https:\/\/www.polycliniqueplus.com\/wp-content\/uploads\/2021\/03\/chirurgies_soins_dentaires_turquie.jpg 574w, https:\/\/www.polycliniqueplus.com\/wp-content\/uploads\/2021\/03\/chirurgies_soins_dentaires_turquie-294x300.jpg 294w\" data-src=\"https:\/\/www.polycliniqueplus.com\/wp-content\/uploads\/2021\/03\/chirurgies_soins_dentaires_turquie.jpg\">\t\t\t\t\t\t\t\t\t\t\t<figcaption class=\"widget-image-caption wp-caption-text\">Chirurgies et soins dentaires en cabinet<\/figcaption>\n\t\t\t\t\t\t\t\t\t\t<\/figure>\n\t\t\t\t\t\t\t<\/div>\n\t\t\t\t<\/div>\n\t\t\t\t\t<\/div>\n\t\t<\/div>\n\t\t\t\t\t<\/div>\n\t\t<\/section>\n\t\t\t\t<section class=\"elementor-section elementor-top-section elementor-element elementor-element-e8a538d elementor-section-boxed elementor-section-height-default elementor-section-height-default\" data-id=\"e8a538d\" data-element_type=\"section\" data-settings=\"{&quot;_ha_eqh_enable&quot;:false}\">\n\t\t\t\t\t\t<div class=\"elementor-container elementor-column-gap-default\">\n\t\t\t\t\t<div class=\"elementor-column elementor-col-100 elementor-top-column elementor-element elementor-element-ae6cf26\" data-id=\"ae6cf26\" data-element_type=\"column\">\n\t\t\t<div class=\"elementor-widget-wrap elementor-element-populated\">\n\t\t\t\t\t\t<div class=\"elementor-element elementor-element-0daae7c elementor-widget elementor-widget-heading\" data-id=\"0daae7c\" data-element_type=\"widget\" data-widget_type=\"heading.default\">\n\t\t\t\t<div class=\"elementor-widget-container\">\n\t\t\t<h2 class=\"elementor-heading-title elementor-size-default\">Precios de la atenci\u00f3n y cirug\u00eda dentales en Turqu\u00eda<\/h2>\t\t<\/div>\n\t\t\t\t<\/div>\n\t\t\t\t<div class=\"elementor-element elementor-element-d6cd7eb elementor-widget elementor-widget-text-editor\" data-id=\"d6cd7eb\" data-element_type=\"widget\" data-widget_type=\"text-editor.default\">\n\t\t\t\t<div class=\"elementor-widget-container\">\n\t\t\t\t\t\t\tLa <strong>cirug\u00eda dental<\/strong> en sentido estricto incluye principalmente <strong>operaciones dentoalveolares<\/strong> (extracci\u00f3n de dientes, tratamiento de conductos, tratamiento de conservaci\u00f3n dental, tratamiento de muelas del juicio, tratamiento de anomal\u00edas mandibulares debidas a inflamaciones, quistes, por ejemplo) y operaciones preimplantarias e implantol\u00f3gicas.\n\t\t\t\t\t\t<\/div>\n\t\t\t\t<\/div>\n\t\t\t\t<div class=\"elementor-element elementor-element-b2da662 elementor-widget elementor-widget-text-editor\" data-id=\"b2da662\" data-element_type=\"widget\" data-widget_type=\"text-editor.default\">\n\t\t\t\t<div class=\"elementor-widget-container\">\n\t\t\t\t\t\t\tSin embargo, en un sentido m\u00e1s amplio, tambi\u00e9n incluye la <strong>cirug\u00eda est\u00e9tica de los dientes y la cara<\/strong>, la cirug\u00eda de la articulaci\u00f3n mandibular, la cancerolog\u00eda oral, el tratamiento de las anomal\u00edas oclusales y la cirug\u00eda de las gl\u00e1ndulas salivales.\t\t\t\t\t\t<\/div>\n\t\t\t\t<\/div>\n\t\t\t\t\t<\/div>\n\t\t<\/div>\n\t\t\t\t\t<\/div>\n\t\t<\/section>\n\t\t\t\t<section class=\"elementor-section elementor-top-section elementor-element elementor-element-eca082d elementor-section-boxed elementor-section-height-default elementor-section-height-default\" data-id=\"eca082d\" data-element_type=\"section\" data-settings=\"{&quot;background_background&quot;:&quot;classic&quot;,&quot;_ha_eqh_enable&quot;:false}\">\n\t\t\t\t\t\t<div class=\"elementor-container elementor-column-gap-default\">\n\t\t\t\t\t<div class=\"elementor-column elementor-col-100 elementor-top-column elementor-element elementor-element-8047df5\" data-id=\"8047df5\" data-element_type=\"column\">\n\t\t\t<div class=\"elementor-widget-wrap elementor-element-populated\">\n\t\t\t\t\t\t<div class=\"elementor-element elementor-element-d24b977 elementor-widget elementor-widget-heading\" data-id=\"d24b977\" data-element_type=\"widget\" data-widget_type=\"heading.default\">\n\t\t\t\t<div class=\"elementor-widget-container\">\n\t\t\t<h4 class=\"elementor-heading-title elementor-size-default\">PRESUPUESTO EN L\u00cdNEA R\u00c1PIDO Y 100% GRATUITO<\/h4>\t\t<\/div>\n\t\t\t\t<\/div>\n\t\t\t\t<div class=\"elementor-element elementor-element-aafbf7c elementor-align-center elementor-widget elementor-widget-button\" data-id=\"aafbf7c\" data-element_type=\"widget\" data-widget_type=\"button.default\">\n\t\t\t\t<div class=\"elementor-widget-container\">\n\t\t\t\t\t<div class=\"elementor-button-wrapper\">\n\t\t\t<a class=\"elementor-button elementor-button-link elementor-size-sm\" href=\"https:\/\/www.polycliniqueplus.com\/es\/presupuesto\/\">\n\t\t\t\t\t\t<span class=\"elementor-button-content-wrapper\">\n\t\t\t\t\t\t<span class=\"elementor-button-icon\">\n\t\t\t\t<i aria-hidden=\"true\" class=\"fas fa-arrow-right\"><\/i>\t\t\t<\/span>\n\t\t\t\t\t\t\t\t\t<span class=\"elementor-button-text\">Consulta de cirug\u00eda dental<\/span>\n\t\t\t\t\t<\/span>\n\t\t\t\t\t<\/a>\n\t\t<\/div>\n\t\t\t\t<\/div>\n\t\t\t\t<\/div>\n\t\t\t\t\t<\/div>\n\t\t<\/div>\n\t\t\t\t\t<\/div>\n\t\t<\/section>\n\t\t\t\t<section class=\"elementor-section elementor-top-section elementor-element elementor-element-602701ad elementor-section-boxed elementor-section-height-default elementor-section-height-default\" data-id=\"602701ad\" data-element_type=\"section\" data-settings=\"{&quot;_ha_eqh_enable&quot;:false}\">\n\t\t\t\t\t\t<div class=\"elementor-container elementor-column-gap-default\">\n\t\t\t\t\t<div class=\"elementor-column elementor-col-50 elementor-top-column elementor-element elementor-element-27374928\" data-id=\"27374928\" data-element_type=\"column\">\n\t\t\t<div class=\"elementor-widget-wrap elementor-element-populated\">\n\t\t\t\t\t\t<div class=\"elementor-element elementor-element-4d465fc0 elementor-widget elementor-widget-text-editor\" data-id=\"4d465fc0\" data-element_type=\"widget\" data-widget_type=\"text-editor.default\">\n\t\t\t\t<div class=\"elementor-widget-container\">\n\t\t\t\t\t\t\t<h2>Consejos despu\u00e9s del blanqueamiento<\/h2>\nPara mantener <strong>el buen resultado del blan<\/strong>queamiento dental, se recomienda evitar el consumo de diversos productos y alimentos que manchan durante el tratamiento e incluso unos d\u00edas despu\u00e9s de finalizado el blanqueamiento dental consultando al especialista dental.\n\n\t\t\t\t\t\t<\/div>\n\t\t\t\t<\/div>\n\t\t\t\t<div class=\"elementor-element elementor-element-5e75843 elementor-widget elementor-widget-text-editor\" data-id=\"5e75843\" data-element_type=\"widget\" data-widget_type=\"text-editor.default\">\n\t\t\t\t<div class=\"elementor-widget-container\">\n\t\t\t\t\t\t\tAhora es muy f\u00e1cil remediar los <a href=\"https:\/\/www.polycliniqueplus.com\/es\/ortodoncia-turquia\/\" target=\"_blank\" rel=\"noopener\">problemas de dientes rotos, separados, inclinados<\/a>, manchados o amarillentos con la cirug\u00eda dental est\u00e9tica. En cuanto a las <strong>estancias m\u00e9dicas en Turqu\u00eda<\/strong>, la cirug\u00eda dental ha tenido mucho \u00e9xito. Algunos pacientes acuden espec\u00edficamente para que les blanqueen los dientes, les coloquen implantes o les pongan carillas.\t\t\t\t\t\t<\/div>\n\t\t\t\t<\/div>\n\t\t\t\t\t<\/div>\n\t\t<\/div>\n\t\t\t\t<div class=\"elementor-column elementor-col-50 elementor-top-column elementor-element elementor-element-a11a467\" data-id=\"a11a467\" data-element_type=\"column\">\n\t\t\t<div class=\"elementor-widget-wrap elementor-element-populated\">\n\t\t\t\t\t\t<div class=\"elementor-element elementor-element-20530ac elementor-widget elementor-widget-text-editor\" data-id=\"20530ac\" data-element_type=\"widget\" data-widget_type=\"text-editor.default\">\n\t\t\t\t<div class=\"elementor-widget-container\">\n\t\t\t\t\t\t\t<figure id=\"attachment_7249\" aria-describedby=\"caption-attachment-7249\" style=\"width: 332px\" class=\"wp-caption aligncenter\"><noscript><img decoding=\"async\" class=\" wp-image-842\" title=\"Dientes antes y despu\u00e9s\" src=\"https:\/\/www.polycliniqueplus.com\/wp-content\/uploads\/2017\/06\/blanchiment-300x215.jpg\" alt=\"Cirug\u00eda dental Turqu\u00eda\" width=\"332\" height=\"238\" srcset=\"https:\/\/www.polycliniqueplus.com\/wp-content\/uploads\/2017\/06\/blanchiment-300x215.jpg 300w, https:\/\/www.polycliniqueplus.com\/wp-content\/uploads\/2017\/06\/blanchiment-768x549.jpg 768w, https:\/\/www.polycliniqueplus.com\/wp-content\/uploads\/2017\/06\/blanchiment-1024x733.jpg 1024w, https:\/\/www.polycliniqueplus.com\/wp-content\/uploads\/2017\/06\/blanchiment.jpg 1630w\" sizes=\"(max-width: 332px) 100vw, 332px\"><\/noscript><img decoding=\"async\" class=\" wp-image-842 lazyload\" title=\"Dientes antes y despu\u00e9s\" src=\"data:image\/svg+xml,%3Csvg%20xmlns%3D%22http%3A%2F%2Fwww.w3.org%2F2000%2Fsvg%22%20viewBox%3D%220%200%20332%20238%22%3E%3C%2Fsvg%3E\" alt=\"Cirug\u00eda dental Turqu\u00eda\" width=\"332\" height=\"238\" data-src=\"https:\/\/www.polycliniqueplus.com\/wp-content\/uploads\/2017\/06\/blanchiment-300x215.jpg\"><figcaption id=\"caption-attachment-7249\" class=\"wp-caption-text\"><center>Dientes antes y despu\u00e9s del blanqueamiento<\/center><\/figcaption><\/figure>\t\t\t\t\t\t<\/div>\n\t\t\t\t<\/div>\n\t\t\t\t\t<\/div>\n\t\t<\/div>\n\t\t\t\t\t<\/div>\n\t\t<\/section>\n\t\t\t\t<\/div>\n\t\t","protected":false},"excerpt":{"rendered":"<p>Todos los procedimientos quir\u00fargicos dentales enumerados en la odontolog\u00eda est\u00e9tica moderna se ofrecen en Turqu\u00eda a precios mucho m\u00e1s bajos que en Francia y otros pa\u00edses europeos. Los tratamientos ofrecidos en odontolog\u00eda cosm\u00e9tica se refieren generalmente a: Blanqueamiento: sonrisa resplandeciente Implantes dentales: ra\u00edces artificiales Coronas: pr\u00f3tesis de porcelana para cubrir un diente Carillas: porcelana o [&hellip;]<\/p>\n","protected":false},"author":1,"featured_media":7210,"parent":0,"menu_order":0,"comment_status":"closed","ping_status":"closed","template":"","meta":{"footnotes":""},"class_list":["post-7690","page","type-page","status-publish","has-post-thumbnail","hentry"],"yoast_head":"<!-- This site is optimized with the Yoast SEO plugin v27.3 - https:\/\/yoast.com\/product\/yoast-seo-wordpress\/ -->\n<title>Cirug\u00eda dental Turqu\u00eda: implantolog\u00eda, tratamientos y cuidados dentales<\/title>\n<meta name=\"description\" content=\"Cirug\u00eda dental Turqu\u00eda: implantolog\u00eda y odontolog\u00eda cosm\u00e9tica: blanqueamiento, implantes dentales, carillas dentales.\" \/>\n<meta name=\"robots\" content=\"index, follow, max-snippet:-1, max-image-preview:large, max-video-preview:-1\" \/>\n<link rel=\"canonical\" href=\"https:\/\/www.polycliniqueplus.com\/es\/cirugia-dental-turquia\/\" \/>\n<meta property=\"og:locale\" content=\"es_ES\" \/>\n<meta property=\"og:type\" content=\"article\" \/>\n<meta property=\"og:title\" content=\"Cirug\u00eda dental Turqu\u00eda: implantolog\u00eda, tratamientos y cuidados dentales\" \/>\n<meta property=\"og:description\" content=\"Cirug\u00eda dental Turqu\u00eda: implantolog\u00eda y odontolog\u00eda cosm\u00e9tica: blanqueamiento, implantes dentales, carillas dentales.\" \/>\n<meta property=\"og:url\" content=\"https:\/\/www.polycliniqueplus.com\/es\/cirugia-dental-turquia\/\" \/>\n<meta property=\"og:site_name\" content=\"Chirurgie esthetique Turquie : Prix interventions meilleures cliniques Istanbul\" \/>\n<meta property=\"article:publisher\" content=\"https:\/\/www.facebook.com\/polycliniqueplus\" \/>\n<meta property=\"article:modified_time\" content=\"2025-12-12T11:29:01+00:00\" \/>\n<meta property=\"og:image\" content=\"https:\/\/www.polycliniqueplus.com\/wp-content\/uploads\/2017\/06\/chirurgies-soins-dentaires-turquie.jpg\" \/>\n\t<meta property=\"og:image:width\" content=\"630\" \/>\n\t<meta property=\"og:image:height\" content=\"300\" \/>\n\t<meta property=\"og:image:type\" content=\"image\/jpeg\" \/>\n<meta name=\"twitter:card\" content=\"summary_large_image\" \/>\n<meta name=\"twitter:site\" content=\"@polyclinique1\" \/>\n<meta name=\"twitter:label1\" content=\"Tiempo de lectura\" \/>\n\t<meta name=\"twitter:data1\" content=\"2 minutos\" \/>\n<script type=\"application\/ld+json\" class=\"yoast-schema-graph\">{\"@context\":\"https:\\\/\\\/schema.org\",\"@graph\":[{\"@type\":\"WebPage\",\"@id\":\"https:\\\/\\\/www.polycliniqueplus.com\\\/es\\\/cirugia-dental-turquia\\\/\",\"url\":\"https:\\\/\\\/www.polycliniqueplus.com\\\/es\\\/cirugia-dental-turquia\\\/\",\"name\":\"Cirug\u00eda dental Turqu\u00eda: implantolog\u00eda, tratamientos y cuidados dentales\",\"isPartOf\":{\"@id\":\"https:\\\/\\\/www.polycliniqueplus.com\\\/es\\\/#website\"},\"primaryImageOfPage\":{\"@id\":\"https:\\\/\\\/www.polycliniqueplus.com\\\/es\\\/cirugia-dental-turquia\\\/#primaryimage\"},\"image\":{\"@id\":\"https:\\\/\\\/www.polycliniqueplus.com\\\/es\\\/cirugia-dental-turquia\\\/#primaryimage\"},\"thumbnailUrl\":\"https:\\\/\\\/www.polycliniqueplus.com\\\/wp-content\\\/uploads\\\/2017\\\/06\\\/chirurgies-soins-dentaires-turquie.jpg\",\"datePublished\":\"2017-06-18T16:45:46+00:00\",\"dateModified\":\"2025-12-12T11:29:01+00:00\",\"description\":\"Cirug\u00eda dental Turqu\u00eda: implantolog\u00eda y odontolog\u00eda cosm\u00e9tica: blanqueamiento, implantes dentales, carillas dentales.\",\"breadcrumb\":{\"@id\":\"https:\\\/\\\/www.polycliniqueplus.com\\\/es\\\/cirugia-dental-turquia\\\/#breadcrumb\"},\"inLanguage\":\"es\",\"potentialAction\":[{\"@type\":\"ReadAction\",\"target\":[\"https:\\\/\\\/www.polycliniqueplus.com\\\/es\\\/cirugia-dental-turquia\\\/\"]}]},{\"@type\":\"ImageObject\",\"inLanguage\":\"es\",\"@id\":\"https:\\\/\\\/www.polycliniqueplus.com\\\/es\\\/cirugia-dental-turquia\\\/#primaryimage\",\"url\":\"https:\\\/\\\/www.polycliniqueplus.com\\\/wp-content\\\/uploads\\\/2017\\\/06\\\/chirurgies-soins-dentaires-turquie.jpg\",\"contentUrl\":\"https:\\\/\\\/www.polycliniqueplus.com\\\/wp-content\\\/uploads\\\/2017\\\/06\\\/chirurgies-soins-dentaires-turquie.jpg\",\"width\":630,\"height\":300},{\"@type\":\"BreadcrumbList\",\"@id\":\"https:\\\/\\\/www.polycliniqueplus.com\\\/es\\\/cirugia-dental-turquia\\\/#breadcrumb\",\"itemListElement\":[{\"@type\":\"ListItem\",\"position\":1,\"name\":\"Accueil\",\"item\":\"https:\\\/\\\/www.polycliniqueplus.com\\\/es\\\/\"},{\"@type\":\"ListItem\",\"position\":2,\"name\":\"Cirug\u00eda dental Turqu\u00eda: T\u00e9cnicas para mejorar el aspecto de la sonrisa\"}]},{\"@type\":\"WebSite\",\"@id\":\"https:\\\/\\\/www.polycliniqueplus.com\\\/es\\\/#website\",\"url\":\"https:\\\/\\\/www.polycliniqueplus.com\\\/es\\\/\",\"name\":\"Chirurgie esthetique Turquie : Prix interventions meilleures cliniques Istanbul\",\"description\":\"Chirurgie esthetique Turquie prix pas cher\",\"publisher\":{\"@id\":\"https:\\\/\\\/www.polycliniqueplus.com\\\/es\\\/#organization\"},\"potentialAction\":[{\"@type\":\"SearchAction\",\"target\":{\"@type\":\"EntryPoint\",\"urlTemplate\":\"https:\\\/\\\/www.polycliniqueplus.com\\\/es\\\/?s={search_term_string}\"},\"query-input\":{\"@type\":\"PropertyValueSpecification\",\"valueRequired\":true,\"valueName\":\"search_term_string\"}}],\"inLanguage\":\"es\"},{\"@type\":\"Organization\",\"@id\":\"https:\\\/\\\/www.polycliniqueplus.com\\\/es\\\/#organization\",\"name\":\"Polycliniqueplus chirurgie esthetique Turquie\",\"url\":\"https:\\\/\\\/www.polycliniqueplus.com\\\/es\\\/\",\"logo\":{\"@type\":\"ImageObject\",\"inLanguage\":\"es\",\"@id\":\"https:\\\/\\\/www.polycliniqueplus.com\\\/es\\\/#\\\/schema\\\/logo\\\/image\\\/\",\"url\":\"https:\\\/\\\/www.polycliniqueplus.com\\\/wp-content\\\/uploads\\\/2021\\\/03\\\/cropped-add-box-fill.png\",\"contentUrl\":\"https:\\\/\\\/www.polycliniqueplus.com\\\/wp-content\\\/uploads\\\/2021\\\/03\\\/cropped-add-box-fill.png\",\"width\":512,\"height\":512,\"caption\":\"Polycliniqueplus chirurgie esthetique Turquie\"},\"image\":{\"@id\":\"https:\\\/\\\/www.polycliniqueplus.com\\\/es\\\/#\\\/schema\\\/logo\\\/image\\\/\"},\"sameAs\":[\"https:\\\/\\\/www.facebook.com\\\/polycliniqueplus\",\"https:\\\/\\\/x.com\\\/polyclinique1\",\"https:\\\/\\\/www.youtube.com\\\/channel\\\/UCAnK3TORJqflIuYGFa-JQDw\"]}]}<\/script>\n<!-- \/ Yoast SEO plugin. -->","yoast_head_json":{"title":"Cirug\u00eda dental Turqu\u00eda: implantolog\u00eda, tratamientos y cuidados dentales","description":"Cirug\u00eda dental Turqu\u00eda: implantolog\u00eda y odontolog\u00eda cosm\u00e9tica: blanqueamiento, implantes dentales, carillas dentales.","robots":{"index":"index","follow":"follow","max-snippet":"max-snippet:-1","max-image-preview":"max-image-preview:large","max-video-preview":"max-video-preview:-1"},"canonical":"https:\/\/www.polycliniqueplus.com\/es\/cirugia-dental-turquia\/","og_locale":"es_ES","og_type":"article","og_title":"Cirug\u00eda dental Turqu\u00eda: implantolog\u00eda, tratamientos y cuidados dentales","og_description":"Cirug\u00eda dental Turqu\u00eda: implantolog\u00eda y odontolog\u00eda cosm\u00e9tica: blanqueamiento, implantes dentales, carillas dentales.","og_url":"https:\/\/www.polycliniqueplus.com\/es\/cirugia-dental-turquia\/","og_site_name":"Chirurgie esthetique Turquie : Prix interventions meilleures cliniques Istanbul","article_publisher":"https:\/\/www.facebook.com\/polycliniqueplus","article_modified_time":"2025-12-12T11:29:01+00:00","og_image":[{"width":630,"height":300,"url":"https:\/\/www.polycliniqueplus.com\/wp-content\/uploads\/2017\/06\/chirurgies-soins-dentaires-turquie.jpg","type":"image\/jpeg"}],"twitter_card":"summary_large_image","twitter_site":"@polyclinique1","twitter_misc":{"Tiempo de lectura":"2 minutos"},"schema":{"@context":"https:\/\/schema.org","@graph":[{"@type":"WebPage","@id":"https:\/\/www.polycliniqueplus.com\/es\/cirugia-dental-turquia\/","url":"https:\/\/www.polycliniqueplus.com\/es\/cirugia-dental-turquia\/","name":"Cirug\u00eda dental Turqu\u00eda: implantolog\u00eda, tratamientos y cuidados dentales","isPartOf":{"@id":"https:\/\/www.polycliniqueplus.com\/es\/#website"},"primaryImageOfPage":{"@id":"https:\/\/www.polycliniqueplus.com\/es\/cirugia-dental-turquia\/#primaryimage"},"image":{"@id":"https:\/\/www.polycliniqueplus.com\/es\/cirugia-dental-turquia\/#primaryimage"},"thumbnailUrl":"https:\/\/www.polycliniqueplus.com\/wp-content\/uploads\/2017\/06\/chirurgies-soins-dentaires-turquie.jpg","datePublished":"2017-06-18T16:45:46+00:00","dateModified":"2025-12-12T11:29:01+00:00","description":"Cirug\u00eda dental Turqu\u00eda: implantolog\u00eda y odontolog\u00eda cosm\u00e9tica: blanqueamiento, implantes dentales, carillas dentales.","breadcrumb":{"@id":"https:\/\/www.polycliniqueplus.com\/es\/cirugia-dental-turquia\/#breadcrumb"},"inLanguage":"es","potentialAction":[{"@type":"ReadAction","target":["https:\/\/www.polycliniqueplus.com\/es\/cirugia-dental-turquia\/"]}]},{"@type":"ImageObject","inLanguage":"es","@id":"https:\/\/www.polycliniqueplus.com\/es\/cirugia-dental-turquia\/#primaryimage","url":"https:\/\/www.polycliniqueplus.com\/wp-content\/uploads\/2017\/06\/chirurgies-soins-dentaires-turquie.jpg","contentUrl":"https:\/\/www.polycliniqueplus.com\/wp-content\/uploads\/2017\/06\/chirurgies-soins-dentaires-turquie.jpg","width":630,"height":300},{"@type":"BreadcrumbList","@id":"https:\/\/www.polycliniqueplus.com\/es\/cirugia-dental-turquia\/#breadcrumb","itemListElement":[{"@type":"ListItem","position":1,"name":"Accueil","item":"https:\/\/www.polycliniqueplus.com\/es\/"},{"@type":"ListItem","position":2,"name":"Cirug\u00eda dental Turqu\u00eda: T\u00e9cnicas para mejorar el aspecto de la sonrisa"}]},{"@type":"WebSite","@id":"https:\/\/www.polycliniqueplus.com\/es\/#website","url":"https:\/\/www.polycliniqueplus.com\/es\/","name":"Chirurgie esthetique Turquie : Prix interventions meilleures cliniques Istanbul","description":"Chirurgie esthetique Turquie prix pas cher","publisher":{"@id":"https:\/\/www.polycliniqueplus.com\/es\/#organization"},"potentialAction":[{"@type":"SearchAction","target":{"@type":"EntryPoint","urlTemplate":"https:\/\/www.polycliniqueplus.com\/es\/?s={search_term_string}"},"query-input":{"@type":"PropertyValueSpecification","valueRequired":true,"valueName":"search_term_string"}}],"inLanguage":"es"},{"@type":"Organization","@id":"https:\/\/www.polycliniqueplus.com\/es\/#organization","name":"Polycliniqueplus chirurgie esthetique Turquie","url":"https:\/\/www.polycliniqueplus.com\/es\/","logo":{"@type":"ImageObject","inLanguage":"es","@id":"https:\/\/www.polycliniqueplus.com\/es\/#\/schema\/logo\/image\/","url":"https:\/\/www.polycliniqueplus.com\/wp-content\/uploads\/2021\/03\/cropped-add-box-fill.png","contentUrl":"https:\/\/www.polycliniqueplus.com\/wp-content\/uploads\/2021\/03\/cropped-add-box-fill.png","width":512,"height":512,"caption":"Polycliniqueplus chirurgie esthetique Turquie"},"image":{"@id":"https:\/\/www.polycliniqueplus.com\/es\/#\/schema\/logo\/image\/"},"sameAs":["https:\/\/www.facebook.com\/polycliniqueplus","https:\/\/x.com\/polyclinique1","https:\/\/www.youtube.com\/channel\/UCAnK3TORJqflIuYGFa-JQDw"]}]}},"_links":{"self":[{"href":"https:\/\/www.polycliniqueplus.com\/es\/wp-json\/wp\/v2\/pages\/7690","targetHints":{"allow":["GET"]}}],"collection":[{"href":"https:\/\/www.polycliniqueplus.com\/es\/wp-json\/wp\/v2\/pages"}],"about":[{"href":"https:\/\/www.polycliniqueplus.com\/es\/wp-json\/wp\/v2\/types\/page"}],"author":[{"embeddable":true,"href":"https:\/\/www.polycliniqueplus.com\/es\/wp-json\/wp\/v2\/users\/1"}],"replies":[{"embeddable":true,"href":"https:\/\/www.polycliniqueplus.com\/es\/wp-json\/wp\/v2\/comments?post=7690"}],"version-history":[{"count":17,"href":"https:\/\/www.polycliniqueplus.com\/es\/wp-json\/wp\/v2\/pages\/7690\/revisions"}],"predecessor-version":[{"id":32820,"href":"https:\/\/www.polycliniqueplus.com\/es\/wp-json\/wp\/v2\/pages\/7690\/revisions\/32820"}],"wp:featuredmedia":[{"embeddable":true,"href":"https:\/\/www.polycliniqueplus.com\/es\/wp-json\/wp\/v2\/media\/7210"}],"wp:attachment":[{"href":"https:\/\/www.polycliniqueplus.com\/es\/wp-json\/wp\/v2\/media?parent=7690"}],"curies":[{"name":"wp","href":"https:\/\/api.w.org\/{rel}","templated":true}]}}