{"id":7688,"date":"2017-06-18T18:43:20","date_gmt":"2017-06-18T16:43:20","guid":{"rendered":"https:\/\/www.polycliniqueplus.com\/cirugia-bariatrica-turquia-precios-baratos-de-sleeve-anillo-balon-y-bypass-gastrico\/"},"modified":"2025-12-12T12:28:38","modified_gmt":"2025-12-12T11:28:38","slug":"cirugia-obesidad-turquia","status":"publish","type":"page","link":"https:\/\/www.polycliniqueplus.com\/es\/cirugia-obesidad-turquia\/","title":{"rendered":"Cirug\u00eda bari\u00e1trica Turqu\u00eda : Precios baratos de Sleeve, Anillo, Bal\u00f3n y Bypass G\u00e1strico"},"content":{"rendered":"\t\t<div data-elementor-type=\"wp-page\" data-elementor-id=\"7688\" class=\"elementor elementor-7688 elementor-22\" data-elementor-settings=\"{&quot;ha_cmc_init_switcher&quot;:&quot;no&quot;}\">\n\t\t\t\t\t\t<section class=\"elementor-section elementor-top-section elementor-element elementor-element-b7e22d4 elementor-section-boxed elementor-section-height-default elementor-section-height-default\" data-id=\"b7e22d4\" data-element_type=\"section\" data-settings=\"{&quot;_ha_eqh_enable&quot;:false}\">\n\t\t\t\t\t\t<div class=\"elementor-container elementor-column-gap-default\">\n\t\t\t\t\t<div class=\"elementor-column elementor-col-100 elementor-top-column elementor-element elementor-element-756bf5b\" data-id=\"756bf5b\" data-element_type=\"column\">\n\t\t\t<div class=\"elementor-widget-wrap elementor-element-populated\">\n\t\t\t\t\t\t<div class=\"elementor-element elementor-element-de4c2e3 elementor-widget elementor-widget-text-editor\" data-id=\"de4c2e3\" data-element_type=\"widget\" data-widget_type=\"text-editor.default\">\n\t\t\t\t<div class=\"elementor-widget-container\">\n\t\t\t\t\t\t\tTambi\u00e9n conocida como cirug\u00eda <strong>bari\u00e1trica, la cirug\u00eda bari\u00e1trica<\/strong> le permite cambiar su figura y el funcionamiento de su aparato digestivo.\n\n\t\t\t\t\t\t<\/div>\n\t\t\t\t<\/div>\n\t\t\t\t<div class=\"elementor-element elementor-element-8b7c7bb elementor-widget elementor-widget-text-editor\" data-id=\"8b7c7bb\" data-element_type=\"widget\" data-widget_type=\"text-editor.default\">\n\t\t\t\t<div class=\"elementor-widget-container\">\n\t\t\t\t\t\t\tDado que la p\u00e9rdida de peso es uno de los objetivos m\u00e1s importantes a la hora de conseguir una <strong>figura m\u00e1s natural<\/strong>, las t\u00e9cnicas de cirug\u00eda bari\u00e1trica ofrecen una excelente oportunidad a cualquiera que desee adelgazar su cuerpo y deshacerse del exceso de peso que le frena.\n\t\t\t\t\t\t<\/div>\n\t\t\t\t<\/div>\n\t\t\t\t\t<\/div>\n\t\t<\/div>\n\t\t\t\t\t<\/div>\n\t\t<\/section>\n\t\t\t\t<section class=\"elementor-section elementor-top-section elementor-element elementor-element-97dadbb elementor-section-boxed elementor-section-height-default elementor-section-height-default\" data-id=\"97dadbb\" data-element_type=\"section\" data-settings=\"{&quot;_ha_eqh_enable&quot;:false}\">\n\t\t\t\t\t\t<div class=\"elementor-container elementor-column-gap-default\">\n\t\t\t\t\t<div class=\"elementor-column elementor-col-100 elementor-top-column elementor-element elementor-element-d12a490\" data-id=\"d12a490\" data-element_type=\"column\">\n\t\t\t<div class=\"elementor-widget-wrap elementor-element-populated\">\n\t\t\t\t\t\t<div class=\"elementor-element elementor-element-71c7974 elementor-widget elementor-widget-text-editor\" data-id=\"71c7974\" data-element_type=\"widget\" data-widget_type=\"text-editor.default\">\n\t\t\t\t<div class=\"elementor-widget-container\">\n\t\t\t\t\t\t\t<h2>Las diferentes t\u00e9cnicas de cirug\u00eda bari\u00e1trica<\/h2>\nEntre las operaciones de cirug\u00eda bari\u00e1trica :\n\t\t\t\t\t\t<\/div>\n\t\t\t\t<\/div>\n\t\t\t\t<div class=\"elementor-element elementor-element-5adf6be elementor-widget elementor-widget-text-editor\" data-id=\"5adf6be\" data-element_type=\"widget\" data-widget_type=\"text-editor.default\">\n\t\t\t\t<div class=\"elementor-widget-container\">\n\t\t\t\t\t\t\t<ul class=\"liste-page\">\n \t<li><a href=\"https:\/\/www.polycliniqueplus.com\/es\/banda-gastrica-turquia\/\">Banda g\u00e1strica<\/a><\/li>\n \t<li><a href=\"https:\/\/www.polycliniqueplus.com\/es\/bypass-pavo\/\">Bypass g\u00e1strico<\/a><\/li>\n \t<li><a href=\"https:\/\/www.polycliniqueplus.com\/es\/manga-pavo\/\">Gastrectom\u00eda en manga<\/a><\/li>\n<\/ul>\t\t\t\t\t\t<\/div>\n\t\t\t\t<\/div>\n\t\t\t\t<div class=\"elementor-element elementor-element-153c164 elementor-widget elementor-widget-text-editor\" data-id=\"153c164\" data-element_type=\"widget\" data-widget_type=\"text-editor.default\">\n\t\t\t\t<div class=\"elementor-widget-container\">\n\t\t\t\t\t\t\tPor lo general, <strong>las cirug\u00edas bari\u00e1tricas<\/strong> permiten perder <strong>entre 30 y 40 kilos de media<\/strong>. Sin embargo, es muy importante que compruebe si est\u00e1 en condiciones m\u00e9dicas y quir\u00fargicas de someterse a una de estas operaciones, ya que para algunos pacientes la <strong>dieta<\/strong> y el ejercicio <strong>regular<\/strong> pueden ser suficientes para perder peso.\n\t\t\t\t\t\t<\/div>\n\t\t\t\t<\/div>\n\t\t\t\t<div class=\"elementor-element elementor-element-2a6584d elementor-widget elementor-widget-text-editor\" data-id=\"2a6584d\" data-element_type=\"widget\" data-widget_type=\"text-editor.default\">\n\t\t\t\t<div class=\"elementor-widget-container\">\n\t\t\t\t\t\t\tEl uso de <strong>estos procedimientos revolucionarios<\/strong> difiere de un paciente a otro. S\u00f3lo el cirujano que ser\u00e1 responsable de la operaci\u00f3n puede determinar <strong>la mejor t\u00e9cnica quir\u00fargica<\/strong> a adoptar para el <strong>tratamiento de<\/strong> la <strong>obesidad<\/strong> del paciente.\n\n\t\t\t\t\t\t<\/div>\n\t\t\t\t<\/div>\n\t\t\t\t<div class=\"elementor-element elementor-element-d0c309d elementor-widget elementor-widget-text-editor\" data-id=\"d0c309d\" data-element_type=\"widget\" data-widget_type=\"text-editor.default\">\n\t\t\t\t<div class=\"elementor-widget-container\">\n\t\t\t\t\t\t\tGracias a los experimentados cirujanos pl\u00e1sticos que trabajan con nuestra <strong>agencia m\u00e9dica Polycliniqueplus<\/strong>, puede esperar el resultado deseado. Aunque el grado de p\u00e9rdida de peso puede no ser el mismo para todos los pacientes, el sobrepeso ser\u00e1 tratado adecuadamente por nuestros cirujanos pl\u00e1sticos. Te ayudar\u00e1n a recuperar una piel m\u00e1s tersa y una silueta m\u00e1s natural.\t\t\t\t\t\t<\/div>\n\t\t\t\t<\/div>\n\t\t\t\t\t<\/div>\n\t\t<\/div>\n\t\t\t\t\t<\/div>\n\t\t<\/section>\n\t\t\t\t<section class=\"elementor-section elementor-top-section elementor-element elementor-element-8cc063c elementor-section-boxed elementor-section-height-default elementor-section-height-default\" data-id=\"8cc063c\" data-element_type=\"section\" data-settings=\"{&quot;background_background&quot;:&quot;classic&quot;,&quot;_ha_eqh_enable&quot;:false}\">\n\t\t\t\t\t\t<div class=\"elementor-container elementor-column-gap-default\">\n\t\t\t\t\t<div class=\"elementor-column elementor-col-100 elementor-top-column elementor-element elementor-element-9e24e74\" data-id=\"9e24e74\" data-element_type=\"column\">\n\t\t\t<div class=\"elementor-widget-wrap elementor-element-populated\">\n\t\t\t\t\t\t<div class=\"elementor-element elementor-element-3227044 elementor-widget elementor-widget-heading\" data-id=\"3227044\" data-element_type=\"widget\" data-widget_type=\"heading.default\">\n\t\t\t\t<div class=\"elementor-widget-container\">\n\t\t\t<h4 class=\"elementor-heading-title elementor-size-default\">Presupuesto gratuito y precio todo incluido para cirug\u00eda bari\u00e1trica en Turqu\u00eda<\/h4>\t\t<\/div>\n\t\t\t\t<\/div>\n\t\t\t\t<div class=\"elementor-element elementor-element-153477b elementor-align-center elementor-widget elementor-widget-button\" data-id=\"153477b\" data-element_type=\"widget\" data-widget_type=\"button.default\">\n\t\t\t\t<div class=\"elementor-widget-container\">\n\t\t\t\t\t<div class=\"elementor-button-wrapper\">\n\t\t\t<a class=\"elementor-button elementor-button-link elementor-size-sm\" href=\"https:\/\/www.polycliniqueplus.com\/es\/presupuesto\/\">\n\t\t\t\t\t\t<span class=\"elementor-button-content-wrapper\">\n\t\t\t\t\t\t<span class=\"elementor-button-icon\">\n\t\t\t\t<i aria-hidden=\"true\" class=\"fas fa-arrow-right\"><\/i>\t\t\t<\/span>\n\t\t\t\t\t\t\t\t\t<span class=\"elementor-button-text\">Presupuesto gratuito de cirug\u00eda bari\u00e1trica<\/span>\n\t\t\t\t\t<\/span>\n\t\t\t\t\t<\/a>\n\t\t<\/div>\n\t\t\t\t<\/div>\n\t\t\t\t<\/div>\n\t\t\t\t\t<\/div>\n\t\t<\/div>\n\t\t\t\t\t<\/div>\n\t\t<\/section>\n\t\t\t\t<section class=\"elementor-section elementor-top-section elementor-element elementor-element-21fb7eb3 elementor-section-boxed elementor-section-height-default elementor-section-height-default\" data-id=\"21fb7eb3\" data-element_type=\"section\" data-settings=\"{&quot;_ha_eqh_enable&quot;:false}\">\n\t\t\t\t\t\t<div class=\"elementor-container elementor-column-gap-default\">\n\t\t\t\t\t<div class=\"elementor-column elementor-col-100 elementor-top-column elementor-element elementor-element-2b4b3491\" data-id=\"2b4b3491\" data-element_type=\"column\">\n\t\t\t<div class=\"elementor-widget-wrap elementor-element-populated\">\n\t\t\t\t\t\t<div class=\"elementor-element elementor-element-7b59481d elementor-widget elementor-widget-text-editor\" data-id=\"7b59481d\" data-element_type=\"widget\" data-widget_type=\"text-editor.default\">\n\t\t\t\t<div class=\"elementor-widget-container\">\n\t\t\t\t\t\t\t<h2>Consejos y trucos para superar la obesidad m\u00f3rbida<\/h2>\nEl sobrepeso suele estar relacionado con <strong>problemas psicol\u00f3gicos<\/strong> conscientes o inconscientes <strong>que bloquean la p\u00e9rdida de peso<\/strong>.\n\n\t\t\t\t\t\t<\/div>\n\t\t\t\t<\/div>\n\t\t\t\t<div class=\"elementor-element elementor-element-8d03f04 elementor-widget elementor-widget-text-editor\" data-id=\"8d03f04\" data-element_type=\"widget\" data-widget_type=\"text-editor.default\">\n\t\t\t\t<div class=\"elementor-widget-container\">\n\t\t\t\t\t\t\t\u00bfQu\u00e9 son estas cuerdas? El m\u00e9dico, el nutricionista, el fisioterapeuta, el psic\u00f3logo, etc.\n\n\t\t\t\t\t\t<\/div>\n\t\t\t\t<\/div>\n\t\t\t\t<div class=\"elementor-element elementor-element-6550cc5 elementor-widget elementor-widget-text-editor\" data-id=\"6550cc5\" data-element_type=\"widget\" data-widget_type=\"text-editor.default\">\n\t\t\t\t<div class=\"elementor-widget-container\">\n\t\t\t\t\t\t\tEl primer paso para superar el sobrepeso es <strong>abordar los problemas psicol\u00f3gicos<\/strong>. El sobrepeso es la consecuencia de conflictos psicol\u00f3gicos multifactoriales que bloquean cualquier posibilidad de \u00e9xito. Muy a menudo, los principales problemas no se toman en serio o a veces se minimizan.\t\t\t\t\t\t<\/div>\n\t\t\t\t<\/div>\n\t\t\t\t\t<\/div>\n\t\t<\/div>\n\t\t\t\t\t<\/div>\n\t\t<\/section>\n\t\t\t\t<\/div>\n\t\t","protected":false},"excerpt":{"rendered":"<p>Tambi\u00e9n conocida como cirug\u00eda bari\u00e1trica, la cirug\u00eda bari\u00e1trica le permite cambiar su figura y el funcionamiento de su aparato digestivo. Dado que la p\u00e9rdida de peso es uno de los objetivos m\u00e1s importantes a la hora de conseguir una figura m\u00e1s natural, las t\u00e9cnicas de cirug\u00eda bari\u00e1trica ofrecen una excelente oportunidad a cualquiera que desee [&hellip;]<\/p>\n","protected":false},"author":1,"featured_media":7206,"parent":0,"menu_order":0,"comment_status":"closed","ping_status":"closed","template":"","meta":{"footnotes":""},"class_list":["post-7688","page","type-page","status-publish","has-post-thumbnail","hentry"],"yoast_head":"<!-- This site is optimized with the Yoast SEO plugin v27.3 - https:\/\/yoast.com\/product\/yoast-seo-wordpress\/ -->\n<title>Cirug\u00eda de la obesidad Turqu\u00eda : soluciones quir\u00fargicas para la obesidad m\u00f3rbida<\/title>\n<meta name=\"description\" content=\"Cirug\u00eda de la obesidad Turqu\u00eda: Todo sobre las t\u00e9cnicas quir\u00fargicas para el tratamiento radical de la obesidad y el sobrepeso.\" \/>\n<meta name=\"robots\" content=\"index, follow, max-snippet:-1, max-video-preview:-1, noimageindex\" \/>\n<link rel=\"canonical\" href=\"https:\/\/www.polycliniqueplus.com\/es\/cirugia-obesidad-turquia\/\" \/>\n<meta property=\"og:locale\" content=\"es_ES\" \/>\n<meta property=\"og:type\" content=\"article\" \/>\n<meta property=\"og:title\" content=\"Cirug\u00eda de la obesidad Turqu\u00eda : soluciones quir\u00fargicas para la obesidad m\u00f3rbida\" \/>\n<meta property=\"og:description\" content=\"Cirug\u00eda de la obesidad Turqu\u00eda: Todo sobre las t\u00e9cnicas quir\u00fargicas para el tratamiento radical de la obesidad y el sobrepeso.\" \/>\n<meta property=\"og:url\" content=\"https:\/\/www.polycliniqueplus.com\/es\/cirugia-obesidad-turquia\/\" \/>\n<meta property=\"og:site_name\" content=\"Chirurgie esthetique Turquie : Prix interventions meilleures cliniques Istanbul\" \/>\n<meta property=\"article:publisher\" content=\"https:\/\/www.facebook.com\/polycliniqueplus\" \/>\n<meta property=\"article:modified_time\" content=\"2025-12-12T11:28:38+00:00\" \/>\n<meta property=\"og:image\" content=\"https:\/\/www.polycliniqueplus.com\/wp-content\/uploads\/2017\/06\/techniques-chirurgie-obesite.png\" \/>\n\t<meta property=\"og:image:width\" content=\"900\" \/>\n\t<meta property=\"og:image:height\" content=\"357\" \/>\n\t<meta property=\"og:image:type\" content=\"image\/png\" \/>\n<meta name=\"twitter:card\" content=\"summary_large_image\" \/>\n<meta name=\"twitter:site\" content=\"@polyclinique1\" \/>\n<meta name=\"twitter:label1\" content=\"Tiempo de lectura\" \/>\n\t<meta name=\"twitter:data1\" content=\"2 minutos\" \/>\n<script type=\"application\/ld+json\" class=\"yoast-schema-graph\">{\"@context\":\"https:\\\/\\\/schema.org\",\"@graph\":[{\"@type\":\"WebPage\",\"@id\":\"https:\\\/\\\/www.polycliniqueplus.com\\\/es\\\/cirugia-obesidad-turquia\\\/\",\"url\":\"https:\\\/\\\/www.polycliniqueplus.com\\\/es\\\/cirugia-obesidad-turquia\\\/\",\"name\":\"Cirug\u00eda de la obesidad Turqu\u00eda : soluciones quir\u00fargicas para la obesidad m\u00f3rbida\",\"isPartOf\":{\"@id\":\"https:\\\/\\\/www.polycliniqueplus.com\\\/es\\\/#website\"},\"primaryImageOfPage\":{\"@id\":\"https:\\\/\\\/www.polycliniqueplus.com\\\/es\\\/cirugia-obesidad-turquia\\\/#primaryimage\"},\"image\":{\"@id\":\"https:\\\/\\\/www.polycliniqueplus.com\\\/es\\\/cirugia-obesidad-turquia\\\/#primaryimage\"},\"thumbnailUrl\":\"https:\\\/\\\/www.polycliniqueplus.com\\\/wp-content\\\/uploads\\\/2017\\\/06\\\/techniques-chirurgie-obesite.png\",\"datePublished\":\"2017-06-18T16:43:20+00:00\",\"dateModified\":\"2025-12-12T11:28:38+00:00\",\"description\":\"Cirug\u00eda de la obesidad Turqu\u00eda: Todo sobre las t\u00e9cnicas quir\u00fargicas para el tratamiento radical de la obesidad y el sobrepeso.\",\"breadcrumb\":{\"@id\":\"https:\\\/\\\/www.polycliniqueplus.com\\\/es\\\/cirugia-obesidad-turquia\\\/#breadcrumb\"},\"inLanguage\":\"es\",\"potentialAction\":[{\"@type\":\"ReadAction\",\"target\":[\"https:\\\/\\\/www.polycliniqueplus.com\\\/es\\\/cirugia-obesidad-turquia\\\/\"]}]},{\"@type\":\"ImageObject\",\"inLanguage\":\"es\",\"@id\":\"https:\\\/\\\/www.polycliniqueplus.com\\\/es\\\/cirugia-obesidad-turquia\\\/#primaryimage\",\"url\":\"https:\\\/\\\/www.polycliniqueplus.com\\\/wp-content\\\/uploads\\\/2017\\\/06\\\/techniques-chirurgie-obesite.png\",\"contentUrl\":\"https:\\\/\\\/www.polycliniqueplus.com\\\/wp-content\\\/uploads\\\/2017\\\/06\\\/techniques-chirurgie-obesite.png\",\"width\":900,\"height\":357,\"caption\":\"techniques-chirurgie-obesite\"},{\"@type\":\"BreadcrumbList\",\"@id\":\"https:\\\/\\\/www.polycliniqueplus.com\\\/es\\\/cirugia-obesidad-turquia\\\/#breadcrumb\",\"itemListElement\":[{\"@type\":\"ListItem\",\"position\":1,\"name\":\"Accueil\",\"item\":\"https:\\\/\\\/www.polycliniqueplus.com\\\/es\\\/\"},{\"@type\":\"ListItem\",\"position\":2,\"name\":\"Cirug\u00eda bari\u00e1trica Turqu\u00eda : Precios baratos de Sleeve, Anillo, Bal\u00f3n y Bypass G\u00e1strico\"}]},{\"@type\":\"WebSite\",\"@id\":\"https:\\\/\\\/www.polycliniqueplus.com\\\/es\\\/#website\",\"url\":\"https:\\\/\\\/www.polycliniqueplus.com\\\/es\\\/\",\"name\":\"Chirurgie esthetique Turquie : Prix interventions meilleures cliniques Istanbul\",\"description\":\"Chirurgie esthetique Turquie prix pas cher\",\"publisher\":{\"@id\":\"https:\\\/\\\/www.polycliniqueplus.com\\\/es\\\/#organization\"},\"potentialAction\":[{\"@type\":\"SearchAction\",\"target\":{\"@type\":\"EntryPoint\",\"urlTemplate\":\"https:\\\/\\\/www.polycliniqueplus.com\\\/es\\\/?s={search_term_string}\"},\"query-input\":{\"@type\":\"PropertyValueSpecification\",\"valueRequired\":true,\"valueName\":\"search_term_string\"}}],\"inLanguage\":\"es\"},{\"@type\":\"Organization\",\"@id\":\"https:\\\/\\\/www.polycliniqueplus.com\\\/es\\\/#organization\",\"name\":\"Polycliniqueplus chirurgie esthetique Turquie\",\"url\":\"https:\\\/\\\/www.polycliniqueplus.com\\\/es\\\/\",\"logo\":{\"@type\":\"ImageObject\",\"inLanguage\":\"es\",\"@id\":\"https:\\\/\\\/www.polycliniqueplus.com\\\/es\\\/#\\\/schema\\\/logo\\\/image\\\/\",\"url\":\"https:\\\/\\\/www.polycliniqueplus.com\\\/wp-content\\\/uploads\\\/2021\\\/03\\\/cropped-add-box-fill.png\",\"contentUrl\":\"https:\\\/\\\/www.polycliniqueplus.com\\\/wp-content\\\/uploads\\\/2021\\\/03\\\/cropped-add-box-fill.png\",\"width\":512,\"height\":512,\"caption\":\"Polycliniqueplus chirurgie esthetique Turquie\"},\"image\":{\"@id\":\"https:\\\/\\\/www.polycliniqueplus.com\\\/es\\\/#\\\/schema\\\/logo\\\/image\\\/\"},\"sameAs\":[\"https:\\\/\\\/www.facebook.com\\\/polycliniqueplus\",\"https:\\\/\\\/x.com\\\/polyclinique1\",\"https:\\\/\\\/www.youtube.com\\\/channel\\\/UCAnK3TORJqflIuYGFa-JQDw\"]}]}<\/script>\n<!-- \/ Yoast SEO plugin. -->","yoast_head_json":{"title":"Cirug\u00eda de la obesidad Turqu\u00eda : soluciones quir\u00fargicas para la obesidad m\u00f3rbida","description":"Cirug\u00eda de la obesidad Turqu\u00eda: Todo sobre las t\u00e9cnicas quir\u00fargicas para el tratamiento radical de la obesidad y el sobrepeso.","robots":{"index":"index","follow":"follow","max-snippet":"max-snippet:-1","max-video-preview":"max-video-preview:-1","imageindex":"noimageindex"},"canonical":"https:\/\/www.polycliniqueplus.com\/es\/cirugia-obesidad-turquia\/","og_locale":"es_ES","og_type":"article","og_title":"Cirug\u00eda de la obesidad Turqu\u00eda : soluciones quir\u00fargicas para la obesidad m\u00f3rbida","og_description":"Cirug\u00eda de la obesidad Turqu\u00eda: Todo sobre las t\u00e9cnicas quir\u00fargicas para el tratamiento radical de la obesidad y el sobrepeso.","og_url":"https:\/\/www.polycliniqueplus.com\/es\/cirugia-obesidad-turquia\/","og_site_name":"Chirurgie esthetique Turquie : Prix interventions meilleures cliniques Istanbul","article_publisher":"https:\/\/www.facebook.com\/polycliniqueplus","article_modified_time":"2025-12-12T11:28:38+00:00","og_image":[{"width":900,"height":357,"url":"https:\/\/www.polycliniqueplus.com\/wp-content\/uploads\/2017\/06\/techniques-chirurgie-obesite.png","type":"image\/png"}],"twitter_card":"summary_large_image","twitter_site":"@polyclinique1","twitter_misc":{"Tiempo de lectura":"2 minutos"},"schema":{"@context":"https:\/\/schema.org","@graph":[{"@type":"WebPage","@id":"https:\/\/www.polycliniqueplus.com\/es\/cirugia-obesidad-turquia\/","url":"https:\/\/www.polycliniqueplus.com\/es\/cirugia-obesidad-turquia\/","name":"Cirug\u00eda de la obesidad Turqu\u00eda : soluciones quir\u00fargicas para la obesidad m\u00f3rbida","isPartOf":{"@id":"https:\/\/www.polycliniqueplus.com\/es\/#website"},"primaryImageOfPage":{"@id":"https:\/\/www.polycliniqueplus.com\/es\/cirugia-obesidad-turquia\/#primaryimage"},"image":{"@id":"https:\/\/www.polycliniqueplus.com\/es\/cirugia-obesidad-turquia\/#primaryimage"},"thumbnailUrl":"https:\/\/www.polycliniqueplus.com\/wp-content\/uploads\/2017\/06\/techniques-chirurgie-obesite.png","datePublished":"2017-06-18T16:43:20+00:00","dateModified":"2025-12-12T11:28:38+00:00","description":"Cirug\u00eda de la obesidad Turqu\u00eda: Todo sobre las t\u00e9cnicas quir\u00fargicas para el tratamiento radical de la obesidad y el sobrepeso.","breadcrumb":{"@id":"https:\/\/www.polycliniqueplus.com\/es\/cirugia-obesidad-turquia\/#breadcrumb"},"inLanguage":"es","potentialAction":[{"@type":"ReadAction","target":["https:\/\/www.polycliniqueplus.com\/es\/cirugia-obesidad-turquia\/"]}]},{"@type":"ImageObject","inLanguage":"es","@id":"https:\/\/www.polycliniqueplus.com\/es\/cirugia-obesidad-turquia\/#primaryimage","url":"https:\/\/www.polycliniqueplus.com\/wp-content\/uploads\/2017\/06\/techniques-chirurgie-obesite.png","contentUrl":"https:\/\/www.polycliniqueplus.com\/wp-content\/uploads\/2017\/06\/techniques-chirurgie-obesite.png","width":900,"height":357,"caption":"techniques-chirurgie-obesite"},{"@type":"BreadcrumbList","@id":"https:\/\/www.polycliniqueplus.com\/es\/cirugia-obesidad-turquia\/#breadcrumb","itemListElement":[{"@type":"ListItem","position":1,"name":"Accueil","item":"https:\/\/www.polycliniqueplus.com\/es\/"},{"@type":"ListItem","position":2,"name":"Cirug\u00eda bari\u00e1trica Turqu\u00eda : Precios baratos de Sleeve, Anillo, Bal\u00f3n y Bypass G\u00e1strico"}]},{"@type":"WebSite","@id":"https:\/\/www.polycliniqueplus.com\/es\/#website","url":"https:\/\/www.polycliniqueplus.com\/es\/","name":"Chirurgie esthetique Turquie : Prix interventions meilleures cliniques Istanbul","description":"Chirurgie esthetique Turquie prix pas cher","publisher":{"@id":"https:\/\/www.polycliniqueplus.com\/es\/#organization"},"potentialAction":[{"@type":"SearchAction","target":{"@type":"EntryPoint","urlTemplate":"https:\/\/www.polycliniqueplus.com\/es\/?s={search_term_string}"},"query-input":{"@type":"PropertyValueSpecification","valueRequired":true,"valueName":"search_term_string"}}],"inLanguage":"es"},{"@type":"Organization","@id":"https:\/\/www.polycliniqueplus.com\/es\/#organization","name":"Polycliniqueplus chirurgie esthetique Turquie","url":"https:\/\/www.polycliniqueplus.com\/es\/","logo":{"@type":"ImageObject","inLanguage":"es","@id":"https:\/\/www.polycliniqueplus.com\/es\/#\/schema\/logo\/image\/","url":"https:\/\/www.polycliniqueplus.com\/wp-content\/uploads\/2021\/03\/cropped-add-box-fill.png","contentUrl":"https:\/\/www.polycliniqueplus.com\/wp-content\/uploads\/2021\/03\/cropped-add-box-fill.png","width":512,"height":512,"caption":"Polycliniqueplus chirurgie esthetique Turquie"},"image":{"@id":"https:\/\/www.polycliniqueplus.com\/es\/#\/schema\/logo\/image\/"},"sameAs":["https:\/\/www.facebook.com\/polycliniqueplus","https:\/\/x.com\/polyclinique1","https:\/\/www.youtube.com\/channel\/UCAnK3TORJqflIuYGFa-JQDw"]}]}},"_links":{"self":[{"href":"https:\/\/www.polycliniqueplus.com\/es\/wp-json\/wp\/v2\/pages\/7688","targetHints":{"allow":["GET"]}}],"collection":[{"href":"https:\/\/www.polycliniqueplus.com\/es\/wp-json\/wp\/v2\/pages"}],"about":[{"href":"https:\/\/www.polycliniqueplus.com\/es\/wp-json\/wp\/v2\/types\/page"}],"author":[{"embeddable":true,"href":"https:\/\/www.polycliniqueplus.com\/es\/wp-json\/wp\/v2\/users\/1"}],"replies":[{"embeddable":true,"href":"https:\/\/www.polycliniqueplus.com\/es\/wp-json\/wp\/v2\/comments?post=7688"}],"version-history":[{"count":20,"href":"https:\/\/www.polycliniqueplus.com\/es\/wp-json\/wp\/v2\/pages\/7688\/revisions"}],"predecessor-version":[{"id":32808,"href":"https:\/\/www.polycliniqueplus.com\/es\/wp-json\/wp\/v2\/pages\/7688\/revisions\/32808"}],"wp:featuredmedia":[{"embeddable":true,"href":"https:\/\/www.polycliniqueplus.com\/es\/wp-json\/wp\/v2\/media\/7206"}],"wp:attachment":[{"href":"https:\/\/www.polycliniqueplus.com\/es\/wp-json\/wp\/v2\/media?parent=7688"}],"curies":[{"name":"wp","href":"https:\/\/api.w.org\/{rel}","templated":true}]}}