{"id":7684,"date":"2017-06-18T18:38:40","date_gmt":"2017-06-18T16:38:40","guid":{"rendered":"https:\/\/www.polycliniqueplus.com\/cirugia-del-contorno-corporal-turquia-cirugia-del-contorno-corporal\/"},"modified":"2025-12-12T12:28:50","modified_gmt":"2025-12-12T11:28:50","slug":"cirugia-silueta-turquia","status":"publish","type":"page","link":"https:\/\/www.polycliniqueplus.com\/es\/cirugia-silueta-turquia\/","title":{"rendered":"Cirug\u00eda del contorno corporal Turqu\u00eda : Cirug\u00eda del contorno corporal"},"content":{"rendered":"<div data-elementor-type=\"wp-page\" data-elementor-id=\"7684\" class=\"elementor elementor-7684 elementor-16\" data-elementor-settings=\"{&quot;ha_cmc_init_switcher&quot;:&quot;no&quot;}\">\n\t\t\t\t\t\t<section class=\"elementor-section elementor-top-section elementor-element elementor-element-c5d2913 elementor-section-boxed elementor-section-height-default elementor-section-height-default\" data-id=\"c5d2913\" data-element_type=\"section\" data-settings=\"{&quot;_ha_eqh_enable&quot;:false}\">\n\t\t\t\t\t\t<div class=\"elementor-container elementor-column-gap-default\">\n\t\t\t\t\t<div class=\"elementor-column elementor-col-50 elementor-top-column elementor-element elementor-element-210456f\" data-id=\"210456f\" data-element_type=\"column\">\n\t\t\t<div class=\"elementor-widget-wrap elementor-element-populated\">\n\t\t\t\t\t\t<div class=\"elementor-element elementor-element-51d6e62 elementor-widget elementor-widget-text-editor\" data-id=\"51d6e62\" data-element_type=\"widget\" data-widget_type=\"text-editor.default\">\n\t\t\t\t<div class=\"elementor-widget-container\">\n\t\t\t\t\t\t\tLa <strong>cirug\u00eda del contorno corporal<\/strong> tiene como objetivo esculpir una zona o todo el cuerpo y <strong>corregir desfiguraciones f\u00edsicas<\/strong> por las que el paciente siente malestar f\u00edsico y\/o psicol\u00f3gico.\n\t\t\t\t\t\t<\/div>\n\t\t\t\t<\/div>\n\t\t\t\t<div class=\"elementor-element elementor-element-d2c40dd elementor-widget elementor-widget-text-editor\" data-id=\"d2c40dd\" data-element_type=\"widget\" data-widget_type=\"text-editor.default\">\n\t\t\t\t<div class=\"elementor-widget-container\">\n\t\t\t\t\t\t\tLos diferentes procedimientos de <strong>cirug\u00eda del contorno<\/strong> corporal pueden aportar <strong>armon\u00eda general<\/strong> a la figura de pacientes de todas las edades actuando directamente sobre varias extremidades o zonas del cuerpo como: muslos, brazos o vientre succionando todo el exceso de grasa.\n\t\t\t\t\t\t<\/div>\n\t\t\t\t<\/div>\n\t\t\t\t<div class=\"elementor-element elementor-element-37305cc elementor-widget elementor-widget-text-editor\" data-id=\"37305cc\" data-element_type=\"widget\" data-widget_type=\"text-editor.default\">\n\t\t\t\t<div class=\"elementor-widget-container\">\n\t\t\t\t\t\t\t<ul class=\"liste-page\">\n \t<li><a href=\"https:\/\/www.polycliniqueplus.com\/es\/abdominoplastia-turquia\/\">Abdominoplastia<\/a><\/li>\n \t<li><a href=\"https:\/\/www.polycliniqueplus.com\/es\/mini-abdominoplastia-turquia\/\">Mini abdominoplastia<\/a><\/li>\n \t<li><a href=\"https:\/\/www.polycliniqueplus.com\/es\/aumento-gluteos-turquia\/\">Aumento de gl\u00fateos<\/a><\/li>\n \t<li><a href=\"https:\/\/www.polycliniqueplus.com\/es\/aumento-pantorrillas-turquia\/\">Aumento de pantorrillas<\/a><\/li>\n \t<li><a href=\"https:\/\/www.polycliniqueplus.com\/es\/liposuccion-turquia\/\">Liposucci\u00f3n<\/a><\/li>\n \t<li><a href=\"https:\/\/www.polycliniqueplus.com\/es\/precios-liposuccion-turquia\/\">Precios de las liposucciones<\/a><\/li>\n \t<li><a href=\"https:\/\/www.polycliniqueplus.com\/es\/lifting-brazos-turquia\/\">Elevaci\u00f3n del brazo<\/a><\/li>\n \t<li><a href=\"https:\/\/www.polycliniqueplus.com\/es\/lifting-muslos-turquia\/\">Lifting de muslos<\/a><\/li>\n \t<li><a href=\"https:\/\/www.polycliniqueplus.com\/es\/lipofilling-gluteos-turquia\/\">Lipofilling de gl\u00fateos<\/a><\/li>\n \t<li><a href>SmartLipo<\/a><\/li>\n<\/ul>\t\t\t\t\t\t<\/div>\n\t\t\t\t<\/div>\n\t\t\t\t\t<\/div>\n\t\t<\/div>\n\t\t\t\t<div class=\"elementor-column elementor-col-50 elementor-top-column elementor-element elementor-element-9ac651b\" data-id=\"9ac651b\" data-element_type=\"column\">\n\t\t\t<div class=\"elementor-widget-wrap elementor-element-populated\">\n\t\t\t\t\t\t<div class=\"elementor-element elementor-element-6bb2ed5 elementor-widget elementor-widget-image\" data-id=\"6bb2ed5\" data-element_type=\"widget\" data-widget_type=\"image.default\">\n\t\t\t\t<div class=\"elementor-widget-container\">\n\t\t\t\t\t\t\t\t\t\t\t\t\t<noscript><img fetchpriority=\"high\" decoding=\"async\" width=\"574\" height=\"586\" src=\"https:\/\/www.polycliniqueplus.com\/wp-content\/uploads\/2021\/03\/chirurgie-corps-silhouette-turquie.jpg\" class=\"attachment-large size-large wp-image-7448\" alt srcset=\"https:\/\/www.polycliniqueplus.com\/wp-content\/uploads\/2021\/03\/chirurgie-corps-silhouette-turquie.jpg 574w, https:\/\/www.polycliniqueplus.com\/wp-content\/uploads\/2021\/03\/chirurgie-corps-silhouette-turquie-294x300.jpg 294w\" sizes=\"(max-width: 574px) 100vw, 574px\"><\/noscript><img fetchpriority=\"high\" decoding=\"async\" width=\"574\" height=\"586\" src=\"data:image\/svg+xml,%3Csvg%20xmlns%3D%22http%3A%2F%2Fwww.w3.org%2F2000%2Fsvg%22%20viewBox%3D%220%200%20574%20586%22%3E%3C%2Fsvg%3E\" class=\"attachment-large size-large wp-image-7448 lazyload\" alt srcset=\"data:image\/svg+xml,%3Csvg%20xmlns%3D%22http%3A%2F%2Fwww.w3.org%2F2000%2Fsvg%22%20viewBox%3D%220%200%20574%20586%22%3E%3C%2Fsvg%3E 574w\" sizes=\"(max-width: 574px) 100vw, 574px\" data-srcset=\"https:\/\/www.polycliniqueplus.com\/wp-content\/uploads\/2021\/03\/chirurgie-corps-silhouette-turquie.jpg 574w, https:\/\/www.polycliniqueplus.com\/wp-content\/uploads\/2021\/03\/chirurgie-corps-silhouette-turquie-294x300.jpg 294w\" data-src=\"https:\/\/www.polycliniqueplus.com\/wp-content\/uploads\/2021\/03\/chirurgie-corps-silhouette-turquie.jpg\">\t\t\t\t\t\t\t\t\t\t\t\t\t<\/div>\n\t\t\t\t<\/div>\n\t\t\t\t\t<\/div>\n\t\t<\/div>\n\t\t\t\t\t<\/div>\n\t\t<\/section>\n\t\t\t\t<section class=\"elementor-section elementor-top-section elementor-element elementor-element-49eed7d2 elementor-section-boxed elementor-section-height-default elementor-section-height-default\" data-id=\"49eed7d2\" data-element_type=\"section\" data-settings=\"{&quot;_ha_eqh_enable&quot;:false}\">\n\t\t\t\t\t\t<div class=\"elementor-container elementor-column-gap-default\">\n\t\t\t\t\t<div class=\"elementor-column elementor-col-100 elementor-top-column elementor-element elementor-element-7406d838\" data-id=\"7406d838\" data-element_type=\"column\">\n\t\t\t<div class=\"elementor-widget-wrap elementor-element-populated\">\n\t\t\t\t\t\t<div class=\"elementor-element elementor-element-74ace723 elementor-widget elementor-widget-text-editor\" data-id=\"74ace723\" data-element_type=\"widget\" data-widget_type=\"text-editor.default\">\n\t\t\t\t<div class=\"elementor-widget-container\">\n\t\t\t\t\t\t\tLa <a href=\"https:\/\/www.polycliniqueplus.com\/es\/\">cirug\u00eda est\u00e9tica corporal en Turqu\u00eda<\/a> es una soluci\u00f3n muy pr\u00e1ctica y eficaz para <strong>conseguir un mejor aspecto de las partes del cuerpo<\/strong> que han perdido elasticidad en la piel <strong>debido a la p\u00e9rdida de peso<\/strong> o a cambios relacionados con la edad. As\u00ed pues, el contorneado corporal tiene por objeto <strong>modelar el aspecto de su cuerpo<\/strong> de acuerdo con sus necesidades y deseos. Sin embargo, no es una cura milagrosa, pero ayuda a sentirse mejor y a vivir con<strong>una figura m\u00e1s<\/strong> acorde con uno mismo.\n\n\t\t\t\t\t\t<\/div>\n\t\t\t\t<\/div>\n\t\t\t\t<div class=\"elementor-element elementor-element-392c283 elementor-widget elementor-widget-text-editor\" data-id=\"392c283\" data-element_type=\"widget\" data-widget_type=\"text-editor.default\">\n\t\t\t\t<div class=\"elementor-widget-container\">\n\t\t\t\t\t\t\tPuede remodelar su cuerpo con t\u00e9cnicas de cirug\u00eda est\u00e9tica que tratan las <strong>c\u00e9lulas grasas<\/strong> con <strong>liposucci\u00f3n<\/strong>, con <strong>abdominoplastia<\/strong> para eliminar el exceso de tejido abdominal debido al embarazo o con lipofilling de <a href=\"https:\/\/www.polycliniqueplus.com\/es\/aumento-gluteos-turquia\/\">gl\u00fateos<\/a> para darles <a href=\"https:\/\/www.polycliniqueplus.com\/es\/aumento-gluteos-turquia\/\">m\u00e1s firmeza<\/a>.\t\t\t\t\t\t<\/div>\n\t\t\t\t<\/div>\n\t\t\t\t\t<\/div>\n\t\t<\/div>\n\t\t\t\t\t<\/div>\n\t\t<\/section>\n\t\t\t\t<section class=\"elementor-section elementor-top-section elementor-element elementor-element-08fb37c elementor-section-boxed elementor-section-height-default elementor-section-height-default\" data-id=\"08fb37c\" data-element_type=\"section\" data-settings=\"{&quot;background_background&quot;:&quot;classic&quot;,&quot;_ha_eqh_enable&quot;:false}\">\n\t\t\t\t\t\t<div class=\"elementor-container elementor-column-gap-default\">\n\t\t\t\t\t<div class=\"elementor-column elementor-col-100 elementor-top-column elementor-element elementor-element-f40e99d\" data-id=\"f40e99d\" data-element_type=\"column\">\n\t\t\t<div class=\"elementor-widget-wrap elementor-element-populated\">\n\t\t\t\t\t\t<div class=\"elementor-element elementor-element-c1d7332 elementor-widget elementor-widget-heading\" data-id=\"c1d7332\" data-element_type=\"widget\" data-widget_type=\"heading.default\">\n\t\t\t\t<div class=\"elementor-widget-container\">\n\t\t\t<h4 class=\"elementor-heading-title elementor-size-default\">Presupuesto gratuito y precio todo incluido para cirug\u00eda est\u00e9tica en Turqu\u00eda<\/h4>\t\t<\/div>\n\t\t\t\t<\/div>\n\t\t\t\t<div class=\"elementor-element elementor-element-e800134 elementor-align-center elementor-widget elementor-widget-button\" data-id=\"e800134\" data-element_type=\"widget\" data-widget_type=\"button.default\">\n\t\t\t\t<div class=\"elementor-widget-container\">\n\t\t\t\t\t<div class=\"elementor-button-wrapper\">\n\t\t\t<a class=\"elementor-button elementor-button-link elementor-size-sm\" href=\"https:\/\/www.polycliniqueplus.com\/es\/presupuesto\/\">\n\t\t\t\t\t\t<span class=\"elementor-button-content-wrapper\">\n\t\t\t\t\t\t<span class=\"elementor-button-icon\">\n\t\t\t\t<i aria-hidden=\"true\" class=\"fas fa-arrow-right\"><\/i>\t\t\t<\/span>\n\t\t\t\t\t\t\t\t\t<span class=\"elementor-button-text\">Presupuesto de cirug\u00eda de silueta<\/span>\n\t\t\t\t\t<\/span>\n\t\t\t\t\t<\/a>\n\t\t<\/div>\n\t\t\t\t<\/div>\n\t\t\t\t<\/div>\n\t\t\t\t\t<\/div>\n\t\t<\/div>\n\t\t\t\t\t<\/div>\n\t\t<\/section>\n\t\t\t\t<\/div>\n\t\t","protected":false},"excerpt":{"rendered":"<p>La cirug\u00eda del contorno corporal tiene como objetivo esculpir una zona o todo el cuerpo y corregir desfiguraciones f\u00edsicas por las que el paciente siente malestar f\u00edsico y\/o psicol\u00f3gico. Los diferentes procedimientos de cirug\u00eda del contorno corporal pueden aportar armon\u00eda general a la figura de pacientes de todas las edades actuando directamente sobre varias extremidades [&hellip;]<\/p>\n","protected":false},"author":1,"featured_media":7188,"parent":0,"menu_order":0,"comment_status":"closed","ping_status":"closed","template":"","meta":{"footnotes":""},"class_list":["post-7684","page","type-page","status-publish","has-post-thumbnail","hentry"],"yoast_head":"<!-- This site is optimized with the Yoast SEO plugin v27.5 - https:\/\/yoast.com\/product\/yoast-seo-wordpress\/ -->\n<title>Cirug\u00eda de la silueta Turqu\u00eda : Cirug\u00eda est\u00e9tica barata<\/title>\n<meta name=\"description\" content=\"Consulte los diferentes tipos de cirug\u00eda de remodelaci\u00f3n corporal en Turqu\u00eda organizados por polycliniquePlus: abdominoplastia, liposucci\u00f3n, lifting de brazos y muslos.\" \/>\n<meta name=\"robots\" content=\"index, follow, max-snippet:-1, max-image-preview:large, max-video-preview:-1\" \/>\n<link rel=\"canonical\" href=\"https:\/\/www.polycliniqueplus.com\/es\/cirugia-silueta-turquia\/\" \/>\n<meta property=\"og:locale\" content=\"es_ES\" \/>\n<meta property=\"og:type\" content=\"article\" \/>\n<meta property=\"og:title\" content=\"Cirug\u00eda de la silueta Turqu\u00eda : Cirug\u00eda est\u00e9tica barata\" \/>\n<meta property=\"og:description\" content=\"Consulte los diferentes tipos de cirug\u00eda de remodelaci\u00f3n corporal en Turqu\u00eda organizados por polycliniquePlus: abdominoplastia, liposucci\u00f3n, lifting de brazos y muslos.\" \/>\n<meta property=\"og:url\" content=\"https:\/\/www.polycliniqueplus.com\/es\/cirugia-silueta-turquia\/\" \/>\n<meta property=\"og:site_name\" content=\"Chirurgie esthetique Turquie : Prix interventions meilleures cliniques Istanbul\" \/>\n<meta property=\"article:publisher\" content=\"https:\/\/www.facebook.com\/polycliniqueplus\" \/>\n<meta property=\"article:modified_time\" content=\"2025-12-12T11:28:50+00:00\" \/>\n<meta property=\"og:image\" content=\"https:\/\/www.polycliniqueplus.com\/wp-content\/uploads\/2017\/06\/liposuccion.jpg\" \/>\n\t<meta property=\"og:image:width\" content=\"245\" \/>\n\t<meta property=\"og:image:height\" content=\"160\" \/>\n\t<meta property=\"og:image:type\" content=\"image\/jpeg\" \/>\n<meta name=\"twitter:card\" content=\"summary_large_image\" \/>\n<meta name=\"twitter:site\" content=\"@polyclinique1\" \/>\n<meta name=\"twitter:label1\" content=\"Tiempo de lectura\" \/>\n\t<meta name=\"twitter:data1\" content=\"2 minutos\" \/>\n<script type=\"application\/ld+json\" class=\"yoast-schema-graph\">{\"@context\":\"https:\\\/\\\/schema.org\",\"@graph\":[{\"@type\":\"WebPage\",\"@id\":\"https:\\\/\\\/www.polycliniqueplus.com\\\/es\\\/cirugia-silueta-turquia\\\/\",\"url\":\"https:\\\/\\\/www.polycliniqueplus.com\\\/es\\\/cirugia-silueta-turquia\\\/\",\"name\":\"Cirug\u00eda de la silueta Turqu\u00eda : Cirug\u00eda est\u00e9tica barata\",\"isPartOf\":{\"@id\":\"https:\\\/\\\/www.polycliniqueplus.com\\\/es\\\/#website\"},\"primaryImageOfPage\":{\"@id\":\"https:\\\/\\\/www.polycliniqueplus.com\\\/es\\\/cirugia-silueta-turquia\\\/#primaryimage\"},\"image\":{\"@id\":\"https:\\\/\\\/www.polycliniqueplus.com\\\/es\\\/cirugia-silueta-turquia\\\/#primaryimage\"},\"thumbnailUrl\":\"https:\\\/\\\/www.polycliniqueplus.com\\\/wp-content\\\/uploads\\\/2017\\\/06\\\/liposuccion.jpg\",\"datePublished\":\"2017-06-18T16:38:40+00:00\",\"dateModified\":\"2025-12-12T11:28:50+00:00\",\"description\":\"Consulte los diferentes tipos de cirug\u00eda de remodelaci\u00f3n corporal en Turqu\u00eda organizados por polycliniquePlus: abdominoplastia, liposucci\u00f3n, lifting de brazos y muslos.\",\"breadcrumb\":{\"@id\":\"https:\\\/\\\/www.polycliniqueplus.com\\\/es\\\/cirugia-silueta-turquia\\\/#breadcrumb\"},\"inLanguage\":\"es\",\"potentialAction\":[{\"@type\":\"ReadAction\",\"target\":[\"https:\\\/\\\/www.polycliniqueplus.com\\\/es\\\/cirugia-silueta-turquia\\\/\"]}]},{\"@type\":\"ImageObject\",\"inLanguage\":\"es\",\"@id\":\"https:\\\/\\\/www.polycliniqueplus.com\\\/es\\\/cirugia-silueta-turquia\\\/#primaryimage\",\"url\":\"https:\\\/\\\/www.polycliniqueplus.com\\\/wp-content\\\/uploads\\\/2017\\\/06\\\/liposuccion.jpg\",\"contentUrl\":\"https:\\\/\\\/www.polycliniqueplus.com\\\/wp-content\\\/uploads\\\/2017\\\/06\\\/liposuccion.jpg\",\"width\":245,\"height\":160,\"caption\":\"liposuccion\"},{\"@type\":\"BreadcrumbList\",\"@id\":\"https:\\\/\\\/www.polycliniqueplus.com\\\/es\\\/cirugia-silueta-turquia\\\/#breadcrumb\",\"itemListElement\":[{\"@type\":\"ListItem\",\"position\":1,\"name\":\"Accueil\",\"item\":\"https:\\\/\\\/www.polycliniqueplus.com\\\/es\\\/\"},{\"@type\":\"ListItem\",\"position\":2,\"name\":\"Cirug\u00eda del contorno corporal Turqu\u00eda : Cirug\u00eda del contorno corporal\"}]},{\"@type\":\"WebSite\",\"@id\":\"https:\\\/\\\/www.polycliniqueplus.com\\\/es\\\/#website\",\"url\":\"https:\\\/\\\/www.polycliniqueplus.com\\\/es\\\/\",\"name\":\"Chirurgie esthetique Turquie : Prix interventions meilleures cliniques Istanbul\",\"description\":\"Chirurgie esthetique Turquie prix pas cher\",\"publisher\":{\"@id\":\"https:\\\/\\\/www.polycliniqueplus.com\\\/es\\\/#organization\"},\"potentialAction\":[{\"@type\":\"SearchAction\",\"target\":{\"@type\":\"EntryPoint\",\"urlTemplate\":\"https:\\\/\\\/www.polycliniqueplus.com\\\/es\\\/?s={search_term_string}\"},\"query-input\":{\"@type\":\"PropertyValueSpecification\",\"valueRequired\":true,\"valueName\":\"search_term_string\"}}],\"inLanguage\":\"es\"},{\"@type\":\"Organization\",\"@id\":\"https:\\\/\\\/www.polycliniqueplus.com\\\/es\\\/#organization\",\"name\":\"Polycliniqueplus chirurgie esthetique Turquie\",\"url\":\"https:\\\/\\\/www.polycliniqueplus.com\\\/es\\\/\",\"logo\":{\"@type\":\"ImageObject\",\"inLanguage\":\"es\",\"@id\":\"https:\\\/\\\/www.polycliniqueplus.com\\\/es\\\/#\\\/schema\\\/logo\\\/image\\\/\",\"url\":\"https:\\\/\\\/www.polycliniqueplus.com\\\/wp-content\\\/uploads\\\/2021\\\/03\\\/cropped-add-box-fill.png\",\"contentUrl\":\"https:\\\/\\\/www.polycliniqueplus.com\\\/wp-content\\\/uploads\\\/2021\\\/03\\\/cropped-add-box-fill.png\",\"width\":512,\"height\":512,\"caption\":\"Polycliniqueplus chirurgie esthetique Turquie\"},\"image\":{\"@id\":\"https:\\\/\\\/www.polycliniqueplus.com\\\/es\\\/#\\\/schema\\\/logo\\\/image\\\/\"},\"sameAs\":[\"https:\\\/\\\/www.facebook.com\\\/polycliniqueplus\",\"https:\\\/\\\/x.com\\\/polyclinique1\",\"https:\\\/\\\/www.youtube.com\\\/channel\\\/UCAnK3TORJqflIuYGFa-JQDw\"]}]}<\/script>\n<!-- \/ Yoast SEO plugin. -->","yoast_head_json":{"title":"Cirug\u00eda de la silueta Turqu\u00eda : Cirug\u00eda est\u00e9tica barata","description":"Consulte los diferentes tipos de cirug\u00eda de remodelaci\u00f3n corporal en Turqu\u00eda organizados por polycliniquePlus: abdominoplastia, liposucci\u00f3n, lifting de brazos y muslos.","robots":{"index":"index","follow":"follow","max-snippet":"max-snippet:-1","max-image-preview":"max-image-preview:large","max-video-preview":"max-video-preview:-1"},"canonical":"https:\/\/www.polycliniqueplus.com\/es\/cirugia-silueta-turquia\/","og_locale":"es_ES","og_type":"article","og_title":"Cirug\u00eda de la silueta Turqu\u00eda : Cirug\u00eda est\u00e9tica barata","og_description":"Consulte los diferentes tipos de cirug\u00eda de remodelaci\u00f3n corporal en Turqu\u00eda organizados por polycliniquePlus: abdominoplastia, liposucci\u00f3n, lifting de brazos y muslos.","og_url":"https:\/\/www.polycliniqueplus.com\/es\/cirugia-silueta-turquia\/","og_site_name":"Chirurgie esthetique Turquie : Prix interventions meilleures cliniques Istanbul","article_publisher":"https:\/\/www.facebook.com\/polycliniqueplus","article_modified_time":"2025-12-12T11:28:50+00:00","og_image":[{"width":245,"height":160,"url":"https:\/\/www.polycliniqueplus.com\/wp-content\/uploads\/2017\/06\/liposuccion.jpg","type":"image\/jpeg"}],"twitter_card":"summary_large_image","twitter_site":"@polyclinique1","twitter_misc":{"Tiempo de lectura":"2 minutos"},"schema":{"@context":"https:\/\/schema.org","@graph":[{"@type":"WebPage","@id":"https:\/\/www.polycliniqueplus.com\/es\/cirugia-silueta-turquia\/","url":"https:\/\/www.polycliniqueplus.com\/es\/cirugia-silueta-turquia\/","name":"Cirug\u00eda de la silueta Turqu\u00eda : Cirug\u00eda est\u00e9tica barata","isPartOf":{"@id":"https:\/\/www.polycliniqueplus.com\/es\/#website"},"primaryImageOfPage":{"@id":"https:\/\/www.polycliniqueplus.com\/es\/cirugia-silueta-turquia\/#primaryimage"},"image":{"@id":"https:\/\/www.polycliniqueplus.com\/es\/cirugia-silueta-turquia\/#primaryimage"},"thumbnailUrl":"https:\/\/www.polycliniqueplus.com\/wp-content\/uploads\/2017\/06\/liposuccion.jpg","datePublished":"2017-06-18T16:38:40+00:00","dateModified":"2025-12-12T11:28:50+00:00","description":"Consulte los diferentes tipos de cirug\u00eda de remodelaci\u00f3n corporal en Turqu\u00eda organizados por polycliniquePlus: abdominoplastia, liposucci\u00f3n, lifting de brazos y muslos.","breadcrumb":{"@id":"https:\/\/www.polycliniqueplus.com\/es\/cirugia-silueta-turquia\/#breadcrumb"},"inLanguage":"es","potentialAction":[{"@type":"ReadAction","target":["https:\/\/www.polycliniqueplus.com\/es\/cirugia-silueta-turquia\/"]}]},{"@type":"ImageObject","inLanguage":"es","@id":"https:\/\/www.polycliniqueplus.com\/es\/cirugia-silueta-turquia\/#primaryimage","url":"https:\/\/www.polycliniqueplus.com\/wp-content\/uploads\/2017\/06\/liposuccion.jpg","contentUrl":"https:\/\/www.polycliniqueplus.com\/wp-content\/uploads\/2017\/06\/liposuccion.jpg","width":245,"height":160,"caption":"liposuccion"},{"@type":"BreadcrumbList","@id":"https:\/\/www.polycliniqueplus.com\/es\/cirugia-silueta-turquia\/#breadcrumb","itemListElement":[{"@type":"ListItem","position":1,"name":"Accueil","item":"https:\/\/www.polycliniqueplus.com\/es\/"},{"@type":"ListItem","position":2,"name":"Cirug\u00eda del contorno corporal Turqu\u00eda : Cirug\u00eda del contorno corporal"}]},{"@type":"WebSite","@id":"https:\/\/www.polycliniqueplus.com\/es\/#website","url":"https:\/\/www.polycliniqueplus.com\/es\/","name":"Chirurgie esthetique Turquie : Prix interventions meilleures cliniques Istanbul","description":"Chirurgie esthetique Turquie prix pas cher","publisher":{"@id":"https:\/\/www.polycliniqueplus.com\/es\/#organization"},"potentialAction":[{"@type":"SearchAction","target":{"@type":"EntryPoint","urlTemplate":"https:\/\/www.polycliniqueplus.com\/es\/?s={search_term_string}"},"query-input":{"@type":"PropertyValueSpecification","valueRequired":true,"valueName":"search_term_string"}}],"inLanguage":"es"},{"@type":"Organization","@id":"https:\/\/www.polycliniqueplus.com\/es\/#organization","name":"Polycliniqueplus chirurgie esthetique Turquie","url":"https:\/\/www.polycliniqueplus.com\/es\/","logo":{"@type":"ImageObject","inLanguage":"es","@id":"https:\/\/www.polycliniqueplus.com\/es\/#\/schema\/logo\/image\/","url":"https:\/\/www.polycliniqueplus.com\/wp-content\/uploads\/2021\/03\/cropped-add-box-fill.png","contentUrl":"https:\/\/www.polycliniqueplus.com\/wp-content\/uploads\/2021\/03\/cropped-add-box-fill.png","width":512,"height":512,"caption":"Polycliniqueplus chirurgie esthetique Turquie"},"image":{"@id":"https:\/\/www.polycliniqueplus.com\/es\/#\/schema\/logo\/image\/"},"sameAs":["https:\/\/www.facebook.com\/polycliniqueplus","https:\/\/x.com\/polyclinique1","https:\/\/www.youtube.com\/channel\/UCAnK3TORJqflIuYGFa-JQDw"]}]}},"_links":{"self":[{"href":"https:\/\/www.polycliniqueplus.com\/es\/wp-json\/wp\/v2\/pages\/7684","targetHints":{"allow":["GET"]}}],"collection":[{"href":"https:\/\/www.polycliniqueplus.com\/es\/wp-json\/wp\/v2\/pages"}],"about":[{"href":"https:\/\/www.polycliniqueplus.com\/es\/wp-json\/wp\/v2\/types\/page"}],"author":[{"embeddable":true,"href":"https:\/\/www.polycliniqueplus.com\/es\/wp-json\/wp\/v2\/users\/1"}],"replies":[{"embeddable":true,"href":"https:\/\/www.polycliniqueplus.com\/es\/wp-json\/wp\/v2\/comments?post=7684"}],"version-history":[{"count":26,"href":"https:\/\/www.polycliniqueplus.com\/es\/wp-json\/wp\/v2\/pages\/7684\/revisions"}],"predecessor-version":[{"id":32814,"href":"https:\/\/www.polycliniqueplus.com\/es\/wp-json\/wp\/v2\/pages\/7684\/revisions\/32814"}],"wp:featuredmedia":[{"embeddable":true,"href":"https:\/\/www.polycliniqueplus.com\/es\/wp-json\/wp\/v2\/media\/7188"}],"wp:attachment":[{"href":"https:\/\/www.polycliniqueplus.com\/es\/wp-json\/wp\/v2\/media?parent=7684"}],"curies":[{"name":"wp","href":"https:\/\/api.w.org\/{rel}","templated":true}]}}