{"id":7682,"date":"2017-06-18T18:37:17","date_gmt":"2017-06-18T16:37:17","guid":{"rendered":"https:\/\/www.polycliniqueplus.com\/cirugia-mamaria-turquia-aumento-reduccion-y-elevacion\/"},"modified":"2025-12-12T12:31:02","modified_gmt":"2025-12-12T11:31:02","slug":"cirugia-mamaria-turquia","status":"publish","type":"page","link":"https:\/\/www.polycliniqueplus.com\/es\/cirugia-mamaria-turquia\/","title":{"rendered":"Cirug\u00eda mamaria Turqu\u00eda: aumento, reducci\u00f3n y elevaci\u00f3n"},"content":{"rendered":"<div data-elementor-type=\"wp-page\" data-elementor-id=\"7682\" class=\"elementor elementor-7682 elementor-14\" data-elementor-settings=\"{&quot;ha_cmc_init_switcher&quot;:&quot;no&quot;}\">\n\t\t\t\t\t\t<section class=\"elementor-section elementor-top-section elementor-element elementor-element-b5157fd elementor-section-content-middle elementor-section-boxed elementor-section-height-default elementor-section-height-default\" data-id=\"b5157fd\" data-element_type=\"section\" data-settings=\"{&quot;_ha_eqh_enable&quot;:false}\">\n\t\t\t\t\t\t<div class=\"elementor-container elementor-column-gap-default\">\n\t\t\t\t\t<div class=\"elementor-column elementor-col-50 elementor-top-column elementor-element elementor-element-24b63c1\" data-id=\"24b63c1\" data-element_type=\"column\">\n\t\t\t<div class=\"elementor-widget-wrap elementor-element-populated\">\n\t\t\t\t\t\t<div class=\"elementor-element elementor-element-db6aafc elementor-widget elementor-widget-text-editor\" data-id=\"db6aafc\" data-element_type=\"widget\" data-widget_type=\"text-editor.default\">\n\t\t\t\t<div class=\"elementor-widget-container\">\n\t\t\t\t\t\t\tSi sus senos son demasiado grandes o demasiado peque\u00f1os, deformados tras una operaci\u00f3n o una malformaci\u00f3n cong\u00e9nita, o de otro tipo, <strong>la cirug\u00eda mamaria<\/strong> puede remediar todos estos problemas.\n\nS\u00edmbolos de feminidad y maternidad, pero tambi\u00e9n objetos de fantas\u00eda, los pechos son los \u00f3rganos que dan aspecto al t\u00f3rax.\t\t\t\t\t\t<\/div>\n\t\t\t\t<\/div>\n\t\t\t\t<div class=\"elementor-element elementor-element-21d7cab elementor-widget elementor-widget-text-editor\" data-id=\"21d7cab\" data-element_type=\"widget\" data-widget_type=\"text-editor.default\">\n\t\t\t\t<div class=\"elementor-widget-container\">\n\t\t\t\t\t\t\tLa cirug\u00eda est\u00e9tica de las mamas preocupa :\n<ul class=\"liste-page\">\n \t<li><strong><a href=\"https:\/\/www.polycliniqueplus.com\/es\/aumento-pecho-turquia\/\">Aumento mamario<\/a>.<\/strong><\/li>\n \t<li><strong><a href=\"https:\/\/www.polycliniqueplus.com\/es\/elevacion-mamas-turquia\/\">Elevaci\u00f3n de mamas<\/a>.<\/strong><\/li>\n \t<li><strong><a href=\"https:\/\/www.polycliniqueplus.com\/es\/reduccion-pecho-turquia\/\">Reducci\u00f3n mamaria<\/a> por hipertrofia mamaria.<\/strong><\/li>\n \t<li><strong>Reconstrucci\u00f3n mamaria tras un traumatismo o un c\u00e1ncer<\/strong><\/li>\n \t<li><strong>Mamas tuberosas y otros defectos cong\u00e9nitos de la mama<\/strong><\/li>\n \t<li><strong><a href=\"https:\/\/www.polycliniqueplus.com\/es\/lipofilling-pechos-turquia\/\">Pechos lipofilling<\/a><\/strong><\/li>\n \t<li><strong><a>Ginecomastia <\/a>(masculina)<\/strong><\/li>\n \t<li><a href=\"https:\/\/www.polycliniqueplus.com\/es\/cambiar-los-implantes-mamarios-turquia\/\"><strong>Cambio de pr\u00f3tesis mamarias<\/strong><\/a><\/li>\n<\/ul>\t\t\t\t\t\t<\/div>\n\t\t\t\t<\/div>\n\t\t\t\t\t<\/div>\n\t\t<\/div>\n\t\t\t\t<div class=\"elementor-column elementor-col-50 elementor-top-column elementor-element elementor-element-9895a24\" data-id=\"9895a24\" data-element_type=\"column\">\n\t\t\t<div class=\"elementor-widget-wrap elementor-element-populated\">\n\t\t\t\t\t\t<div class=\"elementor-element elementor-element-cb3834e elementor-widget elementor-widget-image\" data-id=\"cb3834e\" data-element_type=\"widget\" data-widget_type=\"image.default\">\n\t\t\t\t<div class=\"elementor-widget-container\">\n\t\t\t\t\t\t\t\t\t\t\t\t\t<noscript><img fetchpriority=\"high\" decoding=\"async\" width=\"574\" height=\"586\" src=\"https:\/\/www.polycliniqueplus.com\/wp-content\/uploads\/2021\/03\/chirurgie-turquie-mammaire.jpg\" class=\"attachment-large size-large wp-image-7447\" alt srcset=\"https:\/\/www.polycliniqueplus.com\/wp-content\/uploads\/2021\/03\/chirurgie-turquie-mammaire.jpg 574w, https:\/\/www.polycliniqueplus.com\/wp-content\/uploads\/2021\/03\/chirurgie-turquie-mammaire-294x300.jpg 294w\" sizes=\"(max-width: 574px) 100vw, 574px\"><\/noscript><img fetchpriority=\"high\" decoding=\"async\" width=\"574\" height=\"586\" src=\"data:image\/svg+xml,%3Csvg%20xmlns%3D%22http%3A%2F%2Fwww.w3.org%2F2000%2Fsvg%22%20viewBox%3D%220%200%20574%20586%22%3E%3C%2Fsvg%3E\" class=\"attachment-large size-large wp-image-7447 lazyload\" alt srcset=\"data:image\/svg+xml,%3Csvg%20xmlns%3D%22http%3A%2F%2Fwww.w3.org%2F2000%2Fsvg%22%20viewBox%3D%220%200%20574%20586%22%3E%3C%2Fsvg%3E 574w\" sizes=\"(max-width: 574px) 100vw, 574px\" data-srcset=\"https:\/\/www.polycliniqueplus.com\/wp-content\/uploads\/2021\/03\/chirurgie-turquie-mammaire.jpg 574w, https:\/\/www.polycliniqueplus.com\/wp-content\/uploads\/2021\/03\/chirurgie-turquie-mammaire-294x300.jpg 294w\" data-src=\"https:\/\/www.polycliniqueplus.com\/wp-content\/uploads\/2021\/03\/chirurgie-turquie-mammaire.jpg\">\t\t\t\t\t\t\t\t\t\t\t\t\t<\/div>\n\t\t\t\t<\/div>\n\t\t\t\t\t<\/div>\n\t\t<\/div>\n\t\t\t\t\t<\/div>\n\t\t<\/section>\n\t\t\t\t<section class=\"elementor-section elementor-top-section elementor-element elementor-element-7ba9057d elementor-section-boxed elementor-section-height-default elementor-section-height-default\" data-id=\"7ba9057d\" data-element_type=\"section\" data-settings=\"{&quot;_ha_eqh_enable&quot;:false}\">\n\t\t\t\t\t\t<div class=\"elementor-container elementor-column-gap-default\">\n\t\t\t\t\t<div class=\"elementor-column elementor-col-100 elementor-top-column elementor-element elementor-element-3e6d384a\" data-id=\"3e6d384a\" data-element_type=\"column\">\n\t\t\t<div class=\"elementor-widget-wrap elementor-element-populated\">\n\t\t\t\t\t\t<div class=\"elementor-element elementor-element-2d98305a elementor-widget elementor-widget-text-editor\" data-id=\"2d98305a\" data-element_type=\"widget\" data-widget_type=\"text-editor.default\">\n\t\t\t\t<div class=\"elementor-widget-container\">\n\t\t\t\t\t\t\t<h2>Tasas de cirug\u00eda mamaria en Turqu\u00eda<\/h2>\nPolycliniqueplus, especialista en <strong>\n<a href=\"https:\/\/www.polycliniqueplus.com\/es\/\">cirug\u00eda pl\u00e1stica<\/a>\n<\/strong>Polycliniqueplus le ofrece un paquete con todo incluido para su cirug\u00eda mamaria. Para obtener m\u00e1s informaci\u00f3n sobre las distintas intervenciones de cirug\u00eda est\u00e9tica mamaria que se realizan en Turqu\u00eda, solicite un presupuesto personalizado.\nLas t\u00e9cnicas que utilizamos son extremadamente eficaces y <strong>los resultados son naturales<\/strong>. Durante la entrevista, podr\u00e1 <a href=\"https:\/\/www.polycliniqueplus.com\/es\/cirujanos\/\">pedir consejo al cirujano<\/a>, tanto sobre su operaci\u00f3n y los distintos m\u00e9todos posibles, como sobre la intervenci\u00f3n en s\u00ed.\nEl <strong>seguimiento de la mama<\/strong> es f\u00e1cil, ya que el implante est\u00e1 detr\u00e1s de la gl\u00e1ndula, que puede seguir siendo controlada por el m\u00e9dico que la atiende. Las mamograf\u00edas postoperatorias tambi\u00e9n son f\u00e1ciles de realizar y permiten comprobar la gl\u00e1ndula mamaria como en el pasado. Sin embargo, el radi\u00f3logo debe ser informado de la presencia de estos implantes.\t\t\t\t\t\t<\/div>\n\t\t\t\t<\/div>\n\t\t\t\t\t<\/div>\n\t\t<\/div>\n\t\t\t\t\t<\/div>\n\t\t<\/section>\n\t\t\t\t<section class=\"elementor-section elementor-top-section elementor-element elementor-element-53b052b elementor-section-boxed elementor-section-height-default elementor-section-height-default\" data-id=\"53b052b\" data-element_type=\"section\" data-settings=\"{&quot;background_background&quot;:&quot;classic&quot;,&quot;_ha_eqh_enable&quot;:false}\">\n\t\t\t\t\t\t<div class=\"elementor-container elementor-column-gap-default\">\n\t\t\t\t\t<div class=\"elementor-column elementor-col-100 elementor-top-column elementor-element elementor-element-cb4b97f\" data-id=\"cb4b97f\" data-element_type=\"column\">\n\t\t\t<div class=\"elementor-widget-wrap elementor-element-populated\">\n\t\t\t\t\t\t<div class=\"elementor-element elementor-element-8e05242 elementor-widget elementor-widget-heading\" data-id=\"8e05242\" data-element_type=\"widget\" data-widget_type=\"heading.default\">\n\t\t\t\t<div class=\"elementor-widget-container\">\n\t\t\t<h4 class=\"elementor-heading-title elementor-size-default\">Presupuesto gratuito y precio todo incluido para cirug\u00eda est\u00e9tica mamaria en Turqu\u00eda<\/h4>\t\t<\/div>\n\t\t\t\t<\/div>\n\t\t\t\t<div class=\"elementor-element elementor-element-9a39a5b elementor-align-center elementor-widget elementor-widget-button\" data-id=\"9a39a5b\" data-element_type=\"widget\" data-widget_type=\"button.default\">\n\t\t\t\t<div class=\"elementor-widget-container\">\n\t\t\t\t\t<div class=\"elementor-button-wrapper\">\n\t\t\t<a class=\"elementor-button elementor-button-link elementor-size-sm\" href=\"https:\/\/www.polycliniqueplus.com\/es\/presupuesto\/\">\n\t\t\t\t\t\t<span class=\"elementor-button-content-wrapper\">\n\t\t\t\t\t\t<span class=\"elementor-button-icon\">\n\t\t\t\t<i aria-hidden=\"true\" class=\"fas fa-arrow-right\"><\/i>\t\t\t<\/span>\n\t\t\t\t\t\t\t\t\t<span class=\"elementor-button-text\">Presupuesto de cirug\u00eda mamaria<\/span>\n\t\t\t\t\t<\/span>\n\t\t\t\t\t<\/a>\n\t\t<\/div>\n\t\t\t\t<\/div>\n\t\t\t\t<\/div>\n\t\t\t\t\t<\/div>\n\t\t<\/div>\n\t\t\t\t\t<\/div>\n\t\t<\/section>\n\t\t\t\t<\/div>\n\t\t","protected":false},"excerpt":{"rendered":"<p>Si sus senos son demasiado grandes o demasiado peque\u00f1os, deformados tras una operaci\u00f3n o una malformaci\u00f3n cong\u00e9nita, o de otro tipo, la cirug\u00eda mamaria puede remediar todos estos problemas. S\u00edmbolos de feminidad y maternidad, pero tambi\u00e9n objetos de fantas\u00eda, los pechos son los \u00f3rganos que dan aspecto al t\u00f3rax.La cirug\u00eda est\u00e9tica de las mamas preocupa [&hellip;]<\/p>\n","protected":false},"author":1,"featured_media":7199,"parent":0,"menu_order":0,"comment_status":"closed","ping_status":"closed","template":"","meta":{"footnotes":""},"class_list":["post-7682","page","type-page","status-publish","has-post-thumbnail","hentry"],"yoast_head":"<!-- This site is optimized with the Yoast SEO plugin v27.5 - https:\/\/yoast.com\/product\/yoast-seo-wordpress\/ -->\n<title>Cirug\u00eda mamaria Turqu\u00eda : precios de cirug\u00eda mamaria m\u00e1s baratos<\/title>\n<meta name=\"description\" content=\"Cirug\u00eda mamaria Turqu\u00eda : Todo sobre las t\u00e9cnicas de cirug\u00eda pl\u00e1stica mamaria : elevaci\u00f3n de mamas, reducci\u00f3n de mamas y aumento de mamas.\" \/>\n<meta name=\"robots\" content=\"index, follow, max-snippet:-1, max-video-preview:-1, noimageindex\" \/>\n<link rel=\"canonical\" href=\"https:\/\/www.polycliniqueplus.com\/es\/cirugia-mamaria-turquia\/\" \/>\n<meta property=\"og:locale\" content=\"es_ES\" \/>\n<meta property=\"og:type\" content=\"article\" \/>\n<meta property=\"og:title\" content=\"Cirug\u00eda mamaria Turqu\u00eda : precios de cirug\u00eda mamaria m\u00e1s baratos\" \/>\n<meta property=\"og:description\" content=\"Cirug\u00eda mamaria Turqu\u00eda : Todo sobre las t\u00e9cnicas de cirug\u00eda pl\u00e1stica mamaria : elevaci\u00f3n de mamas, reducci\u00f3n de mamas y aumento de mamas.\" \/>\n<meta property=\"og:url\" content=\"https:\/\/www.polycliniqueplus.com\/es\/cirugia-mamaria-turquia\/\" \/>\n<meta property=\"og:site_name\" content=\"Chirurgie esthetique Turquie : Prix interventions meilleures cliniques Istanbul\" \/>\n<meta property=\"article:publisher\" content=\"https:\/\/www.facebook.com\/polycliniqueplus\" \/>\n<meta property=\"article:modified_time\" content=\"2025-12-12T11:31:02+00:00\" \/>\n<meta property=\"og:image\" content=\"https:\/\/www.polycliniqueplus.com\/wp-content\/uploads\/2017\/06\/chirurgie-mammaire-turquie.jpg\" \/>\n\t<meta property=\"og:image:width\" content=\"939\" \/>\n\t<meta property=\"og:image:height\" content=\"387\" \/>\n\t<meta property=\"og:image:type\" content=\"image\/jpeg\" \/>\n<meta name=\"twitter:card\" content=\"summary_large_image\" \/>\n<meta name=\"twitter:site\" content=\"@polyclinique1\" \/>\n<meta name=\"twitter:label1\" content=\"Tiempo de lectura\" \/>\n\t<meta name=\"twitter:data1\" content=\"2 minutos\" \/>\n<script type=\"application\/ld+json\" class=\"yoast-schema-graph\">{\"@context\":\"https:\\\/\\\/schema.org\",\"@graph\":[{\"@type\":\"WebPage\",\"@id\":\"https:\\\/\\\/www.polycliniqueplus.com\\\/es\\\/cirugia-mamaria-turquia\\\/\",\"url\":\"https:\\\/\\\/www.polycliniqueplus.com\\\/es\\\/cirugia-mamaria-turquia\\\/\",\"name\":\"Cirug\u00eda mamaria Turqu\u00eda : precios de cirug\u00eda mamaria m\u00e1s baratos\",\"isPartOf\":{\"@id\":\"https:\\\/\\\/www.polycliniqueplus.com\\\/es\\\/#website\"},\"primaryImageOfPage\":{\"@id\":\"https:\\\/\\\/www.polycliniqueplus.com\\\/es\\\/cirugia-mamaria-turquia\\\/#primaryimage\"},\"image\":{\"@id\":\"https:\\\/\\\/www.polycliniqueplus.com\\\/es\\\/cirugia-mamaria-turquia\\\/#primaryimage\"},\"thumbnailUrl\":\"https:\\\/\\\/www.polycliniqueplus.com\\\/wp-content\\\/uploads\\\/2017\\\/06\\\/chirurgie-mammaire-turquie.jpg\",\"datePublished\":\"2017-06-18T16:37:17+00:00\",\"dateModified\":\"2025-12-12T11:31:02+00:00\",\"description\":\"Cirug\u00eda mamaria Turqu\u00eda : Todo sobre las t\u00e9cnicas de cirug\u00eda pl\u00e1stica mamaria : elevaci\u00f3n de mamas, reducci\u00f3n de mamas y aumento de mamas.\",\"breadcrumb\":{\"@id\":\"https:\\\/\\\/www.polycliniqueplus.com\\\/es\\\/cirugia-mamaria-turquia\\\/#breadcrumb\"},\"inLanguage\":\"es\",\"potentialAction\":[{\"@type\":\"ReadAction\",\"target\":[\"https:\\\/\\\/www.polycliniqueplus.com\\\/es\\\/cirugia-mamaria-turquia\\\/\"]}]},{\"@type\":\"ImageObject\",\"inLanguage\":\"es\",\"@id\":\"https:\\\/\\\/www.polycliniqueplus.com\\\/es\\\/cirugia-mamaria-turquia\\\/#primaryimage\",\"url\":\"https:\\\/\\\/www.polycliniqueplus.com\\\/wp-content\\\/uploads\\\/2017\\\/06\\\/chirurgie-mammaire-turquie.jpg\",\"contentUrl\":\"https:\\\/\\\/www.polycliniqueplus.com\\\/wp-content\\\/uploads\\\/2017\\\/06\\\/chirurgie-mammaire-turquie.jpg\",\"width\":939,\"height\":387},{\"@type\":\"BreadcrumbList\",\"@id\":\"https:\\\/\\\/www.polycliniqueplus.com\\\/es\\\/cirugia-mamaria-turquia\\\/#breadcrumb\",\"itemListElement\":[{\"@type\":\"ListItem\",\"position\":1,\"name\":\"Accueil\",\"item\":\"https:\\\/\\\/www.polycliniqueplus.com\\\/es\\\/\"},{\"@type\":\"ListItem\",\"position\":2,\"name\":\"Cirug\u00eda mamaria Turqu\u00eda: aumento, reducci\u00f3n y elevaci\u00f3n\"}]},{\"@type\":\"WebSite\",\"@id\":\"https:\\\/\\\/www.polycliniqueplus.com\\\/es\\\/#website\",\"url\":\"https:\\\/\\\/www.polycliniqueplus.com\\\/es\\\/\",\"name\":\"Chirurgie esthetique Turquie : Prix interventions meilleures cliniques Istanbul\",\"description\":\"Chirurgie esthetique Turquie prix pas cher\",\"publisher\":{\"@id\":\"https:\\\/\\\/www.polycliniqueplus.com\\\/es\\\/#organization\"},\"potentialAction\":[{\"@type\":\"SearchAction\",\"target\":{\"@type\":\"EntryPoint\",\"urlTemplate\":\"https:\\\/\\\/www.polycliniqueplus.com\\\/es\\\/?s={search_term_string}\"},\"query-input\":{\"@type\":\"PropertyValueSpecification\",\"valueRequired\":true,\"valueName\":\"search_term_string\"}}],\"inLanguage\":\"es\"},{\"@type\":\"Organization\",\"@id\":\"https:\\\/\\\/www.polycliniqueplus.com\\\/es\\\/#organization\",\"name\":\"Polycliniqueplus chirurgie esthetique Turquie\",\"url\":\"https:\\\/\\\/www.polycliniqueplus.com\\\/es\\\/\",\"logo\":{\"@type\":\"ImageObject\",\"inLanguage\":\"es\",\"@id\":\"https:\\\/\\\/www.polycliniqueplus.com\\\/es\\\/#\\\/schema\\\/logo\\\/image\\\/\",\"url\":\"https:\\\/\\\/www.polycliniqueplus.com\\\/wp-content\\\/uploads\\\/2021\\\/03\\\/cropped-add-box-fill.png\",\"contentUrl\":\"https:\\\/\\\/www.polycliniqueplus.com\\\/wp-content\\\/uploads\\\/2021\\\/03\\\/cropped-add-box-fill.png\",\"width\":512,\"height\":512,\"caption\":\"Polycliniqueplus chirurgie esthetique Turquie\"},\"image\":{\"@id\":\"https:\\\/\\\/www.polycliniqueplus.com\\\/es\\\/#\\\/schema\\\/logo\\\/image\\\/\"},\"sameAs\":[\"https:\\\/\\\/www.facebook.com\\\/polycliniqueplus\",\"https:\\\/\\\/x.com\\\/polyclinique1\",\"https:\\\/\\\/www.youtube.com\\\/channel\\\/UCAnK3TORJqflIuYGFa-JQDw\"]}]}<\/script>\n<!-- \/ Yoast SEO plugin. -->","yoast_head_json":{"title":"Cirug\u00eda mamaria Turqu\u00eda : precios de cirug\u00eda mamaria m\u00e1s baratos","description":"Cirug\u00eda mamaria Turqu\u00eda : Todo sobre las t\u00e9cnicas de cirug\u00eda pl\u00e1stica mamaria : elevaci\u00f3n de mamas, reducci\u00f3n de mamas y aumento de mamas.","robots":{"index":"index","follow":"follow","max-snippet":"max-snippet:-1","max-video-preview":"max-video-preview:-1","imageindex":"noimageindex"},"canonical":"https:\/\/www.polycliniqueplus.com\/es\/cirugia-mamaria-turquia\/","og_locale":"es_ES","og_type":"article","og_title":"Cirug\u00eda mamaria Turqu\u00eda : precios de cirug\u00eda mamaria m\u00e1s baratos","og_description":"Cirug\u00eda mamaria Turqu\u00eda : Todo sobre las t\u00e9cnicas de cirug\u00eda pl\u00e1stica mamaria : elevaci\u00f3n de mamas, reducci\u00f3n de mamas y aumento de mamas.","og_url":"https:\/\/www.polycliniqueplus.com\/es\/cirugia-mamaria-turquia\/","og_site_name":"Chirurgie esthetique Turquie : Prix interventions meilleures cliniques Istanbul","article_publisher":"https:\/\/www.facebook.com\/polycliniqueplus","article_modified_time":"2025-12-12T11:31:02+00:00","og_image":[{"width":939,"height":387,"url":"https:\/\/www.polycliniqueplus.com\/wp-content\/uploads\/2017\/06\/chirurgie-mammaire-turquie.jpg","type":"image\/jpeg"}],"twitter_card":"summary_large_image","twitter_site":"@polyclinique1","twitter_misc":{"Tiempo de lectura":"2 minutos"},"schema":{"@context":"https:\/\/schema.org","@graph":[{"@type":"WebPage","@id":"https:\/\/www.polycliniqueplus.com\/es\/cirugia-mamaria-turquia\/","url":"https:\/\/www.polycliniqueplus.com\/es\/cirugia-mamaria-turquia\/","name":"Cirug\u00eda mamaria Turqu\u00eda : precios de cirug\u00eda mamaria m\u00e1s baratos","isPartOf":{"@id":"https:\/\/www.polycliniqueplus.com\/es\/#website"},"primaryImageOfPage":{"@id":"https:\/\/www.polycliniqueplus.com\/es\/cirugia-mamaria-turquia\/#primaryimage"},"image":{"@id":"https:\/\/www.polycliniqueplus.com\/es\/cirugia-mamaria-turquia\/#primaryimage"},"thumbnailUrl":"https:\/\/www.polycliniqueplus.com\/wp-content\/uploads\/2017\/06\/chirurgie-mammaire-turquie.jpg","datePublished":"2017-06-18T16:37:17+00:00","dateModified":"2025-12-12T11:31:02+00:00","description":"Cirug\u00eda mamaria Turqu\u00eda : Todo sobre las t\u00e9cnicas de cirug\u00eda pl\u00e1stica mamaria : elevaci\u00f3n de mamas, reducci\u00f3n de mamas y aumento de mamas.","breadcrumb":{"@id":"https:\/\/www.polycliniqueplus.com\/es\/cirugia-mamaria-turquia\/#breadcrumb"},"inLanguage":"es","potentialAction":[{"@type":"ReadAction","target":["https:\/\/www.polycliniqueplus.com\/es\/cirugia-mamaria-turquia\/"]}]},{"@type":"ImageObject","inLanguage":"es","@id":"https:\/\/www.polycliniqueplus.com\/es\/cirugia-mamaria-turquia\/#primaryimage","url":"https:\/\/www.polycliniqueplus.com\/wp-content\/uploads\/2017\/06\/chirurgie-mammaire-turquie.jpg","contentUrl":"https:\/\/www.polycliniqueplus.com\/wp-content\/uploads\/2017\/06\/chirurgie-mammaire-turquie.jpg","width":939,"height":387},{"@type":"BreadcrumbList","@id":"https:\/\/www.polycliniqueplus.com\/es\/cirugia-mamaria-turquia\/#breadcrumb","itemListElement":[{"@type":"ListItem","position":1,"name":"Accueil","item":"https:\/\/www.polycliniqueplus.com\/es\/"},{"@type":"ListItem","position":2,"name":"Cirug\u00eda mamaria Turqu\u00eda: aumento, reducci\u00f3n y elevaci\u00f3n"}]},{"@type":"WebSite","@id":"https:\/\/www.polycliniqueplus.com\/es\/#website","url":"https:\/\/www.polycliniqueplus.com\/es\/","name":"Chirurgie esthetique Turquie : Prix interventions meilleures cliniques Istanbul","description":"Chirurgie esthetique Turquie prix pas cher","publisher":{"@id":"https:\/\/www.polycliniqueplus.com\/es\/#organization"},"potentialAction":[{"@type":"SearchAction","target":{"@type":"EntryPoint","urlTemplate":"https:\/\/www.polycliniqueplus.com\/es\/?s={search_term_string}"},"query-input":{"@type":"PropertyValueSpecification","valueRequired":true,"valueName":"search_term_string"}}],"inLanguage":"es"},{"@type":"Organization","@id":"https:\/\/www.polycliniqueplus.com\/es\/#organization","name":"Polycliniqueplus chirurgie esthetique Turquie","url":"https:\/\/www.polycliniqueplus.com\/es\/","logo":{"@type":"ImageObject","inLanguage":"es","@id":"https:\/\/www.polycliniqueplus.com\/es\/#\/schema\/logo\/image\/","url":"https:\/\/www.polycliniqueplus.com\/wp-content\/uploads\/2021\/03\/cropped-add-box-fill.png","contentUrl":"https:\/\/www.polycliniqueplus.com\/wp-content\/uploads\/2021\/03\/cropped-add-box-fill.png","width":512,"height":512,"caption":"Polycliniqueplus chirurgie esthetique Turquie"},"image":{"@id":"https:\/\/www.polycliniqueplus.com\/es\/#\/schema\/logo\/image\/"},"sameAs":["https:\/\/www.facebook.com\/polycliniqueplus","https:\/\/x.com\/polyclinique1","https:\/\/www.youtube.com\/channel\/UCAnK3TORJqflIuYGFa-JQDw"]}]}},"_links":{"self":[{"href":"https:\/\/www.polycliniqueplus.com\/es\/wp-json\/wp\/v2\/pages\/7682","targetHints":{"allow":["GET"]}}],"collection":[{"href":"https:\/\/www.polycliniqueplus.com\/es\/wp-json\/wp\/v2\/pages"}],"about":[{"href":"https:\/\/www.polycliniqueplus.com\/es\/wp-json\/wp\/v2\/types\/page"}],"author":[{"embeddable":true,"href":"https:\/\/www.polycliniqueplus.com\/es\/wp-json\/wp\/v2\/users\/1"}],"replies":[{"embeddable":true,"href":"https:\/\/www.polycliniqueplus.com\/es\/wp-json\/wp\/v2\/comments?post=7682"}],"version-history":[{"count":32,"href":"https:\/\/www.polycliniqueplus.com\/es\/wp-json\/wp\/v2\/pages\/7682\/revisions"}],"predecessor-version":[{"id":32844,"href":"https:\/\/www.polycliniqueplus.com\/es\/wp-json\/wp\/v2\/pages\/7682\/revisions\/32844"}],"wp:featuredmedia":[{"embeddable":true,"href":"https:\/\/www.polycliniqueplus.com\/es\/wp-json\/wp\/v2\/media\/7199"}],"wp:attachment":[{"href":"https:\/\/www.polycliniqueplus.com\/es\/wp-json\/wp\/v2\/media?parent=7682"}],"curies":[{"name":"wp","href":"https:\/\/api.w.org\/{rel}","templated":true}]}}