{"id":7678,"date":"2017-06-18T18:35:37","date_gmt":"2017-06-18T16:35:37","guid":{"rendered":"https:\/\/www.polycliniqueplus.com\/cirujanos-plasticos-en-turquia\/"},"modified":"2025-12-12T12:31:34","modified_gmt":"2025-12-12T11:31:34","slug":"cirujanos","status":"publish","type":"page","link":"https:\/\/www.polycliniqueplus.com\/es\/cirujanos\/","title":{"rendered":"Cirujanos pl\u00e1sticos en Turqu\u00eda"},"content":{"rendered":"<div data-elementor-type=\"wp-page\" data-elementor-id=\"7678\" class=\"elementor elementor-7678 elementor-10\" data-elementor-settings=\"{&quot;ha_cmc_init_switcher&quot;:&quot;no&quot;}\">\n\t\t\t\t\t\t<section class=\"elementor-section elementor-top-section elementor-element elementor-element-b800894 elementor-section-boxed elementor-section-height-default elementor-section-height-default\" data-id=\"b800894\" data-element_type=\"section\" data-settings=\"{&quot;background_background&quot;:&quot;classic&quot;,&quot;_ha_eqh_enable&quot;:false}\">\n\t\t\t\t\t\t<div class=\"elementor-container elementor-column-gap-default\">\n\t\t\t\t\t<div class=\"elementor-column elementor-col-66 elementor-top-column elementor-element elementor-element-8c13930\" data-id=\"8c13930\" data-element_type=\"column\">\n\t\t\t<div class=\"elementor-widget-wrap elementor-element-populated\">\n\t\t\t\t\t\t<div class=\"elementor-element elementor-element-15573d0 elementor-widget elementor-widget-text-editor\" data-id=\"15573d0\" data-element_type=\"widget\" data-widget_type=\"text-editor.default\">\n\t\t\t\t<div class=\"elementor-widget-container\">\n\t\t\t\t\t\t\t<p><strong>Polycliniqueplus<\/strong> le pone en contacto con cirujanos altamente cualificados.<\/p>\n<p>Las cualificaciones de los cirujanos pl\u00e1sticos turcos son muy respetadas en el campo de la cirug\u00eda est\u00e9tica.<\/p>\n<p>Se les exigen rigurosas normas para ejercer su profesi\u00f3n en Turqu\u00eda.<\/p>\n<p>Los cirujanos pl\u00e1sticos turcos est\u00e1n altamente cualificados y formados para ofrecer una atenci\u00f3n de calidad en el campo de la cirug\u00eda est\u00e9tica.<\/p>\n<p>Su compromiso con la seguridad del paciente y su formaci\u00f3n continua los convierten en profesionales de confianza para quienes buscan mejoras est\u00e9ticas en Turqu\u00eda.<\/p>\n\t\t\t\t\t\t<\/div>\n\t\t\t\t<\/div>\n\t\t\t\t<div class=\"elementor-element elementor-element-967fbd8 elementor-button-success elementor-align-center elementor-widget elementor-widget-button\" data-id=\"967fbd8\" data-element_type=\"widget\" data-widget_type=\"button.default\">\n\t\t\t\t<div class=\"elementor-widget-container\">\n\t\t\t\t\t<div class=\"elementor-button-wrapper\">\n\t\t\t<a class=\"elementor-button elementor-button-link elementor-size-sm\" href=\"https:\/\/www.polycliniqueplus.com\/es\/presupuesto\/\">\n\t\t\t\t\t\t<span class=\"elementor-button-content-wrapper\">\n\t\t\t\t\t\t\t\t\t<span class=\"elementor-button-text\">Plan Consulta en l\u00ednea<\/span>\n\t\t\t\t\t<\/span>\n\t\t\t\t\t<\/a>\n\t\t<\/div>\n\t\t\t\t<\/div>\n\t\t\t\t<\/div>\n\t\t\t\t\t<\/div>\n\t\t<\/div>\n\t\t\t\t<div class=\"elementor-column elementor-col-33 elementor-top-column elementor-element elementor-element-3649aa5\" data-id=\"3649aa5\" data-element_type=\"column\">\n\t\t\t<div class=\"elementor-widget-wrap elementor-element-populated\">\n\t\t\t\t\t\t<div class=\"elementor-element elementor-element-4ccff85 elementor-widget elementor-widget-image\" data-id=\"4ccff85\" data-element_type=\"widget\" data-widget_type=\"image.default\">\n\t\t\t\t<div class=\"elementor-widget-container\">\n\t\t\t\t\t\t\t\t\t\t\t\t\t<noscript><img fetchpriority=\"high\" decoding=\"async\" width=\"574\" height=\"614\" src=\"https:\/\/www.polycliniqueplus.com\/wp-content\/uploads\/2021\/02\/temps-de-recuperation.jpg\" class=\"attachment-large size-large wp-image-7435\" alt srcset=\"https:\/\/www.polycliniqueplus.com\/wp-content\/uploads\/2021\/02\/temps-de-recuperation.jpg 574w, https:\/\/www.polycliniqueplus.com\/wp-content\/uploads\/2021\/02\/temps-de-recuperation-280x300.jpg 280w\" sizes=\"(max-width: 574px) 100vw, 574px\"><\/noscript><img fetchpriority=\"high\" decoding=\"async\" width=\"574\" height=\"614\" src=\"data:image\/svg+xml,%3Csvg%20xmlns%3D%22http%3A%2F%2Fwww.w3.org%2F2000%2Fsvg%22%20viewBox%3D%220%200%20574%20614%22%3E%3C%2Fsvg%3E\" class=\"attachment-large size-large wp-image-7435 lazyload\" alt srcset=\"data:image\/svg+xml,%3Csvg%20xmlns%3D%22http%3A%2F%2Fwww.w3.org%2F2000%2Fsvg%22%20viewBox%3D%220%200%20574%20614%22%3E%3C%2Fsvg%3E 574w\" sizes=\"(max-width: 574px) 100vw, 574px\" data-srcset=\"https:\/\/www.polycliniqueplus.com\/wp-content\/uploads\/2021\/02\/temps-de-recuperation.jpg 574w, https:\/\/www.polycliniqueplus.com\/wp-content\/uploads\/2021\/02\/temps-de-recuperation-280x300.jpg 280w\" data-src=\"https:\/\/www.polycliniqueplus.com\/wp-content\/uploads\/2021\/02\/temps-de-recuperation.jpg\">\t\t\t\t\t\t\t\t\t\t\t\t\t<\/div>\n\t\t\t\t<\/div>\n\t\t\t\t\t<\/div>\n\t\t<\/div>\n\t\t\t\t\t<\/div>\n\t\t<\/section>\n\t\t\t\t<section class=\"elementor-section elementor-top-section elementor-element elementor-element-ce12743 elementor-section-boxed elementor-section-height-default elementor-section-height-default\" data-id=\"ce12743\" data-element_type=\"section\" data-settings=\"{&quot;_ha_eqh_enable&quot;:false}\">\n\t\t\t\t\t\t<div class=\"elementor-container elementor-column-gap-default\">\n\t\t\t\t\t<div class=\"elementor-column elementor-col-100 elementor-top-column elementor-element elementor-element-4e9ad30\" data-id=\"4e9ad30\" data-element_type=\"column\">\n\t\t\t<div class=\"elementor-widget-wrap elementor-element-populated\">\n\t\t\t\t\t\t<div class=\"elementor-element elementor-element-f72114e elementor-widget elementor-widget-text-editor\" data-id=\"f72114e\" data-element_type=\"widget\" data-widget_type=\"text-editor.default\">\n\t\t\t\t<div class=\"elementor-widget-container\">\n\t\t\t\t\t\t\t<p style=\"text-align: left;\">He aqu\u00ed un resumen de las <b>cualificaciones <\/b>que suelen reunir los cirujanos pl\u00e1sticos turcos:<\/p><ol><li style=\"text-align: left;\"><b>Formaci\u00f3n m\u00e9dica avanzada<\/b>: Los cirujanos pl\u00e1sticos turcos siguen una formaci\u00f3n m\u00e9dica avanzada, normalmente de al menos seis a\u00f1os en la universidad. Tras obtener el t\u00edtulo de m\u00e9dico, se especializan en cirug\u00eda pl\u00e1stica y est\u00e9tica.<\/li><li style=\"text-align: left;\"><b>Acreditaci\u00f3n m\u00e9dica<\/b>: deben estar acreditados por el Ministerio de Sanidad turco para ejercer legalmente la medicina y la cirug\u00eda pl\u00e1stica. Esta acreditaci\u00f3n garantiza que cumplen las normas m\u00e9dicas y \u00e9ticas.<\/li><li style=\"text-align: left;\">Formaci\u00f3n especializada en cirug\u00eda pl\u00e1stica: los cirujanos pl\u00e1sticos turcos reciben formaci\u00f3n especializada en el campo de la cirug\u00eda pl\u00e1stica. Esta formaci\u00f3n abarca toda una serie de procedimientos est\u00e9ticos, desde la rinoplastia hasta la liposucci\u00f3n y el aumento de pecho.<\/li><li style=\"text-align: left;\"><b>Experiencia cl\u00ednica<\/b>: Para ser considerados los mejores, los cirujanos pl\u00e1sticos turcos deben acumular una importante experiencia cl\u00ednica. Realizan un n\u00famero considerable de intervenciones quir\u00fargicas, lo que les permite adquirir conocimientos pr\u00e1cticos.<\/li><li style=\"text-align: left;\"><b>Pertenencia a asociaciones profesionales<\/b>: Muchos cirujanos pl\u00e1sticos turcos son miembros de asociaciones profesionales como la Sociedad Turca de Cirug\u00eda Pl\u00e1stica, Reparadora y Est\u00e9tica. Esta afiliaci\u00f3n demuestra su compromiso con la mejora continua de sus competencias.<\/li><li style=\"text-align: left;\"><b>Cumplimiento de la normativa m\u00e9dica<\/b>: Los cirujanos pl\u00e1sticos turcos est\u00e1n obligados a cumplir estrictamente una normativa m\u00e9dica en constante evoluci\u00f3n, especialmente en lo que respecta a la seguridad del paciente y las pr\u00e1cticas m\u00e9dicas \u00e9ticas.<\/li><li style=\"text-align: left;\"><b>Formaci\u00f3n continua<\/b>: La formaci\u00f3n continua es esencial para mantenerse al d\u00eda de los \u00faltimos avances m\u00e9dicos y quir\u00fargicos. Los cirujanos pl\u00e1sticos turcos asisten regularmente a seminarios, conferencias y talleres para mejorar sus habilidades y conocimientos de las nuevas t\u00e9cnicas.<\/li><\/ol>\t\t\t\t\t\t<\/div>\n\t\t\t\t<\/div>\n\t\t\t\t\t<\/div>\n\t\t<\/div>\n\t\t\t\t\t<\/div>\n\t\t<\/section>\n\t\t\t\t<\/div>\n\t\t","protected":false},"excerpt":{"rendered":"<p>Polycliniqueplus le pone en contacto con cirujanos altamente cualificados. Las cualificaciones de los cirujanos pl\u00e1sticos turcos son muy respetadas en el campo de la cirug\u00eda est\u00e9tica. Se les exigen rigurosas normas para ejercer su profesi\u00f3n en Turqu\u00eda. Los cirujanos pl\u00e1sticos turcos est\u00e1n altamente cualificados y formados para ofrecer una atenci\u00f3n de calidad en el campo [&hellip;]<\/p>\n","protected":false},"author":1,"featured_media":12118,"parent":0,"menu_order":0,"comment_status":"closed","ping_status":"closed","template":"","meta":{"footnotes":""},"class_list":["post-7678","page","type-page","status-publish","has-post-thumbnail","hentry"],"yoast_head":"<!-- This site is optimized with the Yoast SEO plugin v27.3 - https:\/\/yoast.com\/product\/yoast-seo-wordpress\/ -->\n<title>Los cirujanos pl\u00e1sticos mejor cualificados de Turqu\u00eda<\/title>\n<meta name=\"description\" content=\"Cirujanos est\u00e9ticos Turqu\u00eda Estambul : Polycliniqueplus utiliza cirujanos pl\u00e1sticos cualificados y certificados para ofrecerle un servicio de calidad.\" \/>\n<meta name=\"robots\" content=\"index, follow, max-snippet:-1, max-image-preview:large, max-video-preview:-1\" \/>\n<link rel=\"canonical\" href=\"https:\/\/www.polycliniqueplus.com\/es\/cirujanos\/\" \/>\n<meta property=\"og:locale\" content=\"es_ES\" \/>\n<meta property=\"og:type\" content=\"article\" \/>\n<meta property=\"og:title\" content=\"Los cirujanos pl\u00e1sticos mejor cualificados de Turqu\u00eda\" \/>\n<meta property=\"og:description\" content=\"Cirujanos est\u00e9ticos Turqu\u00eda Estambul : Polycliniqueplus utiliza cirujanos pl\u00e1sticos cualificados y certificados para ofrecerle un servicio de calidad.\" \/>\n<meta property=\"og:url\" content=\"https:\/\/www.polycliniqueplus.com\/es\/cirujanos\/\" \/>\n<meta property=\"og:site_name\" content=\"Chirurgie esthetique Turquie : Prix interventions meilleures cliniques Istanbul\" \/>\n<meta property=\"article:publisher\" content=\"https:\/\/www.facebook.com\/polycliniqueplus\" \/>\n<meta property=\"article:modified_time\" content=\"2025-12-12T11:31:34+00:00\" \/>\n<meta property=\"og:image\" content=\"https:\/\/www.polycliniqueplus.com\/wp-content\/uploads\/2021\/03\/meilleurs-chirurgiens-esthetiques-turquie-2.jpg\" \/>\n\t<meta property=\"og:image:width\" content=\"800\" \/>\n\t<meta property=\"og:image:height\" content=\"385\" \/>\n\t<meta property=\"og:image:type\" content=\"image\/jpeg\" \/>\n<meta name=\"twitter:card\" content=\"summary_large_image\" \/>\n<meta name=\"twitter:site\" content=\"@polyclinique1\" \/>\n<meta name=\"twitter:label1\" content=\"Tiempo de lectura\" \/>\n\t<meta name=\"twitter:data1\" content=\"2 minutos\" \/>\n<script type=\"application\/ld+json\" class=\"yoast-schema-graph\">{\"@context\":\"https:\\\/\\\/schema.org\",\"@graph\":[{\"@type\":\"WebPage\",\"@id\":\"https:\\\/\\\/www.polycliniqueplus.com\\\/es\\\/cirujanos\\\/\",\"url\":\"https:\\\/\\\/www.polycliniqueplus.com\\\/es\\\/cirujanos\\\/\",\"name\":\"Los cirujanos pl\u00e1sticos mejor cualificados de Turqu\u00eda\",\"isPartOf\":{\"@id\":\"https:\\\/\\\/www.polycliniqueplus.com\\\/es\\\/#website\"},\"primaryImageOfPage\":{\"@id\":\"https:\\\/\\\/www.polycliniqueplus.com\\\/es\\\/cirujanos\\\/#primaryimage\"},\"image\":{\"@id\":\"https:\\\/\\\/www.polycliniqueplus.com\\\/es\\\/cirujanos\\\/#primaryimage\"},\"thumbnailUrl\":\"https:\\\/\\\/www.polycliniqueplus.com\\\/wp-content\\\/uploads\\\/2021\\\/03\\\/meilleurs-chirurgiens-esthetiques-turquie-2.jpg\",\"datePublished\":\"2017-06-18T16:35:37+00:00\",\"dateModified\":\"2025-12-12T11:31:34+00:00\",\"description\":\"Cirujanos est\u00e9ticos Turqu\u00eda Estambul : Polycliniqueplus utiliza cirujanos pl\u00e1sticos cualificados y certificados para ofrecerle un servicio de calidad.\",\"breadcrumb\":{\"@id\":\"https:\\\/\\\/www.polycliniqueplus.com\\\/es\\\/cirujanos\\\/#breadcrumb\"},\"inLanguage\":\"es\",\"potentialAction\":[{\"@type\":\"ReadAction\",\"target\":[\"https:\\\/\\\/www.polycliniqueplus.com\\\/es\\\/cirujanos\\\/\"]}]},{\"@type\":\"ImageObject\",\"inLanguage\":\"es\",\"@id\":\"https:\\\/\\\/www.polycliniqueplus.com\\\/es\\\/cirujanos\\\/#primaryimage\",\"url\":\"https:\\\/\\\/www.polycliniqueplus.com\\\/wp-content\\\/uploads\\\/2021\\\/03\\\/meilleurs-chirurgiens-esthetiques-turquie-2.jpg\",\"contentUrl\":\"https:\\\/\\\/www.polycliniqueplus.com\\\/wp-content\\\/uploads\\\/2021\\\/03\\\/meilleurs-chirurgiens-esthetiques-turquie-2.jpg\",\"width\":800,\"height\":385},{\"@type\":\"BreadcrumbList\",\"@id\":\"https:\\\/\\\/www.polycliniqueplus.com\\\/es\\\/cirujanos\\\/#breadcrumb\",\"itemListElement\":[{\"@type\":\"ListItem\",\"position\":1,\"name\":\"Accueil\",\"item\":\"https:\\\/\\\/www.polycliniqueplus.com\\\/es\\\/\"},{\"@type\":\"ListItem\",\"position\":2,\"name\":\"Cirujanos pl\u00e1sticos en Turqu\u00eda\"}]},{\"@type\":\"WebSite\",\"@id\":\"https:\\\/\\\/www.polycliniqueplus.com\\\/es\\\/#website\",\"url\":\"https:\\\/\\\/www.polycliniqueplus.com\\\/es\\\/\",\"name\":\"Chirurgie esthetique Turquie : Prix interventions meilleures cliniques Istanbul\",\"description\":\"Chirurgie esthetique Turquie prix pas cher\",\"publisher\":{\"@id\":\"https:\\\/\\\/www.polycliniqueplus.com\\\/es\\\/#organization\"},\"potentialAction\":[{\"@type\":\"SearchAction\",\"target\":{\"@type\":\"EntryPoint\",\"urlTemplate\":\"https:\\\/\\\/www.polycliniqueplus.com\\\/es\\\/?s={search_term_string}\"},\"query-input\":{\"@type\":\"PropertyValueSpecification\",\"valueRequired\":true,\"valueName\":\"search_term_string\"}}],\"inLanguage\":\"es\"},{\"@type\":\"Organization\",\"@id\":\"https:\\\/\\\/www.polycliniqueplus.com\\\/es\\\/#organization\",\"name\":\"Polycliniqueplus chirurgie esthetique Turquie\",\"url\":\"https:\\\/\\\/www.polycliniqueplus.com\\\/es\\\/\",\"logo\":{\"@type\":\"ImageObject\",\"inLanguage\":\"es\",\"@id\":\"https:\\\/\\\/www.polycliniqueplus.com\\\/es\\\/#\\\/schema\\\/logo\\\/image\\\/\",\"url\":\"https:\\\/\\\/www.polycliniqueplus.com\\\/wp-content\\\/uploads\\\/2021\\\/03\\\/cropped-add-box-fill.png\",\"contentUrl\":\"https:\\\/\\\/www.polycliniqueplus.com\\\/wp-content\\\/uploads\\\/2021\\\/03\\\/cropped-add-box-fill.png\",\"width\":512,\"height\":512,\"caption\":\"Polycliniqueplus chirurgie esthetique Turquie\"},\"image\":{\"@id\":\"https:\\\/\\\/www.polycliniqueplus.com\\\/es\\\/#\\\/schema\\\/logo\\\/image\\\/\"},\"sameAs\":[\"https:\\\/\\\/www.facebook.com\\\/polycliniqueplus\",\"https:\\\/\\\/x.com\\\/polyclinique1\",\"https:\\\/\\\/www.youtube.com\\\/channel\\\/UCAnK3TORJqflIuYGFa-JQDw\"]}]}<\/script>\n<!-- \/ Yoast SEO plugin. -->","yoast_head_json":{"title":"Los cirujanos pl\u00e1sticos mejor cualificados de Turqu\u00eda","description":"Cirujanos est\u00e9ticos Turqu\u00eda Estambul : Polycliniqueplus utiliza cirujanos pl\u00e1sticos cualificados y certificados para ofrecerle un servicio de calidad.","robots":{"index":"index","follow":"follow","max-snippet":"max-snippet:-1","max-image-preview":"max-image-preview:large","max-video-preview":"max-video-preview:-1"},"canonical":"https:\/\/www.polycliniqueplus.com\/es\/cirujanos\/","og_locale":"es_ES","og_type":"article","og_title":"Los cirujanos pl\u00e1sticos mejor cualificados de Turqu\u00eda","og_description":"Cirujanos est\u00e9ticos Turqu\u00eda Estambul : Polycliniqueplus utiliza cirujanos pl\u00e1sticos cualificados y certificados para ofrecerle un servicio de calidad.","og_url":"https:\/\/www.polycliniqueplus.com\/es\/cirujanos\/","og_site_name":"Chirurgie esthetique Turquie : Prix interventions meilleures cliniques Istanbul","article_publisher":"https:\/\/www.facebook.com\/polycliniqueplus","article_modified_time":"2025-12-12T11:31:34+00:00","og_image":[{"width":800,"height":385,"url":"https:\/\/www.polycliniqueplus.com\/wp-content\/uploads\/2021\/03\/meilleurs-chirurgiens-esthetiques-turquie-2.jpg","type":"image\/jpeg"}],"twitter_card":"summary_large_image","twitter_site":"@polyclinique1","twitter_misc":{"Tiempo de lectura":"2 minutos"},"schema":{"@context":"https:\/\/schema.org","@graph":[{"@type":"WebPage","@id":"https:\/\/www.polycliniqueplus.com\/es\/cirujanos\/","url":"https:\/\/www.polycliniqueplus.com\/es\/cirujanos\/","name":"Los cirujanos pl\u00e1sticos mejor cualificados de Turqu\u00eda","isPartOf":{"@id":"https:\/\/www.polycliniqueplus.com\/es\/#website"},"primaryImageOfPage":{"@id":"https:\/\/www.polycliniqueplus.com\/es\/cirujanos\/#primaryimage"},"image":{"@id":"https:\/\/www.polycliniqueplus.com\/es\/cirujanos\/#primaryimage"},"thumbnailUrl":"https:\/\/www.polycliniqueplus.com\/wp-content\/uploads\/2021\/03\/meilleurs-chirurgiens-esthetiques-turquie-2.jpg","datePublished":"2017-06-18T16:35:37+00:00","dateModified":"2025-12-12T11:31:34+00:00","description":"Cirujanos est\u00e9ticos Turqu\u00eda Estambul : Polycliniqueplus utiliza cirujanos pl\u00e1sticos cualificados y certificados para ofrecerle un servicio de calidad.","breadcrumb":{"@id":"https:\/\/www.polycliniqueplus.com\/es\/cirujanos\/#breadcrumb"},"inLanguage":"es","potentialAction":[{"@type":"ReadAction","target":["https:\/\/www.polycliniqueplus.com\/es\/cirujanos\/"]}]},{"@type":"ImageObject","inLanguage":"es","@id":"https:\/\/www.polycliniqueplus.com\/es\/cirujanos\/#primaryimage","url":"https:\/\/www.polycliniqueplus.com\/wp-content\/uploads\/2021\/03\/meilleurs-chirurgiens-esthetiques-turquie-2.jpg","contentUrl":"https:\/\/www.polycliniqueplus.com\/wp-content\/uploads\/2021\/03\/meilleurs-chirurgiens-esthetiques-turquie-2.jpg","width":800,"height":385},{"@type":"BreadcrumbList","@id":"https:\/\/www.polycliniqueplus.com\/es\/cirujanos\/#breadcrumb","itemListElement":[{"@type":"ListItem","position":1,"name":"Accueil","item":"https:\/\/www.polycliniqueplus.com\/es\/"},{"@type":"ListItem","position":2,"name":"Cirujanos pl\u00e1sticos en Turqu\u00eda"}]},{"@type":"WebSite","@id":"https:\/\/www.polycliniqueplus.com\/es\/#website","url":"https:\/\/www.polycliniqueplus.com\/es\/","name":"Chirurgie esthetique Turquie : Prix interventions meilleures cliniques Istanbul","description":"Chirurgie esthetique Turquie prix pas cher","publisher":{"@id":"https:\/\/www.polycliniqueplus.com\/es\/#organization"},"potentialAction":[{"@type":"SearchAction","target":{"@type":"EntryPoint","urlTemplate":"https:\/\/www.polycliniqueplus.com\/es\/?s={search_term_string}"},"query-input":{"@type":"PropertyValueSpecification","valueRequired":true,"valueName":"search_term_string"}}],"inLanguage":"es"},{"@type":"Organization","@id":"https:\/\/www.polycliniqueplus.com\/es\/#organization","name":"Polycliniqueplus chirurgie esthetique Turquie","url":"https:\/\/www.polycliniqueplus.com\/es\/","logo":{"@type":"ImageObject","inLanguage":"es","@id":"https:\/\/www.polycliniqueplus.com\/es\/#\/schema\/logo\/image\/","url":"https:\/\/www.polycliniqueplus.com\/wp-content\/uploads\/2021\/03\/cropped-add-box-fill.png","contentUrl":"https:\/\/www.polycliniqueplus.com\/wp-content\/uploads\/2021\/03\/cropped-add-box-fill.png","width":512,"height":512,"caption":"Polycliniqueplus chirurgie esthetique Turquie"},"image":{"@id":"https:\/\/www.polycliniqueplus.com\/es\/#\/schema\/logo\/image\/"},"sameAs":["https:\/\/www.facebook.com\/polycliniqueplus","https:\/\/x.com\/polyclinique1","https:\/\/www.youtube.com\/channel\/UCAnK3TORJqflIuYGFa-JQDw"]}]}},"_links":{"self":[{"href":"https:\/\/www.polycliniqueplus.com\/es\/wp-json\/wp\/v2\/pages\/7678","targetHints":{"allow":["GET"]}}],"collection":[{"href":"https:\/\/www.polycliniqueplus.com\/es\/wp-json\/wp\/v2\/pages"}],"about":[{"href":"https:\/\/www.polycliniqueplus.com\/es\/wp-json\/wp\/v2\/types\/page"}],"author":[{"embeddable":true,"href":"https:\/\/www.polycliniqueplus.com\/es\/wp-json\/wp\/v2\/users\/1"}],"replies":[{"embeddable":true,"href":"https:\/\/www.polycliniqueplus.com\/es\/wp-json\/wp\/v2\/comments?post=7678"}],"version-history":[{"count":24,"href":"https:\/\/www.polycliniqueplus.com\/es\/wp-json\/wp\/v2\/pages\/7678\/revisions"}],"predecessor-version":[{"id":32856,"href":"https:\/\/www.polycliniqueplus.com\/es\/wp-json\/wp\/v2\/pages\/7678\/revisions\/32856"}],"wp:featuredmedia":[{"embeddable":true,"href":"https:\/\/www.polycliniqueplus.com\/es\/wp-json\/wp\/v2\/media\/12118"}],"wp:attachment":[{"href":"https:\/\/www.polycliniqueplus.com\/es\/wp-json\/wp\/v2\/media?parent=7678"}],"curies":[{"name":"wp","href":"https:\/\/api.w.org\/{rel}","templated":true}]}}