{"id":32004,"date":"2025-11-26T10:06:38","date_gmt":"2025-11-26T09:06:38","guid":{"rendered":"https:\/\/www.polycliniqueplus.com\/dr-orhan-fahri-demir\/"},"modified":"2025-11-26T11:56:17","modified_gmt":"2025-11-26T10:56:17","slug":"dr-orhan-fahri-demir","status":"publish","type":"page","link":"https:\/\/www.polycliniqueplus.com\/es\/dr-orhan-fahri-demir\/","title":{"rendered":"DR. ORHAN FAHRI DEMIR Cirujano pl\u00e1stico y est\u00e9tico"},"content":{"rendered":"<div data-elementor-type=\"wp-page\" data-elementor-id=\"32004\" class=\"elementor elementor-32004 elementor-31911\" data-elementor-settings=\"{&quot;ha_cmc_init_switcher&quot;:&quot;no&quot;}\">\n\t\t\t\t\t\t<section class=\"elementor-section elementor-top-section elementor-element elementor-element-8987fe9 elementor-section-boxed elementor-section-height-default elementor-section-height-default\" data-id=\"8987fe9\" data-element_type=\"section\" data-settings=\"{&quot;_ha_eqh_enable&quot;:false}\">\n\t\t\t\t\t\t<div class=\"elementor-container elementor-column-gap-default\">\n\t\t\t\t\t<div class=\"elementor-column elementor-col-50 elementor-top-column elementor-element elementor-element-e4c6f1c\" data-id=\"e4c6f1c\" data-element_type=\"column\">\n\t\t\t<div class=\"elementor-widget-wrap elementor-element-populated\">\n\t\t\t\t\t\t<div class=\"elementor-element elementor-element-227fb26 elementor-widget elementor-widget-text-editor\" data-id=\"227fb26\" data-element_type=\"widget\" data-widget_type=\"text-editor.default\">\n\t\t\t\t<div class=\"elementor-widget-container\">\n\t\t\t\t\t\t\t<h2><strong>Dr. Orhan Fahri<\/strong> Cirujano Pl\u00e1stico, Est\u00e9tico y Reconstructor<\/h2><h3>ACERCA DE<\/h3><p>Cirujano pl\u00e1stico altamente calificado con m\u00e1s de 8 a\u00f1os de experiencia cl\u00ednica y acad\u00e9mica en cirug\u00eda est\u00e9tica, reconstructiva y microcirug\u00eda.<br>Especialista reconocido en los campos de la cirug\u00eda facial, la reconstrucci\u00f3n de anomal\u00edas craneofaciales y las intervenciones de microcirug\u00eda compleja.<\/p><blockquote><p><em><strong>Compromiso con la excelencia cl\u00ednica y la innovaci\u00f3n quir\u00fargica.<\/strong><\/em><\/p><\/blockquote><p style=\"text-align: center;\"><a class=\"maxbutton-11 maxbutton maxbutton-es\" href=\"https:\/\/api.whatsapp.com\/send?phone=+33635235712&amp;&amp;text=Hola,%20%C2%A1me%20gustar%C3%ADa%20conocer%20su%20trabajo%20y%20sus%20precios%20!\"><span class=\"mb-text\">Agendar Cita<\/span><\/a><\/p>\t\t\t\t\t\t<\/div>\n\t\t\t\t<\/div>\n\t\t\t\t\t<\/div>\n\t\t<\/div>\n\t\t\t\t<div class=\"elementor-column elementor-col-50 elementor-top-column elementor-element elementor-element-e1ac8f9\" data-id=\"e1ac8f9\" data-element_type=\"column\">\n\t\t\t<div class=\"elementor-widget-wrap elementor-element-populated\">\n\t\t\t\t\t\t<div class=\"elementor-element elementor-element-c939330 elementor-widget elementor-widget-image\" data-id=\"c939330\" data-element_type=\"widget\" data-widget_type=\"image.default\">\n\t\t\t\t<div class=\"elementor-widget-container\">\n\t\t\t\t\t\t\t\t\t\t\t\t\t<noscript><img fetchpriority=\"high\" decoding=\"async\" width=\"640\" height=\"883\" src=\"https:\/\/www.polycliniqueplus.com\/wp-content\/uploads\/2025\/11\/Dr-Orhan-Fahri-Demir-742x1024.jpeg\" class=\"attachment-large size-large wp-image-31917\" alt srcset=\"https:\/\/www.polycliniqueplus.com\/wp-content\/uploads\/2025\/11\/Dr-Orhan-Fahri-Demir-742x1024.jpeg 742w, https:\/\/www.polycliniqueplus.com\/wp-content\/uploads\/2025\/11\/Dr-Orhan-Fahri-Demir-217x300.jpeg 217w, https:\/\/www.polycliniqueplus.com\/wp-content\/uploads\/2025\/11\/Dr-Orhan-Fahri-Demir-768x1061.jpeg 768w, https:\/\/www.polycliniqueplus.com\/wp-content\/uploads\/2025\/11\/Dr-Orhan-Fahri-Demir.jpeg 869w\" sizes=\"(max-width: 640px) 100vw, 640px\"><\/noscript><img fetchpriority=\"high\" decoding=\"async\" width=\"640\" height=\"883\" src=\"data:image\/svg+xml,%3Csvg%20xmlns%3D%22http%3A%2F%2Fwww.w3.org%2F2000%2Fsvg%22%20viewBox%3D%220%200%20640%20883%22%3E%3C%2Fsvg%3E\" class=\"attachment-large size-large wp-image-31917 lazyload\" alt srcset=\"data:image\/svg+xml,%3Csvg%20xmlns%3D%22http%3A%2F%2Fwww.w3.org%2F2000%2Fsvg%22%20viewBox%3D%220%200%20640%20883%22%3E%3C%2Fsvg%3E 640w\" sizes=\"(max-width: 640px) 100vw, 640px\" data-srcset=\"https:\/\/www.polycliniqueplus.com\/wp-content\/uploads\/2025\/11\/Dr-Orhan-Fahri-Demir-742x1024.jpeg 742w, https:\/\/www.polycliniqueplus.com\/wp-content\/uploads\/2025\/11\/Dr-Orhan-Fahri-Demir-217x300.jpeg 217w, https:\/\/www.polycliniqueplus.com\/wp-content\/uploads\/2025\/11\/Dr-Orhan-Fahri-Demir-768x1061.jpeg 768w, https:\/\/www.polycliniqueplus.com\/wp-content\/uploads\/2025\/11\/Dr-Orhan-Fahri-Demir.jpeg 869w\" data-src=\"https:\/\/www.polycliniqueplus.com\/wp-content\/uploads\/2025\/11\/Dr-Orhan-Fahri-Demir-742x1024.jpeg\">\t\t\t\t\t\t\t\t\t\t\t\t\t<\/div>\n\t\t\t\t<\/div>\n\t\t\t\t\t<\/div>\n\t\t<\/div>\n\t\t\t\t\t<\/div>\n\t\t<\/section>\n\t\t\t\t<section class=\"elementor-section elementor-top-section elementor-element elementor-element-34f8a4a elementor-section-boxed elementor-section-height-default elementor-section-height-default\" data-id=\"34f8a4a\" data-element_type=\"section\" data-settings=\"{&quot;_ha_eqh_enable&quot;:false}\">\n\t\t\t\t\t\t<div class=\"elementor-container elementor-column-gap-default\">\n\t\t\t\t\t<div class=\"elementor-column elementor-col-100 elementor-top-column elementor-element elementor-element-352ff4f\" data-id=\"352ff4f\" data-element_type=\"column\">\n\t\t\t<div class=\"elementor-widget-wrap elementor-element-populated\">\n\t\t\t\t\t\t<div class=\"elementor-element elementor-element-6cdd9e0 elementor-widget elementor-widget-text-editor\" data-id=\"6cdd9e0\" data-element_type=\"widget\" data-widget_type=\"text-editor.default\">\n\t\t\t\t<div class=\"elementor-widget-container\">\n\t\t\t\t\t\t\t<h2>EXPERIENCIA PROFESIONAL<\/h2>\n<h5><strong>Especialista en Cirug\u00eda Est\u00e9tica, Pl\u00e1stica y Reconstructora Hospital Memorial Bah\u00e7elevler, Estambul 2025 &#8211; Presente<\/strong><\/h5>\nDirecci\u00f3n y supervisi\u00f3n de intervenciones quir\u00fargicas pl\u00e1sticas. Gesti\u00f3n de casos complejos en reconstrucci\u00f3n facial. Ense\u00f1anza cl\u00ednica a residentes. Participaci\u00f3n activa en avances en cirug\u00eda pl\u00e1stica y est\u00e9tica.\n<h5><strong>Cirujano Pl\u00e1stico Especialista Hospital IS\u00dc Bah\u00e7e\u015fehir LIV, Estambul 2023 &#8211; 2025<\/strong><\/h5>\nRealizaci\u00f3n de intervenciones quir\u00fargicas en cirug\u00eda pl\u00e1stica y est\u00e9tica. Atenci\u00f3n de pacientes en reconstrucci\u00f3n post-traum\u00e1tica. Colaboraci\u00f3n multidisciplinaria en unidades especializadas.\n<h5><strong>Cirujano Pl\u00e1stico Hospital de Formaci\u00f3n e Investigaci\u00f3n de Ad\u0131yaman, Ad\u0131yaman 2021 &#8211; 2023<\/strong><\/h5>\nGesti\u00f3n de casos quir\u00fargicos complejos. Intervenciones en cirug\u00eda reconstructora y est\u00e9tica. Participaci\u00f3n en programas de formaci\u00f3n m\u00e9dica.\n<h5><strong>Cirujano Pl\u00e1stico Hospital IS\u00dc Bah\u00e7e\u015fehir LIV, Estambul 2021 &#8211; 2023<\/strong><\/h5>\nEspecializaci\u00f3n avanzada en cirug\u00eda pl\u00e1stica y reconstructora.\n<h5><strong>Internado en Cirug\u00eda Pl\u00e1stica, Reconstructora y Est\u00e9tica Hospital de la Facultad de Medicina de la Universidad Ege, Esmirna 2009 &#8211; 2016<\/strong><\/h5>\nFormaci\u00f3n intensiva en cirug\u00eda pl\u00e1stica. Adquisici\u00f3n de habilidades quir\u00fargicas avanzadas. Participaci\u00f3n en intervenciones especializadas y proyectos de investigaci\u00f3n.\n<h5><strong>M\u00e9dico General &#8211; Servicio de Urgencias Hospital P\u00fablico de Nev\u015fehir 2016<\/strong><\/h5>\n<h2>FORMACI\u00d3N ACAD\u00c9MICA<\/h2>\n<strong>Diploma de Medicina Universidad Gazi, Facultad de Medicina, Ankara, Turqu\u00eda 2009 &#8211; 2016<\/strong>\n<ul>\n \t<li>Formaci\u00f3n m\u00e9dica completa con especializaci\u00f3n progresiva en cirug\u00eda pl\u00e1stica y reconstructora.<\/li>\n<\/ul>\n<h2>CERTIFICACIONES Y FORMACIONES ESPECIALIZADAS<\/h2>\n<ul>\n \t<li>Cirug\u00edas Reconstructoras Pedi\u00e1tricas &#8211; Ni\u00f1os Uzbekos-Coreanos (Misi\u00f3n Ben\u00e9fica, 2024)<\/li>\n \t<li>Curso Cadav\u00e9rico: Anomal\u00edas Craneofaciales y Fracturas de Huesos Faciales (2022)<\/li>\n \t<li>Certificado de Residencia en Cirug\u00eda Pl\u00e1stica &#8211; Sociedad Turca de Cirug\u00eda Pl\u00e1stica, Reconstructora y Est\u00e9tica (2020)<\/li>\n \t<li>Formaci\u00f3n sobre Animales de Experimentaci\u00f3n (2020)<\/li>\n \t<li>Certificado de Microcirug\u00eda B\u00e1sica &#8211; Sociedad Turca de Microcirug\u00eda Reconstructora (2018)<\/li>\n<\/ul>\n<h2>CONGRESOS Y PRESENTACIONES CIENT\u00cdFICAS<\/h2>\n<ul>\n \t<li>Congreso Internacional de Cirug\u00eda Pl\u00e1stica 2024, Sarajevo &#8211; Conferencista<\/li>\n \t<li>Congreso Lifting Facial 2024, Azerbaiy\u00e1n &#8211; Conferencista<\/li>\n \t<li>Congreso \u00abNuevos Enfoques en Tumores de Cabeza y Cuello\u00bb 2023, Uzbekist\u00e1n &#8211; Conferencista<\/li>\n \t<li>46\u00ba Curso de Microcirug\u00eda 2023 &#8211; Instructor<\/li>\n \t<li>9\u00ba Congreso Nacional de Microcirug\u00eda Reconstructora &amp; 2\u00ba Congreso Nacional de Cirug\u00eda de Urgencia de la Mano y Microcirug\u00eda (2022)<\/li>\n \t<li>11\u00ba Congreso de Rinoplastia y 4\u00ba Congreso de Cirug\u00eda Est\u00e9tica Facial (2018)<\/li>\n \t<li>Reuni\u00f3n Regional de Reconstrucci\u00f3n Facial y de la Oreja (2019)<\/li>\n \t<li>XXI Jornadas Ege de Oncolog\u00eda &#8211; Simposio Melanoma y C\u00e1ncer de Piel No Melanoma (2017)<\/li>\n<\/ul>\n<h2>COMPETENCIAS PROFESIONALES<\/h2>\n<ul>\n \t<li>Cirug\u00eda Est\u00e9tica Facial (<a href=\"https:\/\/www.polycliniqueplus.com\/blog\/nez-de-barbie-en-turquie\/\">Rinoplastia<\/a>, Lifting, <a href=\"https:\/\/www.polycliniqueplus.com\/blepharoplastie-turquie\/\">Blefaroplastia<\/a>)<\/li>\n \t<li>Reconstrucci\u00f3n de Anomal\u00edas Craneofaciales<\/li>\n \t<li>Microcirug\u00eda Reconstructora<\/li>\n \t<li>Cirug\u00eda de Fracturas Faciales y \u00d3seas<\/li>\n \t<li>Cirug\u00eda Oncol\u00f3gica y Reconstrucci\u00f3n Post-Tumoral<\/li>\n \t<li>Cirug\u00eda de la Mano y Extremidades<\/li>\n \t<li>Gesti\u00f3n de Quemaduras y Reconstrucci\u00f3n<\/li>\n \t<li>Ense\u00f1anza M\u00e9dica y Formaci\u00f3n de Residentes<\/li>\n<\/ul>\n<h2>AFILIACIONES PROFESIONALES<\/h2>\n<ul>\n \t<li>Sociedad Turca de Cirug\u00eda Pl\u00e1stica, Reconstructora y Est\u00e9tica<\/li>\n \t<li>Sociedad Turca de Microcirug\u00eda Reconstructora<\/li>\n \t<li>Asociaciones M\u00e9dicas Internacionales de Cirug\u00eda Pl\u00e1stica.<\/li>\n<\/ul>\t\t\t\t\t\t<\/div>\n\t\t\t\t<\/div>\n\t\t\t\t\t<\/div>\n\t\t<\/div>\n\t\t\t\t\t<\/div>\n\t\t<\/section>\n\t\t\t\t<section class=\"elementor-section elementor-top-section elementor-element elementor-element-4f30d53 elementor-section-boxed elementor-section-height-default elementor-section-height-default\" data-id=\"4f30d53\" data-element_type=\"section\" data-settings=\"{&quot;_ha_eqh_enable&quot;:false}\">\n\t\t\t\t\t\t<div class=\"elementor-container elementor-column-gap-default\">\n\t\t\t\t\t<div class=\"elementor-column elementor-col-100 elementor-top-column elementor-element elementor-element-a4b5ac9\" data-id=\"a4b5ac9\" data-element_type=\"column\">\n\t\t\t<div class=\"elementor-widget-wrap elementor-element-populated\">\n\t\t\t\t\t\t<div class=\"elementor-element elementor-element-70c3a30 elementor-widget elementor-widget-text-editor\" data-id=\"70c3a30\" data-element_type=\"widget\" data-widget_type=\"text-editor.default\">\n\t\t\t\t<div class=\"elementor-widget-container\">\n\t\t\t\t\t\t\t<p style=\"text-align: center;\"><a class=\"maxbutton-11 maxbutton maxbutton-es\" href=\"https:\/\/api.whatsapp.com\/send?phone=+33635235712&amp;&amp;text=Hola,%20%C2%A1me%20gustar%C3%ADa%20conocer%20su%20trabajo%20y%20sus%20precios%20!\"><span class=\"mb-text\">Contatta il Dott. Orhan<\/span><\/a><\/p>\t\t\t\t\t\t<\/div>\n\t\t\t\t<\/div>\n\t\t\t\t\t<\/div>\n\t\t<\/div>\n\t\t\t\t\t<\/div>\n\t\t<\/section>\n\t\t\t\t<\/div>\n\t\t","protected":false},"excerpt":{"rendered":"<p>Dr. Orhan Fahri Cirujano Pl\u00e1stico, Est\u00e9tico y Reconstructor ACERCA DE Cirujano pl\u00e1stico altamente calificado con m\u00e1s de 8 a\u00f1os de experiencia cl\u00ednica y acad\u00e9mica en cirug\u00eda est\u00e9tica, reconstructiva y microcirug\u00eda. Especialista reconocido en los campos de la cirug\u00eda facial, la reconstrucci\u00f3n de anomal\u00edas craneofaciales y las intervenciones de microcirug\u00eda compleja. Compromiso con la excelencia cl\u00ednica [&hellip;]<\/p>\n","protected":false},"author":1,"featured_media":31917,"parent":0,"menu_order":0,"comment_status":"closed","ping_status":"closed","template":"","meta":{"footnotes":""},"class_list":["post-32004","page","type-page","status-publish","has-post-thumbnail","hentry"],"yoast_head":"<!-- This site is optimized with the Yoast SEO plugin v27.3 - https:\/\/yoast.com\/product\/yoast-seo-wordpress\/ -->\n<title>DR. ORHAN FAHRI DEMIR Cirujano pl\u00e1stico y est\u00e9tico Turqu\u00eda<\/title>\n<meta name=\"description\" content=\"DR. ORHAN FAHRI DEMIR Cirujano pl\u00e1stico altamente calificado con a\u00f1os de experiencia cl\u00ednica y acad\u00e9mica en cirug\u00eda cosm\u00e9tica, reconstructiva y microcirug\u00eda.\" \/>\n<meta name=\"robots\" content=\"index, follow, max-snippet:-1, max-image-preview:large, max-video-preview:-1\" \/>\n<link rel=\"canonical\" href=\"https:\/\/www.polycliniqueplus.com\/es\/dr-orhan-fahri-demir\/\" \/>\n<meta property=\"og:locale\" content=\"es_ES\" \/>\n<meta property=\"og:type\" content=\"article\" \/>\n<meta property=\"og:title\" content=\"DR. ORHAN FAHRI DEMIR Cirujano pl\u00e1stico y est\u00e9tico Turqu\u00eda\" \/>\n<meta property=\"og:description\" content=\"DR. ORHAN FAHRI DEMIR Cirujano pl\u00e1stico altamente calificado con a\u00f1os de experiencia cl\u00ednica y acad\u00e9mica en cirug\u00eda cosm\u00e9tica, reconstructiva y microcirug\u00eda.\" \/>\n<meta property=\"og:url\" content=\"https:\/\/www.polycliniqueplus.com\/es\/dr-orhan-fahri-demir\/\" \/>\n<meta property=\"og:site_name\" content=\"Chirurgie esthetique Turquie : Prix interventions meilleures cliniques Istanbul\" \/>\n<meta property=\"article:publisher\" content=\"https:\/\/www.facebook.com\/polycliniqueplus\" \/>\n<meta property=\"article:modified_time\" content=\"2025-11-26T10:56:17+00:00\" \/>\n<meta property=\"og:image\" content=\"https:\/\/www.polycliniqueplus.com\/wp-content\/uploads\/2025\/11\/Dr-Orhan-Fahri-Demir.jpeg\" \/>\n\t<meta property=\"og:image:width\" content=\"869\" \/>\n\t<meta property=\"og:image:height\" content=\"1200\" \/>\n\t<meta property=\"og:image:type\" content=\"image\/jpeg\" \/>\n<meta name=\"twitter:card\" content=\"summary_large_image\" \/>\n<meta name=\"twitter:site\" content=\"@polyclinique1\" \/>\n<meta name=\"twitter:label1\" content=\"Tiempo de lectura\" \/>\n\t<meta name=\"twitter:data1\" content=\"3 minutos\" \/>\n<script type=\"application\/ld+json\" class=\"yoast-schema-graph\">{\"@context\":\"https:\\\/\\\/schema.org\",\"@graph\":[{\"@type\":\"WebPage\",\"@id\":\"https:\\\/\\\/www.polycliniqueplus.com\\\/es\\\/dr-orhan-fahri-demir\\\/\",\"url\":\"https:\\\/\\\/www.polycliniqueplus.com\\\/es\\\/dr-orhan-fahri-demir\\\/\",\"name\":\"DR. ORHAN FAHRI DEMIR Cirujano pl\u00e1stico y est\u00e9tico Turqu\u00eda\",\"isPartOf\":{\"@id\":\"https:\\\/\\\/www.polycliniqueplus.com\\\/es\\\/#website\"},\"primaryImageOfPage\":{\"@id\":\"https:\\\/\\\/www.polycliniqueplus.com\\\/es\\\/dr-orhan-fahri-demir\\\/#primaryimage\"},\"image\":{\"@id\":\"https:\\\/\\\/www.polycliniqueplus.com\\\/es\\\/dr-orhan-fahri-demir\\\/#primaryimage\"},\"thumbnailUrl\":\"https:\\\/\\\/www.polycliniqueplus.com\\\/wp-content\\\/uploads\\\/2025\\\/11\\\/Dr-Orhan-Fahri-Demir.jpeg\",\"datePublished\":\"2025-11-26T09:06:38+00:00\",\"dateModified\":\"2025-11-26T10:56:17+00:00\",\"description\":\"DR. ORHAN FAHRI DEMIR Cirujano pl\u00e1stico altamente calificado con a\u00f1os de experiencia cl\u00ednica y acad\u00e9mica en cirug\u00eda cosm\u00e9tica, reconstructiva y microcirug\u00eda.\",\"breadcrumb\":{\"@id\":\"https:\\\/\\\/www.polycliniqueplus.com\\\/es\\\/dr-orhan-fahri-demir\\\/#breadcrumb\"},\"inLanguage\":\"es\",\"potentialAction\":[{\"@type\":\"ReadAction\",\"target\":[\"https:\\\/\\\/www.polycliniqueplus.com\\\/es\\\/dr-orhan-fahri-demir\\\/\"]}]},{\"@type\":\"ImageObject\",\"inLanguage\":\"es\",\"@id\":\"https:\\\/\\\/www.polycliniqueplus.com\\\/es\\\/dr-orhan-fahri-demir\\\/#primaryimage\",\"url\":\"https:\\\/\\\/www.polycliniqueplus.com\\\/wp-content\\\/uploads\\\/2025\\\/11\\\/Dr-Orhan-Fahri-Demir.jpeg\",\"contentUrl\":\"https:\\\/\\\/www.polycliniqueplus.com\\\/wp-content\\\/uploads\\\/2025\\\/11\\\/Dr-Orhan-Fahri-Demir.jpeg\",\"width\":869,\"height\":1200},{\"@type\":\"BreadcrumbList\",\"@id\":\"https:\\\/\\\/www.polycliniqueplus.com\\\/es\\\/dr-orhan-fahri-demir\\\/#breadcrumb\",\"itemListElement\":[{\"@type\":\"ListItem\",\"position\":1,\"name\":\"Accueil\",\"item\":\"https:\\\/\\\/www.polycliniqueplus.com\\\/es\\\/\"},{\"@type\":\"ListItem\",\"position\":2,\"name\":\"DR. ORHAN FAHRI DEMIR Cirujano pl\u00e1stico y est\u00e9tico\"}]},{\"@type\":\"WebSite\",\"@id\":\"https:\\\/\\\/www.polycliniqueplus.com\\\/es\\\/#website\",\"url\":\"https:\\\/\\\/www.polycliniqueplus.com\\\/es\\\/\",\"name\":\"Chirurgie esthetique Turquie : Prix interventions meilleures cliniques Istanbul\",\"description\":\"Chirurgie esthetique Turquie prix pas cher\",\"publisher\":{\"@id\":\"https:\\\/\\\/www.polycliniqueplus.com\\\/es\\\/#organization\"},\"potentialAction\":[{\"@type\":\"SearchAction\",\"target\":{\"@type\":\"EntryPoint\",\"urlTemplate\":\"https:\\\/\\\/www.polycliniqueplus.com\\\/es\\\/?s={search_term_string}\"},\"query-input\":{\"@type\":\"PropertyValueSpecification\",\"valueRequired\":true,\"valueName\":\"search_term_string\"}}],\"inLanguage\":\"es\"},{\"@type\":\"Organization\",\"@id\":\"https:\\\/\\\/www.polycliniqueplus.com\\\/es\\\/#organization\",\"name\":\"Polycliniqueplus chirurgie esthetique Turquie\",\"url\":\"https:\\\/\\\/www.polycliniqueplus.com\\\/es\\\/\",\"logo\":{\"@type\":\"ImageObject\",\"inLanguage\":\"es\",\"@id\":\"https:\\\/\\\/www.polycliniqueplus.com\\\/es\\\/#\\\/schema\\\/logo\\\/image\\\/\",\"url\":\"https:\\\/\\\/www.polycliniqueplus.com\\\/wp-content\\\/uploads\\\/2021\\\/03\\\/cropped-add-box-fill.png\",\"contentUrl\":\"https:\\\/\\\/www.polycliniqueplus.com\\\/wp-content\\\/uploads\\\/2021\\\/03\\\/cropped-add-box-fill.png\",\"width\":512,\"height\":512,\"caption\":\"Polycliniqueplus chirurgie esthetique Turquie\"},\"image\":{\"@id\":\"https:\\\/\\\/www.polycliniqueplus.com\\\/es\\\/#\\\/schema\\\/logo\\\/image\\\/\"},\"sameAs\":[\"https:\\\/\\\/www.facebook.com\\\/polycliniqueplus\",\"https:\\\/\\\/x.com\\\/polyclinique1\",\"https:\\\/\\\/www.youtube.com\\\/channel\\\/UCAnK3TORJqflIuYGFa-JQDw\"]}]}<\/script>\n<!-- \/ Yoast SEO plugin. -->","yoast_head_json":{"title":"DR. ORHAN FAHRI DEMIR Cirujano pl\u00e1stico y est\u00e9tico Turqu\u00eda","description":"DR. ORHAN FAHRI DEMIR Cirujano pl\u00e1stico altamente calificado con a\u00f1os de experiencia cl\u00ednica y acad\u00e9mica en cirug\u00eda cosm\u00e9tica, reconstructiva y microcirug\u00eda.","robots":{"index":"index","follow":"follow","max-snippet":"max-snippet:-1","max-image-preview":"max-image-preview:large","max-video-preview":"max-video-preview:-1"},"canonical":"https:\/\/www.polycliniqueplus.com\/es\/dr-orhan-fahri-demir\/","og_locale":"es_ES","og_type":"article","og_title":"DR. ORHAN FAHRI DEMIR Cirujano pl\u00e1stico y est\u00e9tico Turqu\u00eda","og_description":"DR. ORHAN FAHRI DEMIR Cirujano pl\u00e1stico altamente calificado con a\u00f1os de experiencia cl\u00ednica y acad\u00e9mica en cirug\u00eda cosm\u00e9tica, reconstructiva y microcirug\u00eda.","og_url":"https:\/\/www.polycliniqueplus.com\/es\/dr-orhan-fahri-demir\/","og_site_name":"Chirurgie esthetique Turquie : Prix interventions meilleures cliniques Istanbul","article_publisher":"https:\/\/www.facebook.com\/polycliniqueplus","article_modified_time":"2025-11-26T10:56:17+00:00","og_image":[{"width":869,"height":1200,"url":"https:\/\/www.polycliniqueplus.com\/wp-content\/uploads\/2025\/11\/Dr-Orhan-Fahri-Demir.jpeg","type":"image\/jpeg"}],"twitter_card":"summary_large_image","twitter_site":"@polyclinique1","twitter_misc":{"Tiempo de lectura":"3 minutos"},"schema":{"@context":"https:\/\/schema.org","@graph":[{"@type":"WebPage","@id":"https:\/\/www.polycliniqueplus.com\/es\/dr-orhan-fahri-demir\/","url":"https:\/\/www.polycliniqueplus.com\/es\/dr-orhan-fahri-demir\/","name":"DR. ORHAN FAHRI DEMIR Cirujano pl\u00e1stico y est\u00e9tico Turqu\u00eda","isPartOf":{"@id":"https:\/\/www.polycliniqueplus.com\/es\/#website"},"primaryImageOfPage":{"@id":"https:\/\/www.polycliniqueplus.com\/es\/dr-orhan-fahri-demir\/#primaryimage"},"image":{"@id":"https:\/\/www.polycliniqueplus.com\/es\/dr-orhan-fahri-demir\/#primaryimage"},"thumbnailUrl":"https:\/\/www.polycliniqueplus.com\/wp-content\/uploads\/2025\/11\/Dr-Orhan-Fahri-Demir.jpeg","datePublished":"2025-11-26T09:06:38+00:00","dateModified":"2025-11-26T10:56:17+00:00","description":"DR. ORHAN FAHRI DEMIR Cirujano pl\u00e1stico altamente calificado con a\u00f1os de experiencia cl\u00ednica y acad\u00e9mica en cirug\u00eda cosm\u00e9tica, reconstructiva y microcirug\u00eda.","breadcrumb":{"@id":"https:\/\/www.polycliniqueplus.com\/es\/dr-orhan-fahri-demir\/#breadcrumb"},"inLanguage":"es","potentialAction":[{"@type":"ReadAction","target":["https:\/\/www.polycliniqueplus.com\/es\/dr-orhan-fahri-demir\/"]}]},{"@type":"ImageObject","inLanguage":"es","@id":"https:\/\/www.polycliniqueplus.com\/es\/dr-orhan-fahri-demir\/#primaryimage","url":"https:\/\/www.polycliniqueplus.com\/wp-content\/uploads\/2025\/11\/Dr-Orhan-Fahri-Demir.jpeg","contentUrl":"https:\/\/www.polycliniqueplus.com\/wp-content\/uploads\/2025\/11\/Dr-Orhan-Fahri-Demir.jpeg","width":869,"height":1200},{"@type":"BreadcrumbList","@id":"https:\/\/www.polycliniqueplus.com\/es\/dr-orhan-fahri-demir\/#breadcrumb","itemListElement":[{"@type":"ListItem","position":1,"name":"Accueil","item":"https:\/\/www.polycliniqueplus.com\/es\/"},{"@type":"ListItem","position":2,"name":"DR. ORHAN FAHRI DEMIR Cirujano pl\u00e1stico y est\u00e9tico"}]},{"@type":"WebSite","@id":"https:\/\/www.polycliniqueplus.com\/es\/#website","url":"https:\/\/www.polycliniqueplus.com\/es\/","name":"Chirurgie esthetique Turquie : Prix interventions meilleures cliniques Istanbul","description":"Chirurgie esthetique Turquie prix pas cher","publisher":{"@id":"https:\/\/www.polycliniqueplus.com\/es\/#organization"},"potentialAction":[{"@type":"SearchAction","target":{"@type":"EntryPoint","urlTemplate":"https:\/\/www.polycliniqueplus.com\/es\/?s={search_term_string}"},"query-input":{"@type":"PropertyValueSpecification","valueRequired":true,"valueName":"search_term_string"}}],"inLanguage":"es"},{"@type":"Organization","@id":"https:\/\/www.polycliniqueplus.com\/es\/#organization","name":"Polycliniqueplus chirurgie esthetique Turquie","url":"https:\/\/www.polycliniqueplus.com\/es\/","logo":{"@type":"ImageObject","inLanguage":"es","@id":"https:\/\/www.polycliniqueplus.com\/es\/#\/schema\/logo\/image\/","url":"https:\/\/www.polycliniqueplus.com\/wp-content\/uploads\/2021\/03\/cropped-add-box-fill.png","contentUrl":"https:\/\/www.polycliniqueplus.com\/wp-content\/uploads\/2021\/03\/cropped-add-box-fill.png","width":512,"height":512,"caption":"Polycliniqueplus chirurgie esthetique Turquie"},"image":{"@id":"https:\/\/www.polycliniqueplus.com\/es\/#\/schema\/logo\/image\/"},"sameAs":["https:\/\/www.facebook.com\/polycliniqueplus","https:\/\/x.com\/polyclinique1","https:\/\/www.youtube.com\/channel\/UCAnK3TORJqflIuYGFa-JQDw"]}]}},"_links":{"self":[{"href":"https:\/\/www.polycliniqueplus.com\/es\/wp-json\/wp\/v2\/pages\/32004","targetHints":{"allow":["GET"]}}],"collection":[{"href":"https:\/\/www.polycliniqueplus.com\/es\/wp-json\/wp\/v2\/pages"}],"about":[{"href":"https:\/\/www.polycliniqueplus.com\/es\/wp-json\/wp\/v2\/types\/page"}],"author":[{"embeddable":true,"href":"https:\/\/www.polycliniqueplus.com\/es\/wp-json\/wp\/v2\/users\/1"}],"replies":[{"embeddable":true,"href":"https:\/\/www.polycliniqueplus.com\/es\/wp-json\/wp\/v2\/comments?post=32004"}],"version-history":[{"count":11,"href":"https:\/\/www.polycliniqueplus.com\/es\/wp-json\/wp\/v2\/pages\/32004\/revisions"}],"predecessor-version":[{"id":32039,"href":"https:\/\/www.polycliniqueplus.com\/es\/wp-json\/wp\/v2\/pages\/32004\/revisions\/32039"}],"wp:featuredmedia":[{"embeddable":true,"href":"https:\/\/www.polycliniqueplus.com\/es\/wp-json\/wp\/v2\/media\/31917"}],"wp:attachment":[{"href":"https:\/\/www.polycliniqueplus.com\/es\/wp-json\/wp\/v2\/media?parent=32004"}],"curies":[{"name":"wp","href":"https:\/\/api.w.org\/{rel}","templated":true}]}}