{"id":31617,"date":"2025-11-14T10:01:43","date_gmt":"2025-11-14T09:01:43","guid":{"rendered":"https:\/\/www.polycliniqueplus.com\/dr-tolgahan-alpaydin\/"},"modified":"2025-11-14T10:56:22","modified_gmt":"2025-11-14T09:56:22","slug":"dr-tolgahan-alpaydin","status":"publish","type":"page","link":"https:\/\/www.polycliniqueplus.com\/es\/dr-tolgahan-alpaydin\/","title":{"rendered":"Dr. Tolgahan ALPAYDIN Cirujano Pl\u00e1stico y Reconstructivo Esmirna, Turqu\u00eda"},"content":{"rendered":"<div data-elementor-type=\"wp-page\" data-elementor-id=\"31617\" class=\"elementor elementor-31617 elementor-31586\" data-elementor-settings=\"{&quot;ha_cmc_init_switcher&quot;:&quot;no&quot;}\">\n\t\t\t\t\t\t<section class=\"elementor-section elementor-top-section elementor-element elementor-element-a76819e elementor-section-boxed elementor-section-height-default elementor-section-height-default\" data-id=\"a76819e\" data-element_type=\"section\" data-settings=\"{&quot;_ha_eqh_enable&quot;:false}\">\n\t\t\t\t\t\t<div class=\"elementor-container elementor-column-gap-default\">\n\t\t\t\t\t<div class=\"elementor-column elementor-col-33 elementor-top-column elementor-element elementor-element-6e3e5e2\" data-id=\"6e3e5e2\" data-element_type=\"column\">\n\t\t\t<div class=\"elementor-widget-wrap elementor-element-populated\">\n\t\t\t\t\t\t<div class=\"elementor-element elementor-element-83cac99 elementor-widget elementor-widget-image\" data-id=\"83cac99\" data-element_type=\"widget\" data-widget_type=\"image.default\">\n\t\t\t\t<div class=\"elementor-widget-container\">\n\t\t\t\t\t\t\t\t\t\t\t\t\t<noscript><img fetchpriority=\"high\" decoding=\"async\" width=\"640\" height=\"640\" src=\"https:\/\/www.polycliniqueplus.com\/wp-content\/uploads\/2025\/11\/Dr-Tolgahan-Alpaydin.jpg\" class=\"attachment-large size-large wp-image-31592\" alt srcset=\"https:\/\/www.polycliniqueplus.com\/wp-content\/uploads\/2025\/11\/Dr-Tolgahan-Alpaydin.jpg 700w, https:\/\/www.polycliniqueplus.com\/wp-content\/uploads\/2025\/11\/Dr-Tolgahan-Alpaydin-300x300.jpg 300w, https:\/\/www.polycliniqueplus.com\/wp-content\/uploads\/2025\/11\/Dr-Tolgahan-Alpaydin-150x150.jpg 150w\" sizes=\"(max-width: 640px) 100vw, 640px\"><\/noscript><img fetchpriority=\"high\" decoding=\"async\" width=\"640\" height=\"640\" src=\"data:image\/svg+xml,%3Csvg%20xmlns%3D%22http%3A%2F%2Fwww.w3.org%2F2000%2Fsvg%22%20viewBox%3D%220%200%20640%20640%22%3E%3C%2Fsvg%3E\" class=\"attachment-large size-large wp-image-31592 lazyload\" alt srcset=\"data:image\/svg+xml,%3Csvg%20xmlns%3D%22http%3A%2F%2Fwww.w3.org%2F2000%2Fsvg%22%20viewBox%3D%220%200%20640%20640%22%3E%3C%2Fsvg%3E 640w\" sizes=\"(max-width: 640px) 100vw, 640px\" data-srcset=\"https:\/\/www.polycliniqueplus.com\/wp-content\/uploads\/2025\/11\/Dr-Tolgahan-Alpaydin.jpg 700w, https:\/\/www.polycliniqueplus.com\/wp-content\/uploads\/2025\/11\/Dr-Tolgahan-Alpaydin-300x300.jpg 300w, https:\/\/www.polycliniqueplus.com\/wp-content\/uploads\/2025\/11\/Dr-Tolgahan-Alpaydin-150x150.jpg 150w\" data-src=\"https:\/\/www.polycliniqueplus.com\/wp-content\/uploads\/2025\/11\/Dr-Tolgahan-Alpaydin.jpg\">\t\t\t\t\t\t\t\t\t\t\t\t\t<\/div>\n\t\t\t\t<\/div>\n\t\t\t\t\t<\/div>\n\t\t<\/div>\n\t\t\t\t<div class=\"elementor-column elementor-col-66 elementor-top-column elementor-element elementor-element-4772775\" data-id=\"4772775\" data-element_type=\"column\">\n\t\t\t<div class=\"elementor-widget-wrap elementor-element-populated\">\n\t\t\t\t\t\t<div class=\"elementor-element elementor-element-7776b5c elementor-widget elementor-widget-text-editor\" data-id=\"7776b5c\" data-element_type=\"widget\" data-widget_type=\"text-editor.default\">\n\t\t\t\t<div class=\"elementor-widget-container\">\n\t\t\t\t\t\t\t<h2><strong>Dr. Tolgahan ALPAYDIN\nCirujano Pl\u00e1stico y Reconstructivo\nEsmirna, Turqu\u00eda<\/strong><\/h2>\n<h2>Perfil<\/h2>\nCirujano Pl\u00e1stico y Reconstructivo experimentado con m\u00e1s de 7 a\u00f1os de formaci\u00f3n en residencia y amplia experiencia en programas de especializaci\u00f3n en EE.UU. y Turqu\u00eda. Especializado en microcirug\u00eda, cirug\u00eda de mano, procedimientos cosm\u00e9ticos y reconstructivos, con experiencia en t\u00e9cnicas quir\u00fargicas avanzadas que incluyen reimplantaci\u00f3n de extremidades, cirug\u00eda est\u00e9tica de mama, rinoplastia y cirug\u00eda craneofacial. Trayectoria comprobada de excelencia cl\u00ednica y atenci\u00f3n centrada en el paciente tanto en entornos acad\u00e9micos como en pr\u00e1ctica privada.\n<p style=\"text-align: center;\"><a class=\"maxbutton-9 maxbutton maxbutton-whatsapp-en\" href=\"https:\/\/api.whatsapp.com\/send?phone=+33635235712&amp;text=Hello%2C%20I%E2%80%99m%20interested%20in%20learning%20more%20about%20your%20services%20and%20pricing.%20Could%20you%20please%20send%20me%20more%20information%3F\"><span class=\"mb-text\">Contactar al Dr. ALPAYDIN<\/span><\/a><\/p>\t\t\t\t\t\t<\/div>\n\t\t\t\t<\/div>\n\t\t\t\t\t<\/div>\n\t\t<\/div>\n\t\t\t\t\t<\/div>\n\t\t<\/section>\n\t\t\t\t<section class=\"elementor-section elementor-top-section elementor-element elementor-element-71c668f elementor-section-boxed elementor-section-height-default elementor-section-height-default\" data-id=\"71c668f\" data-element_type=\"section\" data-settings=\"{&quot;_ha_eqh_enable&quot;:false}\">\n\t\t\t\t\t\t<div class=\"elementor-container elementor-column-gap-default\">\n\t\t\t\t\t<div class=\"elementor-column elementor-col-100 elementor-top-column elementor-element elementor-element-dcf3892\" data-id=\"dcf3892\" data-element_type=\"column\">\n\t\t\t<div class=\"elementor-widget-wrap elementor-element-populated\">\n\t\t\t\t\t\t<div class=\"elementor-element elementor-element-4589d78 elementor-widget elementor-widget-text-editor\" data-id=\"4589d78\" data-element_type=\"widget\" data-widget_type=\"text-editor.default\">\n\t\t\t\t<div class=\"elementor-widget-container\">\n\t\t\t\t\t\t\t<h2><strong>Educaci\u00f3n<\/strong><\/h2>\n<ul>\n \t<li><strong>Residencia en Cirug\u00eda Pl\u00e1stica y Reconstructiva<\/strong> Facultad de Medicina de la Universidad Ege, Esmirna, Turqu\u00eda | 1995\u20132001<\/li>\n \t<li><strong>Doctor en Medicina (MD)<\/strong> Facultad de Medicina de la Universidad Ege, Bornova, Esmirna, Turqu\u00eda | 1988\u20131994<\/li>\n \t<li><strong>Fellowship en Microcirug\u00eda y Cirug\u00eda Cosm\u00e9tica<\/strong> Cleveland Clinic Foundation, Cleveland, Ohio, EE.UU. | 2000<\/li>\n<\/ul>\n<h2><strong>Experiencia Profesional<\/strong><\/h2>\n<ul>\n \t<li><strong>Fundador y Cirujano Principal<\/strong> Cl\u00ednica de Cirug\u00eda Est\u00e9tica y Pl\u00e1stica de Esmirna, Esmirna, Turqu\u00eda | 2001\u2013Presente<\/li>\n \t<li><strong>Cirujano Pl\u00e1stico<\/strong> Cl\u00ednica de Cirug\u00eda Pl\u00e1stica y Reconstructiva, Facultad de Medicina de la Universidad Ege | 2001<\/li>\n \t<li><strong>Cirujano, Cl\u00ednica de Cirug\u00eda Est\u00e9tica y Pl\u00e1stica<\/strong> Hospital Medical Point, Esmirna, Turqu\u00eda | 2024\u2013Presente<\/li>\n<\/ul>\n<h2><strong>Fellowships y Formaci\u00f3n Especializada<\/strong><\/h2>\n<ul>\n \t<li><strong>Formaci\u00f3n en Cirug\u00eda de Mano y Microcirug\u00eda<\/strong> Hospital de Cirug\u00eda de Mano y Microcirug\u00eda EMOT, Esmirna, Turqu\u00eda | 1997\u20131999<\/li>\n \t<li><strong>Cl\u00ednica de Cirug\u00eda de Mano<\/strong> American Hospital, Estambul, Turqu\u00eda, bajo la supervisi\u00f3n del Dr. Ayan G\u00fclg\u00f6nen y el Dr. T\u00fcrker \u00d6zkan | 2000<\/li>\n \t<li><strong>Fellowship en Departamento de Cirug\u00eda Cosm\u00e9tica<\/strong> Cleveland Clinic Foundation, Cleveland, Ohio, EE.UU. | 2000<\/li>\n \t<li><strong>Curso Avanzado de Microcirug\u00eda<\/strong> GATA, Ankara, Turqu\u00eda | Noviembre 2000<\/li>\n<\/ul>\n<h2><strong>Habilidades Clave y Experiencia<\/strong><\/h2>\n<ul>\n \t<li>Reimplantaci\u00f3n de extremidades y reconstrucci\u00f3n microquir\u00fargica<\/li>\n \t<li>Cirug\u00eda est\u00e9tica de mama (incluyendo reconstrucci\u00f3n con colgajo TRAM y LD)<\/li>\n \t<li>Rejuvenecimiento facial y procedimientos de estiramiento facial<\/li>\n \t<li>Contorneado corporal y liposucci\u00f3n ultras\u00f3nica<\/li>\n \t<li>Rinoplastia funcional y est\u00e9tica<\/li>\n \t<li>Cirug\u00eda craneofacial y correcci\u00f3n de anomal\u00edas cong\u00e9nitas<\/li>\n \t<li>Aplicaciones l\u00e1ser en cirug\u00eda pl\u00e1stica<\/li>\n \t<li>Investigaci\u00f3n y desarrollo en detecci\u00f3n de lesi\u00f3n por isquemia-reperfusi\u00f3n<\/li>\n<\/ul>\n<h2><strong>Idiomas<\/strong><\/h2>\n<ul>\n \t<li>Turco (Nativo)<\/li>\n \t<li>Ingl\u00e9s (Fluido)<\/li>\n<\/ul>\n\n<p style=\"text-align: center;\"><a class=\"maxbutton-9 maxbutton maxbutton-whatsapp-en\" href=\"https:\/\/api.whatsapp.com\/send?phone=+33635235712&amp;text=Hello%2C%20I%E2%80%99m%20interested%20in%20learning%20more%20about%20your%20services%20and%20pricing.%20Could%20you%20please%20send%20me%20more%20information%3F\"><span class=\"mb-text\">Contactar al Dr. ALPAYDIN<\/span><\/a><\/p>\t\t\t\t\t\t<\/div>\n\t\t\t\t<\/div>\n\t\t\t\t\t<\/div>\n\t\t<\/div>\n\t\t\t\t\t<\/div>\n\t\t<\/section>\n\t\t\t\t<\/div>\n\t\t","protected":false},"excerpt":{"rendered":"<p>Dr. Tolgahan ALPAYDIN Cirujano Pl\u00e1stico y Reconstructivo Esmirna, Turqu\u00eda Perfil Cirujano Pl\u00e1stico y Reconstructivo experimentado con m\u00e1s de 7 a\u00f1os de formaci\u00f3n en residencia y amplia experiencia en programas de especializaci\u00f3n en EE.UU. y Turqu\u00eda. Especializado en microcirug\u00eda, cirug\u00eda de mano, procedimientos cosm\u00e9ticos y reconstructivos, con experiencia en t\u00e9cnicas quir\u00fargicas avanzadas que incluyen reimplantaci\u00f3n de [&hellip;]<\/p>\n","protected":false},"author":1,"featured_media":31592,"parent":0,"menu_order":0,"comment_status":"closed","ping_status":"closed","template":"","meta":{"footnotes":""},"class_list":["post-31617","page","type-page","status-publish","has-post-thumbnail","hentry"],"yoast_head":"<!-- This site is optimized with the Yoast SEO plugin v27.6 - https:\/\/yoast.com\/product\/yoast-seo-wordpress\/ -->\n<title>Dr. Tolgahan ALPAYDIN Cirujano Pl\u00e1stico y Reconstructivo Esmirna, Turqu\u00eda<\/title>\n<meta name=\"description\" content=\"El Dr. Tolgahan Alpayd\u0131n es un distinguido Cirujano Pl\u00e1stico y Reconstructivo que aporta m\u00e1s de 23 a\u00f1os de amplia experiencia en cirug\u00eda tanto est\u00e9tica como reconstructiva. Con una formaci\u00f3n integral en t\u00e9cnicas microquir\u00fargicas avanzadas, procedimientos cosm\u00e9ticos y reconstrucciones complejas, combina precisi\u00f3n quir\u00fargica con un compromiso hacia la atenci\u00f3n centrada en el paciente, brindando resultados funcionales y est\u00e9ticos excepcionales.\" \/>\n<meta name=\"robots\" content=\"index, follow, max-snippet:-1, max-image-preview:large, max-video-preview:-1\" \/>\n<link rel=\"canonical\" href=\"https:\/\/www.polycliniqueplus.com\/es\/dr-tolgahan-alpaydin\/\" \/>\n<meta property=\"og:locale\" content=\"es_ES\" \/>\n<meta property=\"og:type\" content=\"article\" \/>\n<meta property=\"og:title\" content=\"Dr. Tolgahan ALPAYDIN Cirujano Pl\u00e1stico y Reconstructivo Esmirna, Turqu\u00eda\" \/>\n<meta property=\"og:description\" content=\"El Dr. Tolgahan Alpayd\u0131n es un distinguido Cirujano Pl\u00e1stico y Reconstructivo que aporta m\u00e1s de 23 a\u00f1os de amplia experiencia en cirug\u00eda tanto est\u00e9tica como reconstructiva. Con una formaci\u00f3n integral en t\u00e9cnicas microquir\u00fargicas avanzadas, procedimientos cosm\u00e9ticos y reconstrucciones complejas, combina precisi\u00f3n quir\u00fargica con un compromiso hacia la atenci\u00f3n centrada en el paciente, brindando resultados funcionales y est\u00e9ticos excepcionales.\" \/>\n<meta property=\"og:url\" content=\"https:\/\/www.polycliniqueplus.com\/es\/dr-tolgahan-alpaydin\/\" \/>\n<meta property=\"og:site_name\" content=\"Chirurgie esthetique Turquie : Prix interventions meilleures cliniques Istanbul\" \/>\n<meta property=\"article:publisher\" content=\"https:\/\/www.facebook.com\/polycliniqueplus\" \/>\n<meta property=\"article:modified_time\" content=\"2025-11-14T09:56:22+00:00\" \/>\n<meta property=\"og:image\" content=\"https:\/\/www.polycliniqueplus.com\/wp-content\/uploads\/2025\/11\/Dr-Tolgahan-Alpaydin.jpg\" \/>\n\t<meta property=\"og:image:width\" content=\"700\" \/>\n\t<meta property=\"og:image:height\" content=\"700\" \/>\n\t<meta property=\"og:image:type\" content=\"image\/jpeg\" \/>\n<meta name=\"twitter:card\" content=\"summary_large_image\" \/>\n<meta name=\"twitter:site\" content=\"@polyclinique1\" \/>\n<meta name=\"twitter:label1\" content=\"Tiempo de lectura\" \/>\n\t<meta name=\"twitter:data1\" content=\"2 minutos\" \/>\n<script type=\"application\/ld+json\" class=\"yoast-schema-graph\">{\"@context\":\"https:\\\/\\\/schema.org\",\"@graph\":[{\"@type\":\"WebPage\",\"@id\":\"https:\\\/\\\/www.polycliniqueplus.com\\\/es\\\/dr-tolgahan-alpaydin\\\/\",\"url\":\"https:\\\/\\\/www.polycliniqueplus.com\\\/es\\\/dr-tolgahan-alpaydin\\\/\",\"name\":\"Dr. Tolgahan ALPAYDIN Cirujano Pl\u00e1stico y Reconstructivo Esmirna, Turqu\u00eda\",\"isPartOf\":{\"@id\":\"https:\\\/\\\/www.polycliniqueplus.com\\\/es\\\/#website\"},\"primaryImageOfPage\":{\"@id\":\"https:\\\/\\\/www.polycliniqueplus.com\\\/es\\\/dr-tolgahan-alpaydin\\\/#primaryimage\"},\"image\":{\"@id\":\"https:\\\/\\\/www.polycliniqueplus.com\\\/es\\\/dr-tolgahan-alpaydin\\\/#primaryimage\"},\"thumbnailUrl\":\"https:\\\/\\\/www.polycliniqueplus.com\\\/wp-content\\\/uploads\\\/2025\\\/11\\\/Dr-Tolgahan-Alpaydin.jpg\",\"datePublished\":\"2025-11-14T09:01:43+00:00\",\"dateModified\":\"2025-11-14T09:56:22+00:00\",\"description\":\"El Dr. Tolgahan Alpayd\u0131n es un distinguido Cirujano Pl\u00e1stico y Reconstructivo que aporta m\u00e1s de 23 a\u00f1os de amplia experiencia en cirug\u00eda tanto est\u00e9tica como reconstructiva. Con una formaci\u00f3n integral en t\u00e9cnicas microquir\u00fargicas avanzadas, procedimientos cosm\u00e9ticos y reconstrucciones complejas, combina precisi\u00f3n quir\u00fargica con un compromiso hacia la atenci\u00f3n centrada en el paciente, brindando resultados funcionales y est\u00e9ticos excepcionales.\",\"breadcrumb\":{\"@id\":\"https:\\\/\\\/www.polycliniqueplus.com\\\/es\\\/dr-tolgahan-alpaydin\\\/#breadcrumb\"},\"inLanguage\":\"es\",\"potentialAction\":[{\"@type\":\"ReadAction\",\"target\":[\"https:\\\/\\\/www.polycliniqueplus.com\\\/es\\\/dr-tolgahan-alpaydin\\\/\"]}]},{\"@type\":\"ImageObject\",\"inLanguage\":\"es\",\"@id\":\"https:\\\/\\\/www.polycliniqueplus.com\\\/es\\\/dr-tolgahan-alpaydin\\\/#primaryimage\",\"url\":\"https:\\\/\\\/www.polycliniqueplus.com\\\/wp-content\\\/uploads\\\/2025\\\/11\\\/Dr-Tolgahan-Alpaydin.jpg\",\"contentUrl\":\"https:\\\/\\\/www.polycliniqueplus.com\\\/wp-content\\\/uploads\\\/2025\\\/11\\\/Dr-Tolgahan-Alpaydin.jpg\",\"width\":700,\"height\":700},{\"@type\":\"BreadcrumbList\",\"@id\":\"https:\\\/\\\/www.polycliniqueplus.com\\\/es\\\/dr-tolgahan-alpaydin\\\/#breadcrumb\",\"itemListElement\":[{\"@type\":\"ListItem\",\"position\":1,\"name\":\"Accueil\",\"item\":\"https:\\\/\\\/www.polycliniqueplus.com\\\/es\\\/\"},{\"@type\":\"ListItem\",\"position\":2,\"name\":\"Dr. Tolgahan ALPAYDIN Cirujano Pl\u00e1stico y Reconstructivo Esmirna, Turqu\u00eda\"}]},{\"@type\":\"WebSite\",\"@id\":\"https:\\\/\\\/www.polycliniqueplus.com\\\/es\\\/#website\",\"url\":\"https:\\\/\\\/www.polycliniqueplus.com\\\/es\\\/\",\"name\":\"Chirurgie esthetique Turquie : Prix interventions meilleures cliniques Istanbul\",\"description\":\"Chirurgie esthetique Turquie prix pas cher\",\"publisher\":{\"@id\":\"https:\\\/\\\/www.polycliniqueplus.com\\\/es\\\/#organization\"},\"potentialAction\":[{\"@type\":\"SearchAction\",\"target\":{\"@type\":\"EntryPoint\",\"urlTemplate\":\"https:\\\/\\\/www.polycliniqueplus.com\\\/es\\\/?s={search_term_string}\"},\"query-input\":{\"@type\":\"PropertyValueSpecification\",\"valueRequired\":true,\"valueName\":\"search_term_string\"}}],\"inLanguage\":\"es\"},{\"@type\":\"Organization\",\"@id\":\"https:\\\/\\\/www.polycliniqueplus.com\\\/es\\\/#organization\",\"name\":\"Polycliniqueplus chirurgie esthetique Turquie\",\"url\":\"https:\\\/\\\/www.polycliniqueplus.com\\\/es\\\/\",\"logo\":{\"@type\":\"ImageObject\",\"inLanguage\":\"es\",\"@id\":\"https:\\\/\\\/www.polycliniqueplus.com\\\/es\\\/#\\\/schema\\\/logo\\\/image\\\/\",\"url\":\"https:\\\/\\\/www.polycliniqueplus.com\\\/wp-content\\\/uploads\\\/2021\\\/03\\\/cropped-add-box-fill.png\",\"contentUrl\":\"https:\\\/\\\/www.polycliniqueplus.com\\\/wp-content\\\/uploads\\\/2021\\\/03\\\/cropped-add-box-fill.png\",\"width\":512,\"height\":512,\"caption\":\"Polycliniqueplus chirurgie esthetique Turquie\"},\"image\":{\"@id\":\"https:\\\/\\\/www.polycliniqueplus.com\\\/es\\\/#\\\/schema\\\/logo\\\/image\\\/\"},\"sameAs\":[\"https:\\\/\\\/www.facebook.com\\\/polycliniqueplus\",\"https:\\\/\\\/x.com\\\/polyclinique1\",\"https:\\\/\\\/www.youtube.com\\\/channel\\\/UCAnK3TORJqflIuYGFa-JQDw\"]}]}<\/script>\n<!-- \/ Yoast SEO plugin. -->","yoast_head_json":{"title":"Dr. Tolgahan ALPAYDIN Cirujano Pl\u00e1stico y Reconstructivo Esmirna, Turqu\u00eda","description":"El Dr. Tolgahan Alpayd\u0131n es un distinguido Cirujano Pl\u00e1stico y Reconstructivo que aporta m\u00e1s de 23 a\u00f1os de amplia experiencia en cirug\u00eda tanto est\u00e9tica como reconstructiva. Con una formaci\u00f3n integral en t\u00e9cnicas microquir\u00fargicas avanzadas, procedimientos cosm\u00e9ticos y reconstrucciones complejas, combina precisi\u00f3n quir\u00fargica con un compromiso hacia la atenci\u00f3n centrada en el paciente, brindando resultados funcionales y est\u00e9ticos excepcionales.","robots":{"index":"index","follow":"follow","max-snippet":"max-snippet:-1","max-image-preview":"max-image-preview:large","max-video-preview":"max-video-preview:-1"},"canonical":"https:\/\/www.polycliniqueplus.com\/es\/dr-tolgahan-alpaydin\/","og_locale":"es_ES","og_type":"article","og_title":"Dr. Tolgahan ALPAYDIN Cirujano Pl\u00e1stico y Reconstructivo Esmirna, Turqu\u00eda","og_description":"El Dr. Tolgahan Alpayd\u0131n es un distinguido Cirujano Pl\u00e1stico y Reconstructivo que aporta m\u00e1s de 23 a\u00f1os de amplia experiencia en cirug\u00eda tanto est\u00e9tica como reconstructiva. Con una formaci\u00f3n integral en t\u00e9cnicas microquir\u00fargicas avanzadas, procedimientos cosm\u00e9ticos y reconstrucciones complejas, combina precisi\u00f3n quir\u00fargica con un compromiso hacia la atenci\u00f3n centrada en el paciente, brindando resultados funcionales y est\u00e9ticos excepcionales.","og_url":"https:\/\/www.polycliniqueplus.com\/es\/dr-tolgahan-alpaydin\/","og_site_name":"Chirurgie esthetique Turquie : Prix interventions meilleures cliniques Istanbul","article_publisher":"https:\/\/www.facebook.com\/polycliniqueplus","article_modified_time":"2025-11-14T09:56:22+00:00","og_image":[{"width":700,"height":700,"url":"https:\/\/www.polycliniqueplus.com\/wp-content\/uploads\/2025\/11\/Dr-Tolgahan-Alpaydin.jpg","type":"image\/jpeg"}],"twitter_card":"summary_large_image","twitter_site":"@polyclinique1","twitter_misc":{"Tiempo de lectura":"2 minutos"},"schema":{"@context":"https:\/\/schema.org","@graph":[{"@type":"WebPage","@id":"https:\/\/www.polycliniqueplus.com\/es\/dr-tolgahan-alpaydin\/","url":"https:\/\/www.polycliniqueplus.com\/es\/dr-tolgahan-alpaydin\/","name":"Dr. Tolgahan ALPAYDIN Cirujano Pl\u00e1stico y Reconstructivo Esmirna, Turqu\u00eda","isPartOf":{"@id":"https:\/\/www.polycliniqueplus.com\/es\/#website"},"primaryImageOfPage":{"@id":"https:\/\/www.polycliniqueplus.com\/es\/dr-tolgahan-alpaydin\/#primaryimage"},"image":{"@id":"https:\/\/www.polycliniqueplus.com\/es\/dr-tolgahan-alpaydin\/#primaryimage"},"thumbnailUrl":"https:\/\/www.polycliniqueplus.com\/wp-content\/uploads\/2025\/11\/Dr-Tolgahan-Alpaydin.jpg","datePublished":"2025-11-14T09:01:43+00:00","dateModified":"2025-11-14T09:56:22+00:00","description":"El Dr. Tolgahan Alpayd\u0131n es un distinguido Cirujano Pl\u00e1stico y Reconstructivo que aporta m\u00e1s de 23 a\u00f1os de amplia experiencia en cirug\u00eda tanto est\u00e9tica como reconstructiva. Con una formaci\u00f3n integral en t\u00e9cnicas microquir\u00fargicas avanzadas, procedimientos cosm\u00e9ticos y reconstrucciones complejas, combina precisi\u00f3n quir\u00fargica con un compromiso hacia la atenci\u00f3n centrada en el paciente, brindando resultados funcionales y est\u00e9ticos excepcionales.","breadcrumb":{"@id":"https:\/\/www.polycliniqueplus.com\/es\/dr-tolgahan-alpaydin\/#breadcrumb"},"inLanguage":"es","potentialAction":[{"@type":"ReadAction","target":["https:\/\/www.polycliniqueplus.com\/es\/dr-tolgahan-alpaydin\/"]}]},{"@type":"ImageObject","inLanguage":"es","@id":"https:\/\/www.polycliniqueplus.com\/es\/dr-tolgahan-alpaydin\/#primaryimage","url":"https:\/\/www.polycliniqueplus.com\/wp-content\/uploads\/2025\/11\/Dr-Tolgahan-Alpaydin.jpg","contentUrl":"https:\/\/www.polycliniqueplus.com\/wp-content\/uploads\/2025\/11\/Dr-Tolgahan-Alpaydin.jpg","width":700,"height":700},{"@type":"BreadcrumbList","@id":"https:\/\/www.polycliniqueplus.com\/es\/dr-tolgahan-alpaydin\/#breadcrumb","itemListElement":[{"@type":"ListItem","position":1,"name":"Accueil","item":"https:\/\/www.polycliniqueplus.com\/es\/"},{"@type":"ListItem","position":2,"name":"Dr. Tolgahan ALPAYDIN Cirujano Pl\u00e1stico y Reconstructivo Esmirna, Turqu\u00eda"}]},{"@type":"WebSite","@id":"https:\/\/www.polycliniqueplus.com\/es\/#website","url":"https:\/\/www.polycliniqueplus.com\/es\/","name":"Chirurgie esthetique Turquie : Prix interventions meilleures cliniques Istanbul","description":"Chirurgie esthetique Turquie prix pas cher","publisher":{"@id":"https:\/\/www.polycliniqueplus.com\/es\/#organization"},"potentialAction":[{"@type":"SearchAction","target":{"@type":"EntryPoint","urlTemplate":"https:\/\/www.polycliniqueplus.com\/es\/?s={search_term_string}"},"query-input":{"@type":"PropertyValueSpecification","valueRequired":true,"valueName":"search_term_string"}}],"inLanguage":"es"},{"@type":"Organization","@id":"https:\/\/www.polycliniqueplus.com\/es\/#organization","name":"Polycliniqueplus chirurgie esthetique Turquie","url":"https:\/\/www.polycliniqueplus.com\/es\/","logo":{"@type":"ImageObject","inLanguage":"es","@id":"https:\/\/www.polycliniqueplus.com\/es\/#\/schema\/logo\/image\/","url":"https:\/\/www.polycliniqueplus.com\/wp-content\/uploads\/2021\/03\/cropped-add-box-fill.png","contentUrl":"https:\/\/www.polycliniqueplus.com\/wp-content\/uploads\/2021\/03\/cropped-add-box-fill.png","width":512,"height":512,"caption":"Polycliniqueplus chirurgie esthetique Turquie"},"image":{"@id":"https:\/\/www.polycliniqueplus.com\/es\/#\/schema\/logo\/image\/"},"sameAs":["https:\/\/www.facebook.com\/polycliniqueplus","https:\/\/x.com\/polyclinique1","https:\/\/www.youtube.com\/channel\/UCAnK3TORJqflIuYGFa-JQDw"]}]}},"_links":{"self":[{"href":"https:\/\/www.polycliniqueplus.com\/es\/wp-json\/wp\/v2\/pages\/31617","targetHints":{"allow":["GET"]}}],"collection":[{"href":"https:\/\/www.polycliniqueplus.com\/es\/wp-json\/wp\/v2\/pages"}],"about":[{"href":"https:\/\/www.polycliniqueplus.com\/es\/wp-json\/wp\/v2\/types\/page"}],"author":[{"embeddable":true,"href":"https:\/\/www.polycliniqueplus.com\/es\/wp-json\/wp\/v2\/users\/1"}],"replies":[{"embeddable":true,"href":"https:\/\/www.polycliniqueplus.com\/es\/wp-json\/wp\/v2\/comments?post=31617"}],"version-history":[{"count":7,"href":"https:\/\/www.polycliniqueplus.com\/es\/wp-json\/wp\/v2\/pages\/31617\/revisions"}],"predecessor-version":[{"id":31628,"href":"https:\/\/www.polycliniqueplus.com\/es\/wp-json\/wp\/v2\/pages\/31617\/revisions\/31628"}],"wp:featuredmedia":[{"embeddable":true,"href":"https:\/\/www.polycliniqueplus.com\/es\/wp-json\/wp\/v2\/media\/31592"}],"wp:attachment":[{"href":"https:\/\/www.polycliniqueplus.com\/es\/wp-json\/wp\/v2\/media?parent=31617"}],"curies":[{"name":"wp","href":"https:\/\/api.w.org\/{rel}","templated":true}]}}