{"id":15235,"date":"2023-01-27T11:31:52","date_gmt":"2023-01-27T10:31:52","guid":{"rendered":"https:\/\/www.polycliniqueplus.com\/reduccion-del-capo-del-clitoris-turquia\/"},"modified":"2025-12-12T12:41:32","modified_gmt":"2025-12-12T11:41:32","slug":"reduccion-del-capuchon-del-clitoris","status":"publish","type":"page","link":"https:\/\/www.polycliniqueplus.com\/es\/reduccion-del-capuchon-del-clitoris\/","title":{"rendered":"Reducci\u00f3n del cap\u00f3 del cl\u00edtoris Turqu\u00eda"},"content":{"rendered":"<div data-elementor-type=\"wp-page\" data-elementor-id=\"15235\" class=\"elementor elementor-15235 elementor-15106\" data-elementor-settings=\"{&quot;ha_cmc_init_switcher&quot;:&quot;no&quot;}\">\n\t\t\t\t\t\t<section class=\"elementor-section elementor-top-section elementor-element elementor-element-392b213 elementor-section-boxed elementor-section-height-default elementor-section-height-default\" data-id=\"392b213\" data-element_type=\"section\" data-settings=\"{&quot;_ha_eqh_enable&quot;:false}\">\n\t\t\t\t\t\t<div class=\"elementor-container elementor-column-gap-default\">\n\t\t\t\t\t<div class=\"elementor-column elementor-col-66 elementor-top-column elementor-element elementor-element-98475b7\" data-id=\"98475b7\" data-element_type=\"column\">\n\t\t\t<div class=\"elementor-widget-wrap elementor-element-populated\">\n\t\t\t\t\t\t<div class=\"elementor-element elementor-element-651fba5 elementor-widget elementor-widget-text-editor\" data-id=\"651fba5\" data-element_type=\"widget\" data-widget_type=\"text-editor.default\">\n\t\t\t\t<div class=\"elementor-widget-container\">\n\t\t\t\t\t\t\t<h2>\u00bfQu\u00e9 es una reducci\u00f3n del cap\u00f3 del cl\u00edtoris?<\/h2>\nEl capuch\u00f3n del cl\u00edtoris es un delicado colgajo de tejido que cubre el cl\u00edtoris cerca de la parte superior de la vulva de la mujer. El capuch\u00f3n de cl\u00edtoris sirve para proteger el cl\u00edtoris de la sobreestimulaci\u00f3n durante las actividades diarias normales.\n\n\t\t\t\t\t\t<\/div>\n\t\t\t\t<\/div>\n\t\t\t\t<div class=\"elementor-element elementor-element-bf91178 elementor-widget elementor-widget-text-editor\" data-id=\"bf91178\" data-element_type=\"widget\" data-widget_type=\"text-editor.default\">\n\t\t\t\t<div class=\"elementor-widget-container\">\n\t\t\t\t\t\t\tA veces, debido a la gen\u00e9tica, el envejecimiento o la medicaci\u00f3n, estos tejidos pueden agrandarse, resultar antiest\u00e9ticos e incluso inc\u00f3modos. La reducci\u00f3n del capuch\u00f3n del cl\u00edtoris es una t\u00e9cnica quir\u00fargica dise\u00f1ada para <strong>reducir el tama\u00f1o y la redundancia del tejido del capuch\u00f3n del cl\u00edtoris<\/strong>, lo que hace que esta importante estructura anat\u00f3mica sea m\u00e1s atractiva y refinada, al tiempo que conserva su funci\u00f3n principal de proteger el cl\u00edtoris.\t\t\t\t\t\t<\/div>\n\t\t\t\t<\/div>\n\t\t\t\t\t<\/div>\n\t\t<\/div>\n\t\t\t\t<div class=\"elementor-column elementor-col-33 elementor-top-column elementor-element elementor-element-53665f7\" data-id=\"53665f7\" data-element_type=\"column\">\n\t\t\t<div class=\"elementor-widget-wrap elementor-element-populated\">\n\t\t\t\t\t\t<div class=\"elementor-element elementor-element-4d1e6c2 elementor-widget elementor-widget-image\" data-id=\"4d1e6c2\" data-element_type=\"widget\" data-widget_type=\"image.default\">\n\t\t\t\t<div class=\"elementor-widget-container\">\n\t\t\t\t\t\t\t\t\t\t\t\t\t<noscript><img fetchpriority=\"high\" decoding=\"async\" width=\"748\" height=\"495\" src=\"https:\/\/www.polycliniqueplus.com\/wp-content\/uploads\/2023\/01\/reduction-capuchon-clitoridien.jpg\" class=\"attachment-full size-full wp-image-15124\" alt srcset=\"https:\/\/www.polycliniqueplus.com\/wp-content\/uploads\/2023\/01\/reduction-capuchon-clitoridien.jpg 748w, https:\/\/www.polycliniqueplus.com\/wp-content\/uploads\/2023\/01\/reduction-capuchon-clitoridien-300x199.jpg 300w\" sizes=\"(max-width: 748px) 100vw, 748px\"><\/noscript><img fetchpriority=\"high\" decoding=\"async\" width=\"748\" height=\"495\" src=\"data:image\/svg+xml,%3Csvg%20xmlns%3D%22http%3A%2F%2Fwww.w3.org%2F2000%2Fsvg%22%20viewBox%3D%220%200%20748%20495%22%3E%3C%2Fsvg%3E\" class=\"attachment-full size-full wp-image-15124 lazyload\" alt srcset=\"data:image\/svg+xml,%3Csvg%20xmlns%3D%22http%3A%2F%2Fwww.w3.org%2F2000%2Fsvg%22%20viewBox%3D%220%200%20748%20495%22%3E%3C%2Fsvg%3E 748w\" sizes=\"(max-width: 748px) 100vw, 748px\" data-srcset=\"https:\/\/www.polycliniqueplus.com\/wp-content\/uploads\/2023\/01\/reduction-capuchon-clitoridien.jpg 748w, https:\/\/www.polycliniqueplus.com\/wp-content\/uploads\/2023\/01\/reduction-capuchon-clitoridien-300x199.jpg 300w\" data-src=\"https:\/\/www.polycliniqueplus.com\/wp-content\/uploads\/2023\/01\/reduction-capuchon-clitoridien.jpg\">\t\t\t\t\t\t\t\t\t\t\t\t\t<\/div>\n\t\t\t\t<\/div>\n\t\t\t\t\t<\/div>\n\t\t<\/div>\n\t\t\t\t\t<\/div>\n\t\t<\/section>\n\t\t\t\t<section class=\"elementor-section elementor-top-section elementor-element elementor-element-bc94ade elementor-section-boxed elementor-section-height-default elementor-section-height-default\" data-id=\"bc94ade\" data-element_type=\"section\" data-settings=\"{&quot;_ha_eqh_enable&quot;:false}\">\n\t\t\t\t\t\t<div class=\"elementor-container elementor-column-gap-default\">\n\t\t\t\t\t<div class=\"elementor-column elementor-col-100 elementor-top-column elementor-element elementor-element-6443755\" data-id=\"6443755\" data-element_type=\"column\">\n\t\t\t<div class=\"elementor-widget-wrap elementor-element-populated\">\n\t\t\t\t\t\t<div class=\"elementor-element elementor-element-c25f1fd elementor-widget elementor-widget-text-editor\" data-id=\"c25f1fd\" data-element_type=\"widget\" data-widget_type=\"text-editor.default\">\n\t\t\t\t<div class=\"elementor-widget-container\">\n\t\t\t\t\t\t\t\n<h2>\u00bfQui\u00e9n es una buena candidata para la reducci\u00f3n del cap\u00f3 del cl\u00edtoris?<\/h2>\nLas candidatas ideales para la reducci\u00f3n del capuch\u00f3n del cl\u00edtoris son las mujeres sanas, que no fuman y que no est\u00e1n satisfechas con el aspecto o la funci\u00f3n del capuch\u00f3n del cl\u00edtoris. Estas pacientes suelen estar preocupadas por otros aspectos de sus genitales y tambi\u00e9n se plantean <strong>una labioplastia<\/strong>, una <strong>perineoplastia<\/strong> o una <a href=\"https:\/\/www.polycliniqueplus.com\/es\/vaginoplastia-turquia\/\">\n<strong>cirug\u00eda de estrechamiento vaginal<\/strong>\n<\/a>. Sin embargo, la reducci\u00f3n del cap\u00f3 del cl\u00edtoris tambi\u00e9n puede realizarse como un procedimiento independiente.\n<h2>\u00bfCu\u00e1les son los beneficios de la reducci\u00f3n del cap\u00f3 del cl\u00edtoris?<\/h2>\nLa <strong>reducci\u00f3n del capuch\u00f3n del cl\u00edtoris<\/strong> es un procedimiento quir\u00fargico adecuado para mujeres que experimentan dificultades emocionales, est\u00e9ticas o f\u00edsicas debido a un capuch\u00f3n del cl\u00edtoris demasiado largo y tiene los siguientes <strong>beneficios<\/strong>:\n<ul>\n \t<li>Mayor placer sexual: La eliminaci\u00f3n quir\u00fargica de la piel sobrante aumenta el placer y las sensaciones sexuales.<\/li>\n \t<li>Mayor estimulaci\u00f3n: La reducci\u00f3n del capuch\u00f3n del cl\u00edtoris puede mejorar la estimulaci\u00f3n del cl\u00edtoris.<\/li>\n \t<li>Los orgasmos son m\u00e1s fuertes y frecuentes en algunas mujeres.<\/li>\n \t<li>Mejora del aspecto y la confianza: Mejora el aspecto de la vulva y aumenta la confianza en s\u00ed misma.<\/li>\n \t<li>Atractivo femenino: Crea una vagina de aspecto m\u00e1s natural y femenino.<\/li>\n \t<li>Comodidad: La operaci\u00f3n reduce las molestias durante las relaciones sexuales.<\/li>\n<\/ul>\n<h2>Coste de la reducci\u00f3n del cap\u00f3 del cl\u00edtoris en Turqu\u00eda<\/h2>\nEl coste de la reducci\u00f3n del cap\u00f3 del cl\u00edtoris en Turqu\u00eda es de aproximadamente 2.000 euros cuando se realiza en solitario con anestesia local. Cuando se realiza en combinaci\u00f3n con otro procedimiento quir\u00fargico, el precio de la reducci\u00f3n del capuch\u00f3n del cl\u00edtoris suele reducirse a entre 500 y 1.500 euros.\t\t\t\t\t\t<\/div>\n\t\t\t\t<\/div>\n\t\t\t\t\t<\/div>\n\t\t<\/div>\n\t\t\t\t\t<\/div>\n\t\t<\/section>\n\t\t\t\t<section class=\"elementor-section elementor-top-section elementor-element elementor-element-3a79f54 elementor-section-boxed elementor-section-height-default elementor-section-height-default\" data-id=\"3a79f54\" data-element_type=\"section\" data-settings=\"{&quot;_ha_eqh_enable&quot;:false}\">\n\t\t\t\t\t\t<div class=\"elementor-container elementor-column-gap-default\">\n\t\t\t\t\t<div class=\"elementor-column elementor-col-100 elementor-top-column elementor-element elementor-element-44b2777\" data-id=\"44b2777\" data-element_type=\"column\">\n\t\t\t<div class=\"elementor-widget-wrap elementor-element-populated\">\n\t\t\t\t\t\t<div class=\"elementor-element elementor-element-6dfbd02 elementor-widget elementor-widget-text-editor\" data-id=\"6dfbd02\" data-element_type=\"widget\" data-widget_type=\"text-editor.default\">\n\t\t\t\t<div class=\"elementor-widget-container\">\n\t\t\t\t\t\t\t<h2>Procedimiento para la cirug\u00eda de reducci\u00f3n del cap\u00f3 del cl\u00edtoris<\/h2>\nEs un proceso corto pero sofisticado que puede completarse en menos de 45-60 minutos.\n<ol>\n \t<li><strong>Consulta<\/strong>: Una consulta con nuestro cirujano especialista en reducci\u00f3n del capuch\u00f3n del cl\u00edtoris puede durar entre 15 minutos y una hora. Ofrece a las pacientes la oportunidad de aprender m\u00e1s sobre la cirug\u00eda de reducci\u00f3n del cap\u00f3 del cl\u00edtoris de la mano de un cirujano experto. Los pacientes deben ser lo m\u00e1s abiertos y sinceros posible con el cirujano. Esto les permite dise\u00f1ar la t\u00e9cnica alternativa ideal para lograr los mejores resultados. El cirujano tambi\u00e9n aprovechar\u00e1 esta cita para informarse sobre el estado de salud actual de la paciente, evaluar el capuch\u00f3n del cl\u00edtoris y los labios, preguntar sobre las expectativas quir\u00fargicas y, por \u00faltimo, determinar si la paciente es una buena candidata para la reducci\u00f3n del capuch\u00f3n del cl\u00edtoris. El cirujano examinar\u00e1 el capuch\u00f3n del cl\u00edtoris y los labios. Tras la operaci\u00f3n, analizar\u00e1 las proporciones para asegurarse de que la reducci\u00f3n del capuch\u00f3n no haga que los labios parezcan demasiado grandes para la vulva.<\/li>\n \t<li><strong>Anestesia<\/strong>: Como la operaci\u00f3n suele realizarse con anestesia local, estar\u00e1 despierto durante el procedimiento. Tambi\u00e9n puede realizarse bajo anestesia general, lo que significa que dormir\u00e1 durante la operaci\u00f3n.<\/li>\n \t<li><strong>Incisi\u00f3n<\/strong>: El cirujano realizar\u00e1 cuidadosamente una incisi\u00f3n horizontal en el capuch\u00f3n del cl\u00edtoris.<\/li>\n \t<li><strong>Eliminaci\u00f3n del exceso de piel<\/strong>: La incisi\u00f3n reduce la protrusi\u00f3n del prepucio eliminando el exceso de tejido.<\/li>\n \t<li><strong>Suturas<\/strong>: El m\u00e9dico utilizar\u00e1 suturas absorbibles para cerrar la herida y puede cubrirla con un vendaje ligero. Lo m\u00e1s probable es que le permitan marcharse el mismo d\u00eda.<\/li>\n<\/ol>\n<h2>Cicatrices de la reducci\u00f3n del cap\u00f3 del cl\u00edtoris<\/h2>\nLas cicatrices de una reducci\u00f3n del capuch\u00f3n del cl\u00edtoris, similares a las de una labioplastia, se realizan en el fino tejido mucoso de los genitales externos femeninos. Como este tejido es naturalmente arrugado, las cicatrices en esta zona tienden a curarse muy bien.\n\nLas <strong>cicatrices de la reducci\u00f3n <\/strong>del capuch\u00f3n del cl\u00edtoris suelen situarse por encima y\/o a los lados del capuch\u00f3n del cl\u00edtoris y quedan bien ocultas una vez finalizada la cicatrizaci\u00f3n.\n<h2>Recuperaci\u00f3n de la reducci\u00f3n del cap\u00f3 del cl\u00edtoris<\/h2>\nAl igual que la <strong>labioplastia<\/strong> o la <strong>perineoplastia<\/strong>, la cirug\u00eda de reducci\u00f3n del cap\u00f3 del cl\u00edtoris se realiza con anestesia local en la cl\u00ednica de Turqu\u00eda. Los pacientes est\u00e1n totalmente despiertos y pueden regresar a su hotel el d\u00eda de la operaci\u00f3n. Los pacientes precisan un m\u00ednimo de analg\u00e9sicos tras la intervenci\u00f3n y pueden reincorporarse al trabajo en uno o dos d\u00edas.\n\nComo ocurre con la mayor\u00eda de las cirug\u00edas genitales, las pacientes que se someten a una reducci\u00f3n del capuch\u00f3n del cl\u00edtoris deben observar precauciones vaginales, es decir, no mantener relaciones sexuales, no usar tampones, no introducirse nada en la vagina y no estimular el cl\u00edtoris manual u oralmente, y limitar el ejercicio durante las seis semanas siguientes a la intervenci\u00f3n.\n<h2>Complicaciones de la cirug\u00eda de reducci\u00f3n del cap\u00f3 del cl\u00edtoris<\/h2>\nEl sangrado y la infecci\u00f3n son complicaciones muy poco frecuentes tras una reducci\u00f3n de cl\u00edtoris.\n\nLos efectos secundarios m\u00e1s frecuentes de la reducci\u00f3n del capuch\u00f3n del cl\u00edtoris son una reducci\u00f3n insuficiente, asimetr\u00eda o cicatrices visibles.\n\nDado que los nervios que irrigan el cl\u00edtoris y los genitales son profundos, es raro que se produzcan da\u00f1os nerviosos permanentes en el cl\u00edtoris durante la reducci\u00f3n del capuch\u00f3n del cl\u00edtoris. Por otro lado, una resecci\u00f3n excesiva del capuch\u00f3n del cl\u00edtoris puede provocar una exposici\u00f3n dolorosa e irritaci\u00f3n del cl\u00edtoris.\n\nPara evitar \u00e9stas y otras complicaciones, el cirujano realiza un examen f\u00edsico exhaustivo de cada paciente que se plantea una reducci\u00f3n del capuch\u00f3n del cl\u00edtoris o una <strong>labioplastia<\/strong> durante la consulta.\n\nDiscute todos los aspectos de la operaci\u00f3n, los deseos del paciente y el resultado m\u00e1s probable.\t\t\t\t\t\t<\/div>\n\t\t\t\t<\/div>\n\t\t\t\t\t<\/div>\n\t\t<\/div>\n\t\t\t\t\t<\/div>\n\t\t<\/section>\n\t\t\t\t<\/div>\n\t\t","protected":false},"excerpt":{"rendered":"<p>\u00bfQu\u00e9 es una reducci\u00f3n del cap\u00f3 del cl\u00edtoris? El capuch\u00f3n del cl\u00edtoris es un delicado colgajo de tejido que cubre el cl\u00edtoris cerca de la parte superior de la vulva de la mujer. El capuch\u00f3n de cl\u00edtoris sirve para proteger el cl\u00edtoris de la sobreestimulaci\u00f3n durante las actividades diarias normales. A veces, debido a la [&hellip;]<\/p>\n","protected":false},"author":1,"featured_media":15124,"parent":0,"menu_order":0,"comment_status":"closed","ping_status":"closed","template":"","meta":{"footnotes":""},"class_list":["post-15235","page","type-page","status-publish","has-post-thumbnail","hentry"],"yoast_head":"<!-- This site is optimized with the Yoast SEO plugin v27.3 - https:\/\/yoast.com\/product\/yoast-seo-wordpress\/ -->\n<title>Cirug\u00eda de reducci\u00f3n del cap\u00f3 del cl\u00edtoris: clitoridoplastia Turqu\u00eda<\/title>\n<meta name=\"description\" content=\"Cirug\u00eda \u00edntima que consiste en realizar una cirug\u00eda pl\u00e1stica en la mucosa que recubre el cl\u00edtoris para reducir su tama\u00f1o y ofrecer a la mujer m\u00e1s comodidad y placer.\" \/>\n<meta name=\"robots\" content=\"index, follow, max-snippet:-1, max-image-preview:large, max-video-preview:-1\" \/>\n<link rel=\"canonical\" href=\"https:\/\/www.polycliniqueplus.com\/es\/reduccion-del-capuchon-del-clitoris\/\" \/>\n<meta property=\"og:locale\" content=\"es_ES\" \/>\n<meta property=\"og:type\" content=\"article\" \/>\n<meta property=\"og:title\" content=\"Cirug\u00eda de reducci\u00f3n del cap\u00f3 del cl\u00edtoris: clitoridoplastia Turqu\u00eda\" \/>\n<meta property=\"og:description\" content=\"Cirug\u00eda \u00edntima que consiste en realizar una cirug\u00eda pl\u00e1stica en la mucosa que recubre el cl\u00edtoris para reducir su tama\u00f1o y ofrecer a la mujer m\u00e1s comodidad y placer.\" \/>\n<meta property=\"og:url\" content=\"https:\/\/www.polycliniqueplus.com\/es\/reduccion-del-capuchon-del-clitoris\/\" \/>\n<meta property=\"og:site_name\" content=\"Chirurgie esthetique Turquie : Prix interventions meilleures cliniques Istanbul\" \/>\n<meta property=\"article:publisher\" content=\"https:\/\/www.facebook.com\/polycliniqueplus\" \/>\n<meta property=\"article:modified_time\" content=\"2025-12-12T11:41:32+00:00\" \/>\n<meta property=\"og:image\" content=\"https:\/\/www.polycliniqueplus.com\/wp-content\/uploads\/2023\/01\/reduction-capuchon-clitoridien.jpg\" \/>\n\t<meta property=\"og:image:width\" content=\"748\" \/>\n\t<meta property=\"og:image:height\" content=\"495\" \/>\n\t<meta property=\"og:image:type\" content=\"image\/jpeg\" \/>\n<meta name=\"twitter:card\" content=\"summary_large_image\" \/>\n<meta name=\"twitter:site\" content=\"@polyclinique1\" \/>\n<meta name=\"twitter:label1\" content=\"Tiempo de lectura\" \/>\n\t<meta name=\"twitter:data1\" content=\"5 minutos\" \/>\n<script type=\"application\/ld+json\" class=\"yoast-schema-graph\">{\"@context\":\"https:\\\/\\\/schema.org\",\"@graph\":[{\"@type\":\"WebPage\",\"@id\":\"https:\\\/\\\/www.polycliniqueplus.com\\\/es\\\/reduccion-del-capuchon-del-clitoris\\\/\",\"url\":\"https:\\\/\\\/www.polycliniqueplus.com\\\/es\\\/reduccion-del-capuchon-del-clitoris\\\/\",\"name\":\"Cirug\u00eda de reducci\u00f3n del cap\u00f3 del cl\u00edtoris: clitoridoplastia Turqu\u00eda\",\"isPartOf\":{\"@id\":\"https:\\\/\\\/www.polycliniqueplus.com\\\/es\\\/#website\"},\"primaryImageOfPage\":{\"@id\":\"https:\\\/\\\/www.polycliniqueplus.com\\\/es\\\/reduccion-del-capuchon-del-clitoris\\\/#primaryimage\"},\"image\":{\"@id\":\"https:\\\/\\\/www.polycliniqueplus.com\\\/es\\\/reduccion-del-capuchon-del-clitoris\\\/#primaryimage\"},\"thumbnailUrl\":\"https:\\\/\\\/www.polycliniqueplus.com\\\/wp-content\\\/uploads\\\/2023\\\/01\\\/reduction-capuchon-clitoridien.jpg\",\"datePublished\":\"2023-01-27T10:31:52+00:00\",\"dateModified\":\"2025-12-12T11:41:32+00:00\",\"description\":\"Cirug\u00eda \u00edntima que consiste en realizar una cirug\u00eda pl\u00e1stica en la mucosa que recubre el cl\u00edtoris para reducir su tama\u00f1o y ofrecer a la mujer m\u00e1s comodidad y placer.\",\"breadcrumb\":{\"@id\":\"https:\\\/\\\/www.polycliniqueplus.com\\\/es\\\/reduccion-del-capuchon-del-clitoris\\\/#breadcrumb\"},\"inLanguage\":\"es\",\"potentialAction\":[{\"@type\":\"ReadAction\",\"target\":[\"https:\\\/\\\/www.polycliniqueplus.com\\\/es\\\/reduccion-del-capuchon-del-clitoris\\\/\"]}]},{\"@type\":\"ImageObject\",\"inLanguage\":\"es\",\"@id\":\"https:\\\/\\\/www.polycliniqueplus.com\\\/es\\\/reduccion-del-capuchon-del-clitoris\\\/#primaryimage\",\"url\":\"https:\\\/\\\/www.polycliniqueplus.com\\\/wp-content\\\/uploads\\\/2023\\\/01\\\/reduction-capuchon-clitoridien.jpg\",\"contentUrl\":\"https:\\\/\\\/www.polycliniqueplus.com\\\/wp-content\\\/uploads\\\/2023\\\/01\\\/reduction-capuchon-clitoridien.jpg\",\"width\":748,\"height\":495},{\"@type\":\"BreadcrumbList\",\"@id\":\"https:\\\/\\\/www.polycliniqueplus.com\\\/es\\\/reduccion-del-capuchon-del-clitoris\\\/#breadcrumb\",\"itemListElement\":[{\"@type\":\"ListItem\",\"position\":1,\"name\":\"Accueil\",\"item\":\"https:\\\/\\\/www.polycliniqueplus.com\\\/es\\\/\"},{\"@type\":\"ListItem\",\"position\":2,\"name\":\"Reducci\u00f3n del cap\u00f3 del cl\u00edtoris Turqu\u00eda\"}]},{\"@type\":\"WebSite\",\"@id\":\"https:\\\/\\\/www.polycliniqueplus.com\\\/es\\\/#website\",\"url\":\"https:\\\/\\\/www.polycliniqueplus.com\\\/es\\\/\",\"name\":\"Chirurgie esthetique Turquie : Prix interventions meilleures cliniques Istanbul\",\"description\":\"Chirurgie esthetique Turquie prix pas cher\",\"publisher\":{\"@id\":\"https:\\\/\\\/www.polycliniqueplus.com\\\/es\\\/#organization\"},\"potentialAction\":[{\"@type\":\"SearchAction\",\"target\":{\"@type\":\"EntryPoint\",\"urlTemplate\":\"https:\\\/\\\/www.polycliniqueplus.com\\\/es\\\/?s={search_term_string}\"},\"query-input\":{\"@type\":\"PropertyValueSpecification\",\"valueRequired\":true,\"valueName\":\"search_term_string\"}}],\"inLanguage\":\"es\"},{\"@type\":\"Organization\",\"@id\":\"https:\\\/\\\/www.polycliniqueplus.com\\\/es\\\/#organization\",\"name\":\"Polycliniqueplus chirurgie esthetique Turquie\",\"url\":\"https:\\\/\\\/www.polycliniqueplus.com\\\/es\\\/\",\"logo\":{\"@type\":\"ImageObject\",\"inLanguage\":\"es\",\"@id\":\"https:\\\/\\\/www.polycliniqueplus.com\\\/es\\\/#\\\/schema\\\/logo\\\/image\\\/\",\"url\":\"https:\\\/\\\/www.polycliniqueplus.com\\\/wp-content\\\/uploads\\\/2021\\\/03\\\/cropped-add-box-fill.png\",\"contentUrl\":\"https:\\\/\\\/www.polycliniqueplus.com\\\/wp-content\\\/uploads\\\/2021\\\/03\\\/cropped-add-box-fill.png\",\"width\":512,\"height\":512,\"caption\":\"Polycliniqueplus chirurgie esthetique Turquie\"},\"image\":{\"@id\":\"https:\\\/\\\/www.polycliniqueplus.com\\\/es\\\/#\\\/schema\\\/logo\\\/image\\\/\"},\"sameAs\":[\"https:\\\/\\\/www.facebook.com\\\/polycliniqueplus\",\"https:\\\/\\\/x.com\\\/polyclinique1\",\"https:\\\/\\\/www.youtube.com\\\/channel\\\/UCAnK3TORJqflIuYGFa-JQDw\"]}]}<\/script>\n<!-- \/ Yoast SEO plugin. -->","yoast_head_json":{"title":"Cirug\u00eda de reducci\u00f3n del cap\u00f3 del cl\u00edtoris: clitoridoplastia Turqu\u00eda","description":"Cirug\u00eda \u00edntima que consiste en realizar una cirug\u00eda pl\u00e1stica en la mucosa que recubre el cl\u00edtoris para reducir su tama\u00f1o y ofrecer a la mujer m\u00e1s comodidad y placer.","robots":{"index":"index","follow":"follow","max-snippet":"max-snippet:-1","max-image-preview":"max-image-preview:large","max-video-preview":"max-video-preview:-1"},"canonical":"https:\/\/www.polycliniqueplus.com\/es\/reduccion-del-capuchon-del-clitoris\/","og_locale":"es_ES","og_type":"article","og_title":"Cirug\u00eda de reducci\u00f3n del cap\u00f3 del cl\u00edtoris: clitoridoplastia Turqu\u00eda","og_description":"Cirug\u00eda \u00edntima que consiste en realizar una cirug\u00eda pl\u00e1stica en la mucosa que recubre el cl\u00edtoris para reducir su tama\u00f1o y ofrecer a la mujer m\u00e1s comodidad y placer.","og_url":"https:\/\/www.polycliniqueplus.com\/es\/reduccion-del-capuchon-del-clitoris\/","og_site_name":"Chirurgie esthetique Turquie : Prix interventions meilleures cliniques Istanbul","article_publisher":"https:\/\/www.facebook.com\/polycliniqueplus","article_modified_time":"2025-12-12T11:41:32+00:00","og_image":[{"width":748,"height":495,"url":"https:\/\/www.polycliniqueplus.com\/wp-content\/uploads\/2023\/01\/reduction-capuchon-clitoridien.jpg","type":"image\/jpeg"}],"twitter_card":"summary_large_image","twitter_site":"@polyclinique1","twitter_misc":{"Tiempo de lectura":"5 minutos"},"schema":{"@context":"https:\/\/schema.org","@graph":[{"@type":"WebPage","@id":"https:\/\/www.polycliniqueplus.com\/es\/reduccion-del-capuchon-del-clitoris\/","url":"https:\/\/www.polycliniqueplus.com\/es\/reduccion-del-capuchon-del-clitoris\/","name":"Cirug\u00eda de reducci\u00f3n del cap\u00f3 del cl\u00edtoris: clitoridoplastia Turqu\u00eda","isPartOf":{"@id":"https:\/\/www.polycliniqueplus.com\/es\/#website"},"primaryImageOfPage":{"@id":"https:\/\/www.polycliniqueplus.com\/es\/reduccion-del-capuchon-del-clitoris\/#primaryimage"},"image":{"@id":"https:\/\/www.polycliniqueplus.com\/es\/reduccion-del-capuchon-del-clitoris\/#primaryimage"},"thumbnailUrl":"https:\/\/www.polycliniqueplus.com\/wp-content\/uploads\/2023\/01\/reduction-capuchon-clitoridien.jpg","datePublished":"2023-01-27T10:31:52+00:00","dateModified":"2025-12-12T11:41:32+00:00","description":"Cirug\u00eda \u00edntima que consiste en realizar una cirug\u00eda pl\u00e1stica en la mucosa que recubre el cl\u00edtoris para reducir su tama\u00f1o y ofrecer a la mujer m\u00e1s comodidad y placer.","breadcrumb":{"@id":"https:\/\/www.polycliniqueplus.com\/es\/reduccion-del-capuchon-del-clitoris\/#breadcrumb"},"inLanguage":"es","potentialAction":[{"@type":"ReadAction","target":["https:\/\/www.polycliniqueplus.com\/es\/reduccion-del-capuchon-del-clitoris\/"]}]},{"@type":"ImageObject","inLanguage":"es","@id":"https:\/\/www.polycliniqueplus.com\/es\/reduccion-del-capuchon-del-clitoris\/#primaryimage","url":"https:\/\/www.polycliniqueplus.com\/wp-content\/uploads\/2023\/01\/reduction-capuchon-clitoridien.jpg","contentUrl":"https:\/\/www.polycliniqueplus.com\/wp-content\/uploads\/2023\/01\/reduction-capuchon-clitoridien.jpg","width":748,"height":495},{"@type":"BreadcrumbList","@id":"https:\/\/www.polycliniqueplus.com\/es\/reduccion-del-capuchon-del-clitoris\/#breadcrumb","itemListElement":[{"@type":"ListItem","position":1,"name":"Accueil","item":"https:\/\/www.polycliniqueplus.com\/es\/"},{"@type":"ListItem","position":2,"name":"Reducci\u00f3n del cap\u00f3 del cl\u00edtoris Turqu\u00eda"}]},{"@type":"WebSite","@id":"https:\/\/www.polycliniqueplus.com\/es\/#website","url":"https:\/\/www.polycliniqueplus.com\/es\/","name":"Chirurgie esthetique Turquie : Prix interventions meilleures cliniques Istanbul","description":"Chirurgie esthetique Turquie prix pas cher","publisher":{"@id":"https:\/\/www.polycliniqueplus.com\/es\/#organization"},"potentialAction":[{"@type":"SearchAction","target":{"@type":"EntryPoint","urlTemplate":"https:\/\/www.polycliniqueplus.com\/es\/?s={search_term_string}"},"query-input":{"@type":"PropertyValueSpecification","valueRequired":true,"valueName":"search_term_string"}}],"inLanguage":"es"},{"@type":"Organization","@id":"https:\/\/www.polycliniqueplus.com\/es\/#organization","name":"Polycliniqueplus chirurgie esthetique Turquie","url":"https:\/\/www.polycliniqueplus.com\/es\/","logo":{"@type":"ImageObject","inLanguage":"es","@id":"https:\/\/www.polycliniqueplus.com\/es\/#\/schema\/logo\/image\/","url":"https:\/\/www.polycliniqueplus.com\/wp-content\/uploads\/2021\/03\/cropped-add-box-fill.png","contentUrl":"https:\/\/www.polycliniqueplus.com\/wp-content\/uploads\/2021\/03\/cropped-add-box-fill.png","width":512,"height":512,"caption":"Polycliniqueplus chirurgie esthetique Turquie"},"image":{"@id":"https:\/\/www.polycliniqueplus.com\/es\/#\/schema\/logo\/image\/"},"sameAs":["https:\/\/www.facebook.com\/polycliniqueplus","https:\/\/x.com\/polyclinique1","https:\/\/www.youtube.com\/channel\/UCAnK3TORJqflIuYGFa-JQDw"]}]}},"_links":{"self":[{"href":"https:\/\/www.polycliniqueplus.com\/es\/wp-json\/wp\/v2\/pages\/15235","targetHints":{"allow":["GET"]}}],"collection":[{"href":"https:\/\/www.polycliniqueplus.com\/es\/wp-json\/wp\/v2\/pages"}],"about":[{"href":"https:\/\/www.polycliniqueplus.com\/es\/wp-json\/wp\/v2\/types\/page"}],"author":[{"embeddable":true,"href":"https:\/\/www.polycliniqueplus.com\/es\/wp-json\/wp\/v2\/users\/1"}],"replies":[{"embeddable":true,"href":"https:\/\/www.polycliniqueplus.com\/es\/wp-json\/wp\/v2\/comments?post=15235"}],"version-history":[{"count":16,"href":"https:\/\/www.polycliniqueplus.com\/es\/wp-json\/wp\/v2\/pages\/15235\/revisions"}],"predecessor-version":[{"id":33048,"href":"https:\/\/www.polycliniqueplus.com\/es\/wp-json\/wp\/v2\/pages\/15235\/revisions\/33048"}],"wp:featuredmedia":[{"embeddable":true,"href":"https:\/\/www.polycliniqueplus.com\/es\/wp-json\/wp\/v2\/media\/15124"}],"wp:attachment":[{"href":"https:\/\/www.polycliniqueplus.com\/es\/wp-json\/wp\/v2\/media?parent=15235"}],"curies":[{"name":"wp","href":"https:\/\/api.w.org\/{rel}","templated":true}]}}