{"id":14269,"date":"2021-09-29T13:16:47","date_gmt":"2021-09-29T11:16:47","guid":{"rendered":"https:\/\/www.polycliniqueplus.com\/rejuvenecimiento-ovarico-mediante-inyeccion-de-prp-en-turquia\/"},"modified":"2025-12-12T12:41:36","modified_gmt":"2025-12-12T11:41:36","slug":"rejuvenecimiento-ovarico-prp-turquia","status":"publish","type":"page","link":"https:\/\/www.polycliniqueplus.com\/es\/rejuvenecimiento-ovarico-prp-turquia\/","title":{"rendered":"Rejuvenecimiento ov\u00e1rico mediante inyecci\u00f3n de PRP en Turqu\u00eda"},"content":{"rendered":"<div data-elementor-type=\"wp-page\" data-elementor-id=\"14269\" class=\"elementor elementor-14269 elementor-6856\" data-elementor-settings=\"{&quot;ha_cmc_init_switcher&quot;:&quot;no&quot;}\">\n\t\t\t\t\t\t<section class=\"elementor-section elementor-top-section elementor-element elementor-element-f33102c elementor-section-boxed elementor-section-height-default elementor-section-height-default\" data-id=\"f33102c\" data-element_type=\"section\" data-settings=\"{&quot;_ha_eqh_enable&quot;:false}\">\n\t\t\t\t\t\t<div class=\"elementor-container elementor-column-gap-default\">\n\t\t\t\t\t<div class=\"elementor-column elementor-col-50 elementor-top-column elementor-element elementor-element-04c42ce\" data-id=\"04c42ce\" data-element_type=\"column\">\n\t\t\t<div class=\"elementor-widget-wrap elementor-element-populated\">\n\t\t\t\t\t\t<div class=\"elementor-element elementor-element-a8d455a elementor-widget elementor-widget-text-editor\" data-id=\"a8d455a\" data-element_type=\"widget\" data-widget_type=\"text-editor.default\">\n\t\t\t\t<div class=\"elementor-widget-container\">\n\t\t\t\t\t\t\t<p>Los recientes avances tecnol\u00f3gicos han tra\u00eddo consigo <strong>tratamientos regenerativos para los ovarios<\/strong>.<\/p>\n<p>El tratamiento consiste en <strong>PRP o plaquetas ricas en plasma<\/strong>, que, con o sin terapia de c\u00e9lulas madre, es el nuevo enfoque terap\u00e9utico para <strong>restaurar la calidad de la reserva ov\u00e1rica<\/strong>.<\/p>\n\t\t\t\t\t\t<\/div>\n\t\t\t\t<\/div>\n\t\t\t\t<div class=\"elementor-element elementor-element-fa07389 elementor-widget elementor-widget-text-editor\" data-id=\"fa07389\" data-element_type=\"widget\" data-widget_type=\"text-editor.default\">\n\t\t\t\t<div class=\"elementor-widget-container\">\n\t\t\t\t\t\t\t<h2>\u00bfC\u00f3mo funciona?<\/h2>\nEn el <strong>rejuvenecimiento ov\u00e1rico en Turqu\u00eda<\/strong>, <a href=\"https:\/\/www.polycliniqueplus.com\/es\/prp-turquia\/\">el PRP<\/a> se inyecta directamente en los ovarios de la paciente, impregn\u00e1ndolos de prote\u00ednas ricas en factores de crecimiento y quimioatrayentes de c\u00e9lulas madre.\t\t\t\t\t\t<\/div>\n\t\t\t\t<\/div>\n\t\t\t\t\t<\/div>\n\t\t<\/div>\n\t\t\t\t<div class=\"elementor-column elementor-col-50 elementor-top-column elementor-element elementor-element-769c718\" data-id=\"769c718\" data-element_type=\"column\">\n\t\t\t<div class=\"elementor-widget-wrap elementor-element-populated\">\n\t\t\t\t\t\t<div class=\"elementor-element elementor-element-e2fc12d elementor-widget elementor-widget-image\" data-id=\"e2fc12d\" data-element_type=\"widget\" data-widget_type=\"image.default\">\n\t\t\t\t<div class=\"elementor-widget-container\">\n\t\t\t\t\t\t\t\t\t\t<figure class=\"wp-caption\">\n\t\t\t\t\t\t\t\t\t\t<noscript><img fetchpriority=\"high\" decoding=\"async\" width=\"640\" height=\"400\" src=\"https:\/\/www.polycliniqueplus.com\/wp-content\/uploads\/2021\/09\/rajeunissement-ovarien-prp-turquie.jpg\" class=\"attachment-large size-large wp-image-7599\" alt srcset=\"https:\/\/www.polycliniqueplus.com\/wp-content\/uploads\/2021\/09\/rajeunissement-ovarien-prp-turquie.jpg 720w, https:\/\/www.polycliniqueplus.com\/wp-content\/uploads\/2021\/09\/rajeunissement-ovarien-prp-turquie-300x188.jpg 300w\" sizes=\"(max-width: 640px) 100vw, 640px\"><\/noscript><img fetchpriority=\"high\" decoding=\"async\" width=\"640\" height=\"400\" src=\"data:image\/svg+xml,%3Csvg%20xmlns%3D%22http%3A%2F%2Fwww.w3.org%2F2000%2Fsvg%22%20viewBox%3D%220%200%20640%20400%22%3E%3C%2Fsvg%3E\" class=\"attachment-large size-large wp-image-7599 lazyload\" alt srcset=\"data:image\/svg+xml,%3Csvg%20xmlns%3D%22http%3A%2F%2Fwww.w3.org%2F2000%2Fsvg%22%20viewBox%3D%220%200%20640%20400%22%3E%3C%2Fsvg%3E 640w\" sizes=\"(max-width: 640px) 100vw, 640px\" data-srcset=\"https:\/\/www.polycliniqueplus.com\/wp-content\/uploads\/2021\/09\/rajeunissement-ovarien-prp-turquie.jpg 720w, https:\/\/www.polycliniqueplus.com\/wp-content\/uploads\/2021\/09\/rajeunissement-ovarien-prp-turquie-300x188.jpg 300w\" data-src=\"https:\/\/www.polycliniqueplus.com\/wp-content\/uploads\/2021\/09\/rajeunissement-ovarien-prp-turquie.jpg\">\t\t\t\t\t\t\t\t\t\t\t<figcaption class=\"widget-image-caption wp-caption-text\">Rejuvenecimiento ov\u00e1rico mediante inyecci\u00f3n de PRP en Turqu\u00eda<\/figcaption>\n\t\t\t\t\t\t\t\t\t\t<\/figure>\n\t\t\t\t\t\t\t<\/div>\n\t\t\t\t<\/div>\n\t\t\t\t\t<\/div>\n\t\t<\/div>\n\t\t\t\t\t<\/div>\n\t\t<\/section>\n\t\t\t\t<section class=\"elementor-section elementor-top-section elementor-element elementor-element-11cafae1 elementor-section-boxed elementor-section-height-default elementor-section-height-default\" data-id=\"11cafae1\" data-element_type=\"section\" data-settings=\"{&quot;_ha_eqh_enable&quot;:false}\">\n\t\t\t\t\t\t<div class=\"elementor-container elementor-column-gap-default\">\n\t\t\t\t\t<div class=\"elementor-column elementor-col-100 elementor-top-column elementor-element elementor-element-3f1f4b6f\" data-id=\"3f1f4b6f\" data-element_type=\"column\">\n\t\t\t<div class=\"elementor-widget-wrap elementor-element-populated\">\n\t\t\t\t\t\t<div class=\"elementor-element elementor-element-43ec79b8 elementor-widget elementor-widget-text-editor\" data-id=\"43ec79b8\" data-element_type=\"widget\" data-widget_type=\"text-editor.default\">\n\t\t\t\t<div class=\"elementor-widget-container\">\n\t\t\t\t\t\t\tEl proceso comienza con la sedaci\u00f3n intravenosa de la paciente, seguida de la <strong>inyecci\u00f3n de PRP en el ovario<\/strong>, que es esencialmente el mismo que el procedimiento in vitro, salvo que en esta t\u00e9cnica obtenemos \u00f3vulos de los ovarios.\n\n\t\t\t\t\t\t<\/div>\n\t\t\t\t<\/div>\n\t\t\t\t<div class=\"elementor-element elementor-element-802969f elementor-widget elementor-widget-text-editor\" data-id=\"802969f\" data-element_type=\"widget\" data-widget_type=\"text-editor.default\">\n\t\t\t\t<div class=\"elementor-widget-container\">\n\t\t\t\t\t\t\tTras la operaci\u00f3n, ir\u00e1 a la sala de recuperaci\u00f3n y es posible que experimente algunos calambres. Podr\u00e1 descansar durante aproximadamente una hora antes de que se le permita irse a casa con un familiar o amigo.\n\n\t\t\t\t\t\t<\/div>\n\t\t\t\t<\/div>\n\t\t\t\t<div class=\"elementor-element elementor-element-d4e59eb elementor-widget elementor-widget-text-editor\" data-id=\"d4e59eb\" data-element_type=\"widget\" data-widget_type=\"text-editor.default\">\n\t\t\t\t<div class=\"elementor-widget-container\">\n\t\t\t\t\t\t\tLas complicaciones son m\u00ednimas, ya que el procedimiento de <strong>rejuvenecimiento ov\u00e1rico con PRP <\/strong>es similar a la extracci\u00f3n de \u00f3vulos, pr\u00e1ctica habitual en Turqu\u00eda desde hace a\u00f1os.\n\n\t\t\t\t\t\t<\/div>\n\t\t\t\t<\/div>\n\t\t\t\t<div class=\"elementor-element elementor-element-c125ed8 elementor-widget elementor-widget-text-editor\" data-id=\"c125ed8\" data-element_type=\"widget\" data-widget_type=\"text-editor.default\">\n\t\t\t\t<div class=\"elementor-widget-container\">\n\t\t\t\t\t\t\tEl mejor resultado de la inyecci\u00f3n de PRP es la posibilidad de quedarse embarazada utilizando sus propios \u00f3vulos. No existe riesgo de infecci\u00f3n v\u00edrica transmitida por la sangre, ya que s\u00f3lo se le inyecta su propio PRP y en ning\u00fan momento se utilizan materiales sint\u00e9ticos.\n\n\t\t\t\t\t\t<\/div>\n\t\t\t\t<\/div>\n\t\t\t\t<div class=\"elementor-element elementor-element-834062b elementor-widget elementor-widget-text-editor\" data-id=\"834062b\" data-element_type=\"widget\" data-widget_type=\"text-editor.default\">\n\t\t\t\t<div class=\"elementor-widget-container\">\n\t\t\t\t\t\t\tEl PRP tambi\u00e9n puede ser un beneficio a\u00f1adido para las <b>mujeres en la menopausia<\/b>, ya que el tratamiento ha <b>restablecido la menstruaci\u00f3n y equilibrado las hormonas<\/b>.\n\t\t\t\t\t\t<\/div>\n\t\t\t\t<\/div>\n\t\t\t\t\t<\/div>\n\t\t<\/div>\n\t\t\t\t\t<\/div>\n\t\t<\/section>\n\t\t\t\t<section class=\"elementor-section elementor-top-section elementor-element elementor-element-5eeaac2 elementor-section-boxed elementor-section-height-default elementor-section-height-default\" data-id=\"5eeaac2\" data-element_type=\"section\" data-settings=\"{&quot;_ha_eqh_enable&quot;:false}\">\n\t\t\t\t\t\t<div class=\"elementor-container elementor-column-gap-default\">\n\t\t\t\t\t<div class=\"elementor-column elementor-col-100 elementor-top-column elementor-element elementor-element-1ca7258\" data-id=\"1ca7258\" data-element_type=\"column\">\n\t\t\t<div class=\"elementor-widget-wrap elementor-element-populated\">\n\t\t\t\t\t\t<div class=\"elementor-element elementor-element-26f3746 elementor-widget elementor-widget-text-editor\" data-id=\"26f3746\" data-element_type=\"widget\" data-widget_type=\"text-editor.default\">\n\t\t\t\t<div class=\"elementor-widget-container\">\n\t\t\t\t\t\t\t<h2>\u00bfQui\u00e9n puede beneficiarse del rejuvenecimiento ov\u00e1rico?<\/h2>\nEl m\u00e9dico realiza una consulta inicial para determinar si una paciente es candidata al rejuvenecimiento ov\u00e1rico. Durante esta consulta, revisa el historial m\u00e9dico, reproductivo y endocrinol\u00f3gico del paciente.\n\n\t\t\t\t\t\t<\/div>\n\t\t\t\t<\/div>\n\t\t\t\t<div class=\"elementor-element elementor-element-5ad3e50 elementor-widget elementor-widget-text-editor\" data-id=\"5ad3e50\" data-element_type=\"widget\" data-widget_type=\"text-editor.default\">\n\t\t\t\t<div class=\"elementor-widget-container\">\n\t\t\t\t\t\t\tSi es necesario realizar an\u00e1lisis de sangre o ecograf\u00edas adicionales antes de programar el procedimiento, se enviar\u00e1 una solicitud de laboratorio por correo electr\u00f3nico para que los pacientes puedan realizar las pruebas in situ.\n\n\t\t\t\t\t\t<\/div>\n\t\t\t\t<\/div>\n\t\t\t\t<div class=\"elementor-element elementor-element-1a1ab35 elementor-widget elementor-widget-text-editor\" data-id=\"1a1ab35\" data-element_type=\"widget\" data-widget_type=\"text-editor.default\">\n\t\t\t\t<div class=\"elementor-widget-container\">\n\t\t\t\t\t\t\tAunque es necesaria una evaluaci\u00f3n para confirmar que una paciente es una buena candidata, las mujeres con los siguientes problemas pueden beneficiarse del rejuvenecimiento ov\u00e1rico:\n\t\t\t\t\t\t<\/div>\n\t\t\t\t<\/div>\n\t\t\t\t<div class=\"elementor-element elementor-element-4da8ed7 elementor-widget elementor-widget-text-editor\" data-id=\"4da8ed7\" data-element_type=\"widget\" data-widget_type=\"text-editor.default\">\n\t\t\t\t<div class=\"elementor-widget-container\">\n\t\t\t\t\t\t\t<ul>\n \t<li>Mujeres que desean concebir sin recurrir a una donante de \u00f3vulos, o que desean restablecer su equilibrio hormonal y su deseo sexual de forma natural.<\/li>\n \t<li>Mujeres con deficiencias hormonales que no desean tomar hormonas.<\/li>\n \t<li>Mujeres de cualquier edad con infertilidad asociada a una baja reserva de \u00f3vulos.<\/li>\n \t<li>Mujeres cuyo <a href=\"https:\/\/www.polycliniqueplus.com\/es\/in-vitro-turquia\/\">\n  <strong>Tratamientos de FIV<\/strong>\n<\/a> tratamientos han fracasado y suelen producir embriones de mala calidad o gen\u00e9ticamente anormales.<\/li>\n \t<li>Mujeres con infertilidad inexplicada<\/li>\n \t<li>Mujeres con tiroiditis de Hashimoto cuya infertilidad est\u00e1 asociada a una <strong>baja reserva de \u00f3vulos<\/strong>.<\/li>\n \t<li>Mujeres con fallo ov\u00e1rico prematuro (FOP).<\/li>\n \t<li>Mujeres con insuficiencia ov\u00e1rica primaria.<\/li>\n \t<li>Mujeres con s\u00edntomas menop\u00e1usicos debidos al tratamiento del c\u00e1ncer.<\/li>\n<\/ul>\t\t\t\t\t\t<\/div>\n\t\t\t\t<\/div>\n\t\t\t\t\t<\/div>\n\t\t<\/div>\n\t\t\t\t\t<\/div>\n\t\t<\/section>\n\t\t\t\t<\/div>\n\t\t","protected":false},"excerpt":{"rendered":"<p>Los recientes avances tecnol\u00f3gicos han tra\u00eddo consigo tratamientos regenerativos para los ovarios. El tratamiento consiste en PRP o plaquetas ricas en plasma, que, con o sin terapia de c\u00e9lulas madre, es el nuevo enfoque terap\u00e9utico para restaurar la calidad de la reserva ov\u00e1rica. \u00bfC\u00f3mo funciona? En el rejuvenecimiento ov\u00e1rico en Turqu\u00eda, el PRP se inyecta [&hellip;]<\/p>\n","protected":false},"author":1,"featured_media":7599,"parent":0,"menu_order":0,"comment_status":"closed","ping_status":"closed","template":"","meta":{"footnotes":""},"class_list":["post-14269","page","type-page","status-publish","has-post-thumbnail","hentry"],"yoast_head":"<!-- This site is optimized with the Yoast SEO plugin v27.3 - https:\/\/yoast.com\/product\/yoast-seo-wordpress\/ -->\n<title>Rejuvenecimiento ov\u00e1rico Turqu\u00eda: inyecci\u00f3n de PRP para restaurar la reserva ov\u00e1rica<\/title>\n<meta name=\"description\" content=\"Rejuvenecimiento ov\u00e1rico Turqu\u00eda: Polycliniqueplus ofrece rejuvenecimiento ov\u00e1rico, un reciente avance tecnol\u00f3gico que permite tratamientos regenerativos para los ovarios.\" \/>\n<meta name=\"robots\" content=\"index, follow, max-snippet:-1, max-image-preview:large, max-video-preview:-1\" \/>\n<link rel=\"canonical\" href=\"https:\/\/www.polycliniqueplus.com\/es\/rejuvenecimiento-ovarico-prp-turquia\/\" \/>\n<meta property=\"og:locale\" content=\"es_ES\" \/>\n<meta property=\"og:type\" content=\"article\" \/>\n<meta property=\"og:title\" content=\"Rejuvenecimiento ov\u00e1rico Turqu\u00eda: inyecci\u00f3n de PRP para restaurar la reserva ov\u00e1rica\" \/>\n<meta property=\"og:description\" content=\"Rejuvenecimiento ov\u00e1rico Turqu\u00eda: Polycliniqueplus ofrece rejuvenecimiento ov\u00e1rico, un reciente avance tecnol\u00f3gico que permite tratamientos regenerativos para los ovarios.\" \/>\n<meta property=\"og:url\" content=\"https:\/\/www.polycliniqueplus.com\/es\/rejuvenecimiento-ovarico-prp-turquia\/\" \/>\n<meta property=\"og:site_name\" content=\"Chirurgie esthetique Turquie : Prix interventions meilleures cliniques Istanbul\" \/>\n<meta property=\"article:publisher\" content=\"https:\/\/www.facebook.com\/polycliniqueplus\" \/>\n<meta property=\"article:modified_time\" content=\"2025-12-12T11:41:36+00:00\" \/>\n<meta property=\"og:image\" content=\"https:\/\/www.polycliniqueplus.com\/wp-content\/uploads\/2021\/09\/rajeunissement-ovarien-prp-turquie.jpg\" \/>\n\t<meta property=\"og:image:width\" content=\"720\" \/>\n\t<meta property=\"og:image:height\" content=\"450\" \/>\n\t<meta property=\"og:image:type\" content=\"image\/jpeg\" \/>\n<meta name=\"twitter:card\" content=\"summary_large_image\" \/>\n<meta name=\"twitter:site\" content=\"@polyclinique1\" \/>\n<meta name=\"twitter:label1\" content=\"Tiempo de lectura\" \/>\n\t<meta name=\"twitter:data1\" content=\"3 minutos\" \/>\n<script type=\"application\/ld+json\" class=\"yoast-schema-graph\">{\"@context\":\"https:\\\/\\\/schema.org\",\"@graph\":[{\"@type\":\"WebPage\",\"@id\":\"https:\\\/\\\/www.polycliniqueplus.com\\\/es\\\/rejuvenecimiento-ovarico-prp-turquia\\\/\",\"url\":\"https:\\\/\\\/www.polycliniqueplus.com\\\/es\\\/rejuvenecimiento-ovarico-prp-turquia\\\/\",\"name\":\"Rejuvenecimiento ov\u00e1rico Turqu\u00eda: inyecci\u00f3n de PRP para restaurar la reserva ov\u00e1rica\",\"isPartOf\":{\"@id\":\"https:\\\/\\\/www.polycliniqueplus.com\\\/es\\\/#website\"},\"primaryImageOfPage\":{\"@id\":\"https:\\\/\\\/www.polycliniqueplus.com\\\/es\\\/rejuvenecimiento-ovarico-prp-turquia\\\/#primaryimage\"},\"image\":{\"@id\":\"https:\\\/\\\/www.polycliniqueplus.com\\\/es\\\/rejuvenecimiento-ovarico-prp-turquia\\\/#primaryimage\"},\"thumbnailUrl\":\"https:\\\/\\\/www.polycliniqueplus.com\\\/wp-content\\\/uploads\\\/2021\\\/09\\\/rajeunissement-ovarien-prp-turquie.jpg\",\"datePublished\":\"2021-09-29T11:16:47+00:00\",\"dateModified\":\"2025-12-12T11:41:36+00:00\",\"description\":\"Rejuvenecimiento ov\u00e1rico Turqu\u00eda: Polycliniqueplus ofrece rejuvenecimiento ov\u00e1rico, un reciente avance tecnol\u00f3gico que permite tratamientos regenerativos para los ovarios.\",\"breadcrumb\":{\"@id\":\"https:\\\/\\\/www.polycliniqueplus.com\\\/es\\\/rejuvenecimiento-ovarico-prp-turquia\\\/#breadcrumb\"},\"inLanguage\":\"es\",\"potentialAction\":[{\"@type\":\"ReadAction\",\"target\":[\"https:\\\/\\\/www.polycliniqueplus.com\\\/es\\\/rejuvenecimiento-ovarico-prp-turquia\\\/\"]}]},{\"@type\":\"ImageObject\",\"inLanguage\":\"es\",\"@id\":\"https:\\\/\\\/www.polycliniqueplus.com\\\/es\\\/rejuvenecimiento-ovarico-prp-turquia\\\/#primaryimage\",\"url\":\"https:\\\/\\\/www.polycliniqueplus.com\\\/wp-content\\\/uploads\\\/2021\\\/09\\\/rajeunissement-ovarien-prp-turquie.jpg\",\"contentUrl\":\"https:\\\/\\\/www.polycliniqueplus.com\\\/wp-content\\\/uploads\\\/2021\\\/09\\\/rajeunissement-ovarien-prp-turquie.jpg\",\"width\":720,\"height\":450,\"caption\":\"rajeunissement-ovarien-prp-turquie\"},{\"@type\":\"BreadcrumbList\",\"@id\":\"https:\\\/\\\/www.polycliniqueplus.com\\\/es\\\/rejuvenecimiento-ovarico-prp-turquia\\\/#breadcrumb\",\"itemListElement\":[{\"@type\":\"ListItem\",\"position\":1,\"name\":\"Accueil\",\"item\":\"https:\\\/\\\/www.polycliniqueplus.com\\\/es\\\/\"},{\"@type\":\"ListItem\",\"position\":2,\"name\":\"Rejuvenecimiento ov\u00e1rico mediante inyecci\u00f3n de PRP en Turqu\u00eda\"}]},{\"@type\":\"WebSite\",\"@id\":\"https:\\\/\\\/www.polycliniqueplus.com\\\/es\\\/#website\",\"url\":\"https:\\\/\\\/www.polycliniqueplus.com\\\/es\\\/\",\"name\":\"Chirurgie esthetique Turquie : Prix interventions meilleures cliniques Istanbul\",\"description\":\"Chirurgie esthetique Turquie prix pas cher\",\"publisher\":{\"@id\":\"https:\\\/\\\/www.polycliniqueplus.com\\\/es\\\/#organization\"},\"potentialAction\":[{\"@type\":\"SearchAction\",\"target\":{\"@type\":\"EntryPoint\",\"urlTemplate\":\"https:\\\/\\\/www.polycliniqueplus.com\\\/es\\\/?s={search_term_string}\"},\"query-input\":{\"@type\":\"PropertyValueSpecification\",\"valueRequired\":true,\"valueName\":\"search_term_string\"}}],\"inLanguage\":\"es\"},{\"@type\":\"Organization\",\"@id\":\"https:\\\/\\\/www.polycliniqueplus.com\\\/es\\\/#organization\",\"name\":\"Polycliniqueplus chirurgie esthetique Turquie\",\"url\":\"https:\\\/\\\/www.polycliniqueplus.com\\\/es\\\/\",\"logo\":{\"@type\":\"ImageObject\",\"inLanguage\":\"es\",\"@id\":\"https:\\\/\\\/www.polycliniqueplus.com\\\/es\\\/#\\\/schema\\\/logo\\\/image\\\/\",\"url\":\"https:\\\/\\\/www.polycliniqueplus.com\\\/wp-content\\\/uploads\\\/2021\\\/03\\\/cropped-add-box-fill.png\",\"contentUrl\":\"https:\\\/\\\/www.polycliniqueplus.com\\\/wp-content\\\/uploads\\\/2021\\\/03\\\/cropped-add-box-fill.png\",\"width\":512,\"height\":512,\"caption\":\"Polycliniqueplus chirurgie esthetique Turquie\"},\"image\":{\"@id\":\"https:\\\/\\\/www.polycliniqueplus.com\\\/es\\\/#\\\/schema\\\/logo\\\/image\\\/\"},\"sameAs\":[\"https:\\\/\\\/www.facebook.com\\\/polycliniqueplus\",\"https:\\\/\\\/x.com\\\/polyclinique1\",\"https:\\\/\\\/www.youtube.com\\\/channel\\\/UCAnK3TORJqflIuYGFa-JQDw\"]}]}<\/script>\n<!-- \/ Yoast SEO plugin. -->","yoast_head_json":{"title":"Rejuvenecimiento ov\u00e1rico Turqu\u00eda: inyecci\u00f3n de PRP para restaurar la reserva ov\u00e1rica","description":"Rejuvenecimiento ov\u00e1rico Turqu\u00eda: Polycliniqueplus ofrece rejuvenecimiento ov\u00e1rico, un reciente avance tecnol\u00f3gico que permite tratamientos regenerativos para los ovarios.","robots":{"index":"index","follow":"follow","max-snippet":"max-snippet:-1","max-image-preview":"max-image-preview:large","max-video-preview":"max-video-preview:-1"},"canonical":"https:\/\/www.polycliniqueplus.com\/es\/rejuvenecimiento-ovarico-prp-turquia\/","og_locale":"es_ES","og_type":"article","og_title":"Rejuvenecimiento ov\u00e1rico Turqu\u00eda: inyecci\u00f3n de PRP para restaurar la reserva ov\u00e1rica","og_description":"Rejuvenecimiento ov\u00e1rico Turqu\u00eda: Polycliniqueplus ofrece rejuvenecimiento ov\u00e1rico, un reciente avance tecnol\u00f3gico que permite tratamientos regenerativos para los ovarios.","og_url":"https:\/\/www.polycliniqueplus.com\/es\/rejuvenecimiento-ovarico-prp-turquia\/","og_site_name":"Chirurgie esthetique Turquie : Prix interventions meilleures cliniques Istanbul","article_publisher":"https:\/\/www.facebook.com\/polycliniqueplus","article_modified_time":"2025-12-12T11:41:36+00:00","og_image":[{"width":720,"height":450,"url":"https:\/\/www.polycliniqueplus.com\/wp-content\/uploads\/2021\/09\/rajeunissement-ovarien-prp-turquie.jpg","type":"image\/jpeg"}],"twitter_card":"summary_large_image","twitter_site":"@polyclinique1","twitter_misc":{"Tiempo de lectura":"3 minutos"},"schema":{"@context":"https:\/\/schema.org","@graph":[{"@type":"WebPage","@id":"https:\/\/www.polycliniqueplus.com\/es\/rejuvenecimiento-ovarico-prp-turquia\/","url":"https:\/\/www.polycliniqueplus.com\/es\/rejuvenecimiento-ovarico-prp-turquia\/","name":"Rejuvenecimiento ov\u00e1rico Turqu\u00eda: inyecci\u00f3n de PRP para restaurar la reserva ov\u00e1rica","isPartOf":{"@id":"https:\/\/www.polycliniqueplus.com\/es\/#website"},"primaryImageOfPage":{"@id":"https:\/\/www.polycliniqueplus.com\/es\/rejuvenecimiento-ovarico-prp-turquia\/#primaryimage"},"image":{"@id":"https:\/\/www.polycliniqueplus.com\/es\/rejuvenecimiento-ovarico-prp-turquia\/#primaryimage"},"thumbnailUrl":"https:\/\/www.polycliniqueplus.com\/wp-content\/uploads\/2021\/09\/rajeunissement-ovarien-prp-turquie.jpg","datePublished":"2021-09-29T11:16:47+00:00","dateModified":"2025-12-12T11:41:36+00:00","description":"Rejuvenecimiento ov\u00e1rico Turqu\u00eda: Polycliniqueplus ofrece rejuvenecimiento ov\u00e1rico, un reciente avance tecnol\u00f3gico que permite tratamientos regenerativos para los ovarios.","breadcrumb":{"@id":"https:\/\/www.polycliniqueplus.com\/es\/rejuvenecimiento-ovarico-prp-turquia\/#breadcrumb"},"inLanguage":"es","potentialAction":[{"@type":"ReadAction","target":["https:\/\/www.polycliniqueplus.com\/es\/rejuvenecimiento-ovarico-prp-turquia\/"]}]},{"@type":"ImageObject","inLanguage":"es","@id":"https:\/\/www.polycliniqueplus.com\/es\/rejuvenecimiento-ovarico-prp-turquia\/#primaryimage","url":"https:\/\/www.polycliniqueplus.com\/wp-content\/uploads\/2021\/09\/rajeunissement-ovarien-prp-turquie.jpg","contentUrl":"https:\/\/www.polycliniqueplus.com\/wp-content\/uploads\/2021\/09\/rajeunissement-ovarien-prp-turquie.jpg","width":720,"height":450,"caption":"rajeunissement-ovarien-prp-turquie"},{"@type":"BreadcrumbList","@id":"https:\/\/www.polycliniqueplus.com\/es\/rejuvenecimiento-ovarico-prp-turquia\/#breadcrumb","itemListElement":[{"@type":"ListItem","position":1,"name":"Accueil","item":"https:\/\/www.polycliniqueplus.com\/es\/"},{"@type":"ListItem","position":2,"name":"Rejuvenecimiento ov\u00e1rico mediante inyecci\u00f3n de PRP en Turqu\u00eda"}]},{"@type":"WebSite","@id":"https:\/\/www.polycliniqueplus.com\/es\/#website","url":"https:\/\/www.polycliniqueplus.com\/es\/","name":"Chirurgie esthetique Turquie : Prix interventions meilleures cliniques Istanbul","description":"Chirurgie esthetique Turquie prix pas cher","publisher":{"@id":"https:\/\/www.polycliniqueplus.com\/es\/#organization"},"potentialAction":[{"@type":"SearchAction","target":{"@type":"EntryPoint","urlTemplate":"https:\/\/www.polycliniqueplus.com\/es\/?s={search_term_string}"},"query-input":{"@type":"PropertyValueSpecification","valueRequired":true,"valueName":"search_term_string"}}],"inLanguage":"es"},{"@type":"Organization","@id":"https:\/\/www.polycliniqueplus.com\/es\/#organization","name":"Polycliniqueplus chirurgie esthetique Turquie","url":"https:\/\/www.polycliniqueplus.com\/es\/","logo":{"@type":"ImageObject","inLanguage":"es","@id":"https:\/\/www.polycliniqueplus.com\/es\/#\/schema\/logo\/image\/","url":"https:\/\/www.polycliniqueplus.com\/wp-content\/uploads\/2021\/03\/cropped-add-box-fill.png","contentUrl":"https:\/\/www.polycliniqueplus.com\/wp-content\/uploads\/2021\/03\/cropped-add-box-fill.png","width":512,"height":512,"caption":"Polycliniqueplus chirurgie esthetique Turquie"},"image":{"@id":"https:\/\/www.polycliniqueplus.com\/es\/#\/schema\/logo\/image\/"},"sameAs":["https:\/\/www.facebook.com\/polycliniqueplus","https:\/\/x.com\/polyclinique1","https:\/\/www.youtube.com\/channel\/UCAnK3TORJqflIuYGFa-JQDw"]}]}},"_links":{"self":[{"href":"https:\/\/www.polycliniqueplus.com\/es\/wp-json\/wp\/v2\/pages\/14269","targetHints":{"allow":["GET"]}}],"collection":[{"href":"https:\/\/www.polycliniqueplus.com\/es\/wp-json\/wp\/v2\/pages"}],"about":[{"href":"https:\/\/www.polycliniqueplus.com\/es\/wp-json\/wp\/v2\/types\/page"}],"author":[{"embeddable":true,"href":"https:\/\/www.polycliniqueplus.com\/es\/wp-json\/wp\/v2\/users\/1"}],"replies":[{"embeddable":true,"href":"https:\/\/www.polycliniqueplus.com\/es\/wp-json\/wp\/v2\/comments?post=14269"}],"version-history":[{"count":8,"href":"https:\/\/www.polycliniqueplus.com\/es\/wp-json\/wp\/v2\/pages\/14269\/revisions"}],"predecessor-version":[{"id":33051,"href":"https:\/\/www.polycliniqueplus.com\/es\/wp-json\/wp\/v2\/pages\/14269\/revisions\/33051"}],"wp:featuredmedia":[{"embeddable":true,"href":"https:\/\/www.polycliniqueplus.com\/es\/wp-json\/wp\/v2\/media\/7599"}],"wp:attachment":[{"href":"https:\/\/www.polycliniqueplus.com\/es\/wp-json\/wp\/v2\/media?parent=14269"}],"curies":[{"name":"wp","href":"https:\/\/api.w.org\/{rel}","templated":true}]}}