{"id":10245,"date":"2017-06-21T13:58:26","date_gmt":"2017-06-21T11:58:26","guid":{"rendered":"https:\/\/www.polycliniqueplus.com\/eleccion-del-cirujano-plastico\/"},"modified":"2022-12-28T15:17:48","modified_gmt":"2022-12-28T14:17:48","slug":"eleccion-cirujano-plastico","status":"publish","type":"page","link":"https:\/\/www.polycliniqueplus.com\/es\/eleccion-cirujano-plastico\/","title":{"rendered":"Elecci\u00f3n del cirujano pl\u00e1stico"},"content":{"rendered":"\t\t<div data-elementor-type=\"wp-page\" data-elementor-id=\"10245\" class=\"elementor elementor-10245 elementor-509\" data-elementor-settings=\"{&quot;ha_cmc_init_switcher&quot;:&quot;no&quot;}\">\n\t\t\t\t\t\t<section class=\"elementor-section elementor-top-section elementor-element elementor-element-c58ea9a elementor-section-boxed elementor-section-height-default elementor-section-height-default\" data-id=\"c58ea9a\" data-element_type=\"section\" data-settings=\"{&quot;_ha_eqh_enable&quot;:false}\">\n\t\t\t\t\t\t<div class=\"elementor-container elementor-column-gap-default\">\n\t\t\t\t\t<div class=\"elementor-column elementor-col-100 elementor-top-column elementor-element elementor-element-666ecaa\" data-id=\"666ecaa\" data-element_type=\"column\">\n\t\t\t<div class=\"elementor-widget-wrap elementor-element-populated\">\n\t\t\t\t\t\t<div class=\"elementor-element elementor-element-765271be elementor-widget elementor-widget-text-editor\" data-id=\"765271be\" data-element_type=\"widget\" data-widget_type=\"text-editor.default\">\n\t\t\t\t<div class=\"elementor-widget-container\">\n\t\t\t\t\t\t\tAntes de confiar en un <strong>cirujano est\u00e9tico<\/strong>, aseg\u00farese de que est\u00e1 cualificado, mire las fotos de antes y despu\u00e9s publicadas por sus pacientes y re\u00fanase con \u00e9l para una consulta, ya sea en persona, por tel\u00e9fono o por Skype, si est\u00e1 fuera de su zona.\n\nLe recomendamos que consulte al menos a tres cirujanos, para que pueda comparar sus respuestas y enfoques. Utilice esta lista de preguntas esenciales en sus citas para hacerse una idea lo m\u00e1s completa posible de su experiencia, cualificaciones y lo que puede esperar si los elige.\n<h2>1. \u00bfEst\u00e1 certificado para realizar esta operaci\u00f3n?<\/h2>\n<strong>\n  <a href=\"https:\/\/www.polycliniqueplus.com\/es\/cirujanos\/\">Nuestros cirujanos est\u00e9ticos<\/a>\n<\/strong> han recibido la formaci\u00f3n m\u00e1s rigurosa, han superado ex\u00e1menes escritos y orales y siguen un estricto c\u00f3digo de \u00e9tica m\u00e9dica.\n\nPreste atenci\u00f3n tambi\u00e9n a c\u00f3mo describen las credenciales de su personal y su compromiso con la seguridad del paciente.\n<h2>2. \u00bfEn qu\u00e9 cl\u00ednica trabaja?<\/h2>\nSu cirug\u00eda debe realizarse en una cl\u00ednica especializada en <strong>cirug\u00eda est\u00e9tica, pl\u00e1stica y reparadora<\/strong> o en un centro acreditado de cirug\u00eda ambulatoria que haya sido certificado para la seguridad del paciente. Le recomendamos que se someta a su <strong>cirug\u00eda est\u00e9tica en Turqu\u00eda en la Hope Clinic<\/strong>, la mejor <strong>cl\u00ednica est\u00e9tica de Turqu\u00eda<\/strong>.\n<h2>3. \u00bfCu\u00e1l es el coste de esta intervenci\u00f3n de cirug\u00eda est\u00e9tica?<\/h2>\n <strong>Los precios de la cirug\u00eda est\u00e9tica<\/strong> pueden variar considerablemente en funci\u00f3n de las t\u00e9cnicas utilizadas, el nivel de experiencia del cirujano y el lugar, as\u00ed como de los costes adicionales de la sala quir\u00fargica, la anestesia y la cita postoperatoria.\n<h2>4. \u00bfTiene privilegios hospitalarios para esta operaci\u00f3n?<\/h2>\nAunque su intervenci\u00f3n se realice en un centro de cirug\u00eda ambulatoria, los privilegios hospitalarios significan que otros m\u00e9dicos han verificado su formaci\u00f3n y cualificaci\u00f3n. Si su m\u00e9dico opera sin privilegios hospitalarios y surge una complicaci\u00f3n, podr\u00eda acabar siendo enviado a urgencias sin acceso a la mejor atenci\u00f3n.\n<h2>5. \u00bfCu\u00e1ntas operaciones ha realizado este mes?<\/h2>\nElija un cirujano con cuyo nivel de experiencia se sienta c\u00f3modo y f\u00edjese si elude la pregunta de cu\u00e1ntas cirug\u00edas hace al mes. Algunos cirujanos est\u00e9ticos funcionan casi como una cadena de montaje, realizando diez o m\u00e1s operaciones al d\u00eda a un ritmo que parece peligroso.\n<h2>6. \u00bfPuedo ver fotos de antes y despu\u00e9s de sus pacientes?<\/h2>\nExija ver fotos del antes y el despu\u00e9s o v\u00eddeos recientes. Preste especial atenci\u00f3n a los pacientes que tienen caracter\u00edsticas similares, para que pueda hacerse una idea de c\u00f3mo su cirujano adaptar\u00e1 el procedimiento a su tipo de cuerpo. Su consulta puede incluso facilitarle informaci\u00f3n de contacto de pacientes anteriores que se hayan sometido a procedimientos similares y est\u00e9n dispuestos a responder a sus preguntas.\n<h2>7. \u00bfSoy un buen candidato para esta operaci\u00f3n?<\/h2>\nSea sincero con su cirujano para evitar complicaciones graves tras su cirug\u00eda est\u00e9tica en Turqu\u00eda.\n<h2>8. \u00bfQu\u00e9 debo hacer para que mi operaci\u00f3n tenga \u00e9xito?<\/h2>\nSu m\u00e9dico le explicar\u00e1 las medidas que debe tomar antes y despu\u00e9s de la intervenci\u00f3n para obtener los mejores resultados. \u00bfPuede dejar de fumar? \u00bfPuede tomarse d\u00edas libres? Si no es as\u00ed, es posible que deba reconsiderar su cirug\u00eda.\n<h2>9. \u00bfCu\u00e1les son los riesgos?<\/h2>\nEs imprescindible sopesar los beneficios y los riesgos de cualquier intervenci\u00f3n de cirug\u00eda est\u00e9tica.\n<h2>10. \u00bfQu\u00e9 t\u00e9cnicas espec\u00edficas recomendar\u00eda?<\/h2>\nEl m\u00e9dico debe comprometerle con la t\u00e9cnica que le dar\u00e1 los resultados que busca. Si un m\u00e9dico est\u00e1 mucho m\u00e1s dispuesto que otros a llegar a extremos, puede ser una se\u00f1al de alarma. Si los dem\u00e1s te dicen que lo que quieres es demasiado arriesgado, no ignores sus opiniones. Lo que parece una cirug\u00eda menor puede conllevar graves riesgos, y su salud es mucho m\u00e1s importante que su aspecto.\n<h2>11. \u00bfQu\u00e9 anestesia elegir?<\/h2>\nEn la mayor\u00eda de las intervenciones de cirug\u00eda est\u00e9tica se utilizan tres tipos principales de anestesia: anestesia general, anestesia locorregional y \u00abloco-sedaci\u00f3n\u00bb. Cada uno tiene sus ventajas y sus riesgos. Pida m\u00e1s informaci\u00f3n a su cirujano.\n<h2>12. \u00bfLa anestesia la administrar\u00e1 un anestesista o un enfermero diplomado?<\/h2>\nSu anestesia debe ser administrada siempre por un anestesista. Debe estar presente durante toda la operaci\u00f3n y durante la recuperaci\u00f3n.\n<h2>13. \u00bfQui\u00e9n me operar\u00e1?<\/h2>\nEs esencial confirmar que el m\u00e9dico que le atienda ser\u00e1 el mismo que le opere. En algunos consultorios, puede que tenga una consulta con su m\u00e9dico de cabecera, s\u00f3lo para que le remita a otro m\u00e9dico con credenciales y experiencia inadecuadas.\n<h2>14. \u00bfQu\u00e9 cualificaci\u00f3n y experiencia tienen sus asistentes?<\/h2>\nUn buen equipo quir\u00fargico (enfermeras, anestesistas y auxiliares de enfermer\u00eda), titulado y con experiencia en el campo de la cirug\u00eda est\u00e9tica, contribuye a garantizar su seguridad.\n<h2>15. \u00bfHay complicaciones tras la operaci\u00f3n?<\/h2>\nUn cirujano competente y con experiencia debe discutir con usted las complicaciones esperadas. Algunas cuestiones no tienen nada que ver con la competencia del cirujano pl\u00e1stico, sino con la forma en que el cuerpo se cura. Estas respuestas le ayudar\u00e1n a decidir con seguridad si se opera o no.\n<h2>16. Si se produce una complicaci\u00f3n durante o despu\u00e9s de la intervenci\u00f3n, \u00bfc\u00f3mo puede tratarse?<\/h2>\nAunque se re\u00fana con su cirujano en un centro de cirug\u00eda ambulatoria, \u00e9ste debe tener privilegios de ingreso en una cl\u00ednica especializada en cirug\u00eda est\u00e9tica en caso de complicaci\u00f3n grave.\n<h2>17. \u00bfD\u00f3nde me recuperar\u00e9 despu\u00e9s de la operaci\u00f3n?<\/h2>\nLos d\u00edas de recuperaci\u00f3n son necesarios despu\u00e9s de su operaci\u00f3n de cirug\u00eda pl\u00e1stica. <strong>Polycliniqueplus<\/strong> le garantiza que pasar\u00e1 su periodo de convalecencia en un entorno excepcional que combina un clima suave, una atenci\u00f3n de calidad y un servicio hotelero de lujo.\n<h2>18. \u00bfCu\u00e1ntos d\u00edas de convalecencia?<\/h2>\nEs importante saber qu\u00e9 esperar despu\u00e9s de la operaci\u00f3n y cu\u00e1nto durar\u00e1 el periodo de recuperaci\u00f3n. \u00bfCu\u00e1ndo puede recoger a sus hijos? \u00bfCu\u00e1ndo puede volver a conducir o al trabajo?\n\nProbablemente necesitar\u00e1 un cuidador que le lleve y le traiga del quir\u00f3fano y que permanezca con usted 24 horas despu\u00e9s de la intervenci\u00f3n. Su m\u00e9dico le explicar\u00e1 las pautas postoperatorias.\n<h2>19. \u00bfQui\u00e9n se encargar\u00e1 de los cuidados, el seguimiento y las visitas?<\/h2>\nLos cuidados de recuperaci\u00f3n son tan importantes para el resultado como la propia intervenci\u00f3n quir\u00fargica. Si el cirujano no va a proporcionarle cuidados postoperatorios en las visitas de seguimiento, deber\u00e1 atenderle una enfermera que pueda avisar al cirujano inmediatamente.\n<h2>20. \u00bfY si no estoy satisfecho con el resultado?<\/h2>\nCada cirujano tiene su propia pol\u00edtica en materia de cirug\u00eda de revisi\u00f3n. Suponiendo una cicatrizaci\u00f3n adecuada, muchos m\u00e9dicos cobran unos honorarios quir\u00fargicos reducidos, pero los gastos de anestesia e instalaci\u00f3n siguen siendo fijos. Lo ideal ser\u00eda presentar esta informaci\u00f3n antes del procedimiento inicial.\n\n&nbsp;\t\t\t\t\t\t<\/div>\n\t\t\t\t<\/div>\n\t\t\t\t\t<\/div>\n\t\t<\/div>\n\t\t\t\t\t<\/div>\n\t\t<\/section>\n\t\t\t\t<section class=\"elementor-section elementor-top-section elementor-element elementor-element-da12535 elementor-section-boxed elementor-section-height-default elementor-section-height-default\" data-id=\"da12535\" data-element_type=\"section\" data-settings=\"{&quot;background_background&quot;:&quot;classic&quot;,&quot;_ha_eqh_enable&quot;:false}\">\n\t\t\t\t\t\t<div class=\"elementor-container elementor-column-gap-default\">\n\t\t\t\t\t<div class=\"elementor-column elementor-col-100 elementor-top-column elementor-element elementor-element-af9cd4d\" data-id=\"af9cd4d\" data-element_type=\"column\">\n\t\t\t<div class=\"elementor-widget-wrap elementor-element-populated\">\n\t\t\t\t\t\t<div class=\"elementor-element elementor-element-42e1606 elementor-widget elementor-widget-text-editor\" data-id=\"42e1606\" data-element_type=\"widget\" data-widget_type=\"text-editor.default\">\n\t\t\t\t<div class=\"elementor-widget-container\">\n\t\t\t\t\t\t\t<p><iframe class=\"devisExpress\" style=\"height: 500px; width: 99%; border: none;\" src=\"https:\/\/forms.zohopublic.com\/highlight\/form\/saoumachirurgieesthetiquecomEXPRESS\/formperma\/dYT7W2Gkzb1tQQU6NR5ovujhsknOd0e7R6xBKggKBCA\" frameborder=\"0\"><\/iframe><\/p>\n\t\t\t\t\t\t<\/div>\n\t\t\t\t<\/div>\n\t\t\t\t\t<\/div>\n\t\t<\/div>\n\t\t\t\t\t<\/div>\n\t\t<\/section>\n\t\t\t\t<\/div>\n\t\t","protected":false},"excerpt":{"rendered":"<p>Antes de confiar en un cirujano est\u00e9tico, aseg\u00farese de que est\u00e1 cualificado, mire las fotos de antes y despu\u00e9s publicadas por sus pacientes y re\u00fanase con \u00e9l para una consulta, ya sea en persona, por tel\u00e9fono o por Skype, si est\u00e1 fuera de su zona. Le recomendamos que consulte al menos a tres cirujanos, para [&hellip;]<\/p>\n","protected":false},"author":1,"featured_media":0,"parent":0,"menu_order":0,"comment_status":"closed","ping_status":"closed","template":"","meta":{"footnotes":""},"class_list":["post-10245","page","type-page","status-publish","hentry"],"yoast_head":"<!-- This site is optimized with the Yoast SEO plugin v27.5 - https:\/\/yoast.com\/product\/yoast-seo-wordpress\/ -->\n<title>Elecci\u00f3n del cirujano pl\u00e1stico - Chirurgie esthetique Turquie : Prix interventions meilleures cliniques Istanbul<\/title>\n<meta name=\"robots\" content=\"index, follow, max-snippet:-1, max-image-preview:large, max-video-preview:-1\" \/>\n<link rel=\"canonical\" href=\"https:\/\/www.polycliniqueplus.com\/es\/eleccion-cirujano-plastico\/\" \/>\n<meta property=\"og:locale\" content=\"es_ES\" \/>\n<meta property=\"og:type\" content=\"article\" \/>\n<meta property=\"og:title\" content=\"Elecci\u00f3n del cirujano pl\u00e1stico - Chirurgie esthetique Turquie : Prix interventions meilleures cliniques Istanbul\" \/>\n<meta property=\"og:description\" content=\"Antes de confiar en un cirujano est\u00e9tico, aseg\u00farese de que est\u00e1 cualificado, mire las fotos de antes y despu\u00e9s publicadas por sus pacientes y re\u00fanase con \u00e9l para una consulta, ya sea en persona, por tel\u00e9fono o por Skype, si est\u00e1 fuera de su zona. Le recomendamos que consulte al menos a tres cirujanos, para [&hellip;]\" \/>\n<meta property=\"og:url\" content=\"https:\/\/www.polycliniqueplus.com\/es\/eleccion-cirujano-plastico\/\" \/>\n<meta property=\"og:site_name\" content=\"Chirurgie esthetique Turquie : Prix interventions meilleures cliniques Istanbul\" \/>\n<meta property=\"article:publisher\" content=\"https:\/\/www.facebook.com\/polycliniqueplus\" \/>\n<meta property=\"article:modified_time\" content=\"2022-12-28T14:17:48+00:00\" \/>\n<meta property=\"og:image\" content=\"https:\/\/www.polycliniqueplus.com\/wp-content\/uploads\/2021\/02\/interventions-de-chirurgie-plastique.jpg\" \/>\n\t<meta property=\"og:image:width\" content=\"574\" \/>\n\t<meta property=\"og:image:height\" content=\"586\" \/>\n\t<meta property=\"og:image:type\" content=\"image\/jpeg\" \/>\n<meta name=\"twitter:card\" content=\"summary_large_image\" \/>\n<meta name=\"twitter:site\" content=\"@polyclinique1\" \/>\n<meta name=\"twitter:label1\" content=\"Tiempo de lectura\" \/>\n\t<meta name=\"twitter:data1\" content=\"6 minutos\" \/>\n<script type=\"application\/ld+json\" class=\"yoast-schema-graph\">{\"@context\":\"https:\\\/\\\/schema.org\",\"@graph\":[{\"@type\":\"WebPage\",\"@id\":\"https:\\\/\\\/www.polycliniqueplus.com\\\/es\\\/eleccion-cirujano-plastico\\\/\",\"url\":\"https:\\\/\\\/www.polycliniqueplus.com\\\/es\\\/eleccion-cirujano-plastico\\\/\",\"name\":\"Elecci\u00f3n del cirujano pl\u00e1stico - Chirurgie esthetique Turquie : Prix interventions meilleures cliniques Istanbul\",\"isPartOf\":{\"@id\":\"https:\\\/\\\/www.polycliniqueplus.com\\\/es\\\/#website\"},\"datePublished\":\"2017-06-21T11:58:26+00:00\",\"dateModified\":\"2022-12-28T14:17:48+00:00\",\"breadcrumb\":{\"@id\":\"https:\\\/\\\/www.polycliniqueplus.com\\\/es\\\/eleccion-cirujano-plastico\\\/#breadcrumb\"},\"inLanguage\":\"es\",\"potentialAction\":[{\"@type\":\"ReadAction\",\"target\":[\"https:\\\/\\\/www.polycliniqueplus.com\\\/es\\\/eleccion-cirujano-plastico\\\/\"]}]},{\"@type\":\"BreadcrumbList\",\"@id\":\"https:\\\/\\\/www.polycliniqueplus.com\\\/es\\\/eleccion-cirujano-plastico\\\/#breadcrumb\",\"itemListElement\":[{\"@type\":\"ListItem\",\"position\":1,\"name\":\"Accueil\",\"item\":\"https:\\\/\\\/www.polycliniqueplus.com\\\/es\\\/\"},{\"@type\":\"ListItem\",\"position\":2,\"name\":\"Elecci\u00f3n del cirujano pl\u00e1stico\"}]},{\"@type\":\"WebSite\",\"@id\":\"https:\\\/\\\/www.polycliniqueplus.com\\\/es\\\/#website\",\"url\":\"https:\\\/\\\/www.polycliniqueplus.com\\\/es\\\/\",\"name\":\"Chirurgie esthetique Turquie : Prix interventions meilleures cliniques Istanbul\",\"description\":\"Chirurgie esthetique Turquie prix pas cher\",\"publisher\":{\"@id\":\"https:\\\/\\\/www.polycliniqueplus.com\\\/es\\\/#organization\"},\"potentialAction\":[{\"@type\":\"SearchAction\",\"target\":{\"@type\":\"EntryPoint\",\"urlTemplate\":\"https:\\\/\\\/www.polycliniqueplus.com\\\/es\\\/?s={search_term_string}\"},\"query-input\":{\"@type\":\"PropertyValueSpecification\",\"valueRequired\":true,\"valueName\":\"search_term_string\"}}],\"inLanguage\":\"es\"},{\"@type\":\"Organization\",\"@id\":\"https:\\\/\\\/www.polycliniqueplus.com\\\/es\\\/#organization\",\"name\":\"Polycliniqueplus chirurgie esthetique Turquie\",\"url\":\"https:\\\/\\\/www.polycliniqueplus.com\\\/es\\\/\",\"logo\":{\"@type\":\"ImageObject\",\"inLanguage\":\"es\",\"@id\":\"https:\\\/\\\/www.polycliniqueplus.com\\\/es\\\/#\\\/schema\\\/logo\\\/image\\\/\",\"url\":\"https:\\\/\\\/www.polycliniqueplus.com\\\/wp-content\\\/uploads\\\/2021\\\/03\\\/cropped-add-box-fill.png\",\"contentUrl\":\"https:\\\/\\\/www.polycliniqueplus.com\\\/wp-content\\\/uploads\\\/2021\\\/03\\\/cropped-add-box-fill.png\",\"width\":512,\"height\":512,\"caption\":\"Polycliniqueplus chirurgie esthetique Turquie\"},\"image\":{\"@id\":\"https:\\\/\\\/www.polycliniqueplus.com\\\/es\\\/#\\\/schema\\\/logo\\\/image\\\/\"},\"sameAs\":[\"https:\\\/\\\/www.facebook.com\\\/polycliniqueplus\",\"https:\\\/\\\/x.com\\\/polyclinique1\",\"https:\\\/\\\/www.youtube.com\\\/channel\\\/UCAnK3TORJqflIuYGFa-JQDw\"]}]}<\/script>\n<!-- \/ Yoast SEO plugin. -->","yoast_head_json":{"title":"Elecci\u00f3n del cirujano pl\u00e1stico - Chirurgie esthetique Turquie : Prix interventions meilleures cliniques Istanbul","robots":{"index":"index","follow":"follow","max-snippet":"max-snippet:-1","max-image-preview":"max-image-preview:large","max-video-preview":"max-video-preview:-1"},"canonical":"https:\/\/www.polycliniqueplus.com\/es\/eleccion-cirujano-plastico\/","og_locale":"es_ES","og_type":"article","og_title":"Elecci\u00f3n del cirujano pl\u00e1stico - Chirurgie esthetique Turquie : Prix interventions meilleures cliniques Istanbul","og_description":"Antes de confiar en un cirujano est\u00e9tico, aseg\u00farese de que est\u00e1 cualificado, mire las fotos de antes y despu\u00e9s publicadas por sus pacientes y re\u00fanase con \u00e9l para una consulta, ya sea en persona, por tel\u00e9fono o por Skype, si est\u00e1 fuera de su zona. Le recomendamos que consulte al menos a tres cirujanos, para [&hellip;]","og_url":"https:\/\/www.polycliniqueplus.com\/es\/eleccion-cirujano-plastico\/","og_site_name":"Chirurgie esthetique Turquie : Prix interventions meilleures cliniques Istanbul","article_publisher":"https:\/\/www.facebook.com\/polycliniqueplus","article_modified_time":"2022-12-28T14:17:48+00:00","og_image":[{"width":574,"height":586,"url":"https:\/\/www.polycliniqueplus.com\/wp-content\/uploads\/2021\/02\/interventions-de-chirurgie-plastique.jpg","type":"image\/jpeg"}],"twitter_card":"summary_large_image","twitter_site":"@polyclinique1","twitter_misc":{"Tiempo de lectura":"6 minutos"},"schema":{"@context":"https:\/\/schema.org","@graph":[{"@type":"WebPage","@id":"https:\/\/www.polycliniqueplus.com\/es\/eleccion-cirujano-plastico\/","url":"https:\/\/www.polycliniqueplus.com\/es\/eleccion-cirujano-plastico\/","name":"Elecci\u00f3n del cirujano pl\u00e1stico - Chirurgie esthetique Turquie : Prix interventions meilleures cliniques Istanbul","isPartOf":{"@id":"https:\/\/www.polycliniqueplus.com\/es\/#website"},"datePublished":"2017-06-21T11:58:26+00:00","dateModified":"2022-12-28T14:17:48+00:00","breadcrumb":{"@id":"https:\/\/www.polycliniqueplus.com\/es\/eleccion-cirujano-plastico\/#breadcrumb"},"inLanguage":"es","potentialAction":[{"@type":"ReadAction","target":["https:\/\/www.polycliniqueplus.com\/es\/eleccion-cirujano-plastico\/"]}]},{"@type":"BreadcrumbList","@id":"https:\/\/www.polycliniqueplus.com\/es\/eleccion-cirujano-plastico\/#breadcrumb","itemListElement":[{"@type":"ListItem","position":1,"name":"Accueil","item":"https:\/\/www.polycliniqueplus.com\/es\/"},{"@type":"ListItem","position":2,"name":"Elecci\u00f3n del cirujano pl\u00e1stico"}]},{"@type":"WebSite","@id":"https:\/\/www.polycliniqueplus.com\/es\/#website","url":"https:\/\/www.polycliniqueplus.com\/es\/","name":"Chirurgie esthetique Turquie : Prix interventions meilleures cliniques Istanbul","description":"Chirurgie esthetique Turquie prix pas cher","publisher":{"@id":"https:\/\/www.polycliniqueplus.com\/es\/#organization"},"potentialAction":[{"@type":"SearchAction","target":{"@type":"EntryPoint","urlTemplate":"https:\/\/www.polycliniqueplus.com\/es\/?s={search_term_string}"},"query-input":{"@type":"PropertyValueSpecification","valueRequired":true,"valueName":"search_term_string"}}],"inLanguage":"es"},{"@type":"Organization","@id":"https:\/\/www.polycliniqueplus.com\/es\/#organization","name":"Polycliniqueplus chirurgie esthetique Turquie","url":"https:\/\/www.polycliniqueplus.com\/es\/","logo":{"@type":"ImageObject","inLanguage":"es","@id":"https:\/\/www.polycliniqueplus.com\/es\/#\/schema\/logo\/image\/","url":"https:\/\/www.polycliniqueplus.com\/wp-content\/uploads\/2021\/03\/cropped-add-box-fill.png","contentUrl":"https:\/\/www.polycliniqueplus.com\/wp-content\/uploads\/2021\/03\/cropped-add-box-fill.png","width":512,"height":512,"caption":"Polycliniqueplus chirurgie esthetique Turquie"},"image":{"@id":"https:\/\/www.polycliniqueplus.com\/es\/#\/schema\/logo\/image\/"},"sameAs":["https:\/\/www.facebook.com\/polycliniqueplus","https:\/\/x.com\/polyclinique1","https:\/\/www.youtube.com\/channel\/UCAnK3TORJqflIuYGFa-JQDw"]}]}},"_links":{"self":[{"href":"https:\/\/www.polycliniqueplus.com\/es\/wp-json\/wp\/v2\/pages\/10245","targetHints":{"allow":["GET"]}}],"collection":[{"href":"https:\/\/www.polycliniqueplus.com\/es\/wp-json\/wp\/v2\/pages"}],"about":[{"href":"https:\/\/www.polycliniqueplus.com\/es\/wp-json\/wp\/v2\/types\/page"}],"author":[{"embeddable":true,"href":"https:\/\/www.polycliniqueplus.com\/es\/wp-json\/wp\/v2\/users\/1"}],"replies":[{"embeddable":true,"href":"https:\/\/www.polycliniqueplus.com\/es\/wp-json\/wp\/v2\/comments?post=10245"}],"version-history":[{"count":2,"href":"https:\/\/www.polycliniqueplus.com\/es\/wp-json\/wp\/v2\/pages\/10245\/revisions"}],"predecessor-version":[{"id":10247,"href":"https:\/\/www.polycliniqueplus.com\/es\/wp-json\/wp\/v2\/pages\/10245\/revisions\/10247"}],"wp:attachment":[{"href":"https:\/\/www.polycliniqueplus.com\/es\/wp-json\/wp\/v2\/media?parent=10245"}],"curies":[{"name":"wp","href":"https:\/\/api.w.org\/{rel}","templated":true}]}}