{"id":10177,"date":"2014-11-26T13:41:19","date_gmt":"2014-11-26T12:41:19","guid":{"rendered":"https:\/\/www.polycliniqueplus.com\/nuestros-videos\/"},"modified":"2025-12-12T12:38:18","modified_gmt":"2025-12-12T11:38:18","slug":"videos-cirugia-plastica","status":"publish","type":"page","link":"https:\/\/www.polycliniqueplus.com\/es\/videos-cirugia-plastica\/","title":{"rendered":"Nuestros v\u00eddeos"},"content":{"rendered":"\t\t<div data-elementor-type=\"wp-page\" data-elementor-id=\"10177\" class=\"elementor elementor-10177 elementor-10122\" data-elementor-settings=\"{&quot;ha_cmc_init_switcher&quot;:&quot;no&quot;}\">\n\t\t\t\t\t\t<section class=\"elementor-section elementor-top-section elementor-element elementor-element-ef80535 elementor-section-boxed elementor-section-height-default elementor-section-height-default\" data-id=\"ef80535\" data-element_type=\"section\" data-settings=\"{&quot;_ha_eqh_enable&quot;:false}\">\n\t\t\t\t\t\t<div class=\"elementor-container elementor-column-gap-default\">\n\t\t\t\t\t<div class=\"elementor-column elementor-col-100 elementor-top-column elementor-element elementor-element-750e4a5\" data-id=\"750e4a5\" data-element_type=\"column\">\n\t\t\t<div class=\"elementor-widget-wrap elementor-element-populated\">\n\t\t\t\t\t\t<div class=\"elementor-element elementor-element-2e0b67d elementor-widget elementor-widget-text-editor\" data-id=\"2e0b67d\" data-element_type=\"widget\" data-widget_type=\"text-editor.default\">\n\t\t\t\t<div class=\"elementor-widget-container\">\n\t\t\t\t\t\t\t<p>Ver v\u00eddeos de cirug\u00eda est\u00e9tica puede ser \u00fatil por varias razones.<\/p>\n<p>En primer lugar, los v\u00eddeos son una fuente de formaci\u00f3n e informaci\u00f3n sobre distintos&nbsp;<a href=\"https:\/\/www.polycliniqueplus.com\/es\/intervenciones-cirugia-estetica-turquia\/\" target=\"_blank\">procedimientos de cirug\u00eda est\u00e9tica<\/a>. Permiten visualizar c\u00f3mo se lleva a cabo el procedimiento, los pasos que hay que dar y las t\u00e9cnicas utilizadas. Esto contribuye a una mejor comprensi\u00f3n del proceso y ayuda a familiarizar a los pacientes con lo que pueden esperar.<\/p>\n<p>En segundo lugar, los v\u00eddeos ayudan a visualizar los resultados reales de la cirug\u00eda est\u00e9tica. Destacan los cambios f\u00edsicos antes y despu\u00e9s de la intervenci\u00f3n, lo que facilita la visualizaci\u00f3n de las posibles mejoras y transformaciones. Esto ayuda a evaluar si los resultados se ajustan a las expectativas personales.<\/p>\n<p>En tercer lugar, los v\u00eddeos ofrecen una visi\u00f3n del entorno quir\u00fargico, el equipo m\u00e9dico y el material utilizado. De este modo, ayudan a familiarizar a los pacientes con los diversos aspectos de la cirug\u00eda est\u00e9tica y a reducir la ansiedad asociada al entorno m\u00e9dico.<\/p>\n<p>Por \u00faltimo, los v\u00eddeos presentan las experiencias y testimonios de pacientes que se han sometido a cirug\u00eda est\u00e9tica. Escuchar las historias e impresiones de los pacientes ofrece una perspectiva realista de los resultados, los beneficios y los posibles retos de la intervenci\u00f3n.<\/p>\t\t\t\t\t\t<\/div>\n\t\t\t\t<\/div>\n\t\t\t\t\t<\/div>\n\t\t<\/div>\n\t\t\t\t\t<\/div>\n\t\t<\/section>\n\t\t\t\t<section class=\"elementor-section elementor-top-section elementor-element elementor-element-61a5319a elementor-section-boxed elementor-section-height-default elementor-section-height-default\" data-id=\"61a5319a\" data-element_type=\"section\" data-settings=\"{&quot;_ha_eqh_enable&quot;:false}\">\n\t\t\t\t\t\t<div class=\"elementor-container elementor-column-gap-default\">\n\t\t\t\t\t<div class=\"elementor-column elementor-col-50 elementor-top-column elementor-element elementor-element-7dbb82c2\" data-id=\"7dbb82c2\" data-element_type=\"column\">\n\t\t\t<div class=\"elementor-widget-wrap elementor-element-populated\">\n\t\t\t\t\t\t<div class=\"elementor-element elementor-element-3da60f1 elementor-widget elementor-widget-text-editor\" data-id=\"3da60f1\" data-element_type=\"widget\" data-widget_type=\"text-editor.default\">\n\t\t\t\t<div class=\"elementor-widget-container\">\n\t\t\t\t\t\t\t<div style=\"width: 400px;\" class=\"wp-video\"><video class=\"wp-video-shortcode\" id=\"video-10177-1\" width=\"400\" height=\"352\" poster=\"http:\/\/www.polycliniqueplus.com\/wp-content\/uploads\/2014\/11\/gym-faciale.jpg\" preload=\"none\" controls=\"controls\"><source type=\"video\/mp4\" src=\"http:\/\/www.polycliniqueplus.com\/wp-content\/uploads\/2014\/11\/Gymnastique-faciale-YouTube.mp4?_=1\" \/><a href=\"http:\/\/www.polycliniqueplus.com\/wp-content\/uploads\/2014\/11\/Gymnastique-faciale-YouTube.mp4\">http:\/\/www.polycliniqueplus.com\/wp-content\/uploads\/2014\/11\/Gymnastique-faciale-YouTube.mp4<\/a><\/video><\/div>\t\t\t\t\t\t<\/div>\n\t\t\t\t<\/div>\n\t\t\t\t\t<\/div>\n\t\t<\/div>\n\t\t\t\t<div class=\"elementor-column elementor-col-50 elementor-top-column elementor-element elementor-element-4b1d067\" data-id=\"4b1d067\" data-element_type=\"column\">\n\t\t\t<div class=\"elementor-widget-wrap elementor-element-populated\">\n\t\t\t\t\t\t<div class=\"elementor-element elementor-element-9389e4a elementor-widget elementor-widget-text-editor\" data-id=\"9389e4a\" data-element_type=\"widget\" data-widget_type=\"text-editor.default\">\n\t\t\t\t<div class=\"elementor-widget-container\">\n\t\t\t\t\t\t\t&nbsp;\n\n<div style=\"width: 400px;\" class=\"wp-video\"><video class=\"wp-video-shortcode\" id=\"video-10177-2\" width=\"400\" height=\"352\" poster=\"http:\/\/www.polycliniqueplus.com\/wp-content\/uploads\/2014\/11\/chirurgie-seins.jpg\" preload=\"none\" controls=\"controls\"><source type=\"video\/mp4\" src=\"http:\/\/www.polycliniqueplus.com\/wp-content\/uploads\/2014\/11\/Augmentation-mammaire-par-pose-dimplants-ronds-ou-anatomiques-en-silicone-YouTube.mp4?_=2\" \/><a href=\"http:\/\/www.polycliniqueplus.com\/wp-content\/uploads\/2014\/11\/Augmentation-mammaire-par-pose-dimplants-ronds-ou-anatomiques-en-silicone-YouTube.mp4\">http:\/\/www.polycliniqueplus.com\/wp-content\/uploads\/2014\/11\/Augmentation-mammaire-par-pose-dimplants-ronds-ou-anatomiques-en-silicone-YouTube.mp4<\/a><\/video><\/div>\t\t\t\t\t\t<\/div>\n\t\t\t\t<\/div>\n\t\t\t\t\t<\/div>\n\t\t<\/div>\n\t\t\t\t\t<\/div>\n\t\t<\/section>\n\t\t\t\t<section class=\"elementor-section elementor-top-section elementor-element elementor-element-fca97b5 elementor-section-boxed elementor-section-height-default elementor-section-height-default\" data-id=\"fca97b5\" data-element_type=\"section\" data-settings=\"{&quot;_ha_eqh_enable&quot;:false}\">\n\t\t\t\t\t\t<div class=\"elementor-container elementor-column-gap-default\">\n\t\t\t\t\t<div class=\"elementor-column elementor-col-50 elementor-top-column elementor-element elementor-element-3cab76a\" data-id=\"3cab76a\" data-element_type=\"column\">\n\t\t\t<div class=\"elementor-widget-wrap elementor-element-populated\">\n\t\t\t\t\t\t<div class=\"elementor-element elementor-element-154ed0d elementor-widget elementor-widget-text-editor\" data-id=\"154ed0d\" data-element_type=\"widget\" data-widget_type=\"text-editor.default\">\n\t\t\t\t<div class=\"elementor-widget-container\">\n\t\t\t\t\t\t\t<div style=\"width: 400px;\" class=\"wp-video\"><video class=\"wp-video-shortcode\" id=\"video-10177-3\" width=\"400\" height=\"352\" poster=\"http:\/\/www.polycliniqueplus.com\/wp-content\/uploads\/2015\/09\/Chirurgie-Esthetique.jpg\" preload=\"none\" controls=\"controls\"><source type=\"video\/mp4\" src=\"http:\/\/www.polycliniqueplus.com\/wp-content\/uploads\/2014\/11\/Bl\u00e9pharoplasties-Op\u00e9ration-de-chirurgie-plastique-des-yeux-YouTube.mp4?_=3\" \/><a href=\"http:\/\/www.polycliniqueplus.com\/wp-content\/uploads\/2014\/11\/Bl\u00e9pharoplasties-Op\u00e9ration-de-chirurgie-plastique-des-yeux-YouTube.mp4\">http:\/\/www.polycliniqueplus.com\/wp-content\/uploads\/2014\/11\/Bl\u00e9pharoplasties-Op\u00e9ration-de-chirurgie-plastique-des-yeux-YouTube.mp4<\/a><\/video><\/div>\t\t\t\t\t\t<\/div>\n\t\t\t\t<\/div>\n\t\t\t\t\t<\/div>\n\t\t<\/div>\n\t\t\t\t<div class=\"elementor-column elementor-col-50 elementor-top-column elementor-element elementor-element-d0f887b\" data-id=\"d0f887b\" data-element_type=\"column\">\n\t\t\t<div class=\"elementor-widget-wrap elementor-element-populated\">\n\t\t\t\t\t\t<div class=\"elementor-element elementor-element-caa2fa7 elementor-widget elementor-widget-text-editor\" data-id=\"caa2fa7\" data-element_type=\"widget\" data-widget_type=\"text-editor.default\">\n\t\t\t\t<div class=\"elementor-widget-container\">\n\t\t\t\t\t\t\t&nbsp;\n\n<div style=\"width: 400px;\" class=\"wp-video\"><video class=\"wp-video-shortcode\" id=\"video-10177-4\" width=\"400\" height=\"352\" poster=\"http:\/\/www.polycliniqueplus.com\/wp-content\/uploads\/2015\/02\/esthetique.jpg\" preload=\"none\" controls=\"controls\"><source type=\"video\/mp4\" src=\"http:\/\/www.polycliniqueplus.com\/wp-content\/uploads\/2014\/11\/Remaillage-Fil-dor-Fil-tenseur-YouTube.mp4?_=4\" \/><a href=\"http:\/\/www.polycliniqueplus.com\/wp-content\/uploads\/2014\/11\/Remaillage-Fil-dor-Fil-tenseur-YouTube.mp4\">http:\/\/www.polycliniqueplus.com\/wp-content\/uploads\/2014\/11\/Remaillage-Fil-dor-Fil-tenseur-YouTube.mp4<\/a><\/video><\/div>\n\n&nbsp;\t\t\t\t\t\t<\/div>\n\t\t\t\t<\/div>\n\t\t\t\t\t<\/div>\n\t\t<\/div>\n\t\t\t\t\t<\/div>\n\t\t<\/section>\n\t\t\t\t<section class=\"elementor-section elementor-top-section elementor-element elementor-element-b3ff798 elementor-section-boxed elementor-section-height-default elementor-section-height-default\" data-id=\"b3ff798\" data-element_type=\"section\" data-settings=\"{&quot;_ha_eqh_enable&quot;:false}\">\n\t\t\t\t\t\t<div class=\"elementor-container elementor-column-gap-default\">\n\t\t\t\t\t<div class=\"elementor-column elementor-col-25 elementor-top-column elementor-element elementor-element-557c103\" data-id=\"557c103\" data-element_type=\"column\">\n\t\t\t<div class=\"elementor-widget-wrap\">\n\t\t\t\t\t\t\t<\/div>\n\t\t<\/div>\n\t\t\t\t<div class=\"elementor-column elementor-col-50 elementor-top-column elementor-element elementor-element-491c909\" data-id=\"491c909\" data-element_type=\"column\">\n\t\t\t<div class=\"elementor-widget-wrap elementor-element-populated\">\n\t\t\t\t\t\t<div class=\"elementor-element elementor-element-fea2e74 elementor-widget elementor-widget-text-editor\" data-id=\"fea2e74\" data-element_type=\"widget\" data-widget_type=\"text-editor.default\">\n\t\t\t\t<div class=\"elementor-widget-container\">\n\t\t\t\t\t\t\t<div style=\"width: 400px;\" class=\"wp-video\"><video class=\"wp-video-shortcode\" id=\"video-10177-5\" width=\"400\" height=\"352\" poster=\"http:\/\/www.polycliniqueplus.com\/wp-content\/uploads\/2014\/11\/avant-visage.jpg\" preload=\"none\" controls=\"controls\"><source type=\"video\/mp4\" src=\"http:\/\/www.polycliniqueplus.com\/wp-content\/uploads\/2014\/11\/ACIDE-HYALURONIQUE-YouTube.mp4?_=5\" \/><a href=\"http:\/\/www.polycliniqueplus.com\/wp-content\/uploads\/2014\/11\/ACIDE-HYALURONIQUE-YouTube.mp4\">http:\/\/www.polycliniqueplus.com\/wp-content\/uploads\/2014\/11\/ACIDE-HYALURONIQUE-YouTube.mp4<\/a><\/video><\/div>\n\n&nbsp;\t\t\t\t\t\t<\/div>\n\t\t\t\t<\/div>\n\t\t\t\t\t<\/div>\n\t\t<\/div>\n\t\t\t\t<div class=\"elementor-column elementor-col-25 elementor-top-column elementor-element elementor-element-885829a\" data-id=\"885829a\" data-element_type=\"column\">\n\t\t\t<div class=\"elementor-widget-wrap\">\n\t\t\t\t\t\t\t<\/div>\n\t\t<\/div>\n\t\t\t\t\t<\/div>\n\t\t<\/section>\n\t\t\t\t<section class=\"elementor-section elementor-top-section elementor-element elementor-element-8da7e64 elementor-section-boxed elementor-section-height-default elementor-section-height-default\" data-id=\"8da7e64\" data-element_type=\"section\" data-settings=\"{&quot;_ha_eqh_enable&quot;:false}\">\n\t\t\t\t\t\t<div class=\"elementor-container elementor-column-gap-default\">\n\t\t\t\t\t<div class=\"elementor-column elementor-col-100 elementor-top-column elementor-element elementor-element-50fb264\" data-id=\"50fb264\" data-element_type=\"column\">\n\t\t\t<div class=\"elementor-widget-wrap elementor-element-populated\">\n\t\t\t\t\t\t<div class=\"elementor-element elementor-element-27d421d elementor-widget elementor-widget-text-editor\" data-id=\"27d421d\" data-element_type=\"widget\" data-widget_type=\"text-editor.default\">\n\t\t\t\t<div class=\"elementor-widget-container\">\n\t\t\t\t\t\t\t<p>Los testimonios en v\u00eddeo sobre cirug\u00eda est\u00e9tica pueden desempe\u00f1ar un papel importante por varias razones:<\/p><p><strong>Informaci\u00f3n detallada<\/strong>: Los testimonios en v\u00eddeo permiten a los interesados en la cirug\u00eda est\u00e9tica en Turqu\u00eda obtener informaci\u00f3n detallada sobre las experiencias de otros pacientes. Pueden proporcionar detalles sobre el proceso de consulta, la cirug\u00eda en s\u00ed, el per\u00edodo de recuperaci\u00f3n, los resultados obtenidos, etc. Esto permite a los futuros pacientes comprender mejor lo que pueden esperar.<\/p><p><b>Realismo<\/b>: Los v\u00eddeos muestran los resultados reales de la cirug\u00eda est\u00e9tica. Los testimonios en v\u00eddeo pueden mostrar los cambios f\u00edsicos antes y despu\u00e9s de la intervenci\u00f3n, lo que ayuda a evaluar si los resultados son los esperados. Tambi\u00e9n puede ayudar a disipar algunos mitos o ideas err\u00f3neas sobre los resultados de la cirug\u00eda est\u00e9tica.<\/p><p><strong>Confianza y credibilidad<\/strong>: los testimonios en v\u00eddeo sobre cirug\u00eda est\u00e9tica pueden aumentar la confianza de los pacientes potenciales en un cirujano o una cl\u00ednica. Al conocer las experiencias positivas de otros pacientes, es m\u00e1s probable que las personas se sientan c\u00f3modas y seguras a la hora de elegir al mismo profesional sanitario.<\/p><p><strong>Sensibilizaci\u00f3n sobre riesgos y complicaciones<\/strong>: Los testimonios en v\u00eddeo tambi\u00e9n pueden abordar los riesgos y posibles complicaciones asociados a la cirug\u00eda est\u00e9tica. Esto permite a la gente tomar una decisi\u00f3n informada y ser consciente de las posibles complicaciones que podr\u00edan surgir.<\/p>\t\t\t\t\t\t<\/div>\n\t\t\t\t<\/div>\n\t\t\t\t\t<\/div>\n\t\t<\/div>\n\t\t\t\t\t<\/div>\n\t\t<\/section>\n\t\t\t\t<\/div>\n\t\t","protected":false},"excerpt":{"rendered":"<p>Ver v\u00eddeos de cirug\u00eda est\u00e9tica puede ser \u00fatil por varias razones. En primer lugar, los v\u00eddeos son una fuente de formaci\u00f3n e informaci\u00f3n sobre distintos&nbsp;procedimientos de cirug\u00eda est\u00e9tica. Permiten visualizar c\u00f3mo se lleva a cabo el procedimiento, los pasos que hay que dar y las t\u00e9cnicas utilizadas. Esto contribuye a una mejor comprensi\u00f3n del proceso [&hellip;]<\/p>\n","protected":false},"author":1,"featured_media":0,"parent":0,"menu_order":0,"comment_status":"closed","ping_status":"closed","template":"","meta":{"footnotes":""},"class_list":["post-10177","page","type-page","status-publish","hentry"],"yoast_head":"<!-- This site is optimized with the Yoast SEO plugin v27.3 - https:\/\/yoast.com\/product\/yoast-seo-wordpress\/ -->\n<title>V\u00eddeos informativos y testimonios sobre cirug\u00eda est\u00e9tica en Turqu\u00eda<\/title>\n<meta name=\"description\" content=\"V\u00eddeos informativos y testimonios sobre cirug\u00eda est\u00e9tica en Turqu\u00eda\" \/>\n<meta name=\"robots\" content=\"index, follow, max-snippet:-1, max-image-preview:large, max-video-preview:-1\" \/>\n<link rel=\"canonical\" href=\"https:\/\/www.polycliniqueplus.com\/es\/videos-cirugia-plastica\/\" \/>\n<meta property=\"og:locale\" content=\"es_ES\" \/>\n<meta property=\"og:type\" content=\"article\" \/>\n<meta property=\"og:title\" content=\"V\u00eddeos informativos y testimonios sobre cirug\u00eda est\u00e9tica en Turqu\u00eda\" \/>\n<meta property=\"og:description\" content=\"V\u00eddeos informativos y testimonios sobre cirug\u00eda est\u00e9tica en Turqu\u00eda\" \/>\n<meta property=\"og:url\" content=\"https:\/\/www.polycliniqueplus.com\/es\/videos-cirugia-plastica\/\" \/>\n<meta property=\"og:site_name\" content=\"Chirurgie esthetique Turquie : Prix interventions meilleures cliniques Istanbul\" \/>\n<meta property=\"article:publisher\" content=\"https:\/\/www.facebook.com\/polycliniqueplus\" \/>\n<meta property=\"article:modified_time\" content=\"2025-12-12T11:38:18+00:00\" \/>\n<meta property=\"og:image\" content=\"https:\/\/www.polycliniqueplus.com\/wp-content\/uploads\/2021\/02\/interventions-de-chirurgie-plastique.jpg\" \/>\n\t<meta property=\"og:image:width\" content=\"574\" \/>\n\t<meta property=\"og:image:height\" content=\"586\" \/>\n\t<meta property=\"og:image:type\" content=\"image\/jpeg\" \/>\n<meta name=\"twitter:card\" content=\"summary_large_image\" \/>\n<meta name=\"twitter:site\" content=\"@polyclinique1\" \/>\n<meta name=\"twitter:label1\" content=\"Tiempo de lectura\" \/>\n\t<meta name=\"twitter:data1\" content=\"4 minutos\" \/>\n<script type=\"application\/ld+json\" class=\"yoast-schema-graph\">{\"@context\":\"https:\\\/\\\/schema.org\",\"@graph\":[{\"@type\":\"WebPage\",\"@id\":\"https:\\\/\\\/www.polycliniqueplus.com\\\/es\\\/videos-cirugia-plastica\\\/\",\"url\":\"https:\\\/\\\/www.polycliniqueplus.com\\\/es\\\/videos-cirugia-plastica\\\/\",\"name\":\"V\u00eddeos informativos y testimonios sobre cirug\u00eda est\u00e9tica en Turqu\u00eda\",\"isPartOf\":{\"@id\":\"https:\\\/\\\/www.polycliniqueplus.com\\\/es\\\/#website\"},\"datePublished\":\"2014-11-26T12:41:19+00:00\",\"dateModified\":\"2025-12-12T11:38:18+00:00\",\"description\":\"V\u00eddeos informativos y testimonios sobre cirug\u00eda est\u00e9tica en Turqu\u00eda\",\"breadcrumb\":{\"@id\":\"https:\\\/\\\/www.polycliniqueplus.com\\\/es\\\/videos-cirugia-plastica\\\/#breadcrumb\"},\"inLanguage\":\"es\",\"potentialAction\":[{\"@type\":\"ReadAction\",\"target\":[\"https:\\\/\\\/www.polycliniqueplus.com\\\/es\\\/videos-cirugia-plastica\\\/\"]}]},{\"@type\":\"BreadcrumbList\",\"@id\":\"https:\\\/\\\/www.polycliniqueplus.com\\\/es\\\/videos-cirugia-plastica\\\/#breadcrumb\",\"itemListElement\":[{\"@type\":\"ListItem\",\"position\":1,\"name\":\"Accueil\",\"item\":\"https:\\\/\\\/www.polycliniqueplus.com\\\/es\\\/\"},{\"@type\":\"ListItem\",\"position\":2,\"name\":\"Nuestros v\u00eddeos\"}]},{\"@type\":\"WebSite\",\"@id\":\"https:\\\/\\\/www.polycliniqueplus.com\\\/es\\\/#website\",\"url\":\"https:\\\/\\\/www.polycliniqueplus.com\\\/es\\\/\",\"name\":\"Chirurgie esthetique Turquie : Prix interventions meilleures cliniques Istanbul\",\"description\":\"Chirurgie esthetique Turquie prix pas cher\",\"publisher\":{\"@id\":\"https:\\\/\\\/www.polycliniqueplus.com\\\/es\\\/#organization\"},\"potentialAction\":[{\"@type\":\"SearchAction\",\"target\":{\"@type\":\"EntryPoint\",\"urlTemplate\":\"https:\\\/\\\/www.polycliniqueplus.com\\\/es\\\/?s={search_term_string}\"},\"query-input\":{\"@type\":\"PropertyValueSpecification\",\"valueRequired\":true,\"valueName\":\"search_term_string\"}}],\"inLanguage\":\"es\"},{\"@type\":\"Organization\",\"@id\":\"https:\\\/\\\/www.polycliniqueplus.com\\\/es\\\/#organization\",\"name\":\"Polycliniqueplus chirurgie esthetique Turquie\",\"url\":\"https:\\\/\\\/www.polycliniqueplus.com\\\/es\\\/\",\"logo\":{\"@type\":\"ImageObject\",\"inLanguage\":\"es\",\"@id\":\"https:\\\/\\\/www.polycliniqueplus.com\\\/es\\\/#\\\/schema\\\/logo\\\/image\\\/\",\"url\":\"https:\\\/\\\/www.polycliniqueplus.com\\\/wp-content\\\/uploads\\\/2021\\\/03\\\/cropped-add-box-fill.png\",\"contentUrl\":\"https:\\\/\\\/www.polycliniqueplus.com\\\/wp-content\\\/uploads\\\/2021\\\/03\\\/cropped-add-box-fill.png\",\"width\":512,\"height\":512,\"caption\":\"Polycliniqueplus chirurgie esthetique Turquie\"},\"image\":{\"@id\":\"https:\\\/\\\/www.polycliniqueplus.com\\\/es\\\/#\\\/schema\\\/logo\\\/image\\\/\"},\"sameAs\":[\"https:\\\/\\\/www.facebook.com\\\/polycliniqueplus\",\"https:\\\/\\\/x.com\\\/polyclinique1\",\"https:\\\/\\\/www.youtube.com\\\/channel\\\/UCAnK3TORJqflIuYGFa-JQDw\"]}]}<\/script>\n<!-- \/ Yoast SEO plugin. -->","yoast_head_json":{"title":"V\u00eddeos informativos y testimonios sobre cirug\u00eda est\u00e9tica en Turqu\u00eda","description":"V\u00eddeos informativos y testimonios sobre cirug\u00eda est\u00e9tica en Turqu\u00eda","robots":{"index":"index","follow":"follow","max-snippet":"max-snippet:-1","max-image-preview":"max-image-preview:large","max-video-preview":"max-video-preview:-1"},"canonical":"https:\/\/www.polycliniqueplus.com\/es\/videos-cirugia-plastica\/","og_locale":"es_ES","og_type":"article","og_title":"V\u00eddeos informativos y testimonios sobre cirug\u00eda est\u00e9tica en Turqu\u00eda","og_description":"V\u00eddeos informativos y testimonios sobre cirug\u00eda est\u00e9tica en Turqu\u00eda","og_url":"https:\/\/www.polycliniqueplus.com\/es\/videos-cirugia-plastica\/","og_site_name":"Chirurgie esthetique Turquie : Prix interventions meilleures cliniques Istanbul","article_publisher":"https:\/\/www.facebook.com\/polycliniqueplus","article_modified_time":"2025-12-12T11:38:18+00:00","og_image":[{"width":574,"height":586,"url":"https:\/\/www.polycliniqueplus.com\/wp-content\/uploads\/2021\/02\/interventions-de-chirurgie-plastique.jpg","type":"image\/jpeg"}],"twitter_card":"summary_large_image","twitter_site":"@polyclinique1","twitter_misc":{"Tiempo de lectura":"4 minutos"},"schema":{"@context":"https:\/\/schema.org","@graph":[{"@type":"WebPage","@id":"https:\/\/www.polycliniqueplus.com\/es\/videos-cirugia-plastica\/","url":"https:\/\/www.polycliniqueplus.com\/es\/videos-cirugia-plastica\/","name":"V\u00eddeos informativos y testimonios sobre cirug\u00eda est\u00e9tica en Turqu\u00eda","isPartOf":{"@id":"https:\/\/www.polycliniqueplus.com\/es\/#website"},"datePublished":"2014-11-26T12:41:19+00:00","dateModified":"2025-12-12T11:38:18+00:00","description":"V\u00eddeos informativos y testimonios sobre cirug\u00eda est\u00e9tica en Turqu\u00eda","breadcrumb":{"@id":"https:\/\/www.polycliniqueplus.com\/es\/videos-cirugia-plastica\/#breadcrumb"},"inLanguage":"es","potentialAction":[{"@type":"ReadAction","target":["https:\/\/www.polycliniqueplus.com\/es\/videos-cirugia-plastica\/"]}]},{"@type":"BreadcrumbList","@id":"https:\/\/www.polycliniqueplus.com\/es\/videos-cirugia-plastica\/#breadcrumb","itemListElement":[{"@type":"ListItem","position":1,"name":"Accueil","item":"https:\/\/www.polycliniqueplus.com\/es\/"},{"@type":"ListItem","position":2,"name":"Nuestros v\u00eddeos"}]},{"@type":"WebSite","@id":"https:\/\/www.polycliniqueplus.com\/es\/#website","url":"https:\/\/www.polycliniqueplus.com\/es\/","name":"Chirurgie esthetique Turquie : Prix interventions meilleures cliniques Istanbul","description":"Chirurgie esthetique Turquie prix pas cher","publisher":{"@id":"https:\/\/www.polycliniqueplus.com\/es\/#organization"},"potentialAction":[{"@type":"SearchAction","target":{"@type":"EntryPoint","urlTemplate":"https:\/\/www.polycliniqueplus.com\/es\/?s={search_term_string}"},"query-input":{"@type":"PropertyValueSpecification","valueRequired":true,"valueName":"search_term_string"}}],"inLanguage":"es"},{"@type":"Organization","@id":"https:\/\/www.polycliniqueplus.com\/es\/#organization","name":"Polycliniqueplus chirurgie esthetique Turquie","url":"https:\/\/www.polycliniqueplus.com\/es\/","logo":{"@type":"ImageObject","inLanguage":"es","@id":"https:\/\/www.polycliniqueplus.com\/es\/#\/schema\/logo\/image\/","url":"https:\/\/www.polycliniqueplus.com\/wp-content\/uploads\/2021\/03\/cropped-add-box-fill.png","contentUrl":"https:\/\/www.polycliniqueplus.com\/wp-content\/uploads\/2021\/03\/cropped-add-box-fill.png","width":512,"height":512,"caption":"Polycliniqueplus chirurgie esthetique Turquie"},"image":{"@id":"https:\/\/www.polycliniqueplus.com\/es\/#\/schema\/logo\/image\/"},"sameAs":["https:\/\/www.facebook.com\/polycliniqueplus","https:\/\/x.com\/polyclinique1","https:\/\/www.youtube.com\/channel\/UCAnK3TORJqflIuYGFa-JQDw"]}]}},"_links":{"self":[{"href":"https:\/\/www.polycliniqueplus.com\/es\/wp-json\/wp\/v2\/pages\/10177","targetHints":{"allow":["GET"]}}],"collection":[{"href":"https:\/\/www.polycliniqueplus.com\/es\/wp-json\/wp\/v2\/pages"}],"about":[{"href":"https:\/\/www.polycliniqueplus.com\/es\/wp-json\/wp\/v2\/types\/page"}],"author":[{"embeddable":true,"href":"https:\/\/www.polycliniqueplus.com\/es\/wp-json\/wp\/v2\/users\/1"}],"replies":[{"embeddable":true,"href":"https:\/\/www.polycliniqueplus.com\/es\/wp-json\/wp\/v2\/comments?post=10177"}],"version-history":[{"count":47,"href":"https:\/\/www.polycliniqueplus.com\/es\/wp-json\/wp\/v2\/pages\/10177\/revisions"}],"predecessor-version":[{"id":32986,"href":"https:\/\/www.polycliniqueplus.com\/es\/wp-json\/wp\/v2\/pages\/10177\/revisions\/32986"}],"wp:attachment":[{"href":"https:\/\/www.polycliniqueplus.com\/es\/wp-json\/wp\/v2\/media?parent=10177"}],"curies":[{"name":"wp","href":"https:\/\/api.w.org\/{rel}","templated":true}]}}