{"id":10173,"date":"2017-06-18T19:33:59","date_gmt":"2017-06-18T17:33:59","guid":{"rendered":"https:\/\/www.polycliniqueplus.com\/preguntas-y-respuestas-cirugia-plastica-en-turquia\/"},"modified":"2022-12-28T14:23:38","modified_gmt":"2022-12-28T13:23:38","slug":"preguntas-frecuentes","status":"publish","type":"page","link":"https:\/\/www.polycliniqueplus.com\/es\/preguntas-frecuentes\/","title":{"rendered":"Preguntas y respuestas cirug\u00eda pl\u00e1stica en Turqu\u00eda"},"content":{"rendered":"\t\t<div data-elementor-type=\"wp-page\" data-elementor-id=\"10173\" class=\"elementor elementor-10173 elementor-94\" data-elementor-settings=\"{&quot;ha_cmc_init_switcher&quot;:&quot;no&quot;}\">\n\t\t\t\t\t\t<section class=\"elementor-section elementor-top-section elementor-element elementor-element-2ef82972 elementor-section-boxed elementor-section-height-default elementor-section-height-default\" data-id=\"2ef82972\" data-element_type=\"section\" data-settings=\"{&quot;_ha_eqh_enable&quot;:false}\">\n\t\t\t\t\t\t<div class=\"elementor-container elementor-column-gap-default\">\n\t\t\t\t\t<div class=\"elementor-column elementor-col-100 elementor-top-column elementor-element elementor-element-5d87d5af\" data-id=\"5d87d5af\" data-element_type=\"column\">\n\t\t\t<div class=\"elementor-widget-wrap elementor-element-populated\">\n\t\t\t\t\t\t<div class=\"elementor-element elementor-element-2e0b18d4 elementor-widget elementor-widget-text-editor\" data-id=\"2e0b18d4\" data-element_type=\"widget\" data-widget_type=\"text-editor.default\">\n\t\t\t\t<div class=\"elementor-widget-container\">\n\t\t\t\t\t\t\tEs natural tener muchas preguntas sobre la cirug\u00eda pl\u00e1stica. Los m\u00e9dicos y el personal de apoyo de<strong>Polycliniqueplus<\/strong> est\u00e1n a su disposici\u00f3n para responder a sus preguntas y revisar los procedimientos espec\u00edficos de la <strong>cirug\u00eda est\u00e9tica en Turqu\u00eda<\/strong>.\n\nA continuaci\u00f3n encontrar\u00e1 respuestas a algunas de las preguntas m\u00e1s frecuentes sobre cirug\u00eda est\u00e9tica y procedimientos est\u00e9ticos. Recuerde que su cirujano es la persona m\u00e1s indicada para responder a sus preguntas y dar m\u00e1s detalles sobre su evaluaci\u00f3n de sus necesidades.\n<h2>\u00bfCu\u00e1l es la diferencia entre cirug\u00eda est\u00e9tica y reparadora?<\/h2>\nLa <a href=\"https:\/\/www.polycliniqueplus.com\/es\/\">cirug\u00eda est\u00e9tica<\/a> se realiza para remodelar las estructuras normales del cuerpo con el fin de<em>mejorar el aspecto y la autoestima<\/em>. La cirug\u00eda est\u00e9tica no suele estar cubierta por el seguro m\u00e9dico, ya que es optativa.\n\nLa <strong>cirug\u00eda reconstructiva<\/strong> se realiza en estructuras anormales del cuerpo causadas por deformidades cong\u00e9nitas, anomal\u00edas del desarrollo, traumatismos, infecciones, tumores o enfermedades. En t\u00e9rminos generales, la cirug\u00eda reconstructiva se realiza para mejorar la funci\u00f3n, pero tambi\u00e9n puede completarse para aproximarse a un aspecto normal.\n\nLa cirug\u00eda reconstructiva suele estar cubierta por la mayor\u00eda de las p\u00f3lizas de seguro m\u00e9dico, aunque la cobertura de procedimientos espec\u00edficos y los niveles de cobertura pueden variar considerablemente.\n<h2>\u00bfC\u00f3mo es la recuperaci\u00f3n de la cirug\u00eda est\u00e9tica?<\/h2>\nCada paciente tolera el dolor despu\u00e9s de la cirug\u00eda de forma diferente. El cirujano le recetar\u00e1 los analg\u00e9sicos adecuados para minimizar las molestias.\n\nEn general, la mayor\u00eda de las operaciones est\u00e9ticas faciales presentan m\u00ednimas molestias postoperatorias. La liposucci\u00f3n es un poco m\u00e1s inc\u00f3moda, y las operaciones que requieren elevar o tensar los m\u00fasculos, como una <a href=\"https:\/\/www.polycliniqueplus.com\/es\/abdominoplastia-turquia\/\">abdominoplastia<\/a> o un <a href=\"https:\/\/www.polycliniqueplus.com\/es\/aumento-pecho-turquia\/\">aumento de mamas<\/a>, pueden causar molestias equivalentes a las de una ces\u00e1rea.\n<h2>\u00bfCu\u00e1nto durar\u00e1n los resultados?<\/h2>\nLos resultados de su <strong>cirug\u00eda pl\u00e1stica<\/strong> dependen del procedimiento al que se someta. En general, los resultados de la mayor\u00eda de las intervenciones de cirug\u00eda pl\u00e1stica son duraderos, si se mantiene un peso y un estilo de vida saludables.\n<h2>\u00bfEn cu\u00e1nto tiempo puedo volver al trabajo?<\/h2>\nEl tiempo que se tarda en recuperarse de una intervenci\u00f3n de cirug\u00eda pl\u00e1stica var\u00eda en funci\u00f3n del procedimiento realizado y de la persona operada. La mayor\u00eda de los pacientes necesitar\u00e1n ayuda durante los dos primeros d\u00edas tras la intervenci\u00f3n.\n<h2>\u00bfCu\u00e1ntas personas se someten cada a\u00f1o a cirug\u00eda est\u00e9tica?<\/h2>\nSeg\u00fan la Sociedad Americana de Cirujanos Pl\u00e1sticos, en 2010 se realizaron en Estados Unidos m\u00e1s de 13,1 millones de intervenciones cosm\u00e9ticas quir\u00fargicas y no quir\u00fargicas. Esto representa un aumento del 5% en comparaci\u00f3n con 2009.\n<h2>\u00bfCu\u00e1les son las intervenciones m\u00e1s populares entre los hombres?<\/h2>\nEl procedimiento cosm\u00e9tico no quir\u00fargico para hombres en 2019 fue Botox \u00ae . La <a href=\"https:\/\/www.polycliniqueplus.com\/es\/liposuccion-turquia\/\">liposucci\u00f3n<\/a> es el procedimiento quir\u00fargico.\n<h2>\u00bfC\u00f3mo s\u00e9 cu\u00e1l es el mejor tama\u00f1o de implantes para mis pechos?<\/h2>\nLa decisi\u00f3n se basa en una serie de factores, como los deseos del paciente, los motivos de la operaci\u00f3n y el estado general de salud.\n\nPor ejemplo, \u00bflo hace porque cree que sus pechos son demasiado peque\u00f1os en relaci\u00f3n con el contorno de su cuerpo o est\u00e1 satisfecha con el tama\u00f1o y la firmeza de sus pechos tras el embarazo, la lactancia o una p\u00e9rdida de peso importante? La desigualdad entre las mamas tambi\u00e9n puede ser un factor motivador. Su cirujano puede ayudarle a tomar la decisi\u00f3n correcta en su(s) cita(s) prequir\u00fargica(s).\n<h2>\u00bfCu\u00e1les son los posibles riesgos?<\/h2>\nCualquier intervenci\u00f3n quir\u00fargica conlleva riesgos. Averig\u00fce en qu\u00e9 consisten, con qu\u00e9 frecuencia se producen y c\u00f3mo se tratar\u00e1n en caso de producirse. Si el m\u00e9dico no habla abiertamente de los riesgos o admite que siempre los hay, busque otra opini\u00f3n.\n<h2>\u00bfLa intervenci\u00f3n se realiza con anestesia general o local?<\/h2>\nDependiendo de lo que sea m\u00e1s apropiado para su situaci\u00f3n particular, el cirujano decidir\u00e1 qu\u00e9 tipo de anestesia utilizar. \u00c9l o ella responder\u00e1 a todas sus preguntas.\t\t\t\t\t\t<\/div>\n\t\t\t\t<\/div>\n\t\t\t\t\t<\/div>\n\t\t<\/div>\n\t\t\t\t\t<\/div>\n\t\t<\/section>\n\t\t\t\t<\/div>\n\t\t","protected":false},"excerpt":{"rendered":"<p>Es natural tener muchas preguntas sobre la cirug\u00eda pl\u00e1stica. Los m\u00e9dicos y el personal de apoyo dePolycliniqueplus est\u00e1n a su disposici\u00f3n para responder a sus preguntas y revisar los procedimientos espec\u00edficos de la cirug\u00eda est\u00e9tica en Turqu\u00eda. A continuaci\u00f3n encontrar\u00e1 respuestas a algunas de las preguntas m\u00e1s frecuentes sobre cirug\u00eda est\u00e9tica y procedimientos est\u00e9ticos. Recuerde [&hellip;]<\/p>\n","protected":false},"author":1,"featured_media":0,"parent":0,"menu_order":0,"comment_status":"closed","ping_status":"closed","template":"","meta":{"footnotes":""},"class_list":["post-10173","page","type-page","status-publish","hentry"],"yoast_head":"<!-- This site is optimized with the Yoast SEO plugin v27.3 - https:\/\/yoast.com\/product\/yoast-seo-wordpress\/ -->\n<title>Preguntas y respuestas cirug\u00eda est\u00e9tica en T\u00fanez<\/title>\n<meta name=\"description\" content=\"Encuentre aqu\u00ed todas las respuestas del equipo quir\u00fargico y m\u00e9dico de la Cl\u00ednica de la Esperanza a las preguntas m\u00e1s formuladas por nuestros pacientes\" \/>\n<meta name=\"robots\" content=\"index, follow, max-snippet:-1, max-image-preview:large, max-video-preview:-1\" \/>\n<link rel=\"canonical\" href=\"https:\/\/www.polycliniqueplus.com\/es\/preguntas-frecuentes\/\" \/>\n<meta property=\"og:locale\" content=\"es_ES\" \/>\n<meta property=\"og:type\" content=\"article\" \/>\n<meta property=\"og:title\" content=\"Preguntas y respuestas cirug\u00eda est\u00e9tica en T\u00fanez\" \/>\n<meta property=\"og:description\" content=\"Encuentre aqu\u00ed todas las respuestas del equipo quir\u00fargico y m\u00e9dico de la Cl\u00ednica de la Esperanza a las preguntas m\u00e1s formuladas por nuestros pacientes\" \/>\n<meta property=\"og:url\" content=\"https:\/\/www.polycliniqueplus.com\/es\/preguntas-frecuentes\/\" \/>\n<meta property=\"og:site_name\" content=\"Chirurgie esthetique Turquie : Prix interventions meilleures cliniques Istanbul\" \/>\n<meta property=\"article:publisher\" content=\"https:\/\/www.facebook.com\/polycliniqueplus\" \/>\n<meta property=\"article:modified_time\" content=\"2022-12-28T13:23:38+00:00\" \/>\n<meta property=\"og:image\" content=\"https:\/\/www.polycliniqueplus.com\/wp-content\/uploads\/2021\/02\/interventions-de-chirurgie-plastique.jpg\" \/>\n\t<meta property=\"og:image:width\" content=\"574\" \/>\n\t<meta property=\"og:image:height\" content=\"586\" \/>\n\t<meta property=\"og:image:type\" content=\"image\/jpeg\" \/>\n<meta name=\"twitter:card\" content=\"summary_large_image\" \/>\n<meta name=\"twitter:site\" content=\"@polyclinique1\" \/>\n<meta name=\"twitter:label1\" content=\"Tiempo de lectura\" \/>\n\t<meta name=\"twitter:data1\" content=\"4 minutos\" \/>\n<script type=\"application\/ld+json\" class=\"yoast-schema-graph\">{\"@context\":\"https:\\\/\\\/schema.org\",\"@graph\":[{\"@type\":\"WebPage\",\"@id\":\"https:\\\/\\\/www.polycliniqueplus.com\\\/es\\\/preguntas-frecuentes\\\/\",\"url\":\"https:\\\/\\\/www.polycliniqueplus.com\\\/es\\\/preguntas-frecuentes\\\/\",\"name\":\"Preguntas y respuestas cirug\u00eda est\u00e9tica en T\u00fanez\",\"isPartOf\":{\"@id\":\"https:\\\/\\\/www.polycliniqueplus.com\\\/es\\\/#website\"},\"datePublished\":\"2017-06-18T17:33:59+00:00\",\"dateModified\":\"2022-12-28T13:23:38+00:00\",\"description\":\"Encuentre aqu\u00ed todas las respuestas del equipo quir\u00fargico y m\u00e9dico de la Cl\u00ednica de la Esperanza a las preguntas m\u00e1s formuladas por nuestros pacientes\",\"breadcrumb\":{\"@id\":\"https:\\\/\\\/www.polycliniqueplus.com\\\/es\\\/preguntas-frecuentes\\\/#breadcrumb\"},\"inLanguage\":\"es\",\"potentialAction\":[{\"@type\":\"ReadAction\",\"target\":[\"https:\\\/\\\/www.polycliniqueplus.com\\\/es\\\/preguntas-frecuentes\\\/\"]}]},{\"@type\":\"BreadcrumbList\",\"@id\":\"https:\\\/\\\/www.polycliniqueplus.com\\\/es\\\/preguntas-frecuentes\\\/#breadcrumb\",\"itemListElement\":[{\"@type\":\"ListItem\",\"position\":1,\"name\":\"Accueil\",\"item\":\"https:\\\/\\\/www.polycliniqueplus.com\\\/es\\\/\"},{\"@type\":\"ListItem\",\"position\":2,\"name\":\"Preguntas y respuestas cirug\u00eda pl\u00e1stica en Turqu\u00eda\"}]},{\"@type\":\"WebSite\",\"@id\":\"https:\\\/\\\/www.polycliniqueplus.com\\\/es\\\/#website\",\"url\":\"https:\\\/\\\/www.polycliniqueplus.com\\\/es\\\/\",\"name\":\"Chirurgie esthetique Turquie : Prix interventions meilleures cliniques Istanbul\",\"description\":\"Chirurgie esthetique Turquie prix pas cher\",\"publisher\":{\"@id\":\"https:\\\/\\\/www.polycliniqueplus.com\\\/es\\\/#organization\"},\"potentialAction\":[{\"@type\":\"SearchAction\",\"target\":{\"@type\":\"EntryPoint\",\"urlTemplate\":\"https:\\\/\\\/www.polycliniqueplus.com\\\/es\\\/?s={search_term_string}\"},\"query-input\":{\"@type\":\"PropertyValueSpecification\",\"valueRequired\":true,\"valueName\":\"search_term_string\"}}],\"inLanguage\":\"es\"},{\"@type\":\"Organization\",\"@id\":\"https:\\\/\\\/www.polycliniqueplus.com\\\/es\\\/#organization\",\"name\":\"Polycliniqueplus chirurgie esthetique Turquie\",\"url\":\"https:\\\/\\\/www.polycliniqueplus.com\\\/es\\\/\",\"logo\":{\"@type\":\"ImageObject\",\"inLanguage\":\"es\",\"@id\":\"https:\\\/\\\/www.polycliniqueplus.com\\\/es\\\/#\\\/schema\\\/logo\\\/image\\\/\",\"url\":\"https:\\\/\\\/www.polycliniqueplus.com\\\/wp-content\\\/uploads\\\/2021\\\/03\\\/cropped-add-box-fill.png\",\"contentUrl\":\"https:\\\/\\\/www.polycliniqueplus.com\\\/wp-content\\\/uploads\\\/2021\\\/03\\\/cropped-add-box-fill.png\",\"width\":512,\"height\":512,\"caption\":\"Polycliniqueplus chirurgie esthetique Turquie\"},\"image\":{\"@id\":\"https:\\\/\\\/www.polycliniqueplus.com\\\/es\\\/#\\\/schema\\\/logo\\\/image\\\/\"},\"sameAs\":[\"https:\\\/\\\/www.facebook.com\\\/polycliniqueplus\",\"https:\\\/\\\/x.com\\\/polyclinique1\",\"https:\\\/\\\/www.youtube.com\\\/channel\\\/UCAnK3TORJqflIuYGFa-JQDw\"]}]}<\/script>\n<!-- \/ Yoast SEO plugin. -->","yoast_head_json":{"title":"Preguntas y respuestas cirug\u00eda est\u00e9tica en T\u00fanez","description":"Encuentre aqu\u00ed todas las respuestas del equipo quir\u00fargico y m\u00e9dico de la Cl\u00ednica de la Esperanza a las preguntas m\u00e1s formuladas por nuestros pacientes","robots":{"index":"index","follow":"follow","max-snippet":"max-snippet:-1","max-image-preview":"max-image-preview:large","max-video-preview":"max-video-preview:-1"},"canonical":"https:\/\/www.polycliniqueplus.com\/es\/preguntas-frecuentes\/","og_locale":"es_ES","og_type":"article","og_title":"Preguntas y respuestas cirug\u00eda est\u00e9tica en T\u00fanez","og_description":"Encuentre aqu\u00ed todas las respuestas del equipo quir\u00fargico y m\u00e9dico de la Cl\u00ednica de la Esperanza a las preguntas m\u00e1s formuladas por nuestros pacientes","og_url":"https:\/\/www.polycliniqueplus.com\/es\/preguntas-frecuentes\/","og_site_name":"Chirurgie esthetique Turquie : Prix interventions meilleures cliniques Istanbul","article_publisher":"https:\/\/www.facebook.com\/polycliniqueplus","article_modified_time":"2022-12-28T13:23:38+00:00","og_image":[{"width":574,"height":586,"url":"https:\/\/www.polycliniqueplus.com\/wp-content\/uploads\/2021\/02\/interventions-de-chirurgie-plastique.jpg","type":"image\/jpeg"}],"twitter_card":"summary_large_image","twitter_site":"@polyclinique1","twitter_misc":{"Tiempo de lectura":"4 minutos"},"schema":{"@context":"https:\/\/schema.org","@graph":[{"@type":"WebPage","@id":"https:\/\/www.polycliniqueplus.com\/es\/preguntas-frecuentes\/","url":"https:\/\/www.polycliniqueplus.com\/es\/preguntas-frecuentes\/","name":"Preguntas y respuestas cirug\u00eda est\u00e9tica en T\u00fanez","isPartOf":{"@id":"https:\/\/www.polycliniqueplus.com\/es\/#website"},"datePublished":"2017-06-18T17:33:59+00:00","dateModified":"2022-12-28T13:23:38+00:00","description":"Encuentre aqu\u00ed todas las respuestas del equipo quir\u00fargico y m\u00e9dico de la Cl\u00ednica de la Esperanza a las preguntas m\u00e1s formuladas por nuestros pacientes","breadcrumb":{"@id":"https:\/\/www.polycliniqueplus.com\/es\/preguntas-frecuentes\/#breadcrumb"},"inLanguage":"es","potentialAction":[{"@type":"ReadAction","target":["https:\/\/www.polycliniqueplus.com\/es\/preguntas-frecuentes\/"]}]},{"@type":"BreadcrumbList","@id":"https:\/\/www.polycliniqueplus.com\/es\/preguntas-frecuentes\/#breadcrumb","itemListElement":[{"@type":"ListItem","position":1,"name":"Accueil","item":"https:\/\/www.polycliniqueplus.com\/es\/"},{"@type":"ListItem","position":2,"name":"Preguntas y respuestas cirug\u00eda pl\u00e1stica en Turqu\u00eda"}]},{"@type":"WebSite","@id":"https:\/\/www.polycliniqueplus.com\/es\/#website","url":"https:\/\/www.polycliniqueplus.com\/es\/","name":"Chirurgie esthetique Turquie : Prix interventions meilleures cliniques Istanbul","description":"Chirurgie esthetique Turquie prix pas cher","publisher":{"@id":"https:\/\/www.polycliniqueplus.com\/es\/#organization"},"potentialAction":[{"@type":"SearchAction","target":{"@type":"EntryPoint","urlTemplate":"https:\/\/www.polycliniqueplus.com\/es\/?s={search_term_string}"},"query-input":{"@type":"PropertyValueSpecification","valueRequired":true,"valueName":"search_term_string"}}],"inLanguage":"es"},{"@type":"Organization","@id":"https:\/\/www.polycliniqueplus.com\/es\/#organization","name":"Polycliniqueplus chirurgie esthetique Turquie","url":"https:\/\/www.polycliniqueplus.com\/es\/","logo":{"@type":"ImageObject","inLanguage":"es","@id":"https:\/\/www.polycliniqueplus.com\/es\/#\/schema\/logo\/image\/","url":"https:\/\/www.polycliniqueplus.com\/wp-content\/uploads\/2021\/03\/cropped-add-box-fill.png","contentUrl":"https:\/\/www.polycliniqueplus.com\/wp-content\/uploads\/2021\/03\/cropped-add-box-fill.png","width":512,"height":512,"caption":"Polycliniqueplus chirurgie esthetique Turquie"},"image":{"@id":"https:\/\/www.polycliniqueplus.com\/es\/#\/schema\/logo\/image\/"},"sameAs":["https:\/\/www.facebook.com\/polycliniqueplus","https:\/\/x.com\/polyclinique1","https:\/\/www.youtube.com\/channel\/UCAnK3TORJqflIuYGFa-JQDw"]}]}},"_links":{"self":[{"href":"https:\/\/www.polycliniqueplus.com\/es\/wp-json\/wp\/v2\/pages\/10173","targetHints":{"allow":["GET"]}}],"collection":[{"href":"https:\/\/www.polycliniqueplus.com\/es\/wp-json\/wp\/v2\/pages"}],"about":[{"href":"https:\/\/www.polycliniqueplus.com\/es\/wp-json\/wp\/v2\/types\/page"}],"author":[{"embeddable":true,"href":"https:\/\/www.polycliniqueplus.com\/es\/wp-json\/wp\/v2\/users\/1"}],"replies":[{"embeddable":true,"href":"https:\/\/www.polycliniqueplus.com\/es\/wp-json\/wp\/v2\/comments?post=10173"}],"version-history":[{"count":2,"href":"https:\/\/www.polycliniqueplus.com\/es\/wp-json\/wp\/v2\/pages\/10173\/revisions"}],"predecessor-version":[{"id":10175,"href":"https:\/\/www.polycliniqueplus.com\/es\/wp-json\/wp\/v2\/pages\/10173\/revisions\/10175"}],"wp:attachment":[{"href":"https:\/\/www.polycliniqueplus.com\/es\/wp-json\/wp\/v2\/media?parent=10173"}],"curies":[{"name":"wp","href":"https:\/\/api.w.org\/{rel}","templated":true}]}}