{"id":10129,"date":"2021-12-06T12:26:06","date_gmt":"2021-12-06T11:26:06","guid":{"rendered":"https:\/\/www.polycliniqueplus.com\/precio-de-la-cirugia-estetica-intervenciones-y-estancia-en-turquia-ahorre-hasta-un-75-en-los-precios-de-la-cirugia-estetica-estambul\/"},"modified":"2025-12-12T12:40:41","modified_gmt":"2025-12-12T11:40:41","slug":"precios-de-cirugia-plastica-turquia","status":"publish","type":"page","link":"https:\/\/www.polycliniqueplus.com\/es\/precios-de-cirugia-plastica-turquia\/","title":{"rendered":"Precio de la cirug\u00eda est\u00e9tica Intervenciones y estancia en Turqu\u00eda. Ahorre hasta un 75% en los precios de la cirug\u00eda est\u00e9tica Estambul"},"content":{"rendered":"\t\t<div data-elementor-type=\"wp-page\" data-elementor-id=\"10129\" class=\"elementor elementor-10129 elementor-6950\" data-elementor-settings=\"{&quot;ha_cmc_init_switcher&quot;:&quot;no&quot;}\">\n\t\t\t\t\t\t<section class=\"elementor-section elementor-top-section elementor-element elementor-element-676a6ce elementor-section-boxed elementor-section-height-default elementor-section-height-default\" data-id=\"676a6ce\" data-element_type=\"section\" data-settings=\"{&quot;_ha_eqh_enable&quot;:false}\">\n\t\t\t\t\t\t<div class=\"elementor-container elementor-column-gap-default\">\n\t\t\t\t\t<div class=\"elementor-column elementor-col-100 elementor-top-column elementor-element elementor-element-621302b\" data-id=\"621302b\" data-element_type=\"column\">\n\t\t\t<div class=\"elementor-widget-wrap elementor-element-populated\">\n\t\t\t\t\t\t<div class=\"elementor-element elementor-element-0725535 elementor-widget elementor-widget-text-editor\" data-id=\"0725535\" data-element_type=\"widget\" data-widget_type=\"text-editor.default\">\n\t\t\t\t<div class=\"elementor-widget-container\">\n\t\t\t\t\t\t\tEn Turqu\u00eda, varias cl\u00ednicas y hospitales ofrecen una mejor atenci\u00f3n en un entorno que cumple las normas de seguridad aprobadas. En <strong>Turqu\u00eda<\/strong>, es posible someterse a la <strong>cirug\u00eda est\u00e9tica<\/strong> que desee a muy <strong>buen precio<\/strong> y con <strong>muy buenos resultados<\/strong> para lucir su mejor aspecto. Porque los cirujanos del pa\u00eds est\u00e1n altamente cualificados para operar en las manos m\u00e1s seguras.\n\n\t\t\t\t\t\t<\/div>\n\t\t\t\t<\/div>\n\t\t\t\t<div class=\"elementor-element elementor-element-f2e937d elementor-widget elementor-widget-text-editor\" data-id=\"f2e937d\" data-element_type=\"widget\" data-widget_type=\"text-editor.default\">\n\t\t\t\t<div class=\"elementor-widget-container\">\n\t\t\t\t\t\t\tNo deber\u00eda ser tan dif\u00edcil decidirse por la <a href=\"https:\/\/www.polycliniqueplus.com\/es\/intervenciones-cirugia-estetica-turquia\/\" target=\"_blank\" rel=\"noopener\">cirug\u00eda est\u00e9tica<\/a> cuando se produce una situaci\u00f3n negativa o de insatisfacci\u00f3n en el cuerpo. Hay muchas opciones de tratamiento entre las que elegir para llevar una vida feliz y sana.\n\nEn las <strong>cl\u00ednicas de cirug\u00eda est\u00e9tica en<\/strong> Turqu\u00eda, muchos procedimientos como<strong>\n<em>abdominoplastia<\/em>\n<\/strong>el <strong>\n<em>lifting facial<\/em>\n<\/strong>el <em>\n<strong>lifting mamario<\/strong>\n<\/em>, l&#8217;<strong>\n<em>aumento de mamas<\/em>\n<\/strong>el <em>\n<strong>reducci\u00f3n mamaria<\/strong>\n<\/em>el <em>\n<strong>rinoplastia<\/strong>\n<\/em>, l&#8217;<em>\n<strong>aumento de labios<\/strong>\n<\/em> se proponen. Todas estas <strong>intervenciones se ofrecen a precios muy asequibles<\/strong>.\t\t\t\t\t\t<\/div>\n\t\t\t\t<\/div>\n\t\t\t\t\t<\/div>\n\t\t<\/div>\n\t\t\t\t\t<\/div>\n\t\t<\/section>\n\t\t\t\t<section class=\"elementor-section elementor-top-section elementor-element elementor-element-5a7a526 elementor-section-boxed elementor-section-height-default elementor-section-height-default\" data-id=\"5a7a526\" data-element_type=\"section\" data-settings=\"{&quot;_ha_eqh_enable&quot;:false}\">\n\t\t\t\t\t\t<div class=\"elementor-container elementor-column-gap-default\">\n\t\t\t\t\t<div class=\"elementor-column elementor-col-100 elementor-top-column elementor-element elementor-element-7d279fd5\" data-id=\"7d279fd5\" data-element_type=\"column\">\n\t\t\t<div class=\"elementor-widget-wrap elementor-element-populated\">\n\t\t\t\t\t\t<div class=\"elementor-element elementor-element-8c42627 elementor-widget elementor-widget-text-editor\" data-id=\"8c42627\" data-element_type=\"widget\" data-widget_type=\"text-editor.default\">\n\t\t\t\t<div class=\"elementor-widget-container\">\n\t\t\t\t\t\t\t<h2>\u00bfPor qu\u00e9 ir a Turqu\u00eda a hacerse un tratamiento de belleza?<\/h2>\nViajar a <strong>Turqu\u00eda para someterse a una operaci\u00f3n de cirug\u00eda est\u00e9tica<\/strong> puede<strong>ahorrar mucho dinero<\/strong>. Turqu\u00eda cuenta con excelentes cirujanos profesionales y, para controlar las normas de la cl\u00ednica, el Parlamento turco ha aprobado un proyecto de ley para regular y promover el sector sanitario y las normas laborales.\n\n\t\t\t\t\t\t<\/div>\n\t\t\t\t<\/div>\n\t\t\t\t<div class=\"elementor-element elementor-element-f7591a4 elementor-widget elementor-widget-text-editor\" data-id=\"f7591a4\" data-element_type=\"widget\" data-widget_type=\"text-editor.default\">\n\t\t\t\t<div class=\"elementor-widget-container\">\n\t\t\t\t\t\t\tPor lo tanto, para la remodelaci\u00f3n en Turqu\u00eda, se recomienda elegir s\u00f3lo cl\u00ednicas y hospitales acreditados y de confianza que puedan demostrar su trabajo y la satisfacci\u00f3n del paciente a trav\u00e9s de revisiones antes y despu\u00e9s, acreditaciones y premios nacionales e internacionales, y tambi\u00e9n determinar qui\u00e9nes son los cirujanos que trabajan all\u00ed, su experiencia, educaci\u00f3n, formaci\u00f3n, etc.\t\t\t\t\t\t<\/div>\n\t\t\t\t<\/div>\n\t\t\t\t<div class=\"elementor-element elementor-element-d74f020 elementor-widget elementor-widget-text-editor\" data-id=\"d74f020\" data-element_type=\"widget\" data-widget_type=\"text-editor.default\">\n\t\t\t\t<div class=\"elementor-widget-container\">\n\t\t\t\t\t\t\t<h2>\u00bfCu\u00e1les son las tarifas de la cirug\u00eda est\u00e9tica en Turqu\u00eda?<\/h2>\n<a href=\"https:\/\/www.polycliniqueplus.com\/es\/precios-cirugia-turquia\/\" target=\"_blank\" rel=\"noopener\">Tarifas y precios de la cirug\u00eda est\u00e9tica en Turqu\u00eda<\/a> incluyen la operaci\u00f3n, la consulta con el cirujano, la anestesia (local o general, seg\u00fan el tipo de operaci\u00f3n), los implantes (si son necesarios), toda la medicaci\u00f3n durante la estancia en la cl\u00ednica, una noche de estancia en la cl\u00ednica con comida (o m\u00e1s si es necesario), alojamiento en hotel seg\u00fan el tipo de estancia, pensi\u00f3n completa, citas, ropa m\u00e9dica (sujetador, body u otro, seg\u00fan el tipo de operaci\u00f3n), revisiones postoperatorias peri\u00f3dicas durante la estancia.\n\n\t\t\t\t\t\t<\/div>\n\t\t\t\t<\/div>\n\t\t\t\t<div class=\"elementor-element elementor-element-b917704 elementor-widget elementor-widget-text-editor\" data-id=\"b917704\" data-element_type=\"widget\" data-widget_type=\"text-editor.default\">\n\t\t\t\t<div class=\"elementor-widget-container\">\n\t\t\t\t\t\t\tAunque la mayor\u00eda de los procedimientos de <strong>cirug\u00eda est\u00e9tica<\/strong> en Turqu\u00eda <strong>tienen todo incluido<\/strong>, los precios var\u00edan de un procedimiento a otro.\t\t\t\t\t\t<\/div>\n\t\t\t\t<\/div>\n\t\t\t\t<div class=\"elementor-element elementor-element-5ea05b00 elementor-widget elementor-widget-text-editor\" data-id=\"5ea05b00\" data-element_type=\"widget\" data-widget_type=\"text-editor.default\">\n\t\t\t\t<div class=\"elementor-widget-container\">\n\t\t\t\t\t\t\t\n<table border=\"1\" width=\"50%\" align=\"center\">\n<thead>\n<tr>\n<th align=\"center\" width=\"25%\">Intervenciones<\/th>\n<th align=\"center\" bgcolor=\"#00CC66\" width=\"18%\">Turqu\u00eda<\/th>\n<th align=\"center\" width=\"19%\">Francia<\/th>\n<th align=\"center\" width=\"17%\">Reino Unido<\/th>\n<th align=\"center\" width=\"21%\">Alemania<\/th>\n<\/tr>\n<\/thead>\n<tbody>\n<tr>\n<td align=\"left\">Rinoplastia<\/td>\n<td align=\"center\" bgcolor=\"#00CC66\">Desde 2.400<\/td>\n<td align=\"center\">7500 -10000 \u20ac<\/td>\n<td align=\"center\">\u00a33,000<\/td>\n<td align=\"center\">8.500 \u20ac<\/td>\n<\/tr>\n<tr>\n<td align=\"left\">Liposucci\u00f3n<\/td>\n<td align=\"center\" bgcolor=\"#00CC66\">Desde 3.650<\/td>\n<td align=\"center\">5500 \u20ac &#8211; 6500 \u20ac<\/td>\n<td align=\"center\">\u00a34,000<\/td>\n<td align=\"center\">4.500 \u20ac<\/td>\n<\/tr>\n<tr>\n<td align=\"left\">Abdominoplastia<\/td>\n<td align=\"center\" bgcolor=\"#00CC66\">Desde 3.150<\/td>\n<td align=\"center\">7500 &#8211; 8500 \u20ac<\/td>\n<td align=\"center\">\u00a310,000<\/td>\n<td align=\"center\">7.500 \u20ac<\/td>\n<\/tr>\n<tr>\n<td align=\"left\">Aumento mamario<\/td>\n<td align=\"center\" bgcolor=\"#00CC66\">A partir de 3.200<\/td>\n<td align=\"center\">6500 &#8211; 7500 \u20ac<\/td>\n<td align=\"center\">\u00a38,000<\/td>\n<td align=\"center\">7.000 \u20ac<\/td>\n<\/tr>\n<tr>\n<td align=\"left\">Elevaci\u00f3n de mamas<\/td>\n<td align=\"center\" bgcolor=\"#00CC66\">A partir de 3.250<\/td>\n<td align=\"center\">7000 &#8211; 8000 \u20ac<\/td>\n<td align=\"center\">\u00a39,000<\/td>\n<td align=\"center\">8.500 \u20ac<\/td>\n<\/tr>\n<tr>\n<td align=\"left\">Blefaroplastia<\/td>\n<td align=\"center\" bgcolor=\"#00CC66\">Desde 3.050<\/td>\n<td align=\"center\">3500 &#8211; 3800 \u20ac<\/td>\n<td align=\"center\">\u00a34,000<\/td>\n<td align=\"center\">5.500 \u20ac<\/td>\n<\/tr>\n<tr>\n<td align=\"left\">Trasplante capilar<\/td>\n<td align=\"center\" bgcolor=\"#00CC66\">A partir de 2000<\/td>\n<td align=\"center\">6000 &#8211; 7000 \u20ac<\/td>\n<td align=\"center\">\u00a38,000<\/td>\n<td align=\"center\">4.500 \u20ac<\/td>\n<\/tr>\n<\/tbody>\n<\/table>\t\t\t\t\t\t<\/div>\n\t\t\t\t<\/div>\n\t\t\t\t\t<\/div>\n\t\t<\/div>\n\t\t\t\t\t<\/div>\n\t\t<\/section>\n\t\t\t\t<section class=\"elementor-section elementor-top-section elementor-element elementor-element-147c1b2 elementor-section-boxed elementor-section-height-default elementor-section-height-default\" data-id=\"147c1b2\" data-element_type=\"section\" data-settings=\"{&quot;_ha_eqh_enable&quot;:false}\">\n\t\t\t\t\t\t<div class=\"elementor-container elementor-column-gap-default\">\n\t\t\t\t\t<div class=\"elementor-column elementor-col-100 elementor-top-column elementor-element elementor-element-89af007\" data-id=\"89af007\" data-element_type=\"column\">\n\t\t\t<div class=\"elementor-widget-wrap elementor-element-populated\">\n\t\t\t\t\t\t<div class=\"elementor-element elementor-element-1ccae54 elementor-button-success elementor-align-center elementor-widget elementor-widget-button\" data-id=\"1ccae54\" data-element_type=\"widget\" data-widget_type=\"button.default\">\n\t\t\t\t<div class=\"elementor-widget-container\">\n\t\t\t\t\t<div class=\"elementor-button-wrapper\">\n\t\t\t<a class=\"elementor-button elementor-button-link elementor-size-sm\" href=\"https:\/\/www.polycliniqueplus.com\/es\/presupuesto\/\">\n\t\t\t\t\t\t<span class=\"elementor-button-content-wrapper\">\n\t\t\t\t\t\t\t\t\t<span class=\"elementor-button-text\">No espere m\u00e1s, \u00a1reserve ahora!  <\/span>\n\t\t\t\t\t<\/span>\n\t\t\t\t\t<\/a>\n\t\t<\/div>\n\t\t\t\t<\/div>\n\t\t\t\t<\/div>\n\t\t\t\t\t<\/div>\n\t\t<\/div>\n\t\t\t\t\t<\/div>\n\t\t<\/section>\n\t\t\t\t<\/div>\n\t\t","protected":false},"excerpt":{"rendered":"<p>En Turqu\u00eda, varias cl\u00ednicas y hospitales ofrecen una mejor atenci\u00f3n en un entorno que cumple las normas de seguridad aprobadas. En Turqu\u00eda, es posible someterse a la cirug\u00eda est\u00e9tica que desee a muy buen precio y con muy buenos resultados para lucir su mejor aspecto. Porque los cirujanos del pa\u00eds est\u00e1n altamente cualificados para operar [&hellip;]<\/p>\n","protected":false},"author":1,"featured_media":0,"parent":0,"menu_order":0,"comment_status":"closed","ping_status":"closed","template":"","meta":{"footnotes":""},"class_list":["post-10129","page","type-page","status-publish","hentry"],"yoast_head":"<!-- This site is optimized with the Yoast SEO plugin v27.3 - https:\/\/yoast.com\/product\/yoast-seo-wordpress\/ -->\n<title>Ahorre hasta un 75% en el precio de los procedimientos de cirug\u00eda est\u00e9tica en Turqu\u00eda y qu\u00e9dese<\/title>\n<meta name=\"description\" content=\"Precios de la cirug\u00eda est\u00e9tica en Turqu\u00eda: En las cl\u00ednicas de cirug\u00eda est\u00e9tica de Turqu\u00eda se realizan numerosos procedimientos quir\u00fargicos y no quir\u00fargicos. Todas estas intervenciones se ofrecen a precios muy asequibles.\" \/>\n<meta name=\"robots\" content=\"index, follow, max-snippet:-1, max-image-preview:large, max-video-preview:-1\" \/>\n<link rel=\"canonical\" href=\"https:\/\/www.polycliniqueplus.com\/es\/precios-de-cirugia-plastica-turquia\/\" \/>\n<meta property=\"og:locale\" content=\"es_ES\" \/>\n<meta property=\"og:type\" content=\"article\" \/>\n<meta property=\"og:title\" content=\"Ahorre hasta un 75% en el precio de los procedimientos de cirug\u00eda est\u00e9tica en Turqu\u00eda y qu\u00e9dese\" \/>\n<meta property=\"og:description\" content=\"Precios de la cirug\u00eda est\u00e9tica en Turqu\u00eda: En las cl\u00ednicas de cirug\u00eda est\u00e9tica de Turqu\u00eda se realizan numerosos procedimientos quir\u00fargicos y no quir\u00fargicos. Todas estas intervenciones se ofrecen a precios muy asequibles.\" \/>\n<meta property=\"og:url\" content=\"https:\/\/www.polycliniqueplus.com\/es\/precios-de-cirugia-plastica-turquia\/\" \/>\n<meta property=\"og:site_name\" content=\"Chirurgie esthetique Turquie : Prix interventions meilleures cliniques Istanbul\" \/>\n<meta property=\"article:publisher\" content=\"https:\/\/www.facebook.com\/polycliniqueplus\" \/>\n<meta property=\"article:modified_time\" content=\"2025-12-12T11:40:41+00:00\" \/>\n<meta property=\"og:image\" content=\"https:\/\/www.polycliniqueplus.com\/wp-content\/uploads\/2021\/02\/interventions-de-chirurgie-plastique.jpg\" \/>\n\t<meta property=\"og:image:width\" content=\"574\" \/>\n\t<meta property=\"og:image:height\" content=\"586\" \/>\n\t<meta property=\"og:image:type\" content=\"image\/jpeg\" \/>\n<meta name=\"twitter:card\" content=\"summary_large_image\" \/>\n<meta name=\"twitter:site\" content=\"@polyclinique1\" \/>\n<meta name=\"twitter:label1\" content=\"Tiempo de lectura\" \/>\n\t<meta name=\"twitter:data1\" content=\"3 minutos\" \/>\n<script type=\"application\/ld+json\" class=\"yoast-schema-graph\">{\"@context\":\"https:\\\/\\\/schema.org\",\"@graph\":[{\"@type\":\"WebPage\",\"@id\":\"https:\\\/\\\/www.polycliniqueplus.com\\\/es\\\/precios-de-cirugia-plastica-turquia\\\/\",\"url\":\"https:\\\/\\\/www.polycliniqueplus.com\\\/es\\\/precios-de-cirugia-plastica-turquia\\\/\",\"name\":\"Ahorre hasta un 75% en el precio de los procedimientos de cirug\u00eda est\u00e9tica en Turqu\u00eda y qu\u00e9dese\",\"isPartOf\":{\"@id\":\"https:\\\/\\\/www.polycliniqueplus.com\\\/es\\\/#website\"},\"datePublished\":\"2021-12-06T11:26:06+00:00\",\"dateModified\":\"2025-12-12T11:40:41+00:00\",\"description\":\"Precios de la cirug\u00eda est\u00e9tica en Turqu\u00eda: En las cl\u00ednicas de cirug\u00eda est\u00e9tica de Turqu\u00eda se realizan numerosos procedimientos quir\u00fargicos y no quir\u00fargicos. Todas estas intervenciones se ofrecen a precios muy asequibles.\",\"breadcrumb\":{\"@id\":\"https:\\\/\\\/www.polycliniqueplus.com\\\/es\\\/precios-de-cirugia-plastica-turquia\\\/#breadcrumb\"},\"inLanguage\":\"es\",\"potentialAction\":[{\"@type\":\"ReadAction\",\"target\":[\"https:\\\/\\\/www.polycliniqueplus.com\\\/es\\\/precios-de-cirugia-plastica-turquia\\\/\"]}]},{\"@type\":\"BreadcrumbList\",\"@id\":\"https:\\\/\\\/www.polycliniqueplus.com\\\/es\\\/precios-de-cirugia-plastica-turquia\\\/#breadcrumb\",\"itemListElement\":[{\"@type\":\"ListItem\",\"position\":1,\"name\":\"Accueil\",\"item\":\"https:\\\/\\\/www.polycliniqueplus.com\\\/es\\\/\"},{\"@type\":\"ListItem\",\"position\":2,\"name\":\"Precio de la cirug\u00eda est\u00e9tica Intervenciones y estancia en Turqu\u00eda. Ahorre hasta un 75% en los precios de la cirug\u00eda est\u00e9tica Estambul\"}]},{\"@type\":\"WebSite\",\"@id\":\"https:\\\/\\\/www.polycliniqueplus.com\\\/es\\\/#website\",\"url\":\"https:\\\/\\\/www.polycliniqueplus.com\\\/es\\\/\",\"name\":\"Chirurgie esthetique Turquie : Prix interventions meilleures cliniques Istanbul\",\"description\":\"Chirurgie esthetique Turquie prix pas cher\",\"publisher\":{\"@id\":\"https:\\\/\\\/www.polycliniqueplus.com\\\/es\\\/#organization\"},\"potentialAction\":[{\"@type\":\"SearchAction\",\"target\":{\"@type\":\"EntryPoint\",\"urlTemplate\":\"https:\\\/\\\/www.polycliniqueplus.com\\\/es\\\/?s={search_term_string}\"},\"query-input\":{\"@type\":\"PropertyValueSpecification\",\"valueRequired\":true,\"valueName\":\"search_term_string\"}}],\"inLanguage\":\"es\"},{\"@type\":\"Organization\",\"@id\":\"https:\\\/\\\/www.polycliniqueplus.com\\\/es\\\/#organization\",\"name\":\"Polycliniqueplus chirurgie esthetique Turquie\",\"url\":\"https:\\\/\\\/www.polycliniqueplus.com\\\/es\\\/\",\"logo\":{\"@type\":\"ImageObject\",\"inLanguage\":\"es\",\"@id\":\"https:\\\/\\\/www.polycliniqueplus.com\\\/es\\\/#\\\/schema\\\/logo\\\/image\\\/\",\"url\":\"https:\\\/\\\/www.polycliniqueplus.com\\\/wp-content\\\/uploads\\\/2021\\\/03\\\/cropped-add-box-fill.png\",\"contentUrl\":\"https:\\\/\\\/www.polycliniqueplus.com\\\/wp-content\\\/uploads\\\/2021\\\/03\\\/cropped-add-box-fill.png\",\"width\":512,\"height\":512,\"caption\":\"Polycliniqueplus chirurgie esthetique Turquie\"},\"image\":{\"@id\":\"https:\\\/\\\/www.polycliniqueplus.com\\\/es\\\/#\\\/schema\\\/logo\\\/image\\\/\"},\"sameAs\":[\"https:\\\/\\\/www.facebook.com\\\/polycliniqueplus\",\"https:\\\/\\\/x.com\\\/polyclinique1\",\"https:\\\/\\\/www.youtube.com\\\/channel\\\/UCAnK3TORJqflIuYGFa-JQDw\"]}]}<\/script>\n<!-- \/ Yoast SEO plugin. -->","yoast_head_json":{"title":"Ahorre hasta un 75% en el precio de los procedimientos de cirug\u00eda est\u00e9tica en Turqu\u00eda y qu\u00e9dese","description":"Precios de la cirug\u00eda est\u00e9tica en Turqu\u00eda: En las cl\u00ednicas de cirug\u00eda est\u00e9tica de Turqu\u00eda se realizan numerosos procedimientos quir\u00fargicos y no quir\u00fargicos. Todas estas intervenciones se ofrecen a precios muy asequibles.","robots":{"index":"index","follow":"follow","max-snippet":"max-snippet:-1","max-image-preview":"max-image-preview:large","max-video-preview":"max-video-preview:-1"},"canonical":"https:\/\/www.polycliniqueplus.com\/es\/precios-de-cirugia-plastica-turquia\/","og_locale":"es_ES","og_type":"article","og_title":"Ahorre hasta un 75% en el precio de los procedimientos de cirug\u00eda est\u00e9tica en Turqu\u00eda y qu\u00e9dese","og_description":"Precios de la cirug\u00eda est\u00e9tica en Turqu\u00eda: En las cl\u00ednicas de cirug\u00eda est\u00e9tica de Turqu\u00eda se realizan numerosos procedimientos quir\u00fargicos y no quir\u00fargicos. Todas estas intervenciones se ofrecen a precios muy asequibles.","og_url":"https:\/\/www.polycliniqueplus.com\/es\/precios-de-cirugia-plastica-turquia\/","og_site_name":"Chirurgie esthetique Turquie : Prix interventions meilleures cliniques Istanbul","article_publisher":"https:\/\/www.facebook.com\/polycliniqueplus","article_modified_time":"2025-12-12T11:40:41+00:00","og_image":[{"width":574,"height":586,"url":"https:\/\/www.polycliniqueplus.com\/wp-content\/uploads\/2021\/02\/interventions-de-chirurgie-plastique.jpg","type":"image\/jpeg"}],"twitter_card":"summary_large_image","twitter_site":"@polyclinique1","twitter_misc":{"Tiempo de lectura":"3 minutos"},"schema":{"@context":"https:\/\/schema.org","@graph":[{"@type":"WebPage","@id":"https:\/\/www.polycliniqueplus.com\/es\/precios-de-cirugia-plastica-turquia\/","url":"https:\/\/www.polycliniqueplus.com\/es\/precios-de-cirugia-plastica-turquia\/","name":"Ahorre hasta un 75% en el precio de los procedimientos de cirug\u00eda est\u00e9tica en Turqu\u00eda y qu\u00e9dese","isPartOf":{"@id":"https:\/\/www.polycliniqueplus.com\/es\/#website"},"datePublished":"2021-12-06T11:26:06+00:00","dateModified":"2025-12-12T11:40:41+00:00","description":"Precios de la cirug\u00eda est\u00e9tica en Turqu\u00eda: En las cl\u00ednicas de cirug\u00eda est\u00e9tica de Turqu\u00eda se realizan numerosos procedimientos quir\u00fargicos y no quir\u00fargicos. Todas estas intervenciones se ofrecen a precios muy asequibles.","breadcrumb":{"@id":"https:\/\/www.polycliniqueplus.com\/es\/precios-de-cirugia-plastica-turquia\/#breadcrumb"},"inLanguage":"es","potentialAction":[{"@type":"ReadAction","target":["https:\/\/www.polycliniqueplus.com\/es\/precios-de-cirugia-plastica-turquia\/"]}]},{"@type":"BreadcrumbList","@id":"https:\/\/www.polycliniqueplus.com\/es\/precios-de-cirugia-plastica-turquia\/#breadcrumb","itemListElement":[{"@type":"ListItem","position":1,"name":"Accueil","item":"https:\/\/www.polycliniqueplus.com\/es\/"},{"@type":"ListItem","position":2,"name":"Precio de la cirug\u00eda est\u00e9tica Intervenciones y estancia en Turqu\u00eda. Ahorre hasta un 75% en los precios de la cirug\u00eda est\u00e9tica Estambul"}]},{"@type":"WebSite","@id":"https:\/\/www.polycliniqueplus.com\/es\/#website","url":"https:\/\/www.polycliniqueplus.com\/es\/","name":"Chirurgie esthetique Turquie : Prix interventions meilleures cliniques Istanbul","description":"Chirurgie esthetique Turquie prix pas cher","publisher":{"@id":"https:\/\/www.polycliniqueplus.com\/es\/#organization"},"potentialAction":[{"@type":"SearchAction","target":{"@type":"EntryPoint","urlTemplate":"https:\/\/www.polycliniqueplus.com\/es\/?s={search_term_string}"},"query-input":{"@type":"PropertyValueSpecification","valueRequired":true,"valueName":"search_term_string"}}],"inLanguage":"es"},{"@type":"Organization","@id":"https:\/\/www.polycliniqueplus.com\/es\/#organization","name":"Polycliniqueplus chirurgie esthetique Turquie","url":"https:\/\/www.polycliniqueplus.com\/es\/","logo":{"@type":"ImageObject","inLanguage":"es","@id":"https:\/\/www.polycliniqueplus.com\/es\/#\/schema\/logo\/image\/","url":"https:\/\/www.polycliniqueplus.com\/wp-content\/uploads\/2021\/03\/cropped-add-box-fill.png","contentUrl":"https:\/\/www.polycliniqueplus.com\/wp-content\/uploads\/2021\/03\/cropped-add-box-fill.png","width":512,"height":512,"caption":"Polycliniqueplus chirurgie esthetique Turquie"},"image":{"@id":"https:\/\/www.polycliniqueplus.com\/es\/#\/schema\/logo\/image\/"},"sameAs":["https:\/\/www.facebook.com\/polycliniqueplus","https:\/\/x.com\/polyclinique1","https:\/\/www.youtube.com\/channel\/UCAnK3TORJqflIuYGFa-JQDw"]}]}},"_links":{"self":[{"href":"https:\/\/www.polycliniqueplus.com\/es\/wp-json\/wp\/v2\/pages\/10129","targetHints":{"allow":["GET"]}}],"collection":[{"href":"https:\/\/www.polycliniqueplus.com\/es\/wp-json\/wp\/v2\/pages"}],"about":[{"href":"https:\/\/www.polycliniqueplus.com\/es\/wp-json\/wp\/v2\/types\/page"}],"author":[{"embeddable":true,"href":"https:\/\/www.polycliniqueplus.com\/es\/wp-json\/wp\/v2\/users\/1"}],"replies":[{"embeddable":true,"href":"https:\/\/www.polycliniqueplus.com\/es\/wp-json\/wp\/v2\/comments?post=10129"}],"version-history":[{"count":14,"href":"https:\/\/www.polycliniqueplus.com\/es\/wp-json\/wp\/v2\/pages\/10129\/revisions"}],"predecessor-version":[{"id":33015,"href":"https:\/\/www.polycliniqueplus.com\/es\/wp-json\/wp\/v2\/pages\/10129\/revisions\/33015"}],"wp:attachment":[{"href":"https:\/\/www.polycliniqueplus.com\/es\/wp-json\/wp\/v2\/media?parent=10129"}],"curies":[{"name":"wp","href":"https:\/\/api.w.org\/{rel}","templated":true}]}}