{"id":31586,"date":"2025-11-14T10:01:43","date_gmt":"2025-11-14T09:01:43","guid":{"rendered":"https:\/\/www.polycliniqueplus.com\/?page_id=31586"},"modified":"2025-11-14T10:47:33","modified_gmt":"2025-11-14T09:47:33","slug":"dr-tolgahan-alpaydin","status":"publish","type":"page","link":"https:\/\/www.polycliniqueplus.com\/en\/dr-tolgahan-alpaydin\/","title":{"rendered":"Dr. Tolgahan ALPAYDIN Plastic and Reconstructive Surgeon \u0130zmir, Turkey"},"content":{"rendered":"<div data-elementor-type=\"wp-page\" data-elementor-id=\"31586\" class=\"elementor elementor-31586\" data-elementor-settings=\"{&quot;ha_cmc_init_switcher&quot;:&quot;no&quot;}\">\n\t\t\t\t\t\t<section class=\"elementor-section elementor-top-section elementor-element elementor-element-a76819e elementor-section-boxed elementor-section-height-default elementor-section-height-default\" data-id=\"a76819e\" data-element_type=\"section\" data-settings=\"{&quot;_ha_eqh_enable&quot;:false}\">\n\t\t\t\t\t\t<div class=\"elementor-container elementor-column-gap-default\">\n\t\t\t\t\t<div class=\"elementor-column elementor-col-33 elementor-top-column elementor-element elementor-element-6e3e5e2\" data-id=\"6e3e5e2\" data-element_type=\"column\">\n\t\t\t<div class=\"elementor-widget-wrap elementor-element-populated\">\n\t\t\t\t\t\t<div class=\"elementor-element elementor-element-83cac99 elementor-widget elementor-widget-image\" data-id=\"83cac99\" data-element_type=\"widget\" data-widget_type=\"image.default\">\n\t\t\t\t<div class=\"elementor-widget-container\">\n\t\t\t\t\t\t\t\t\t\t\t\t\t<noscript><img fetchpriority=\"high\" decoding=\"async\" width=\"640\" height=\"640\" src=\"https:\/\/www.polycliniqueplus.com\/wp-content\/uploads\/2025\/11\/Dr-Tolgahan-Alpaydin.jpg\" class=\"attachment-large size-large wp-image-31587\" alt srcset=\"https:\/\/www.polycliniqueplus.com\/wp-content\/uploads\/2025\/11\/Dr-Tolgahan-Alpaydin.jpg 700w, https:\/\/www.polycliniqueplus.com\/wp-content\/uploads\/2025\/11\/Dr-Tolgahan-Alpaydin-300x300.jpg 300w, https:\/\/www.polycliniqueplus.com\/wp-content\/uploads\/2025\/11\/Dr-Tolgahan-Alpaydin-150x150.jpg 150w\" sizes=\"(max-width: 640px) 100vw, 640px\"><\/noscript><img fetchpriority=\"high\" decoding=\"async\" width=\"640\" height=\"640\" src=\"data:image\/svg+xml,%3Csvg%20xmlns%3D%22http%3A%2F%2Fwww.w3.org%2F2000%2Fsvg%22%20viewBox%3D%220%200%20640%20640%22%3E%3C%2Fsvg%3E\" class=\"attachment-large size-large wp-image-31587 lazyload\" alt srcset=\"data:image\/svg+xml,%3Csvg%20xmlns%3D%22http%3A%2F%2Fwww.w3.org%2F2000%2Fsvg%22%20viewBox%3D%220%200%20640%20640%22%3E%3C%2Fsvg%3E 640w\" sizes=\"(max-width: 640px) 100vw, 640px\" data-srcset=\"https:\/\/www.polycliniqueplus.com\/wp-content\/uploads\/2025\/11\/Dr-Tolgahan-Alpaydin.jpg 700w, https:\/\/www.polycliniqueplus.com\/wp-content\/uploads\/2025\/11\/Dr-Tolgahan-Alpaydin-300x300.jpg 300w, https:\/\/www.polycliniqueplus.com\/wp-content\/uploads\/2025\/11\/Dr-Tolgahan-Alpaydin-150x150.jpg 150w\" data-src=\"https:\/\/www.polycliniqueplus.com\/wp-content\/uploads\/2025\/11\/Dr-Tolgahan-Alpaydin.jpg\">\t\t\t\t\t\t\t\t\t\t\t\t\t<\/div>\n\t\t\t\t<\/div>\n\t\t\t\t\t<\/div>\n\t\t<\/div>\n\t\t\t\t<div class=\"elementor-column elementor-col-66 elementor-top-column elementor-element elementor-element-4772775\" data-id=\"4772775\" data-element_type=\"column\">\n\t\t\t<div class=\"elementor-widget-wrap elementor-element-populated\">\n\t\t\t\t\t\t<div class=\"elementor-element elementor-element-7776b5c elementor-widget elementor-widget-text-editor\" data-id=\"7776b5c\" data-element_type=\"widget\" data-widget_type=\"text-editor.default\">\n\t\t\t\t<div class=\"elementor-widget-container\">\n\t\t\t\t\t\t\t<h2><strong>Dr. Tolgahan ALPAYDIN<br>Plastic and Reconstructive Surgeon<br>\u0130zmir, Turkey<\/strong><\/h2><h2>Profile<\/h2><p>Experienced Plastic and Reconstructive Surgeon with over 7 years of residency training and extensive fellowship experience in the US and Turkey. Specialized in <b>microsurgery<\/b>, hand surgery, cosmetic and reconstructive procedures, with expertise in advanced surgical techniques including extremity replantation, <b>aesthetic breast surgery<\/b>, <b>rhinoplasty<\/b>, and craniofacial surgery. Proven track record of clinical excellence and patient-focused care in both academic and private practice settings.<\/p><p style=\"text-align: center;\"><a class=\"maxbutton-9 maxbutton maxbutton-whatsapp-en\" href=\"https:\/\/api.whatsapp.com\/send?phone=+33635235712&amp;text=Hello%2C%20I%E2%80%99m%20interested%20in%20learning%20more%20about%20your%20services%20and%20pricing.%20Could%20you%20please%20send%20me%20more%20information%3F\"><span class=\"mb-text\">Contact Dr. ALPAYDIN<\/span><\/a><\/p>\t\t\t\t\t\t<\/div>\n\t\t\t\t<\/div>\n\t\t\t\t\t<\/div>\n\t\t<\/div>\n\t\t\t\t\t<\/div>\n\t\t<\/section>\n\t\t\t\t<section class=\"elementor-section elementor-top-section elementor-element elementor-element-71c668f elementor-section-boxed elementor-section-height-default elementor-section-height-default\" data-id=\"71c668f\" data-element_type=\"section\" data-settings=\"{&quot;_ha_eqh_enable&quot;:false}\">\n\t\t\t\t\t\t<div class=\"elementor-container elementor-column-gap-default\">\n\t\t\t\t\t<div class=\"elementor-column elementor-col-100 elementor-top-column elementor-element elementor-element-dcf3892\" data-id=\"dcf3892\" data-element_type=\"column\">\n\t\t\t<div class=\"elementor-widget-wrap elementor-element-populated\">\n\t\t\t\t\t\t<div class=\"elementor-element elementor-element-f28f014 elementor-widget__width-initial elementor-widget elementor-widget-text-editor\" data-id=\"f28f014\" data-element_type=\"widget\" data-widget_type=\"text-editor.default\">\n\t\t\t\t<div class=\"elementor-widget-container\">\n\t\t\t\t\t\t\t<h2>Education<\/h2><ul><li>Plastic and Reconstructive Surgery Residency<br>Ege University Faculty of Medicine, \u0130zmir, Turkey | 1995\u20132001<\/li><li>Doctor of Medicine (MD)<br>Ege University Faculty of Medicine, Bornova, \u0130zmir, Turkey | 1988\u20131994<\/li><li>Microsurgery and Cosmetic Surgery Fellowship<br>Cleveland Clinic Foundation, Cleveland, Ohio, USA | 2000<\/li><\/ul><h2>Professional Experience<\/h2><ul><li>Founder and Chief Surgeon<br>\u0130zmir Aesthetic and Plastic Surgery Clinic, \u0130zmir, Turkey | 2001\u2013Present<\/li><li>Plastic Surgeon<br>Plastic and Reconstructive Surgery Clinic, Ege University Faculty of Medicine | 2001<\/li><li>Surgeon, Aesthetic and Plastic Surgery Clinic<br>Medical Point Hospital, \u0130zmir, Turkey | 2024\u2013Present<\/li><\/ul><h2>Fellowships &amp; Specialized Training<\/h2><ul><li>Hand and Microsurgery Training<br>EMOT Hand and Microsurgery Hospital, \u0130zmir, Turkey | 1997\u20131999<\/li><li>Hand Surgery Clinic<br>American Hospital, Istanbul, Turkey, under Dr. Ayan G\u00fclg\u00f6nen and Dr. T\u00fcrker \u00d6zkan | 2000<\/li><li>Cosmetic Surgery Department Fellowship<br>Cleveland Clinic Foundation, Cleveland, Ohio, USA | 2000<\/li><li>Advanced Microsurgery Course<br>GATA, Ankara, Turkey | November 2000<\/li><\/ul><h2>Key Skills and Expertise<\/h2><ul><li>Extremity replantation and microsurgical reconstruction<\/li><li><strong><a href=\"https:\/\/www.polycliniqueplus.com\/en\/breast-lifting-in-turkey\/\">Aesthetic breast surgery<\/a><\/strong> (including TRAM and LD flap reconstruction)<\/li><li>Facial rejuvenation and <a href=\"https:\/\/www.polycliniqueplus.com\/en\/face-lift-pricing-in-turkey\/\"><strong>face-lift<\/strong><\/a> procedures<\/li><li><strong><a href=\"https:\/\/www.polycliniqueplus.com\/en\/abdominoplasty-in-turkey\/\">Body contouring<\/a><\/strong> and <strong><a href=\"https:\/\/www.polycliniqueplus.com\/en\/liposuction-in-turkey\/\">ultrasonic liposuction<\/a><\/strong><\/li><li>Functional and aesthetic <strong><a href=\"https:\/\/www.polycliniqueplus.com\/en\/mens-rhinoplasty-turkey\/\">rhinoplasty<\/a><\/strong><\/li><li>Craniofacial surgery and congenital anomaly correction<\/li><li><a href=\"https:\/\/www.polycliniqueplus.com\/en\/turkey-vascular-laser-treatment-of-vascular-lesions\/\"><strong>Laser<\/strong> <\/a>applications in plastic surgery<\/li><li>Research and development in ischemia-reperfusion injury detection<\/li><\/ul><h3>Languages<\/h3><ul><li>Turkish (Native)<\/li><li>English (Fluent)<\/li><\/ul>\t\t\t\t\t\t<\/div>\n\t\t\t\t<\/div>\n\t\t\t\t\t<\/div>\n\t\t<\/div>\n\t\t\t\t\t<\/div>\n\t\t<\/section>\n\t\t\t\t<section class=\"elementor-section elementor-top-section elementor-element elementor-element-f8f1f58 elementor-section-boxed elementor-section-height-default elementor-section-height-default\" data-id=\"f8f1f58\" data-element_type=\"section\" data-settings=\"{&quot;_ha_eqh_enable&quot;:false}\">\n\t\t\t\t\t\t<div class=\"elementor-container elementor-column-gap-default\">\n\t\t\t\t\t<div class=\"elementor-column elementor-col-100 elementor-top-column elementor-element elementor-element-ab65243\" data-id=\"ab65243\" data-element_type=\"column\">\n\t\t\t<div class=\"elementor-widget-wrap elementor-element-populated\">\n\t\t\t\t\t\t<div class=\"elementor-element elementor-element-ca8c92b elementor-widget elementor-widget-text-editor\" data-id=\"ca8c92b\" data-element_type=\"widget\" data-widget_type=\"text-editor.default\">\n\t\t\t\t<div class=\"elementor-widget-container\">\n\t\t\t\t\t\t\t<p style=\"text-align: center;\"><a class=\"maxbutton-9 maxbutton maxbutton-whatsapp-en\" href=\"https:\/\/api.whatsapp.com\/send?phone=+33635235712&amp;text=Hello%2C%20I%E2%80%99m%20interested%20in%20learning%20more%20about%20your%20services%20and%20pricing.%20Could%20you%20please%20send%20me%20more%20information%3F\"><span class=\"mb-text\">Contact Dr. Alpaydin<\/span><\/a><\/p>\t\t\t\t\t\t<\/div>\n\t\t\t\t<\/div>\n\t\t\t\t\t<\/div>\n\t\t<\/div>\n\t\t\t\t\t<\/div>\n\t\t<\/section>\n\t\t\t\t<\/div>\n\t\t","protected":false},"excerpt":{"rendered":"<p>Dr. Tolgahan ALPAYDINPlastic and Reconstructive Surgeon\u0130zmir, Turkey Profile Experienced Plastic and Reconstructive Surgeon with over 7 years of residency training and extensive fellowship experience in the US and Turkey. Specialized in microsurgery, hand surgery, cosmetic and reconstructive procedures, with expertise in advanced surgical techniques including extremity replantation, aesthetic breast surgery, rhinoplasty, and craniofacial surgery. Proven [&hellip;]<\/p>\n","protected":false},"author":1,"featured_media":31587,"parent":0,"menu_order":0,"comment_status":"closed","ping_status":"closed","template":"","meta":{"footnotes":""},"class_list":["post-31586","page","type-page","status-publish","has-post-thumbnail","hentry"],"yoast_head":"<!-- This site is optimized with the Yoast SEO plugin v27.6 - https:\/\/yoast.com\/product\/yoast-seo-wordpress\/ -->\n<title>Dr. Tolgahan ALPAYDIN Plastic and Reconstructive Surgeon \u0130zmir, Turkey<\/title>\n<meta name=\"description\" content=\"Dr. Tolgahan Alpayd\u0131n is a distinguished Plastic and Reconstructive Surgeon bringing over 23 years of extensive expertise in both aesthetic and reconstructive surgery. With a comprehensive background in advanced microsurgical techniques, cosmetic procedures, and complex reconstructions, he combines surgical precision with a commitment to patient-centered care, delivering exceptional functional and aesthetic outcomes.\" \/>\n<meta name=\"robots\" content=\"index, follow, max-snippet:-1, max-image-preview:large, max-video-preview:-1\" \/>\n<link rel=\"canonical\" href=\"https:\/\/www.polycliniqueplus.com\/en\/dr-tolgahan-alpaydin\/\" \/>\n<meta property=\"og:locale\" content=\"en_US\" \/>\n<meta property=\"og:type\" content=\"article\" \/>\n<meta property=\"og:title\" content=\"Dr. Tolgahan ALPAYDIN Plastic and Reconstructive Surgeon \u0130zmir, Turkey\" \/>\n<meta property=\"og:description\" content=\"Dr. Tolgahan Alpayd\u0131n is a distinguished Plastic and Reconstructive Surgeon bringing over 23 years of extensive expertise in both aesthetic and reconstructive surgery. With a comprehensive background in advanced microsurgical techniques, cosmetic procedures, and complex reconstructions, he combines surgical precision with a commitment to patient-centered care, delivering exceptional functional and aesthetic outcomes.\" \/>\n<meta property=\"og:url\" content=\"https:\/\/www.polycliniqueplus.com\/en\/dr-tolgahan-alpaydin\/\" \/>\n<meta property=\"og:site_name\" content=\"Chirurgie esthetique Turquie : Prix interventions meilleures cliniques Istanbul\" \/>\n<meta property=\"article:publisher\" content=\"https:\/\/www.facebook.com\/polycliniqueplus\" \/>\n<meta property=\"article:modified_time\" content=\"2025-11-14T09:47:33+00:00\" \/>\n<meta property=\"og:image\" content=\"https:\/\/www.polycliniqueplus.com\/wp-content\/uploads\/2025\/11\/Dr-Tolgahan-Alpaydin.jpg\" \/>\n\t<meta property=\"og:image:width\" content=\"700\" \/>\n\t<meta property=\"og:image:height\" content=\"700\" \/>\n\t<meta property=\"og:image:type\" content=\"image\/jpeg\" \/>\n<meta name=\"twitter:card\" content=\"summary_large_image\" \/>\n<meta name=\"twitter:site\" content=\"@polyclinique1\" \/>\n<meta name=\"twitter:label1\" content=\"Est. reading time\" \/>\n\t<meta name=\"twitter:data1\" content=\"2 minutes\" \/>\n<script type=\"application\/ld+json\" class=\"yoast-schema-graph\">{\"@context\":\"https:\\\/\\\/schema.org\",\"@graph\":[{\"@type\":\"WebPage\",\"@id\":\"https:\\\/\\\/www.polycliniqueplus.com\\\/en\\\/dr-tolgahan-alpaydin\\\/\",\"url\":\"https:\\\/\\\/www.polycliniqueplus.com\\\/en\\\/dr-tolgahan-alpaydin\\\/\",\"name\":\"Dr. Tolgahan ALPAYDIN Plastic and Reconstructive Surgeon \u0130zmir, Turkey\",\"isPartOf\":{\"@id\":\"https:\\\/\\\/www.polycliniqueplus.com\\\/en\\\/#website\"},\"primaryImageOfPage\":{\"@id\":\"https:\\\/\\\/www.polycliniqueplus.com\\\/en\\\/dr-tolgahan-alpaydin\\\/#primaryimage\"},\"image\":{\"@id\":\"https:\\\/\\\/www.polycliniqueplus.com\\\/en\\\/dr-tolgahan-alpaydin\\\/#primaryimage\"},\"thumbnailUrl\":\"https:\\\/\\\/www.polycliniqueplus.com\\\/wp-content\\\/uploads\\\/2025\\\/11\\\/Dr-Tolgahan-Alpaydin.jpg\",\"datePublished\":\"2025-11-14T09:01:43+00:00\",\"dateModified\":\"2025-11-14T09:47:33+00:00\",\"description\":\"Dr. Tolgahan Alpayd\u0131n is a distinguished Plastic and Reconstructive Surgeon bringing over 23 years of extensive expertise in both aesthetic and reconstructive surgery. With a comprehensive background in advanced microsurgical techniques, cosmetic procedures, and complex reconstructions, he combines surgical precision with a commitment to patient-centered care, delivering exceptional functional and aesthetic outcomes.\",\"breadcrumb\":{\"@id\":\"https:\\\/\\\/www.polycliniqueplus.com\\\/en\\\/dr-tolgahan-alpaydin\\\/#breadcrumb\"},\"inLanguage\":\"en-US\",\"potentialAction\":[{\"@type\":\"ReadAction\",\"target\":[\"https:\\\/\\\/www.polycliniqueplus.com\\\/en\\\/dr-tolgahan-alpaydin\\\/\"]}]},{\"@type\":\"ImageObject\",\"inLanguage\":\"en-US\",\"@id\":\"https:\\\/\\\/www.polycliniqueplus.com\\\/en\\\/dr-tolgahan-alpaydin\\\/#primaryimage\",\"url\":\"https:\\\/\\\/www.polycliniqueplus.com\\\/wp-content\\\/uploads\\\/2025\\\/11\\\/Dr-Tolgahan-Alpaydin.jpg\",\"contentUrl\":\"https:\\\/\\\/www.polycliniqueplus.com\\\/wp-content\\\/uploads\\\/2025\\\/11\\\/Dr-Tolgahan-Alpaydin.jpg\",\"width\":700,\"height\":700},{\"@type\":\"BreadcrumbList\",\"@id\":\"https:\\\/\\\/www.polycliniqueplus.com\\\/en\\\/dr-tolgahan-alpaydin\\\/#breadcrumb\",\"itemListElement\":[{\"@type\":\"ListItem\",\"position\":1,\"name\":\"Accueil\",\"item\":\"https:\\\/\\\/www.polycliniqueplus.com\\\/en\\\/\"},{\"@type\":\"ListItem\",\"position\":2,\"name\":\"Dr. Tolgahan ALPAYDIN Plastic and Reconstructive Surgeon \u0130zmir, Turkey\"}]},{\"@type\":\"WebSite\",\"@id\":\"https:\\\/\\\/www.polycliniqueplus.com\\\/en\\\/#website\",\"url\":\"https:\\\/\\\/www.polycliniqueplus.com\\\/en\\\/\",\"name\":\"Chirurgie esthetique Turquie : Prix interventions meilleures cliniques Istanbul\",\"description\":\"Chirurgie esthetique Turquie prix pas cher\",\"publisher\":{\"@id\":\"https:\\\/\\\/www.polycliniqueplus.com\\\/en\\\/#organization\"},\"potentialAction\":[{\"@type\":\"SearchAction\",\"target\":{\"@type\":\"EntryPoint\",\"urlTemplate\":\"https:\\\/\\\/www.polycliniqueplus.com\\\/en\\\/?s={search_term_string}\"},\"query-input\":{\"@type\":\"PropertyValueSpecification\",\"valueRequired\":true,\"valueName\":\"search_term_string\"}}],\"inLanguage\":\"en-US\"},{\"@type\":\"Organization\",\"@id\":\"https:\\\/\\\/www.polycliniqueplus.com\\\/en\\\/#organization\",\"name\":\"Polycliniqueplus chirurgie esthetique Turquie\",\"url\":\"https:\\\/\\\/www.polycliniqueplus.com\\\/en\\\/\",\"logo\":{\"@type\":\"ImageObject\",\"inLanguage\":\"en-US\",\"@id\":\"https:\\\/\\\/www.polycliniqueplus.com\\\/en\\\/#\\\/schema\\\/logo\\\/image\\\/\",\"url\":\"https:\\\/\\\/www.polycliniqueplus.com\\\/wp-content\\\/uploads\\\/2021\\\/03\\\/cropped-add-box-fill.png\",\"contentUrl\":\"https:\\\/\\\/www.polycliniqueplus.com\\\/wp-content\\\/uploads\\\/2021\\\/03\\\/cropped-add-box-fill.png\",\"width\":512,\"height\":512,\"caption\":\"Polycliniqueplus chirurgie esthetique Turquie\"},\"image\":{\"@id\":\"https:\\\/\\\/www.polycliniqueplus.com\\\/en\\\/#\\\/schema\\\/logo\\\/image\\\/\"},\"sameAs\":[\"https:\\\/\\\/www.facebook.com\\\/polycliniqueplus\",\"https:\\\/\\\/x.com\\\/polyclinique1\",\"https:\\\/\\\/www.youtube.com\\\/channel\\\/UCAnK3TORJqflIuYGFa-JQDw\"]}]}<\/script>\n<!-- \/ Yoast SEO plugin. -->","yoast_head_json":{"title":"Dr. Tolgahan ALPAYDIN Plastic and Reconstructive Surgeon \u0130zmir, Turkey","description":"Dr. Tolgahan Alpayd\u0131n is a distinguished Plastic and Reconstructive Surgeon bringing over 23 years of extensive expertise in both aesthetic and reconstructive surgery. With a comprehensive background in advanced microsurgical techniques, cosmetic procedures, and complex reconstructions, he combines surgical precision with a commitment to patient-centered care, delivering exceptional functional and aesthetic outcomes.","robots":{"index":"index","follow":"follow","max-snippet":"max-snippet:-1","max-image-preview":"max-image-preview:large","max-video-preview":"max-video-preview:-1"},"canonical":"https:\/\/www.polycliniqueplus.com\/en\/dr-tolgahan-alpaydin\/","og_locale":"en_US","og_type":"article","og_title":"Dr. Tolgahan ALPAYDIN Plastic and Reconstructive Surgeon \u0130zmir, Turkey","og_description":"Dr. Tolgahan Alpayd\u0131n is a distinguished Plastic and Reconstructive Surgeon bringing over 23 years of extensive expertise in both aesthetic and reconstructive surgery. With a comprehensive background in advanced microsurgical techniques, cosmetic procedures, and complex reconstructions, he combines surgical precision with a commitment to patient-centered care, delivering exceptional functional and aesthetic outcomes.","og_url":"https:\/\/www.polycliniqueplus.com\/en\/dr-tolgahan-alpaydin\/","og_site_name":"Chirurgie esthetique Turquie : Prix interventions meilleures cliniques Istanbul","article_publisher":"https:\/\/www.facebook.com\/polycliniqueplus","article_modified_time":"2025-11-14T09:47:33+00:00","og_image":[{"width":700,"height":700,"url":"https:\/\/www.polycliniqueplus.com\/wp-content\/uploads\/2025\/11\/Dr-Tolgahan-Alpaydin.jpg","type":"image\/jpeg"}],"twitter_card":"summary_large_image","twitter_site":"@polyclinique1","twitter_misc":{"Est. reading time":"2 minutes"},"schema":{"@context":"https:\/\/schema.org","@graph":[{"@type":"WebPage","@id":"https:\/\/www.polycliniqueplus.com\/en\/dr-tolgahan-alpaydin\/","url":"https:\/\/www.polycliniqueplus.com\/en\/dr-tolgahan-alpaydin\/","name":"Dr. Tolgahan ALPAYDIN Plastic and Reconstructive Surgeon \u0130zmir, Turkey","isPartOf":{"@id":"https:\/\/www.polycliniqueplus.com\/en\/#website"},"primaryImageOfPage":{"@id":"https:\/\/www.polycliniqueplus.com\/en\/dr-tolgahan-alpaydin\/#primaryimage"},"image":{"@id":"https:\/\/www.polycliniqueplus.com\/en\/dr-tolgahan-alpaydin\/#primaryimage"},"thumbnailUrl":"https:\/\/www.polycliniqueplus.com\/wp-content\/uploads\/2025\/11\/Dr-Tolgahan-Alpaydin.jpg","datePublished":"2025-11-14T09:01:43+00:00","dateModified":"2025-11-14T09:47:33+00:00","description":"Dr. Tolgahan Alpayd\u0131n is a distinguished Plastic and Reconstructive Surgeon bringing over 23 years of extensive expertise in both aesthetic and reconstructive surgery. With a comprehensive background in advanced microsurgical techniques, cosmetic procedures, and complex reconstructions, he combines surgical precision with a commitment to patient-centered care, delivering exceptional functional and aesthetic outcomes.","breadcrumb":{"@id":"https:\/\/www.polycliniqueplus.com\/en\/dr-tolgahan-alpaydin\/#breadcrumb"},"inLanguage":"en-US","potentialAction":[{"@type":"ReadAction","target":["https:\/\/www.polycliniqueplus.com\/en\/dr-tolgahan-alpaydin\/"]}]},{"@type":"ImageObject","inLanguage":"en-US","@id":"https:\/\/www.polycliniqueplus.com\/en\/dr-tolgahan-alpaydin\/#primaryimage","url":"https:\/\/www.polycliniqueplus.com\/wp-content\/uploads\/2025\/11\/Dr-Tolgahan-Alpaydin.jpg","contentUrl":"https:\/\/www.polycliniqueplus.com\/wp-content\/uploads\/2025\/11\/Dr-Tolgahan-Alpaydin.jpg","width":700,"height":700},{"@type":"BreadcrumbList","@id":"https:\/\/www.polycliniqueplus.com\/en\/dr-tolgahan-alpaydin\/#breadcrumb","itemListElement":[{"@type":"ListItem","position":1,"name":"Accueil","item":"https:\/\/www.polycliniqueplus.com\/en\/"},{"@type":"ListItem","position":2,"name":"Dr. Tolgahan ALPAYDIN Plastic and Reconstructive Surgeon \u0130zmir, Turkey"}]},{"@type":"WebSite","@id":"https:\/\/www.polycliniqueplus.com\/en\/#website","url":"https:\/\/www.polycliniqueplus.com\/en\/","name":"Chirurgie esthetique Turquie : Prix interventions meilleures cliniques Istanbul","description":"Chirurgie esthetique Turquie prix pas cher","publisher":{"@id":"https:\/\/www.polycliniqueplus.com\/en\/#organization"},"potentialAction":[{"@type":"SearchAction","target":{"@type":"EntryPoint","urlTemplate":"https:\/\/www.polycliniqueplus.com\/en\/?s={search_term_string}"},"query-input":{"@type":"PropertyValueSpecification","valueRequired":true,"valueName":"search_term_string"}}],"inLanguage":"en-US"},{"@type":"Organization","@id":"https:\/\/www.polycliniqueplus.com\/en\/#organization","name":"Polycliniqueplus chirurgie esthetique Turquie","url":"https:\/\/www.polycliniqueplus.com\/en\/","logo":{"@type":"ImageObject","inLanguage":"en-US","@id":"https:\/\/www.polycliniqueplus.com\/en\/#\/schema\/logo\/image\/","url":"https:\/\/www.polycliniqueplus.com\/wp-content\/uploads\/2021\/03\/cropped-add-box-fill.png","contentUrl":"https:\/\/www.polycliniqueplus.com\/wp-content\/uploads\/2021\/03\/cropped-add-box-fill.png","width":512,"height":512,"caption":"Polycliniqueplus chirurgie esthetique Turquie"},"image":{"@id":"https:\/\/www.polycliniqueplus.com\/en\/#\/schema\/logo\/image\/"},"sameAs":["https:\/\/www.facebook.com\/polycliniqueplus","https:\/\/x.com\/polyclinique1","https:\/\/www.youtube.com\/channel\/UCAnK3TORJqflIuYGFa-JQDw"]}]}},"_links":{"self":[{"href":"https:\/\/www.polycliniqueplus.com\/en\/wp-json\/wp\/v2\/pages\/31586","targetHints":{"allow":["GET"]}}],"collection":[{"href":"https:\/\/www.polycliniqueplus.com\/en\/wp-json\/wp\/v2\/pages"}],"about":[{"href":"https:\/\/www.polycliniqueplus.com\/en\/wp-json\/wp\/v2\/types\/page"}],"author":[{"embeddable":true,"href":"https:\/\/www.polycliniqueplus.com\/en\/wp-json\/wp\/v2\/users\/1"}],"replies":[{"embeddable":true,"href":"https:\/\/www.polycliniqueplus.com\/en\/wp-json\/wp\/v2\/comments?post=31586"}],"version-history":[{"count":16,"href":"https:\/\/www.polycliniqueplus.com\/en\/wp-json\/wp\/v2\/pages\/31586\/revisions"}],"predecessor-version":[{"id":31623,"href":"https:\/\/www.polycliniqueplus.com\/en\/wp-json\/wp\/v2\/pages\/31586\/revisions\/31623"}],"wp:featuredmedia":[{"embeddable":true,"href":"https:\/\/www.polycliniqueplus.com\/en\/wp-json\/wp\/v2\/media\/31587"}],"wp:attachment":[{"href":"https:\/\/www.polycliniqueplus.com\/en\/wp-json\/wp\/v2\/media?parent=31586"}],"curies":[{"name":"wp","href":"https:\/\/api.w.org\/{rel}","templated":true}]}}