{"id":32003,"date":"2025-11-26T10:06:38","date_gmt":"2025-11-26T09:06:38","guid":{"rendered":"https:\/\/www.polycliniqueplus.com\/dr-orhan-fahri-demir\/"},"modified":"2025-11-26T12:07:19","modified_gmt":"2025-11-26T11:07:19","slug":"dr-orhan-fahri-demir","status":"publish","type":"page","link":"https:\/\/www.polycliniqueplus.com\/de\/dr-orhan-fahri-demir\/","title":{"rendered":"DR. ORHAN FAHRI DEMIR Plastischer und \u00c4sthetischer Chirurg"},"content":{"rendered":"<div data-elementor-type=\"wp-page\" data-elementor-id=\"32003\" class=\"elementor elementor-32003 elementor-31911\" data-elementor-settings=\"{&quot;ha_cmc_init_switcher&quot;:&quot;no&quot;}\">\n\t\t\t\t\t\t<section class=\"elementor-section elementor-top-section elementor-element elementor-element-8987fe9 elementor-section-boxed elementor-section-height-default elementor-section-height-default\" data-id=\"8987fe9\" data-element_type=\"section\" data-settings=\"{&quot;_ha_eqh_enable&quot;:false}\">\n\t\t\t\t\t\t<div class=\"elementor-container elementor-column-gap-default\">\n\t\t\t\t\t<div class=\"elementor-column elementor-col-50 elementor-top-column elementor-element elementor-element-e4c6f1c\" data-id=\"e4c6f1c\" data-element_type=\"column\">\n\t\t\t<div class=\"elementor-widget-wrap elementor-element-populated\">\n\t\t\t\t\t\t<div class=\"elementor-element elementor-element-227fb26 elementor-widget elementor-widget-text-editor\" data-id=\"227fb26\" data-element_type=\"widget\" data-widget_type=\"text-editor.default\">\n\t\t\t\t<div class=\"elementor-widget-container\">\n\t\t\t\t\t\t\t<h2><strong>Dr. Orhan Fahri<\/strong> Plastischer Chirurg, \u00c4sthetik und Rekonstruktion<\/h2><h3>\u00dcBER UNS<\/h3><p>Hochqualifizierter plastischer Chirurg mit \u00fcber 8 Jahren klinischer und akademischer Erfahrung in \u00e4sthetischer Chirurgie, Rekonstruktionschirurgie und Mikrochirurgie.<br>Anerkannter Spezialist in den Bereichen Gesichtschirurgie, Rekonstruktion von kraniofazialen Anomalien und komplexen mikrochirurgischen Eingriffen.<\/p><blockquote><p><em><strong>Engagement f\u00fcr klinische Exzellenz und chirurgische Innovation.<\/strong><\/em><\/p><\/blockquote><p style=\"text-align: center;\"><a class=\"maxbutton-12 maxbutton maxbutton-whatsapp-de\" href=\"https:\/\/api.whatsapp.com\/send?phone=+33635235712&amp;&amp;text=Hallo,%20ich%20w%C3%BCrde%20gerne%20Ihre%20Interventionen%20und%20Preise%20kennenlernen!\"><span class=\"mb-text\">Termin vereinbaren<\/span><\/a><\/p>\t\t\t\t\t\t<\/div>\n\t\t\t\t<\/div>\n\t\t\t\t\t<\/div>\n\t\t<\/div>\n\t\t\t\t<div class=\"elementor-column elementor-col-50 elementor-top-column elementor-element elementor-element-e1ac8f9\" data-id=\"e1ac8f9\" data-element_type=\"column\">\n\t\t\t<div class=\"elementor-widget-wrap elementor-element-populated\">\n\t\t\t\t\t\t<div class=\"elementor-element elementor-element-c939330 elementor-widget elementor-widget-image\" data-id=\"c939330\" data-element_type=\"widget\" data-widget_type=\"image.default\">\n\t\t\t\t<div class=\"elementor-widget-container\">\n\t\t\t\t\t\t\t\t\t\t\t\t\t<noscript><img fetchpriority=\"high\" decoding=\"async\" width=\"640\" height=\"883\" src=\"https:\/\/www.polycliniqueplus.com\/wp-content\/uploads\/2025\/11\/Dr-Orhan-Fahri-Demir-742x1024.jpeg\" class=\"attachment-large size-large wp-image-31915\" alt srcset=\"https:\/\/www.polycliniqueplus.com\/wp-content\/uploads\/2025\/11\/Dr-Orhan-Fahri-Demir-742x1024.jpeg 742w, https:\/\/www.polycliniqueplus.com\/wp-content\/uploads\/2025\/11\/Dr-Orhan-Fahri-Demir-217x300.jpeg 217w, https:\/\/www.polycliniqueplus.com\/wp-content\/uploads\/2025\/11\/Dr-Orhan-Fahri-Demir-768x1061.jpeg 768w, https:\/\/www.polycliniqueplus.com\/wp-content\/uploads\/2025\/11\/Dr-Orhan-Fahri-Demir.jpeg 869w\" sizes=\"(max-width: 640px) 100vw, 640px\"><\/noscript><img fetchpriority=\"high\" decoding=\"async\" width=\"640\" height=\"883\" src=\"data:image\/svg+xml,%3Csvg%20xmlns%3D%22http%3A%2F%2Fwww.w3.org%2F2000%2Fsvg%22%20viewBox%3D%220%200%20640%20883%22%3E%3C%2Fsvg%3E\" class=\"attachment-large size-large wp-image-31915 lazyload\" alt srcset=\"data:image\/svg+xml,%3Csvg%20xmlns%3D%22http%3A%2F%2Fwww.w3.org%2F2000%2Fsvg%22%20viewBox%3D%220%200%20640%20883%22%3E%3C%2Fsvg%3E 640w\" sizes=\"(max-width: 640px) 100vw, 640px\" data-srcset=\"https:\/\/www.polycliniqueplus.com\/wp-content\/uploads\/2025\/11\/Dr-Orhan-Fahri-Demir-742x1024.jpeg 742w, https:\/\/www.polycliniqueplus.com\/wp-content\/uploads\/2025\/11\/Dr-Orhan-Fahri-Demir-217x300.jpeg 217w, https:\/\/www.polycliniqueplus.com\/wp-content\/uploads\/2025\/11\/Dr-Orhan-Fahri-Demir-768x1061.jpeg 768w, https:\/\/www.polycliniqueplus.com\/wp-content\/uploads\/2025\/11\/Dr-Orhan-Fahri-Demir.jpeg 869w\" data-src=\"https:\/\/www.polycliniqueplus.com\/wp-content\/uploads\/2025\/11\/Dr-Orhan-Fahri-Demir-742x1024.jpeg\">\t\t\t\t\t\t\t\t\t\t\t\t\t<\/div>\n\t\t\t\t<\/div>\n\t\t\t\t\t<\/div>\n\t\t<\/div>\n\t\t\t\t\t<\/div>\n\t\t<\/section>\n\t\t\t\t<section class=\"elementor-section elementor-top-section elementor-element elementor-element-34f8a4a elementor-section-boxed elementor-section-height-default elementor-section-height-default\" data-id=\"34f8a4a\" data-element_type=\"section\" data-settings=\"{&quot;_ha_eqh_enable&quot;:false}\">\n\t\t\t\t\t\t<div class=\"elementor-container elementor-column-gap-default\">\n\t\t\t\t\t<div class=\"elementor-column elementor-col-100 elementor-top-column elementor-element elementor-element-352ff4f\" data-id=\"352ff4f\" data-element_type=\"column\">\n\t\t\t<div class=\"elementor-widget-wrap elementor-element-populated\">\n\t\t\t\t\t\t<div class=\"elementor-element elementor-element-6cdd9e0 elementor-widget elementor-widget-text-editor\" data-id=\"6cdd9e0\" data-element_type=\"widget\" data-widget_type=\"text-editor.default\">\n\t\t\t\t<div class=\"elementor-widget-container\">\n\t\t\t\t\t\t\t<h2>BERUFSERFAHRUNG<\/h2>\n<h5><strong>Facharzt f\u00fcr \u00c4sthetische, Plastische und Rekonstruktive Chirurgie Krankenhaus Memorial Bah\u00e7elevler, Istanbul 2025 &#8211; Heute<\/strong><\/h5>\nLeitung und \u00dcberwachung von plastischen chirurgischen Eingriffen. Management komplexer F\u00e4lle in der Gesichtsrekonstruktion. Klinische Ausbildung von Assistenz\u00e4rzten. Aktive Teilnahme an Fortschritten in Plastik- und \u00c4sthetischer Chirurgie.\n<h5><strong>Facharzt f\u00fcr Plastische Chirurgie Krankenhaus IS\u00dc Bah\u00e7e\u015fehir LIV, Istanbul 2023 &#8211; 2025<\/strong><\/h5>\nDurchf\u00fchrung von Eingriffen in Plastik- und \u00c4sthetischer Chirurgie. Betreuung von Patienten in der posttraumatischen Rekonstruktion. Multidisziplin\u00e4re Zusammenarbeit in spezialisierten Einheiten.\n<h5><strong>Plastischer Chirurg Krankenhaus f\u00fcr Ausbildung und Forschung Ad\u0131yaman, Ad\u0131yaman 2021 &#8211; 2023<\/strong><\/h5>\nManagement komplexer chirurgischer F\u00e4lle. Eingriffe in rekonstruktiver und \u00e4sthetischer Chirurgie. Teilnahme an Programmen der medizinischen Ausbildung.\n<h5><strong>Plastischer Chirurg Krankenhaus IS\u00dc Bah\u00e7e\u015fehir LIV, Istanbul 2021 &#8211; 2023<\/strong><\/h5>\nFortgeschrittene Spezialisierung in Plastik- und Rekonstruktiver Chirurgie.\n<h5><strong>Facharztausbildung in Plastischer, Rekonstruktiver und \u00c4sthetischer Chirurgie Krankenhaus der Medizinischen Fakult\u00e4t der Universit\u00e4t Ege, Izmir 2009 &#8211; 2016<\/strong><\/h5>\nIntensive Ausbildung in Plastischer Chirurgie. Erwerb fortgeschrittener chirurgischer F\u00e4higkeiten. Teilnahme an spezialisierten Eingriffen und Forschungsprojekten.\n<h5><strong>Allgemeinarzt &#8211; Notfalldienst \u00d6ffentliches Krankenhaus Nev\u015fehir 2016<\/strong><\/h5>\n<h2>AKADEMISCHE AUSBILDUNG<\/h2>\n<strong>Medizindiplom Universit\u00e4t Gazi, Medizinische Fakult\u00e4t, Ankara, T\u00fcrkei 2009 &#8211; 2016<\/strong>\n<ul>\n\t<li>Vollst\u00e4ndige medizinische Ausbildung mit progressiver Spezialisierung in Plastik- und Rekonstruktiver Chirurgie.<\/li>\n<\/ul>\n<h2>ZERTIFIZIERUNGEN UND SPEZIALISIERTE SCHULUNGEN<\/h2>\n<ul>\n\t<li>P\u00e4diatrische Rekonstruktive Chirurgie &#8211; Usbekische-Koreanische Kinder (Wohlt\u00e4tigkeitsmission, 2024)<\/li>\n\t<li>Kadaverkurs: Kraniofaziale Anomalien und Frakturen der Gesichtsknochen (2022)<\/li>\n\t<li>Facharzt-Zertifikat in Plastischer Chirurgie &#8211; T\u00fcrkische Gesellschaft f\u00fcr Plastische, Rekonstruktive und \u00c4sthetische Chirurgie (2020)<\/li>\n\t<li>Schulung zur experimentellen Tierforschung (2020)<\/li>\n\t<li>Zertifikat in Grundlagen der Mikrochirurgie &#8211; T\u00fcrkische Gesellschaft f\u00fcr Rekonstruktive Mikrochirurgie (2018)<\/li>\n<\/ul>\n<h2>KONGRESSE UND WISSENSCHAFTLICHE PR\u00c4SENTATIONEN<\/h2>\n<ul>\n\t<li>Internationaler Kongress f\u00fcr Plastische Chirurgie 2024, Sarajevo &#8211; Redner<\/li>\n\t<li>Gesichtslift-Kongress 2024, Aserbaidschan &#8211; Redner<\/li>\n\t<li>Kongress &#8222;Neue Ans\u00e4tze bei Kopf- und Halstumoren&#8220; 2023, Usbekistan &#8211; Redner<\/li>\n\t<li>46. Mikrochirurgie-Kurs 2023 &#8211; Instruktor<\/li>\n\t<li>9. Nationaler Kongress f\u00fcr Rekonstruktive Mikrochirurgie &amp; 2. Nationaler Kongress f\u00fcr Handchirurgie und Mikrochirurgie (2022)<\/li>\n\t<li>11. Rhinoplastie-Kongress und 4. Kongress f\u00fcr \u00c4sthetische Gesichtschirurgie (2018)<\/li>\n\t<li>Regionaltagung f\u00fcr Gesichts- und Ohrenrekonstruktion (2019)<\/li>\n\t<li>XXI. Ege-Onkologietage &#8211; Melanom- und Nicht-Melanom-Hautkrebs-Symposium (2017)<\/li>\n<\/ul>\n<h2>BERUFLICHE KOMPETENZEN<\/h2>\n<ul>\n\t<li>\u00c4sthetische Gesichtschirurgie (<a href=\"https:\/\/www.polycliniqueplus.com\/blog\/nez-de-barbie-en-turquie\/\">Rhinoplastie<\/a>, Facelift, <a href=\"https:\/\/www.polycliniqueplus.com\/blepharoplastie-turquie\/\">Blepharoplastie<\/a>)<\/li>\n\t<li>Rekonstruktion von Kraniofazialen Anomalien<\/li>\n\t<li>Rekonstruktive Mikrochirurgie<\/li>\n\t<li>Chirurgie von Gesichts- und Knochenfrakturen<\/li>\n\t<li>Onkologische Chirurgie und posttumorale Rekonstruktion<\/li>\n\t<li>Hand- und Extremit\u00e4tenchirurgie<\/li>\n\t<li>Brandverletzungsbehandlung und Rekonstruktion<\/li>\n\t<li>Medizinische Lehre und Ausbildung von Assistenz\u00e4rzten<\/li>\n<\/ul>\n<h2>BERUFLICHE VERBANDSZUGEH\u00d6RIGKEITEN<\/h2>\n<ul>\n\t<li>T\u00fcrkische Gesellschaft f\u00fcr Plastische, Rekonstruktive und \u00c4sthetische Chirurgie<\/li>\n\t<li>T\u00fcrkische Gesellschaft f\u00fcr Rekonstruktive Mikrochirurgie<\/li>\n\t<li>Internationale Medizinische Verb\u00e4nde f\u00fcr Plastische Chirurgie.<\/li>\n<\/ul>\t\t\t\t\t\t<\/div>\n\t\t\t\t<\/div>\n\t\t\t\t\t<\/div>\n\t\t<\/div>\n\t\t\t\t\t<\/div>\n\t\t<\/section>\n\t\t\t\t<section class=\"elementor-section elementor-top-section elementor-element elementor-element-4f30d53 elementor-section-boxed elementor-section-height-default elementor-section-height-default\" data-id=\"4f30d53\" data-element_type=\"section\" data-settings=\"{&quot;_ha_eqh_enable&quot;:false}\">\n\t\t\t\t\t\t<div class=\"elementor-container elementor-column-gap-default\">\n\t\t\t\t\t<div class=\"elementor-column elementor-col-100 elementor-top-column elementor-element elementor-element-a4b5ac9\" data-id=\"a4b5ac9\" data-element_type=\"column\">\n\t\t\t<div class=\"elementor-widget-wrap elementor-element-populated\">\n\t\t\t\t\t\t<div class=\"elementor-element elementor-element-70c3a30 elementor-widget elementor-widget-text-editor\" data-id=\"70c3a30\" data-element_type=\"widget\" data-widget_type=\"text-editor.default\">\n\t\t\t\t<div class=\"elementor-widget-container\">\n\t\t\t\t\t\t\t<p style=\"text-align: center;\"><a class=\"maxbutton-12 maxbutton maxbutton-whatsapp-de\" href=\"https:\/\/api.whatsapp.com\/send?phone=+33635235712&amp;&amp;text=Hallo,%20ich%20w%C3%BCrde%20gerne%20Ihre%20Interventionen%20und%20Preise%20kennenlernen!\"><span class=\"mb-text\">Kontaktieren Sie Dr. Orhan<\/span><\/a><\/p>\t\t\t\t\t\t<\/div>\n\t\t\t\t<\/div>\n\t\t\t\t\t<\/div>\n\t\t<\/div>\n\t\t\t\t\t<\/div>\n\t\t<\/section>\n\t\t\t\t<\/div>\n\t\t","protected":false},"excerpt":{"rendered":"<p>Dr. Orhan Fahri Plastischer Chirurg, \u00c4sthetik und Rekonstruktion \u00dcBER UNS Hochqualifizierter plastischer Chirurg mit \u00fcber 8 Jahren klinischer und akademischer Erfahrung in \u00e4sthetischer Chirurgie, Rekonstruktionschirurgie und Mikrochirurgie. Anerkannter Spezialist in den Bereichen Gesichtschirurgie, Rekonstruktion von kraniofazialen Anomalien und komplexen mikrochirurgischen Eingriffen. Engagement f\u00fcr klinische Exzellenz und chirurgische Innovation. BERUFSERFAHRUNG Facharzt f\u00fcr \u00c4sthetische, Plastische und Rekonstruktive [&hellip;]<\/p>\n","protected":false},"author":1,"featured_media":31915,"parent":0,"menu_order":0,"comment_status":"closed","ping_status":"closed","template":"","meta":{"footnotes":""},"class_list":["post-32003","page","type-page","status-publish","has-post-thumbnail","hentry"],"yoast_head":"<!-- This site is optimized with the Yoast SEO plugin v27.3 - https:\/\/yoast.com\/product\/yoast-seo-wordpress\/ -->\n<title>Dr. Orhan Fahri Demir, Plastischer und \u00c4sthetischer Chirurg, T\u00fcrkiye<\/title>\n<meta name=\"description\" content=\"DR. ORHAN FAHRI DEMIR Hochqualifizierter plastischer Chirurg mit jahrelanger klinischer und akademischer Erfahrung in der kosmetischen, rekonstruktiven und mikrochirurgischen Chirurgie.\" \/>\n<meta name=\"robots\" content=\"index, follow, max-snippet:-1, max-image-preview:large, max-video-preview:-1\" \/>\n<link rel=\"canonical\" href=\"https:\/\/www.polycliniqueplus.com\/de\/dr-orhan-fahri-demir\/\" \/>\n<meta property=\"og:locale\" content=\"de_DE\" \/>\n<meta property=\"og:type\" content=\"article\" \/>\n<meta property=\"og:title\" content=\"Dr. Orhan Fahri Demir, Plastischer und \u00c4sthetischer Chirurg, T\u00fcrkiye\" \/>\n<meta property=\"og:description\" content=\"DR. ORHAN FAHRI DEMIR Hochqualifizierter plastischer Chirurg mit jahrelanger klinischer und akademischer Erfahrung in der kosmetischen, rekonstruktiven und mikrochirurgischen Chirurgie.\" \/>\n<meta property=\"og:url\" content=\"https:\/\/www.polycliniqueplus.com\/de\/dr-orhan-fahri-demir\/\" \/>\n<meta property=\"og:site_name\" content=\"Chirurgie esthetique Turquie : Prix interventions meilleures cliniques Istanbul\" \/>\n<meta property=\"article:publisher\" content=\"https:\/\/www.facebook.com\/polycliniqueplus\" \/>\n<meta property=\"article:modified_time\" content=\"2025-11-26T11:07:19+00:00\" \/>\n<meta property=\"og:image\" content=\"https:\/\/www.polycliniqueplus.com\/wp-content\/uploads\/2025\/11\/Dr-Orhan-Fahri-Demir.jpeg\" \/>\n\t<meta property=\"og:image:width\" content=\"869\" \/>\n\t<meta property=\"og:image:height\" content=\"1200\" \/>\n\t<meta property=\"og:image:type\" content=\"image\/jpeg\" \/>\n<meta name=\"twitter:card\" content=\"summary_large_image\" \/>\n<meta name=\"twitter:site\" content=\"@polyclinique1\" \/>\n<meta name=\"twitter:label1\" content=\"Gesch\u00e4tzte Lesezeit\" \/>\n\t<meta name=\"twitter:data1\" content=\"3\u00a0Minuten\" \/>\n<script type=\"application\/ld+json\" class=\"yoast-schema-graph\">{\"@context\":\"https:\\\/\\\/schema.org\",\"@graph\":[{\"@type\":\"WebPage\",\"@id\":\"https:\\\/\\\/www.polycliniqueplus.com\\\/de\\\/dr-orhan-fahri-demir\\\/\",\"url\":\"https:\\\/\\\/www.polycliniqueplus.com\\\/de\\\/dr-orhan-fahri-demir\\\/\",\"name\":\"Dr. Orhan Fahri Demir, Plastischer und \u00c4sthetischer Chirurg, T\u00fcrkiye\",\"isPartOf\":{\"@id\":\"https:\\\/\\\/www.polycliniqueplus.com\\\/de\\\/#website\"},\"primaryImageOfPage\":{\"@id\":\"https:\\\/\\\/www.polycliniqueplus.com\\\/de\\\/dr-orhan-fahri-demir\\\/#primaryimage\"},\"image\":{\"@id\":\"https:\\\/\\\/www.polycliniqueplus.com\\\/de\\\/dr-orhan-fahri-demir\\\/#primaryimage\"},\"thumbnailUrl\":\"https:\\\/\\\/www.polycliniqueplus.com\\\/wp-content\\\/uploads\\\/2025\\\/11\\\/Dr-Orhan-Fahri-Demir.jpeg\",\"datePublished\":\"2025-11-26T09:06:38+00:00\",\"dateModified\":\"2025-11-26T11:07:19+00:00\",\"description\":\"DR. ORHAN FAHRI DEMIR Hochqualifizierter plastischer Chirurg mit jahrelanger klinischer und akademischer Erfahrung in der kosmetischen, rekonstruktiven und mikrochirurgischen Chirurgie.\",\"breadcrumb\":{\"@id\":\"https:\\\/\\\/www.polycliniqueplus.com\\\/de\\\/dr-orhan-fahri-demir\\\/#breadcrumb\"},\"inLanguage\":\"de\",\"potentialAction\":[{\"@type\":\"ReadAction\",\"target\":[\"https:\\\/\\\/www.polycliniqueplus.com\\\/de\\\/dr-orhan-fahri-demir\\\/\"]}]},{\"@type\":\"ImageObject\",\"inLanguage\":\"de\",\"@id\":\"https:\\\/\\\/www.polycliniqueplus.com\\\/de\\\/dr-orhan-fahri-demir\\\/#primaryimage\",\"url\":\"https:\\\/\\\/www.polycliniqueplus.com\\\/wp-content\\\/uploads\\\/2025\\\/11\\\/Dr-Orhan-Fahri-Demir.jpeg\",\"contentUrl\":\"https:\\\/\\\/www.polycliniqueplus.com\\\/wp-content\\\/uploads\\\/2025\\\/11\\\/Dr-Orhan-Fahri-Demir.jpeg\",\"width\":869,\"height\":1200},{\"@type\":\"BreadcrumbList\",\"@id\":\"https:\\\/\\\/www.polycliniqueplus.com\\\/de\\\/dr-orhan-fahri-demir\\\/#breadcrumb\",\"itemListElement\":[{\"@type\":\"ListItem\",\"position\":1,\"name\":\"Accueil\",\"item\":\"https:\\\/\\\/www.polycliniqueplus.com\\\/de\\\/\"},{\"@type\":\"ListItem\",\"position\":2,\"name\":\"DR. ORHAN FAHRI DEMIR Plastischer und \u00c4sthetischer Chirurg\"}]},{\"@type\":\"WebSite\",\"@id\":\"https:\\\/\\\/www.polycliniqueplus.com\\\/de\\\/#website\",\"url\":\"https:\\\/\\\/www.polycliniqueplus.com\\\/de\\\/\",\"name\":\"Chirurgie esthetique Turquie : Prix interventions meilleures cliniques Istanbul\",\"description\":\"Chirurgie esthetique Turquie prix pas cher\",\"publisher\":{\"@id\":\"https:\\\/\\\/www.polycliniqueplus.com\\\/de\\\/#organization\"},\"potentialAction\":[{\"@type\":\"SearchAction\",\"target\":{\"@type\":\"EntryPoint\",\"urlTemplate\":\"https:\\\/\\\/www.polycliniqueplus.com\\\/de\\\/?s={search_term_string}\"},\"query-input\":{\"@type\":\"PropertyValueSpecification\",\"valueRequired\":true,\"valueName\":\"search_term_string\"}}],\"inLanguage\":\"de\"},{\"@type\":\"Organization\",\"@id\":\"https:\\\/\\\/www.polycliniqueplus.com\\\/de\\\/#organization\",\"name\":\"Polycliniqueplus chirurgie esthetique Turquie\",\"url\":\"https:\\\/\\\/www.polycliniqueplus.com\\\/de\\\/\",\"logo\":{\"@type\":\"ImageObject\",\"inLanguage\":\"de\",\"@id\":\"https:\\\/\\\/www.polycliniqueplus.com\\\/de\\\/#\\\/schema\\\/logo\\\/image\\\/\",\"url\":\"https:\\\/\\\/www.polycliniqueplus.com\\\/wp-content\\\/uploads\\\/2021\\\/03\\\/cropped-add-box-fill.png\",\"contentUrl\":\"https:\\\/\\\/www.polycliniqueplus.com\\\/wp-content\\\/uploads\\\/2021\\\/03\\\/cropped-add-box-fill.png\",\"width\":512,\"height\":512,\"caption\":\"Polycliniqueplus chirurgie esthetique Turquie\"},\"image\":{\"@id\":\"https:\\\/\\\/www.polycliniqueplus.com\\\/de\\\/#\\\/schema\\\/logo\\\/image\\\/\"},\"sameAs\":[\"https:\\\/\\\/www.facebook.com\\\/polycliniqueplus\",\"https:\\\/\\\/x.com\\\/polyclinique1\",\"https:\\\/\\\/www.youtube.com\\\/channel\\\/UCAnK3TORJqflIuYGFa-JQDw\"]}]}<\/script>\n<!-- \/ Yoast SEO plugin. -->","yoast_head_json":{"title":"Dr. Orhan Fahri Demir, Plastischer und \u00c4sthetischer Chirurg, T\u00fcrkiye","description":"DR. ORHAN FAHRI DEMIR Hochqualifizierter plastischer Chirurg mit jahrelanger klinischer und akademischer Erfahrung in der kosmetischen, rekonstruktiven und mikrochirurgischen Chirurgie.","robots":{"index":"index","follow":"follow","max-snippet":"max-snippet:-1","max-image-preview":"max-image-preview:large","max-video-preview":"max-video-preview:-1"},"canonical":"https:\/\/www.polycliniqueplus.com\/de\/dr-orhan-fahri-demir\/","og_locale":"de_DE","og_type":"article","og_title":"Dr. Orhan Fahri Demir, Plastischer und \u00c4sthetischer Chirurg, T\u00fcrkiye","og_description":"DR. ORHAN FAHRI DEMIR Hochqualifizierter plastischer Chirurg mit jahrelanger klinischer und akademischer Erfahrung in der kosmetischen, rekonstruktiven und mikrochirurgischen Chirurgie.","og_url":"https:\/\/www.polycliniqueplus.com\/de\/dr-orhan-fahri-demir\/","og_site_name":"Chirurgie esthetique Turquie : Prix interventions meilleures cliniques Istanbul","article_publisher":"https:\/\/www.facebook.com\/polycliniqueplus","article_modified_time":"2025-11-26T11:07:19+00:00","og_image":[{"width":869,"height":1200,"url":"https:\/\/www.polycliniqueplus.com\/wp-content\/uploads\/2025\/11\/Dr-Orhan-Fahri-Demir.jpeg","type":"image\/jpeg"}],"twitter_card":"summary_large_image","twitter_site":"@polyclinique1","twitter_misc":{"Gesch\u00e4tzte Lesezeit":"3\u00a0Minuten"},"schema":{"@context":"https:\/\/schema.org","@graph":[{"@type":"WebPage","@id":"https:\/\/www.polycliniqueplus.com\/de\/dr-orhan-fahri-demir\/","url":"https:\/\/www.polycliniqueplus.com\/de\/dr-orhan-fahri-demir\/","name":"Dr. Orhan Fahri Demir, Plastischer und \u00c4sthetischer Chirurg, T\u00fcrkiye","isPartOf":{"@id":"https:\/\/www.polycliniqueplus.com\/de\/#website"},"primaryImageOfPage":{"@id":"https:\/\/www.polycliniqueplus.com\/de\/dr-orhan-fahri-demir\/#primaryimage"},"image":{"@id":"https:\/\/www.polycliniqueplus.com\/de\/dr-orhan-fahri-demir\/#primaryimage"},"thumbnailUrl":"https:\/\/www.polycliniqueplus.com\/wp-content\/uploads\/2025\/11\/Dr-Orhan-Fahri-Demir.jpeg","datePublished":"2025-11-26T09:06:38+00:00","dateModified":"2025-11-26T11:07:19+00:00","description":"DR. ORHAN FAHRI DEMIR Hochqualifizierter plastischer Chirurg mit jahrelanger klinischer und akademischer Erfahrung in der kosmetischen, rekonstruktiven und mikrochirurgischen Chirurgie.","breadcrumb":{"@id":"https:\/\/www.polycliniqueplus.com\/de\/dr-orhan-fahri-demir\/#breadcrumb"},"inLanguage":"de","potentialAction":[{"@type":"ReadAction","target":["https:\/\/www.polycliniqueplus.com\/de\/dr-orhan-fahri-demir\/"]}]},{"@type":"ImageObject","inLanguage":"de","@id":"https:\/\/www.polycliniqueplus.com\/de\/dr-orhan-fahri-demir\/#primaryimage","url":"https:\/\/www.polycliniqueplus.com\/wp-content\/uploads\/2025\/11\/Dr-Orhan-Fahri-Demir.jpeg","contentUrl":"https:\/\/www.polycliniqueplus.com\/wp-content\/uploads\/2025\/11\/Dr-Orhan-Fahri-Demir.jpeg","width":869,"height":1200},{"@type":"BreadcrumbList","@id":"https:\/\/www.polycliniqueplus.com\/de\/dr-orhan-fahri-demir\/#breadcrumb","itemListElement":[{"@type":"ListItem","position":1,"name":"Accueil","item":"https:\/\/www.polycliniqueplus.com\/de\/"},{"@type":"ListItem","position":2,"name":"DR. ORHAN FAHRI DEMIR Plastischer und \u00c4sthetischer Chirurg"}]},{"@type":"WebSite","@id":"https:\/\/www.polycliniqueplus.com\/de\/#website","url":"https:\/\/www.polycliniqueplus.com\/de\/","name":"Chirurgie esthetique Turquie : Prix interventions meilleures cliniques Istanbul","description":"Chirurgie esthetique Turquie prix pas cher","publisher":{"@id":"https:\/\/www.polycliniqueplus.com\/de\/#organization"},"potentialAction":[{"@type":"SearchAction","target":{"@type":"EntryPoint","urlTemplate":"https:\/\/www.polycliniqueplus.com\/de\/?s={search_term_string}"},"query-input":{"@type":"PropertyValueSpecification","valueRequired":true,"valueName":"search_term_string"}}],"inLanguage":"de"},{"@type":"Organization","@id":"https:\/\/www.polycliniqueplus.com\/de\/#organization","name":"Polycliniqueplus chirurgie esthetique Turquie","url":"https:\/\/www.polycliniqueplus.com\/de\/","logo":{"@type":"ImageObject","inLanguage":"de","@id":"https:\/\/www.polycliniqueplus.com\/de\/#\/schema\/logo\/image\/","url":"https:\/\/www.polycliniqueplus.com\/wp-content\/uploads\/2021\/03\/cropped-add-box-fill.png","contentUrl":"https:\/\/www.polycliniqueplus.com\/wp-content\/uploads\/2021\/03\/cropped-add-box-fill.png","width":512,"height":512,"caption":"Polycliniqueplus chirurgie esthetique Turquie"},"image":{"@id":"https:\/\/www.polycliniqueplus.com\/de\/#\/schema\/logo\/image\/"},"sameAs":["https:\/\/www.facebook.com\/polycliniqueplus","https:\/\/x.com\/polyclinique1","https:\/\/www.youtube.com\/channel\/UCAnK3TORJqflIuYGFa-JQDw"]}]}},"_links":{"self":[{"href":"https:\/\/www.polycliniqueplus.com\/de\/wp-json\/wp\/v2\/pages\/32003","targetHints":{"allow":["GET"]}}],"collection":[{"href":"https:\/\/www.polycliniqueplus.com\/de\/wp-json\/wp\/v2\/pages"}],"about":[{"href":"https:\/\/www.polycliniqueplus.com\/de\/wp-json\/wp\/v2\/types\/page"}],"author":[{"embeddable":true,"href":"https:\/\/www.polycliniqueplus.com\/de\/wp-json\/wp\/v2\/users\/1"}],"replies":[{"embeddable":true,"href":"https:\/\/www.polycliniqueplus.com\/de\/wp-json\/wp\/v2\/comments?post=32003"}],"version-history":[{"count":13,"href":"https:\/\/www.polycliniqueplus.com\/de\/wp-json\/wp\/v2\/pages\/32003\/revisions"}],"predecessor-version":[{"id":32073,"href":"https:\/\/www.polycliniqueplus.com\/de\/wp-json\/wp\/v2\/pages\/32003\/revisions\/32073"}],"wp:featuredmedia":[{"embeddable":true,"href":"https:\/\/www.polycliniqueplus.com\/de\/wp-json\/wp\/v2\/media\/31915"}],"wp:attachment":[{"href":"https:\/\/www.polycliniqueplus.com\/de\/wp-json\/wp\/v2\/media?parent=32003"}],"curies":[{"name":"wp","href":"https:\/\/api.w.org\/{rel}","templated":true}]}}