{"id":31607,"date":"2025-11-14T10:01:43","date_gmt":"2025-11-14T09:01:43","guid":{"rendered":"https:\/\/www.polycliniqueplus.com\/dr-tolgahan-alpaydin\/"},"modified":"2025-11-14T10:43:31","modified_gmt":"2025-11-14T09:43:31","slug":"dr-tolgahan-alpaydin","status":"publish","type":"page","link":"https:\/\/www.polycliniqueplus.com\/de\/dr-tolgahan-alpaydin\/","title":{"rendered":"Dr. Tolgahan ALPAYDIN Facharzt f\u00fcr Plastische und Rekonstruktive Chirurgie Izmir, T\u00fcrkei"},"content":{"rendered":"<div data-elementor-type=\"wp-page\" data-elementor-id=\"31607\" class=\"elementor elementor-31607 elementor-31586\" data-elementor-settings=\"{&quot;ha_cmc_init_switcher&quot;:&quot;no&quot;}\">\n\t\t\t\t\t\t<section class=\"elementor-section elementor-top-section elementor-element elementor-element-a76819e elementor-section-boxed elementor-section-height-default elementor-section-height-default\" data-id=\"a76819e\" data-element_type=\"section\" data-settings=\"{&quot;_ha_eqh_enable&quot;:false}\">\n\t\t\t\t\t\t<div class=\"elementor-container elementor-column-gap-default\">\n\t\t\t\t\t<div class=\"elementor-column elementor-col-33 elementor-top-column elementor-element elementor-element-6e3e5e2\" data-id=\"6e3e5e2\" data-element_type=\"column\">\n\t\t\t<div class=\"elementor-widget-wrap elementor-element-populated\">\n\t\t\t\t\t\t<div class=\"elementor-element elementor-element-83cac99 elementor-widget elementor-widget-image\" data-id=\"83cac99\" data-element_type=\"widget\" data-widget_type=\"image.default\">\n\t\t\t\t<div class=\"elementor-widget-container\">\n\t\t\t\t\t\t\t\t\t\t\t\t\t<noscript><img fetchpriority=\"high\" decoding=\"async\" width=\"640\" height=\"640\" src=\"https:\/\/www.polycliniqueplus.com\/wp-content\/uploads\/2025\/11\/Dr-Tolgahan-Alpaydin.jpg\" class=\"attachment-large size-large wp-image-31590\" alt srcset=\"https:\/\/www.polycliniqueplus.com\/wp-content\/uploads\/2025\/11\/Dr-Tolgahan-Alpaydin.jpg 700w, https:\/\/www.polycliniqueplus.com\/wp-content\/uploads\/2025\/11\/Dr-Tolgahan-Alpaydin-300x300.jpg 300w, https:\/\/www.polycliniqueplus.com\/wp-content\/uploads\/2025\/11\/Dr-Tolgahan-Alpaydin-150x150.jpg 150w\" sizes=\"(max-width: 640px) 100vw, 640px\"><\/noscript><img fetchpriority=\"high\" decoding=\"async\" width=\"640\" height=\"640\" src=\"data:image\/svg+xml,%3Csvg%20xmlns%3D%22http%3A%2F%2Fwww.w3.org%2F2000%2Fsvg%22%20viewBox%3D%220%200%20640%20640%22%3E%3C%2Fsvg%3E\" class=\"attachment-large size-large wp-image-31590 lazyload\" alt srcset=\"data:image\/svg+xml,%3Csvg%20xmlns%3D%22http%3A%2F%2Fwww.w3.org%2F2000%2Fsvg%22%20viewBox%3D%220%200%20640%20640%22%3E%3C%2Fsvg%3E 640w\" sizes=\"(max-width: 640px) 100vw, 640px\" data-srcset=\"https:\/\/www.polycliniqueplus.com\/wp-content\/uploads\/2025\/11\/Dr-Tolgahan-Alpaydin.jpg 700w, https:\/\/www.polycliniqueplus.com\/wp-content\/uploads\/2025\/11\/Dr-Tolgahan-Alpaydin-300x300.jpg 300w, https:\/\/www.polycliniqueplus.com\/wp-content\/uploads\/2025\/11\/Dr-Tolgahan-Alpaydin-150x150.jpg 150w\" data-src=\"https:\/\/www.polycliniqueplus.com\/wp-content\/uploads\/2025\/11\/Dr-Tolgahan-Alpaydin.jpg\">\t\t\t\t\t\t\t\t\t\t\t\t\t<\/div>\n\t\t\t\t<\/div>\n\t\t\t\t\t<\/div>\n\t\t<\/div>\n\t\t\t\t<div class=\"elementor-column elementor-col-66 elementor-top-column elementor-element elementor-element-4772775\" data-id=\"4772775\" data-element_type=\"column\">\n\t\t\t<div class=\"elementor-widget-wrap elementor-element-populated\">\n\t\t\t\t\t\t<div class=\"elementor-element elementor-element-7776b5c elementor-widget elementor-widget-text-editor\" data-id=\"7776b5c\" data-element_type=\"widget\" data-widget_type=\"text-editor.default\">\n\t\t\t\t<div class=\"elementor-widget-container\">\n\t\t\t\t\t\t\t<h2><strong>Dr. Tolgahan ALPAYDIN<br>Facharzt f\u00fcr Plastische und Rekonstruktive Chirurgie<br>\u0130zmir, T\u00fcrkei<\/strong><\/h2><h2>Profil<\/h2><p>Erfahrener Facharzt f\u00fcr Plastische und Rekonstruktive Chirurgie mit \u00fcber 7 Jahren Facharztausbildung und umfangreicher Fellowship-Erfahrung in den USA und der T\u00fcrkei. Spezialisiert auf Mikrochirurgie, Handchirurgie, kosmetische und rekonstruktive Verfahren mit Expertise in fortgeschrittenen chirurgischen Techniken einschlie\u00dflich Extremit\u00e4ten-Replantation, \u00e4sthetischer Brustchirurgie, Rhinoplastik und kraniofazialer Chirurgie. Nachgewiesene Erfolge in klinischer Exzellenz und patientenorientierter Versorgung sowohl im akademischen als auch im privaten Praxisumfeld.<\/p><p style=\"text-align: center;\"><a class=\"maxbutton-9 maxbutton maxbutton-whatsapp-en\" href=\"https:\/\/api.whatsapp.com\/send?phone=+33635235712&amp;text=Hello%2C%20I%E2%80%99m%20interested%20in%20learning%20more%20about%20your%20services%20and%20pricing.%20Could%20you%20please%20send%20me%20more%20information%3F\"><span class=\"mb-text\">Kontakt zu Dr. Alpaydin<\/span><\/a><\/p>\t\t\t\t\t\t<\/div>\n\t\t\t\t<\/div>\n\t\t\t\t\t<\/div>\n\t\t<\/div>\n\t\t\t\t\t<\/div>\n\t\t<\/section>\n\t\t\t\t<section class=\"elementor-section elementor-top-section elementor-element elementor-element-71c668f elementor-section-boxed elementor-section-height-default elementor-section-height-default\" data-id=\"71c668f\" data-element_type=\"section\" data-settings=\"{&quot;_ha_eqh_enable&quot;:false}\">\n\t\t\t\t\t\t<div class=\"elementor-container elementor-column-gap-default\">\n\t\t\t\t\t<div class=\"elementor-column elementor-col-100 elementor-top-column elementor-element elementor-element-dcf3892\" data-id=\"dcf3892\" data-element_type=\"column\">\n\t\t\t<div class=\"elementor-widget-wrap elementor-element-populated\">\n\t\t\t\t\t\t<div class=\"elementor-element elementor-element-a9660c0 elementor-widget elementor-widget-text-editor\" data-id=\"a9660c0\" data-element_type=\"widget\" data-widget_type=\"text-editor.default\">\n\t\t\t\t<div class=\"elementor-widget-container\">\n\t\t\t\t\t\t\t<h2>Ausbildung<\/h2>\n<ul>\n \t<li>Facharztausbildung f\u00fcr Plastische und Rekonstruktive Chirurgie\nMedizinische Fakult\u00e4t der Ege-Universit\u00e4t, \u0130zmir, T\u00fcrkei | 1995\u20132001<\/li>\n \t<li>Promotion zum Doktor der Medizin (Dr. med.)\nMedizinische Fakult\u00e4t der Ege-Universit\u00e4t, Bornova, \u0130zmir, T\u00fcrkei | 1988\u20131994<\/li>\n \t<li>Fellowship in Mikrochirurgie und Kosmetischer Chirurgie\nCleveland Clinic Foundation, Cleveland, Ohio, USA | 2000<\/li>\n<\/ul>\n<h2>Berufserfahrung<\/h2>\n<ul>\n \t<li>Gr\u00fcnder und Chefarzt\n\u0130zmir Klinik f\u00fcr \u00c4sthetische und Plastische Chirurgie, \u0130zmir, T\u00fcrkei | 2001\u2013heute<\/li>\n \t<li>Facharzt f\u00fcr Plastische Chirurgie\nKlinik f\u00fcr Plastische und Rekonstruktive Chirurgie, Medizinische Fakult\u00e4t der Ege-Universit\u00e4t | 2001<\/li>\n \t<li>Chirurg, Klinik f\u00fcr \u00c4sthetische und Plastische Chirurgie\nMedical Point Hospital, \u0130zmir, T\u00fcrkei | 2024\u2013heute<\/li>\n<\/ul>\n<h2>Fellowships &amp; Spezialisierte Weiterbildungen<\/h2>\n<ul>\n \t<li>Ausbildung in Hand- und Mikrochirurgie\nEMOT Krankenhaus f\u00fcr Hand- und Mikrochirurgie, \u0130zmir, T\u00fcrkei | 1997\u20131999<\/li>\n \t<li>Klinik f\u00fcr Handchirurgie\nAmerican Hospital, Istanbul, T\u00fcrkei, unter Dr. Ayan G\u00fclg\u00f6nen und Dr. T\u00fcrker \u00d6zkan | 2000<\/li>\n \t<li>Fellowship in der Abteilung f\u00fcr Kosmetische Chirurgie\nCleveland Clinic Foundation, Cleveland, Ohio, USA | 2000<\/li>\n \t<li>Fortgeschrittener Kurs in Mikrochirurgie\nGATA, Ankara, T\u00fcrkei | November 2000<\/li>\n<\/ul>\n<h2>Schl\u00fcsselkompetenzen und Expertise<\/h2>\n<ul>\n \t<li>Extremit\u00e4ten-Replantation und mikrochirurgische Rekonstruktion<\/li>\n \t<li>\u00c4sthetische Brustchirurgie (einschlie\u00dflich TRAM- und LD-Lappenrekonstruktion)<\/li>\n \t<li>Gesichtsverj\u00fcngung und Facelift-Verfahren<\/li>\n \t<li>K\u00f6rperkonturierung und Ultraschall-Liposuktion<\/li>\n \t<li>Funktionelle und \u00e4sthetische Rhinoplastik<\/li>\n \t<li>Kraniofaziale Chirurgie und Korrektur angeborener Anomalien<\/li>\n \t<li>Laseranwendungen in der plastischen Chirurgie<\/li>\n \t<li>Forschung und Entwicklung im Bereich der Isch\u00e4mie-Reperfusionsschaden-Erkennung<\/li>\n<\/ul>\n<h2>Sprachen<\/h2>\n<ul>\n \t<li>T\u00fcrkisch (Muttersprache)<\/li>\n \t<li>Englisch (Flie\u00dfend)<\/li>\n<\/ul>\n&nbsp;\n<p style=\"text-align: center;\"><a class=\"maxbutton-9 maxbutton maxbutton-whatsapp-en\" href=\"https:\/\/api.whatsapp.com\/send?phone=+33635235712&amp;text=Hello%2C%20I%E2%80%99m%20interested%20in%20learning%20more%20about%20your%20services%20and%20pricing.%20Could%20you%20please%20send%20me%20more%20information%3F\"><span class=\"mb-text\">Kontakt zu Dr. Alpaydin<\/span><\/a><\/p>\t\t\t\t\t\t<\/div>\n\t\t\t\t<\/div>\n\t\t\t\t\t<\/div>\n\t\t<\/div>\n\t\t\t\t\t<\/div>\n\t\t<\/section>\n\t\t\t\t<\/div>\n\t\t","protected":false},"excerpt":{"rendered":"<p>Dr. Tolgahan ALPAYDINFacharzt f\u00fcr Plastische und Rekonstruktive Chirurgie\u0130zmir, T\u00fcrkei Profil Erfahrener Facharzt f\u00fcr Plastische und Rekonstruktive Chirurgie mit \u00fcber 7 Jahren Facharztausbildung und umfangreicher Fellowship-Erfahrung in den USA und der T\u00fcrkei. Spezialisiert auf Mikrochirurgie, Handchirurgie, kosmetische und rekonstruktive Verfahren mit Expertise in fortgeschrittenen chirurgischen Techniken einschlie\u00dflich Extremit\u00e4ten-Replantation, \u00e4sthetischer Brustchirurgie, Rhinoplastik und kraniofazialer Chirurgie. Nachgewiesene Erfolge [&hellip;]<\/p>\n","protected":false},"author":1,"featured_media":31590,"parent":0,"menu_order":0,"comment_status":"closed","ping_status":"closed","template":"","meta":{"footnotes":""},"class_list":["post-31607","page","type-page","status-publish","has-post-thumbnail","hentry"],"yoast_head":"<!-- This site is optimized with the Yoast SEO plugin v27.3 - https:\/\/yoast.com\/product\/yoast-seo-wordpress\/ -->\n<title>Dr. Tolgahan ALPAYDINFacharzt f\u00fcr Plastische und Rekonstruktive ChirurgieIzmir, T\u00fcrkei<\/title>\n<meta name=\"description\" content=\"Dr. Tolgahan Alpayd\u0131n ist ein angesehener Facharzt f\u00fcr Plastische und Rekonstruktive Chirurgie mit \u00fcber 23 Jahren umfassender Erfahrung in der \u00e4sthetischen sowie rekonstruktiven Chirurgie. Mit einem fundierten Hintergrund in fortgeschrittenen mikrochirurgischen Techniken, kosmetischen Eingriffen und komplexen Rekonstruktionen verbindet er chirurgische Pr\u00e4zision mit einem patientenorientierten Ansatz und erzielt herausragende funktionelle und \u00e4sthetische Ergebnisse.\" \/>\n<meta name=\"robots\" content=\"index, follow, max-snippet:-1, max-image-preview:large, max-video-preview:-1\" \/>\n<link rel=\"canonical\" href=\"https:\/\/www.polycliniqueplus.com\/de\/dr-tolgahan-alpaydin\/\" \/>\n<meta property=\"og:locale\" content=\"de_DE\" \/>\n<meta property=\"og:type\" content=\"article\" \/>\n<meta property=\"og:title\" content=\"Dr. Tolgahan ALPAYDINFacharzt f\u00fcr Plastische und Rekonstruktive ChirurgieIzmir, T\u00fcrkei\" \/>\n<meta property=\"og:description\" content=\"Dr. Tolgahan Alpayd\u0131n ist ein angesehener Facharzt f\u00fcr Plastische und Rekonstruktive Chirurgie mit \u00fcber 23 Jahren umfassender Erfahrung in der \u00e4sthetischen sowie rekonstruktiven Chirurgie. Mit einem fundierten Hintergrund in fortgeschrittenen mikrochirurgischen Techniken, kosmetischen Eingriffen und komplexen Rekonstruktionen verbindet er chirurgische Pr\u00e4zision mit einem patientenorientierten Ansatz und erzielt herausragende funktionelle und \u00e4sthetische Ergebnisse.\" \/>\n<meta property=\"og:url\" content=\"https:\/\/www.polycliniqueplus.com\/de\/dr-tolgahan-alpaydin\/\" \/>\n<meta property=\"og:site_name\" content=\"Chirurgie esthetique Turquie : Prix interventions meilleures cliniques Istanbul\" \/>\n<meta property=\"article:publisher\" content=\"https:\/\/www.facebook.com\/polycliniqueplus\" \/>\n<meta property=\"article:modified_time\" content=\"2025-11-14T09:43:31+00:00\" \/>\n<meta property=\"og:image\" content=\"https:\/\/www.polycliniqueplus.com\/wp-content\/uploads\/2025\/11\/Dr-Tolgahan-Alpaydin.jpg\" \/>\n\t<meta property=\"og:image:width\" content=\"700\" \/>\n\t<meta property=\"og:image:height\" content=\"700\" \/>\n\t<meta property=\"og:image:type\" content=\"image\/jpeg\" \/>\n<meta name=\"twitter:card\" content=\"summary_large_image\" \/>\n<meta name=\"twitter:site\" content=\"@polyclinique1\" \/>\n<meta name=\"twitter:label1\" content=\"Gesch\u00e4tzte Lesezeit\" \/>\n\t<meta name=\"twitter:data1\" content=\"2\u00a0Minuten\" \/>\n<script type=\"application\/ld+json\" class=\"yoast-schema-graph\">{\"@context\":\"https:\\\/\\\/schema.org\",\"@graph\":[{\"@type\":\"WebPage\",\"@id\":\"https:\\\/\\\/www.polycliniqueplus.com\\\/de\\\/dr-tolgahan-alpaydin\\\/\",\"url\":\"https:\\\/\\\/www.polycliniqueplus.com\\\/de\\\/dr-tolgahan-alpaydin\\\/\",\"name\":\"Dr. Tolgahan ALPAYDINFacharzt f\u00fcr Plastische und Rekonstruktive ChirurgieIzmir, T\u00fcrkei\",\"isPartOf\":{\"@id\":\"https:\\\/\\\/www.polycliniqueplus.com\\\/de\\\/#website\"},\"primaryImageOfPage\":{\"@id\":\"https:\\\/\\\/www.polycliniqueplus.com\\\/de\\\/dr-tolgahan-alpaydin\\\/#primaryimage\"},\"image\":{\"@id\":\"https:\\\/\\\/www.polycliniqueplus.com\\\/de\\\/dr-tolgahan-alpaydin\\\/#primaryimage\"},\"thumbnailUrl\":\"https:\\\/\\\/www.polycliniqueplus.com\\\/wp-content\\\/uploads\\\/2025\\\/11\\\/Dr-Tolgahan-Alpaydin.jpg\",\"datePublished\":\"2025-11-14T09:01:43+00:00\",\"dateModified\":\"2025-11-14T09:43:31+00:00\",\"description\":\"Dr. Tolgahan Alpayd\u0131n ist ein angesehener Facharzt f\u00fcr Plastische und Rekonstruktive Chirurgie mit \u00fcber 23 Jahren umfassender Erfahrung in der \u00e4sthetischen sowie rekonstruktiven Chirurgie. Mit einem fundierten Hintergrund in fortgeschrittenen mikrochirurgischen Techniken, kosmetischen Eingriffen und komplexen Rekonstruktionen verbindet er chirurgische Pr\u00e4zision mit einem patientenorientierten Ansatz und erzielt herausragende funktionelle und \u00e4sthetische Ergebnisse.\",\"breadcrumb\":{\"@id\":\"https:\\\/\\\/www.polycliniqueplus.com\\\/de\\\/dr-tolgahan-alpaydin\\\/#breadcrumb\"},\"inLanguage\":\"de\",\"potentialAction\":[{\"@type\":\"ReadAction\",\"target\":[\"https:\\\/\\\/www.polycliniqueplus.com\\\/de\\\/dr-tolgahan-alpaydin\\\/\"]}]},{\"@type\":\"ImageObject\",\"inLanguage\":\"de\",\"@id\":\"https:\\\/\\\/www.polycliniqueplus.com\\\/de\\\/dr-tolgahan-alpaydin\\\/#primaryimage\",\"url\":\"https:\\\/\\\/www.polycliniqueplus.com\\\/wp-content\\\/uploads\\\/2025\\\/11\\\/Dr-Tolgahan-Alpaydin.jpg\",\"contentUrl\":\"https:\\\/\\\/www.polycliniqueplus.com\\\/wp-content\\\/uploads\\\/2025\\\/11\\\/Dr-Tolgahan-Alpaydin.jpg\",\"width\":700,\"height\":700},{\"@type\":\"BreadcrumbList\",\"@id\":\"https:\\\/\\\/www.polycliniqueplus.com\\\/de\\\/dr-tolgahan-alpaydin\\\/#breadcrumb\",\"itemListElement\":[{\"@type\":\"ListItem\",\"position\":1,\"name\":\"Accueil\",\"item\":\"https:\\\/\\\/www.polycliniqueplus.com\\\/de\\\/\"},{\"@type\":\"ListItem\",\"position\":2,\"name\":\"Dr. Tolgahan ALPAYDIN Facharzt f\u00fcr Plastische und Rekonstruktive Chirurgie Izmir, T\u00fcrkei\"}]},{\"@type\":\"WebSite\",\"@id\":\"https:\\\/\\\/www.polycliniqueplus.com\\\/de\\\/#website\",\"url\":\"https:\\\/\\\/www.polycliniqueplus.com\\\/de\\\/\",\"name\":\"Chirurgie esthetique Turquie : Prix interventions meilleures cliniques Istanbul\",\"description\":\"Chirurgie esthetique Turquie prix pas cher\",\"publisher\":{\"@id\":\"https:\\\/\\\/www.polycliniqueplus.com\\\/de\\\/#organization\"},\"potentialAction\":[{\"@type\":\"SearchAction\",\"target\":{\"@type\":\"EntryPoint\",\"urlTemplate\":\"https:\\\/\\\/www.polycliniqueplus.com\\\/de\\\/?s={search_term_string}\"},\"query-input\":{\"@type\":\"PropertyValueSpecification\",\"valueRequired\":true,\"valueName\":\"search_term_string\"}}],\"inLanguage\":\"de\"},{\"@type\":\"Organization\",\"@id\":\"https:\\\/\\\/www.polycliniqueplus.com\\\/de\\\/#organization\",\"name\":\"Polycliniqueplus chirurgie esthetique Turquie\",\"url\":\"https:\\\/\\\/www.polycliniqueplus.com\\\/de\\\/\",\"logo\":{\"@type\":\"ImageObject\",\"inLanguage\":\"de\",\"@id\":\"https:\\\/\\\/www.polycliniqueplus.com\\\/de\\\/#\\\/schema\\\/logo\\\/image\\\/\",\"url\":\"https:\\\/\\\/www.polycliniqueplus.com\\\/wp-content\\\/uploads\\\/2021\\\/03\\\/cropped-add-box-fill.png\",\"contentUrl\":\"https:\\\/\\\/www.polycliniqueplus.com\\\/wp-content\\\/uploads\\\/2021\\\/03\\\/cropped-add-box-fill.png\",\"width\":512,\"height\":512,\"caption\":\"Polycliniqueplus chirurgie esthetique Turquie\"},\"image\":{\"@id\":\"https:\\\/\\\/www.polycliniqueplus.com\\\/de\\\/#\\\/schema\\\/logo\\\/image\\\/\"},\"sameAs\":[\"https:\\\/\\\/www.facebook.com\\\/polycliniqueplus\",\"https:\\\/\\\/x.com\\\/polyclinique1\",\"https:\\\/\\\/www.youtube.com\\\/channel\\\/UCAnK3TORJqflIuYGFa-JQDw\"]}]}<\/script>\n<!-- \/ Yoast SEO plugin. -->","yoast_head_json":{"title":"Dr. Tolgahan ALPAYDINFacharzt f\u00fcr Plastische und Rekonstruktive ChirurgieIzmir, T\u00fcrkei","description":"Dr. Tolgahan Alpayd\u0131n ist ein angesehener Facharzt f\u00fcr Plastische und Rekonstruktive Chirurgie mit \u00fcber 23 Jahren umfassender Erfahrung in der \u00e4sthetischen sowie rekonstruktiven Chirurgie. Mit einem fundierten Hintergrund in fortgeschrittenen mikrochirurgischen Techniken, kosmetischen Eingriffen und komplexen Rekonstruktionen verbindet er chirurgische Pr\u00e4zision mit einem patientenorientierten Ansatz und erzielt herausragende funktionelle und \u00e4sthetische Ergebnisse.","robots":{"index":"index","follow":"follow","max-snippet":"max-snippet:-1","max-image-preview":"max-image-preview:large","max-video-preview":"max-video-preview:-1"},"canonical":"https:\/\/www.polycliniqueplus.com\/de\/dr-tolgahan-alpaydin\/","og_locale":"de_DE","og_type":"article","og_title":"Dr. Tolgahan ALPAYDINFacharzt f\u00fcr Plastische und Rekonstruktive ChirurgieIzmir, T\u00fcrkei","og_description":"Dr. Tolgahan Alpayd\u0131n ist ein angesehener Facharzt f\u00fcr Plastische und Rekonstruktive Chirurgie mit \u00fcber 23 Jahren umfassender Erfahrung in der \u00e4sthetischen sowie rekonstruktiven Chirurgie. Mit einem fundierten Hintergrund in fortgeschrittenen mikrochirurgischen Techniken, kosmetischen Eingriffen und komplexen Rekonstruktionen verbindet er chirurgische Pr\u00e4zision mit einem patientenorientierten Ansatz und erzielt herausragende funktionelle und \u00e4sthetische Ergebnisse.","og_url":"https:\/\/www.polycliniqueplus.com\/de\/dr-tolgahan-alpaydin\/","og_site_name":"Chirurgie esthetique Turquie : Prix interventions meilleures cliniques Istanbul","article_publisher":"https:\/\/www.facebook.com\/polycliniqueplus","article_modified_time":"2025-11-14T09:43:31+00:00","og_image":[{"width":700,"height":700,"url":"https:\/\/www.polycliniqueplus.com\/wp-content\/uploads\/2025\/11\/Dr-Tolgahan-Alpaydin.jpg","type":"image\/jpeg"}],"twitter_card":"summary_large_image","twitter_site":"@polyclinique1","twitter_misc":{"Gesch\u00e4tzte Lesezeit":"2\u00a0Minuten"},"schema":{"@context":"https:\/\/schema.org","@graph":[{"@type":"WebPage","@id":"https:\/\/www.polycliniqueplus.com\/de\/dr-tolgahan-alpaydin\/","url":"https:\/\/www.polycliniqueplus.com\/de\/dr-tolgahan-alpaydin\/","name":"Dr. Tolgahan ALPAYDINFacharzt f\u00fcr Plastische und Rekonstruktive ChirurgieIzmir, T\u00fcrkei","isPartOf":{"@id":"https:\/\/www.polycliniqueplus.com\/de\/#website"},"primaryImageOfPage":{"@id":"https:\/\/www.polycliniqueplus.com\/de\/dr-tolgahan-alpaydin\/#primaryimage"},"image":{"@id":"https:\/\/www.polycliniqueplus.com\/de\/dr-tolgahan-alpaydin\/#primaryimage"},"thumbnailUrl":"https:\/\/www.polycliniqueplus.com\/wp-content\/uploads\/2025\/11\/Dr-Tolgahan-Alpaydin.jpg","datePublished":"2025-11-14T09:01:43+00:00","dateModified":"2025-11-14T09:43:31+00:00","description":"Dr. Tolgahan Alpayd\u0131n ist ein angesehener Facharzt f\u00fcr Plastische und Rekonstruktive Chirurgie mit \u00fcber 23 Jahren umfassender Erfahrung in der \u00e4sthetischen sowie rekonstruktiven Chirurgie. Mit einem fundierten Hintergrund in fortgeschrittenen mikrochirurgischen Techniken, kosmetischen Eingriffen und komplexen Rekonstruktionen verbindet er chirurgische Pr\u00e4zision mit einem patientenorientierten Ansatz und erzielt herausragende funktionelle und \u00e4sthetische Ergebnisse.","breadcrumb":{"@id":"https:\/\/www.polycliniqueplus.com\/de\/dr-tolgahan-alpaydin\/#breadcrumb"},"inLanguage":"de","potentialAction":[{"@type":"ReadAction","target":["https:\/\/www.polycliniqueplus.com\/de\/dr-tolgahan-alpaydin\/"]}]},{"@type":"ImageObject","inLanguage":"de","@id":"https:\/\/www.polycliniqueplus.com\/de\/dr-tolgahan-alpaydin\/#primaryimage","url":"https:\/\/www.polycliniqueplus.com\/wp-content\/uploads\/2025\/11\/Dr-Tolgahan-Alpaydin.jpg","contentUrl":"https:\/\/www.polycliniqueplus.com\/wp-content\/uploads\/2025\/11\/Dr-Tolgahan-Alpaydin.jpg","width":700,"height":700},{"@type":"BreadcrumbList","@id":"https:\/\/www.polycliniqueplus.com\/de\/dr-tolgahan-alpaydin\/#breadcrumb","itemListElement":[{"@type":"ListItem","position":1,"name":"Accueil","item":"https:\/\/www.polycliniqueplus.com\/de\/"},{"@type":"ListItem","position":2,"name":"Dr. Tolgahan ALPAYDIN Facharzt f\u00fcr Plastische und Rekonstruktive Chirurgie Izmir, T\u00fcrkei"}]},{"@type":"WebSite","@id":"https:\/\/www.polycliniqueplus.com\/de\/#website","url":"https:\/\/www.polycliniqueplus.com\/de\/","name":"Chirurgie esthetique Turquie : Prix interventions meilleures cliniques Istanbul","description":"Chirurgie esthetique Turquie prix pas cher","publisher":{"@id":"https:\/\/www.polycliniqueplus.com\/de\/#organization"},"potentialAction":[{"@type":"SearchAction","target":{"@type":"EntryPoint","urlTemplate":"https:\/\/www.polycliniqueplus.com\/de\/?s={search_term_string}"},"query-input":{"@type":"PropertyValueSpecification","valueRequired":true,"valueName":"search_term_string"}}],"inLanguage":"de"},{"@type":"Organization","@id":"https:\/\/www.polycliniqueplus.com\/de\/#organization","name":"Polycliniqueplus chirurgie esthetique Turquie","url":"https:\/\/www.polycliniqueplus.com\/de\/","logo":{"@type":"ImageObject","inLanguage":"de","@id":"https:\/\/www.polycliniqueplus.com\/de\/#\/schema\/logo\/image\/","url":"https:\/\/www.polycliniqueplus.com\/wp-content\/uploads\/2021\/03\/cropped-add-box-fill.png","contentUrl":"https:\/\/www.polycliniqueplus.com\/wp-content\/uploads\/2021\/03\/cropped-add-box-fill.png","width":512,"height":512,"caption":"Polycliniqueplus chirurgie esthetique Turquie"},"image":{"@id":"https:\/\/www.polycliniqueplus.com\/de\/#\/schema\/logo\/image\/"},"sameAs":["https:\/\/www.facebook.com\/polycliniqueplus","https:\/\/x.com\/polyclinique1","https:\/\/www.youtube.com\/channel\/UCAnK3TORJqflIuYGFa-JQDw"]}]}},"_links":{"self":[{"href":"https:\/\/www.polycliniqueplus.com\/de\/wp-json\/wp\/v2\/pages\/31607","targetHints":{"allow":["GET"]}}],"collection":[{"href":"https:\/\/www.polycliniqueplus.com\/de\/wp-json\/wp\/v2\/pages"}],"about":[{"href":"https:\/\/www.polycliniqueplus.com\/de\/wp-json\/wp\/v2\/types\/page"}],"author":[{"embeddable":true,"href":"https:\/\/www.polycliniqueplus.com\/de\/wp-json\/wp\/v2\/users\/1"}],"replies":[{"embeddable":true,"href":"https:\/\/www.polycliniqueplus.com\/de\/wp-json\/wp\/v2\/comments?post=31607"}],"version-history":[{"count":8,"href":"https:\/\/www.polycliniqueplus.com\/de\/wp-json\/wp\/v2\/pages\/31607\/revisions"}],"predecessor-version":[{"id":31616,"href":"https:\/\/www.polycliniqueplus.com\/de\/wp-json\/wp\/v2\/pages\/31607\/revisions\/31616"}],"wp:featuredmedia":[{"embeddable":true,"href":"https:\/\/www.polycliniqueplus.com\/de\/wp-json\/wp\/v2\/media\/31590"}],"wp:attachment":[{"href":"https:\/\/www.polycliniqueplus.com\/de\/wp-json\/wp\/v2\/media?parent=31607"}],"curies":[{"name":"wp","href":"https:\/\/api.w.org\/{rel}","templated":true}]}}