{"id":14209,"date":"2021-04-19T13:55:38","date_gmt":"2021-04-19T11:55:38","guid":{"rendered":"https:\/\/www.polycliniqueplus.com\/icsi-tuerkei-behandlung-der-maennlichen-unfruchtbarkeit-preisguenstig\/"},"modified":"2023-01-20T11:37:45","modified_gmt":"2023-01-20T10:37:45","slug":"icsi-tuerkei","status":"publish","type":"page","link":"https:\/\/www.polycliniqueplus.com\/de\/icsi-tuerkei\/","title":{"rendered":"ICSI T\u00fcrkei: Behandlung der m\u00e4nnlichen Unfruchtbarkeit preisg\u00fcnstig"},"content":{"rendered":"<div data-elementor-type=\"wp-page\" data-elementor-id=\"14209\" class=\"elementor elementor-14209 elementor-5768\" data-elementor-settings=\"{&quot;ha_cmc_init_switcher&quot;:&quot;no&quot;}\">\n\t\t\t\t\t\t<section class=\"elementor-section elementor-top-section elementor-element elementor-element-28ee426 elementor-section-boxed elementor-section-height-default elementor-section-height-default\" data-id=\"28ee426\" data-element_type=\"section\" data-settings=\"{&quot;_ha_eqh_enable&quot;:false}\">\n\t\t\t\t\t\t<div class=\"elementor-container elementor-column-gap-default\">\n\t\t\t\t\t<div class=\"elementor-column elementor-col-66 elementor-top-column elementor-element elementor-element-c22a94b\" data-id=\"c22a94b\" data-element_type=\"column\">\n\t\t\t<div class=\"elementor-widget-wrap elementor-element-populated\">\n\t\t\t\t\t\t<div class=\"elementor-element elementor-element-810a43b elementor-widget elementor-widget-text-editor\" data-id=\"810a43b\" data-element_type=\"widget\" data-widget_type=\"text-editor.default\">\n\t\t\t\t<div class=\"elementor-widget-container\">\n\t\t\t\t\t\t\tBei etwa der H\u00e4lfte der Paare mit Empf\u00e4ngnisproblemen liegt die Ursache der Unfruchtbarkeit im Sperma. Die ICSI ist die h\u00e4ufigste und wirksamste Behandlung der m\u00e4nnlichen Unfruchtbarkeit. Auf dieser Seite erfahren Sie mehr \u00fcber die ICSI, f\u00fcr wen sie geeignet ist und welche Risiken sie birgt.\n\t\t\t\t\t\t<\/div>\n\t\t\t\t<\/div>\n\t\t\t\t<div class=\"elementor-element elementor-element-3068020 elementor-widget elementor-widget-text-editor\" data-id=\"3068020\" data-element_type=\"widget\" data-widget_type=\"text-editor.default\">\n\t\t\t\t<div class=\"elementor-widget-container\">\n\t\t\t\t\t\t\t<h2>Wie funktioniert ICSI?<\/h2>\nIhre Behandlung wird genau die gleiche sein wie bei der <a href=\"https:\/\/www.polycliniqueplus.com\/de\/in-virto-tuerkei\/\" target=\"_blank\" rel=\"noopener\">IVF<\/a>. Der einzige Unterschied besteht darin, dass ein ausgebildeter Embryologe (Embryospezialist), anstatt die Spermien mit den Eizellen zu vermischen und sie befruchten zu lassen, ein einzelnes Spermium in die Eizelle injiziert.\n\n\t\t\t\t\t\t<\/div>\n\t\t\t\t<\/div>\n\t\t\t\t<div class=\"elementor-element elementor-element-b691c70 elementor-widget elementor-widget-text-editor\" data-id=\"b691c70\" data-element_type=\"widget\" data-widget_type=\"text-editor.default\">\n\t\t\t\t<div class=\"elementor-widget-container\">\n\t\t\t\t\t\t\tDiese Methode maximiert die Chancen auf eine Befruchtung, da sie m\u00f6gliche Probleme umgeht, die Spermien beim Eindringen in die Eizelle haben k\u00f6nnten.\n\t\t\t\t\t\t<\/div>\n\t\t\t\t<\/div>\n\t\t\t\t\t<\/div>\n\t\t<\/div>\n\t\t\t\t<div class=\"elementor-column elementor-col-33 elementor-top-column elementor-element elementor-element-660d774\" data-id=\"660d774\" data-element_type=\"column\">\n\t\t\t<div class=\"elementor-widget-wrap elementor-element-populated\">\n\t\t\t\t\t\t<div class=\"elementor-element elementor-element-f154d74 elementor-widget elementor-widget-image\" data-id=\"f154d74\" data-element_type=\"widget\" data-widget_type=\"image.default\">\n\t\t\t\t<div class=\"elementor-widget-container\">\n\t\t\t\t\t\t\t\t\t\t<figure class=\"wp-caption\">\n\t\t\t\t\t\t\t\t\t\t<noscript><img fetchpriority=\"high\" decoding=\"async\" width=\"574\" height=\"586\" src=\"https:\/\/www.polycliniqueplus.com\/wp-content\/uploads\/2021\/04\/icsi-turquie.jpg\" class=\"attachment-large size-large wp-image-12711\" alt srcset=\"https:\/\/www.polycliniqueplus.com\/wp-content\/uploads\/2021\/04\/icsi-turquie.jpg 574w, https:\/\/www.polycliniqueplus.com\/wp-content\/uploads\/2021\/04\/icsi-turquie-294x300.jpg 294w\" sizes=\"(max-width: 574px) 100vw, 574px\"><\/noscript><img fetchpriority=\"high\" decoding=\"async\" width=\"574\" height=\"586\" src=\"data:image\/svg+xml,%3Csvg%20xmlns%3D%22http%3A%2F%2Fwww.w3.org%2F2000%2Fsvg%22%20viewBox%3D%220%200%20574%20586%22%3E%3C%2Fsvg%3E\" class=\"attachment-large size-large wp-image-12711 lazyload\" alt srcset=\"data:image\/svg+xml,%3Csvg%20xmlns%3D%22http%3A%2F%2Fwww.w3.org%2F2000%2Fsvg%22%20viewBox%3D%220%200%20574%20586%22%3E%3C%2Fsvg%3E 574w\" sizes=\"(max-width: 574px) 100vw, 574px\" data-srcset=\"https:\/\/www.polycliniqueplus.com\/wp-content\/uploads\/2021\/04\/icsi-turquie.jpg 574w, https:\/\/www.polycliniqueplus.com\/wp-content\/uploads\/2021\/04\/icsi-turquie-294x300.jpg 294w\" data-src=\"https:\/\/www.polycliniqueplus.com\/wp-content\/uploads\/2021\/04\/icsi-turquie.jpg\">\t\t\t\t\t\t\t\t\t\t\t<figcaption class=\"widget-image-caption wp-caption-text\">Intrazytoplasmatische Spermieninjektion (ICSI)<\/figcaption>\n\t\t\t\t\t\t\t\t\t\t<\/figure>\n\t\t\t\t\t\t\t<\/div>\n\t\t\t\t<\/div>\n\t\t\t\t\t<\/div>\n\t\t<\/div>\n\t\t\t\t\t<\/div>\n\t\t<\/section>\n\t\t\t\t<section class=\"elementor-section elementor-top-section elementor-element elementor-element-c0ce066 elementor-section-boxed elementor-section-height-default elementor-section-height-default\" data-id=\"c0ce066\" data-element_type=\"section\" data-settings=\"{&quot;background_background&quot;:&quot;classic&quot;,&quot;_ha_eqh_enable&quot;:false}\">\n\t\t\t\t\t\t<div class=\"elementor-container elementor-column-gap-default\">\n\t\t\t\t\t<div class=\"elementor-column elementor-col-100 elementor-top-column elementor-element elementor-element-f0530ae\" data-id=\"f0530ae\" data-element_type=\"column\">\n\t\t\t<div class=\"elementor-widget-wrap elementor-element-populated\">\n\t\t\t\t\t\t<div class=\"elementor-element elementor-element-f303918 elementor-widget elementor-widget-text-editor\" data-id=\"f303918\" data-element_type=\"widget\" data-widget_type=\"text-editor.default\">\n\t\t\t\t<div class=\"elementor-widget-container\">\n\t\t\t\t\t\t\t<style>\nhtml body a.whatsapp-button {\n    display: inline-block;\n    background-color: #25D366;\n    font-size: 16px;\n    font-weight: bold;\n    padding: 12px 20px;\n    text-align: center;\n    text-decoration: none;\n    border-radius: 5px;\n    box-shadow: 0 4px 6px rgba(0, 0, 0, 0.1);\n    transition: background-color 0.3s ease, transform 0.2s ease;\n    color: white!important;\n}\n\n.whatsapp-button:hover {\n    background-color: #1EBE54;\n    transform: translateY(-2px);\n}\n\n.whatsapp-button:active {\n    transform: translateY(0);\n}\n\n.align_center {\n    display: block;\n    text-align: center;\n    padding: 30px 0px;\n}\n\n<\/style>\n<div class=\"align_center\">\n<a href=\"https:\/\/api.whatsapp.com\/send?phone=+33635235712&amp;&amp;text=Hallo, ich w\u00fcrde gerne Ihre Interventionen und Preise kennenlernen!\" class=\"whatsapp-button\" target=\"_blank\">\n    Klicken Sie f\u00fcr ein kostenloses Whatsapp-Angebot\n<\/a>\n<\/div>\t\t\t\t\t\t<\/div>\n\t\t\t\t<\/div>\n\t\t\t\t\t<\/div>\n\t\t<\/div>\n\t\t\t\t\t<\/div>\n\t\t<\/section>\n\t\t\t\t<section class=\"elementor-section elementor-top-section elementor-element elementor-element-8922001 elementor-section-boxed elementor-section-height-default elementor-section-height-default\" data-id=\"8922001\" data-element_type=\"section\" data-settings=\"{&quot;_ha_eqh_enable&quot;:false}\">\n\t\t\t\t\t\t<div class=\"elementor-container elementor-column-gap-default\">\n\t\t\t\t\t<div class=\"elementor-column elementor-col-100 elementor-top-column elementor-element elementor-element-bdaaae0\" data-id=\"bdaaae0\" data-element_type=\"column\">\n\t\t\t<div class=\"elementor-widget-wrap elementor-element-populated\">\n\t\t\t\t\t\t<div class=\"elementor-element elementor-element-a8b956b elementor-widget elementor-widget-text-editor\" data-id=\"a8b956b\" data-element_type=\"widget\" data-widget_type=\"text-editor.default\">\n\t\t\t\t<div class=\"elementor-widget-container\">\n\t\t\t\t\t\t\t<h2>Vorteile von ICSI in der T\u00fcrkei<\/h2>\n<div>\n<ul>\n \t<li>Die ICSI ist eine wirksame Behandlung f\u00fcr M\u00e4nner, die an Unfruchtbarkeit leiden.<\/li>\n \t<li>Sie wird im Rahmen einer <a href=\"https:\/\/www.polycliniqueplus.com\/de\/kuenstliche-befruchtung-tuerkei\/\" target=\"_blank\" rel=\"noopener\">In-vitro-Fertilisation<\/a> (IVF) durchgef\u00fchrt.<\/li>\n \t<li>Sie besteht darin, dass die Spermien direkt in die Eizelle injiziert werden.<\/li>\n \t<li>Bei manchen M\u00e4nnern m\u00fcssen die Spermien zun\u00e4chst operativ entfernt werden.<\/li>\n \t<li>G\u00fcnstige Preise ICSI T\u00fcrkei<\/li>\n \t<li>Umfassende Betreuung der Patienten w\u00e4hrend des gesamten Aufenthalts<\/li>\n<\/ul>\n<\/div>\t\t\t\t\t\t<\/div>\n\t\t\t\t<\/div>\n\t\t\t\t<div class=\"elementor-element elementor-element-d0ab241 elementor-widget elementor-widget-heading\" data-id=\"d0ab241\" data-element_type=\"widget\" data-widget_type=\"heading.default\">\n\t\t\t\t<div class=\"elementor-widget-container\">\n\t\t\t<h2 class=\"elementor-heading-title elementor-size-default\">Preis ICSI T\u00fcrkei alles inklusive<\/h2>\t\t<\/div>\n\t\t\t\t<\/div>\n\t\t\t\t<div class=\"elementor-element elementor-element-51ab726 elementor-widget elementor-widget-text-editor\" data-id=\"51ab726\" data-element_type=\"widget\" data-widget_type=\"text-editor.default\">\n\t\t\t\t<div class=\"elementor-widget-container\">\n\t\t\t\t\t\t\t<p>Polycliniqueplus bietet Ihnen einen All-Inclusive ICSI Aufenthalt in der T\u00fcrkei an, buchen Sie jetzt!<\/p>\n\t\t\t\t\t\t<\/div>\n\t\t\t\t<\/div>\n\t\t\t\t\t<\/div>\n\t\t<\/div>\n\t\t\t\t\t<\/div>\n\t\t<\/section>\n\t\t\t\t<section class=\"elementor-section elementor-top-section elementor-element elementor-element-2ff5154 elementor-section-boxed elementor-section-height-default elementor-section-height-default\" data-id=\"2ff5154\" data-element_type=\"section\" data-settings=\"{&quot;background_background&quot;:&quot;classic&quot;,&quot;_ha_eqh_enable&quot;:false}\">\n\t\t\t\t\t\t<div class=\"elementor-container elementor-column-gap-default\">\n\t\t\t\t\t<div class=\"elementor-column elementor-col-100 elementor-top-column elementor-element elementor-element-e38ba2b\" data-id=\"e38ba2b\" data-element_type=\"column\">\n\t\t\t<div class=\"elementor-widget-wrap elementor-element-populated\">\n\t\t\t\t\t\t<div class=\"elementor-element elementor-element-93a2b35 elementor-align-center elementor-widget elementor-widget-button\" data-id=\"93a2b35\" data-element_type=\"widget\" data-widget_type=\"button.default\">\n\t\t\t\t<div class=\"elementor-widget-container\">\n\t\t\t\t\t<div class=\"elementor-button-wrapper\">\n\t\t\t<a class=\"elementor-button elementor-button-link elementor-size-sm\" href=\"https:\/\/www.polycliniqueplus.com\/de\/kostenvoranschlag\/\">\n\t\t\t\t\t\t<span class=\"elementor-button-content-wrapper\">\n\t\t\t\t\t\t<span class=\"elementor-button-icon\">\n\t\t\t\t<i aria-hidden=\"true\" class=\"fas fa-arrow-right\"><\/i>\t\t\t<\/span>\n\t\t\t\t\t\t\t\t\t<span class=\"elementor-button-text\">ICSI-Kostenvoranschlag T\u00fcrkei<\/span>\n\t\t\t\t\t<\/span>\n\t\t\t\t\t<\/a>\n\t\t<\/div>\n\t\t\t\t<\/div>\n\t\t\t\t<\/div>\n\t\t\t\t\t<\/div>\n\t\t<\/div>\n\t\t\t\t\t<\/div>\n\t\t<\/section>\n\t\t\t\t<section class=\"elementor-section elementor-top-section elementor-element elementor-element-7462e70 elementor-section-boxed elementor-section-height-default elementor-section-height-default\" data-id=\"7462e70\" data-element_type=\"section\" data-settings=\"{&quot;_ha_eqh_enable&quot;:false}\">\n\t\t\t\t\t\t<div class=\"elementor-container elementor-column-gap-default\">\n\t\t\t\t\t<div class=\"elementor-column elementor-col-100 elementor-top-column elementor-element elementor-element-d18d14c\" data-id=\"d18d14c\" data-element_type=\"column\">\n\t\t\t<div class=\"elementor-widget-wrap elementor-element-populated\">\n\t\t\t\t\t\t<div class=\"elementor-element elementor-element-d79659c elementor-widget elementor-widget-text-editor\" data-id=\"d79659c\" data-element_type=\"widget\" data-widget_type=\"text-editor.default\">\n\t\t\t\t<div class=\"elementor-widget-container\">\n\t\t\t\t\t\t\t<h2>Wem kann ICSI empfohlen werden?<\/h2>\nIhr Arzt kann Ihnen ICSI empfehlen, wenn :\n<ul>\n \t<li>Sie eine sehr geringe Anzahl von Spermien haben<\/li>\n \t<li>Ihre Spermien haben eine abnormale Form (schlechte Morphologie) oder bewegen sich nicht normal (schlechte Motilit\u00e4t).<\/li>\n \t<li>Sie bereits eine IVF hatten und keine oder nur sehr wenige Eizellen befruchtet wurden.<\/li>\n \t<li>Sie eine <a href=\"https:\/\/www.polycliniqueplus.com\/de\/hodenbiopsie-tuerkei\/\" target=\"_blank\" rel=\"noopener\">chirurgische Entnahme von Spermien aus den Hoden oder Nebenhoden<\/a> ben\u00f6tigen (eine enge R\u00f6hre im Hodensack, in der die Spermien gelagert werden und reifen), z. B. weil Sie sich einer Vasektomie unterzogen haben, oder weil Sie eine Blockade haben, die verhindert, dass die Spermien das Ejakulat erreichen, verursacht durch eine Krankheit, eine Verletzung oder eine genetische Erkrankung, oder weil Sie eine extrem niedrige Spermienzahl haben<\/li>\n \t<li>Sie bei Ihrer Behandlung gefrorenes Sperma verwenden, das nicht von bester Qualit\u00e4t ist, insbesondere wenn es gelagert wurde, weil Ihre Fruchtbarkeit gef\u00e4hrdet war, oder nach einer chirurgischen Spermienentnahme.<\/li>\n \t<li>bei Ihnen ein Embryotest f\u00fcr eine genetische Erkrankung durchgef\u00fchrt wird und Spermien, die an der Au\u00dfenseite der Eizellen haften, die Ergebnisse beeintr\u00e4chtigen k\u00f6nnten.<\/li>\n<\/ul>\n<h2>Und wenn ICSI nicht funktioniert, wie geht es dann weiter?<\/h2>\nWie bei der IVF empfehlen viele Experten, nach der Behandlung einige Monate zu warten, bevor man es erneut versucht. Dadurch k\u00f6nnen Sie dem Stress der Behandlung entgehen und Ihr K\u00f6rper erh\u00e4lt die M\u00f6glichkeit, sich zu erholen. Wenn Sie m\u00f6chten, k\u00f6nnen Sie ICSI erneut versuchen, wenn Ihr Arzt der Meinung ist, dass Sie eine angemessene Chance auf Erfolg haben.\n\nSie k\u00f6nnen auch \u00fcber Ihre Optionen nachdenken und entscheiden, ob Sie die Behandlung fortsetzen oder andere M\u00f6glichkeiten zur Familiengr\u00fcndung wie die Verwendung eines Samenspenders oder eine Adoption ausloten m\u00f6chten.\t\t\t\t\t\t<\/div>\n\t\t\t\t<\/div>\n\t\t\t\t\t<\/div>\n\t\t<\/div>\n\t\t\t\t\t<\/div>\n\t\t<\/section>\n\t\t\t\t<\/div>\n\t\t","protected":false},"excerpt":{"rendered":"<p>Bei etwa der H\u00e4lfte der Paare mit Empf\u00e4ngnisproblemen liegt die Ursache der Unfruchtbarkeit im Sperma. Die ICSI ist die h\u00e4ufigste und wirksamste Behandlung der m\u00e4nnlichen Unfruchtbarkeit. Auf dieser Seite erfahren Sie mehr \u00fcber die ICSI, f\u00fcr wen sie geeignet ist und welche Risiken sie birgt. Wie funktioniert ICSI? Ihre Behandlung wird genau die gleiche sein [&hellip;]<\/p>\n","protected":false},"author":1,"featured_media":12711,"parent":0,"menu_order":0,"comment_status":"closed","ping_status":"closed","template":"","meta":{"footnotes":""},"class_list":["post-14209","page","type-page","status-publish","has-post-thumbnail","hentry"],"yoast_head":"<!-- This site is optimized with the Yoast SEO plugin v27.3 - https:\/\/yoast.com\/product\/yoast-seo-wordpress\/ -->\n<title>ICSI T\u00fcrkei: Behandlung der m\u00e4nnlichen Unfruchtbarkeit preisg\u00fcnstig<\/title>\n<meta name=\"description\" content=\"ICSI T\u00fcrkei: Behandlung der m\u00e4nnlichen Unfruchtbarkeit preisg\u00fcnstig, die die Chancen auf eine Befruchtung maximiert, da sie m\u00f6gliche Probleme umgeht, die Spermien beim Eindringen in die Eizelle haben k\u00f6nnten.\" \/>\n<meta name=\"robots\" content=\"index, follow, max-snippet:-1, max-image-preview:large, max-video-preview:-1\" \/>\n<link rel=\"canonical\" href=\"https:\/\/www.polycliniqueplus.com\/de\/icsi-tuerkei\/\" \/>\n<meta property=\"og:locale\" content=\"de_DE\" \/>\n<meta property=\"og:type\" content=\"article\" \/>\n<meta property=\"og:title\" content=\"ICSI T\u00fcrkei: Behandlung der m\u00e4nnlichen Unfruchtbarkeit preisg\u00fcnstig\" \/>\n<meta property=\"og:description\" content=\"ICSI T\u00fcrkei: Behandlung der m\u00e4nnlichen Unfruchtbarkeit preisg\u00fcnstig, die die Chancen auf eine Befruchtung maximiert, da sie m\u00f6gliche Probleme umgeht, die Spermien beim Eindringen in die Eizelle haben k\u00f6nnten.\" \/>\n<meta property=\"og:url\" content=\"https:\/\/www.polycliniqueplus.com\/de\/icsi-tuerkei\/\" \/>\n<meta property=\"og:site_name\" content=\"Chirurgie esthetique Turquie : Prix interventions meilleures cliniques Istanbul\" \/>\n<meta property=\"article:publisher\" content=\"https:\/\/www.facebook.com\/polycliniqueplus\" \/>\n<meta property=\"article:modified_time\" content=\"2023-01-20T10:37:45+00:00\" \/>\n<meta property=\"og:image\" content=\"https:\/\/www.polycliniqueplus.com\/wp-content\/uploads\/2021\/04\/icsi-turquie.jpg\" \/>\n\t<meta property=\"og:image:width\" content=\"574\" \/>\n\t<meta property=\"og:image:height\" content=\"586\" \/>\n\t<meta property=\"og:image:type\" content=\"image\/jpeg\" \/>\n<meta name=\"twitter:card\" content=\"summary_large_image\" \/>\n<meta name=\"twitter:site\" content=\"@polyclinique1\" \/>\n<meta name=\"twitter:label1\" content=\"Gesch\u00e4tzte Lesezeit\" \/>\n\t<meta name=\"twitter:data1\" content=\"3\u00a0Minuten\" \/>\n<script type=\"application\/ld+json\" class=\"yoast-schema-graph\">{\"@context\":\"https:\\\/\\\/schema.org\",\"@graph\":[{\"@type\":\"WebPage\",\"@id\":\"https:\\\/\\\/www.polycliniqueplus.com\\\/de\\\/icsi-tuerkei\\\/\",\"url\":\"https:\\\/\\\/www.polycliniqueplus.com\\\/de\\\/icsi-tuerkei\\\/\",\"name\":\"ICSI T\u00fcrkei: Behandlung der m\u00e4nnlichen Unfruchtbarkeit preisg\u00fcnstig\",\"isPartOf\":{\"@id\":\"https:\\\/\\\/www.polycliniqueplus.com\\\/de\\\/#website\"},\"primaryImageOfPage\":{\"@id\":\"https:\\\/\\\/www.polycliniqueplus.com\\\/de\\\/icsi-tuerkei\\\/#primaryimage\"},\"image\":{\"@id\":\"https:\\\/\\\/www.polycliniqueplus.com\\\/de\\\/icsi-tuerkei\\\/#primaryimage\"},\"thumbnailUrl\":\"https:\\\/\\\/www.polycliniqueplus.com\\\/wp-content\\\/uploads\\\/2021\\\/04\\\/icsi-turquie.jpg\",\"datePublished\":\"2021-04-19T11:55:38+00:00\",\"dateModified\":\"2023-01-20T10:37:45+00:00\",\"description\":\"ICSI T\u00fcrkei: Behandlung der m\u00e4nnlichen Unfruchtbarkeit preisg\u00fcnstig, die die Chancen auf eine Befruchtung maximiert, da sie m\u00f6gliche Probleme umgeht, die Spermien beim Eindringen in die Eizelle haben k\u00f6nnten.\",\"breadcrumb\":{\"@id\":\"https:\\\/\\\/www.polycliniqueplus.com\\\/de\\\/icsi-tuerkei\\\/#breadcrumb\"},\"inLanguage\":\"de\",\"potentialAction\":[{\"@type\":\"ReadAction\",\"target\":[\"https:\\\/\\\/www.polycliniqueplus.com\\\/de\\\/icsi-tuerkei\\\/\"]}]},{\"@type\":\"ImageObject\",\"inLanguage\":\"de\",\"@id\":\"https:\\\/\\\/www.polycliniqueplus.com\\\/de\\\/icsi-tuerkei\\\/#primaryimage\",\"url\":\"https:\\\/\\\/www.polycliniqueplus.com\\\/wp-content\\\/uploads\\\/2021\\\/04\\\/icsi-turquie.jpg\",\"contentUrl\":\"https:\\\/\\\/www.polycliniqueplus.com\\\/wp-content\\\/uploads\\\/2021\\\/04\\\/icsi-turquie.jpg\",\"width\":574,\"height\":586},{\"@type\":\"BreadcrumbList\",\"@id\":\"https:\\\/\\\/www.polycliniqueplus.com\\\/de\\\/icsi-tuerkei\\\/#breadcrumb\",\"itemListElement\":[{\"@type\":\"ListItem\",\"position\":1,\"name\":\"Accueil\",\"item\":\"https:\\\/\\\/www.polycliniqueplus.com\\\/de\\\/\"},{\"@type\":\"ListItem\",\"position\":2,\"name\":\"ICSI T\u00fcrkei: Behandlung der m\u00e4nnlichen Unfruchtbarkeit preisg\u00fcnstig\"}]},{\"@type\":\"WebSite\",\"@id\":\"https:\\\/\\\/www.polycliniqueplus.com\\\/de\\\/#website\",\"url\":\"https:\\\/\\\/www.polycliniqueplus.com\\\/de\\\/\",\"name\":\"Chirurgie esthetique Turquie : Prix interventions meilleures cliniques Istanbul\",\"description\":\"Chirurgie esthetique Turquie prix pas cher\",\"publisher\":{\"@id\":\"https:\\\/\\\/www.polycliniqueplus.com\\\/de\\\/#organization\"},\"potentialAction\":[{\"@type\":\"SearchAction\",\"target\":{\"@type\":\"EntryPoint\",\"urlTemplate\":\"https:\\\/\\\/www.polycliniqueplus.com\\\/de\\\/?s={search_term_string}\"},\"query-input\":{\"@type\":\"PropertyValueSpecification\",\"valueRequired\":true,\"valueName\":\"search_term_string\"}}],\"inLanguage\":\"de\"},{\"@type\":\"Organization\",\"@id\":\"https:\\\/\\\/www.polycliniqueplus.com\\\/de\\\/#organization\",\"name\":\"Polycliniqueplus chirurgie esthetique Turquie\",\"url\":\"https:\\\/\\\/www.polycliniqueplus.com\\\/de\\\/\",\"logo\":{\"@type\":\"ImageObject\",\"inLanguage\":\"de\",\"@id\":\"https:\\\/\\\/www.polycliniqueplus.com\\\/de\\\/#\\\/schema\\\/logo\\\/image\\\/\",\"url\":\"https:\\\/\\\/www.polycliniqueplus.com\\\/wp-content\\\/uploads\\\/2021\\\/03\\\/cropped-add-box-fill.png\",\"contentUrl\":\"https:\\\/\\\/www.polycliniqueplus.com\\\/wp-content\\\/uploads\\\/2021\\\/03\\\/cropped-add-box-fill.png\",\"width\":512,\"height\":512,\"caption\":\"Polycliniqueplus chirurgie esthetique Turquie\"},\"image\":{\"@id\":\"https:\\\/\\\/www.polycliniqueplus.com\\\/de\\\/#\\\/schema\\\/logo\\\/image\\\/\"},\"sameAs\":[\"https:\\\/\\\/www.facebook.com\\\/polycliniqueplus\",\"https:\\\/\\\/x.com\\\/polyclinique1\",\"https:\\\/\\\/www.youtube.com\\\/channel\\\/UCAnK3TORJqflIuYGFa-JQDw\"]}]}<\/script>\n<!-- \/ Yoast SEO plugin. -->","yoast_head_json":{"title":"ICSI T\u00fcrkei: Behandlung der m\u00e4nnlichen Unfruchtbarkeit preisg\u00fcnstig","description":"ICSI T\u00fcrkei: Behandlung der m\u00e4nnlichen Unfruchtbarkeit preisg\u00fcnstig, die die Chancen auf eine Befruchtung maximiert, da sie m\u00f6gliche Probleme umgeht, die Spermien beim Eindringen in die Eizelle haben k\u00f6nnten.","robots":{"index":"index","follow":"follow","max-snippet":"max-snippet:-1","max-image-preview":"max-image-preview:large","max-video-preview":"max-video-preview:-1"},"canonical":"https:\/\/www.polycliniqueplus.com\/de\/icsi-tuerkei\/","og_locale":"de_DE","og_type":"article","og_title":"ICSI T\u00fcrkei: Behandlung der m\u00e4nnlichen Unfruchtbarkeit preisg\u00fcnstig","og_description":"ICSI T\u00fcrkei: Behandlung der m\u00e4nnlichen Unfruchtbarkeit preisg\u00fcnstig, die die Chancen auf eine Befruchtung maximiert, da sie m\u00f6gliche Probleme umgeht, die Spermien beim Eindringen in die Eizelle haben k\u00f6nnten.","og_url":"https:\/\/www.polycliniqueplus.com\/de\/icsi-tuerkei\/","og_site_name":"Chirurgie esthetique Turquie : Prix interventions meilleures cliniques Istanbul","article_publisher":"https:\/\/www.facebook.com\/polycliniqueplus","article_modified_time":"2023-01-20T10:37:45+00:00","og_image":[{"width":574,"height":586,"url":"https:\/\/www.polycliniqueplus.com\/wp-content\/uploads\/2021\/04\/icsi-turquie.jpg","type":"image\/jpeg"}],"twitter_card":"summary_large_image","twitter_site":"@polyclinique1","twitter_misc":{"Gesch\u00e4tzte Lesezeit":"3\u00a0Minuten"},"schema":{"@context":"https:\/\/schema.org","@graph":[{"@type":"WebPage","@id":"https:\/\/www.polycliniqueplus.com\/de\/icsi-tuerkei\/","url":"https:\/\/www.polycliniqueplus.com\/de\/icsi-tuerkei\/","name":"ICSI T\u00fcrkei: Behandlung der m\u00e4nnlichen Unfruchtbarkeit preisg\u00fcnstig","isPartOf":{"@id":"https:\/\/www.polycliniqueplus.com\/de\/#website"},"primaryImageOfPage":{"@id":"https:\/\/www.polycliniqueplus.com\/de\/icsi-tuerkei\/#primaryimage"},"image":{"@id":"https:\/\/www.polycliniqueplus.com\/de\/icsi-tuerkei\/#primaryimage"},"thumbnailUrl":"https:\/\/www.polycliniqueplus.com\/wp-content\/uploads\/2021\/04\/icsi-turquie.jpg","datePublished":"2021-04-19T11:55:38+00:00","dateModified":"2023-01-20T10:37:45+00:00","description":"ICSI T\u00fcrkei: Behandlung der m\u00e4nnlichen Unfruchtbarkeit preisg\u00fcnstig, die die Chancen auf eine Befruchtung maximiert, da sie m\u00f6gliche Probleme umgeht, die Spermien beim Eindringen in die Eizelle haben k\u00f6nnten.","breadcrumb":{"@id":"https:\/\/www.polycliniqueplus.com\/de\/icsi-tuerkei\/#breadcrumb"},"inLanguage":"de","potentialAction":[{"@type":"ReadAction","target":["https:\/\/www.polycliniqueplus.com\/de\/icsi-tuerkei\/"]}]},{"@type":"ImageObject","inLanguage":"de","@id":"https:\/\/www.polycliniqueplus.com\/de\/icsi-tuerkei\/#primaryimage","url":"https:\/\/www.polycliniqueplus.com\/wp-content\/uploads\/2021\/04\/icsi-turquie.jpg","contentUrl":"https:\/\/www.polycliniqueplus.com\/wp-content\/uploads\/2021\/04\/icsi-turquie.jpg","width":574,"height":586},{"@type":"BreadcrumbList","@id":"https:\/\/www.polycliniqueplus.com\/de\/icsi-tuerkei\/#breadcrumb","itemListElement":[{"@type":"ListItem","position":1,"name":"Accueil","item":"https:\/\/www.polycliniqueplus.com\/de\/"},{"@type":"ListItem","position":2,"name":"ICSI T\u00fcrkei: Behandlung der m\u00e4nnlichen Unfruchtbarkeit preisg\u00fcnstig"}]},{"@type":"WebSite","@id":"https:\/\/www.polycliniqueplus.com\/de\/#website","url":"https:\/\/www.polycliniqueplus.com\/de\/","name":"Chirurgie esthetique Turquie : Prix interventions meilleures cliniques Istanbul","description":"Chirurgie esthetique Turquie prix pas cher","publisher":{"@id":"https:\/\/www.polycliniqueplus.com\/de\/#organization"},"potentialAction":[{"@type":"SearchAction","target":{"@type":"EntryPoint","urlTemplate":"https:\/\/www.polycliniqueplus.com\/de\/?s={search_term_string}"},"query-input":{"@type":"PropertyValueSpecification","valueRequired":true,"valueName":"search_term_string"}}],"inLanguage":"de"},{"@type":"Organization","@id":"https:\/\/www.polycliniqueplus.com\/de\/#organization","name":"Polycliniqueplus chirurgie esthetique Turquie","url":"https:\/\/www.polycliniqueplus.com\/de\/","logo":{"@type":"ImageObject","inLanguage":"de","@id":"https:\/\/www.polycliniqueplus.com\/de\/#\/schema\/logo\/image\/","url":"https:\/\/www.polycliniqueplus.com\/wp-content\/uploads\/2021\/03\/cropped-add-box-fill.png","contentUrl":"https:\/\/www.polycliniqueplus.com\/wp-content\/uploads\/2021\/03\/cropped-add-box-fill.png","width":512,"height":512,"caption":"Polycliniqueplus chirurgie esthetique Turquie"},"image":{"@id":"https:\/\/www.polycliniqueplus.com\/de\/#\/schema\/logo\/image\/"},"sameAs":["https:\/\/www.facebook.com\/polycliniqueplus","https:\/\/x.com\/polyclinique1","https:\/\/www.youtube.com\/channel\/UCAnK3TORJqflIuYGFa-JQDw"]}]}},"_links":{"self":[{"href":"https:\/\/www.polycliniqueplus.com\/de\/wp-json\/wp\/v2\/pages\/14209","targetHints":{"allow":["GET"]}}],"collection":[{"href":"https:\/\/www.polycliniqueplus.com\/de\/wp-json\/wp\/v2\/pages"}],"about":[{"href":"https:\/\/www.polycliniqueplus.com\/de\/wp-json\/wp\/v2\/types\/page"}],"author":[{"embeddable":true,"href":"https:\/\/www.polycliniqueplus.com\/de\/wp-json\/wp\/v2\/users\/1"}],"replies":[{"embeddable":true,"href":"https:\/\/www.polycliniqueplus.com\/de\/wp-json\/wp\/v2\/comments?post=14209"}],"version-history":[{"count":14,"href":"https:\/\/www.polycliniqueplus.com\/de\/wp-json\/wp\/v2\/pages\/14209\/revisions"}],"predecessor-version":[{"id":14958,"href":"https:\/\/www.polycliniqueplus.com\/de\/wp-json\/wp\/v2\/pages\/14209\/revisions\/14958"}],"wp:featuredmedia":[{"embeddable":true,"href":"https:\/\/www.polycliniqueplus.com\/de\/wp-json\/wp\/v2\/media\/12711"}],"wp:attachment":[{"href":"https:\/\/www.polycliniqueplus.com\/de\/wp-json\/wp\/v2\/media?parent=14209"}],"curies":[{"name":"wp","href":"https:\/\/api.w.org\/{rel}","templated":true}]}}