{"id":14205,"date":"2018-01-23T11:33:54","date_gmt":"2018-01-23T10:33:54","guid":{"rendered":"https:\/\/www.polycliniqueplus.com\/hodenbiopsie-tuerkei-chirurgische-entnahme-von-spermien\/"},"modified":"2023-01-16T11:00:22","modified_gmt":"2023-01-16T10:00:22","slug":"hodenbiopsie-tuerkei","status":"publish","type":"page","link":"https:\/\/www.polycliniqueplus.com\/de\/hodenbiopsie-tuerkei\/","title":{"rendered":"Hodenbiopsie T\u00fcrkei: Chirurgische Entnahme von Spermien"},"content":{"rendered":"<div data-elementor-type=\"wp-page\" data-elementor-id=\"14205\" class=\"elementor elementor-14205 elementor-1563\" data-elementor-settings=\"{&quot;ha_cmc_init_switcher&quot;:&quot;no&quot;}\">\n\t\t\t\t\t\t<section class=\"elementor-section elementor-top-section elementor-element elementor-element-93261cf elementor-section-content-middle elementor-section-boxed elementor-section-height-default elementor-section-height-default\" data-id=\"93261cf\" data-element_type=\"section\" data-settings=\"{&quot;_ha_eqh_enable&quot;:false}\">\n\t\t\t\t\t\t<div class=\"elementor-container elementor-column-gap-default\">\n\t\t\t\t\t<div class=\"elementor-column elementor-col-50 elementor-top-column elementor-element elementor-element-7a68673\" data-id=\"7a68673\" data-element_type=\"column\">\n\t\t\t<div class=\"elementor-widget-wrap elementor-element-populated\">\n\t\t\t\t\t\t<div class=\"elementor-element elementor-element-e719f13 elementor-widget elementor-widget-text-editor\" data-id=\"e719f13\" data-element_type=\"widget\" data-widget_type=\"text-editor.default\">\n\t\t\t\t<div class=\"elementor-widget-container\">\n\t\t\t\t\t\t\tDie <strong>Hodenbiopsie in der T\u00fcrkei<\/strong> ist eine technische Operation der einfachen <strong>assistierten Reproduktion<\/strong> (ART), bei der eine Spermienprobe aus den Hoden des Mannes gewonnen wird, um die Eizelle der Frau zu befruchten.\n\nDer Eingriff ist sehr schnell und wird ambulant durchgef\u00fchrt. Sie wird auch eingesetzt, um bestimmte m\u00e4nnliche Unfruchtbarkeitsprobleme zu erkennen, wie z. B. Azoospermie, Hindernisse im Ejakularkanal, zu wenig Spermien in der Samenfl\u00fcssigkeit&#8230;.\n<h2>Preis Hodenbiopsie T\u00fcrkei<\/h2>\nMit dem All-Inclusive-Paket k\u00f6nnen Sie den <strong>Hodenbiopsie-Eingriff in der T\u00fcrkei<\/strong> von Experten f\u00fcr ART durchf\u00fchren lassen und erhalten eine <strong>g\u00fcnstige<\/strong> postoperative Unterkunft.\nF\u00fcllen Sie dieses Online-Formular aus und fordern Sie ein individuelles Angebot f\u00fcr eine <b>Hodenbiopsie und jede andere ART-Technik <\/b><strong>in der T\u00fcrkei<\/strong> an.\t\t\t\t\t\t<\/div>\n\t\t\t\t<\/div>\n\t\t\t\t\t<\/div>\n\t\t<\/div>\n\t\t\t\t<div class=\"elementor-column elementor-col-50 elementor-top-column elementor-element elementor-element-c024645\" data-id=\"c024645\" data-element_type=\"column\">\n\t\t\t<div class=\"elementor-widget-wrap elementor-element-populated\">\n\t\t\t\t\t\t<div class=\"elementor-element elementor-element-33117f1 elementor-widget elementor-widget-image\" data-id=\"33117f1\" data-element_type=\"widget\" data-widget_type=\"image.default\">\n\t\t\t\t<div class=\"elementor-widget-container\">\n\t\t\t\t\t\t\t\t\t\t\t\t\t<noscript><img fetchpriority=\"high\" decoding=\"async\" width=\"574\" height=\"586\" src=\"https:\/\/www.polycliniqueplus.com\/wp-content\/uploads\/2021\/03\/biopsie-testiculaire-Turquie.jpg\" class=\"attachment-large size-large wp-image-12680\" alt srcset=\"https:\/\/www.polycliniqueplus.com\/wp-content\/uploads\/2021\/03\/biopsie-testiculaire-Turquie.jpg 574w, https:\/\/www.polycliniqueplus.com\/wp-content\/uploads\/2021\/03\/biopsie-testiculaire-Turquie-294x300.jpg 294w\" sizes=\"(max-width: 574px) 100vw, 574px\"><\/noscript><img fetchpriority=\"high\" decoding=\"async\" width=\"574\" height=\"586\" src=\"data:image\/svg+xml,%3Csvg%20xmlns%3D%22http%3A%2F%2Fwww.w3.org%2F2000%2Fsvg%22%20viewBox%3D%220%200%20574%20586%22%3E%3C%2Fsvg%3E\" class=\"attachment-large size-large wp-image-12680 lazyload\" alt srcset=\"data:image\/svg+xml,%3Csvg%20xmlns%3D%22http%3A%2F%2Fwww.w3.org%2F2000%2Fsvg%22%20viewBox%3D%220%200%20574%20586%22%3E%3C%2Fsvg%3E 574w\" sizes=\"(max-width: 574px) 100vw, 574px\" data-srcset=\"https:\/\/www.polycliniqueplus.com\/wp-content\/uploads\/2021\/03\/biopsie-testiculaire-Turquie.jpg 574w, https:\/\/www.polycliniqueplus.com\/wp-content\/uploads\/2021\/03\/biopsie-testiculaire-Turquie-294x300.jpg 294w\" data-src=\"https:\/\/www.polycliniqueplus.com\/wp-content\/uploads\/2021\/03\/biopsie-testiculaire-Turquie.jpg\">\t\t\t\t\t\t\t\t\t\t\t\t\t<\/div>\n\t\t\t\t<\/div>\n\t\t\t\t\t<\/div>\n\t\t<\/div>\n\t\t\t\t\t<\/div>\n\t\t<\/section>\n\t\t\t\t<section class=\"elementor-section elementor-top-section elementor-element elementor-element-790b931 elementor-section-boxed elementor-section-height-default elementor-section-height-default\" data-id=\"790b931\" data-element_type=\"section\" data-settings=\"{&quot;background_background&quot;:&quot;classic&quot;,&quot;_ha_eqh_enable&quot;:false}\">\n\t\t\t\t\t\t<div class=\"elementor-container elementor-column-gap-default\">\n\t\t\t\t\t<div class=\"elementor-column elementor-col-100 elementor-top-column elementor-element elementor-element-cc60052\" data-id=\"cc60052\" data-element_type=\"column\">\n\t\t\t<div class=\"elementor-widget-wrap elementor-element-populated\">\n\t\t\t\t\t\t<div class=\"elementor-element elementor-element-01bcdd6 elementor-widget elementor-widget-text-editor\" data-id=\"01bcdd6\" data-element_type=\"widget\" data-widget_type=\"text-editor.default\">\n\t\t\t\t<div class=\"elementor-widget-container\">\n\t\t\t\t\t\t\t<style>\nhtml body a.whatsapp-button {\n    display: inline-block;\n    background-color: #25D366;\n    font-size: 16px;\n    font-weight: bold;\n    padding: 12px 20px;\n    text-align: center;\n    text-decoration: none;\n    border-radius: 5px;\n    box-shadow: 0 4px 6px rgba(0, 0, 0, 0.1);\n    transition: background-color 0.3s ease, transform 0.2s ease;\n    color: white!important;\n}\n\n.whatsapp-button:hover {\n    background-color: #1EBE54;\n    transform: translateY(-2px);\n}\n\n.whatsapp-button:active {\n    transform: translateY(0);\n}\n\n.align_center {\n    display: block;\n    text-align: center;\n    padding: 30px 0px;\n}\n\n<\/style>\n<div class=\"align_center\">\n<a href=\"https:\/\/api.whatsapp.com\/send?phone=+33635235712&amp;&amp;text=Hallo, ich w\u00fcrde gerne Ihre Interventionen und Preise kennenlernen!\" class=\"whatsapp-button\" target=\"_blank\">\n    Klicken Sie f\u00fcr ein kostenloses Whatsapp-Angebot\n<\/a>\n<\/div>\t\t\t\t\t\t<\/div>\n\t\t\t\t<\/div>\n\t\t\t\t\t<\/div>\n\t\t<\/div>\n\t\t\t\t\t<\/div>\n\t\t<\/section>\n\t\t\t\t<section class=\"elementor-section elementor-top-section elementor-element elementor-element-2f20cbd elementor-section-content-middle elementor-section-boxed elementor-section-height-default elementor-section-height-default\" data-id=\"2f20cbd\" data-element_type=\"section\" data-settings=\"{&quot;_ha_eqh_enable&quot;:false}\">\n\t\t\t\t\t\t<div class=\"elementor-container elementor-column-gap-default\">\n\t\t\t\t\t<div class=\"elementor-column elementor-col-50 elementor-top-column elementor-element elementor-element-9e4f607\" data-id=\"9e4f607\" data-element_type=\"column\">\n\t\t\t<div class=\"elementor-widget-wrap elementor-element-populated\">\n\t\t\t\t\t\t<div class=\"elementor-element elementor-element-5ff8bfb elementor-widget elementor-widget-text-editor\" data-id=\"5ff8bfb\" data-element_type=\"widget\" data-widget_type=\"text-editor.default\">\n\t\t\t\t<div class=\"elementor-widget-container\">\n\t\t\t\t\t\t\t<h2>Ablauf der Hodenbiopsie<\/h2>\nW\u00e4hrend des ambulanten chirurgischen Eingriffs wird nach einer Regionalan\u00e4sthesie (einer Peridural- oder Spinalan\u00e4sthesie) durch eine Punktion oder eine kleine \u00d6ffnung an dem Teil, der die beiden Hoden trennt, eine Probe des Hodengewebes entnommen.\n<ul>\n \t<li>Die geernteten Spermien werden analysiert und aufbereitet, um sie f\u00fcr die Wiederverwendung im Rahmen einer <a href=\"https:\/\/www.polycliniqueplus.com\/de\/in-virto-tuerkei\/\" target=\"_blank\" rel=\"noopener noreferrer\">\n<strong>In-vitro-Fertilisation<\/strong>\n<\/a> oder einer <a href=\"https:\/\/www.polycliniqueplus.com\/de\/kuenstliche-befruchtung-tuerkei\/\" target=\"_blank\" rel=\"noopener noreferrer\">\n<strong>k\u00fcnstliche Befruchtung<\/strong>\n<\/a>.<\/li>\n \t<li>Die N\u00e4hte werden mit resorbierbaren Stichen gemacht.<\/li>\n \t<li>Der Eingriff zur <strong>Hodenbiopsie<\/strong> ist in einer Viertelstunde oder in etwa 20 Minuten erledigt.<\/li>\n<\/ul>\t\t\t\t\t\t<\/div>\n\t\t\t\t<\/div>\n\t\t\t\t\t<\/div>\n\t\t<\/div>\n\t\t\t\t<div class=\"elementor-column elementor-col-50 elementor-top-column elementor-element elementor-element-8973fc8\" data-id=\"8973fc8\" data-element_type=\"column\">\n\t\t\t<div class=\"elementor-widget-wrap elementor-element-populated\">\n\t\t\t\t\t\t<div class=\"elementor-element elementor-element-c1801fa elementor-widget elementor-widget-image\" data-id=\"c1801fa\" data-element_type=\"widget\" data-widget_type=\"image.default\">\n\t\t\t\t<div class=\"elementor-widget-container\">\n\t\t\t\t\t\t\t\t\t\t\t\t\t<noscript><img decoding=\"async\" width=\"574\" height=\"586\" src=\"https:\/\/www.polycliniqueplus.com\/wp-content\/uploads\/2021\/03\/deroulement-biopsie-testiculaire.jpg\" class=\"attachment-large size-large wp-image-12681\" alt srcset=\"https:\/\/www.polycliniqueplus.com\/wp-content\/uploads\/2021\/03\/deroulement-biopsie-testiculaire.jpg 574w, https:\/\/www.polycliniqueplus.com\/wp-content\/uploads\/2021\/03\/deroulement-biopsie-testiculaire-294x300.jpg 294w\" sizes=\"(max-width: 574px) 100vw, 574px\"><\/noscript><img decoding=\"async\" width=\"574\" height=\"586\" src=\"data:image\/svg+xml,%3Csvg%20xmlns%3D%22http%3A%2F%2Fwww.w3.org%2F2000%2Fsvg%22%20viewBox%3D%220%200%20574%20586%22%3E%3C%2Fsvg%3E\" class=\"attachment-large size-large wp-image-12681 lazyload\" alt srcset=\"data:image\/svg+xml,%3Csvg%20xmlns%3D%22http%3A%2F%2Fwww.w3.org%2F2000%2Fsvg%22%20viewBox%3D%220%200%20574%20586%22%3E%3C%2Fsvg%3E 574w\" sizes=\"(max-width: 574px) 100vw, 574px\" data-srcset=\"https:\/\/www.polycliniqueplus.com\/wp-content\/uploads\/2021\/03\/deroulement-biopsie-testiculaire.jpg 574w, https:\/\/www.polycliniqueplus.com\/wp-content\/uploads\/2021\/03\/deroulement-biopsie-testiculaire-294x300.jpg 294w\" data-src=\"https:\/\/www.polycliniqueplus.com\/wp-content\/uploads\/2021\/03\/deroulement-biopsie-testiculaire.jpg\">\t\t\t\t\t\t\t\t\t\t\t\t\t<\/div>\n\t\t\t\t<\/div>\n\t\t\t\t\t<\/div>\n\t\t<\/div>\n\t\t\t\t\t<\/div>\n\t\t<\/section>\n\t\t\t\t<section class=\"elementor-section elementor-top-section elementor-element elementor-element-3f9cd6c elementor-section-boxed elementor-section-height-default elementor-section-height-default\" data-id=\"3f9cd6c\" data-element_type=\"section\" data-settings=\"{&quot;background_background&quot;:&quot;classic&quot;,&quot;_ha_eqh_enable&quot;:false}\">\n\t\t\t\t\t\t<div class=\"elementor-container elementor-column-gap-default\">\n\t\t\t\t\t<div class=\"elementor-column elementor-col-100 elementor-top-column elementor-element elementor-element-c65e868\" data-id=\"c65e868\" data-element_type=\"column\">\n\t\t\t<div class=\"elementor-widget-wrap elementor-element-populated\">\n\t\t\t\t\t\t<div class=\"elementor-element elementor-element-758f031 elementor-widget elementor-widget-heading\" data-id=\"758f031\" data-element_type=\"widget\" data-widget_type=\"heading.default\">\n\t\t\t\t<div class=\"elementor-widget-container\">\n\t\t\t<h4 class=\"elementor-heading-title elementor-size-default\">SCHNELLER UND 100% KOSTENLOSER ONLINE-KOSTENVORANSCHLAG<\/h4>\t\t<\/div>\n\t\t\t\t<\/div>\n\t\t\t\t<div class=\"elementor-element elementor-element-b0cccb6 elementor-align-center elementor-widget elementor-widget-button\" data-id=\"b0cccb6\" data-element_type=\"widget\" data-widget_type=\"button.default\">\n\t\t\t\t<div class=\"elementor-widget-container\">\n\t\t\t\t\t<div class=\"elementor-button-wrapper\">\n\t\t\t<a class=\"elementor-button elementor-button-link elementor-size-sm\" href=\"https:\/\/www.polycliniqueplus.com\/de\/kostenvoranschlag\/\">\n\t\t\t\t\t\t<span class=\"elementor-button-content-wrapper\">\n\t\t\t\t\t\t<span class=\"elementor-button-icon\">\n\t\t\t\t<i aria-hidden=\"true\" class=\"fas fa-arrow-right\"><\/i>\t\t\t<\/span>\n\t\t\t\t\t\t\t\t\t<span class=\"elementor-button-text\">Express-Kostenvoranschlag<\/span>\n\t\t\t\t\t<\/span>\n\t\t\t\t\t<\/a>\n\t\t<\/div>\n\t\t\t\t<\/div>\n\t\t\t\t<\/div>\n\t\t\t\t\t<\/div>\n\t\t<\/div>\n\t\t\t\t\t<\/div>\n\t\t<\/section>\n\t\t\t\t<section class=\"elementor-section elementor-top-section elementor-element elementor-element-274788c4 elementor-section-boxed elementor-section-height-default elementor-section-height-default\" data-id=\"274788c4\" data-element_type=\"section\" data-settings=\"{&quot;_ha_eqh_enable&quot;:false}\">\n\t\t\t\t\t\t<div class=\"elementor-container elementor-column-gap-default\">\n\t\t\t\t\t<div class=\"elementor-column elementor-col-100 elementor-top-column elementor-element elementor-element-3233b90a\" data-id=\"3233b90a\" data-element_type=\"column\">\n\t\t\t<div class=\"elementor-widget-wrap elementor-element-populated\">\n\t\t\t\t\t\t<div class=\"elementor-element elementor-element-115a28fe elementor-widget elementor-widget-text-editor\" data-id=\"115a28fe\" data-element_type=\"widget\" data-widget_type=\"text-editor.default\">\n\t\t\t\t<div class=\"elementor-widget-container\">\n\t\t\t\t\t\t\t\n<h2>Nach einer Hodenbiopsie<\/h2>\n<ul>\n \t<li>Keine sichtbaren Narben<\/li>\n \t<li>Bluterg\u00fcsse und Schwellungen verschwinden auf nat\u00fcrliche Weise<\/li>\n \t<li>Ein kurzer Stopp, der nicht l\u00e4nger als zehn Tage dauert<\/li>\n \t<li>Die R\u00fcckkehr zum Sport kann nach 3 Wochen oder etwas l\u00e4nger erfolgen<\/li>\n \t<li>Die R\u00fcckkehr zur sexuellen Aktivit\u00e4t erfordert einen Zeitraum zwischen einer und zwei Wochen.<\/li>\n \t<li>Das Tragen eines Slips wird w\u00e4hrend der Heilungsphase empfohlen, um die Beutel bei der Mobilit\u00e4t der Person zu halten.<\/li>\n<\/ul>\n<h2>Ergebnis einer Hodenbiopsie<\/h2>\nNach einer <strong>Hodenbiopsie<\/strong> k\u00f6nnen die Spermien f\u00fcr eine <strong>In-vitro-Fertilisation<\/strong> verwendet oder f\u00fcr weitere Befruchtungsversuche aufbewahrt und eingefroren werden.\n\nDie Analyse der entnommenen Spermien wird etwaige Probleme wie Azoospermie oder andere Probleme erkennen, um die notwendige Therapie zu haben.\t\t\t\t\t\t<\/div>\n\t\t\t\t<\/div>\n\t\t\t\t\t<\/div>\n\t\t<\/div>\n\t\t\t\t\t<\/div>\n\t\t<\/section>\n\t\t\t\t<\/div>\n\t\t","protected":false},"excerpt":{"rendered":"<p>Die Hodenbiopsie in der T\u00fcrkei ist eine technische Operation der einfachen assistierten Reproduktion (ART), bei der eine Spermienprobe aus den Hoden des Mannes gewonnen wird, um die Eizelle der Frau zu befruchten. Der Eingriff ist sehr schnell und wird ambulant durchgef\u00fchrt. Sie wird auch eingesetzt, um bestimmte m\u00e4nnliche Unfruchtbarkeitsprobleme zu erkennen, wie z. B. Azoospermie, [&hellip;]<\/p>\n","protected":false},"author":2,"featured_media":12539,"parent":0,"menu_order":0,"comment_status":"closed","ping_status":"closed","template":"","meta":{"footnotes":""},"class_list":["post-14205","page","type-page","status-publish","has-post-thumbnail","hentry"],"yoast_head":"<!-- This site is optimized with the Yoast SEO plugin v27.3 - https:\/\/yoast.com\/product\/yoast-seo-wordpress\/ -->\n<title>Hodenbiopsie T\u00fcrkei: Chirurgische Entnahme von Spermien<\/title>\n<meta name=\"description\" content=\"Hodenbiopsie T\u00fcrkei: Technik zur chirurgischen Entnahme eines Gewebefragments aus den Hoden f\u00fcr eine In-vitro-Fertilisation. Kostenloser Kostenvoranschlag in Dinar.\" \/>\n<meta name=\"robots\" content=\"index, follow, max-snippet:-1, max-video-preview:-1, noimageindex\" \/>\n<link rel=\"canonical\" href=\"https:\/\/www.polycliniqueplus.com\/de\/hodenbiopsie-tuerkei\/\" \/>\n<meta property=\"og:locale\" content=\"de_DE\" \/>\n<meta property=\"og:type\" content=\"article\" \/>\n<meta property=\"og:title\" content=\"Hodenbiopsie T\u00fcrkei: Chirurgische Entnahme von Spermien\" \/>\n<meta property=\"og:description\" content=\"Hodenbiopsie T\u00fcrkei: Technik zur chirurgischen Entnahme eines Gewebefragments aus den Hoden f\u00fcr eine In-vitro-Fertilisation. Kostenloser Kostenvoranschlag in Dinar.\" \/>\n<meta property=\"og:url\" content=\"https:\/\/www.polycliniqueplus.com\/de\/hodenbiopsie-tuerkei\/\" \/>\n<meta property=\"og:site_name\" content=\"Chirurgie esthetique Turquie : Prix interventions meilleures cliniques Istanbul\" \/>\n<meta property=\"article:publisher\" content=\"https:\/\/www.facebook.com\/polycliniqueplus\" \/>\n<meta property=\"article:modified_time\" content=\"2023-01-16T10:00:22+00:00\" \/>\n<meta property=\"og:image\" content=\"https:\/\/www.polycliniqueplus.com\/wp-content\/uploads\/2020\/12\/biopsie-testiculaire-turquie.jpg\" \/>\n\t<meta property=\"og:image:width\" content=\"299\" \/>\n\t<meta property=\"og:image:height\" content=\"168\" \/>\n\t<meta property=\"og:image:type\" content=\"image\/jpeg\" \/>\n<meta name=\"twitter:card\" content=\"summary_large_image\" \/>\n<meta name=\"twitter:site\" content=\"@polyclinique1\" \/>\n<meta name=\"twitter:label1\" content=\"Gesch\u00e4tzte Lesezeit\" \/>\n\t<meta name=\"twitter:data1\" content=\"3\u00a0Minuten\" \/>\n<script type=\"application\/ld+json\" class=\"yoast-schema-graph\">{\"@context\":\"https:\\\/\\\/schema.org\",\"@graph\":[{\"@type\":\"WebPage\",\"@id\":\"https:\\\/\\\/www.polycliniqueplus.com\\\/de\\\/hodenbiopsie-tuerkei\\\/\",\"url\":\"https:\\\/\\\/www.polycliniqueplus.com\\\/de\\\/hodenbiopsie-tuerkei\\\/\",\"name\":\"Hodenbiopsie T\u00fcrkei: Chirurgische Entnahme von Spermien\",\"isPartOf\":{\"@id\":\"https:\\\/\\\/www.polycliniqueplus.com\\\/de\\\/#website\"},\"primaryImageOfPage\":{\"@id\":\"https:\\\/\\\/www.polycliniqueplus.com\\\/de\\\/hodenbiopsie-tuerkei\\\/#primaryimage\"},\"image\":{\"@id\":\"https:\\\/\\\/www.polycliniqueplus.com\\\/de\\\/hodenbiopsie-tuerkei\\\/#primaryimage\"},\"thumbnailUrl\":\"https:\\\/\\\/www.polycliniqueplus.com\\\/wp-content\\\/uploads\\\/2020\\\/12\\\/biopsie-testiculaire-turquie.jpg\",\"datePublished\":\"2018-01-23T10:33:54+00:00\",\"dateModified\":\"2023-01-16T10:00:22+00:00\",\"description\":\"Hodenbiopsie T\u00fcrkei: Technik zur chirurgischen Entnahme eines Gewebefragments aus den Hoden f\u00fcr eine In-vitro-Fertilisation. Kostenloser Kostenvoranschlag in Dinar.\",\"breadcrumb\":{\"@id\":\"https:\\\/\\\/www.polycliniqueplus.com\\\/de\\\/hodenbiopsie-tuerkei\\\/#breadcrumb\"},\"inLanguage\":\"de\",\"potentialAction\":[{\"@type\":\"ReadAction\",\"target\":[\"https:\\\/\\\/www.polycliniqueplus.com\\\/de\\\/hodenbiopsie-tuerkei\\\/\"]}]},{\"@type\":\"ImageObject\",\"inLanguage\":\"de\",\"@id\":\"https:\\\/\\\/www.polycliniqueplus.com\\\/de\\\/hodenbiopsie-tuerkei\\\/#primaryimage\",\"url\":\"https:\\\/\\\/www.polycliniqueplus.com\\\/wp-content\\\/uploads\\\/2020\\\/12\\\/biopsie-testiculaire-turquie.jpg\",\"contentUrl\":\"https:\\\/\\\/www.polycliniqueplus.com\\\/wp-content\\\/uploads\\\/2020\\\/12\\\/biopsie-testiculaire-turquie.jpg\",\"width\":299,\"height\":168,\"caption\":\"biopsie-testiculaire-Turquie\"},{\"@type\":\"BreadcrumbList\",\"@id\":\"https:\\\/\\\/www.polycliniqueplus.com\\\/de\\\/hodenbiopsie-tuerkei\\\/#breadcrumb\",\"itemListElement\":[{\"@type\":\"ListItem\",\"position\":1,\"name\":\"Accueil\",\"item\":\"https:\\\/\\\/www.polycliniqueplus.com\\\/de\\\/\"},{\"@type\":\"ListItem\",\"position\":2,\"name\":\"Hodenbiopsie T\u00fcrkei: Chirurgische Entnahme von Spermien\"}]},{\"@type\":\"WebSite\",\"@id\":\"https:\\\/\\\/www.polycliniqueplus.com\\\/de\\\/#website\",\"url\":\"https:\\\/\\\/www.polycliniqueplus.com\\\/de\\\/\",\"name\":\"Chirurgie esthetique Turquie : Prix interventions meilleures cliniques Istanbul\",\"description\":\"Chirurgie esthetique Turquie prix pas cher\",\"publisher\":{\"@id\":\"https:\\\/\\\/www.polycliniqueplus.com\\\/de\\\/#organization\"},\"potentialAction\":[{\"@type\":\"SearchAction\",\"target\":{\"@type\":\"EntryPoint\",\"urlTemplate\":\"https:\\\/\\\/www.polycliniqueplus.com\\\/de\\\/?s={search_term_string}\"},\"query-input\":{\"@type\":\"PropertyValueSpecification\",\"valueRequired\":true,\"valueName\":\"search_term_string\"}}],\"inLanguage\":\"de\"},{\"@type\":\"Organization\",\"@id\":\"https:\\\/\\\/www.polycliniqueplus.com\\\/de\\\/#organization\",\"name\":\"Polycliniqueplus chirurgie esthetique Turquie\",\"url\":\"https:\\\/\\\/www.polycliniqueplus.com\\\/de\\\/\",\"logo\":{\"@type\":\"ImageObject\",\"inLanguage\":\"de\",\"@id\":\"https:\\\/\\\/www.polycliniqueplus.com\\\/de\\\/#\\\/schema\\\/logo\\\/image\\\/\",\"url\":\"https:\\\/\\\/www.polycliniqueplus.com\\\/wp-content\\\/uploads\\\/2021\\\/03\\\/cropped-add-box-fill.png\",\"contentUrl\":\"https:\\\/\\\/www.polycliniqueplus.com\\\/wp-content\\\/uploads\\\/2021\\\/03\\\/cropped-add-box-fill.png\",\"width\":512,\"height\":512,\"caption\":\"Polycliniqueplus chirurgie esthetique Turquie\"},\"image\":{\"@id\":\"https:\\\/\\\/www.polycliniqueplus.com\\\/de\\\/#\\\/schema\\\/logo\\\/image\\\/\"},\"sameAs\":[\"https:\\\/\\\/www.facebook.com\\\/polycliniqueplus\",\"https:\\\/\\\/x.com\\\/polyclinique1\",\"https:\\\/\\\/www.youtube.com\\\/channel\\\/UCAnK3TORJqflIuYGFa-JQDw\"]}]}<\/script>\n<!-- \/ Yoast SEO plugin. -->","yoast_head_json":{"title":"Hodenbiopsie T\u00fcrkei: Chirurgische Entnahme von Spermien","description":"Hodenbiopsie T\u00fcrkei: Technik zur chirurgischen Entnahme eines Gewebefragments aus den Hoden f\u00fcr eine In-vitro-Fertilisation. Kostenloser Kostenvoranschlag in Dinar.","robots":{"index":"index","follow":"follow","max-snippet":"max-snippet:-1","max-video-preview":"max-video-preview:-1","imageindex":"noimageindex"},"canonical":"https:\/\/www.polycliniqueplus.com\/de\/hodenbiopsie-tuerkei\/","og_locale":"de_DE","og_type":"article","og_title":"Hodenbiopsie T\u00fcrkei: Chirurgische Entnahme von Spermien","og_description":"Hodenbiopsie T\u00fcrkei: Technik zur chirurgischen Entnahme eines Gewebefragments aus den Hoden f\u00fcr eine In-vitro-Fertilisation. Kostenloser Kostenvoranschlag in Dinar.","og_url":"https:\/\/www.polycliniqueplus.com\/de\/hodenbiopsie-tuerkei\/","og_site_name":"Chirurgie esthetique Turquie : Prix interventions meilleures cliniques Istanbul","article_publisher":"https:\/\/www.facebook.com\/polycliniqueplus","article_modified_time":"2023-01-16T10:00:22+00:00","og_image":[{"width":299,"height":168,"url":"https:\/\/www.polycliniqueplus.com\/wp-content\/uploads\/2020\/12\/biopsie-testiculaire-turquie.jpg","type":"image\/jpeg"}],"twitter_card":"summary_large_image","twitter_site":"@polyclinique1","twitter_misc":{"Gesch\u00e4tzte Lesezeit":"3\u00a0Minuten"},"schema":{"@context":"https:\/\/schema.org","@graph":[{"@type":"WebPage","@id":"https:\/\/www.polycliniqueplus.com\/de\/hodenbiopsie-tuerkei\/","url":"https:\/\/www.polycliniqueplus.com\/de\/hodenbiopsie-tuerkei\/","name":"Hodenbiopsie T\u00fcrkei: Chirurgische Entnahme von Spermien","isPartOf":{"@id":"https:\/\/www.polycliniqueplus.com\/de\/#website"},"primaryImageOfPage":{"@id":"https:\/\/www.polycliniqueplus.com\/de\/hodenbiopsie-tuerkei\/#primaryimage"},"image":{"@id":"https:\/\/www.polycliniqueplus.com\/de\/hodenbiopsie-tuerkei\/#primaryimage"},"thumbnailUrl":"https:\/\/www.polycliniqueplus.com\/wp-content\/uploads\/2020\/12\/biopsie-testiculaire-turquie.jpg","datePublished":"2018-01-23T10:33:54+00:00","dateModified":"2023-01-16T10:00:22+00:00","description":"Hodenbiopsie T\u00fcrkei: Technik zur chirurgischen Entnahme eines Gewebefragments aus den Hoden f\u00fcr eine In-vitro-Fertilisation. Kostenloser Kostenvoranschlag in Dinar.","breadcrumb":{"@id":"https:\/\/www.polycliniqueplus.com\/de\/hodenbiopsie-tuerkei\/#breadcrumb"},"inLanguage":"de","potentialAction":[{"@type":"ReadAction","target":["https:\/\/www.polycliniqueplus.com\/de\/hodenbiopsie-tuerkei\/"]}]},{"@type":"ImageObject","inLanguage":"de","@id":"https:\/\/www.polycliniqueplus.com\/de\/hodenbiopsie-tuerkei\/#primaryimage","url":"https:\/\/www.polycliniqueplus.com\/wp-content\/uploads\/2020\/12\/biopsie-testiculaire-turquie.jpg","contentUrl":"https:\/\/www.polycliniqueplus.com\/wp-content\/uploads\/2020\/12\/biopsie-testiculaire-turquie.jpg","width":299,"height":168,"caption":"biopsie-testiculaire-Turquie"},{"@type":"BreadcrumbList","@id":"https:\/\/www.polycliniqueplus.com\/de\/hodenbiopsie-tuerkei\/#breadcrumb","itemListElement":[{"@type":"ListItem","position":1,"name":"Accueil","item":"https:\/\/www.polycliniqueplus.com\/de\/"},{"@type":"ListItem","position":2,"name":"Hodenbiopsie T\u00fcrkei: Chirurgische Entnahme von Spermien"}]},{"@type":"WebSite","@id":"https:\/\/www.polycliniqueplus.com\/de\/#website","url":"https:\/\/www.polycliniqueplus.com\/de\/","name":"Chirurgie esthetique Turquie : Prix interventions meilleures cliniques Istanbul","description":"Chirurgie esthetique Turquie prix pas cher","publisher":{"@id":"https:\/\/www.polycliniqueplus.com\/de\/#organization"},"potentialAction":[{"@type":"SearchAction","target":{"@type":"EntryPoint","urlTemplate":"https:\/\/www.polycliniqueplus.com\/de\/?s={search_term_string}"},"query-input":{"@type":"PropertyValueSpecification","valueRequired":true,"valueName":"search_term_string"}}],"inLanguage":"de"},{"@type":"Organization","@id":"https:\/\/www.polycliniqueplus.com\/de\/#organization","name":"Polycliniqueplus chirurgie esthetique Turquie","url":"https:\/\/www.polycliniqueplus.com\/de\/","logo":{"@type":"ImageObject","inLanguage":"de","@id":"https:\/\/www.polycliniqueplus.com\/de\/#\/schema\/logo\/image\/","url":"https:\/\/www.polycliniqueplus.com\/wp-content\/uploads\/2021\/03\/cropped-add-box-fill.png","contentUrl":"https:\/\/www.polycliniqueplus.com\/wp-content\/uploads\/2021\/03\/cropped-add-box-fill.png","width":512,"height":512,"caption":"Polycliniqueplus chirurgie esthetique Turquie"},"image":{"@id":"https:\/\/www.polycliniqueplus.com\/de\/#\/schema\/logo\/image\/"},"sameAs":["https:\/\/www.facebook.com\/polycliniqueplus","https:\/\/x.com\/polyclinique1","https:\/\/www.youtube.com\/channel\/UCAnK3TORJqflIuYGFa-JQDw"]}]}},"_links":{"self":[{"href":"https:\/\/www.polycliniqueplus.com\/de\/wp-json\/wp\/v2\/pages\/14205","targetHints":{"allow":["GET"]}}],"collection":[{"href":"https:\/\/www.polycliniqueplus.com\/de\/wp-json\/wp\/v2\/pages"}],"about":[{"href":"https:\/\/www.polycliniqueplus.com\/de\/wp-json\/wp\/v2\/types\/page"}],"author":[{"embeddable":true,"href":"https:\/\/www.polycliniqueplus.com\/de\/wp-json\/wp\/v2\/users\/2"}],"replies":[{"embeddable":true,"href":"https:\/\/www.polycliniqueplus.com\/de\/wp-json\/wp\/v2\/comments?post=14205"}],"version-history":[{"count":8,"href":"https:\/\/www.polycliniqueplus.com\/de\/wp-json\/wp\/v2\/pages\/14205\/revisions"}],"predecessor-version":[{"id":14244,"href":"https:\/\/www.polycliniqueplus.com\/de\/wp-json\/wp\/v2\/pages\/14205\/revisions\/14244"}],"wp:featuredmedia":[{"embeddable":true,"href":"https:\/\/www.polycliniqueplus.com\/de\/wp-json\/wp\/v2\/media\/12539"}],"wp:attachment":[{"href":"https:\/\/www.polycliniqueplus.com\/de\/wp-json\/wp\/v2\/media?parent=14205"}],"curies":[{"name":"wp","href":"https:\/\/api.w.org\/{rel}","templated":true}]}}