{"id":14156,"date":"2018-02-07T16:00:18","date_gmt":"2018-02-07T15:00:18","guid":{"rendered":"https:\/\/www.polycliniqueplus.com\/lasik-tuerkei-augenchirurgie-augenchirurgie\/"},"modified":"2023-01-16T10:46:52","modified_gmt":"2023-01-16T09:46:52","slug":"lasik-tuerkei","status":"publish","type":"page","link":"https:\/\/www.polycliniqueplus.com\/de\/lasik-tuerkei\/","title":{"rendered":"Lasik T\u00fcrkei: Augenchirurgie, Augenchirurgie"},"content":{"rendered":"<div data-elementor-type=\"wp-page\" data-elementor-id=\"14156\" class=\"elementor elementor-14156 elementor-1671\" data-elementor-settings=\"{&quot;ha_cmc_init_switcher&quot;:&quot;no&quot;}\">\n\t\t\t\t\t\t<section class=\"elementor-section elementor-top-section elementor-element elementor-element-49aa2a2 elementor-section-content-middle elementor-section-boxed elementor-section-height-default elementor-section-height-default\" data-id=\"49aa2a2\" data-element_type=\"section\" data-settings=\"{&quot;_ha_eqh_enable&quot;:false}\">\n\t\t\t\t\t\t<div class=\"elementor-container elementor-column-gap-default\">\n\t\t\t\t\t<div class=\"elementor-column elementor-col-50 elementor-top-column elementor-element elementor-element-4011223\" data-id=\"4011223\" data-element_type=\"column\">\n\t\t\t<div class=\"elementor-widget-wrap elementor-element-populated\">\n\t\t\t\t\t\t<div class=\"elementor-element elementor-element-f233316 elementor-widget elementor-widget-text-editor\" data-id=\"f233316\" data-element_type=\"widget\" data-widget_type=\"text-editor.default\">\n\t\t\t\t<div class=\"elementor-widget-container\">\n\t\t\t\t\t\t\tDie <strong>Lasik<\/strong> in <strong>der T\u00fcrkei<\/strong>, die eigentlich Laser in situ Keratomileusis bedeutet, beruht eigentlich auf einem Eingriff der <strong>PRK-Chirurgie zur Korrektur von Augenanomalien<\/strong>. Denn bei diesem Eingriff schneidet der Chirurg einen Teil der Hornhautlamelle ab.\nDieser Schnitt kann manuell mit einem Mikrokeratom oder mithilfe von Ultraschall (Phakoemulsifikation) durchgef\u00fchrt werden.\nAnschlie\u00dfend wird eine Photoablation mit einem Excimer-Laser durchgef\u00fchrt. Mit dem Eingriff sollen F\u00e4lle von <strong>Kurzsichtigkeit<\/strong>,<strong>Weitsichtigkeit<\/strong> oder<strong>Astigmatismus<\/strong> korrigiert werden.\n<h2>Preis lasik in der T\u00fcrkei<\/h2>\nDer<strong> Preis f\u00fcr eine Lasik in der T\u00fcrkei<\/strong> ist f\u00fcr alle Patienten erschwinglich, da sie <strong>online<\/strong> einen kostenlosen <strong>Kostenvoranschlag<\/strong> erhalten k\u00f6nnen. Es ist m\u00f6glich, mit diesem Eingriff Folgendes zu kombinieren <a href=\"https:\/\/www.polycliniqueplus.com\/de\/katarakt-operation-tuerkei\/\">\n<strong>eine Kataraktoperation<\/strong>\n<\/a> oder anderen Eingriffen der <strong>Augenchirurgie<\/strong>.\t\t\t\t\t\t<\/div>\n\t\t\t\t<\/div>\n\t\t\t\t\t<\/div>\n\t\t<\/div>\n\t\t\t\t<div class=\"elementor-column elementor-col-50 elementor-top-column elementor-element elementor-element-f81bdfe\" data-id=\"f81bdfe\" data-element_type=\"column\">\n\t\t\t<div class=\"elementor-widget-wrap elementor-element-populated\">\n\t\t\t\t\t\t<div class=\"elementor-element elementor-element-b896f40 elementor-widget elementor-widget-image\" data-id=\"b896f40\" data-element_type=\"widget\" data-widget_type=\"image.default\">\n\t\t\t\t<div class=\"elementor-widget-container\">\n\t\t\t\t\t\t\t\t\t\t\t\t\t<noscript><img fetchpriority=\"high\" decoding=\"async\" width=\"574\" height=\"586\" src=\"https:\/\/www.polycliniqueplus.com\/wp-content\/uploads\/2021\/03\/Lasik_Turquie.jpg\" class=\"attachment-large size-large wp-image-12675\" alt srcset=\"https:\/\/www.polycliniqueplus.com\/wp-content\/uploads\/2021\/03\/Lasik_Turquie.jpg 574w, https:\/\/www.polycliniqueplus.com\/wp-content\/uploads\/2021\/03\/Lasik_Turquie-294x300.jpg 294w\" sizes=\"(max-width: 574px) 100vw, 574px\"><\/noscript><img fetchpriority=\"high\" decoding=\"async\" width=\"574\" height=\"586\" src=\"data:image\/svg+xml,%3Csvg%20xmlns%3D%22http%3A%2F%2Fwww.w3.org%2F2000%2Fsvg%22%20viewBox%3D%220%200%20574%20586%22%3E%3C%2Fsvg%3E\" class=\"attachment-large size-large wp-image-12675 lazyload\" alt srcset=\"data:image\/svg+xml,%3Csvg%20xmlns%3D%22http%3A%2F%2Fwww.w3.org%2F2000%2Fsvg%22%20viewBox%3D%220%200%20574%20586%22%3E%3C%2Fsvg%3E 574w\" sizes=\"(max-width: 574px) 100vw, 574px\" data-srcset=\"https:\/\/www.polycliniqueplus.com\/wp-content\/uploads\/2021\/03\/Lasik_Turquie.jpg 574w, https:\/\/www.polycliniqueplus.com\/wp-content\/uploads\/2021\/03\/Lasik_Turquie-294x300.jpg 294w\" data-src=\"https:\/\/www.polycliniqueplus.com\/wp-content\/uploads\/2021\/03\/Lasik_Turquie.jpg\">\t\t\t\t\t\t\t\t\t\t\t\t\t<\/div>\n\t\t\t\t<\/div>\n\t\t\t\t\t<\/div>\n\t\t<\/div>\n\t\t\t\t\t<\/div>\n\t\t<\/section>\n\t\t\t\t<section class=\"elementor-section elementor-top-section elementor-element elementor-element-8f17ec3 elementor-section-boxed elementor-section-height-default elementor-section-height-default\" data-id=\"8f17ec3\" data-element_type=\"section\" data-settings=\"{&quot;background_background&quot;:&quot;classic&quot;,&quot;_ha_eqh_enable&quot;:false}\">\n\t\t\t\t\t\t<div class=\"elementor-container elementor-column-gap-default\">\n\t\t\t\t\t<div class=\"elementor-column elementor-col-100 elementor-top-column elementor-element elementor-element-88dc380\" data-id=\"88dc380\" data-element_type=\"column\">\n\t\t\t<div class=\"elementor-widget-wrap elementor-element-populated\">\n\t\t\t\t\t\t<div class=\"elementor-element elementor-element-d3ad05a elementor-widget elementor-widget-text-editor\" data-id=\"d3ad05a\" data-element_type=\"widget\" data-widget_type=\"text-editor.default\">\n\t\t\t\t<div class=\"elementor-widget-container\">\n\t\t\t\t\t\t\t<style>\nhtml body a.whatsapp-button {\n    display: inline-block;\n    background-color: #25D366;\n    font-size: 16px;\n    font-weight: bold;\n    padding: 12px 20px;\n    text-align: center;\n    text-decoration: none;\n    border-radius: 5px;\n    box-shadow: 0 4px 6px rgba(0, 0, 0, 0.1);\n    transition: background-color 0.3s ease, transform 0.2s ease;\n    color: white!important;\n}\n\n.whatsapp-button:hover {\n    background-color: #1EBE54;\n    transform: translateY(-2px);\n}\n\n.whatsapp-button:active {\n    transform: translateY(0);\n}\n\n.align_center {\n    display: block;\n    text-align: center;\n    padding: 30px 0px;\n}\n\n<\/style>\n<div class=\"align_center\">\n<a href=\"https:\/\/api.whatsapp.com\/send?phone=+33635235712&amp;&amp;text=Hallo, ich w\u00fcrde gerne Ihre Interventionen und Preise kennenlernen!\" class=\"whatsapp-button\" target=\"_blank\">\n    Klicken Sie f\u00fcr ein kostenloses Whatsapp-Angebot\n<\/a>\n<\/div>\t\t\t\t\t\t<\/div>\n\t\t\t\t<\/div>\n\t\t\t\t\t<\/div>\n\t\t<\/div>\n\t\t\t\t\t<\/div>\n\t\t<\/section>\n\t\t\t\t<section class=\"elementor-section elementor-top-section elementor-element elementor-element-e2b6b49 elementor-section-content-middle elementor-section-boxed elementor-section-height-default elementor-section-height-default\" data-id=\"e2b6b49\" data-element_type=\"section\" data-settings=\"{&quot;_ha_eqh_enable&quot;:false}\">\n\t\t\t\t\t\t<div class=\"elementor-container elementor-column-gap-default\">\n\t\t\t\t\t<div class=\"elementor-column elementor-col-50 elementor-top-column elementor-element elementor-element-48ab007\" data-id=\"48ab007\" data-element_type=\"column\">\n\t\t\t<div class=\"elementor-widget-wrap elementor-element-populated\">\n\t\t\t\t\t\t<div class=\"elementor-element elementor-element-fe4f499 elementor-widget elementor-widget-text-editor\" data-id=\"fe4f499\" data-element_type=\"widget\" data-widget_type=\"text-editor.default\">\n\t\t\t\t<div class=\"elementor-widget-container\">\n\t\t\t\t\t\t\t<h2>Ablauf der Lasik<\/h2>\n<p>Der Eingriff beginnt mit dem Einsetzen eines Lidspalters. Dann wird die epitheliale Oberfl\u00e4che der Hornhaut markiert. Man setzt den Saugring ein und nutzt die Aplanationstonometrie, um zu best\u00e4tigen, dass der Augeninnendruck \u00fcber 65 mm Hg liegt. Dann wird mithilfe einer <strong>Abflachungslinse<\/strong> der Durchmesser des Schnitts durch das Mikrokeratom gesch\u00e4tzt, mit dem der Flap dann seziert werden kann. Es wird eine Lamelle der Hornhaut von 150 bis 160 Mikrometer angestrebt.<br>Nachdem der Chirurg den Flap evakuiert und die verbleibende Dicke des Stroma \u00fcberpr\u00fcft hat, f\u00fchrt er eine <strong>Photoablation mit einem Excimer-Laser<\/strong> \u00fcber der Pupillenmitte durch.  <br>Nach dieser Abtragung wird die Haube wieder auf das Stromalbett gesetzt. Schlie\u00dflich werden die Fragmente durch Absaugen mithilfe einer Mikrosonde entfernt. Die Abdeckung haftet, sodass man den Lidschattenspreizer entfernen kann.<br>Die <strong>Lasik<\/strong> wird <strong>unter \u00f6rtlicher Bet\u00e4ubung<\/strong> durch Eintr\u00e4ufeln von Bet\u00e4ubungstropfen durchgef\u00fchrt. <strong>Der Eingriff dauert etwa 30 Minuten<\/strong>.<\/p>\n\t\t\t\t\t\t<\/div>\n\t\t\t\t<\/div>\n\t\t\t\t\t<\/div>\n\t\t<\/div>\n\t\t\t\t<div class=\"elementor-column elementor-col-50 elementor-top-column elementor-element elementor-element-9670615\" data-id=\"9670615\" data-element_type=\"column\">\n\t\t\t<div class=\"elementor-widget-wrap elementor-element-populated\">\n\t\t\t\t\t\t<div class=\"elementor-element elementor-element-7ae39f4 elementor-widget elementor-widget-image\" data-id=\"7ae39f4\" data-element_type=\"widget\" data-widget_type=\"image.default\">\n\t\t\t\t<div class=\"elementor-widget-container\">\n\t\t\t\t\t\t\t\t\t\t\t\t\t<noscript><img decoding=\"async\" width=\"574\" height=\"586\" src=\"https:\/\/www.polycliniqueplus.com\/wp-content\/uploads\/2021\/03\/deroulement-lasik.jpg\" class=\"attachment-large size-large wp-image-12676\" alt srcset=\"https:\/\/www.polycliniqueplus.com\/wp-content\/uploads\/2021\/03\/deroulement-lasik.jpg 574w, https:\/\/www.polycliniqueplus.com\/wp-content\/uploads\/2021\/03\/deroulement-lasik-294x300.jpg 294w\" sizes=\"(max-width: 574px) 100vw, 574px\"><\/noscript><img decoding=\"async\" width=\"574\" height=\"586\" src=\"data:image\/svg+xml,%3Csvg%20xmlns%3D%22http%3A%2F%2Fwww.w3.org%2F2000%2Fsvg%22%20viewBox%3D%220%200%20574%20586%22%3E%3C%2Fsvg%3E\" class=\"attachment-large size-large wp-image-12676 lazyload\" alt srcset=\"data:image\/svg+xml,%3Csvg%20xmlns%3D%22http%3A%2F%2Fwww.w3.org%2F2000%2Fsvg%22%20viewBox%3D%220%200%20574%20586%22%3E%3C%2Fsvg%3E 574w\" sizes=\"(max-width: 574px) 100vw, 574px\" data-srcset=\"https:\/\/www.polycliniqueplus.com\/wp-content\/uploads\/2021\/03\/deroulement-lasik.jpg 574w, https:\/\/www.polycliniqueplus.com\/wp-content\/uploads\/2021\/03\/deroulement-lasik-294x300.jpg 294w\" data-src=\"https:\/\/www.polycliniqueplus.com\/wp-content\/uploads\/2021\/03\/deroulement-lasik.jpg\">\t\t\t\t\t\t\t\t\t\t\t\t\t<\/div>\n\t\t\t\t<\/div>\n\t\t\t\t\t<\/div>\n\t\t<\/div>\n\t\t\t\t\t<\/div>\n\t\t<\/section>\n\t\t\t\t<section class=\"elementor-section elementor-top-section elementor-element elementor-element-fdd90bf elementor-section-boxed elementor-section-height-default elementor-section-height-default\" data-id=\"fdd90bf\" data-element_type=\"section\" data-settings=\"{&quot;background_background&quot;:&quot;classic&quot;,&quot;_ha_eqh_enable&quot;:false}\">\n\t\t\t\t\t\t<div class=\"elementor-container elementor-column-gap-default\">\n\t\t\t\t\t<div class=\"elementor-column elementor-col-100 elementor-top-column elementor-element elementor-element-db1102b\" data-id=\"db1102b\" data-element_type=\"column\">\n\t\t\t<div class=\"elementor-widget-wrap elementor-element-populated\">\n\t\t\t\t\t\t<div class=\"elementor-element elementor-element-7bf0bab elementor-widget elementor-widget-heading\" data-id=\"7bf0bab\" data-element_type=\"widget\" data-widget_type=\"heading.default\">\n\t\t\t\t<div class=\"elementor-widget-container\">\n\t\t\t<h4 class=\"elementor-heading-title elementor-size-default\">SCHNELLER UND 100% KOSTENLOSER ONLINE-KOSTENVORANSCHLAG<\/h4>\t\t<\/div>\n\t\t\t\t<\/div>\n\t\t\t\t<div class=\"elementor-element elementor-element-002825c elementor-align-center elementor-widget elementor-widget-button\" data-id=\"002825c\" data-element_type=\"widget\" data-widget_type=\"button.default\">\n\t\t\t\t<div class=\"elementor-widget-container\">\n\t\t\t\t\t<div class=\"elementor-button-wrapper\">\n\t\t\t<a class=\"elementor-button elementor-button-link elementor-size-sm\" href=\"https:\/\/www.polycliniqueplus.com\/de\/kostenvoranschlag\/\">\n\t\t\t\t\t\t<span class=\"elementor-button-content-wrapper\">\n\t\t\t\t\t\t<span class=\"elementor-button-icon\">\n\t\t\t\t<i aria-hidden=\"true\" class=\"fas fa-arrow-right\"><\/i>\t\t\t<\/span>\n\t\t\t\t\t\t\t\t\t<span class=\"elementor-button-text\">Express-Kostenvoranschlag<\/span>\n\t\t\t\t\t<\/span>\n\t\t\t\t\t<\/a>\n\t\t<\/div>\n\t\t\t\t<\/div>\n\t\t\t\t<\/div>\n\t\t\t\t\t<\/div>\n\t\t<\/div>\n\t\t\t\t\t<\/div>\n\t\t<\/section>\n\t\t\t\t<section class=\"elementor-section elementor-top-section elementor-element elementor-element-14c32cfc elementor-section-boxed elementor-section-height-default elementor-section-height-default\" data-id=\"14c32cfc\" data-element_type=\"section\" data-settings=\"{&quot;_ha_eqh_enable&quot;:false}\">\n\t\t\t\t\t\t<div class=\"elementor-container elementor-column-gap-default\">\n\t\t\t\t\t<div class=\"elementor-column elementor-col-100 elementor-top-column elementor-element elementor-element-19a8f7cc\" data-id=\"19a8f7cc\" data-element_type=\"column\">\n\t\t\t<div class=\"elementor-widget-wrap elementor-element-populated\">\n\t\t\t\t\t\t<div class=\"elementor-element elementor-element-5a54c2e3 elementor-widget elementor-widget-text-editor\" data-id=\"5a54c2e3\" data-element_type=\"widget\" data-widget_type=\"text-editor.default\">\n\t\t\t\t<div class=\"elementor-widget-container\">\n\t\t\t\t\t\t\t\n<h2>Folgen der Lasik-Operation<\/h2>\nDie <strong>Nachsorge nach einer Lasik-Operation<\/strong> besteht aus Acetaminophen-Tabletten und antibiotischen Tropfen, die viermal t\u00e4glich eingefl\u00f6\u00dft werden. Au\u00dferdem werden entz\u00fcndungshemmende Augentropfen verschrieben.\n\nDer Patient kann bereits am n\u00e4chsten Tag seine Aktivit\u00e4ten wieder aufnehmen. Er muss darauf achten, dass er sich nicht die Augen reibt.\n<h2>Lasik-Ergebnisse<\/h2>\nIn Bezug auf die Ergebnisse kann man z. B. bei der Behandlung von Myopie mit &#8211; 4 Diotropie durch Lasik am Tag nach dem Eingriff eine Sehsch\u00e4rfe von 6\/7,5 erwarten. Das hei\u00dft, dass mehr als 90 % des Ergebnisses bereits am n\u00e4chsten Tag erzielt werden. Au\u00dferdem scheint <strong>Lasik<\/strong> bei der Behandlung von Myopie in Verbindung mit Astigmatismus wirksamer zu sein als PRK.\t\t\t\t\t\t<\/div>\n\t\t\t\t<\/div>\n\t\t\t\t\t<\/div>\n\t\t<\/div>\n\t\t\t\t\t<\/div>\n\t\t<\/section>\n\t\t\t\t<\/div>\n\t\t","protected":false},"excerpt":{"rendered":"<p>Die Lasik in der T\u00fcrkei, die eigentlich Laser in situ Keratomileusis bedeutet, beruht eigentlich auf einem Eingriff der PRK-Chirurgie zur Korrektur von Augenanomalien. Denn bei diesem Eingriff schneidet der Chirurg einen Teil der Hornhautlamelle ab. Dieser Schnitt kann manuell mit einem Mikrokeratom oder mithilfe von Ultraschall (Phakoemulsifikation) durchgef\u00fchrt werden. Anschlie\u00dfend wird eine Photoablation mit einem [&hellip;]<\/p>\n","protected":false},"author":2,"featured_media":12465,"parent":0,"menu_order":0,"comment_status":"closed","ping_status":"closed","template":"","meta":{"footnotes":""},"class_list":["post-14156","page","type-page","status-publish","has-post-thumbnail","hentry"],"yoast_head":"<!-- This site is optimized with the Yoast SEO plugin v27.3 - https:\/\/yoast.com\/product\/yoast-seo-wordpress\/ -->\n<title>Lasik T\u00fcrkei: Preis Augenchirurgie, Augenchirurgie<\/title>\n<meta name=\"description\" content=\"Lasik T\u00fcrkei: fortschrittlichste und am wenigsten invasive Technologie in der Lasik-Augenchirurgie, umfassende ophthalmologische Dienstleistungen f\u00fcr Katarakte. Fordern Sie einen kostenlosen Kostenvoranschlag an.\" \/>\n<meta name=\"robots\" content=\"index, follow, max-snippet:-1, max-video-preview:-1, noimageindex\" \/>\n<link rel=\"canonical\" href=\"https:\/\/www.polycliniqueplus.com\/de\/lasik-tuerkei\/\" \/>\n<meta property=\"og:locale\" content=\"de_DE\" \/>\n<meta property=\"og:type\" content=\"article\" \/>\n<meta property=\"og:title\" content=\"Lasik T\u00fcrkei: Preis Augenchirurgie, Augenchirurgie\" \/>\n<meta property=\"og:description\" content=\"Lasik T\u00fcrkei: fortschrittlichste und am wenigsten invasive Technologie in der Lasik-Augenchirurgie, umfassende ophthalmologische Dienstleistungen f\u00fcr Katarakte. Fordern Sie einen kostenlosen Kostenvoranschlag an.\" \/>\n<meta property=\"og:url\" content=\"https:\/\/www.polycliniqueplus.com\/de\/lasik-tuerkei\/\" \/>\n<meta property=\"og:site_name\" content=\"Chirurgie esthetique Turquie : Prix interventions meilleures cliniques Istanbul\" \/>\n<meta property=\"article:publisher\" content=\"https:\/\/www.facebook.com\/polycliniqueplus\" \/>\n<meta property=\"article:modified_time\" content=\"2023-01-16T09:46:52+00:00\" \/>\n<meta property=\"og:image\" content=\"https:\/\/www.polycliniqueplus.com\/wp-content\/uploads\/2018\/02\/Lasik-Tunisie.jpg\" \/>\n\t<meta property=\"og:image:width\" content=\"980\" \/>\n\t<meta property=\"og:image:height\" content=\"370\" \/>\n\t<meta property=\"og:image:type\" content=\"image\/jpeg\" \/>\n<meta name=\"twitter:card\" content=\"summary_large_image\" \/>\n<meta name=\"twitter:site\" content=\"@polyclinique1\" \/>\n<meta name=\"twitter:label1\" content=\"Gesch\u00e4tzte Lesezeit\" \/>\n\t<meta name=\"twitter:data1\" content=\"3\u00a0Minuten\" \/>\n<script type=\"application\/ld+json\" class=\"yoast-schema-graph\">{\"@context\":\"https:\\\/\\\/schema.org\",\"@graph\":[{\"@type\":\"WebPage\",\"@id\":\"https:\\\/\\\/www.polycliniqueplus.com\\\/de\\\/lasik-tuerkei\\\/\",\"url\":\"https:\\\/\\\/www.polycliniqueplus.com\\\/de\\\/lasik-tuerkei\\\/\",\"name\":\"Lasik T\u00fcrkei: Preis Augenchirurgie, Augenchirurgie\",\"isPartOf\":{\"@id\":\"https:\\\/\\\/www.polycliniqueplus.com\\\/de\\\/#website\"},\"primaryImageOfPage\":{\"@id\":\"https:\\\/\\\/www.polycliniqueplus.com\\\/de\\\/lasik-tuerkei\\\/#primaryimage\"},\"image\":{\"@id\":\"https:\\\/\\\/www.polycliniqueplus.com\\\/de\\\/lasik-tuerkei\\\/#primaryimage\"},\"thumbnailUrl\":\"https:\\\/\\\/www.polycliniqueplus.com\\\/wp-content\\\/uploads\\\/2018\\\/02\\\/Lasik-Tunisie.jpg\",\"datePublished\":\"2018-02-07T15:00:18+00:00\",\"dateModified\":\"2023-01-16T09:46:52+00:00\",\"description\":\"Lasik T\u00fcrkei: fortschrittlichste und am wenigsten invasive Technologie in der Lasik-Augenchirurgie, umfassende ophthalmologische Dienstleistungen f\u00fcr Katarakte. Fordern Sie einen kostenlosen Kostenvoranschlag an.\",\"breadcrumb\":{\"@id\":\"https:\\\/\\\/www.polycliniqueplus.com\\\/de\\\/lasik-tuerkei\\\/#breadcrumb\"},\"inLanguage\":\"de\",\"potentialAction\":[{\"@type\":\"ReadAction\",\"target\":[\"https:\\\/\\\/www.polycliniqueplus.com\\\/de\\\/lasik-tuerkei\\\/\"]}]},{\"@type\":\"ImageObject\",\"inLanguage\":\"de\",\"@id\":\"https:\\\/\\\/www.polycliniqueplus.com\\\/de\\\/lasik-tuerkei\\\/#primaryimage\",\"url\":\"https:\\\/\\\/www.polycliniqueplus.com\\\/wp-content\\\/uploads\\\/2018\\\/02\\\/Lasik-Tunisie.jpg\",\"contentUrl\":\"https:\\\/\\\/www.polycliniqueplus.com\\\/wp-content\\\/uploads\\\/2018\\\/02\\\/Lasik-Tunisie.jpg\",\"width\":980,\"height\":370},{\"@type\":\"BreadcrumbList\",\"@id\":\"https:\\\/\\\/www.polycliniqueplus.com\\\/de\\\/lasik-tuerkei\\\/#breadcrumb\",\"itemListElement\":[{\"@type\":\"ListItem\",\"position\":1,\"name\":\"Accueil\",\"item\":\"https:\\\/\\\/www.polycliniqueplus.com\\\/de\\\/\"},{\"@type\":\"ListItem\",\"position\":2,\"name\":\"Lasik T\u00fcrkei: Augenchirurgie, Augenchirurgie\"}]},{\"@type\":\"WebSite\",\"@id\":\"https:\\\/\\\/www.polycliniqueplus.com\\\/de\\\/#website\",\"url\":\"https:\\\/\\\/www.polycliniqueplus.com\\\/de\\\/\",\"name\":\"Chirurgie esthetique Turquie : Prix interventions meilleures cliniques Istanbul\",\"description\":\"Chirurgie esthetique Turquie prix pas cher\",\"publisher\":{\"@id\":\"https:\\\/\\\/www.polycliniqueplus.com\\\/de\\\/#organization\"},\"potentialAction\":[{\"@type\":\"SearchAction\",\"target\":{\"@type\":\"EntryPoint\",\"urlTemplate\":\"https:\\\/\\\/www.polycliniqueplus.com\\\/de\\\/?s={search_term_string}\"},\"query-input\":{\"@type\":\"PropertyValueSpecification\",\"valueRequired\":true,\"valueName\":\"search_term_string\"}}],\"inLanguage\":\"de\"},{\"@type\":\"Organization\",\"@id\":\"https:\\\/\\\/www.polycliniqueplus.com\\\/de\\\/#organization\",\"name\":\"Polycliniqueplus chirurgie esthetique Turquie\",\"url\":\"https:\\\/\\\/www.polycliniqueplus.com\\\/de\\\/\",\"logo\":{\"@type\":\"ImageObject\",\"inLanguage\":\"de\",\"@id\":\"https:\\\/\\\/www.polycliniqueplus.com\\\/de\\\/#\\\/schema\\\/logo\\\/image\\\/\",\"url\":\"https:\\\/\\\/www.polycliniqueplus.com\\\/wp-content\\\/uploads\\\/2021\\\/03\\\/cropped-add-box-fill.png\",\"contentUrl\":\"https:\\\/\\\/www.polycliniqueplus.com\\\/wp-content\\\/uploads\\\/2021\\\/03\\\/cropped-add-box-fill.png\",\"width\":512,\"height\":512,\"caption\":\"Polycliniqueplus chirurgie esthetique Turquie\"},\"image\":{\"@id\":\"https:\\\/\\\/www.polycliniqueplus.com\\\/de\\\/#\\\/schema\\\/logo\\\/image\\\/\"},\"sameAs\":[\"https:\\\/\\\/www.facebook.com\\\/polycliniqueplus\",\"https:\\\/\\\/x.com\\\/polyclinique1\",\"https:\\\/\\\/www.youtube.com\\\/channel\\\/UCAnK3TORJqflIuYGFa-JQDw\"]}]}<\/script>\n<!-- \/ Yoast SEO plugin. -->","yoast_head_json":{"title":"Lasik T\u00fcrkei: Preis Augenchirurgie, Augenchirurgie","description":"Lasik T\u00fcrkei: fortschrittlichste und am wenigsten invasive Technologie in der Lasik-Augenchirurgie, umfassende ophthalmologische Dienstleistungen f\u00fcr Katarakte. Fordern Sie einen kostenlosen Kostenvoranschlag an.","robots":{"index":"index","follow":"follow","max-snippet":"max-snippet:-1","max-video-preview":"max-video-preview:-1","imageindex":"noimageindex"},"canonical":"https:\/\/www.polycliniqueplus.com\/de\/lasik-tuerkei\/","og_locale":"de_DE","og_type":"article","og_title":"Lasik T\u00fcrkei: Preis Augenchirurgie, Augenchirurgie","og_description":"Lasik T\u00fcrkei: fortschrittlichste und am wenigsten invasive Technologie in der Lasik-Augenchirurgie, umfassende ophthalmologische Dienstleistungen f\u00fcr Katarakte. Fordern Sie einen kostenlosen Kostenvoranschlag an.","og_url":"https:\/\/www.polycliniqueplus.com\/de\/lasik-tuerkei\/","og_site_name":"Chirurgie esthetique Turquie : Prix interventions meilleures cliniques Istanbul","article_publisher":"https:\/\/www.facebook.com\/polycliniqueplus","article_modified_time":"2023-01-16T09:46:52+00:00","og_image":[{"width":980,"height":370,"url":"https:\/\/www.polycliniqueplus.com\/wp-content\/uploads\/2018\/02\/Lasik-Tunisie.jpg","type":"image\/jpeg"}],"twitter_card":"summary_large_image","twitter_site":"@polyclinique1","twitter_misc":{"Gesch\u00e4tzte Lesezeit":"3\u00a0Minuten"},"schema":{"@context":"https:\/\/schema.org","@graph":[{"@type":"WebPage","@id":"https:\/\/www.polycliniqueplus.com\/de\/lasik-tuerkei\/","url":"https:\/\/www.polycliniqueplus.com\/de\/lasik-tuerkei\/","name":"Lasik T\u00fcrkei: Preis Augenchirurgie, Augenchirurgie","isPartOf":{"@id":"https:\/\/www.polycliniqueplus.com\/de\/#website"},"primaryImageOfPage":{"@id":"https:\/\/www.polycliniqueplus.com\/de\/lasik-tuerkei\/#primaryimage"},"image":{"@id":"https:\/\/www.polycliniqueplus.com\/de\/lasik-tuerkei\/#primaryimage"},"thumbnailUrl":"https:\/\/www.polycliniqueplus.com\/wp-content\/uploads\/2018\/02\/Lasik-Tunisie.jpg","datePublished":"2018-02-07T15:00:18+00:00","dateModified":"2023-01-16T09:46:52+00:00","description":"Lasik T\u00fcrkei: fortschrittlichste und am wenigsten invasive Technologie in der Lasik-Augenchirurgie, umfassende ophthalmologische Dienstleistungen f\u00fcr Katarakte. Fordern Sie einen kostenlosen Kostenvoranschlag an.","breadcrumb":{"@id":"https:\/\/www.polycliniqueplus.com\/de\/lasik-tuerkei\/#breadcrumb"},"inLanguage":"de","potentialAction":[{"@type":"ReadAction","target":["https:\/\/www.polycliniqueplus.com\/de\/lasik-tuerkei\/"]}]},{"@type":"ImageObject","inLanguage":"de","@id":"https:\/\/www.polycliniqueplus.com\/de\/lasik-tuerkei\/#primaryimage","url":"https:\/\/www.polycliniqueplus.com\/wp-content\/uploads\/2018\/02\/Lasik-Tunisie.jpg","contentUrl":"https:\/\/www.polycliniqueplus.com\/wp-content\/uploads\/2018\/02\/Lasik-Tunisie.jpg","width":980,"height":370},{"@type":"BreadcrumbList","@id":"https:\/\/www.polycliniqueplus.com\/de\/lasik-tuerkei\/#breadcrumb","itemListElement":[{"@type":"ListItem","position":1,"name":"Accueil","item":"https:\/\/www.polycliniqueplus.com\/de\/"},{"@type":"ListItem","position":2,"name":"Lasik T\u00fcrkei: Augenchirurgie, Augenchirurgie"}]},{"@type":"WebSite","@id":"https:\/\/www.polycliniqueplus.com\/de\/#website","url":"https:\/\/www.polycliniqueplus.com\/de\/","name":"Chirurgie esthetique Turquie : Prix interventions meilleures cliniques Istanbul","description":"Chirurgie esthetique Turquie prix pas cher","publisher":{"@id":"https:\/\/www.polycliniqueplus.com\/de\/#organization"},"potentialAction":[{"@type":"SearchAction","target":{"@type":"EntryPoint","urlTemplate":"https:\/\/www.polycliniqueplus.com\/de\/?s={search_term_string}"},"query-input":{"@type":"PropertyValueSpecification","valueRequired":true,"valueName":"search_term_string"}}],"inLanguage":"de"},{"@type":"Organization","@id":"https:\/\/www.polycliniqueplus.com\/de\/#organization","name":"Polycliniqueplus chirurgie esthetique Turquie","url":"https:\/\/www.polycliniqueplus.com\/de\/","logo":{"@type":"ImageObject","inLanguage":"de","@id":"https:\/\/www.polycliniqueplus.com\/de\/#\/schema\/logo\/image\/","url":"https:\/\/www.polycliniqueplus.com\/wp-content\/uploads\/2021\/03\/cropped-add-box-fill.png","contentUrl":"https:\/\/www.polycliniqueplus.com\/wp-content\/uploads\/2021\/03\/cropped-add-box-fill.png","width":512,"height":512,"caption":"Polycliniqueplus chirurgie esthetique Turquie"},"image":{"@id":"https:\/\/www.polycliniqueplus.com\/de\/#\/schema\/logo\/image\/"},"sameAs":["https:\/\/www.facebook.com\/polycliniqueplus","https:\/\/x.com\/polyclinique1","https:\/\/www.youtube.com\/channel\/UCAnK3TORJqflIuYGFa-JQDw"]}]}},"_links":{"self":[{"href":"https:\/\/www.polycliniqueplus.com\/de\/wp-json\/wp\/v2\/pages\/14156","targetHints":{"allow":["GET"]}}],"collection":[{"href":"https:\/\/www.polycliniqueplus.com\/de\/wp-json\/wp\/v2\/pages"}],"about":[{"href":"https:\/\/www.polycliniqueplus.com\/de\/wp-json\/wp\/v2\/types\/page"}],"author":[{"embeddable":true,"href":"https:\/\/www.polycliniqueplus.com\/de\/wp-json\/wp\/v2\/users\/2"}],"replies":[{"embeddable":true,"href":"https:\/\/www.polycliniqueplus.com\/de\/wp-json\/wp\/v2\/comments?post=14156"}],"version-history":[{"count":8,"href":"https:\/\/www.polycliniqueplus.com\/de\/wp-json\/wp\/v2\/pages\/14156\/revisions"}],"predecessor-version":[{"id":14198,"href":"https:\/\/www.polycliniqueplus.com\/de\/wp-json\/wp\/v2\/pages\/14156\/revisions\/14198"}],"wp:featuredmedia":[{"embeddable":true,"href":"https:\/\/www.polycliniqueplus.com\/de\/wp-json\/wp\/v2\/media\/12465"}],"wp:attachment":[{"href":"https:\/\/www.polycliniqueplus.com\/de\/wp-json\/wp\/v2\/media?parent=14156"}],"curies":[{"name":"wp","href":"https:\/\/api.w.org\/{rel}","templated":true}]}}