{"id":13693,"date":"2021-04-26T15:35:28","date_gmt":"2021-04-26T13:35:28","guid":{"rendered":"https:\/\/www.polycliniqueplus.com\/magenplikatur-tuerkei\/"},"modified":"2023-01-13T14:59:43","modified_gmt":"2023-01-13T13:59:43","slug":"magenplikatur-tuerkei","status":"publish","type":"page","link":"https:\/\/www.polycliniqueplus.com\/de\/magenplikatur-tuerkei\/","title":{"rendered":"Magenplikatur T\u00fcrkei"},"content":{"rendered":"<div data-elementor-type=\"wp-page\" data-elementor-id=\"13693\" class=\"elementor elementor-13693 elementor-6018\" data-elementor-settings=\"{&quot;ha_cmc_init_switcher&quot;:&quot;no&quot;}\">\n\t\t\t\t\t\t<section class=\"elementor-section elementor-top-section elementor-element elementor-element-23f9a0f elementor-section-boxed elementor-section-height-default elementor-section-height-default\" data-id=\"23f9a0f\" data-element_type=\"section\" data-settings=\"{&quot;_ha_eqh_enable&quot;:false}\">\n\t\t\t\t\t\t<div class=\"elementor-container elementor-column-gap-default\">\n\t\t\t\t\t<div class=\"elementor-column elementor-col-66 elementor-top-column elementor-element elementor-element-3efa47c\" data-id=\"3efa47c\" data-element_type=\"column\">\n\t\t\t<div class=\"elementor-widget-wrap elementor-element-populated\">\n\t\t\t\t\t\t<div class=\"elementor-element elementor-element-4135bcc elementor-widget elementor-widget-text-editor\" data-id=\"4135bcc\" data-element_type=\"widget\" data-widget_type=\"text-editor.default\">\n\t\t\t\t<div class=\"elementor-widget-container\">\n\t\t\t\t\t\t\tDie Magenfaltung T\u00fcrkei ist ein minimalinvasiver chirurgischer Eingriff zur Gewichtsabnahme. Der Chirurg f\u00fchrt die Magenfaltung laparoskopisch durch drei bis f\u00fcnf kleine Einschnitte durch. Der bariatrische Chirurg faltet dann die gro\u00dfe Kr\u00fcmmung des Magens nach innen und tackert den Magen, damit er gefaltet bleibt. Dies verringert im Wesentlichen die Kapazit\u00e4t des Magens und schr\u00e4nkt die Nahrungsaufnahme aufgrund der geringen Gr\u00f6\u00dfe des Magens ein.\n\n\t\t\t\t\t\t<\/div>\n\t\t\t\t<\/div>\n\t\t\t\t<div class=\"elementor-element elementor-element-09f4fe4 elementor-widget elementor-widget-text-editor\" data-id=\"09f4fe4\" data-element_type=\"widget\" data-widget_type=\"text-editor.default\">\n\t\t\t\t<div class=\"elementor-widget-container\">\n\t\t\t\t\t\t\tAuch bekannt als Abfaltung der gro\u00dfen Kr\u00fcmmung, ist diese bariatrische Operation streng restriktiv wie die <a href=\"https:\/\/www.polycliniqueplus.com\/de\/sleeve-tuerkei\/\" target=\"_blank\" rel=\"noopener\">Sleeve-Gastrektomie<\/a>, jedoch ohne Entfernung des Magenteils. Sie ist reversibel, abh\u00e4ngig von der Heilung des Magens und der Zeit, die nach der Abknickungsoperation vergeht.\t\t\t\t\t\t<\/div>\n\t\t\t\t<\/div>\n\t\t\t\t\t<\/div>\n\t\t<\/div>\n\t\t\t\t<div class=\"elementor-column elementor-col-33 elementor-top-column elementor-element elementor-element-a3b4002\" data-id=\"a3b4002\" data-element_type=\"column\">\n\t\t\t<div class=\"elementor-widget-wrap elementor-element-populated\">\n\t\t\t\t\t\t<div class=\"elementor-element elementor-element-9334656 elementor-widget elementor-widget-image\" data-id=\"9334656\" data-element_type=\"widget\" data-widget_type=\"image.default\">\n\t\t\t\t<div class=\"elementor-widget-container\">\n\t\t\t\t\t\t\t\t\t\t\t\t\t<noscript><img fetchpriority=\"high\" decoding=\"async\" width=\"574\" height=\"586\" src=\"https:\/\/www.polycliniqueplus.com\/wp-content\/uploads\/2021\/04\/plicature-gastrique-turquie.jpg\" class=\"attachment-large size-large wp-image-12712\" alt srcset=\"https:\/\/www.polycliniqueplus.com\/wp-content\/uploads\/2021\/04\/plicature-gastrique-turquie.jpg 574w, https:\/\/www.polycliniqueplus.com\/wp-content\/uploads\/2021\/04\/plicature-gastrique-turquie-294x300.jpg 294w\" sizes=\"(max-width: 574px) 100vw, 574px\"><\/noscript><img fetchpriority=\"high\" decoding=\"async\" width=\"574\" height=\"586\" src=\"data:image\/svg+xml,%3Csvg%20xmlns%3D%22http%3A%2F%2Fwww.w3.org%2F2000%2Fsvg%22%20viewBox%3D%220%200%20574%20586%22%3E%3C%2Fsvg%3E\" class=\"attachment-large size-large wp-image-12712 lazyload\" alt srcset=\"data:image\/svg+xml,%3Csvg%20xmlns%3D%22http%3A%2F%2Fwww.w3.org%2F2000%2Fsvg%22%20viewBox%3D%220%200%20574%20586%22%3E%3C%2Fsvg%3E 574w\" sizes=\"(max-width: 574px) 100vw, 574px\" data-srcset=\"https:\/\/www.polycliniqueplus.com\/wp-content\/uploads\/2021\/04\/plicature-gastrique-turquie.jpg 574w, https:\/\/www.polycliniqueplus.com\/wp-content\/uploads\/2021\/04\/plicature-gastrique-turquie-294x300.jpg 294w\" data-src=\"https:\/\/www.polycliniqueplus.com\/wp-content\/uploads\/2021\/04\/plicature-gastrique-turquie.jpg\">\t\t\t\t\t\t\t\t\t\t\t\t\t<\/div>\n\t\t\t\t<\/div>\n\t\t\t\t\t<\/div>\n\t\t<\/div>\n\t\t\t\t\t<\/div>\n\t\t<\/section>\n\t\t\t\t<section class=\"elementor-section elementor-top-section elementor-element elementor-element-9637bfe elementor-section-boxed elementor-section-height-default elementor-section-height-default\" data-id=\"9637bfe\" data-element_type=\"section\" data-settings=\"{&quot;background_background&quot;:&quot;classic&quot;,&quot;_ha_eqh_enable&quot;:false}\">\n\t\t\t\t\t\t<div class=\"elementor-container elementor-column-gap-default\">\n\t\t\t\t\t<div class=\"elementor-column elementor-col-100 elementor-top-column elementor-element elementor-element-adc865a\" data-id=\"adc865a\" data-element_type=\"column\">\n\t\t\t<div class=\"elementor-widget-wrap elementor-element-populated\">\n\t\t\t\t\t\t<div class=\"elementor-element elementor-element-64ac6ab elementor-widget elementor-widget-text-editor\" data-id=\"64ac6ab\" data-element_type=\"widget\" data-widget_type=\"text-editor.default\">\n\t\t\t\t<div class=\"elementor-widget-container\">\n\t\t\t\t\t\t\t<style>\nhtml body a.whatsapp-button {\n    display: inline-block;\n    background-color: #25D366;\n    font-size: 16px;\n    font-weight: bold;\n    padding: 12px 20px;\n    text-align: center;\n    text-decoration: none;\n    border-radius: 5px;\n    box-shadow: 0 4px 6px rgba(0, 0, 0, 0.1);\n    transition: background-color 0.3s ease, transform 0.2s ease;\n    color: white!important;\n}\n\n.whatsapp-button:hover {\n    background-color: #1EBE54;\n    transform: translateY(-2px);\n}\n\n.whatsapp-button:active {\n    transform: translateY(0);\n}\n\n.align_center {\n    display: block;\n    text-align: center;\n    padding: 30px 0px;\n}\n\n<\/style>\n<div class=\"align_center\">\n<a href=\"https:\/\/api.whatsapp.com\/send?phone=+33635235712&amp;&amp;text=Hallo, ich w\u00fcrde gerne Ihre Interventionen und Preise kennenlernen!\" class=\"whatsapp-button\" target=\"_blank\">\n    Klicken Sie f\u00fcr ein kostenloses Whatsapp-Angebot\n<\/a>\n<\/div>\t\t\t\t\t\t<\/div>\n\t\t\t\t<\/div>\n\t\t\t\t\t<\/div>\n\t\t<\/div>\n\t\t\t\t\t<\/div>\n\t\t<\/section>\n\t\t\t\t<section class=\"elementor-section elementor-top-section elementor-element elementor-element-afecc9d elementor-section-boxed elementor-section-height-default elementor-section-height-default\" data-id=\"afecc9d\" data-element_type=\"section\" data-settings=\"{&quot;_ha_eqh_enable&quot;:false}\">\n\t\t\t\t\t\t<div class=\"elementor-container elementor-column-gap-default\">\n\t\t\t\t\t<div class=\"elementor-column elementor-col-100 elementor-top-column elementor-element elementor-element-a37f440\" data-id=\"a37f440\" data-element_type=\"column\">\n\t\t\t<div class=\"elementor-widget-wrap elementor-element-populated\">\n\t\t\t\t\t\t<div class=\"elementor-element elementor-element-2286cc8 elementor-widget elementor-widget-text-editor\" data-id=\"2286cc8\" data-element_type=\"widget\" data-widget_type=\"text-editor.default\">\n\t\t\t\t<div class=\"elementor-widget-container\">\n\t\t\t\t\t\t\t<h2>Vorteile der Magenfaltung<\/h2>\n<ul>\n \t<li>Durch die Magenfaltung wird der Verdauungstrakt einer Person nicht ver\u00e4ndert.<\/li>\n \t<li>Die reversible Magenfalte<\/li>\n \t<li>Erm\u00f6glicht es den Patienten, ein breites Spektrum an Nahrungsmitteln zu sich zu nehmen, was bei einem Magenbypass nicht m\u00f6glich ist.<\/li>\n \t<li>Erste Forschungsergebnisse deuten darauf hin, dass der Gewichtsverlust mit dem des Magenbypasses vergleichbar ist.<\/li>\n \t<li>Bei der Magenfaltung wird der Magen nicht dauerhaft durchtrennt.<\/li>\n<\/ul>\t\t\t\t\t\t<\/div>\n\t\t\t\t<\/div>\n\t\t\t\t\t<\/div>\n\t\t<\/div>\n\t\t\t\t\t<\/div>\n\t\t<\/section>\n\t\t\t\t<section class=\"elementor-section elementor-top-section elementor-element elementor-element-81ff801 elementor-section-boxed elementor-section-height-default elementor-section-height-default\" data-id=\"81ff801\" data-element_type=\"section\" data-settings=\"{&quot;_ha_eqh_enable&quot;:false}\">\n\t\t\t\t\t\t<div class=\"elementor-container elementor-column-gap-default\">\n\t\t\t\t\t<div class=\"elementor-column elementor-col-100 elementor-top-column elementor-element elementor-element-69d7ac3\" data-id=\"69d7ac3\" data-element_type=\"column\">\n\t\t\t<div class=\"elementor-widget-wrap elementor-element-populated\">\n\t\t\t\t\t\t<div class=\"elementor-element elementor-element-ed3707b elementor-widget elementor-widget-text-editor\" data-id=\"ed3707b\" data-element_type=\"widget\" data-widget_type=\"text-editor.default\">\n\t\t\t\t<div class=\"elementor-widget-container\">\n\t\t\t\t\t\t\t<h2>Wie wird die Magenfaltung durchgef\u00fchrt?<\/h2>\nW\u00e4hrend der Operation wird Ihr Chirurg zun\u00e4chst 3 bis 5 Einschnitte in den Bauch vornehmen, w\u00e4hrend Sie unter Narkose stehen. Der Chirurg wird ein Laparoskop oder eine kleine Videokamera einf\u00fchren, die den gesamten chirurgischen Vorgang steuert.\n\nDieser minimalinvasive Eingriff verk\u00fcrzt die Genesungszeit, da er einfach ist und keine Einschnitte erfordert. Bei der Magenfaltung wird eine Naht- und Falttechnik verwendet, bei der 1-3 Falten in den Magen gen\u00e4ht werden, um das Fassungsverm\u00f6gen des Magens um etwa 70 % zu verringern.\n\nDieser kleine Magen enth\u00e4lt viel weniger Nahrung, sodass Sie weniger essen, indem er sich schnell f\u00fcllt und Ihren Appetit z\u00fcgelt.\n\nDieser Eingriff erfordert kein Klammern oder Einschneiden des Magens und kann auch r\u00fcckg\u00e4ngig gemacht werden. Bei Bedarf kann sie auch in eine andere Art von Gewichtsverlust-Technik umgewandelt werden, wie einen <a href=\"https:\/\/www.polycliniqueplus.com\/de\/bypass-tuerkei\/\" target=\"_blank\" rel=\"noopener\">Magenbypass<\/a> oder ein <a href=\"https:\/\/www.polycliniqueplus.com\/de\/magenband-tuerkei\/\" target=\"_blank\" rel=\"noopener\">Magenband<\/a>.\n\n<b>Die Gesamtdauer des Eingriffs betr\u00e4gt etwa 1 bis 2 Stunden.<\/b>\t\t\t\t\t\t<\/div>\n\t\t\t\t<\/div>\n\t\t\t\t\t<\/div>\n\t\t<\/div>\n\t\t\t\t\t<\/div>\n\t\t<\/section>\n\t\t\t\t<section class=\"elementor-section elementor-top-section elementor-element elementor-element-50049e6 elementor-section-boxed elementor-section-height-default elementor-section-height-default\" data-id=\"50049e6\" data-element_type=\"section\" data-settings=\"{&quot;_ha_eqh_enable&quot;:false}\">\n\t\t\t\t\t\t<div class=\"elementor-container elementor-column-gap-default\">\n\t\t\t\t\t<div class=\"elementor-column elementor-col-100 elementor-top-column elementor-element elementor-element-c359d59\" data-id=\"c359d59\" data-element_type=\"column\">\n\t\t\t<div class=\"elementor-widget-wrap elementor-element-populated\">\n\t\t\t\t\t\t<div class=\"elementor-element elementor-element-438b64e elementor-widget elementor-widget-text-editor\" data-id=\"438b64e\" data-element_type=\"widget\" data-widget_type=\"text-editor.default\">\n\t\t\t\t<div class=\"elementor-widget-container\">\n\t\t\t\t\t\t\t<h2>Erholung und Pflege nach der Operation<\/h2>\n\n<p>Die Patienten sollten damit rechnen, nach dem Eingriff etwa zwei Tage lang in der Klinik zu bleiben. Der Arzt, das medizinische Team und die Krankenschwestern werden Ihre Genesung und den Heilungsprozess zwei bis drei Tage lang nach der Operation \u00fcberwachen. Er wird Ihnen Medikamente zur Verbesserung der Wundheilung, gegen \u00dcbelkeit, Schmerzen und Verstopfung verschreiben, die am besten auf Ihre Bed\u00fcrfnisse nach der Operation, die Nebenwirkungen und m\u00f6gliche Risiken abgestimmt sind.<\/p>\n\n<h2>Postoperative Di\u00e4t<\/h2>\n\n<p>Die gr\u00f6\u00dfte Herausforderung in der Genesungsphase besteht darin, sich an Ihre neuen Essgewohnheiten anzupassen. Die postoperative Di\u00e4t beginnt unmittelbar nach der Operation, beginnend mit der Phase der klaren Fl\u00fcssigdi\u00e4t f\u00fcr mindestens ein bis zwei Wochen. W\u00e4hrend dieser Zeit k\u00f6nnen Sie Milch, Obst, S\u00e4fte, Wasser und Sorbets trinken.<\/p>\n<p>Sie werden nach und nach beginnen, mehr Nahrungsmittel einzubauen, wenn Sie die zweite Phase mit dickfl\u00fcssigen und p\u00fcrierten Fl\u00fcssigkeiten nach zwei und weichen Nahrungsmitteln nach der Fl\u00fcssigdi\u00e4t durchlaufen.<\/p>\n<p>Nach 2 oder 3 Wochen sind die ersten Nahrungsmittel Suppe mit einem Minimum an Gem\u00fcse, Joghurt &#8230;.. Danach gehen Sie langsam zu fester Nahrung \u00fcber. Sie brauchen Zeit, um sich zu erholen und an die neue Gr\u00f6\u00dfe Ihres Magens anzupassen.<\/p>\n\n<p>Sobald Sie die Phase der festen Nahrung erreicht haben, d. h. 4 bis 6 Wochen nach der Operation, k\u00f6nnen Sie nur noch kleine Mengen Nahrung auf einmal zu sich nehmen. Wenn Sie an drei gro\u00dfe Mahlzeiten pro Tag gew\u00f6hnt sind, beginnen Sie, sich an f\u00fcnf oder sechs kleine Mahlzeiten \u00fcber den Tag verteilt zu gew\u00f6hnen.<\/p>\n<p>Jede Mahlzeit entspricht etwa vier L\u00f6ffeln gekauter Nahrung. Es dauert eine Weile, bis man sich an kleine Mengen gew\u00f6hnt hat und die Zeichen des S\u00e4ttigungsgef\u00fchls erkennt. Achten Sie darauf, langsam zu kauen und sich bei Ihren Mahlzeiten Zeit zu lassen, damit Ihr K\u00f6rper die Zeichen der S\u00e4ttigung zeigen kann. Wenn Sie zu viel essen, st\u00f6\u00dft Ihr K\u00f6rper die Nahrung ab und Sie erbrechen sich.<\/p>\n\t\t\t\t\t\t<\/div>\n\t\t\t\t<\/div>\n\t\t\t\t\t<\/div>\n\t\t<\/div>\n\t\t\t\t\t<\/div>\n\t\t<\/section>\n\t\t\t\t<\/div>\n\t\t","protected":false},"excerpt":{"rendered":"<p>Die Magenfaltung T\u00fcrkei ist ein minimalinvasiver chirurgischer Eingriff zur Gewichtsabnahme. Der Chirurg f\u00fchrt die Magenfaltung laparoskopisch durch drei bis f\u00fcnf kleine Einschnitte durch. Der bariatrische Chirurg faltet dann die gro\u00dfe Kr\u00fcmmung des Magens nach innen und tackert den Magen, damit er gefaltet bleibt. Dies verringert im Wesentlichen die Kapazit\u00e4t des Magens und schr\u00e4nkt die Nahrungsaufnahme [&hellip;]<\/p>\n","protected":false},"author":1,"featured_media":12712,"parent":0,"menu_order":0,"comment_status":"closed","ping_status":"closed","template":"","meta":{"footnotes":""},"class_list":["post-13693","page","type-page","status-publish","has-post-thumbnail","hentry"],"yoast_head":"<!-- This site is optimized with the Yoast SEO plugin v27.3 - https:\/\/yoast.com\/product\/yoast-seo-wordpress\/ -->\n<title>Magenplikatur T\u00fcrkei - Chirurgie esthetique Turquie : Prix interventions meilleures cliniques Istanbul<\/title>\n<meta name=\"description\" content=\"Magenplikatur T\u00fcrkei: Die minimalinvasive Magenplikatur ist eine ausgezeichnete Wahl f\u00fcr Patienten, die schwere bariatrische Operationstechniken wie Sleeve und Bypass nicht vertragen.\" \/>\n<meta name=\"robots\" content=\"index, follow, max-snippet:-1, max-image-preview:large, max-video-preview:-1\" \/>\n<link rel=\"canonical\" href=\"https:\/\/www.polycliniqueplus.com\/de\/magenplikatur-tuerkei\/\" \/>\n<meta property=\"og:locale\" content=\"de_DE\" \/>\n<meta property=\"og:type\" content=\"article\" \/>\n<meta property=\"og:title\" content=\"Magenplikatur T\u00fcrkei - Chirurgie esthetique Turquie : Prix interventions meilleures cliniques Istanbul\" \/>\n<meta property=\"og:description\" content=\"Magenplikatur T\u00fcrkei: Die minimalinvasive Magenplikatur ist eine ausgezeichnete Wahl f\u00fcr Patienten, die schwere bariatrische Operationstechniken wie Sleeve und Bypass nicht vertragen.\" \/>\n<meta property=\"og:url\" content=\"https:\/\/www.polycliniqueplus.com\/de\/magenplikatur-tuerkei\/\" \/>\n<meta property=\"og:site_name\" content=\"Chirurgie esthetique Turquie : Prix interventions meilleures cliniques Istanbul\" \/>\n<meta property=\"article:publisher\" content=\"https:\/\/www.facebook.com\/polycliniqueplus\" \/>\n<meta property=\"article:modified_time\" content=\"2023-01-13T13:59:43+00:00\" \/>\n<meta property=\"og:image\" content=\"https:\/\/www.polycliniqueplus.com\/wp-content\/uploads\/2021\/04\/plicature-gastrique-turquie.jpg\" \/>\n\t<meta property=\"og:image:width\" content=\"574\" \/>\n\t<meta property=\"og:image:height\" content=\"586\" \/>\n\t<meta property=\"og:image:type\" content=\"image\/jpeg\" \/>\n<meta name=\"twitter:card\" content=\"summary_large_image\" \/>\n<meta name=\"twitter:site\" content=\"@polyclinique1\" \/>\n<meta name=\"twitter:label1\" content=\"Gesch\u00e4tzte Lesezeit\" \/>\n\t<meta name=\"twitter:data1\" content=\"4\u00a0Minuten\" \/>\n<script type=\"application\/ld+json\" class=\"yoast-schema-graph\">{\"@context\":\"https:\\\/\\\/schema.org\",\"@graph\":[{\"@type\":\"WebPage\",\"@id\":\"https:\\\/\\\/www.polycliniqueplus.com\\\/de\\\/magenplikatur-tuerkei\\\/\",\"url\":\"https:\\\/\\\/www.polycliniqueplus.com\\\/de\\\/magenplikatur-tuerkei\\\/\",\"name\":\"Magenplikatur T\u00fcrkei - Chirurgie esthetique Turquie : Prix interventions meilleures cliniques Istanbul\",\"isPartOf\":{\"@id\":\"https:\\\/\\\/www.polycliniqueplus.com\\\/de\\\/#website\"},\"primaryImageOfPage\":{\"@id\":\"https:\\\/\\\/www.polycliniqueplus.com\\\/de\\\/magenplikatur-tuerkei\\\/#primaryimage\"},\"image\":{\"@id\":\"https:\\\/\\\/www.polycliniqueplus.com\\\/de\\\/magenplikatur-tuerkei\\\/#primaryimage\"},\"thumbnailUrl\":\"https:\\\/\\\/www.polycliniqueplus.com\\\/wp-content\\\/uploads\\\/2021\\\/04\\\/plicature-gastrique-turquie.jpg\",\"datePublished\":\"2021-04-26T13:35:28+00:00\",\"dateModified\":\"2023-01-13T13:59:43+00:00\",\"description\":\"Magenplikatur T\u00fcrkei: Die minimalinvasive Magenplikatur ist eine ausgezeichnete Wahl f\u00fcr Patienten, die schwere bariatrische Operationstechniken wie Sleeve und Bypass nicht vertragen.\",\"breadcrumb\":{\"@id\":\"https:\\\/\\\/www.polycliniqueplus.com\\\/de\\\/magenplikatur-tuerkei\\\/#breadcrumb\"},\"inLanguage\":\"de\",\"potentialAction\":[{\"@type\":\"ReadAction\",\"target\":[\"https:\\\/\\\/www.polycliniqueplus.com\\\/de\\\/magenplikatur-tuerkei\\\/\"]}]},{\"@type\":\"ImageObject\",\"inLanguage\":\"de\",\"@id\":\"https:\\\/\\\/www.polycliniqueplus.com\\\/de\\\/magenplikatur-tuerkei\\\/#primaryimage\",\"url\":\"https:\\\/\\\/www.polycliniqueplus.com\\\/wp-content\\\/uploads\\\/2021\\\/04\\\/plicature-gastrique-turquie.jpg\",\"contentUrl\":\"https:\\\/\\\/www.polycliniqueplus.com\\\/wp-content\\\/uploads\\\/2021\\\/04\\\/plicature-gastrique-turquie.jpg\",\"width\":574,\"height\":586,\"caption\":\"plicature-gastrique-turquie\"},{\"@type\":\"BreadcrumbList\",\"@id\":\"https:\\\/\\\/www.polycliniqueplus.com\\\/de\\\/magenplikatur-tuerkei\\\/#breadcrumb\",\"itemListElement\":[{\"@type\":\"ListItem\",\"position\":1,\"name\":\"Accueil\",\"item\":\"https:\\\/\\\/www.polycliniqueplus.com\\\/de\\\/\"},{\"@type\":\"ListItem\",\"position\":2,\"name\":\"Magenplikatur T\u00fcrkei\"}]},{\"@type\":\"WebSite\",\"@id\":\"https:\\\/\\\/www.polycliniqueplus.com\\\/de\\\/#website\",\"url\":\"https:\\\/\\\/www.polycliniqueplus.com\\\/de\\\/\",\"name\":\"Chirurgie esthetique Turquie : Prix interventions meilleures cliniques Istanbul\",\"description\":\"Chirurgie esthetique Turquie prix pas cher\",\"publisher\":{\"@id\":\"https:\\\/\\\/www.polycliniqueplus.com\\\/de\\\/#organization\"},\"potentialAction\":[{\"@type\":\"SearchAction\",\"target\":{\"@type\":\"EntryPoint\",\"urlTemplate\":\"https:\\\/\\\/www.polycliniqueplus.com\\\/de\\\/?s={search_term_string}\"},\"query-input\":{\"@type\":\"PropertyValueSpecification\",\"valueRequired\":true,\"valueName\":\"search_term_string\"}}],\"inLanguage\":\"de\"},{\"@type\":\"Organization\",\"@id\":\"https:\\\/\\\/www.polycliniqueplus.com\\\/de\\\/#organization\",\"name\":\"Polycliniqueplus chirurgie esthetique Turquie\",\"url\":\"https:\\\/\\\/www.polycliniqueplus.com\\\/de\\\/\",\"logo\":{\"@type\":\"ImageObject\",\"inLanguage\":\"de\",\"@id\":\"https:\\\/\\\/www.polycliniqueplus.com\\\/de\\\/#\\\/schema\\\/logo\\\/image\\\/\",\"url\":\"https:\\\/\\\/www.polycliniqueplus.com\\\/wp-content\\\/uploads\\\/2021\\\/03\\\/cropped-add-box-fill.png\",\"contentUrl\":\"https:\\\/\\\/www.polycliniqueplus.com\\\/wp-content\\\/uploads\\\/2021\\\/03\\\/cropped-add-box-fill.png\",\"width\":512,\"height\":512,\"caption\":\"Polycliniqueplus chirurgie esthetique Turquie\"},\"image\":{\"@id\":\"https:\\\/\\\/www.polycliniqueplus.com\\\/de\\\/#\\\/schema\\\/logo\\\/image\\\/\"},\"sameAs\":[\"https:\\\/\\\/www.facebook.com\\\/polycliniqueplus\",\"https:\\\/\\\/x.com\\\/polyclinique1\",\"https:\\\/\\\/www.youtube.com\\\/channel\\\/UCAnK3TORJqflIuYGFa-JQDw\"]}]}<\/script>\n<!-- \/ Yoast SEO plugin. -->","yoast_head_json":{"title":"Magenplikatur T\u00fcrkei - Chirurgie esthetique Turquie : Prix interventions meilleures cliniques Istanbul","description":"Magenplikatur T\u00fcrkei: Die minimalinvasive Magenplikatur ist eine ausgezeichnete Wahl f\u00fcr Patienten, die schwere bariatrische Operationstechniken wie Sleeve und Bypass nicht vertragen.","robots":{"index":"index","follow":"follow","max-snippet":"max-snippet:-1","max-image-preview":"max-image-preview:large","max-video-preview":"max-video-preview:-1"},"canonical":"https:\/\/www.polycliniqueplus.com\/de\/magenplikatur-tuerkei\/","og_locale":"de_DE","og_type":"article","og_title":"Magenplikatur T\u00fcrkei - Chirurgie esthetique Turquie : Prix interventions meilleures cliniques Istanbul","og_description":"Magenplikatur T\u00fcrkei: Die minimalinvasive Magenplikatur ist eine ausgezeichnete Wahl f\u00fcr Patienten, die schwere bariatrische Operationstechniken wie Sleeve und Bypass nicht vertragen.","og_url":"https:\/\/www.polycliniqueplus.com\/de\/magenplikatur-tuerkei\/","og_site_name":"Chirurgie esthetique Turquie : Prix interventions meilleures cliniques Istanbul","article_publisher":"https:\/\/www.facebook.com\/polycliniqueplus","article_modified_time":"2023-01-13T13:59:43+00:00","og_image":[{"width":574,"height":586,"url":"https:\/\/www.polycliniqueplus.com\/wp-content\/uploads\/2021\/04\/plicature-gastrique-turquie.jpg","type":"image\/jpeg"}],"twitter_card":"summary_large_image","twitter_site":"@polyclinique1","twitter_misc":{"Gesch\u00e4tzte Lesezeit":"4\u00a0Minuten"},"schema":{"@context":"https:\/\/schema.org","@graph":[{"@type":"WebPage","@id":"https:\/\/www.polycliniqueplus.com\/de\/magenplikatur-tuerkei\/","url":"https:\/\/www.polycliniqueplus.com\/de\/magenplikatur-tuerkei\/","name":"Magenplikatur T\u00fcrkei - Chirurgie esthetique Turquie : Prix interventions meilleures cliniques Istanbul","isPartOf":{"@id":"https:\/\/www.polycliniqueplus.com\/de\/#website"},"primaryImageOfPage":{"@id":"https:\/\/www.polycliniqueplus.com\/de\/magenplikatur-tuerkei\/#primaryimage"},"image":{"@id":"https:\/\/www.polycliniqueplus.com\/de\/magenplikatur-tuerkei\/#primaryimage"},"thumbnailUrl":"https:\/\/www.polycliniqueplus.com\/wp-content\/uploads\/2021\/04\/plicature-gastrique-turquie.jpg","datePublished":"2021-04-26T13:35:28+00:00","dateModified":"2023-01-13T13:59:43+00:00","description":"Magenplikatur T\u00fcrkei: Die minimalinvasive Magenplikatur ist eine ausgezeichnete Wahl f\u00fcr Patienten, die schwere bariatrische Operationstechniken wie Sleeve und Bypass nicht vertragen.","breadcrumb":{"@id":"https:\/\/www.polycliniqueplus.com\/de\/magenplikatur-tuerkei\/#breadcrumb"},"inLanguage":"de","potentialAction":[{"@type":"ReadAction","target":["https:\/\/www.polycliniqueplus.com\/de\/magenplikatur-tuerkei\/"]}]},{"@type":"ImageObject","inLanguage":"de","@id":"https:\/\/www.polycliniqueplus.com\/de\/magenplikatur-tuerkei\/#primaryimage","url":"https:\/\/www.polycliniqueplus.com\/wp-content\/uploads\/2021\/04\/plicature-gastrique-turquie.jpg","contentUrl":"https:\/\/www.polycliniqueplus.com\/wp-content\/uploads\/2021\/04\/plicature-gastrique-turquie.jpg","width":574,"height":586,"caption":"plicature-gastrique-turquie"},{"@type":"BreadcrumbList","@id":"https:\/\/www.polycliniqueplus.com\/de\/magenplikatur-tuerkei\/#breadcrumb","itemListElement":[{"@type":"ListItem","position":1,"name":"Accueil","item":"https:\/\/www.polycliniqueplus.com\/de\/"},{"@type":"ListItem","position":2,"name":"Magenplikatur T\u00fcrkei"}]},{"@type":"WebSite","@id":"https:\/\/www.polycliniqueplus.com\/de\/#website","url":"https:\/\/www.polycliniqueplus.com\/de\/","name":"Chirurgie esthetique Turquie : Prix interventions meilleures cliniques Istanbul","description":"Chirurgie esthetique Turquie prix pas cher","publisher":{"@id":"https:\/\/www.polycliniqueplus.com\/de\/#organization"},"potentialAction":[{"@type":"SearchAction","target":{"@type":"EntryPoint","urlTemplate":"https:\/\/www.polycliniqueplus.com\/de\/?s={search_term_string}"},"query-input":{"@type":"PropertyValueSpecification","valueRequired":true,"valueName":"search_term_string"}}],"inLanguage":"de"},{"@type":"Organization","@id":"https:\/\/www.polycliniqueplus.com\/de\/#organization","name":"Polycliniqueplus chirurgie esthetique Turquie","url":"https:\/\/www.polycliniqueplus.com\/de\/","logo":{"@type":"ImageObject","inLanguage":"de","@id":"https:\/\/www.polycliniqueplus.com\/de\/#\/schema\/logo\/image\/","url":"https:\/\/www.polycliniqueplus.com\/wp-content\/uploads\/2021\/03\/cropped-add-box-fill.png","contentUrl":"https:\/\/www.polycliniqueplus.com\/wp-content\/uploads\/2021\/03\/cropped-add-box-fill.png","width":512,"height":512,"caption":"Polycliniqueplus chirurgie esthetique Turquie"},"image":{"@id":"https:\/\/www.polycliniqueplus.com\/de\/#\/schema\/logo\/image\/"},"sameAs":["https:\/\/www.facebook.com\/polycliniqueplus","https:\/\/x.com\/polyclinique1","https:\/\/www.youtube.com\/channel\/UCAnK3TORJqflIuYGFa-JQDw"]}]}},"_links":{"self":[{"href":"https:\/\/www.polycliniqueplus.com\/de\/wp-json\/wp\/v2\/pages\/13693","targetHints":{"allow":["GET"]}}],"collection":[{"href":"https:\/\/www.polycliniqueplus.com\/de\/wp-json\/wp\/v2\/pages"}],"about":[{"href":"https:\/\/www.polycliniqueplus.com\/de\/wp-json\/wp\/v2\/types\/page"}],"author":[{"embeddable":true,"href":"https:\/\/www.polycliniqueplus.com\/de\/wp-json\/wp\/v2\/users\/1"}],"replies":[{"embeddable":true,"href":"https:\/\/www.polycliniqueplus.com\/de\/wp-json\/wp\/v2\/comments?post=13693"}],"version-history":[{"count":10,"href":"https:\/\/www.polycliniqueplus.com\/de\/wp-json\/wp\/v2\/pages\/13693\/revisions"}],"predecessor-version":[{"id":13752,"href":"https:\/\/www.polycliniqueplus.com\/de\/wp-json\/wp\/v2\/pages\/13693\/revisions\/13752"}],"wp:featuredmedia":[{"embeddable":true,"href":"https:\/\/www.polycliniqueplus.com\/de\/wp-json\/wp\/v2\/media\/12712"}],"wp:attachment":[{"href":"https:\/\/www.polycliniqueplus.com\/de\/wp-json\/wp\/v2\/media?parent=13693"}],"curies":[{"name":"wp","href":"https:\/\/api.w.org\/{rel}","templated":true}]}}