{"id":13574,"date":"2019-02-21T13:51:53","date_gmt":"2019-02-21T12:51:53","guid":{"rendered":"https:\/\/www.polycliniqueplus.com\/prp-tuerkei-injektion-von-plaettchenreichem-plasma\/"},"modified":"2023-01-16T09:12:35","modified_gmt":"2023-01-16T08:12:35","slug":"prp-tuerkei","status":"publish","type":"page","link":"https:\/\/www.polycliniqueplus.com\/de\/prp-tuerkei\/","title":{"rendered":"PRP T\u00fcrkei: Injektion von pl\u00e4ttchenreichem Plasma"},"content":{"rendered":"<div data-elementor-type=\"wp-page\" data-elementor-id=\"13574\" class=\"elementor elementor-13574 elementor-2099\" data-elementor-settings=\"{&quot;ha_cmc_init_switcher&quot;:&quot;no&quot;}\">\n\t\t\t\t\t\t<section class=\"elementor-section elementor-top-section elementor-element elementor-element-14e6e0d elementor-section-content-middle elementor-section-boxed elementor-section-height-default elementor-section-height-default\" data-id=\"14e6e0d\" data-element_type=\"section\" data-settings=\"{&quot;_ha_eqh_enable&quot;:false}\">\n\t\t\t\t\t\t<div class=\"elementor-container elementor-column-gap-default\">\n\t\t\t\t\t<div class=\"elementor-column elementor-col-50 elementor-top-column elementor-element elementor-element-5ee315a\" data-id=\"5ee315a\" data-element_type=\"column\">\n\t\t\t<div class=\"elementor-widget-wrap elementor-element-populated\">\n\t\t\t\t\t\t<div class=\"elementor-element elementor-element-4bc0b5b elementor-widget elementor-widget-text-editor\" data-id=\"4bc0b5b\" data-element_type=\"widget\" data-widget_type=\"text-editor.default\">\n\t\t\t\t<div class=\"elementor-widget-container\">\n\t\t\t\t\t\t\t<p>PRP in der T\u00fcrkei ist eine Behandlung, die in der \u00e4sthetischen Medizin eingesetzt wird. Dabei wird <strong>pl\u00e4ttchenreiches Plasma<\/strong> in die Dermis des Patienten injiziert, um die Stammzellen und das Kollagen zu stimulieren.  <br>PRP ist wirksam, um eine glattere, jugendlichere und straffere Haut zu erhalten. Es handelt sich um einen F\u00fcllstoff, der keine Allergien ausl\u00f6st und nicht abgesto\u00dfen werden kann.<br>Es wird auch verwendet, um das Erscheinungsbild von Narben und Augenringen zu mildern und die Haut mit Feuchtigkeit zu versorgen, um das Auftreten von Falten zu verz\u00f6gern.<\/p>\n<h2>Preis PRP-Injektion T\u00fcrkei<\/h2>\n<p>Um den Preis f\u00fcr PRP T\u00fcrkei zu erfahren, f\u00fcllen Sie das Formular zur Angebotsanfrage auf der Website aus oder rufen Sie die angegebene Nummer an, um weitere Informationen zu den Kosten f\u00fcr jede Injektionssitzung zu erhalten.<\/p>\n\t\t\t\t\t\t<\/div>\n\t\t\t\t<\/div>\n\t\t\t\t\t<\/div>\n\t\t<\/div>\n\t\t\t\t<div class=\"elementor-column elementor-col-50 elementor-top-column elementor-element elementor-element-968e13b\" data-id=\"968e13b\" data-element_type=\"column\">\n\t\t\t<div class=\"elementor-widget-wrap elementor-element-populated\">\n\t\t\t\t\t\t<div class=\"elementor-element elementor-element-8c10868 elementor-widget elementor-widget-image\" data-id=\"8c10868\" data-element_type=\"widget\" data-widget_type=\"image.default\">\n\t\t\t\t<div class=\"elementor-widget-container\">\n\t\t\t\t\t\t\t\t\t\t\t\t\t<noscript><img fetchpriority=\"high\" decoding=\"async\" width=\"574\" height=\"586\" src=\"https:\/\/www.polycliniqueplus.com\/wp-content\/uploads\/2021\/03\/prp-turquie.jpg\" class=\"attachment-large size-large wp-image-12664\" alt srcset=\"https:\/\/www.polycliniqueplus.com\/wp-content\/uploads\/2021\/03\/prp-turquie.jpg 574w, https:\/\/www.polycliniqueplus.com\/wp-content\/uploads\/2021\/03\/prp-turquie-294x300.jpg 294w\" sizes=\"(max-width: 574px) 100vw, 574px\"><\/noscript><img fetchpriority=\"high\" decoding=\"async\" width=\"574\" height=\"586\" src=\"data:image\/svg+xml,%3Csvg%20xmlns%3D%22http%3A%2F%2Fwww.w3.org%2F2000%2Fsvg%22%20viewBox%3D%220%200%20574%20586%22%3E%3C%2Fsvg%3E\" class=\"attachment-large size-large wp-image-12664 lazyload\" alt srcset=\"data:image\/svg+xml,%3Csvg%20xmlns%3D%22http%3A%2F%2Fwww.w3.org%2F2000%2Fsvg%22%20viewBox%3D%220%200%20574%20586%22%3E%3C%2Fsvg%3E 574w\" sizes=\"(max-width: 574px) 100vw, 574px\" data-srcset=\"https:\/\/www.polycliniqueplus.com\/wp-content\/uploads\/2021\/03\/prp-turquie.jpg 574w, https:\/\/www.polycliniqueplus.com\/wp-content\/uploads\/2021\/03\/prp-turquie-294x300.jpg 294w\" data-src=\"https:\/\/www.polycliniqueplus.com\/wp-content\/uploads\/2021\/03\/prp-turquie.jpg\">\t\t\t\t\t\t\t\t\t\t\t\t\t<\/div>\n\t\t\t\t<\/div>\n\t\t\t\t\t<\/div>\n\t\t<\/div>\n\t\t\t\t\t<\/div>\n\t\t<\/section>\n\t\t\t\t<section class=\"elementor-section elementor-top-section elementor-element elementor-element-dfe2c4f elementor-section-boxed elementor-section-height-default elementor-section-height-default\" data-id=\"dfe2c4f\" data-element_type=\"section\" data-settings=\"{&quot;background_background&quot;:&quot;classic&quot;,&quot;_ha_eqh_enable&quot;:false}\">\n\t\t\t\t\t\t<div class=\"elementor-container elementor-column-gap-default\">\n\t\t\t\t\t<div class=\"elementor-column elementor-col-100 elementor-top-column elementor-element elementor-element-3c35fc8\" data-id=\"3c35fc8\" data-element_type=\"column\">\n\t\t\t<div class=\"elementor-widget-wrap elementor-element-populated\">\n\t\t\t\t\t\t<div class=\"elementor-element elementor-element-13ffb1e elementor-widget elementor-widget-text-editor\" data-id=\"13ffb1e\" data-element_type=\"widget\" data-widget_type=\"text-editor.default\">\n\t\t\t\t<div class=\"elementor-widget-container\">\n\t\t\t\t\t\t\t<style>\nhtml body a.whatsapp-button {\n    display: inline-block;\n    background-color: #25D366;\n    font-size: 16px;\n    font-weight: bold;\n    padding: 12px 20px;\n    text-align: center;\n    text-decoration: none;\n    border-radius: 5px;\n    box-shadow: 0 4px 6px rgba(0, 0, 0, 0.1);\n    transition: background-color 0.3s ease, transform 0.2s ease;\n    color: white!important;\n}\n\n.whatsapp-button:hover {\n    background-color: #1EBE54;\n    transform: translateY(-2px);\n}\n\n.whatsapp-button:active {\n    transform: translateY(0);\n}\n\n.align_center {\n    display: block;\n    text-align: center;\n    padding: 30px 0px;\n}\n\n<\/style>\n<div class=\"align_center\">\n<a href=\"https:\/\/api.whatsapp.com\/send?phone=+33635235712&amp;&amp;text=Hallo, ich w\u00fcrde gerne Ihre Interventionen und Preise kennenlernen!\" class=\"whatsapp-button\" target=\"_blank\">\n    Klicken Sie f\u00fcr ein kostenloses Whatsapp-Angebot\n<\/a>\n<\/div>\t\t\t\t\t\t<\/div>\n\t\t\t\t<\/div>\n\t\t\t\t\t<\/div>\n\t\t<\/div>\n\t\t\t\t\t<\/div>\n\t\t<\/section>\n\t\t\t\t<section class=\"elementor-section elementor-top-section elementor-element elementor-element-60ce3de elementor-section-boxed elementor-section-height-default elementor-section-height-default\" data-id=\"60ce3de\" data-element_type=\"section\" data-settings=\"{&quot;_ha_eqh_enable&quot;:false}\">\n\t\t\t\t\t\t<div class=\"elementor-container elementor-column-gap-default\">\n\t\t\t\t\t<div class=\"elementor-column elementor-col-100 elementor-top-column elementor-element elementor-element-8d7f9cb\" data-id=\"8d7f9cb\" data-element_type=\"column\">\n\t\t\t<div class=\"elementor-widget-wrap elementor-element-populated\">\n\t\t\t\t\t\t<div class=\"elementor-element elementor-element-05a03f5 elementor-widget elementor-widget-text-editor\" data-id=\"05a03f5\" data-element_type=\"widget\" data-widget_type=\"text-editor.default\">\n\t\t\t\t<div class=\"elementor-widget-container\">\n\t\t\t\t\t\t\t<h2>Ablauf einer PRP-Injektionssitzung<\/h2>\nZun\u00e4chst sollte der Patient einen Termin beim Sch\u00f6nheitsarzt f\u00fcr eine Erstkonsultation vereinbaren, um seine Haut zu untersuchen, die Behandlung zu erkl\u00e4ren und zu pr\u00fcfen, ob er an bestimmten Krankheiten leidet, die eine PRP-Injektion kontraindizieren k\u00f6nnten.\n\n\t\t\t\t\t\t<\/div>\n\t\t\t\t<\/div>\n\t\t\t\t<div class=\"elementor-element elementor-element-6eb31f0 elementor-widget elementor-widget-text-editor\" data-id=\"6eb31f0\" data-element_type=\"widget\" data-widget_type=\"text-editor.default\">\n\t\t\t\t<div class=\"elementor-widget-container\">\n\t\t\t\t\t\t\tVor Beginn der Sitzung wird eine Bet\u00e4ubungscreme aufgetragen, um die mit den Stichen verbundenen Schmerzen zu vermeiden.\n\n\t\t\t\t\t\t<\/div>\n\t\t\t\t<\/div>\n\t\t\t\t<div class=\"elementor-element elementor-element-2d0e273 elementor-widget elementor-widget-text-editor\" data-id=\"2d0e273\" data-element_type=\"widget\" data-widget_type=\"text-editor.default\">\n\t\t\t\t<div class=\"elementor-widget-container\">\n\t\t\t\t\t\t\tDer Arzt entnimmt zun\u00e4chst Blut, das anschlie\u00dfend zentrifugiert wird, um das Plasma und die Blutpl\u00e4ttchen von den wei\u00dfen und roten Blutk\u00f6rperchen zu trennen. Dann injiziert er durch eine d\u00fcnne Nadel kleine Mengen PRP in das Hautgewebe des Patienten und in die Zielbereiche.\n\n\t\t\t\t\t\t<\/div>\n\t\t\t\t<\/div>\n\t\t\t\t<div class=\"elementor-element elementor-element-519e173 elementor-widget elementor-widget-text-editor\" data-id=\"519e173\" data-element_type=\"widget\" data-widget_type=\"text-editor.default\">\n\t\t\t\t<div class=\"elementor-widget-container\">\n\t\t\t\t\t\t\tDie PRP-Behandlung in der T\u00fcrkei erfordert zwischen drei und sechs Sitzungen, was vom Fall und dem Hauttyp des jeweiligen Patienten abh\u00e4ngt. Beachten Sie auch, dass zwischen den Sitzungen ein Abstand von etwa einem Monat liegen sollte.\n\n\t\t\t\t\t\t<\/div>\n\t\t\t\t<\/div>\n\t\t\t\t<div class=\"elementor-element elementor-element-28332ef elementor-widget elementor-widget-text-editor\" data-id=\"28332ef\" data-element_type=\"widget\" data-widget_type=\"text-editor.default\">\n\t\t\t\t<div class=\"elementor-widget-container\">\n\t\t\t\t\t\t\t<p>Nach der PRP-Sitzung kann der Patient wieder ein normales Leben f\u00fchren, d. h. er kann ohne Probleme zur Arbeit gehen und seine \u00fcblichen Aufgaben erledigen. Es kann jedoch sein, dass er einen Juckreiz versp\u00fcrt und das Auftreten einiger Bluterg\u00fcsse und Schwellungen bemerkt, die sich nach einigen Tagen wieder zur\u00fcckbilden.<\/p>\n\t\t\t\t\t\t<\/div>\n\t\t\t\t<\/div>\n\t\t\t\t\t<\/div>\n\t\t<\/div>\n\t\t\t\t\t<\/div>\n\t\t<\/section>\n\t\t\t\t<section class=\"elementor-section elementor-top-section elementor-element elementor-element-e357114 elementor-section-boxed elementor-section-height-default elementor-section-height-default\" data-id=\"e357114\" data-element_type=\"section\" data-settings=\"{&quot;background_background&quot;:&quot;classic&quot;,&quot;_ha_eqh_enable&quot;:false}\">\n\t\t\t\t\t\t<div class=\"elementor-container elementor-column-gap-default\">\n\t\t\t\t\t<div class=\"elementor-column elementor-col-100 elementor-top-column elementor-element elementor-element-2c659e5\" data-id=\"2c659e5\" data-element_type=\"column\">\n\t\t\t<div class=\"elementor-widget-wrap elementor-element-populated\">\n\t\t\t\t\t\t<div class=\"elementor-element elementor-element-359d6ff elementor-widget elementor-widget-heading\" data-id=\"359d6ff\" data-element_type=\"widget\" data-widget_type=\"heading.default\">\n\t\t\t\t<div class=\"elementor-widget-container\">\n\t\t\t<h4 class=\"elementor-heading-title elementor-size-default\">SCHNELLER UND 100% KOSTENLOSER ONLINE-KOSTENVORANSCHLAG<\/h4>\t\t<\/div>\n\t\t\t\t<\/div>\n\t\t\t\t<div class=\"elementor-element elementor-element-33ec3b5 elementor-align-center elementor-widget elementor-widget-button\" data-id=\"33ec3b5\" data-element_type=\"widget\" data-widget_type=\"button.default\">\n\t\t\t\t<div class=\"elementor-widget-container\">\n\t\t\t\t\t<div class=\"elementor-button-wrapper\">\n\t\t\t<a class=\"elementor-button elementor-button-link elementor-size-sm\" href=\"https:\/\/www.polycliniqueplus.com\/de\/kostenvoranschlag\/\">\n\t\t\t\t\t\t<span class=\"elementor-button-content-wrapper\">\n\t\t\t\t\t\t<span class=\"elementor-button-icon\">\n\t\t\t\t<i aria-hidden=\"true\" class=\"fas fa-arrow-right\"><\/i>\t\t\t<\/span>\n\t\t\t\t\t\t\t\t\t<span class=\"elementor-button-text\">Kostenvoranschlag PRP-Injektion<\/span>\n\t\t\t\t\t<\/span>\n\t\t\t\t\t<\/a>\n\t\t<\/div>\n\t\t\t\t<\/div>\n\t\t\t\t<\/div>\n\t\t\t\t\t<\/div>\n\t\t<\/div>\n\t\t\t\t\t<\/div>\n\t\t<\/section>\n\t\t\t\t<section class=\"elementor-section elementor-top-section elementor-element elementor-element-36cb62eb elementor-section-boxed elementor-section-height-default elementor-section-height-default\" data-id=\"36cb62eb\" data-element_type=\"section\" data-settings=\"{&quot;_ha_eqh_enable&quot;:false}\">\n\t\t\t\t\t\t<div class=\"elementor-container elementor-column-gap-default\">\n\t\t\t\t\t<div class=\"elementor-column elementor-col-50 elementor-top-column elementor-element elementor-element-45b33671\" data-id=\"45b33671\" data-element_type=\"column\">\n\t\t\t<div class=\"elementor-widget-wrap elementor-element-populated\">\n\t\t\t\t\t\t<div class=\"elementor-element elementor-element-15a39601 elementor-widget elementor-widget-text-editor\" data-id=\"15a39601\" data-element_type=\"widget\" data-widget_type=\"text-editor.default\">\n\t\t\t\t<div class=\"elementor-widget-container\">\n\t\t\t\t\t\t\t<h2>PRP-Ergebnisse<\/h2>\nDas Ergebnis des in der T\u00fcrkei durchgef\u00fchrten PRP ist sofort sichtbar. Der Patient kann feststellen, dass seine Haut straffer ist, und nach etwa einem Monat werden Unreinheiten gemildert und Falten verringert, sodass eine glatte, makellose Haut entsteht.\n\n\n\t\t\t\t\t\t<\/div>\n\t\t\t\t<\/div>\n\t\t\t\t<div class=\"elementor-element elementor-element-8f0b16c elementor-widget elementor-widget-text-editor\" data-id=\"8f0b16c\" data-element_type=\"widget\" data-widget_type=\"text-editor.default\">\n\t\t\t\t<div class=\"elementor-widget-container\">\n\t\t\t\t\t\t\t<p>Und um die gleiche Wirkung des PRP zu erhalten, m\u00fcssen die Sitzungen alle sechs Monate wiederholt werden.<\/p>\n\t\t\t\t\t\t<\/div>\n\t\t\t\t<\/div>\n\t\t\t\t\t<\/div>\n\t\t<\/div>\n\t\t\t\t<div class=\"elementor-column elementor-col-50 elementor-top-column elementor-element elementor-element-1dccf93\" data-id=\"1dccf93\" data-element_type=\"column\">\n\t\t\t<div class=\"elementor-widget-wrap elementor-element-populated\">\n\t\t\t\t\t\t<div class=\"elementor-element elementor-element-18b0ef5 elementor-widget elementor-widget-text-editor\" data-id=\"18b0ef5\" data-element_type=\"widget\" data-widget_type=\"text-editor.default\">\n\t\t\t\t<div class=\"elementor-widget-container\">\n\t\t\t\t\t\t\t<a href=\"https:\/\/www.polycliniqueplus.com\/wp-content\/uploads\/2019\/02\/prp-avant-et-apres.jpg\"><noscript><img decoding=\"async\" class=\"aligncenter wp-image-2112\" src=\"https:\/\/www.polycliniqueplus.com\/wp-content\/uploads\/2019\/02\/prp-avant-et-apres.jpg\" alt width=\"447\" height=\"216\" srcset=\"https:\/\/www.polycliniqueplus.com\/wp-content\/uploads\/2019\/02\/prp-avant-et-apres.jpg 626w, https:\/\/www.polycliniqueplus.com\/wp-content\/uploads\/2019\/02\/prp-avant-et-apres-300x145.jpg 300w\" sizes=\"(max-width: 447px) 100vw, 447px\"><\/noscript><img decoding=\"async\" class=\"aligncenter wp-image-2112 lazyload\" src=\"data:image\/svg+xml,%3Csvg%20xmlns%3D%22http%3A%2F%2Fwww.w3.org%2F2000%2Fsvg%22%20viewBox%3D%220%200%20447%20216%22%3E%3C%2Fsvg%3E\" alt width=\"447\" height=\"216\" data-src=\"https:\/\/www.polycliniqueplus.com\/wp-content\/uploads\/2019\/02\/prp-avant-et-apres.jpg\"><\/a>\n\t\t\t\t\t\t<\/div>\n\t\t\t\t<\/div>\n\t\t\t\t\t<\/div>\n\t\t<\/div>\n\t\t\t\t\t<\/div>\n\t\t<\/section>\n\t\t\t\t<\/div>\n\t\t","protected":false},"excerpt":{"rendered":"<p>PRP in der T\u00fcrkei ist eine Behandlung, die in der \u00e4sthetischen Medizin eingesetzt wird. Dabei wird pl\u00e4ttchenreiches Plasma in die Dermis des Patienten injiziert, um die Stammzellen und das Kollagen zu stimulieren. PRP ist wirksam, um eine glattere, jugendlichere und straffere Haut zu erhalten. Es handelt sich um einen F\u00fcllstoff, der keine Allergien ausl\u00f6st und [&hellip;]<\/p>\n","protected":false},"author":2,"featured_media":12498,"parent":0,"menu_order":0,"comment_status":"closed","ping_status":"closed","template":"","meta":{"footnotes":""},"class_list":["post-13574","page","type-page","status-publish","has-post-thumbnail","hentry"],"yoast_head":"<!-- This site is optimized with the Yoast SEO plugin v27.5 - https:\/\/yoast.com\/product\/yoast-seo-wordpress\/ -->\n<title>PRP T\u00fcrkei: Gesichtsbehandlungen durch Injektion von pl\u00e4ttchenreichem Plasma<\/title>\n<meta name=\"description\" content=\"PRP T\u00fcrkei ist ein nicht-invasiver \u00e4sthetischer Eingriff, der die Kollagenproduktion anregt und so Falten und schlaffe Haut reduziert.\" \/>\n<meta name=\"robots\" content=\"index, follow, max-snippet:-1, max-image-preview:large, max-video-preview:-1\" \/>\n<link rel=\"canonical\" href=\"https:\/\/www.polycliniqueplus.com\/de\/prp-tuerkei\/\" \/>\n<meta property=\"og:locale\" content=\"de_DE\" \/>\n<meta property=\"og:type\" content=\"article\" \/>\n<meta property=\"og:title\" content=\"PRP T\u00fcrkei: Gesichtsbehandlungen durch Injektion von pl\u00e4ttchenreichem Plasma\" \/>\n<meta property=\"og:description\" content=\"PRP T\u00fcrkei ist ein nicht-invasiver \u00e4sthetischer Eingriff, der die Kollagenproduktion anregt und so Falten und schlaffe Haut reduziert.\" \/>\n<meta property=\"og:url\" content=\"https:\/\/www.polycliniqueplus.com\/de\/prp-tuerkei\/\" \/>\n<meta property=\"og:site_name\" content=\"Chirurgie esthetique Turquie : Prix interventions meilleures cliniques Istanbul\" \/>\n<meta property=\"article:publisher\" content=\"https:\/\/www.facebook.com\/polycliniqueplus\" \/>\n<meta property=\"article:modified_time\" content=\"2023-01-16T08:12:35+00:00\" \/>\n<meta property=\"og:image\" content=\"https:\/\/www.polycliniqueplus.com\/wp-content\/uploads\/2019\/02\/prp.jpg\" \/>\n\t<meta property=\"og:image:width\" content=\"940\" \/>\n\t<meta property=\"og:image:height\" content=\"355\" \/>\n\t<meta property=\"og:image:type\" content=\"image\/jpeg\" \/>\n<meta name=\"twitter:card\" content=\"summary_large_image\" \/>\n<meta name=\"twitter:site\" content=\"@polyclinique1\" \/>\n<meta name=\"twitter:label1\" content=\"Gesch\u00e4tzte Lesezeit\" \/>\n\t<meta name=\"twitter:data1\" content=\"3\u00a0Minuten\" \/>\n<script type=\"application\/ld+json\" class=\"yoast-schema-graph\">{\"@context\":\"https:\\\/\\\/schema.org\",\"@graph\":[{\"@type\":\"WebPage\",\"@id\":\"https:\\\/\\\/www.polycliniqueplus.com\\\/de\\\/prp-tuerkei\\\/\",\"url\":\"https:\\\/\\\/www.polycliniqueplus.com\\\/de\\\/prp-tuerkei\\\/\",\"name\":\"PRP T\u00fcrkei: Gesichtsbehandlungen durch Injektion von pl\u00e4ttchenreichem Plasma\",\"isPartOf\":{\"@id\":\"https:\\\/\\\/www.polycliniqueplus.com\\\/de\\\/#website\"},\"primaryImageOfPage\":{\"@id\":\"https:\\\/\\\/www.polycliniqueplus.com\\\/de\\\/prp-tuerkei\\\/#primaryimage\"},\"image\":{\"@id\":\"https:\\\/\\\/www.polycliniqueplus.com\\\/de\\\/prp-tuerkei\\\/#primaryimage\"},\"thumbnailUrl\":\"https:\\\/\\\/www.polycliniqueplus.com\\\/wp-content\\\/uploads\\\/2019\\\/02\\\/prp.jpg\",\"datePublished\":\"2019-02-21T12:51:53+00:00\",\"dateModified\":\"2023-01-16T08:12:35+00:00\",\"description\":\"PRP T\u00fcrkei ist ein nicht-invasiver \u00e4sthetischer Eingriff, der die Kollagenproduktion anregt und so Falten und schlaffe Haut reduziert.\",\"breadcrumb\":{\"@id\":\"https:\\\/\\\/www.polycliniqueplus.com\\\/de\\\/prp-tuerkei\\\/#breadcrumb\"},\"inLanguage\":\"de\",\"potentialAction\":[{\"@type\":\"ReadAction\",\"target\":[\"https:\\\/\\\/www.polycliniqueplus.com\\\/de\\\/prp-tuerkei\\\/\"]}]},{\"@type\":\"ImageObject\",\"inLanguage\":\"de\",\"@id\":\"https:\\\/\\\/www.polycliniqueplus.com\\\/de\\\/prp-tuerkei\\\/#primaryimage\",\"url\":\"https:\\\/\\\/www.polycliniqueplus.com\\\/wp-content\\\/uploads\\\/2019\\\/02\\\/prp.jpg\",\"contentUrl\":\"https:\\\/\\\/www.polycliniqueplus.com\\\/wp-content\\\/uploads\\\/2019\\\/02\\\/prp.jpg\",\"width\":940,\"height\":355},{\"@type\":\"BreadcrumbList\",\"@id\":\"https:\\\/\\\/www.polycliniqueplus.com\\\/de\\\/prp-tuerkei\\\/#breadcrumb\",\"itemListElement\":[{\"@type\":\"ListItem\",\"position\":1,\"name\":\"Accueil\",\"item\":\"https:\\\/\\\/www.polycliniqueplus.com\\\/de\\\/\"},{\"@type\":\"ListItem\",\"position\":2,\"name\":\"PRP T\u00fcrkei: Injektion von pl\u00e4ttchenreichem Plasma\"}]},{\"@type\":\"WebSite\",\"@id\":\"https:\\\/\\\/www.polycliniqueplus.com\\\/de\\\/#website\",\"url\":\"https:\\\/\\\/www.polycliniqueplus.com\\\/de\\\/\",\"name\":\"Chirurgie esthetique Turquie : Prix interventions meilleures cliniques Istanbul\",\"description\":\"Chirurgie esthetique Turquie prix pas cher\",\"publisher\":{\"@id\":\"https:\\\/\\\/www.polycliniqueplus.com\\\/de\\\/#organization\"},\"potentialAction\":[{\"@type\":\"SearchAction\",\"target\":{\"@type\":\"EntryPoint\",\"urlTemplate\":\"https:\\\/\\\/www.polycliniqueplus.com\\\/de\\\/?s={search_term_string}\"},\"query-input\":{\"@type\":\"PropertyValueSpecification\",\"valueRequired\":true,\"valueName\":\"search_term_string\"}}],\"inLanguage\":\"de\"},{\"@type\":\"Organization\",\"@id\":\"https:\\\/\\\/www.polycliniqueplus.com\\\/de\\\/#organization\",\"name\":\"Polycliniqueplus chirurgie esthetique Turquie\",\"url\":\"https:\\\/\\\/www.polycliniqueplus.com\\\/de\\\/\",\"logo\":{\"@type\":\"ImageObject\",\"inLanguage\":\"de\",\"@id\":\"https:\\\/\\\/www.polycliniqueplus.com\\\/de\\\/#\\\/schema\\\/logo\\\/image\\\/\",\"url\":\"https:\\\/\\\/www.polycliniqueplus.com\\\/wp-content\\\/uploads\\\/2021\\\/03\\\/cropped-add-box-fill.png\",\"contentUrl\":\"https:\\\/\\\/www.polycliniqueplus.com\\\/wp-content\\\/uploads\\\/2021\\\/03\\\/cropped-add-box-fill.png\",\"width\":512,\"height\":512,\"caption\":\"Polycliniqueplus chirurgie esthetique Turquie\"},\"image\":{\"@id\":\"https:\\\/\\\/www.polycliniqueplus.com\\\/de\\\/#\\\/schema\\\/logo\\\/image\\\/\"},\"sameAs\":[\"https:\\\/\\\/www.facebook.com\\\/polycliniqueplus\",\"https:\\\/\\\/x.com\\\/polyclinique1\",\"https:\\\/\\\/www.youtube.com\\\/channel\\\/UCAnK3TORJqflIuYGFa-JQDw\"]}]}<\/script>\n<!-- \/ Yoast SEO plugin. -->","yoast_head_json":{"title":"PRP T\u00fcrkei: Gesichtsbehandlungen durch Injektion von pl\u00e4ttchenreichem Plasma","description":"PRP T\u00fcrkei ist ein nicht-invasiver \u00e4sthetischer Eingriff, der die Kollagenproduktion anregt und so Falten und schlaffe Haut reduziert.","robots":{"index":"index","follow":"follow","max-snippet":"max-snippet:-1","max-image-preview":"max-image-preview:large","max-video-preview":"max-video-preview:-1"},"canonical":"https:\/\/www.polycliniqueplus.com\/de\/prp-tuerkei\/","og_locale":"de_DE","og_type":"article","og_title":"PRP T\u00fcrkei: Gesichtsbehandlungen durch Injektion von pl\u00e4ttchenreichem Plasma","og_description":"PRP T\u00fcrkei ist ein nicht-invasiver \u00e4sthetischer Eingriff, der die Kollagenproduktion anregt und so Falten und schlaffe Haut reduziert.","og_url":"https:\/\/www.polycliniqueplus.com\/de\/prp-tuerkei\/","og_site_name":"Chirurgie esthetique Turquie : Prix interventions meilleures cliniques Istanbul","article_publisher":"https:\/\/www.facebook.com\/polycliniqueplus","article_modified_time":"2023-01-16T08:12:35+00:00","og_image":[{"width":940,"height":355,"url":"https:\/\/www.polycliniqueplus.com\/wp-content\/uploads\/2019\/02\/prp.jpg","type":"image\/jpeg"}],"twitter_card":"summary_large_image","twitter_site":"@polyclinique1","twitter_misc":{"Gesch\u00e4tzte Lesezeit":"3\u00a0Minuten"},"schema":{"@context":"https:\/\/schema.org","@graph":[{"@type":"WebPage","@id":"https:\/\/www.polycliniqueplus.com\/de\/prp-tuerkei\/","url":"https:\/\/www.polycliniqueplus.com\/de\/prp-tuerkei\/","name":"PRP T\u00fcrkei: Gesichtsbehandlungen durch Injektion von pl\u00e4ttchenreichem Plasma","isPartOf":{"@id":"https:\/\/www.polycliniqueplus.com\/de\/#website"},"primaryImageOfPage":{"@id":"https:\/\/www.polycliniqueplus.com\/de\/prp-tuerkei\/#primaryimage"},"image":{"@id":"https:\/\/www.polycliniqueplus.com\/de\/prp-tuerkei\/#primaryimage"},"thumbnailUrl":"https:\/\/www.polycliniqueplus.com\/wp-content\/uploads\/2019\/02\/prp.jpg","datePublished":"2019-02-21T12:51:53+00:00","dateModified":"2023-01-16T08:12:35+00:00","description":"PRP T\u00fcrkei ist ein nicht-invasiver \u00e4sthetischer Eingriff, der die Kollagenproduktion anregt und so Falten und schlaffe Haut reduziert.","breadcrumb":{"@id":"https:\/\/www.polycliniqueplus.com\/de\/prp-tuerkei\/#breadcrumb"},"inLanguage":"de","potentialAction":[{"@type":"ReadAction","target":["https:\/\/www.polycliniqueplus.com\/de\/prp-tuerkei\/"]}]},{"@type":"ImageObject","inLanguage":"de","@id":"https:\/\/www.polycliniqueplus.com\/de\/prp-tuerkei\/#primaryimage","url":"https:\/\/www.polycliniqueplus.com\/wp-content\/uploads\/2019\/02\/prp.jpg","contentUrl":"https:\/\/www.polycliniqueplus.com\/wp-content\/uploads\/2019\/02\/prp.jpg","width":940,"height":355},{"@type":"BreadcrumbList","@id":"https:\/\/www.polycliniqueplus.com\/de\/prp-tuerkei\/#breadcrumb","itemListElement":[{"@type":"ListItem","position":1,"name":"Accueil","item":"https:\/\/www.polycliniqueplus.com\/de\/"},{"@type":"ListItem","position":2,"name":"PRP T\u00fcrkei: Injektion von pl\u00e4ttchenreichem Plasma"}]},{"@type":"WebSite","@id":"https:\/\/www.polycliniqueplus.com\/de\/#website","url":"https:\/\/www.polycliniqueplus.com\/de\/","name":"Chirurgie esthetique Turquie : Prix interventions meilleures cliniques Istanbul","description":"Chirurgie esthetique Turquie prix pas cher","publisher":{"@id":"https:\/\/www.polycliniqueplus.com\/de\/#organization"},"potentialAction":[{"@type":"SearchAction","target":{"@type":"EntryPoint","urlTemplate":"https:\/\/www.polycliniqueplus.com\/de\/?s={search_term_string}"},"query-input":{"@type":"PropertyValueSpecification","valueRequired":true,"valueName":"search_term_string"}}],"inLanguage":"de"},{"@type":"Organization","@id":"https:\/\/www.polycliniqueplus.com\/de\/#organization","name":"Polycliniqueplus chirurgie esthetique Turquie","url":"https:\/\/www.polycliniqueplus.com\/de\/","logo":{"@type":"ImageObject","inLanguage":"de","@id":"https:\/\/www.polycliniqueplus.com\/de\/#\/schema\/logo\/image\/","url":"https:\/\/www.polycliniqueplus.com\/wp-content\/uploads\/2021\/03\/cropped-add-box-fill.png","contentUrl":"https:\/\/www.polycliniqueplus.com\/wp-content\/uploads\/2021\/03\/cropped-add-box-fill.png","width":512,"height":512,"caption":"Polycliniqueplus chirurgie esthetique Turquie"},"image":{"@id":"https:\/\/www.polycliniqueplus.com\/de\/#\/schema\/logo\/image\/"},"sameAs":["https:\/\/www.facebook.com\/polycliniqueplus","https:\/\/x.com\/polyclinique1","https:\/\/www.youtube.com\/channel\/UCAnK3TORJqflIuYGFa-JQDw"]}]}},"_links":{"self":[{"href":"https:\/\/www.polycliniqueplus.com\/de\/wp-json\/wp\/v2\/pages\/13574","targetHints":{"allow":["GET"]}}],"collection":[{"href":"https:\/\/www.polycliniqueplus.com\/de\/wp-json\/wp\/v2\/pages"}],"about":[{"href":"https:\/\/www.polycliniqueplus.com\/de\/wp-json\/wp\/v2\/types\/page"}],"author":[{"embeddable":true,"href":"https:\/\/www.polycliniqueplus.com\/de\/wp-json\/wp\/v2\/users\/2"}],"replies":[{"embeddable":true,"href":"https:\/\/www.polycliniqueplus.com\/de\/wp-json\/wp\/v2\/comments?post=13574"}],"version-history":[{"count":8,"href":"https:\/\/www.polycliniqueplus.com\/de\/wp-json\/wp\/v2\/pages\/13574\/revisions"}],"predecessor-version":[{"id":14053,"href":"https:\/\/www.polycliniqueplus.com\/de\/wp-json\/wp\/v2\/pages\/13574\/revisions\/14053"}],"wp:featuredmedia":[{"embeddable":true,"href":"https:\/\/www.polycliniqueplus.com\/de\/wp-json\/wp\/v2\/media\/12498"}],"wp:attachment":[{"href":"https:\/\/www.polycliniqueplus.com\/de\/wp-json\/wp\/v2\/media?parent=13574"}],"curies":[{"name":"wp","href":"https:\/\/api.w.org\/{rel}","templated":true}]}}