{"id":13432,"date":"2017-06-18T19:33:59","date_gmt":"2017-06-18T17:33:59","guid":{"rendered":"https:\/\/www.polycliniqueplus.com\/frage-antwort-schoenheitschirurgie-in-der-tuerkei\/"},"modified":"2023-01-13T09:05:22","modified_gmt":"2023-01-13T08:05:22","slug":"haeufig-gestellte-fragen","status":"publish","type":"page","link":"https:\/\/www.polycliniqueplus.com\/de\/haeufig-gestellte-fragen\/","title":{"rendered":"Frage &amp; Antwort Sch\u00f6nheitschirurgie in der T\u00fcrkei"},"content":{"rendered":"\t\t<div data-elementor-type=\"wp-page\" data-elementor-id=\"13432\" class=\"elementor elementor-13432 elementor-94\" data-elementor-settings=\"{&quot;ha_cmc_init_switcher&quot;:&quot;no&quot;}\">\n\t\t\t\t\t\t<section class=\"elementor-section elementor-top-section elementor-element elementor-element-96b7077 elementor-section-boxed elementor-section-height-default elementor-section-height-default\" data-id=\"96b7077\" data-element_type=\"section\" data-settings=\"{&quot;_ha_eqh_enable&quot;:false}\">\n\t\t\t\t\t\t<div class=\"elementor-container elementor-column-gap-default\">\n\t\t\t\t\t<div class=\"elementor-column elementor-col-100 elementor-top-column elementor-element elementor-element-bf83db1\" data-id=\"bf83db1\" data-element_type=\"column\">\n\t\t\t<div class=\"elementor-widget-wrap elementor-element-populated\">\n\t\t\t\t\t\t<div class=\"elementor-element elementor-element-aae49a5 elementor-widget elementor-widget-text-editor\" data-id=\"aae49a5\" data-element_type=\"widget\" data-widget_type=\"text-editor.default\">\n\t\t\t\t<div class=\"elementor-widget-container\">\n\t\t\t\t\t\t\tEs ist ganz nat\u00fcrlich, dass man viele Fragen zum Thema Sch\u00f6nheitsoperationen hat. Die \u00c4rzte und das Hilfspersonal von<strong>Polycliniqueplus<\/strong> stehen Ihnen zur Verf\u00fcgung, um Ihre Fragen zu beantworten und die spezifischen Verfahren der <strong>Sch\u00f6nheitschirurgie in der T\u00fcrkei<\/strong> zu \u00fcberpr\u00fcfen.\n\n\t\t\t\t\t\t<\/div>\n\t\t\t\t<\/div>\n\t\t\t\t<div class=\"elementor-element elementor-element-0283b4f elementor-widget elementor-widget-text-editor\" data-id=\"0283b4f\" data-element_type=\"widget\" data-widget_type=\"text-editor.default\">\n\t\t\t\t<div class=\"elementor-widget-container\">\n\t\t\t\t\t\t\t<p>Im Folgenden finden Sie Antworten auf einige Ihrer am h\u00e4ufigsten gestellten Fragen \u00fcber kosmetische Chirurgie und kosmetische Verfahren. Denken Sie daran, dass Ihr Chirurg am besten in der Lage ist, Fragen zu beantworten und auf der Grundlage seiner Einsch\u00e4tzung Ihrer Bed\u00fcrfnisse zu erarbeiten.<\/p>\n\t\t\t\t\t\t<\/div>\n\t\t\t\t<\/div>\n\t\t\t\t<div class=\"elementor-element elementor-element-78391f5 elementor-widget elementor-widget-text-editor\" data-id=\"78391f5\" data-element_type=\"widget\" data-widget_type=\"text-editor.default\">\n\t\t\t\t<div class=\"elementor-widget-container\">\n\t\t\t\t\t\t\t<h2>Was ist der Unterschied zwischen \u00e4sthetischer und rekonstruktiver Chirurgie?<\/h2>\nDie <a href=\"https:\/\/www.polycliniqueplus.com\/de\/\">Sch\u00f6nheitschirurgie<\/a> wird durchgef\u00fchrt, um die normalen Strukturen des K\u00f6rpers umzugestalten, um<em>das Aussehen und das Selbstwertgef\u00fchl zu verbessern<\/em>. Sch\u00f6nheitsoperationen werden in der Regel nicht von der Krankenversicherung \u00fcbernommen, da sie elektiv sind.\n\n\t\t\t\t\t\t<\/div>\n\t\t\t\t<\/div>\n\t\t\t\t<div class=\"elementor-element elementor-element-97e03e8 elementor-widget elementor-widget-text-editor\" data-id=\"97e03e8\" data-element_type=\"widget\" data-widget_type=\"text-editor.default\">\n\t\t\t\t<div class=\"elementor-widget-container\">\n\t\t\t\t\t\t\t<strong>Die rekonstruktive Chirurgie<\/strong> wird an abnormalen Strukturen des K\u00f6rpers durchgef\u00fchrt, die durch angeborene Missbildungen, Entwicklungsanomalien, Traumata, Infektionen, Tumore oder Krankheiten verursacht werden. Im Allgemeinen wird die wiederherstellende Chirurgie durchgef\u00fchrt, um die Funktion zu verbessern, aber sie kann auch abgeschlossen werden, um ein normales Aussehen anzun\u00e4hern.\n\n\t\t\t\t\t\t<\/div>\n\t\t\t\t<\/div>\n\t\t\t\t<div class=\"elementor-element elementor-element-3e54905 elementor-widget elementor-widget-text-editor\" data-id=\"3e54905\" data-element_type=\"widget\" data-widget_type=\"text-editor.default\">\n\t\t\t\t<div class=\"elementor-widget-container\">\n\t\t\t\t\t\t\t<p>Die rekonstruktive Chirurgie wird in der Regel von den meisten Krankenversicherungspolicen abgedeckt, obwohl die Abdeckung bestimmter Verfahren und Deckungsniveaus stark variieren kann.<\/p>\n\t\t\t\t\t\t<\/div>\n\t\t\t\t<\/div>\n\t\t\t\t\t<\/div>\n\t\t<\/div>\n\t\t\t\t\t<\/div>\n\t\t<\/section>\n\t\t\t\t<section class=\"elementor-section elementor-top-section elementor-element elementor-element-1ad9a8a elementor-section-boxed elementor-section-height-default elementor-section-height-default\" data-id=\"1ad9a8a\" data-element_type=\"section\" data-settings=\"{&quot;background_background&quot;:&quot;classic&quot;,&quot;_ha_eqh_enable&quot;:false}\">\n\t\t\t\t\t\t<div class=\"elementor-container elementor-column-gap-default\">\n\t\t\t\t\t<div class=\"elementor-column elementor-col-100 elementor-top-column elementor-element elementor-element-8b2edde\" data-id=\"8b2edde\" data-element_type=\"column\">\n\t\t\t<div class=\"elementor-widget-wrap elementor-element-populated\">\n\t\t\t\t\t\t<div class=\"elementor-element elementor-element-a1c4f46 elementor-widget elementor-widget-text-editor\" data-id=\"a1c4f46\" data-element_type=\"widget\" data-widget_type=\"text-editor.default\">\n\t\t\t\t<div class=\"elementor-widget-container\">\n\t\t\t\t\t\t\t<style>\r\nhtml body a.whatsapp-button {\r\n    display: inline-block;\r\n    background-color: #25D366;\r\n    font-size: 16px;\r\n    font-weight: bold;\r\n    padding: 12px 20px;\r\n    text-align: center;\r\n    text-decoration: none;\r\n    border-radius: 5px;\r\n    box-shadow: 0 4px 6px rgba(0, 0, 0, 0.1);\r\n    transition: background-color 0.3s ease, transform 0.2s ease;\r\n    color: white!important;\r\n}\r\n\r\n.whatsapp-button:hover {\r\n    background-color: #1EBE54;\r\n    transform: translateY(-2px);\r\n}\r\n\r\n.whatsapp-button:active {\r\n    transform: translateY(0);\r\n}\r\n\r\n.align_center {\r\n    display: block;\r\n    text-align: center;\r\n    padding: 30px 0px;\r\n}\r\n\r\n<\/style>\r\n<div class=\"align_center\">\r\n<a href=\"https:\/\/api.whatsapp.com\/send?phone=+33635235712&amp;&amp;text=Hallo, ich w\u00fcrde gerne Ihre Interventionen und Preise kennenlernen!\"\r\n    class=\"whatsapp-button\" target=\"_blank\">\r\n    Klicken Sie f\u00fcr ein kostenloses Whatsapp-Angebot\r\n<\/a>\r\n<\/div>\n\t\t\t\t\t\t<\/div>\n\t\t\t\t<\/div>\n\t\t\t\t\t<\/div>\n\t\t<\/div>\n\t\t\t\t\t<\/div>\n\t\t<\/section>\n\t\t\t\t<section class=\"elementor-section elementor-top-section elementor-element elementor-element-2ef82972 elementor-section-boxed elementor-section-height-default elementor-section-height-default\" data-id=\"2ef82972\" data-element_type=\"section\" data-settings=\"{&quot;_ha_eqh_enable&quot;:false}\">\n\t\t\t\t\t\t<div class=\"elementor-container elementor-column-gap-default\">\n\t\t\t\t\t<div class=\"elementor-column elementor-col-100 elementor-top-column elementor-element elementor-element-5d87d5af\" data-id=\"5d87d5af\" data-element_type=\"column\">\n\t\t\t<div class=\"elementor-widget-wrap elementor-element-populated\">\n\t\t\t\t\t\t<div class=\"elementor-element elementor-element-2e0b18d4 elementor-widget elementor-widget-text-editor\" data-id=\"2e0b18d4\" data-element_type=\"widget\" data-widget_type=\"text-editor.default\">\n\t\t\t\t<div class=\"elementor-widget-container\">\n\t\t\t\t\t\t\t<h2>Was ist die Erholung von Sch\u00f6nheitsoperationen?<\/h2>\nJeder Patient toleriert die Schmerzen nach einer Operation auf unterschiedliche Weise. Ihr Chirurg wird Ihnen geeignete Schmerzmittel verschreiben, die dabei helfen, etwaige Beschwerden zu minimieren.\n\nIm Allgemeinen haben die meisten kosmetischen Gesichtsoperationen ein Minimum an postoperativen Beschwerden. Eine Fettabsaugung ist etwas unbequemer, und Operationen, bei denen die Muskeln angehoben oder gestrafft werden m\u00fcssen, wie eine <a href=\"https:\/\/www.polycliniqueplus.com\/de\/abdominoplastik-tuerkei\/\">Bauchdeckenstraffung<\/a> oder eine <a href=\"https:\/\/www.polycliniqueplus.com\/de\/brustvergroesserung-tuerkei\/\">Brustvergr\u00f6\u00dferung<\/a>, k\u00f6nnen Unbehagen verursachen, das einem Kaiserschnitt gleichkommt.\n<h2>Wie lange dauern die Ergebnisse?<\/h2>\nDie Ergebnisse Ihrer <strong>plastischen Chirurgie<\/strong> h\u00e4ngen von dem Verfahren ab, das Sie haben. Im Allgemeinen sind die Ergebnisse der meisten Verfahren der plastischen Chirurgie langfristig, wenn ein gesundes Gewicht und ein gesunder Lebensstil beibehalten wird.\n<h2>Wie lange kann ich wieder zur Arbeit gehen?<\/h2>\nDie L\u00e4nge der Zeit, die man braucht, um sich nach einer plastischen Operation zu erholen, h\u00e4ngt von dem durchgef\u00fchrten Verfahren und der operierten Person ab. Die meisten Patienten werden in den ersten beiden Tagen nach der Operation Hilfe ben\u00f6tigen.\n<h2>Wie viele Menschen unterziehen sich jedes Jahr einer Sch\u00f6nheitsoperation?<\/h2>\nLaut der American Society of Plastic Surgeons wurden im Jahr 2010 in den USA mehr als 13,1 Millionen chirurgische und nicht-chirurgische Sch\u00f6nheitsoperationen durchgef\u00fchrt. Dies entspricht einem Anstieg um 5% im Vergleich zu 2009.\n<h2>Welche Verfahren sind bei M\u00e4nnern am beliebtesten?<\/h2>\nDas nicht-chirurgische kosmetische Verfahren f\u00fcr M\u00e4nner im Jahr 2019 war Botox \u00ae . Die <a href=\"https:\/\/www.polycliniqueplus.com\/de\/fettabsaugung-tuerkei\/\">Liposuktion<\/a> ist das chirurgische Verfahren.\n<h2>Wie kann ich die beste Gr\u00f6\u00dfe der Implantate f\u00fcr meine Br\u00fcste herausfinden?<\/h2>\nDie Entscheidung basiert auf einer Reihe von Faktoren, u. a. den W\u00fcnschen des Patienten, den Gr\u00fcnden f\u00fcr die Operation und der allgemeinen Gesundheit.\n\nOder sind Sie mit der Gr\u00f6\u00dfe und Festigkeit Ihrer Br\u00fcste nach einer Schwangerschaft, dem Stillen oder einer starken Gewichtsabnahme zufrieden? Ungleichheit zwischen den Br\u00fcsten kann auch ein Motivationsfaktor sein. Ihr Chirurg kann Ihnen bei Ihrem pr\u00e4operativen Termin (s) helfen, die richtige Entscheidung zu treffen.\n<h2>Welche Risiken k\u00f6nnen auftreten?<\/h2>\nMit jedem chirurgischen Eingriff sind Risiken verbunden. Finden Sie heraus, was sie sind, wie oft sie auftreten und wie mit ihnen umgegangen wird, wenn sie auftreten. Wenn der Arzt nicht offen \u00fcber die Risiken diskutiert oder zugibt, dass es immer Risiken gibt, suchen Sie eine andere Meinung.\n<h2>Wird die Operation unter Vollnarkose oder Lokalan\u00e4sthesie durchgef\u00fchrt?<\/h2>\nJe nachdem, was f\u00fcr Ihre spezielle Situation am besten geeignet ist, wird der Chirurg entscheiden, welche Art von An\u00e4sthesie verwendet werden soll. Er oder sie wird Ihnen alle Fragen beantworten, die Sie haben.\t\t\t\t\t\t<\/div>\n\t\t\t\t<\/div>\n\t\t\t\t\t<\/div>\n\t\t<\/div>\n\t\t\t\t\t<\/div>\n\t\t<\/section>\n\t\t\t\t<\/div>\n\t\t","protected":false},"excerpt":{"rendered":"<p>Es ist ganz nat\u00fcrlich, dass man viele Fragen zum Thema Sch\u00f6nheitsoperationen hat. Die \u00c4rzte und das Hilfspersonal vonPolycliniqueplus stehen Ihnen zur Verf\u00fcgung, um Ihre Fragen zu beantworten und die spezifischen Verfahren der Sch\u00f6nheitschirurgie in der T\u00fcrkei zu \u00fcberpr\u00fcfen. Im Folgenden finden Sie Antworten auf einige Ihrer am h\u00e4ufigsten gestellten Fragen \u00fcber kosmetische Chirurgie und kosmetische [&hellip;]<\/p>\n","protected":false},"author":1,"featured_media":0,"parent":0,"menu_order":0,"comment_status":"closed","ping_status":"closed","template":"","meta":{"footnotes":""},"class_list":["post-13432","page","type-page","status-publish","hentry"],"yoast_head":"<!-- This site is optimized with the Yoast SEO plugin v27.3 - https:\/\/yoast.com\/product\/yoast-seo-wordpress\/ -->\n<title>Frage &amp; Antworten Sch\u00f6nheitschirurgie in Tunesien<\/title>\n<meta name=\"description\" content=\"Hier finden Sie alle Antworten der Chirurgie und des medizinischen Teams der Klinik der Hoffnung auf die am h\u00e4ufigsten gestellten Fragen der meisten unserer Patienten.\" \/>\n<meta name=\"robots\" content=\"index, follow, max-snippet:-1, max-image-preview:large, max-video-preview:-1\" \/>\n<link rel=\"canonical\" href=\"https:\/\/www.polycliniqueplus.com\/de\/haeufig-gestellte-fragen\/\" \/>\n<meta property=\"og:locale\" content=\"de_DE\" \/>\n<meta property=\"og:type\" content=\"article\" \/>\n<meta property=\"og:title\" content=\"Frage &amp; Antworten Sch\u00f6nheitschirurgie in Tunesien\" \/>\n<meta property=\"og:description\" content=\"Hier finden Sie alle Antworten der Chirurgie und des medizinischen Teams der Klinik der Hoffnung auf die am h\u00e4ufigsten gestellten Fragen der meisten unserer Patienten.\" \/>\n<meta property=\"og:url\" content=\"https:\/\/www.polycliniqueplus.com\/de\/haeufig-gestellte-fragen\/\" \/>\n<meta property=\"og:site_name\" content=\"Chirurgie esthetique Turquie : Prix interventions meilleures cliniques Istanbul\" \/>\n<meta property=\"article:publisher\" content=\"https:\/\/www.facebook.com\/polycliniqueplus\" \/>\n<meta property=\"article:modified_time\" content=\"2023-01-13T08:05:22+00:00\" \/>\n<meta property=\"og:image\" content=\"https:\/\/www.polycliniqueplus.com\/wp-content\/uploads\/2021\/02\/interventions-de-chirurgie-plastique.jpg\" \/>\n\t<meta property=\"og:image:width\" content=\"574\" \/>\n\t<meta property=\"og:image:height\" content=\"586\" \/>\n\t<meta property=\"og:image:type\" content=\"image\/jpeg\" \/>\n<meta name=\"twitter:card\" content=\"summary_large_image\" \/>\n<meta name=\"twitter:site\" content=\"@polyclinique1\" \/>\n<meta name=\"twitter:label1\" content=\"Gesch\u00e4tzte Lesezeit\" \/>\n\t<meta name=\"twitter:data1\" content=\"4\u00a0Minuten\" \/>\n<script type=\"application\/ld+json\" class=\"yoast-schema-graph\">{\"@context\":\"https:\\\/\\\/schema.org\",\"@graph\":[{\"@type\":\"WebPage\",\"@id\":\"https:\\\/\\\/www.polycliniqueplus.com\\\/de\\\/haeufig-gestellte-fragen\\\/\",\"url\":\"https:\\\/\\\/www.polycliniqueplus.com\\\/de\\\/haeufig-gestellte-fragen\\\/\",\"name\":\"Frage & Antworten Sch\u00f6nheitschirurgie in Tunesien\",\"isPartOf\":{\"@id\":\"https:\\\/\\\/www.polycliniqueplus.com\\\/de\\\/#website\"},\"datePublished\":\"2017-06-18T17:33:59+00:00\",\"dateModified\":\"2023-01-13T08:05:22+00:00\",\"description\":\"Hier finden Sie alle Antworten der Chirurgie und des medizinischen Teams der Klinik der Hoffnung auf die am h\u00e4ufigsten gestellten Fragen der meisten unserer Patienten.\",\"breadcrumb\":{\"@id\":\"https:\\\/\\\/www.polycliniqueplus.com\\\/de\\\/haeufig-gestellte-fragen\\\/#breadcrumb\"},\"inLanguage\":\"de\",\"potentialAction\":[{\"@type\":\"ReadAction\",\"target\":[\"https:\\\/\\\/www.polycliniqueplus.com\\\/de\\\/haeufig-gestellte-fragen\\\/\"]}]},{\"@type\":\"BreadcrumbList\",\"@id\":\"https:\\\/\\\/www.polycliniqueplus.com\\\/de\\\/haeufig-gestellte-fragen\\\/#breadcrumb\",\"itemListElement\":[{\"@type\":\"ListItem\",\"position\":1,\"name\":\"Accueil\",\"item\":\"https:\\\/\\\/www.polycliniqueplus.com\\\/de\\\/\"},{\"@type\":\"ListItem\",\"position\":2,\"name\":\"Frage &amp; Antwort Sch\u00f6nheitschirurgie in der T\u00fcrkei\"}]},{\"@type\":\"WebSite\",\"@id\":\"https:\\\/\\\/www.polycliniqueplus.com\\\/de\\\/#website\",\"url\":\"https:\\\/\\\/www.polycliniqueplus.com\\\/de\\\/\",\"name\":\"Chirurgie esthetique Turquie : Prix interventions meilleures cliniques Istanbul\",\"description\":\"Chirurgie esthetique Turquie prix pas cher\",\"publisher\":{\"@id\":\"https:\\\/\\\/www.polycliniqueplus.com\\\/de\\\/#organization\"},\"potentialAction\":[{\"@type\":\"SearchAction\",\"target\":{\"@type\":\"EntryPoint\",\"urlTemplate\":\"https:\\\/\\\/www.polycliniqueplus.com\\\/de\\\/?s={search_term_string}\"},\"query-input\":{\"@type\":\"PropertyValueSpecification\",\"valueRequired\":true,\"valueName\":\"search_term_string\"}}],\"inLanguage\":\"de\"},{\"@type\":\"Organization\",\"@id\":\"https:\\\/\\\/www.polycliniqueplus.com\\\/de\\\/#organization\",\"name\":\"Polycliniqueplus chirurgie esthetique Turquie\",\"url\":\"https:\\\/\\\/www.polycliniqueplus.com\\\/de\\\/\",\"logo\":{\"@type\":\"ImageObject\",\"inLanguage\":\"de\",\"@id\":\"https:\\\/\\\/www.polycliniqueplus.com\\\/de\\\/#\\\/schema\\\/logo\\\/image\\\/\",\"url\":\"https:\\\/\\\/www.polycliniqueplus.com\\\/wp-content\\\/uploads\\\/2021\\\/03\\\/cropped-add-box-fill.png\",\"contentUrl\":\"https:\\\/\\\/www.polycliniqueplus.com\\\/wp-content\\\/uploads\\\/2021\\\/03\\\/cropped-add-box-fill.png\",\"width\":512,\"height\":512,\"caption\":\"Polycliniqueplus chirurgie esthetique Turquie\"},\"image\":{\"@id\":\"https:\\\/\\\/www.polycliniqueplus.com\\\/de\\\/#\\\/schema\\\/logo\\\/image\\\/\"},\"sameAs\":[\"https:\\\/\\\/www.facebook.com\\\/polycliniqueplus\",\"https:\\\/\\\/x.com\\\/polyclinique1\",\"https:\\\/\\\/www.youtube.com\\\/channel\\\/UCAnK3TORJqflIuYGFa-JQDw\"]}]}<\/script>\n<!-- \/ Yoast SEO plugin. -->","yoast_head_json":{"title":"Frage & Antworten Sch\u00f6nheitschirurgie in Tunesien","description":"Hier finden Sie alle Antworten der Chirurgie und des medizinischen Teams der Klinik der Hoffnung auf die am h\u00e4ufigsten gestellten Fragen der meisten unserer Patienten.","robots":{"index":"index","follow":"follow","max-snippet":"max-snippet:-1","max-image-preview":"max-image-preview:large","max-video-preview":"max-video-preview:-1"},"canonical":"https:\/\/www.polycliniqueplus.com\/de\/haeufig-gestellte-fragen\/","og_locale":"de_DE","og_type":"article","og_title":"Frage & Antworten Sch\u00f6nheitschirurgie in Tunesien","og_description":"Hier finden Sie alle Antworten der Chirurgie und des medizinischen Teams der Klinik der Hoffnung auf die am h\u00e4ufigsten gestellten Fragen der meisten unserer Patienten.","og_url":"https:\/\/www.polycliniqueplus.com\/de\/haeufig-gestellte-fragen\/","og_site_name":"Chirurgie esthetique Turquie : Prix interventions meilleures cliniques Istanbul","article_publisher":"https:\/\/www.facebook.com\/polycliniqueplus","article_modified_time":"2023-01-13T08:05:22+00:00","og_image":[{"width":574,"height":586,"url":"https:\/\/www.polycliniqueplus.com\/wp-content\/uploads\/2021\/02\/interventions-de-chirurgie-plastique.jpg","type":"image\/jpeg"}],"twitter_card":"summary_large_image","twitter_site":"@polyclinique1","twitter_misc":{"Gesch\u00e4tzte Lesezeit":"4\u00a0Minuten"},"schema":{"@context":"https:\/\/schema.org","@graph":[{"@type":"WebPage","@id":"https:\/\/www.polycliniqueplus.com\/de\/haeufig-gestellte-fragen\/","url":"https:\/\/www.polycliniqueplus.com\/de\/haeufig-gestellte-fragen\/","name":"Frage & Antworten Sch\u00f6nheitschirurgie in Tunesien","isPartOf":{"@id":"https:\/\/www.polycliniqueplus.com\/de\/#website"},"datePublished":"2017-06-18T17:33:59+00:00","dateModified":"2023-01-13T08:05:22+00:00","description":"Hier finden Sie alle Antworten der Chirurgie und des medizinischen Teams der Klinik der Hoffnung auf die am h\u00e4ufigsten gestellten Fragen der meisten unserer Patienten.","breadcrumb":{"@id":"https:\/\/www.polycliniqueplus.com\/de\/haeufig-gestellte-fragen\/#breadcrumb"},"inLanguage":"de","potentialAction":[{"@type":"ReadAction","target":["https:\/\/www.polycliniqueplus.com\/de\/haeufig-gestellte-fragen\/"]}]},{"@type":"BreadcrumbList","@id":"https:\/\/www.polycliniqueplus.com\/de\/haeufig-gestellte-fragen\/#breadcrumb","itemListElement":[{"@type":"ListItem","position":1,"name":"Accueil","item":"https:\/\/www.polycliniqueplus.com\/de\/"},{"@type":"ListItem","position":2,"name":"Frage &amp; Antwort Sch\u00f6nheitschirurgie in der T\u00fcrkei"}]},{"@type":"WebSite","@id":"https:\/\/www.polycliniqueplus.com\/de\/#website","url":"https:\/\/www.polycliniqueplus.com\/de\/","name":"Chirurgie esthetique Turquie : Prix interventions meilleures cliniques Istanbul","description":"Chirurgie esthetique Turquie prix pas cher","publisher":{"@id":"https:\/\/www.polycliniqueplus.com\/de\/#organization"},"potentialAction":[{"@type":"SearchAction","target":{"@type":"EntryPoint","urlTemplate":"https:\/\/www.polycliniqueplus.com\/de\/?s={search_term_string}"},"query-input":{"@type":"PropertyValueSpecification","valueRequired":true,"valueName":"search_term_string"}}],"inLanguage":"de"},{"@type":"Organization","@id":"https:\/\/www.polycliniqueplus.com\/de\/#organization","name":"Polycliniqueplus chirurgie esthetique Turquie","url":"https:\/\/www.polycliniqueplus.com\/de\/","logo":{"@type":"ImageObject","inLanguage":"de","@id":"https:\/\/www.polycliniqueplus.com\/de\/#\/schema\/logo\/image\/","url":"https:\/\/www.polycliniqueplus.com\/wp-content\/uploads\/2021\/03\/cropped-add-box-fill.png","contentUrl":"https:\/\/www.polycliniqueplus.com\/wp-content\/uploads\/2021\/03\/cropped-add-box-fill.png","width":512,"height":512,"caption":"Polycliniqueplus chirurgie esthetique Turquie"},"image":{"@id":"https:\/\/www.polycliniqueplus.com\/de\/#\/schema\/logo\/image\/"},"sameAs":["https:\/\/www.facebook.com\/polycliniqueplus","https:\/\/x.com\/polyclinique1","https:\/\/www.youtube.com\/channel\/UCAnK3TORJqflIuYGFa-JQDw"]}]}},"_links":{"self":[{"href":"https:\/\/www.polycliniqueplus.com\/de\/wp-json\/wp\/v2\/pages\/13432","targetHints":{"allow":["GET"]}}],"collection":[{"href":"https:\/\/www.polycliniqueplus.com\/de\/wp-json\/wp\/v2\/pages"}],"about":[{"href":"https:\/\/www.polycliniqueplus.com\/de\/wp-json\/wp\/v2\/types\/page"}],"author":[{"embeddable":true,"href":"https:\/\/www.polycliniqueplus.com\/de\/wp-json\/wp\/v2\/users\/1"}],"replies":[{"embeddable":true,"href":"https:\/\/www.polycliniqueplus.com\/de\/wp-json\/wp\/v2\/comments?post=13432"}],"version-history":[{"count":8,"href":"https:\/\/www.polycliniqueplus.com\/de\/wp-json\/wp\/v2\/pages\/13432\/revisions"}],"predecessor-version":[{"id":13443,"href":"https:\/\/www.polycliniqueplus.com\/de\/wp-json\/wp\/v2\/pages\/13432\/revisions\/13443"}],"wp:attachment":[{"href":"https:\/\/www.polycliniqueplus.com\/de\/wp-json\/wp\/v2\/media?parent=13432"}],"curies":[{"name":"wp","href":"https:\/\/api.w.org\/{rel}","templated":true}]}}