{"id":13423,"date":"2017-06-18T19:42:49","date_gmt":"2017-06-18T17:42:49","guid":{"rendered":"https:\/\/www.polycliniqueplus.com\/mini-abdominoplastik-tuerkei-aesthetische-bauchchirurgie\/"},"modified":"2023-01-13T11:49:11","modified_gmt":"2023-01-13T10:49:11","slug":"mini-abdominoplastik-tuerkei","status":"publish","type":"page","link":"https:\/\/www.polycliniqueplus.com\/de\/mini-abdominoplastik-tuerkei\/","title":{"rendered":"Mini-Abdominoplastik T\u00fcrkei: \u00c4sthetische Bauchchirurgie"},"content":{"rendered":"<div data-elementor-type=\"wp-page\" data-elementor-id=\"13423\" class=\"elementor elementor-13423 elementor-107\" data-elementor-settings=\"{&quot;ha_cmc_init_switcher&quot;:&quot;no&quot;}\">\n\t\t\t\t\t\t<section class=\"elementor-section elementor-top-section elementor-element elementor-element-e4289d0 elementor-section-content-middle elementor-section-boxed elementor-section-height-default elementor-section-height-default\" data-id=\"e4289d0\" data-element_type=\"section\" data-settings=\"{&quot;_ha_eqh_enable&quot;:false}\">\n\t\t\t\t\t\t<div class=\"elementor-container elementor-column-gap-default\">\n\t\t\t\t\t<div class=\"elementor-column elementor-col-50 elementor-top-column elementor-element elementor-element-71d19eb\" data-id=\"71d19eb\" data-element_type=\"column\">\n\t\t\t<div class=\"elementor-widget-wrap elementor-element-populated\">\n\t\t\t\t\t\t<div class=\"elementor-element elementor-element-1f62d58 elementor-widget elementor-widget-text-editor\" data-id=\"1f62d58\" data-element_type=\"widget\" data-widget_type=\"text-editor.default\">\n\t\t\t\t<div class=\"elementor-widget-container\">\n\t\t\t\t\t\t\t<p>Die Mini-Bauchchirurgie oder <strong>Mini-Abdominoplastik<\/strong> ist ein Eingriff, der sich auf die <strong>Figurchirurgie<\/strong> bezieht und nur eine leichte <strong>Erschlaffung der Bauchhaut<\/strong> behandelt. Letzteres kann durch eine Schwangerschaft oder Gewichtsverlust verursacht werden, was zur Bildung von Falten an der Oberseite des Bauches f\u00fchrt.<\/p>\n<p>Die Mini-Abdominoplastik zielt darauf ab, kleine Fettp\u00f6lsterchen und lokalisiertes subkutanes Fett zu entfernen.<\/p>\n<h2>Bin ich ein Kandidat f\u00fcr diese Operation?<\/h2>\n<p>Diese <strong>Bauchdeckenstraffung<\/strong> ist f\u00fcr jeden Mann oder jede Frau geeignet, die <strong>\u00fcbersch\u00fcssiges Fett im Bereich oberhalb des Schambeins<\/strong> haben. Wer diesen <em>H\u00e4ngebauch<\/em> hat, kann <a href=\"https:\/\/www.polycliniqueplus.com\/de\/figurchirurgie-tuerkei\/\" target=\"_blank\" rel=\"noopener noreferrer\">die \u00fcbersch\u00fcssige Haut am Unterbauch<\/a> durch einen einfachen horizontalen Schnitt oberhalb des Schambeins <a href=\"https:\/\/www.polycliniqueplus.com\/de\/figurchirurgie-tuerkei\/\" target=\"_blank\" rel=\"noopener noreferrer\">entfernen<\/a>, der etwa 20 Zentimeter lang ist.<\/p>\n<p>Die Operation dauert nicht l\u00e4nger als drei Stunden und wird immer unter Vollnarkose durchgef\u00fchrt.<\/p>\n\t\t\t\t\t\t<\/div>\n\t\t\t\t<\/div>\n\t\t\t\t\t<\/div>\n\t\t<\/div>\n\t\t\t\t<div class=\"elementor-column elementor-col-50 elementor-top-column elementor-element elementor-element-c58218a\" data-id=\"c58218a\" data-element_type=\"column\">\n\t\t\t<div class=\"elementor-widget-wrap elementor-element-populated\">\n\t\t\t\t\t\t<div class=\"elementor-element elementor-element-be195c1 elementor-widget elementor-widget-image\" data-id=\"be195c1\" data-element_type=\"widget\" data-widget_type=\"image.default\">\n\t\t\t\t<div class=\"elementor-widget-container\">\n\t\t\t\t\t\t\t\t\t\t<figure class=\"wp-caption\">\n\t\t\t\t\t\t\t\t\t\t<noscript><img fetchpriority=\"high\" decoding=\"async\" width=\"574\" height=\"586\" src=\"https:\/\/www.polycliniqueplus.com\/wp-content\/uploads\/2021\/03\/mini_plastie_abdominale.jpg\" class=\"attachment-large size-large wp-image-12624\" alt srcset=\"https:\/\/www.polycliniqueplus.com\/wp-content\/uploads\/2021\/03\/mini_plastie_abdominale.jpg 574w, https:\/\/www.polycliniqueplus.com\/wp-content\/uploads\/2021\/03\/mini_plastie_abdominale-294x300.jpg 294w\" sizes=\"(max-width: 574px) 100vw, 574px\"><\/noscript><img fetchpriority=\"high\" decoding=\"async\" width=\"574\" height=\"586\" src=\"data:image\/svg+xml,%3Csvg%20xmlns%3D%22http%3A%2F%2Fwww.w3.org%2F2000%2Fsvg%22%20viewBox%3D%220%200%20574%20586%22%3E%3C%2Fsvg%3E\" class=\"attachment-large size-large wp-image-12624 lazyload\" alt srcset=\"data:image\/svg+xml,%3Csvg%20xmlns%3D%22http%3A%2F%2Fwww.w3.org%2F2000%2Fsvg%22%20viewBox%3D%220%200%20574%20586%22%3E%3C%2Fsvg%3E 574w\" sizes=\"(max-width: 574px) 100vw, 574px\" data-srcset=\"https:\/\/www.polycliniqueplus.com\/wp-content\/uploads\/2021\/03\/mini_plastie_abdominale.jpg 574w, https:\/\/www.polycliniqueplus.com\/wp-content\/uploads\/2021\/03\/mini_plastie_abdominale-294x300.jpg 294w\" data-src=\"https:\/\/www.polycliniqueplus.com\/wp-content\/uploads\/2021\/03\/mini_plastie_abdominale.jpg\">\t\t\t\t\t\t\t\t\t\t\t<figcaption class=\"widget-image-caption wp-caption-text\">Mini-Abdominalplastik<\/figcaption>\n\t\t\t\t\t\t\t\t\t\t<\/figure>\n\t\t\t\t\t\t\t<\/div>\n\t\t\t\t<\/div>\n\t\t\t\t\t<\/div>\n\t\t<\/div>\n\t\t\t\t\t<\/div>\n\t\t<\/section>\n\t\t\t\t<section class=\"elementor-section elementor-top-section elementor-element elementor-element-12beb07 elementor-section-boxed elementor-section-height-default elementor-section-height-default\" data-id=\"12beb07\" data-element_type=\"section\" data-settings=\"{&quot;background_background&quot;:&quot;classic&quot;,&quot;_ha_eqh_enable&quot;:false}\">\n\t\t\t\t\t\t<div class=\"elementor-container elementor-column-gap-default\">\n\t\t\t\t\t<div class=\"elementor-column elementor-col-100 elementor-top-column elementor-element elementor-element-73b40dc\" data-id=\"73b40dc\" data-element_type=\"column\">\n\t\t\t<div class=\"elementor-widget-wrap elementor-element-populated\">\n\t\t\t\t\t\t<div class=\"elementor-element elementor-element-78c4286 elementor-widget elementor-widget-text-editor\" data-id=\"78c4286\" data-element_type=\"widget\" data-widget_type=\"text-editor.default\">\n\t\t\t\t<div class=\"elementor-widget-container\">\n\t\t\t\t\t\t\t<style>\nhtml body a.whatsapp-button {\n    display: inline-block;\n    background-color: #25D366;\n    font-size: 16px;\n    font-weight: bold;\n    padding: 12px 20px;\n    text-align: center;\n    text-decoration: none;\n    border-radius: 5px;\n    box-shadow: 0 4px 6px rgba(0, 0, 0, 0.1);\n    transition: background-color 0.3s ease, transform 0.2s ease;\n    color: white!important;\n}\n\n.whatsapp-button:hover {\n    background-color: #1EBE54;\n    transform: translateY(-2px);\n}\n\n.whatsapp-button:active {\n    transform: translateY(0);\n}\n\n.align_center {\n    display: block;\n    text-align: center;\n    padding: 30px 0px;\n}\n\n<\/style>\n<div class=\"align_center\">\n<a href=\"https:\/\/api.whatsapp.com\/send?phone=+33635235712&amp;&amp;text=Hallo, ich w\u00fcrde gerne Ihre Interventionen und Preise kennenlernen!\" class=\"whatsapp-button\" target=\"_blank\">\n    Klicken Sie f\u00fcr ein kostenloses Whatsapp-Angebot\n<\/a>\n<\/div>\t\t\t\t\t\t<\/div>\n\t\t\t\t<\/div>\n\t\t\t\t\t<\/div>\n\t\t<\/div>\n\t\t\t\t\t<\/div>\n\t\t<\/section>\n\t\t\t\t<section class=\"elementor-section elementor-top-section elementor-element elementor-element-610360db elementor-section-boxed elementor-section-height-default elementor-section-height-default\" data-id=\"610360db\" data-element_type=\"section\" data-settings=\"{&quot;_ha_eqh_enable&quot;:false}\">\n\t\t\t\t\t\t<div class=\"elementor-container elementor-column-gap-default\">\n\t\t\t\t\t<div class=\"elementor-column elementor-col-100 elementor-top-column elementor-element elementor-element-5bd0838a\" data-id=\"5bd0838a\" data-element_type=\"column\">\n\t\t\t<div class=\"elementor-widget-wrap elementor-element-populated\">\n\t\t\t\t\t\t<div class=\"elementor-element elementor-element-77dbd04a elementor-widget elementor-widget-text-editor\" data-id=\"77dbd04a\" data-element_type=\"widget\" data-widget_type=\"text-editor.default\">\n\t\t\t\t<div class=\"elementor-widget-container\">\n\t\t\t\t\t\t\t<h2>Postoperative Folgen einer Mini-Abdominoplastik<\/h2>\n<h3>Die Narbe<\/h3>\nEine <strong>Mini-Bauchoperation<\/strong> ist viel weniger belastend als eine <a href=\"https:\/\/www.polycliniqueplus.com\/de\/abdominoplastik-tuerkei\/\">Bauchoperation<\/a>, da nur eine kleine Menge Haut an einem Teil unterhalb des Nabels entfernt wird, was dazu f\u00fchrt, dass die Narbe viel kleiner ist als bei<strong>einer klassischen Bauch<\/strong>deckenstraffung. Die Wunde wird geschlossen und gen\u00e4ht.\n<h3>Tipps, die Sie befolgen sollten<\/h3>\nUm einen reibungslosen Ablauf und eine gute k\u00f6rperliche Verfassung zu gew\u00e4hrleisten, sollten Sie vor der Operation mindestens drei Wochen lang keine Aspirin oder entz\u00fcndungshemmende Medikamente einnehmen. Eine ausgewogene Ern\u00e4hrung und Sport\u00fcbungen sind das beste Rezept f\u00fcr einen flachen Bauch. Auch Alkohol und Tabak sind f\u00fcr etwa einen Monat vor und nach dem Eingriff verboten. Vermeiden Sie nach der Operation k\u00f6rperliche Anstrengungen wie schnelles Gehen und Geschlechtsverkehr f\u00fcr mindestens drei Wochen.\t\t\t\t\t\t<\/div>\n\t\t\t\t<\/div>\n\t\t\t\t\t<\/div>\n\t\t<\/div>\n\t\t\t\t\t<\/div>\n\t\t<\/section>\n\t\t\t\t<section class=\"elementor-section elementor-top-section elementor-element elementor-element-1495cb3 elementor-section-boxed elementor-section-height-default elementor-section-height-default\" data-id=\"1495cb3\" data-element_type=\"section\" data-settings=\"{&quot;background_background&quot;:&quot;classic&quot;,&quot;_ha_eqh_enable&quot;:false}\">\n\t\t\t\t\t\t<div class=\"elementor-container elementor-column-gap-default\">\n\t\t\t\t\t<div class=\"elementor-column elementor-col-100 elementor-top-column elementor-element elementor-element-23b638a\" data-id=\"23b638a\" data-element_type=\"column\">\n\t\t\t<div class=\"elementor-widget-wrap elementor-element-populated\">\n\t\t\t\t\t\t<div class=\"elementor-element elementor-element-0fbc087 elementor-widget elementor-widget-heading\" data-id=\"0fbc087\" data-element_type=\"widget\" data-widget_type=\"heading.default\">\n\t\t\t\t<div class=\"elementor-widget-container\">\n\t\t\t<h4 class=\"elementor-heading-title elementor-size-default\">SCHNELLER UND 100% KOSTENLOSER ONLINE-KOSTENVORANSCHLAG<\/h4>\t\t<\/div>\n\t\t\t\t<\/div>\n\t\t\t\t<div class=\"elementor-element elementor-element-d2457b0 elementor-align-center elementor-widget elementor-widget-button\" data-id=\"d2457b0\" data-element_type=\"widget\" data-widget_type=\"button.default\">\n\t\t\t\t<div class=\"elementor-widget-container\">\n\t\t\t\t\t<div class=\"elementor-button-wrapper\">\n\t\t\t<a class=\"elementor-button elementor-button-link elementor-size-sm\" href=\"https:\/\/www.polycliniqueplus.com\/de\/kostenvoranschlag\/\">\n\t\t\t\t\t\t<span class=\"elementor-button-content-wrapper\">\n\t\t\t\t\t\t<span class=\"elementor-button-icon\">\n\t\t\t\t<i aria-hidden=\"true\" class=\"fas fa-arrow-right\"><\/i>\t\t\t<\/span>\n\t\t\t\t\t\t\t\t\t<span class=\"elementor-button-text\">Kostenvoranschlag Mini Abdominoplastik<\/span>\n\t\t\t\t\t<\/span>\n\t\t\t\t\t<\/a>\n\t\t<\/div>\n\t\t\t\t<\/div>\n\t\t\t\t<\/div>\n\t\t\t\t\t<\/div>\n\t\t<\/div>\n\t\t\t\t\t<\/div>\n\t\t<\/section>\n\t\t\t\t<\/div>\n\t\t","protected":false},"excerpt":{"rendered":"<p>Die Mini-Bauchchirurgie oder Mini-Abdominoplastik ist ein Eingriff, der sich auf die Figurchirurgie bezieht und nur eine leichte Erschlaffung der Bauchhaut behandelt. Letzteres kann durch eine Schwangerschaft oder Gewichtsverlust verursacht werden, was zur Bildung von Falten an der Oberseite des Bauches f\u00fchrt. Die Mini-Abdominoplastik zielt darauf ab, kleine Fettp\u00f6lsterchen und lokalisiertes subkutanes Fett zu entfernen. Bin [&hellip;]<\/p>\n","protected":false},"author":1,"featured_media":12624,"parent":0,"menu_order":0,"comment_status":"closed","ping_status":"closed","template":"","meta":{"footnotes":""},"class_list":["post-13423","page","type-page","status-publish","has-post-thumbnail","hentry"],"yoast_head":"<!-- This site is optimized with the Yoast SEO plugin v27.3 - https:\/\/yoast.com\/product\/yoast-seo-wordpress\/ -->\n<title>Mini-Abdominoplastik T\u00fcrkei: Mini-Abdominoplastik zu erschwinglichen Preisen<\/title>\n<meta name=\"description\" content=\"Mini-Abdominoplastik T\u00fcrkei: Alles \u00fcber die Mini-Abdominoplastik, die Unterschiede zwischen Abdominoplastik und Mini-Abdominoplastik und die Ergebnisse.\" \/>\n<meta name=\"robots\" content=\"index, follow, max-snippet:-1, max-image-preview:large, max-video-preview:-1\" \/>\n<link rel=\"canonical\" href=\"https:\/\/www.polycliniqueplus.com\/de\/mini-abdominoplastik-tuerkei\/\" \/>\n<meta property=\"og:locale\" content=\"de_DE\" \/>\n<meta property=\"og:type\" content=\"article\" \/>\n<meta property=\"og:title\" content=\"Mini-Abdominoplastik T\u00fcrkei: Mini-Abdominoplastik zu erschwinglichen Preisen\" \/>\n<meta property=\"og:description\" content=\"Mini-Abdominoplastik T\u00fcrkei: Alles \u00fcber die Mini-Abdominoplastik, die Unterschiede zwischen Abdominoplastik und Mini-Abdominoplastik und die Ergebnisse.\" \/>\n<meta property=\"og:url\" content=\"https:\/\/www.polycliniqueplus.com\/de\/mini-abdominoplastik-tuerkei\/\" \/>\n<meta property=\"og:site_name\" content=\"Chirurgie esthetique Turquie : Prix interventions meilleures cliniques Istanbul\" \/>\n<meta property=\"article:publisher\" content=\"https:\/\/www.facebook.com\/polycliniqueplus\" \/>\n<meta property=\"article:modified_time\" content=\"2023-01-13T10:49:11+00:00\" \/>\n<meta property=\"og:image\" content=\"https:\/\/www.polycliniqueplus.com\/wp-content\/uploads\/2021\/03\/mini_plastie_abdominale.jpg\" \/>\n\t<meta property=\"og:image:width\" content=\"574\" \/>\n\t<meta property=\"og:image:height\" content=\"586\" \/>\n\t<meta property=\"og:image:type\" content=\"image\/jpeg\" \/>\n<meta name=\"twitter:card\" content=\"summary_large_image\" \/>\n<meta name=\"twitter:site\" content=\"@polyclinique1\" \/>\n<meta name=\"twitter:label1\" content=\"Gesch\u00e4tzte Lesezeit\" \/>\n\t<meta name=\"twitter:data1\" content=\"2\u00a0Minuten\" \/>\n<script type=\"application\/ld+json\" class=\"yoast-schema-graph\">{\"@context\":\"https:\\\/\\\/schema.org\",\"@graph\":[{\"@type\":\"WebPage\",\"@id\":\"https:\\\/\\\/www.polycliniqueplus.com\\\/de\\\/mini-abdominoplastik-tuerkei\\\/\",\"url\":\"https:\\\/\\\/www.polycliniqueplus.com\\\/de\\\/mini-abdominoplastik-tuerkei\\\/\",\"name\":\"Mini-Abdominoplastik T\u00fcrkei: Mini-Abdominoplastik zu erschwinglichen Preisen\",\"isPartOf\":{\"@id\":\"https:\\\/\\\/www.polycliniqueplus.com\\\/de\\\/#website\"},\"primaryImageOfPage\":{\"@id\":\"https:\\\/\\\/www.polycliniqueplus.com\\\/de\\\/mini-abdominoplastik-tuerkei\\\/#primaryimage\"},\"image\":{\"@id\":\"https:\\\/\\\/www.polycliniqueplus.com\\\/de\\\/mini-abdominoplastik-tuerkei\\\/#primaryimage\"},\"thumbnailUrl\":\"https:\\\/\\\/www.polycliniqueplus.com\\\/wp-content\\\/uploads\\\/2021\\\/03\\\/mini_plastie_abdominale.jpg\",\"datePublished\":\"2017-06-18T17:42:49+00:00\",\"dateModified\":\"2023-01-13T10:49:11+00:00\",\"description\":\"Mini-Abdominoplastik T\u00fcrkei: Alles \u00fcber die Mini-Abdominoplastik, die Unterschiede zwischen Abdominoplastik und Mini-Abdominoplastik und die Ergebnisse.\",\"breadcrumb\":{\"@id\":\"https:\\\/\\\/www.polycliniqueplus.com\\\/de\\\/mini-abdominoplastik-tuerkei\\\/#breadcrumb\"},\"inLanguage\":\"de\",\"potentialAction\":[{\"@type\":\"ReadAction\",\"target\":[\"https:\\\/\\\/www.polycliniqueplus.com\\\/de\\\/mini-abdominoplastik-tuerkei\\\/\"]}]},{\"@type\":\"ImageObject\",\"inLanguage\":\"de\",\"@id\":\"https:\\\/\\\/www.polycliniqueplus.com\\\/de\\\/mini-abdominoplastik-tuerkei\\\/#primaryimage\",\"url\":\"https:\\\/\\\/www.polycliniqueplus.com\\\/wp-content\\\/uploads\\\/2021\\\/03\\\/mini_plastie_abdominale.jpg\",\"contentUrl\":\"https:\\\/\\\/www.polycliniqueplus.com\\\/wp-content\\\/uploads\\\/2021\\\/03\\\/mini_plastie_abdominale.jpg\",\"width\":574,\"height\":586,\"caption\":\"Mini plastie abdominale\"},{\"@type\":\"BreadcrumbList\",\"@id\":\"https:\\\/\\\/www.polycliniqueplus.com\\\/de\\\/mini-abdominoplastik-tuerkei\\\/#breadcrumb\",\"itemListElement\":[{\"@type\":\"ListItem\",\"position\":1,\"name\":\"Accueil\",\"item\":\"https:\\\/\\\/www.polycliniqueplus.com\\\/de\\\/\"},{\"@type\":\"ListItem\",\"position\":2,\"name\":\"Mini-Abdominoplastik T\u00fcrkei: \u00c4sthetische Bauchchirurgie\"}]},{\"@type\":\"WebSite\",\"@id\":\"https:\\\/\\\/www.polycliniqueplus.com\\\/de\\\/#website\",\"url\":\"https:\\\/\\\/www.polycliniqueplus.com\\\/de\\\/\",\"name\":\"Chirurgie esthetique Turquie : Prix interventions meilleures cliniques Istanbul\",\"description\":\"Chirurgie esthetique Turquie prix pas cher\",\"publisher\":{\"@id\":\"https:\\\/\\\/www.polycliniqueplus.com\\\/de\\\/#organization\"},\"potentialAction\":[{\"@type\":\"SearchAction\",\"target\":{\"@type\":\"EntryPoint\",\"urlTemplate\":\"https:\\\/\\\/www.polycliniqueplus.com\\\/de\\\/?s={search_term_string}\"},\"query-input\":{\"@type\":\"PropertyValueSpecification\",\"valueRequired\":true,\"valueName\":\"search_term_string\"}}],\"inLanguage\":\"de\"},{\"@type\":\"Organization\",\"@id\":\"https:\\\/\\\/www.polycliniqueplus.com\\\/de\\\/#organization\",\"name\":\"Polycliniqueplus chirurgie esthetique Turquie\",\"url\":\"https:\\\/\\\/www.polycliniqueplus.com\\\/de\\\/\",\"logo\":{\"@type\":\"ImageObject\",\"inLanguage\":\"de\",\"@id\":\"https:\\\/\\\/www.polycliniqueplus.com\\\/de\\\/#\\\/schema\\\/logo\\\/image\\\/\",\"url\":\"https:\\\/\\\/www.polycliniqueplus.com\\\/wp-content\\\/uploads\\\/2021\\\/03\\\/cropped-add-box-fill.png\",\"contentUrl\":\"https:\\\/\\\/www.polycliniqueplus.com\\\/wp-content\\\/uploads\\\/2021\\\/03\\\/cropped-add-box-fill.png\",\"width\":512,\"height\":512,\"caption\":\"Polycliniqueplus chirurgie esthetique Turquie\"},\"image\":{\"@id\":\"https:\\\/\\\/www.polycliniqueplus.com\\\/de\\\/#\\\/schema\\\/logo\\\/image\\\/\"},\"sameAs\":[\"https:\\\/\\\/www.facebook.com\\\/polycliniqueplus\",\"https:\\\/\\\/x.com\\\/polyclinique1\",\"https:\\\/\\\/www.youtube.com\\\/channel\\\/UCAnK3TORJqflIuYGFa-JQDw\"]}]}<\/script>\n<!-- \/ Yoast SEO plugin. -->","yoast_head_json":{"title":"Mini-Abdominoplastik T\u00fcrkei: Mini-Abdominoplastik zu erschwinglichen Preisen","description":"Mini-Abdominoplastik T\u00fcrkei: Alles \u00fcber die Mini-Abdominoplastik, die Unterschiede zwischen Abdominoplastik und Mini-Abdominoplastik und die Ergebnisse.","robots":{"index":"index","follow":"follow","max-snippet":"max-snippet:-1","max-image-preview":"max-image-preview:large","max-video-preview":"max-video-preview:-1"},"canonical":"https:\/\/www.polycliniqueplus.com\/de\/mini-abdominoplastik-tuerkei\/","og_locale":"de_DE","og_type":"article","og_title":"Mini-Abdominoplastik T\u00fcrkei: Mini-Abdominoplastik zu erschwinglichen Preisen","og_description":"Mini-Abdominoplastik T\u00fcrkei: Alles \u00fcber die Mini-Abdominoplastik, die Unterschiede zwischen Abdominoplastik und Mini-Abdominoplastik und die Ergebnisse.","og_url":"https:\/\/www.polycliniqueplus.com\/de\/mini-abdominoplastik-tuerkei\/","og_site_name":"Chirurgie esthetique Turquie : Prix interventions meilleures cliniques Istanbul","article_publisher":"https:\/\/www.facebook.com\/polycliniqueplus","article_modified_time":"2023-01-13T10:49:11+00:00","og_image":[{"width":574,"height":586,"url":"https:\/\/www.polycliniqueplus.com\/wp-content\/uploads\/2021\/03\/mini_plastie_abdominale.jpg","type":"image\/jpeg"}],"twitter_card":"summary_large_image","twitter_site":"@polyclinique1","twitter_misc":{"Gesch\u00e4tzte Lesezeit":"2\u00a0Minuten"},"schema":{"@context":"https:\/\/schema.org","@graph":[{"@type":"WebPage","@id":"https:\/\/www.polycliniqueplus.com\/de\/mini-abdominoplastik-tuerkei\/","url":"https:\/\/www.polycliniqueplus.com\/de\/mini-abdominoplastik-tuerkei\/","name":"Mini-Abdominoplastik T\u00fcrkei: Mini-Abdominoplastik zu erschwinglichen Preisen","isPartOf":{"@id":"https:\/\/www.polycliniqueplus.com\/de\/#website"},"primaryImageOfPage":{"@id":"https:\/\/www.polycliniqueplus.com\/de\/mini-abdominoplastik-tuerkei\/#primaryimage"},"image":{"@id":"https:\/\/www.polycliniqueplus.com\/de\/mini-abdominoplastik-tuerkei\/#primaryimage"},"thumbnailUrl":"https:\/\/www.polycliniqueplus.com\/wp-content\/uploads\/2021\/03\/mini_plastie_abdominale.jpg","datePublished":"2017-06-18T17:42:49+00:00","dateModified":"2023-01-13T10:49:11+00:00","description":"Mini-Abdominoplastik T\u00fcrkei: Alles \u00fcber die Mini-Abdominoplastik, die Unterschiede zwischen Abdominoplastik und Mini-Abdominoplastik und die Ergebnisse.","breadcrumb":{"@id":"https:\/\/www.polycliniqueplus.com\/de\/mini-abdominoplastik-tuerkei\/#breadcrumb"},"inLanguage":"de","potentialAction":[{"@type":"ReadAction","target":["https:\/\/www.polycliniqueplus.com\/de\/mini-abdominoplastik-tuerkei\/"]}]},{"@type":"ImageObject","inLanguage":"de","@id":"https:\/\/www.polycliniqueplus.com\/de\/mini-abdominoplastik-tuerkei\/#primaryimage","url":"https:\/\/www.polycliniqueplus.com\/wp-content\/uploads\/2021\/03\/mini_plastie_abdominale.jpg","contentUrl":"https:\/\/www.polycliniqueplus.com\/wp-content\/uploads\/2021\/03\/mini_plastie_abdominale.jpg","width":574,"height":586,"caption":"Mini plastie abdominale"},{"@type":"BreadcrumbList","@id":"https:\/\/www.polycliniqueplus.com\/de\/mini-abdominoplastik-tuerkei\/#breadcrumb","itemListElement":[{"@type":"ListItem","position":1,"name":"Accueil","item":"https:\/\/www.polycliniqueplus.com\/de\/"},{"@type":"ListItem","position":2,"name":"Mini-Abdominoplastik T\u00fcrkei: \u00c4sthetische Bauchchirurgie"}]},{"@type":"WebSite","@id":"https:\/\/www.polycliniqueplus.com\/de\/#website","url":"https:\/\/www.polycliniqueplus.com\/de\/","name":"Chirurgie esthetique Turquie : Prix interventions meilleures cliniques Istanbul","description":"Chirurgie esthetique Turquie prix pas cher","publisher":{"@id":"https:\/\/www.polycliniqueplus.com\/de\/#organization"},"potentialAction":[{"@type":"SearchAction","target":{"@type":"EntryPoint","urlTemplate":"https:\/\/www.polycliniqueplus.com\/de\/?s={search_term_string}"},"query-input":{"@type":"PropertyValueSpecification","valueRequired":true,"valueName":"search_term_string"}}],"inLanguage":"de"},{"@type":"Organization","@id":"https:\/\/www.polycliniqueplus.com\/de\/#organization","name":"Polycliniqueplus chirurgie esthetique Turquie","url":"https:\/\/www.polycliniqueplus.com\/de\/","logo":{"@type":"ImageObject","inLanguage":"de","@id":"https:\/\/www.polycliniqueplus.com\/de\/#\/schema\/logo\/image\/","url":"https:\/\/www.polycliniqueplus.com\/wp-content\/uploads\/2021\/03\/cropped-add-box-fill.png","contentUrl":"https:\/\/www.polycliniqueplus.com\/wp-content\/uploads\/2021\/03\/cropped-add-box-fill.png","width":512,"height":512,"caption":"Polycliniqueplus chirurgie esthetique Turquie"},"image":{"@id":"https:\/\/www.polycliniqueplus.com\/de\/#\/schema\/logo\/image\/"},"sameAs":["https:\/\/www.facebook.com\/polycliniqueplus","https:\/\/x.com\/polyclinique1","https:\/\/www.youtube.com\/channel\/UCAnK3TORJqflIuYGFa-JQDw"]}]}},"_links":{"self":[{"href":"https:\/\/www.polycliniqueplus.com\/de\/wp-json\/wp\/v2\/pages\/13423","targetHints":{"allow":["GET"]}}],"collection":[{"href":"https:\/\/www.polycliniqueplus.com\/de\/wp-json\/wp\/v2\/pages"}],"about":[{"href":"https:\/\/www.polycliniqueplus.com\/de\/wp-json\/wp\/v2\/types\/page"}],"author":[{"embeddable":true,"href":"https:\/\/www.polycliniqueplus.com\/de\/wp-json\/wp\/v2\/users\/1"}],"replies":[{"embeddable":true,"href":"https:\/\/www.polycliniqueplus.com\/de\/wp-json\/wp\/v2\/comments?post=13423"}],"version-history":[{"count":6,"href":"https:\/\/www.polycliniqueplus.com\/de\/wp-json\/wp\/v2\/pages\/13423\/revisions"}],"predecessor-version":[{"id":13668,"href":"https:\/\/www.polycliniqueplus.com\/de\/wp-json\/wp\/v2\/pages\/13423\/revisions\/13668"}],"wp:featuredmedia":[{"embeddable":true,"href":"https:\/\/www.polycliniqueplus.com\/de\/wp-json\/wp\/v2\/media\/12624"}],"wp:attachment":[{"href":"https:\/\/www.polycliniqueplus.com\/de\/wp-json\/wp\/v2\/media?parent=13423"}],"curies":[{"name":"wp","href":"https:\/\/api.w.org\/{rel}","templated":true}]}}