{"id":13407,"date":"2021-12-06T12:26:06","date_gmt":"2021-12-06T11:26:06","guid":{"rendered":"https:\/\/www.polycliniqueplus.com\/preis-schoenheitschirurgie-tuerkei-eingriffe-und-aufenthalt-sparen-sie-bis-zu-75-bei-den-preisen-fuer-schoenheitsoperationen-istanbul\/"},"modified":"2023-01-13T08:46:46","modified_gmt":"2023-01-13T07:46:46","slug":"preis-schoenheitschirurgie-tuerkei","status":"publish","type":"page","link":"https:\/\/www.polycliniqueplus.com\/de\/preis-schoenheitschirurgie-tuerkei\/","title":{"rendered":"Preis Sch\u00f6nheitschirurgie T\u00fcrkei Eingriffe und Aufenthalt. Sparen Sie bis zu 75% bei den Preisen f\u00fcr Sch\u00f6nheitsoperationen Istanbul"},"content":{"rendered":"\t\t<div data-elementor-type=\"wp-page\" data-elementor-id=\"13407\" class=\"elementor elementor-13407 elementor-6950\" data-elementor-settings=\"{&quot;ha_cmc_init_switcher&quot;:&quot;no&quot;}\">\n\t\t\t\t\t\t<section class=\"elementor-section elementor-top-section elementor-element elementor-element-122709a elementor-section-boxed elementor-section-height-default elementor-section-height-default\" data-id=\"122709a\" data-element_type=\"section\" data-settings=\"{&quot;_ha_eqh_enable&quot;:false}\">\n\t\t\t\t\t\t<div class=\"elementor-container elementor-column-gap-default\">\n\t\t\t\t\t<div class=\"elementor-column elementor-col-100 elementor-top-column elementor-element elementor-element-8ba1060\" data-id=\"8ba1060\" data-element_type=\"column\">\n\t\t\t<div class=\"elementor-widget-wrap elementor-element-populated\">\n\t\t\t\t\t\t<div class=\"elementor-element elementor-element-2689810 elementor-widget elementor-widget-text-editor\" data-id=\"2689810\" data-element_type=\"widget\" data-widget_type=\"text-editor.default\">\n\t\t\t\t<div class=\"elementor-widget-container\">\n\t\t\t\t\t\t\tIn der T\u00fcrkei bieten mehrere Kliniken und Krankenh\u00e4user eine bessere Versorgung in einer Umgebung, die den zugelassenen Sicherheitsstandards entspricht. In der <strong>T\u00fcrkei<\/strong> ist es m\u00f6glich, eine <strong>Sch\u00f6nheitsoperation<\/strong>, die man sich w\u00fcnscht, zu einem <strong>sehr guten Preis<\/strong> und mit <strong>sehr guten Ergebnissen<\/strong> zu bekommen, um in Bestform zu sein. Denn die Chirurgen des Landes sind hoch qualifiziert, um in den sichersten H\u00e4nden operiert zu werden.\n\n\t\t\t\t\t\t<\/div>\n\t\t\t\t<\/div>\n\t\t\t\t<div class=\"elementor-element elementor-element-023e38b elementor-widget elementor-widget-text-editor\" data-id=\"023e38b\" data-element_type=\"widget\" data-widget_type=\"text-editor.default\">\n\t\t\t\t<div class=\"elementor-widget-container\">\n\t\t\t\t\t\t\tEs sollte nicht so schwierig sein, sich f\u00fcr eine <a href=\"https:\/\/www.polycliniqueplus.com\/de\/eingriffe-schoenheitschirurgie-tuerkei\/\" target=\"_blank\" rel=\"noopener\">Sch\u00f6nheitsoperation<\/a> zu entscheiden, wenn eine negative oder unzufriedene Situation am K\u00f6rper auftritt. Es gibt viele Behandlungsm\u00f6glichkeiten, die man w\u00e4hlen kann, um ein gl\u00fcckliches und gesundes Leben zu f\u00fchren.\n\n\t\t\t\t\t\t<\/div>\n\t\t\t\t<\/div>\n\t\t\t\t<div class=\"elementor-element elementor-element-2c53256 elementor-widget elementor-widget-text-editor\" data-id=\"2c53256\" data-element_type=\"widget\" data-widget_type=\"text-editor.default\">\n\t\t\t\t<div class=\"elementor-widget-container\">\n\t\t\t\t\t\t\tIn den <strong>Kliniken f\u00fcr plastische Chirurgie in der T\u00fcrkei<\/strong> werden viele Eingriffe wie z. B. die <strong><em>Abdominoplastik<\/em><\/strong>, die <strong> <em>Gesichtslifting<\/em><\/strong>, die <em><strong>Bruststraffung<\/strong><\/em>, l&#8216;<strong>\n<em>Brustvergr\u00f6\u00dferung<\/em><\/strong>, die <em>\n<strong>Brustverkleinerung<\/strong><\/em>, die <em>\n<strong>Rhinoplastik<\/strong><\/em>, l&#8216;<em><strong>Lippenvergr\u00f6\u00dferung<\/strong>\n<\/em> werden angeboten. Alle diese <strong>Interventionen werden zu sehr erschwinglichen Preisen angeboten<\/strong>.\t\t\t\t\t\t<\/div>\n\t\t\t\t<\/div>\n\t\t\t\t\t<\/div>\n\t\t<\/div>\n\t\t\t\t\t<\/div>\n\t\t<\/section>\n\t\t\t\t<section class=\"elementor-section elementor-top-section elementor-element elementor-element-a80ef38 elementor-section-boxed elementor-section-height-default elementor-section-height-default\" data-id=\"a80ef38\" data-element_type=\"section\" data-settings=\"{&quot;background_background&quot;:&quot;classic&quot;,&quot;_ha_eqh_enable&quot;:false}\">\n\t\t\t\t\t\t<div class=\"elementor-container elementor-column-gap-default\">\n\t\t\t\t\t<div class=\"elementor-column elementor-col-100 elementor-top-column elementor-element elementor-element-5f3624e\" data-id=\"5f3624e\" data-element_type=\"column\">\n\t\t\t<div class=\"elementor-widget-wrap elementor-element-populated\">\n\t\t\t\t\t\t<div class=\"elementor-element elementor-element-98feba3 elementor-widget elementor-widget-text-editor\" data-id=\"98feba3\" data-element_type=\"widget\" data-widget_type=\"text-editor.default\">\n\t\t\t\t<div class=\"elementor-widget-container\">\n\t\t\t\t\t\t\t<style>\r\nhtml body a.whatsapp-button {\r\n    display: inline-block;\r\n    background-color: #25D366;\r\n    font-size: 16px;\r\n    font-weight: bold;\r\n    padding: 12px 20px;\r\n    text-align: center;\r\n    text-decoration: none;\r\n    border-radius: 5px;\r\n    box-shadow: 0 4px 6px rgba(0, 0, 0, 0.1);\r\n    transition: background-color 0.3s ease, transform 0.2s ease;\r\n    color: white!important;\r\n}\r\n\r\n.whatsapp-button:hover {\r\n    background-color: #1EBE54;\r\n    transform: translateY(-2px);\r\n}\r\n\r\n.whatsapp-button:active {\r\n    transform: translateY(0);\r\n}\r\n\r\n.align_center {\r\n    display: block;\r\n    text-align: center;\r\n    padding: 30px 0px;\r\n}\r\n\r\n<\/style>\r\n<div class=\"align_center\">\r\n<a href=\"https:\/\/api.whatsapp.com\/send?phone=+33635235712&amp;&amp;text=Hallo, ich w\u00fcrde gerne Ihre Interventionen und Preise kennenlernen!\"\r\n    class=\"whatsapp-button\" target=\"_blank\">\r\n    Klicken Sie f\u00fcr ein kostenloses Whatsapp-Angebot\r\n<\/a>\r\n<\/div>\t\t\t\t\t\t<\/div>\n\t\t\t\t<\/div>\n\t\t\t\t\t<\/div>\n\t\t<\/div>\n\t\t\t\t\t<\/div>\n\t\t<\/section>\n\t\t\t\t<section class=\"elementor-section elementor-top-section elementor-element elementor-element-5a7a526 elementor-section-boxed elementor-section-height-default elementor-section-height-default\" data-id=\"5a7a526\" data-element_type=\"section\" data-settings=\"{&quot;_ha_eqh_enable&quot;:false}\">\n\t\t\t\t\t\t<div class=\"elementor-container elementor-column-gap-default\">\n\t\t\t\t\t<div class=\"elementor-column elementor-col-100 elementor-top-column elementor-element elementor-element-7d279fd5\" data-id=\"7d279fd5\" data-element_type=\"column\">\n\t\t\t<div class=\"elementor-widget-wrap elementor-element-populated\">\n\t\t\t\t\t\t<div class=\"elementor-element elementor-element-f0b4652 elementor-widget elementor-widget-text-editor\" data-id=\"f0b4652\" data-element_type=\"widget\" data-widget_type=\"text-editor.default\">\n\t\t\t\t<div class=\"elementor-widget-container\">\n\t\t\t\t\t\t\t<h2>Warum sollte man in die T\u00fcrkei reisen, um sich zu versch\u00f6nern?<\/h2>\nWenn Sie <strong>f\u00fcr eine Sch\u00f6nheitsoperation<\/strong> in die <strong>T\u00fcrkei<\/strong> reisen, k\u00f6nnen Sie<strong>viel Geld sparen<\/strong>. In der T\u00fcrkei gibt es hervorragende professionelle Chirurgen, und um die Standards der Klinik zu kontrollieren, hat das t\u00fcrkische Parlament einen Gesetzentwurf gebilligt, der den Gesundheitssektor und die Arbeitsstandards regulieren und f\u00f6rdern soll.\n\n\t\t\t\t\t\t<\/div>\n\t\t\t\t<\/div>\n\t\t\t\t<div class=\"elementor-element elementor-element-b904f2b elementor-widget elementor-widget-text-editor\" data-id=\"b904f2b\" data-element_type=\"widget\" data-widget_type=\"text-editor.default\">\n\t\t\t\t<div class=\"elementor-widget-container\">\n\t\t\t\t\t\t\t<p>Wenn Sie also in der T\u00fcrkei Ihren K\u00f6rper neu modellieren wollen, sollten Sie nur akkreditierte und vertrauensw\u00fcrdige Kliniken und Krankenh\u00e4user ausw\u00e4hlen, die ihre Arbeit und die Zufriedenheit ihrer Patienten durch Untersuchungen, vorher und nachher, nationale und internationale Akkreditierungen und Auszeichnungen nachweisen k\u00f6nnen, und auch bestimmen, welche Chirurgen dort arbeiten, welche Erfahrung sie haben, welche Ausbildung und Schulung sie absolviert haben etc.<\/p>\n\t\t\t\t\t\t<\/div>\n\t\t\t\t<\/div>\n\t\t\t\t<div class=\"elementor-element elementor-element-5ea05b00 elementor-widget elementor-widget-text-editor\" data-id=\"5ea05b00\" data-element_type=\"widget\" data-widget_type=\"text-editor.default\">\n\t\t\t\t<div class=\"elementor-widget-container\">\n\t\t\t\t\t\t\t<h2>Wie hoch sind die Preise f\u00fcr Sch\u00f6nheitsoperationen in der T\u00fcrkei?<\/h2>\n <a href=\"https:\/\/www.polycliniqueplus.com\/de\/preise-chirurgie-tuerkei\/\" target=\"_blank\" rel=\"noopener\">Tarife und Preise der Sch\u00f6nheitschirurgie T\u00fcrkei<\/a>  beinhalten den Eingriff, die Konsultation mit dem Chirurgen, die An\u00e4sthesie (Lokal- oder Vollnarkose, je nach Art der Operation), die Implantate (falls f\u00fcr die Operation erforderlich), alle Medikamente w\u00e4hrend des Aufenthalts in der Klinik, eine Nacht Aufenthalt in der Klinik mit Verpflegung (oder mehr, falls erforderlich), Hotelunterkunft je nach Art des Aufenthalts Vollpension, Termine, medizinische Kleidung (BH, Body oder anderes, je nach Art der Operation), regelm\u00e4\u00dfige postoperative Untersuchungen w\u00e4hrend des Aufenthalts.\n\n\t\t\t\t\t\t<\/div>\n\t\t\t\t<\/div>\n\t\t\t\t<div class=\"elementor-element elementor-element-5cf8351 elementor-widget elementor-widget-text-editor\" data-id=\"5cf8351\" data-element_type=\"widget\" data-widget_type=\"text-editor.default\">\n\t\t\t\t<div class=\"elementor-widget-container\">\n\t\t\t\t\t\t\tAuch wenn die meisten Eingriffe der <strong>Sch\u00f6nheitschirurgie in der T\u00fcrkei all-inclusive sind<\/strong>, variieren die Preise von Eingriff zu Eingriff.\n\t\t\t\t\t\t<\/div>\n\t\t\t\t<\/div>\n\t\t\t\t<div class=\"elementor-element elementor-element-ad2a45e elementor-widget elementor-widget-text-editor\" data-id=\"ad2a45e\" data-element_type=\"widget\" data-widget_type=\"text-editor.default\">\n\t\t\t\t<div class=\"elementor-widget-container\">\n\t\t\t\t\t\t\t<table border=\"1\" width=\"50%\" align=\"center\">\n<thead>\n<tr>\n<th align=\"center\" width=\"25%\">Interventionen<\/th>\n<th align=\"center\" bgcolor=\"#00CC66\" width=\"18%\">T\u00fcrkei<\/th>\n<th align=\"center\" width=\"19%\">Frankreich<\/th>\n<th align=\"center\" width=\"17%\">Vereinigtes K\u00f6nigreich<\/th>\n<th align=\"center\" width=\"21%\">Deutschland<\/th>\n<\/tr>\n<\/thead>\n<tbody>\n<tr>\n<td align=\"left\">Rhinoplastik<\/td>\n<td align=\"center\" bgcolor=\"#00CC66\">Ab 2.400 \u20ac<\/td>\n<td align=\"center\">7500 -10000 \u20ac<\/td>\n<td align=\"center\">\u00a33,000<\/td>\n<td align=\"center\">8.500 \u20ac<\/td>\n<\/tr>\n<tr>\n<td align=\"left\">Fettabsaugung<\/td>\n<td align=\"center\" bgcolor=\"#00CC66\">Ab 3.650 \u20ac<\/td>\n<td align=\"center\">5500 \u20ac &#8211; 6500 \u20ac<\/td>\n<td align=\"center\">\u00a34,000<\/td>\n<td align=\"center\">4.500 \u20ac<\/td>\n<\/tr>\n<tr>\n<td align=\"left\">Abdominoplastik<\/td>\n<td align=\"center\" bgcolor=\"#00CC66\">Ab 3.150 \u20ac<\/td>\n<td align=\"center\">7500 &#8211; 8500 \u20ac<\/td>\n<td align=\"center\">\u00a310,000<\/td>\n<td align=\"center\">7.500 \u20ac<\/td>\n<\/tr>\n<tr>\n<td align=\"left\">Brustvergr\u00f6\u00dferung<\/td>\n<td align=\"center\" bgcolor=\"#00CC66\">Ab 3.200<\/td>\n<td align=\"center\">6500 &#8211; 7500 \u20ac<\/td>\n<td align=\"center\">\u00a38,000<\/td>\n<td align=\"center\">7.000 \u20ac<\/td>\n<\/tr>\n<tr>\n<td align=\"left\">Bruststraffung<\/td>\n<td align=\"center\" bgcolor=\"#00CC66\">Ab 3.250<\/td>\n<td align=\"center\">7000 &#8211; 8000 \u20ac<\/td>\n<td align=\"center\">\u00a39,000<\/td>\n<td align=\"center\">8.500 \u20ac<\/td>\n<\/tr>\n<tr>\n<td align=\"left\">Blepharoplastik<\/td>\n<td align=\"center\" bgcolor=\"#00CC66\">Ab 3.050 \u20ac<\/td>\n<td align=\"center\">3500 &#8211; 3800 \u20ac<\/td>\n<td align=\"center\">\u00a34,000<\/td>\n<td align=\"center\">5.500 \u20ac<\/td>\n<\/tr>\n<tr>\n<td align=\"left\">Haartransplantation<\/td>\n<td align=\"center\" bgcolor=\"#00CC66\">Ab 2000\u20ac<\/td>\n<td align=\"center\">6000 &#8211; 7000 \u20ac<\/td>\n<td align=\"center\">\u00a38,000<\/td>\n<td align=\"center\">4.500 \u20ac<\/td>\n<\/tr>\n<\/tbody>\n<\/table>\t\t\t\t\t\t<\/div>\n\t\t\t\t<\/div>\n\t\t\t\t\t<\/div>\n\t\t<\/div>\n\t\t\t\t\t<\/div>\n\t\t<\/section>\n\t\t\t\t<section class=\"elementor-section elementor-top-section elementor-element elementor-element-147c1b2 elementor-section-boxed elementor-section-height-default elementor-section-height-default\" data-id=\"147c1b2\" data-element_type=\"section\" data-settings=\"{&quot;_ha_eqh_enable&quot;:false}\">\n\t\t\t\t\t\t<div class=\"elementor-container elementor-column-gap-default\">\n\t\t\t\t\t<div class=\"elementor-column elementor-col-100 elementor-top-column elementor-element elementor-element-89af007\" data-id=\"89af007\" data-element_type=\"column\">\n\t\t\t<div class=\"elementor-widget-wrap elementor-element-populated\">\n\t\t\t\t\t\t<div class=\"elementor-element elementor-element-1ccae54 elementor-button-success elementor-align-center elementor-widget elementor-widget-button\" data-id=\"1ccae54\" data-element_type=\"widget\" data-widget_type=\"button.default\">\n\t\t\t\t<div class=\"elementor-widget-container\">\n\t\t\t\t\t<div class=\"elementor-button-wrapper\">\n\t\t\t<a class=\"elementor-button elementor-button-link elementor-size-sm\" href=\"https:\/\/www.polycliniqueplus.com\/de\/kostenvoranschlag\/\">\n\t\t\t\t\t\t<span class=\"elementor-button-content-wrapper\">\n\t\t\t\t\t\t\t\t\t<span class=\"elementor-button-text\">Warten Sie nicht l\u00e4nger, sondern buchen Sie jetzt!  <\/span>\n\t\t\t\t\t<\/span>\n\t\t\t\t\t<\/a>\n\t\t<\/div>\n\t\t\t\t<\/div>\n\t\t\t\t<\/div>\n\t\t\t\t\t<\/div>\n\t\t<\/div>\n\t\t\t\t\t<\/div>\n\t\t<\/section>\n\t\t\t\t<\/div>\n\t\t","protected":false},"excerpt":{"rendered":"<p>In der T\u00fcrkei bieten mehrere Kliniken und Krankenh\u00e4user eine bessere Versorgung in einer Umgebung, die den zugelassenen Sicherheitsstandards entspricht. In der T\u00fcrkei ist es m\u00f6glich, eine Sch\u00f6nheitsoperation, die man sich w\u00fcnscht, zu einem sehr guten Preis und mit sehr guten Ergebnissen zu bekommen, um in Bestform zu sein. Denn die Chirurgen des Landes sind hoch [&hellip;]<\/p>\n","protected":false},"author":1,"featured_media":0,"parent":0,"menu_order":0,"comment_status":"closed","ping_status":"closed","template":"","meta":{"footnotes":""},"class_list":["post-13407","page","type-page","status-publish","hentry"],"yoast_head":"<!-- This site is optimized with the Yoast SEO plugin v27.3 - https:\/\/yoast.com\/product\/yoast-seo-wordpress\/ -->\n<title>Sparen Sie bis zu 75% auf den Preis Sch\u00f6nheitschirurgie T\u00fcrkei Eingriffe und Aufenthalt<\/title>\n<meta name=\"description\" content=\"Preis Sch\u00f6nheitschirurgie T\u00fcrkei: In den Kliniken f\u00fcr Sch\u00f6nheitschirurgie in der T\u00fcrkei werden zahlreiche chirurgische und nicht-chirurgische Eingriffe vorgenommen. Alle diese Interventionen werden zu sehr erschwinglichen Preisen angeboten.\" \/>\n<meta name=\"robots\" content=\"index, follow, max-snippet:-1, max-image-preview:large, max-video-preview:-1\" \/>\n<link rel=\"canonical\" href=\"https:\/\/www.polycliniqueplus.com\/de\/preis-schoenheitschirurgie-tuerkei\/\" \/>\n<meta property=\"og:locale\" content=\"de_DE\" \/>\n<meta property=\"og:type\" content=\"article\" \/>\n<meta property=\"og:title\" content=\"Sparen Sie bis zu 75% auf den Preis Sch\u00f6nheitschirurgie T\u00fcrkei Eingriffe und Aufenthalt\" \/>\n<meta property=\"og:description\" content=\"Preis Sch\u00f6nheitschirurgie T\u00fcrkei: In den Kliniken f\u00fcr Sch\u00f6nheitschirurgie in der T\u00fcrkei werden zahlreiche chirurgische und nicht-chirurgische Eingriffe vorgenommen. Alle diese Interventionen werden zu sehr erschwinglichen Preisen angeboten.\" \/>\n<meta property=\"og:url\" content=\"https:\/\/www.polycliniqueplus.com\/de\/preis-schoenheitschirurgie-tuerkei\/\" \/>\n<meta property=\"og:site_name\" content=\"Chirurgie esthetique Turquie : Prix interventions meilleures cliniques Istanbul\" \/>\n<meta property=\"article:publisher\" content=\"https:\/\/www.facebook.com\/polycliniqueplus\" \/>\n<meta property=\"article:modified_time\" content=\"2023-01-13T07:46:46+00:00\" \/>\n<meta property=\"og:image\" content=\"https:\/\/www.polycliniqueplus.com\/wp-content\/uploads\/2021\/02\/interventions-de-chirurgie-plastique.jpg\" \/>\n\t<meta property=\"og:image:width\" content=\"574\" \/>\n\t<meta property=\"og:image:height\" content=\"586\" \/>\n\t<meta property=\"og:image:type\" content=\"image\/jpeg\" \/>\n<meta name=\"twitter:card\" content=\"summary_large_image\" \/>\n<meta name=\"twitter:site\" content=\"@polyclinique1\" \/>\n<meta name=\"twitter:label1\" content=\"Gesch\u00e4tzte Lesezeit\" \/>\n\t<meta name=\"twitter:data1\" content=\"3\u00a0Minuten\" \/>\n<script type=\"application\/ld+json\" class=\"yoast-schema-graph\">{\"@context\":\"https:\\\/\\\/schema.org\",\"@graph\":[{\"@type\":\"WebPage\",\"@id\":\"https:\\\/\\\/www.polycliniqueplus.com\\\/de\\\/preis-schoenheitschirurgie-tuerkei\\\/\",\"url\":\"https:\\\/\\\/www.polycliniqueplus.com\\\/de\\\/preis-schoenheitschirurgie-tuerkei\\\/\",\"name\":\"Sparen Sie bis zu 75% auf den Preis Sch\u00f6nheitschirurgie T\u00fcrkei Eingriffe und Aufenthalt\",\"isPartOf\":{\"@id\":\"https:\\\/\\\/www.polycliniqueplus.com\\\/de\\\/#website\"},\"datePublished\":\"2021-12-06T11:26:06+00:00\",\"dateModified\":\"2023-01-13T07:46:46+00:00\",\"description\":\"Preis Sch\u00f6nheitschirurgie T\u00fcrkei: In den Kliniken f\u00fcr Sch\u00f6nheitschirurgie in der T\u00fcrkei werden zahlreiche chirurgische und nicht-chirurgische Eingriffe vorgenommen. Alle diese Interventionen werden zu sehr erschwinglichen Preisen angeboten.\",\"breadcrumb\":{\"@id\":\"https:\\\/\\\/www.polycliniqueplus.com\\\/de\\\/preis-schoenheitschirurgie-tuerkei\\\/#breadcrumb\"},\"inLanguage\":\"de\",\"potentialAction\":[{\"@type\":\"ReadAction\",\"target\":[\"https:\\\/\\\/www.polycliniqueplus.com\\\/de\\\/preis-schoenheitschirurgie-tuerkei\\\/\"]}]},{\"@type\":\"BreadcrumbList\",\"@id\":\"https:\\\/\\\/www.polycliniqueplus.com\\\/de\\\/preis-schoenheitschirurgie-tuerkei\\\/#breadcrumb\",\"itemListElement\":[{\"@type\":\"ListItem\",\"position\":1,\"name\":\"Accueil\",\"item\":\"https:\\\/\\\/www.polycliniqueplus.com\\\/de\\\/\"},{\"@type\":\"ListItem\",\"position\":2,\"name\":\"Preis Sch\u00f6nheitschirurgie T\u00fcrkei Eingriffe und Aufenthalt. Sparen Sie bis zu 75% bei den Preisen f\u00fcr Sch\u00f6nheitsoperationen Istanbul\"}]},{\"@type\":\"WebSite\",\"@id\":\"https:\\\/\\\/www.polycliniqueplus.com\\\/de\\\/#website\",\"url\":\"https:\\\/\\\/www.polycliniqueplus.com\\\/de\\\/\",\"name\":\"Chirurgie esthetique Turquie : Prix interventions meilleures cliniques Istanbul\",\"description\":\"Chirurgie esthetique Turquie prix pas cher\",\"publisher\":{\"@id\":\"https:\\\/\\\/www.polycliniqueplus.com\\\/de\\\/#organization\"},\"potentialAction\":[{\"@type\":\"SearchAction\",\"target\":{\"@type\":\"EntryPoint\",\"urlTemplate\":\"https:\\\/\\\/www.polycliniqueplus.com\\\/de\\\/?s={search_term_string}\"},\"query-input\":{\"@type\":\"PropertyValueSpecification\",\"valueRequired\":true,\"valueName\":\"search_term_string\"}}],\"inLanguage\":\"de\"},{\"@type\":\"Organization\",\"@id\":\"https:\\\/\\\/www.polycliniqueplus.com\\\/de\\\/#organization\",\"name\":\"Polycliniqueplus chirurgie esthetique Turquie\",\"url\":\"https:\\\/\\\/www.polycliniqueplus.com\\\/de\\\/\",\"logo\":{\"@type\":\"ImageObject\",\"inLanguage\":\"de\",\"@id\":\"https:\\\/\\\/www.polycliniqueplus.com\\\/de\\\/#\\\/schema\\\/logo\\\/image\\\/\",\"url\":\"https:\\\/\\\/www.polycliniqueplus.com\\\/wp-content\\\/uploads\\\/2021\\\/03\\\/cropped-add-box-fill.png\",\"contentUrl\":\"https:\\\/\\\/www.polycliniqueplus.com\\\/wp-content\\\/uploads\\\/2021\\\/03\\\/cropped-add-box-fill.png\",\"width\":512,\"height\":512,\"caption\":\"Polycliniqueplus chirurgie esthetique Turquie\"},\"image\":{\"@id\":\"https:\\\/\\\/www.polycliniqueplus.com\\\/de\\\/#\\\/schema\\\/logo\\\/image\\\/\"},\"sameAs\":[\"https:\\\/\\\/www.facebook.com\\\/polycliniqueplus\",\"https:\\\/\\\/x.com\\\/polyclinique1\",\"https:\\\/\\\/www.youtube.com\\\/channel\\\/UCAnK3TORJqflIuYGFa-JQDw\"]}]}<\/script>\n<!-- \/ Yoast SEO plugin. -->","yoast_head_json":{"title":"Sparen Sie bis zu 75% auf den Preis Sch\u00f6nheitschirurgie T\u00fcrkei Eingriffe und Aufenthalt","description":"Preis Sch\u00f6nheitschirurgie T\u00fcrkei: In den Kliniken f\u00fcr Sch\u00f6nheitschirurgie in der T\u00fcrkei werden zahlreiche chirurgische und nicht-chirurgische Eingriffe vorgenommen. Alle diese Interventionen werden zu sehr erschwinglichen Preisen angeboten.","robots":{"index":"index","follow":"follow","max-snippet":"max-snippet:-1","max-image-preview":"max-image-preview:large","max-video-preview":"max-video-preview:-1"},"canonical":"https:\/\/www.polycliniqueplus.com\/de\/preis-schoenheitschirurgie-tuerkei\/","og_locale":"de_DE","og_type":"article","og_title":"Sparen Sie bis zu 75% auf den Preis Sch\u00f6nheitschirurgie T\u00fcrkei Eingriffe und Aufenthalt","og_description":"Preis Sch\u00f6nheitschirurgie T\u00fcrkei: In den Kliniken f\u00fcr Sch\u00f6nheitschirurgie in der T\u00fcrkei werden zahlreiche chirurgische und nicht-chirurgische Eingriffe vorgenommen. Alle diese Interventionen werden zu sehr erschwinglichen Preisen angeboten.","og_url":"https:\/\/www.polycliniqueplus.com\/de\/preis-schoenheitschirurgie-tuerkei\/","og_site_name":"Chirurgie esthetique Turquie : Prix interventions meilleures cliniques Istanbul","article_publisher":"https:\/\/www.facebook.com\/polycliniqueplus","article_modified_time":"2023-01-13T07:46:46+00:00","og_image":[{"width":574,"height":586,"url":"https:\/\/www.polycliniqueplus.com\/wp-content\/uploads\/2021\/02\/interventions-de-chirurgie-plastique.jpg","type":"image\/jpeg"}],"twitter_card":"summary_large_image","twitter_site":"@polyclinique1","twitter_misc":{"Gesch\u00e4tzte Lesezeit":"3\u00a0Minuten"},"schema":{"@context":"https:\/\/schema.org","@graph":[{"@type":"WebPage","@id":"https:\/\/www.polycliniqueplus.com\/de\/preis-schoenheitschirurgie-tuerkei\/","url":"https:\/\/www.polycliniqueplus.com\/de\/preis-schoenheitschirurgie-tuerkei\/","name":"Sparen Sie bis zu 75% auf den Preis Sch\u00f6nheitschirurgie T\u00fcrkei Eingriffe und Aufenthalt","isPartOf":{"@id":"https:\/\/www.polycliniqueplus.com\/de\/#website"},"datePublished":"2021-12-06T11:26:06+00:00","dateModified":"2023-01-13T07:46:46+00:00","description":"Preis Sch\u00f6nheitschirurgie T\u00fcrkei: In den Kliniken f\u00fcr Sch\u00f6nheitschirurgie in der T\u00fcrkei werden zahlreiche chirurgische und nicht-chirurgische Eingriffe vorgenommen. Alle diese Interventionen werden zu sehr erschwinglichen Preisen angeboten.","breadcrumb":{"@id":"https:\/\/www.polycliniqueplus.com\/de\/preis-schoenheitschirurgie-tuerkei\/#breadcrumb"},"inLanguage":"de","potentialAction":[{"@type":"ReadAction","target":["https:\/\/www.polycliniqueplus.com\/de\/preis-schoenheitschirurgie-tuerkei\/"]}]},{"@type":"BreadcrumbList","@id":"https:\/\/www.polycliniqueplus.com\/de\/preis-schoenheitschirurgie-tuerkei\/#breadcrumb","itemListElement":[{"@type":"ListItem","position":1,"name":"Accueil","item":"https:\/\/www.polycliniqueplus.com\/de\/"},{"@type":"ListItem","position":2,"name":"Preis Sch\u00f6nheitschirurgie T\u00fcrkei Eingriffe und Aufenthalt. Sparen Sie bis zu 75% bei den Preisen f\u00fcr Sch\u00f6nheitsoperationen Istanbul"}]},{"@type":"WebSite","@id":"https:\/\/www.polycliniqueplus.com\/de\/#website","url":"https:\/\/www.polycliniqueplus.com\/de\/","name":"Chirurgie esthetique Turquie : Prix interventions meilleures cliniques Istanbul","description":"Chirurgie esthetique Turquie prix pas cher","publisher":{"@id":"https:\/\/www.polycliniqueplus.com\/de\/#organization"},"potentialAction":[{"@type":"SearchAction","target":{"@type":"EntryPoint","urlTemplate":"https:\/\/www.polycliniqueplus.com\/de\/?s={search_term_string}"},"query-input":{"@type":"PropertyValueSpecification","valueRequired":true,"valueName":"search_term_string"}}],"inLanguage":"de"},{"@type":"Organization","@id":"https:\/\/www.polycliniqueplus.com\/de\/#organization","name":"Polycliniqueplus chirurgie esthetique Turquie","url":"https:\/\/www.polycliniqueplus.com\/de\/","logo":{"@type":"ImageObject","inLanguage":"de","@id":"https:\/\/www.polycliniqueplus.com\/de\/#\/schema\/logo\/image\/","url":"https:\/\/www.polycliniqueplus.com\/wp-content\/uploads\/2021\/03\/cropped-add-box-fill.png","contentUrl":"https:\/\/www.polycliniqueplus.com\/wp-content\/uploads\/2021\/03\/cropped-add-box-fill.png","width":512,"height":512,"caption":"Polycliniqueplus chirurgie esthetique Turquie"},"image":{"@id":"https:\/\/www.polycliniqueplus.com\/de\/#\/schema\/logo\/image\/"},"sameAs":["https:\/\/www.facebook.com\/polycliniqueplus","https:\/\/x.com\/polyclinique1","https:\/\/www.youtube.com\/channel\/UCAnK3TORJqflIuYGFa-JQDw"]}]}},"_links":{"self":[{"href":"https:\/\/www.polycliniqueplus.com\/de\/wp-json\/wp\/v2\/pages\/13407","targetHints":{"allow":["GET"]}}],"collection":[{"href":"https:\/\/www.polycliniqueplus.com\/de\/wp-json\/wp\/v2\/pages"}],"about":[{"href":"https:\/\/www.polycliniqueplus.com\/de\/wp-json\/wp\/v2\/types\/page"}],"author":[{"embeddable":true,"href":"https:\/\/www.polycliniqueplus.com\/de\/wp-json\/wp\/v2\/users\/1"}],"replies":[{"embeddable":true,"href":"https:\/\/www.polycliniqueplus.com\/de\/wp-json\/wp\/v2\/comments?post=13407"}],"version-history":[{"count":8,"href":"https:\/\/www.polycliniqueplus.com\/de\/wp-json\/wp\/v2\/pages\/13407\/revisions"}],"predecessor-version":[{"id":13416,"href":"https:\/\/www.polycliniqueplus.com\/de\/wp-json\/wp\/v2\/pages\/13407\/revisions\/13416"}],"wp:attachment":[{"href":"https:\/\/www.polycliniqueplus.com\/de\/wp-json\/wp\/v2\/media?parent=13407"}],"curies":[{"name":"wp","href":"https:\/\/api.w.org\/{rel}","templated":true}]}}