{"id":13351,"date":"2021-05-04T15:20:15","date_gmt":"2021-05-04T13:20:15","guid":{"rendered":"https:\/\/www.polycliniqueplus.com\/brasilianisches-po-lifting-mit-lipo-vaser-tuerkei-preiswert\/"},"modified":"2023-01-12T16:59:22","modified_gmt":"2023-01-12T15:59:22","slug":"brasilianisches-gesaesslifting-mit-unterstuetzung-von-vaser-tuerkei","status":"publish","type":"page","link":"https:\/\/www.polycliniqueplus.com\/de\/brasilianisches-gesaesslifting-mit-unterstuetzung-von-vaser-tuerkei\/","title":{"rendered":"Brasilianisches Po-Lifting mit Lipo vaser T\u00fcrkei preiswert"},"content":{"rendered":"<div data-elementor-type=\"wp-page\" data-elementor-id=\"13351\" class=\"elementor elementor-13351 elementor-6165\" data-elementor-settings=\"{&quot;ha_cmc_init_switcher&quot;:&quot;no&quot;}\">\n\t\t\t\t\t\t<section class=\"elementor-section elementor-top-section elementor-element elementor-element-51a278e elementor-section-boxed elementor-section-height-default elementor-section-height-default\" data-id=\"51a278e\" data-element_type=\"section\" data-settings=\"{&quot;_ha_eqh_enable&quot;:false}\">\n\t\t\t\t\t\t<div class=\"elementor-container elementor-column-gap-default\">\n\t\t\t\t\t<div class=\"elementor-column elementor-col-66 elementor-top-column elementor-element elementor-element-b3a310e\" data-id=\"b3a310e\" data-element_type=\"column\">\n\t\t\t<div class=\"elementor-widget-wrap elementor-element-populated\">\n\t\t\t\t\t\t<div class=\"elementor-element elementor-element-900086e elementor-widget elementor-widget-text-editor\" data-id=\"900086e\" data-element_type=\"widget\" data-widget_type=\"text-editor.default\">\n\t\t\t\t<div class=\"elementor-widget-container\">\n\t\t\t\t\t\t\tDie Ges\u00e4\u00dfvergr\u00f6\u00dferung durch Ges\u00e4\u00dffetttransfer mit assistierter High-Definition-Vaser-Liposuktion ist eine verbesserte Variante des <a href=\"https:\/\/www.polycliniqueplus.com\/de\/brasilianisch-butt-lift-bbl-tuerkei\/\" target=\"_blank\" rel=\"noopener\">brasilianischen Ges\u00e4\u00dfliftings T\u00fcrkei<\/a>, bei der zus\u00e4tzlich zur Tumeszenz-Liposuktion ein Lipo-Vaser f\u00fcr eine zus\u00e4tzliche Liposkulptur durchgef\u00fchrt wird, um das Ergebnis zu verbessern.\n<h2>Ablauf Brasilianisches Ges\u00e4\u00dflifting mit Lipo-Vaser-Assistenz<\/h2>\nIm Ges\u00e4\u00dfbereich \u00fcbertragenes Fettgewebe wird immer durch Tumeszenz-Liposuktion abgesaugt, da die Vaseral-Liposuktion das gewonnene Fettgewebe f\u00fcr den Transfer ungeeignet macht. Wie beim klassischen brasilianischen Ges\u00e4\u00dflifting gewinnt der Chirurg Fett aus dem R\u00fccken, dem Bauch oder den Oberschenkeln und reinigt es anschlie\u00dfend.\n\nDas gereinigte Fett wird dann wieder in das Ges\u00e4\u00df injiziert, w\u00e4hrend der Chirurg eine hochaufl\u00f6sende Fettabsaugung mit dem Laser durchf\u00fchrt, um den K\u00f6rper weiter zu modellieren.\t\t\t\t\t\t<\/div>\n\t\t\t\t<\/div>\n\t\t\t\t\t<\/div>\n\t\t<\/div>\n\t\t\t\t<div class=\"elementor-column elementor-col-33 elementor-top-column elementor-element elementor-element-d27796a\" data-id=\"d27796a\" data-element_type=\"column\">\n\t\t\t<div class=\"elementor-widget-wrap elementor-element-populated\">\n\t\t\t\t\t\t<div class=\"elementor-element elementor-element-2b8a3e4 elementor-widget elementor-widget-image\" data-id=\"2b8a3e4\" data-element_type=\"widget\" data-widget_type=\"image.default\">\n\t\t\t\t<div class=\"elementor-widget-container\">\n\t\t\t\t\t\t\t\t\t\t\t\t\t<noscript><img fetchpriority=\"high\" decoding=\"async\" width=\"574\" height=\"586\" src=\"https:\/\/www.polycliniqueplus.com\/wp-content\/uploads\/2021\/05\/lifting-bresilien-lipo-vaser-turquie.jpg\" class=\"attachment-large size-large wp-image-12718\" alt srcset=\"https:\/\/www.polycliniqueplus.com\/wp-content\/uploads\/2021\/05\/lifting-bresilien-lipo-vaser-turquie.jpg 574w, https:\/\/www.polycliniqueplus.com\/wp-content\/uploads\/2021\/05\/lifting-bresilien-lipo-vaser-turquie-294x300.jpg 294w\" sizes=\"(max-width: 574px) 100vw, 574px\"><\/noscript><img fetchpriority=\"high\" decoding=\"async\" width=\"574\" height=\"586\" src=\"data:image\/svg+xml,%3Csvg%20xmlns%3D%22http%3A%2F%2Fwww.w3.org%2F2000%2Fsvg%22%20viewBox%3D%220%200%20574%20586%22%3E%3C%2Fsvg%3E\" class=\"attachment-large size-large wp-image-12718 lazyload\" alt srcset=\"data:image\/svg+xml,%3Csvg%20xmlns%3D%22http%3A%2F%2Fwww.w3.org%2F2000%2Fsvg%22%20viewBox%3D%220%200%20574%20586%22%3E%3C%2Fsvg%3E 574w\" sizes=\"(max-width: 574px) 100vw, 574px\" data-srcset=\"https:\/\/www.polycliniqueplus.com\/wp-content\/uploads\/2021\/05\/lifting-bresilien-lipo-vaser-turquie.jpg 574w, https:\/\/www.polycliniqueplus.com\/wp-content\/uploads\/2021\/05\/lifting-bresilien-lipo-vaser-turquie-294x300.jpg 294w\" data-src=\"https:\/\/www.polycliniqueplus.com\/wp-content\/uploads\/2021\/05\/lifting-bresilien-lipo-vaser-turquie.jpg\">\t\t\t\t\t\t\t\t\t\t\t\t\t<\/div>\n\t\t\t\t<\/div>\n\t\t\t\t\t<\/div>\n\t\t<\/div>\n\t\t\t\t\t<\/div>\n\t\t<\/section>\n\t\t\t\t<section class=\"elementor-section elementor-top-section elementor-element elementor-element-bb470ff elementor-section-boxed elementor-section-height-default elementor-section-height-default\" data-id=\"bb470ff\" data-element_type=\"section\" data-settings=\"{&quot;background_background&quot;:&quot;classic&quot;,&quot;_ha_eqh_enable&quot;:false}\">\n\t\t\t\t\t\t<div class=\"elementor-container elementor-column-gap-default\">\n\t\t\t\t\t<div class=\"elementor-column elementor-col-100 elementor-top-column elementor-element elementor-element-22c5849\" data-id=\"22c5849\" data-element_type=\"column\">\n\t\t\t<div class=\"elementor-widget-wrap elementor-element-populated\">\n\t\t\t\t\t\t<div class=\"elementor-element elementor-element-6cd385e elementor-widget elementor-widget-text-editor\" data-id=\"6cd385e\" data-element_type=\"widget\" data-widget_type=\"text-editor.default\">\n\t\t\t\t<div class=\"elementor-widget-container\">\n\t\t\t\t\t\t\t<style>\nhtml body a.whatsapp-button {\n    display: inline-block;\n    background-color: #25D366;\n    font-size: 16px;\n    font-weight: bold;\n    padding: 12px 20px;\n    text-align: center;\n    text-decoration: none;\n    border-radius: 5px;\n    box-shadow: 0 4px 6px rgba(0, 0, 0, 0.1);\n    transition: background-color 0.3s ease, transform 0.2s ease;\n    color: white!important;\n}\n\n.whatsapp-button:hover {\n    background-color: #1EBE54;\n    transform: translateY(-2px);\n}\n\n.whatsapp-button:active {\n    transform: translateY(0);\n}\n\n.align_center {\n    display: block;\n    text-align: center;\n    padding: 30px 0px;\n}\n\n<\/style>\n<div class=\"align_center\">\n<a href=\"https:\/\/api.whatsapp.com\/send?phone=+33635235712&amp;&amp;text=Hallo, ich w\u00fcrde gerne Ihre Interventionen und Preise kennenlernen!\" class=\"whatsapp-button\" target=\"_blank\">\n    Klicken Sie f\u00fcr ein kostenloses Whatsapp-Angebot\n<\/a>\n<\/div>\t\t\t\t\t\t<\/div>\n\t\t\t\t<\/div>\n\t\t\t\t\t<\/div>\n\t\t<\/div>\n\t\t\t\t\t<\/div>\n\t\t<\/section>\n\t\t\t\t<section class=\"elementor-section elementor-top-section elementor-element elementor-element-fc3f2ae elementor-section-boxed elementor-section-height-default elementor-section-height-default\" data-id=\"fc3f2ae\" data-element_type=\"section\" data-settings=\"{&quot;_ha_eqh_enable&quot;:false}\">\n\t\t\t\t\t\t<div class=\"elementor-container elementor-column-gap-default\">\n\t\t\t\t\t<div class=\"elementor-column elementor-col-100 elementor-top-column elementor-element elementor-element-f8b61cc\" data-id=\"f8b61cc\" data-element_type=\"column\">\n\t\t\t<div class=\"elementor-widget-wrap elementor-element-populated\">\n\t\t\t\t\t\t<div class=\"elementor-element elementor-element-d456a8d elementor-widget elementor-widget-text-editor\" data-id=\"d456a8d\" data-element_type=\"widget\" data-widget_type=\"text-editor.default\">\n\t\t\t\t<div class=\"elementor-widget-container\">\n\t\t\t\t\t\t\tDie durchschnittliche Fettmenge, die f\u00fcr jedes Ges\u00e4\u00df ben\u00f6tigt wird, betr\u00e4gt etwa 250 bis 350 Kubikzentimeter (cc) reines Fett. So brauchen Sie f\u00fcr beide Seiten etwa 700 ml Fett.\n\nFrauen, die nicht viel K\u00f6rperfett haben, werden bei der<a href=\"https:\/\/www.polycliniqueplus.com\/de\/gesaessvergroesserung-tuerkei\/\" target=\"_blank\" rel=\"noopener\">Ges\u00e4\u00dfvergr\u00f6\u00dferung auf das Einsetzen von Ges\u00e4\u00dfimplantaten<\/a> verwiesen.\n\nNach der Heilung f\u00fchlt sich der vergr\u00f6\u00dferte Po sehr nat\u00fcrlich an und sieht aus wie Ihr eigener Po. Au\u00dferdem ist die Fetttransplantation kaum st\u00f6rend.\n\nBei der Ges\u00e4\u00dfvergr\u00f6\u00dferung sorgt die Schichtungsmethode f\u00fcr ein glattes, runderes Ges\u00e4\u00df, ohne dass Unregelm\u00e4\u00dfigkeiten durch die Haut durchscheinen.\t\t\t\t\t\t<\/div>\n\t\t\t\t<\/div>\n\t\t\t\t\t<\/div>\n\t\t<\/div>\n\t\t\t\t\t<\/div>\n\t\t<\/section>\n\t\t\t\t<section class=\"elementor-section elementor-top-section elementor-element elementor-element-d252317 elementor-section-boxed elementor-section-height-default elementor-section-height-default\" data-id=\"d252317\" data-element_type=\"section\" data-settings=\"{&quot;_ha_eqh_enable&quot;:false}\">\n\t\t\t\t\t\t<div class=\"elementor-container elementor-column-gap-default\">\n\t\t\t\t\t<div class=\"elementor-column elementor-col-100 elementor-top-column elementor-element elementor-element-5131667\" data-id=\"5131667\" data-element_type=\"column\">\n\t\t\t<div class=\"elementor-widget-wrap elementor-element-populated\">\n\t\t\t\t\t\t<div class=\"elementor-element elementor-element-34e5594 elementor-widget elementor-widget-text-editor\" data-id=\"34e5594\" data-element_type=\"widget\" data-widget_type=\"text-editor.default\">\n\t\t\t\t<div class=\"elementor-widget-container\">\n\t\t\t\t\t\t\t<h2>Idealer Kandidat f\u00fcr den Fetttransfer am Ges\u00e4\u00df<\/h2>\nGenerell gilt: Wenn eine Patientin \u00fcbergewichtig ist, ist sie wahrscheinlich am besten f\u00fcr einen Transfer und vielleicht eine <a href=\"https:\/\/www.polycliniqueplus.com\/de\/liposuction-vaser-tuerkei\/\" target=\"_blank\" rel=\"noopener\">vaser-Fettabsaugung<\/a> geeignet. Schlanke Patientinnen, die Kleider der Gr\u00f6\u00dfen 2 bis 4 tragen, sind in der Regel keine <a href=\"https:\/\/www.polycliniqueplus.com\/de\/po-lipofilling-tuerkei\/\" target=\"_blank\" rel=\"noopener\">guten Kandidaten f\u00fcr einen Fetttransfer<\/a>, da sie kein eigenes Fett zur Verf\u00fcgung haben.\t\t\t\t\t\t<\/div>\n\t\t\t\t<\/div>\n\t\t\t\t<div class=\"elementor-element elementor-element-4c4cde1 elementor-align-center elementor-widget elementor-widget-button\" data-id=\"4c4cde1\" data-element_type=\"widget\" data-widget_type=\"button.default\">\n\t\t\t\t<div class=\"elementor-widget-container\">\n\t\t\t\t\t<div class=\"elementor-button-wrapper\">\n\t\t\t<a class=\"elementor-button elementor-button-link elementor-size-sm\" href=\"https:\/\/www.polycliniqueplus.com\/de\/kostenvoranschlag\/\">\n\t\t\t\t\t\t<span class=\"elementor-button-content-wrapper\">\n\t\t\t\t\t\t\t\t\t<span class=\"elementor-button-text\">Kostenvoranschlag Brasilianisches Facelifting + Lipo Vaser<\/span>\n\t\t\t\t\t<\/span>\n\t\t\t\t\t<\/a>\n\t\t<\/div>\n\t\t\t\t<\/div>\n\t\t\t\t<\/div>\n\t\t\t\t<div class=\"elementor-element elementor-element-42ec38f elementor-widget elementor-widget-text-editor\" data-id=\"42ec38f\" data-element_type=\"widget\" data-widget_type=\"text-editor.default\">\n\t\t\t\t<div class=\"elementor-widget-container\">\n\t\t\t\t\t\t\t<h2>Vorteile des Fetttransfers am Ges\u00e4\u00df mit Lipo vaser<\/h2>\n<ul class=\"liste-page\">\n \t<li>Da es sich um einen chirurgischen Eingriff handelt, ist die Zeit der Ruhigstellung begrenzt. Nach etwa 2 bis 3 Wochen k\u00f6nnen Sie Ihre Arbeit wieder aufnehmen.<\/li>\n \t<li>Das in Ihr Ges\u00e4\u00df injizierte Fett ist Ihr eigenes Fett, sodass das Risiko einer Infektion geringer ist.<\/li>\n \t<li>Im Gegensatz zu Implantaten ist Fett eine ideale Substanz f\u00fcr die Verbesserung des Ges\u00e4\u00dfes, da es aus Ihrem eigenen K\u00f6rper stammt.<\/li>\n \t<li>Die Fettabsaugung und die Fetteinspritzung erfolgen \u00fcber sehr kleine Schnitte, sodass Sie keine Narben behalten werden. Das Fett wird auch sorgf\u00e4ltig in verschiedene Fettschichten eingebracht, sodass Sie ein einheitliches und nat\u00fcrliches Aussehen erhalten &#8211; genau so, als w\u00e4re es Ihr eigenes Ges\u00e4\u00dffett (denn das ist es!). Der letzte gro\u00dfe Vorteil der brasilianischen Ges\u00e4\u00dfstraffung ist, dass es kein Risiko einer Migration oder Verschiebung gibt, da es sich nicht um Implantate handelt.<\/li>\n \t<li>Das Fett, das aus den fettigen Bereichen Ihres K\u00f6rpers wie Taille und Oberschenkel entfernt wird, l\u00e4sst Ihren neu prallen Po noch mehr hervortreten.<\/li>\n<\/ul>\t\t\t\t\t\t<\/div>\n\t\t\t\t<\/div>\n\t\t\t\t\t<\/div>\n\t\t<\/div>\n\t\t\t\t\t<\/div>\n\t\t<\/section>\n\t\t\t\t<\/div>\n\t\t","protected":false},"excerpt":{"rendered":"<p>Die Ges\u00e4\u00dfvergr\u00f6\u00dferung durch Ges\u00e4\u00dffetttransfer mit assistierter High-Definition-Vaser-Liposuktion ist eine verbesserte Variante des brasilianischen Ges\u00e4\u00dfliftings T\u00fcrkei, bei der zus\u00e4tzlich zur Tumeszenz-Liposuktion ein Lipo-Vaser f\u00fcr eine zus\u00e4tzliche Liposkulptur durchgef\u00fchrt wird, um das Ergebnis zu verbessern. Ablauf Brasilianisches Ges\u00e4\u00dflifting mit Lipo-Vaser-Assistenz Im Ges\u00e4\u00dfbereich \u00fcbertragenes Fettgewebe wird immer durch Tumeszenz-Liposuktion abgesaugt, da die Vaseral-Liposuktion das gewonnene Fettgewebe f\u00fcr den [&hellip;]<\/p>\n","protected":false},"author":1,"featured_media":12718,"parent":0,"menu_order":0,"comment_status":"closed","ping_status":"closed","template":"","meta":{"footnotes":""},"class_list":["post-13351","page","type-page","status-publish","has-post-thumbnail","hentry"],"yoast_head":"<!-- This site is optimized with the Yoast SEO plugin v27.3 - https:\/\/yoast.com\/product\/yoast-seo-wordpress\/ -->\n<title>Brasilianisches Po-Lifting mit Lipo vaser T\u00fcrkei preiswert<\/title>\n<meta name=\"description\" content=\"Die Ges\u00e4\u00dfvergr\u00f6\u00dferung durch Fetttransfer aus dem Ges\u00e4\u00df, assistiert durch High-Definition-Vaser-Fettabsaugung, ist eine verbesserte Variante des brasilianischen Ges\u00e4\u00dfliftings T\u00fcrkei\" \/>\n<meta name=\"robots\" content=\"index, follow, max-snippet:-1, max-image-preview:large, max-video-preview:-1\" \/>\n<link rel=\"canonical\" href=\"https:\/\/www.polycliniqueplus.com\/de\/brasilianisches-gesaesslifting-mit-unterstuetzung-von-vaser-tuerkei\/\" \/>\n<meta property=\"og:locale\" content=\"de_DE\" \/>\n<meta property=\"og:type\" content=\"article\" \/>\n<meta property=\"og:title\" content=\"Brasilianisches Po-Lifting mit Lipo vaser T\u00fcrkei preiswert\" \/>\n<meta property=\"og:description\" content=\"Die Ges\u00e4\u00dfvergr\u00f6\u00dferung durch Fetttransfer aus dem Ges\u00e4\u00df, assistiert durch High-Definition-Vaser-Fettabsaugung, ist eine verbesserte Variante des brasilianischen Ges\u00e4\u00dfliftings T\u00fcrkei\" \/>\n<meta property=\"og:url\" content=\"https:\/\/www.polycliniqueplus.com\/de\/brasilianisches-gesaesslifting-mit-unterstuetzung-von-vaser-tuerkei\/\" \/>\n<meta property=\"og:site_name\" content=\"Chirurgie esthetique Turquie : Prix interventions meilleures cliniques Istanbul\" \/>\n<meta property=\"article:publisher\" content=\"https:\/\/www.facebook.com\/polycliniqueplus\" \/>\n<meta property=\"article:modified_time\" content=\"2023-01-12T15:59:22+00:00\" \/>\n<meta property=\"og:image\" content=\"https:\/\/www.polycliniqueplus.com\/wp-content\/uploads\/2021\/05\/lifting-bresilien-lipo-vaser-turquie.jpg\" \/>\n\t<meta property=\"og:image:width\" content=\"574\" \/>\n\t<meta property=\"og:image:height\" content=\"586\" \/>\n\t<meta property=\"og:image:type\" content=\"image\/jpeg\" \/>\n<meta name=\"twitter:card\" content=\"summary_large_image\" \/>\n<meta name=\"twitter:site\" content=\"@polyclinique1\" \/>\n<meta name=\"twitter:label1\" content=\"Gesch\u00e4tzte Lesezeit\" \/>\n\t<meta name=\"twitter:data1\" content=\"3\u00a0Minuten\" \/>\n<script type=\"application\/ld+json\" class=\"yoast-schema-graph\">{\"@context\":\"https:\\\/\\\/schema.org\",\"@graph\":[{\"@type\":\"WebPage\",\"@id\":\"https:\\\/\\\/www.polycliniqueplus.com\\\/de\\\/brasilianisches-gesaesslifting-mit-unterstuetzung-von-vaser-tuerkei\\\/\",\"url\":\"https:\\\/\\\/www.polycliniqueplus.com\\\/de\\\/brasilianisches-gesaesslifting-mit-unterstuetzung-von-vaser-tuerkei\\\/\",\"name\":\"Brasilianisches Po-Lifting mit Lipo vaser T\u00fcrkei preiswert\",\"isPartOf\":{\"@id\":\"https:\\\/\\\/www.polycliniqueplus.com\\\/de\\\/#website\"},\"primaryImageOfPage\":{\"@id\":\"https:\\\/\\\/www.polycliniqueplus.com\\\/de\\\/brasilianisches-gesaesslifting-mit-unterstuetzung-von-vaser-tuerkei\\\/#primaryimage\"},\"image\":{\"@id\":\"https:\\\/\\\/www.polycliniqueplus.com\\\/de\\\/brasilianisches-gesaesslifting-mit-unterstuetzung-von-vaser-tuerkei\\\/#primaryimage\"},\"thumbnailUrl\":\"https:\\\/\\\/www.polycliniqueplus.com\\\/wp-content\\\/uploads\\\/2021\\\/05\\\/lifting-bresilien-lipo-vaser-turquie.jpg\",\"datePublished\":\"2021-05-04T13:20:15+00:00\",\"dateModified\":\"2023-01-12T15:59:22+00:00\",\"description\":\"Die Ges\u00e4\u00dfvergr\u00f6\u00dferung durch Fetttransfer aus dem Ges\u00e4\u00df, assistiert durch High-Definition-Vaser-Fettabsaugung, ist eine verbesserte Variante des brasilianischen Ges\u00e4\u00dfliftings T\u00fcrkei\",\"breadcrumb\":{\"@id\":\"https:\\\/\\\/www.polycliniqueplus.com\\\/de\\\/brasilianisches-gesaesslifting-mit-unterstuetzung-von-vaser-tuerkei\\\/#breadcrumb\"},\"inLanguage\":\"de\",\"potentialAction\":[{\"@type\":\"ReadAction\",\"target\":[\"https:\\\/\\\/www.polycliniqueplus.com\\\/de\\\/brasilianisches-gesaesslifting-mit-unterstuetzung-von-vaser-tuerkei\\\/\"]}]},{\"@type\":\"ImageObject\",\"inLanguage\":\"de\",\"@id\":\"https:\\\/\\\/www.polycliniqueplus.com\\\/de\\\/brasilianisches-gesaesslifting-mit-unterstuetzung-von-vaser-tuerkei\\\/#primaryimage\",\"url\":\"https:\\\/\\\/www.polycliniqueplus.com\\\/wp-content\\\/uploads\\\/2021\\\/05\\\/lifting-bresilien-lipo-vaser-turquie.jpg\",\"contentUrl\":\"https:\\\/\\\/www.polycliniqueplus.com\\\/wp-content\\\/uploads\\\/2021\\\/05\\\/lifting-bresilien-lipo-vaser-turquie.jpg\",\"width\":574,\"height\":586,\"caption\":\"lifting-bresilien-lipo-vaser-turquie\"},{\"@type\":\"BreadcrumbList\",\"@id\":\"https:\\\/\\\/www.polycliniqueplus.com\\\/de\\\/brasilianisches-gesaesslifting-mit-unterstuetzung-von-vaser-tuerkei\\\/#breadcrumb\",\"itemListElement\":[{\"@type\":\"ListItem\",\"position\":1,\"name\":\"Accueil\",\"item\":\"https:\\\/\\\/www.polycliniqueplus.com\\\/de\\\/\"},{\"@type\":\"ListItem\",\"position\":2,\"name\":\"Brasilianisches Po-Lifting mit Lipo vaser T\u00fcrkei preiswert\"}]},{\"@type\":\"WebSite\",\"@id\":\"https:\\\/\\\/www.polycliniqueplus.com\\\/de\\\/#website\",\"url\":\"https:\\\/\\\/www.polycliniqueplus.com\\\/de\\\/\",\"name\":\"Chirurgie esthetique Turquie : Prix interventions meilleures cliniques Istanbul\",\"description\":\"Chirurgie esthetique Turquie prix pas cher\",\"publisher\":{\"@id\":\"https:\\\/\\\/www.polycliniqueplus.com\\\/de\\\/#organization\"},\"potentialAction\":[{\"@type\":\"SearchAction\",\"target\":{\"@type\":\"EntryPoint\",\"urlTemplate\":\"https:\\\/\\\/www.polycliniqueplus.com\\\/de\\\/?s={search_term_string}\"},\"query-input\":{\"@type\":\"PropertyValueSpecification\",\"valueRequired\":true,\"valueName\":\"search_term_string\"}}],\"inLanguage\":\"de\"},{\"@type\":\"Organization\",\"@id\":\"https:\\\/\\\/www.polycliniqueplus.com\\\/de\\\/#organization\",\"name\":\"Polycliniqueplus chirurgie esthetique Turquie\",\"url\":\"https:\\\/\\\/www.polycliniqueplus.com\\\/de\\\/\",\"logo\":{\"@type\":\"ImageObject\",\"inLanguage\":\"de\",\"@id\":\"https:\\\/\\\/www.polycliniqueplus.com\\\/de\\\/#\\\/schema\\\/logo\\\/image\\\/\",\"url\":\"https:\\\/\\\/www.polycliniqueplus.com\\\/wp-content\\\/uploads\\\/2021\\\/03\\\/cropped-add-box-fill.png\",\"contentUrl\":\"https:\\\/\\\/www.polycliniqueplus.com\\\/wp-content\\\/uploads\\\/2021\\\/03\\\/cropped-add-box-fill.png\",\"width\":512,\"height\":512,\"caption\":\"Polycliniqueplus chirurgie esthetique Turquie\"},\"image\":{\"@id\":\"https:\\\/\\\/www.polycliniqueplus.com\\\/de\\\/#\\\/schema\\\/logo\\\/image\\\/\"},\"sameAs\":[\"https:\\\/\\\/www.facebook.com\\\/polycliniqueplus\",\"https:\\\/\\\/x.com\\\/polyclinique1\",\"https:\\\/\\\/www.youtube.com\\\/channel\\\/UCAnK3TORJqflIuYGFa-JQDw\"]}]}<\/script>\n<!-- \/ Yoast SEO plugin. -->","yoast_head_json":{"title":"Brasilianisches Po-Lifting mit Lipo vaser T\u00fcrkei preiswert","description":"Die Ges\u00e4\u00dfvergr\u00f6\u00dferung durch Fetttransfer aus dem Ges\u00e4\u00df, assistiert durch High-Definition-Vaser-Fettabsaugung, ist eine verbesserte Variante des brasilianischen Ges\u00e4\u00dfliftings T\u00fcrkei","robots":{"index":"index","follow":"follow","max-snippet":"max-snippet:-1","max-image-preview":"max-image-preview:large","max-video-preview":"max-video-preview:-1"},"canonical":"https:\/\/www.polycliniqueplus.com\/de\/brasilianisches-gesaesslifting-mit-unterstuetzung-von-vaser-tuerkei\/","og_locale":"de_DE","og_type":"article","og_title":"Brasilianisches Po-Lifting mit Lipo vaser T\u00fcrkei preiswert","og_description":"Die Ges\u00e4\u00dfvergr\u00f6\u00dferung durch Fetttransfer aus dem Ges\u00e4\u00df, assistiert durch High-Definition-Vaser-Fettabsaugung, ist eine verbesserte Variante des brasilianischen Ges\u00e4\u00dfliftings T\u00fcrkei","og_url":"https:\/\/www.polycliniqueplus.com\/de\/brasilianisches-gesaesslifting-mit-unterstuetzung-von-vaser-tuerkei\/","og_site_name":"Chirurgie esthetique Turquie : Prix interventions meilleures cliniques Istanbul","article_publisher":"https:\/\/www.facebook.com\/polycliniqueplus","article_modified_time":"2023-01-12T15:59:22+00:00","og_image":[{"width":574,"height":586,"url":"https:\/\/www.polycliniqueplus.com\/wp-content\/uploads\/2021\/05\/lifting-bresilien-lipo-vaser-turquie.jpg","type":"image\/jpeg"}],"twitter_card":"summary_large_image","twitter_site":"@polyclinique1","twitter_misc":{"Gesch\u00e4tzte Lesezeit":"3\u00a0Minuten"},"schema":{"@context":"https:\/\/schema.org","@graph":[{"@type":"WebPage","@id":"https:\/\/www.polycliniqueplus.com\/de\/brasilianisches-gesaesslifting-mit-unterstuetzung-von-vaser-tuerkei\/","url":"https:\/\/www.polycliniqueplus.com\/de\/brasilianisches-gesaesslifting-mit-unterstuetzung-von-vaser-tuerkei\/","name":"Brasilianisches Po-Lifting mit Lipo vaser T\u00fcrkei preiswert","isPartOf":{"@id":"https:\/\/www.polycliniqueplus.com\/de\/#website"},"primaryImageOfPage":{"@id":"https:\/\/www.polycliniqueplus.com\/de\/brasilianisches-gesaesslifting-mit-unterstuetzung-von-vaser-tuerkei\/#primaryimage"},"image":{"@id":"https:\/\/www.polycliniqueplus.com\/de\/brasilianisches-gesaesslifting-mit-unterstuetzung-von-vaser-tuerkei\/#primaryimage"},"thumbnailUrl":"https:\/\/www.polycliniqueplus.com\/wp-content\/uploads\/2021\/05\/lifting-bresilien-lipo-vaser-turquie.jpg","datePublished":"2021-05-04T13:20:15+00:00","dateModified":"2023-01-12T15:59:22+00:00","description":"Die Ges\u00e4\u00dfvergr\u00f6\u00dferung durch Fetttransfer aus dem Ges\u00e4\u00df, assistiert durch High-Definition-Vaser-Fettabsaugung, ist eine verbesserte Variante des brasilianischen Ges\u00e4\u00dfliftings T\u00fcrkei","breadcrumb":{"@id":"https:\/\/www.polycliniqueplus.com\/de\/brasilianisches-gesaesslifting-mit-unterstuetzung-von-vaser-tuerkei\/#breadcrumb"},"inLanguage":"de","potentialAction":[{"@type":"ReadAction","target":["https:\/\/www.polycliniqueplus.com\/de\/brasilianisches-gesaesslifting-mit-unterstuetzung-von-vaser-tuerkei\/"]}]},{"@type":"ImageObject","inLanguage":"de","@id":"https:\/\/www.polycliniqueplus.com\/de\/brasilianisches-gesaesslifting-mit-unterstuetzung-von-vaser-tuerkei\/#primaryimage","url":"https:\/\/www.polycliniqueplus.com\/wp-content\/uploads\/2021\/05\/lifting-bresilien-lipo-vaser-turquie.jpg","contentUrl":"https:\/\/www.polycliniqueplus.com\/wp-content\/uploads\/2021\/05\/lifting-bresilien-lipo-vaser-turquie.jpg","width":574,"height":586,"caption":"lifting-bresilien-lipo-vaser-turquie"},{"@type":"BreadcrumbList","@id":"https:\/\/www.polycliniqueplus.com\/de\/brasilianisches-gesaesslifting-mit-unterstuetzung-von-vaser-tuerkei\/#breadcrumb","itemListElement":[{"@type":"ListItem","position":1,"name":"Accueil","item":"https:\/\/www.polycliniqueplus.com\/de\/"},{"@type":"ListItem","position":2,"name":"Brasilianisches Po-Lifting mit Lipo vaser T\u00fcrkei preiswert"}]},{"@type":"WebSite","@id":"https:\/\/www.polycliniqueplus.com\/de\/#website","url":"https:\/\/www.polycliniqueplus.com\/de\/","name":"Chirurgie esthetique Turquie : Prix interventions meilleures cliniques Istanbul","description":"Chirurgie esthetique Turquie prix pas cher","publisher":{"@id":"https:\/\/www.polycliniqueplus.com\/de\/#organization"},"potentialAction":[{"@type":"SearchAction","target":{"@type":"EntryPoint","urlTemplate":"https:\/\/www.polycliniqueplus.com\/de\/?s={search_term_string}"},"query-input":{"@type":"PropertyValueSpecification","valueRequired":true,"valueName":"search_term_string"}}],"inLanguage":"de"},{"@type":"Organization","@id":"https:\/\/www.polycliniqueplus.com\/de\/#organization","name":"Polycliniqueplus chirurgie esthetique Turquie","url":"https:\/\/www.polycliniqueplus.com\/de\/","logo":{"@type":"ImageObject","inLanguage":"de","@id":"https:\/\/www.polycliniqueplus.com\/de\/#\/schema\/logo\/image\/","url":"https:\/\/www.polycliniqueplus.com\/wp-content\/uploads\/2021\/03\/cropped-add-box-fill.png","contentUrl":"https:\/\/www.polycliniqueplus.com\/wp-content\/uploads\/2021\/03\/cropped-add-box-fill.png","width":512,"height":512,"caption":"Polycliniqueplus chirurgie esthetique Turquie"},"image":{"@id":"https:\/\/www.polycliniqueplus.com\/de\/#\/schema\/logo\/image\/"},"sameAs":["https:\/\/www.facebook.com\/polycliniqueplus","https:\/\/x.com\/polyclinique1","https:\/\/www.youtube.com\/channel\/UCAnK3TORJqflIuYGFa-JQDw"]}]}},"_links":{"self":[{"href":"https:\/\/www.polycliniqueplus.com\/de\/wp-json\/wp\/v2\/pages\/13351","targetHints":{"allow":["GET"]}}],"collection":[{"href":"https:\/\/www.polycliniqueplus.com\/de\/wp-json\/wp\/v2\/pages"}],"about":[{"href":"https:\/\/www.polycliniqueplus.com\/de\/wp-json\/wp\/v2\/types\/page"}],"author":[{"embeddable":true,"href":"https:\/\/www.polycliniqueplus.com\/de\/wp-json\/wp\/v2\/users\/1"}],"replies":[{"embeddable":true,"href":"https:\/\/www.polycliniqueplus.com\/de\/wp-json\/wp\/v2\/comments?post=13351"}],"version-history":[{"count":14,"href":"https:\/\/www.polycliniqueplus.com\/de\/wp-json\/wp\/v2\/pages\/13351\/revisions"}],"predecessor-version":[{"id":13405,"href":"https:\/\/www.polycliniqueplus.com\/de\/wp-json\/wp\/v2\/pages\/13351\/revisions\/13405"}],"wp:featuredmedia":[{"embeddable":true,"href":"https:\/\/www.polycliniqueplus.com\/de\/wp-json\/wp\/v2\/media\/12718"}],"wp:attachment":[{"href":"https:\/\/www.polycliniqueplus.com\/de\/wp-json\/wp\/v2\/media?parent=13351"}],"curies":[{"name":"wp","href":"https:\/\/api.w.org\/{rel}","templated":true}]}}