{"id":13267,"date":"2021-05-21T12:20:47","date_gmt":"2021-05-21T10:20:47","guid":{"rendered":"https:\/\/www.polycliniqueplus.com\/liposuction-techniques-chirurgische-und-nicht-invasive-ansaetze-preisguenstig\/"},"modified":"2023-01-12T16:43:38","modified_gmt":"2023-01-12T15:43:38","slug":"techniken-der-fettabsaugung","status":"publish","type":"page","link":"https:\/\/www.polycliniqueplus.com\/de\/techniken-der-fettabsaugung\/","title":{"rendered":"Liposuction Techniques: Chirurgische und nicht-invasive Ans\u00e4tze preisg\u00fcnstig"},"content":{"rendered":"\t\t<div data-elementor-type=\"wp-page\" data-elementor-id=\"13267\" class=\"elementor elementor-13267 elementor-6280\" data-elementor-settings=\"{&quot;ha_cmc_init_switcher&quot;:&quot;no&quot;}\">\n\t\t\t\t\t\t<section class=\"elementor-section elementor-top-section elementor-element elementor-element-87faa9a elementor-section-boxed elementor-section-height-default elementor-section-height-default\" data-id=\"87faa9a\" data-element_type=\"section\" data-settings=\"{&quot;_ha_eqh_enable&quot;:false}\">\n\t\t\t\t\t\t<div class=\"elementor-container elementor-column-gap-default\">\n\t\t\t\t\t<div class=\"elementor-column elementor-col-100 elementor-top-column elementor-element elementor-element-6c781a6\" data-id=\"6c781a6\" data-element_type=\"column\">\n\t\t\t<div class=\"elementor-widget-wrap elementor-element-populated\">\n\t\t\t\t\t\t<div class=\"elementor-element elementor-element-cf39763 elementor-widget elementor-widget-text-editor\" data-id=\"cf39763\" data-element_type=\"widget\" data-widget_type=\"text-editor.default\">\n\t\t\t\t<div class=\"elementor-widget-container\">\n\t\t\t\t\t\t\tDie Fettabsaugung ist eine geeignetere Technik, wenn sie mit einem anderen chirurgischen Eingriff kombiniert wird oder wenn eine gro\u00dfe Fl\u00e4che behandelt werden soll. Insbesondere ist die Fettabsaugung besser f\u00fcr Patienten geeignet, die mit einem einzigen Eingriff ein vollst\u00e4ndiges Ergebnis erzielen m\u00f6chten. Es gibt verschiedene Ans\u00e4tze und <b>Techniken, um Fettp\u00f6lsterchen abzusaugen<\/b>:\n\t\t\t\t\t\t<\/div>\n\t\t\t\t<\/div>\n\t\t\t\t<div class=\"elementor-element elementor-element-17cbd9d elementor-widget elementor-widget-text-editor\" data-id=\"17cbd9d\" data-element_type=\"widget\" data-widget_type=\"text-editor.default\">\n\t\t\t\t<div class=\"elementor-widget-container\">\n\t\t\t\t\t\t\t<h2>Die Tumeszenz-Liposuktion<\/h2>\nBei einer Intumeszenz-Lipoplastie wird das zu entfernende Fettgewebe zun\u00e4chst mit einer isotonischen Fl\u00fcssigkeitsl\u00f6sung aufgepumpt. Diese Mischung enth\u00e4lt in der Regel einen gef\u00e4\u00dfverengenden Wirkstoff namens Epinephrin, der das Risiko von Bluthochdruck (hoher Blutdruck) und Tachykardie (ungew\u00f6hnlich schneller Herzschlag) verringert und gleichzeitig den Blutverlust w\u00e4hrend des Eingriffs auf ein Minimum beschr\u00e4nkt.\n\n\t\t\t\t\t\t<\/div>\n\t\t\t\t<\/div>\n\t\t\t\t<div class=\"elementor-element elementor-element-3bbc757 elementor-widget elementor-widget-text-editor\" data-id=\"3bbc757\" data-element_type=\"widget\" data-widget_type=\"text-editor.default\">\n\t\t\t\t<div class=\"elementor-widget-container\">\n\t\t\t\t\t\t\t<p>Die L\u00f6sung enth\u00e4lt au\u00dferdem physiologische Kochsalzl\u00f6sung und das Lokalan\u00e4sthetikum Lidocain. Die Tumeszenztechnik ist beliebt, da sie die Entfernung gro\u00dfer Fettmengen erm\u00f6glicht, ohne dass eine Vollnarkose erforderlich ist.<\/p>\n\t\t\t\t\t\t<\/div>\n\t\t\t\t<\/div>\n\t\t\t\t\t<\/div>\n\t\t<\/div>\n\t\t\t\t\t<\/div>\n\t\t<\/section>\n\t\t\t\t<section class=\"elementor-section elementor-top-section elementor-element elementor-element-0c89c8b elementor-section-boxed elementor-section-height-default elementor-section-height-default\" data-id=\"0c89c8b\" data-element_type=\"section\" data-settings=\"{&quot;background_background&quot;:&quot;classic&quot;,&quot;_ha_eqh_enable&quot;:false}\">\n\t\t\t\t\t\t<div class=\"elementor-container elementor-column-gap-default\">\n\t\t\t\t\t<div class=\"elementor-column elementor-col-100 elementor-top-column elementor-element elementor-element-98e45fc\" data-id=\"98e45fc\" data-element_type=\"column\">\n\t\t\t<div class=\"elementor-widget-wrap elementor-element-populated\">\n\t\t\t\t\t\t<div class=\"elementor-element elementor-element-d067348 elementor-widget elementor-widget-text-editor\" data-id=\"d067348\" data-element_type=\"widget\" data-widget_type=\"text-editor.default\">\n\t\t\t\t<div class=\"elementor-widget-container\">\n\t\t\t\t\t\t\t<style>\r\nhtml body a.whatsapp-button {\r\n    display: inline-block;\r\n    background-color: #25D366;\r\n    font-size: 16px;\r\n    font-weight: bold;\r\n    padding: 12px 20px;\r\n    text-align: center;\r\n    text-decoration: none;\r\n    border-radius: 5px;\r\n    box-shadow: 0 4px 6px rgba(0, 0, 0, 0.1);\r\n    transition: background-color 0.3s ease, transform 0.2s ease;\r\n    color: white!important;\r\n}\r\n\r\n.whatsapp-button:hover {\r\n    background-color: #1EBE54;\r\n    transform: translateY(-2px);\r\n}\r\n\r\n.whatsapp-button:active {\r\n    transform: translateY(0);\r\n}\r\n\r\n.align_center {\r\n    display: block;\r\n    text-align: center;\r\n    padding: 30px 0px;\r\n}\r\n\r\n<\/style>\r\n<div class=\"align_center\">\r\n<a href=\"https:\/\/api.whatsapp.com\/send?phone=+33635235712&amp;&amp;text=Hallo, ich w\u00fcrde gerne Ihre Interventionen und Preise kennenlernen!\"\r\n    class=\"whatsapp-button\" target=\"_blank\">\r\n    Klicken Sie f\u00fcr ein kostenloses Whatsapp-Angebot\r\n<\/a>\r\n<\/div>\t\t\t\t\t\t<\/div>\n\t\t\t\t<\/div>\n\t\t\t\t\t<\/div>\n\t\t<\/div>\n\t\t\t\t\t<\/div>\n\t\t<\/section>\n\t\t\t\t<section class=\"elementor-section elementor-top-section elementor-element elementor-element-ebc7ca7 elementor-section-boxed elementor-section-height-default elementor-section-height-default\" data-id=\"ebc7ca7\" data-element_type=\"section\" data-settings=\"{&quot;_ha_eqh_enable&quot;:false}\">\n\t\t\t\t\t\t<div class=\"elementor-container elementor-column-gap-default\">\n\t\t\t\t\t<div class=\"elementor-column elementor-col-100 elementor-top-column elementor-element elementor-element-f64f56a\" data-id=\"f64f56a\" data-element_type=\"column\">\n\t\t\t<div class=\"elementor-widget-wrap elementor-element-populated\">\n\t\t\t\t\t\t<div class=\"elementor-element elementor-element-cdbcb8c elementor-widget elementor-widget-text-editor\" data-id=\"cdbcb8c\" data-element_type=\"widget\" data-widget_type=\"text-editor.default\">\n\t\t\t\t<div class=\"elementor-widget-container\">\n\t\t\t\t\t\t\t<h2>Fettabsaugung durch Vibrationen : Lipomatic<\/h2>\nBei dieser Art der Lipoplastik wird keine Tumeszenzl\u00f6sung verwendet, sondern eine spezielle Kan\u00fcle, die vibriert, um den Abbau der Fettzellen zu beschleunigen. Die Vibration der Kan\u00fcle erleichtert es dem Chirurgen, das Fett zu fragmentieren. Dadurch wird der Eingriff in k\u00fcrzerer Zeit durchgef\u00fchrt, das Gewebe weniger traumatisiert und die Genesung bei vielen Patienten beschleunigt.\n<h2>Fettabsaugung mit Radiofrequenz: RFAL<\/h2>\nRFAL\u2122 verwendet eine Kan\u00fcle, die Radiofrequenzen in den Behandlungsbereich abgibt. RF-Wellen erleichtern den Fettabbau und tragen zur Straffung der Haut bei. RFAL\u2122-Systeme wie Necktite und Bodytite\u2122 erh\u00f6hen die Hautelastizit\u00e4t nachweislich um 30-40 %. Diese Art der Fettabsaugung wird in der Regel am <a href=\"https:\/\/www.polycliniqueplus.com\/de\/brasilianisches-gesaesslifting-mit-unterstuetzung-von-vaser-tuerkei\/\" target=\"_blank\" rel=\"noopener\">Ges\u00e4\u00df<\/a>, an den H\u00fcften, den Oberschenkeln und am Bauch durchgef\u00fchrt.\n<h2>Vaser Liposuction, Fettabsaugung mit Ultraschall<\/h2>\nUAL-Systeme wie <a href=\"https:\/\/www.polycliniqueplus.com\/de\/liposuction-vaser-tuerkei\/\" target=\"_blank\" rel=\"noopener\">Vaserlipo\u00ae<\/a>werden haupts\u00e4chlich an den Oberschenkeln, H\u00fcften, am R\u00fccken und am Bauch eingesetzt. Diese Technologie kombiniert die Tumeszenz-Liposuktion mit Ultraschallfrequenzen, die die Fettzellen vor der Tumeszenz-Liposuktion zersetzen und verdr\u00e4ngen. Dadurch wird mehr Fettgewebe abgesaugt. Diese Art der <a href=\"https:\/\/www.polycliniqueplus.com\/de\/fettabsaugung-tuerkei\/\" target=\"_blank\" rel=\"noopener\">Fettabsaugung <\/a>kann bei Patienten mit leichten Problemen mit der Hautelastizit\u00e4t hilfreich sein, um die Haut zu straffen.\n<h2>Laser-Lipolyse<em>, <\/em>Laser-assistierte Liposuktion<\/h2>\nBei LAL-Systemen wie CoolLipo\u2122 und <a href=\"https:\/\/www.polycliniqueplus.com\/de\/smart-lipo-tuerkei\/\" target=\"_blank\" rel=\"noopener\">SmartLipo\u2122<\/a>wird das Fettgewebe mit Laserenergie &#8222;geschmolzen&#8220;, bevor es durch Absaugen entfernt wird. Diese aggressive Art der Fettabsaugung kann in den meisten Bereichen des K\u00f6rpers angewendet werden. Sie hat auch eine hautstraffende Wirkung und erfordert in der Regel keine Vollnarkose.\n<h2>Wasserstrahl-Liposuktion, wasserstrahl-assistierte Liposuktion<\/h2>\nLAL wird verwendet, um die Wirkung der Tumeszenz-Liposuktion zu verbessern, indem Wasser sanft verspr\u00fcht wird, um die Fettzellen vor der Absaugung zu verdr\u00e4ngen. Dadurch kann mehr Fett mit weniger Trauma f\u00fcr das umliegende Gewebe geerntet werden. Diese Technologie wird allgemein als &#8222;Aqualipo&#8220; oder mit ihrem Markennamen Body Jet\u00ae bezeichnet.\n<h2>Liposkulptur<\/h2>\nDiese Art der Fettabsaugung wird gemeinhin als &#8222;Bauchgravur&#8220; bezeichnet, da sie h\u00e4ufig am Bauch durchgef\u00fchrt wird. Sie kann jedoch auch an der Brust, den Oberschenkeln, den Waden, den Armen und anderen K\u00f6rperbereichen durchgef\u00fchrt werden, in denen sich Fettdepots angesammelt haben. Bei dieser Technik wird w\u00e4hrend der Fettabsaugung etwas Fettgewebe zur\u00fcckgelassen, um den Anschein definierter Muskeln zu erwecken.\t\t\t\t\t\t<\/div>\n\t\t\t\t<\/div>\n\t\t\t\t\t<\/div>\n\t\t<\/div>\n\t\t\t\t\t<\/div>\n\t\t<\/section>\n\t\t\t\t<\/div>\n\t\t","protected":false},"excerpt":{"rendered":"<p>Die Fettabsaugung ist eine geeignetere Technik, wenn sie mit einem anderen chirurgischen Eingriff kombiniert wird oder wenn eine gro\u00dfe Fl\u00e4che behandelt werden soll. Insbesondere ist die Fettabsaugung besser f\u00fcr Patienten geeignet, die mit einem einzigen Eingriff ein vollst\u00e4ndiges Ergebnis erzielen m\u00f6chten. Es gibt verschiedene Ans\u00e4tze und Techniken, um Fettp\u00f6lsterchen abzusaugen: Die Tumeszenz-Liposuktion Bei einer Intumeszenz-Lipoplastie [&hellip;]<\/p>\n","protected":false},"author":1,"featured_media":12723,"parent":0,"menu_order":0,"comment_status":"closed","ping_status":"closed","template":"","meta":{"footnotes":""},"class_list":["post-13267","page","type-page","status-publish","has-post-thumbnail","hentry"],"yoast_head":"<!-- This site is optimized with the Yoast SEO plugin v27.3 - https:\/\/yoast.com\/product\/yoast-seo-wordpress\/ -->\n<title>Techniken der Fettabsaugung: Alles \u00fcber die verschiedenen M\u00f6glichkeiten, Fett zu entfernen<\/title>\n<meta name=\"description\" content=\"Liposuktionstechniken: Erfahren Sie mehr \u00fcber sanfte Liposuktionstechniken und chirurgische Liposuktionstechniken, die alle Vorteile der Entfernung von Fettp\u00f6lsterchen mit weniger Trauma bieten.\" \/>\n<meta name=\"robots\" content=\"index, follow, max-snippet:-1, max-image-preview:large, max-video-preview:-1\" \/>\n<link rel=\"canonical\" href=\"https:\/\/www.polycliniqueplus.com\/de\/techniken-der-fettabsaugung\/\" \/>\n<meta property=\"og:locale\" content=\"de_DE\" \/>\n<meta property=\"og:type\" content=\"article\" \/>\n<meta property=\"og:title\" content=\"Techniken der Fettabsaugung: Alles \u00fcber die verschiedenen M\u00f6glichkeiten, Fett zu entfernen\" \/>\n<meta property=\"og:description\" content=\"Liposuktionstechniken: Erfahren Sie mehr \u00fcber sanfte Liposuktionstechniken und chirurgische Liposuktionstechniken, die alle Vorteile der Entfernung von Fettp\u00f6lsterchen mit weniger Trauma bieten.\" \/>\n<meta property=\"og:url\" content=\"https:\/\/www.polycliniqueplus.com\/de\/techniken-der-fettabsaugung\/\" \/>\n<meta property=\"og:site_name\" content=\"Chirurgie esthetique Turquie : Prix interventions meilleures cliniques Istanbul\" \/>\n<meta property=\"article:publisher\" content=\"https:\/\/www.facebook.com\/polycliniqueplus\" \/>\n<meta property=\"article:modified_time\" content=\"2023-01-12T15:43:38+00:00\" \/>\n<meta property=\"og:image\" content=\"https:\/\/www.polycliniqueplus.com\/wp-content\/uploads\/2021\/05\/techniques-liposuccion-Turquie.jpg\" \/>\n\t<meta property=\"og:image:width\" content=\"720\" \/>\n\t<meta property=\"og:image:height\" content=\"540\" \/>\n\t<meta property=\"og:image:type\" content=\"image\/jpeg\" \/>\n<meta name=\"twitter:card\" content=\"summary_large_image\" \/>\n<meta name=\"twitter:site\" content=\"@polyclinique1\" \/>\n<meta name=\"twitter:label1\" content=\"Gesch\u00e4tzte Lesezeit\" \/>\n\t<meta name=\"twitter:data1\" content=\"3\u00a0Minuten\" \/>\n<script type=\"application\/ld+json\" class=\"yoast-schema-graph\">{\"@context\":\"https:\\\/\\\/schema.org\",\"@graph\":[{\"@type\":\"WebPage\",\"@id\":\"https:\\\/\\\/www.polycliniqueplus.com\\\/de\\\/techniken-der-fettabsaugung\\\/\",\"url\":\"https:\\\/\\\/www.polycliniqueplus.com\\\/de\\\/techniken-der-fettabsaugung\\\/\",\"name\":\"Techniken der Fettabsaugung: Alles \u00fcber die verschiedenen M\u00f6glichkeiten, Fett zu entfernen\",\"isPartOf\":{\"@id\":\"https:\\\/\\\/www.polycliniqueplus.com\\\/de\\\/#website\"},\"primaryImageOfPage\":{\"@id\":\"https:\\\/\\\/www.polycliniqueplus.com\\\/de\\\/techniken-der-fettabsaugung\\\/#primaryimage\"},\"image\":{\"@id\":\"https:\\\/\\\/www.polycliniqueplus.com\\\/de\\\/techniken-der-fettabsaugung\\\/#primaryimage\"},\"thumbnailUrl\":\"https:\\\/\\\/www.polycliniqueplus.com\\\/wp-content\\\/uploads\\\/2021\\\/05\\\/techniques-liposuccion-Turquie.jpg\",\"datePublished\":\"2021-05-21T10:20:47+00:00\",\"dateModified\":\"2023-01-12T15:43:38+00:00\",\"description\":\"Liposuktionstechniken: Erfahren Sie mehr \u00fcber sanfte Liposuktionstechniken und chirurgische Liposuktionstechniken, die alle Vorteile der Entfernung von Fettp\u00f6lsterchen mit weniger Trauma bieten.\",\"breadcrumb\":{\"@id\":\"https:\\\/\\\/www.polycliniqueplus.com\\\/de\\\/techniken-der-fettabsaugung\\\/#breadcrumb\"},\"inLanguage\":\"de\",\"potentialAction\":[{\"@type\":\"ReadAction\",\"target\":[\"https:\\\/\\\/www.polycliniqueplus.com\\\/de\\\/techniken-der-fettabsaugung\\\/\"]}]},{\"@type\":\"ImageObject\",\"inLanguage\":\"de\",\"@id\":\"https:\\\/\\\/www.polycliniqueplus.com\\\/de\\\/techniken-der-fettabsaugung\\\/#primaryimage\",\"url\":\"https:\\\/\\\/www.polycliniqueplus.com\\\/wp-content\\\/uploads\\\/2021\\\/05\\\/techniques-liposuccion-Turquie.jpg\",\"contentUrl\":\"https:\\\/\\\/www.polycliniqueplus.com\\\/wp-content\\\/uploads\\\/2021\\\/05\\\/techniques-liposuccion-Turquie.jpg\",\"width\":720,\"height\":540,\"caption\":\"techniques-liposuccion-Turquie\"},{\"@type\":\"BreadcrumbList\",\"@id\":\"https:\\\/\\\/www.polycliniqueplus.com\\\/de\\\/techniken-der-fettabsaugung\\\/#breadcrumb\",\"itemListElement\":[{\"@type\":\"ListItem\",\"position\":1,\"name\":\"Accueil\",\"item\":\"https:\\\/\\\/www.polycliniqueplus.com\\\/de\\\/\"},{\"@type\":\"ListItem\",\"position\":2,\"name\":\"Liposuction Techniques: Chirurgische und nicht-invasive Ans\u00e4tze preisg\u00fcnstig\"}]},{\"@type\":\"WebSite\",\"@id\":\"https:\\\/\\\/www.polycliniqueplus.com\\\/de\\\/#website\",\"url\":\"https:\\\/\\\/www.polycliniqueplus.com\\\/de\\\/\",\"name\":\"Chirurgie esthetique Turquie : Prix interventions meilleures cliniques Istanbul\",\"description\":\"Chirurgie esthetique Turquie prix pas cher\",\"publisher\":{\"@id\":\"https:\\\/\\\/www.polycliniqueplus.com\\\/de\\\/#organization\"},\"potentialAction\":[{\"@type\":\"SearchAction\",\"target\":{\"@type\":\"EntryPoint\",\"urlTemplate\":\"https:\\\/\\\/www.polycliniqueplus.com\\\/de\\\/?s={search_term_string}\"},\"query-input\":{\"@type\":\"PropertyValueSpecification\",\"valueRequired\":true,\"valueName\":\"search_term_string\"}}],\"inLanguage\":\"de\"},{\"@type\":\"Organization\",\"@id\":\"https:\\\/\\\/www.polycliniqueplus.com\\\/de\\\/#organization\",\"name\":\"Polycliniqueplus chirurgie esthetique Turquie\",\"url\":\"https:\\\/\\\/www.polycliniqueplus.com\\\/de\\\/\",\"logo\":{\"@type\":\"ImageObject\",\"inLanguage\":\"de\",\"@id\":\"https:\\\/\\\/www.polycliniqueplus.com\\\/de\\\/#\\\/schema\\\/logo\\\/image\\\/\",\"url\":\"https:\\\/\\\/www.polycliniqueplus.com\\\/wp-content\\\/uploads\\\/2021\\\/03\\\/cropped-add-box-fill.png\",\"contentUrl\":\"https:\\\/\\\/www.polycliniqueplus.com\\\/wp-content\\\/uploads\\\/2021\\\/03\\\/cropped-add-box-fill.png\",\"width\":512,\"height\":512,\"caption\":\"Polycliniqueplus chirurgie esthetique Turquie\"},\"image\":{\"@id\":\"https:\\\/\\\/www.polycliniqueplus.com\\\/de\\\/#\\\/schema\\\/logo\\\/image\\\/\"},\"sameAs\":[\"https:\\\/\\\/www.facebook.com\\\/polycliniqueplus\",\"https:\\\/\\\/x.com\\\/polyclinique1\",\"https:\\\/\\\/www.youtube.com\\\/channel\\\/UCAnK3TORJqflIuYGFa-JQDw\"]}]}<\/script>\n<!-- \/ Yoast SEO plugin. -->","yoast_head_json":{"title":"Techniken der Fettabsaugung: Alles \u00fcber die verschiedenen M\u00f6glichkeiten, Fett zu entfernen","description":"Liposuktionstechniken: Erfahren Sie mehr \u00fcber sanfte Liposuktionstechniken und chirurgische Liposuktionstechniken, die alle Vorteile der Entfernung von Fettp\u00f6lsterchen mit weniger Trauma bieten.","robots":{"index":"index","follow":"follow","max-snippet":"max-snippet:-1","max-image-preview":"max-image-preview:large","max-video-preview":"max-video-preview:-1"},"canonical":"https:\/\/www.polycliniqueplus.com\/de\/techniken-der-fettabsaugung\/","og_locale":"de_DE","og_type":"article","og_title":"Techniken der Fettabsaugung: Alles \u00fcber die verschiedenen M\u00f6glichkeiten, Fett zu entfernen","og_description":"Liposuktionstechniken: Erfahren Sie mehr \u00fcber sanfte Liposuktionstechniken und chirurgische Liposuktionstechniken, die alle Vorteile der Entfernung von Fettp\u00f6lsterchen mit weniger Trauma bieten.","og_url":"https:\/\/www.polycliniqueplus.com\/de\/techniken-der-fettabsaugung\/","og_site_name":"Chirurgie esthetique Turquie : Prix interventions meilleures cliniques Istanbul","article_publisher":"https:\/\/www.facebook.com\/polycliniqueplus","article_modified_time":"2023-01-12T15:43:38+00:00","og_image":[{"width":720,"height":540,"url":"https:\/\/www.polycliniqueplus.com\/wp-content\/uploads\/2021\/05\/techniques-liposuccion-Turquie.jpg","type":"image\/jpeg"}],"twitter_card":"summary_large_image","twitter_site":"@polyclinique1","twitter_misc":{"Gesch\u00e4tzte Lesezeit":"3\u00a0Minuten"},"schema":{"@context":"https:\/\/schema.org","@graph":[{"@type":"WebPage","@id":"https:\/\/www.polycliniqueplus.com\/de\/techniken-der-fettabsaugung\/","url":"https:\/\/www.polycliniqueplus.com\/de\/techniken-der-fettabsaugung\/","name":"Techniken der Fettabsaugung: Alles \u00fcber die verschiedenen M\u00f6glichkeiten, Fett zu entfernen","isPartOf":{"@id":"https:\/\/www.polycliniqueplus.com\/de\/#website"},"primaryImageOfPage":{"@id":"https:\/\/www.polycliniqueplus.com\/de\/techniken-der-fettabsaugung\/#primaryimage"},"image":{"@id":"https:\/\/www.polycliniqueplus.com\/de\/techniken-der-fettabsaugung\/#primaryimage"},"thumbnailUrl":"https:\/\/www.polycliniqueplus.com\/wp-content\/uploads\/2021\/05\/techniques-liposuccion-Turquie.jpg","datePublished":"2021-05-21T10:20:47+00:00","dateModified":"2023-01-12T15:43:38+00:00","description":"Liposuktionstechniken: Erfahren Sie mehr \u00fcber sanfte Liposuktionstechniken und chirurgische Liposuktionstechniken, die alle Vorteile der Entfernung von Fettp\u00f6lsterchen mit weniger Trauma bieten.","breadcrumb":{"@id":"https:\/\/www.polycliniqueplus.com\/de\/techniken-der-fettabsaugung\/#breadcrumb"},"inLanguage":"de","potentialAction":[{"@type":"ReadAction","target":["https:\/\/www.polycliniqueplus.com\/de\/techniken-der-fettabsaugung\/"]}]},{"@type":"ImageObject","inLanguage":"de","@id":"https:\/\/www.polycliniqueplus.com\/de\/techniken-der-fettabsaugung\/#primaryimage","url":"https:\/\/www.polycliniqueplus.com\/wp-content\/uploads\/2021\/05\/techniques-liposuccion-Turquie.jpg","contentUrl":"https:\/\/www.polycliniqueplus.com\/wp-content\/uploads\/2021\/05\/techniques-liposuccion-Turquie.jpg","width":720,"height":540,"caption":"techniques-liposuccion-Turquie"},{"@type":"BreadcrumbList","@id":"https:\/\/www.polycliniqueplus.com\/de\/techniken-der-fettabsaugung\/#breadcrumb","itemListElement":[{"@type":"ListItem","position":1,"name":"Accueil","item":"https:\/\/www.polycliniqueplus.com\/de\/"},{"@type":"ListItem","position":2,"name":"Liposuction Techniques: Chirurgische und nicht-invasive Ans\u00e4tze preisg\u00fcnstig"}]},{"@type":"WebSite","@id":"https:\/\/www.polycliniqueplus.com\/de\/#website","url":"https:\/\/www.polycliniqueplus.com\/de\/","name":"Chirurgie esthetique Turquie : Prix interventions meilleures cliniques Istanbul","description":"Chirurgie esthetique Turquie prix pas cher","publisher":{"@id":"https:\/\/www.polycliniqueplus.com\/de\/#organization"},"potentialAction":[{"@type":"SearchAction","target":{"@type":"EntryPoint","urlTemplate":"https:\/\/www.polycliniqueplus.com\/de\/?s={search_term_string}"},"query-input":{"@type":"PropertyValueSpecification","valueRequired":true,"valueName":"search_term_string"}}],"inLanguage":"de"},{"@type":"Organization","@id":"https:\/\/www.polycliniqueplus.com\/de\/#organization","name":"Polycliniqueplus chirurgie esthetique Turquie","url":"https:\/\/www.polycliniqueplus.com\/de\/","logo":{"@type":"ImageObject","inLanguage":"de","@id":"https:\/\/www.polycliniqueplus.com\/de\/#\/schema\/logo\/image\/","url":"https:\/\/www.polycliniqueplus.com\/wp-content\/uploads\/2021\/03\/cropped-add-box-fill.png","contentUrl":"https:\/\/www.polycliniqueplus.com\/wp-content\/uploads\/2021\/03\/cropped-add-box-fill.png","width":512,"height":512,"caption":"Polycliniqueplus chirurgie esthetique Turquie"},"image":{"@id":"https:\/\/www.polycliniqueplus.com\/de\/#\/schema\/logo\/image\/"},"sameAs":["https:\/\/www.facebook.com\/polycliniqueplus","https:\/\/x.com\/polyclinique1","https:\/\/www.youtube.com\/channel\/UCAnK3TORJqflIuYGFa-JQDw"]}]}},"_links":{"self":[{"href":"https:\/\/www.polycliniqueplus.com\/de\/wp-json\/wp\/v2\/pages\/13267","targetHints":{"allow":["GET"]}}],"collection":[{"href":"https:\/\/www.polycliniqueplus.com\/de\/wp-json\/wp\/v2\/pages"}],"about":[{"href":"https:\/\/www.polycliniqueplus.com\/de\/wp-json\/wp\/v2\/types\/page"}],"author":[{"embeddable":true,"href":"https:\/\/www.polycliniqueplus.com\/de\/wp-json\/wp\/v2\/users\/1"}],"replies":[{"embeddable":true,"href":"https:\/\/www.polycliniqueplus.com\/de\/wp-json\/wp\/v2\/comments?post=13267"}],"version-history":[{"count":13,"href":"https:\/\/www.polycliniqueplus.com\/de\/wp-json\/wp\/v2\/pages\/13267\/revisions"}],"predecessor-version":[{"id":13364,"href":"https:\/\/www.polycliniqueplus.com\/de\/wp-json\/wp\/v2\/pages\/13267\/revisions\/13364"}],"wp:featuredmedia":[{"embeddable":true,"href":"https:\/\/www.polycliniqueplus.com\/de\/wp-json\/wp\/v2\/media\/12723"}],"wp:attachment":[{"href":"https:\/\/www.polycliniqueplus.com\/de\/wp-json\/wp\/v2\/media?parent=13267"}],"curies":[{"name":"wp","href":"https:\/\/api.w.org\/{rel}","templated":true}]}}