{"id":13155,"date":"2017-06-18T19:45:37","date_gmt":"2017-06-18T17:45:37","guid":{"rendered":"https:\/\/www.polycliniqueplus.com\/polyclinik-plus-organisation-von-aufenthaltstourismus-im-medizinischen-bereich-tuerkei\/"},"modified":"2023-02-02T15:50:24","modified_gmt":"2023-02-02T14:50:24","slug":"organisation-von-medizintourismus-in-der-tuerkei","status":"publish","type":"page","link":"https:\/\/www.polycliniqueplus.com\/de\/organisation-von-medizintourismus-in-der-tuerkei\/","title":{"rendered":"POLYCLINIK PLUS: Organisation von Aufenthaltstourismus im medizinischen Bereich T\u00fcrkei"},"content":{"rendered":"\t\t<div data-elementor-type=\"wp-page\" data-elementor-id=\"13155\" class=\"elementor elementor-13155 elementor-109\" data-elementor-settings=\"{&quot;ha_cmc_init_switcher&quot;:&quot;no&quot;}\">\n\t\t\t\t\t\t<section class=\"elementor-section elementor-top-section elementor-element elementor-element-2355561 elementor-section-boxed elementor-section-height-default elementor-section-height-default\" data-id=\"2355561\" data-element_type=\"section\" data-settings=\"{&quot;_ha_eqh_enable&quot;:false}\">\n\t\t\t\t\t\t<div class=\"elementor-container elementor-column-gap-default\">\n\t\t\t\t\t<div class=\"elementor-column elementor-col-100 elementor-top-column elementor-element elementor-element-b8f8768\" data-id=\"b8f8768\" data-element_type=\"column\">\n\t\t\t<div class=\"elementor-widget-wrap elementor-element-populated\">\n\t\t\t\t\t\t<div class=\"elementor-element elementor-element-de06089 elementor-widget elementor-widget-text-editor\" data-id=\"de06089\" data-element_type=\"widget\" data-widget_type=\"text-editor.default\">\n\t\t\t\t<div class=\"elementor-widget-container\">\n\t\t\t\t\t\t\t<strong>Aufenthalte <\/strong> f\u00fcr <strong>Sch\u00f6nheitsoperationen in der T\u00fcrkei <\/strong> f\u00fcr Patienten und deren Begleitpersonen.\n\t\t\t\t\t\t<\/div>\n\t\t\t\t<\/div>\n\t\t\t\t<div class=\"elementor-element elementor-element-841f7c6 elementor-widget elementor-widget-text-editor\" data-id=\"841f7c6\" data-element_type=\"widget\" data-widget_type=\"text-editor.default\">\n\t\t\t\t<div class=\"elementor-widget-container\">\n\t\t\t\t\t\t\t<h2>Organisation eines Aufenthalts f\u00fcr Sch\u00f6nheitschirurgie in der T\u00fcrkei<\/h2>\nMit einem \u00c4rzteteam, das aus den erfahrensten Spezialisten f\u00fcr \u00e4sthetische Chirurgie in der T\u00fcrkei, Mikrochirurgie, chirurgische Medizin, Laserbehandlungen, Zahnchirurgie&#8230; besteht, und in Verbindung mit den fortschrittlichsten medizinischen Zentren f\u00fcr \u00e4sthetische und Laserbehandlungen, haben wir in unserem Sektor Spitzenleistungen erreicht.\t\t\t\t\t\t<\/div>\n\t\t\t\t<\/div>\n\t\t\t\t\t<\/div>\n\t\t<\/div>\n\t\t\t\t\t<\/div>\n\t\t<\/section>\n\t\t\t\t<section class=\"elementor-section elementor-top-section elementor-element elementor-element-b9ec5ea elementor-section-boxed elementor-section-height-default elementor-section-height-default\" data-id=\"b9ec5ea\" data-element_type=\"section\" data-settings=\"{&quot;background_background&quot;:&quot;classic&quot;,&quot;_ha_eqh_enable&quot;:false}\">\n\t\t\t\t\t\t<div class=\"elementor-container elementor-column-gap-default\">\n\t\t\t\t\t<div class=\"elementor-column elementor-col-100 elementor-top-column elementor-element elementor-element-f0e05d3\" data-id=\"f0e05d3\" data-element_type=\"column\">\n\t\t\t<div class=\"elementor-widget-wrap elementor-element-populated\">\n\t\t\t\t\t\t<div class=\"elementor-element elementor-element-d85ae12 elementor-widget elementor-widget-text-editor\" data-id=\"d85ae12\" data-element_type=\"widget\" data-widget_type=\"text-editor.default\">\n\t\t\t\t<div class=\"elementor-widget-container\">\n\t\t\t\t\t\t\t<style>\r\nhtml body a.whatsapp-button {\r\n    display: inline-block;\r\n    background-color: #25D366;\r\n    font-size: 16px;\r\n    font-weight: bold;\r\n    padding: 12px 20px;\r\n    text-align: center;\r\n    text-decoration: none;\r\n    border-radius: 5px;\r\n    box-shadow: 0 4px 6px rgba(0, 0, 0, 0.1);\r\n    transition: background-color 0.3s ease, transform 0.2s ease;\r\n    color: white!important;\r\n}\r\n\r\n.whatsapp-button:hover {\r\n    background-color: #1EBE54;\r\n    transform: translateY(-2px);\r\n}\r\n\r\n.whatsapp-button:active {\r\n    transform: translateY(0);\r\n}\r\n\r\n.align_center {\r\n    display: block;\r\n    text-align: center;\r\n    padding: 30px 0px;\r\n}\r\n\r\n<\/style>\r\n<div class=\"align_center\">\r\n<a href=\"https:\/\/api.whatsapp.com\/send?phone=+33635235712&amp;&amp;text=Hallo, ich w\u00fcrde gerne Ihre Interventionen und Preise kennenlernen!\"\r\n    class=\"whatsapp-button\" target=\"_blank\">\r\n    Klicken Sie f\u00fcr ein kostenloses Whatsapp-Angebot\r\n<\/a>\r\n<\/div>\t\t\t\t\t\t<\/div>\n\t\t\t\t<\/div>\n\t\t\t\t\t<\/div>\n\t\t<\/div>\n\t\t\t\t\t<\/div>\n\t\t<\/section>\n\t\t\t\t<section class=\"elementor-section elementor-top-section elementor-element elementor-element-2c9029e elementor-section-boxed elementor-section-height-default elementor-section-height-default\" data-id=\"2c9029e\" data-element_type=\"section\" data-settings=\"{&quot;_ha_eqh_enable&quot;:false}\">\n\t\t\t\t\t\t<div class=\"elementor-container elementor-column-gap-default\">\n\t\t\t\t\t<div class=\"elementor-column elementor-col-100 elementor-top-column elementor-element elementor-element-b418158\" data-id=\"b418158\" data-element_type=\"column\">\n\t\t\t<div class=\"elementor-widget-wrap elementor-element-populated\">\n\t\t\t\t\t\t<div class=\"elementor-element elementor-element-b9c5ce4 elementor-widget elementor-widget-text-editor\" data-id=\"b9c5ce4\" data-element_type=\"widget\" data-widget_type=\"text-editor.default\">\n\t\t\t\t<div class=\"elementor-widget-container\">\n\t\t\t\t\t\t\t<h3>Ihr Vertrauen verpflichtet uns zum Erfolg!<\/h3>\nUnser einziges Ziel ist es, unseren Patienten einen luxuri\u00f6sen Service zu bieten, der ihnen die besten internationalen Preise und ein gro\u00dfes medizinisches Team mit modernster Technologie in einer modernen und sicheren Infrastruktur zur Verf\u00fcgung stellt.\n\n\t\t\t\t\t\t<\/div>\n\t\t\t\t<\/div>\n\t\t\t\t<div class=\"elementor-element elementor-element-461fd3d elementor-widget elementor-widget-text-editor\" data-id=\"461fd3d\" data-element_type=\"widget\" data-widget_type=\"text-editor.default\">\n\t\t\t\t<div class=\"elementor-widget-container\">\n\t\t\t\t\t\t\tWir behandeln jeden unserer Patienten mit einem sehr pers\u00f6nlichen Ansatz, der ein umfassendes Angebot an qualitativ hochwertigen Dienstleistungen umfasst, die auf den jeweiligen Fall zugeschnitten sind.\n\nBei Polyclinique Plus steht die Qualit\u00e4t des Service an erster Stelle, was uns immer von anderen unterschieden hat und auch weiterhin unseren Erfolg garantiert.\n\t\t\t\t\t\t<\/div>\n\t\t\t\t<\/div>\n\t\t\t\t<div class=\"elementor-element elementor-element-e492603 elementor-widget elementor-widget-text-editor\" data-id=\"e492603\" data-element_type=\"widget\" data-widget_type=\"text-editor.default\">\n\t\t\t\t<div class=\"elementor-widget-container\">\n\t\t\t\t\t\t\t<p><strong>Polycliniqueplus<\/strong> ist eine f\u00fchrende internationale Agentur im medizinisch-touristischen Sektor und spezialisiert auf die Organisation von<\/p>\n\t\t\t\t\t\t<\/div>\n\t\t\t\t<\/div>\n\t\t\t\t\t<\/div>\n\t\t<\/div>\n\t\t\t\t\t<\/div>\n\t\t<\/section>\n\t\t\t\t<section class=\"elementor-section elementor-top-section elementor-element elementor-element-c128d13 elementor-section-boxed elementor-section-height-default elementor-section-height-default\" data-id=\"c128d13\" data-element_type=\"section\" data-settings=\"{&quot;background_background&quot;:&quot;classic&quot;,&quot;_ha_eqh_enable&quot;:false}\">\n\t\t\t\t\t\t<div class=\"elementor-container elementor-column-gap-default\">\n\t\t\t\t\t<div class=\"elementor-column elementor-col-100 elementor-top-column elementor-element elementor-element-158f4c6\" data-id=\"158f4c6\" data-element_type=\"column\">\n\t\t\t<div class=\"elementor-widget-wrap elementor-element-populated\">\n\t\t\t\t\t\t<div class=\"elementor-element elementor-element-7f8ee35 elementor-widget elementor-widget-heading\" data-id=\"7f8ee35\" data-element_type=\"widget\" data-widget_type=\"heading.default\">\n\t\t\t\t<div class=\"elementor-widget-container\">\n\t\t\t<h4 class=\"elementor-heading-title elementor-size-default\">SCHNELLER UND 100% KOSTENLOSER ONLINE-KOSTENVORANSCHLAG<\/h4>\t\t<\/div>\n\t\t\t\t<\/div>\n\t\t\t\t<div class=\"elementor-element elementor-element-76a38e3 elementor-widget elementor-widget-text-editor\" data-id=\"76a38e3\" data-element_type=\"widget\" data-widget_type=\"text-editor.default\">\n\t\t\t\t<div class=\"elementor-widget-container\">\n\t\t\t\t\t\t\tErm\u00e4\u00dfigung auf alle Sch\u00f6nheitsoperationen! Um davon zu profitieren ist es einfach, fragen Sie\nIhren KOSTENLOSEN Kostenvoranschlag und gewinnen Sie jeden Monat unsere Verlosung!\t\t\t\t\t\t<\/div>\n\t\t\t\t<\/div>\n\t\t\t\t<div class=\"elementor-element elementor-element-b8f3e16 elementor-align-center elementor-widget elementor-widget-button\" data-id=\"b8f3e16\" data-element_type=\"widget\" data-widget_type=\"button.default\">\n\t\t\t\t<div class=\"elementor-widget-container\">\n\t\t\t\t\t<div class=\"elementor-button-wrapper\">\n\t\t\t<a class=\"elementor-button elementor-button-link elementor-size-sm\" href=\"https:\/\/www.polycliniqueplus.com\/de\/kostenvoranschlag\/\">\n\t\t\t\t\t\t<span class=\"elementor-button-content-wrapper\">\n\t\t\t\t\t\t<span class=\"elementor-button-icon\">\n\t\t\t\t<i aria-hidden=\"true\" class=\"fas fa-arrow-right\"><\/i>\t\t\t<\/span>\n\t\t\t\t\t\t\t\t\t<span class=\"elementor-button-text\">Kostenloser Kostenvoranschlag<\/span>\n\t\t\t\t\t<\/span>\n\t\t\t\t\t<\/a>\n\t\t<\/div>\n\t\t\t\t<\/div>\n\t\t\t\t<\/div>\n\t\t\t\t\t<\/div>\n\t\t<\/div>\n\t\t\t\t\t<\/div>\n\t\t<\/section>\n\t\t\t\t<section class=\"elementor-section elementor-top-section elementor-element elementor-element-57e20c5b elementor-section-boxed elementor-section-height-default elementor-section-height-default\" data-id=\"57e20c5b\" data-element_type=\"section\" data-settings=\"{&quot;_ha_eqh_enable&quot;:false}\">\n\t\t\t\t\t\t<div class=\"elementor-container elementor-column-gap-default\">\n\t\t\t\t\t<div class=\"elementor-column elementor-col-100 elementor-top-column elementor-element elementor-element-50f3802\" data-id=\"50f3802\" data-element_type=\"column\">\n\t\t\t<div class=\"elementor-widget-wrap elementor-element-populated\">\n\t\t\t\t\t\t<div class=\"elementor-element elementor-element-1006f2b1 elementor-widget elementor-widget-text-editor\" data-id=\"1006f2b1\" data-element_type=\"widget\" data-widget_type=\"text-editor.default\">\n\t\t\t\t<div class=\"elementor-widget-container\">\n\t\t\t\t\t\t\t<h2>Sch\u00f6nheitschirurgie T\u00fcrkei: Finden Sie die besten Preise<\/h2>\nDie Lebenshaltungskosten sind niedriger als in Europa oder in anderen lateinamerikanischen L\u00e4ndern, und die Steuervorteile f\u00fcr die Entwicklung des Tourismus- und Medizinsektors erm\u00f6glichen es uns, die Kosten f\u00fcr Operationen (Klinik, An\u00e4sthesist, <strong>Pflegepersonal<\/strong>, Produkte &#8230;) zu senken.\nAll diese Faktoren wirken sich positiv auf die Preise aus und erm\u00f6glichen Ihnen sowohl 15 Tage lang <a title=\"\u00e4sthetischer Aufenthalt T\u00fcrkei\" href=\"http:\/\/www.polycliniqueplus.com\/de\/\">Urlaub in einem 5* Hotel<\/a>Sie k\u00f6nnen die Anzahl der Operationen oder medizinischen Behandlungen, die Sie w\u00fcnschen, zu einem Sonderpreis durchf\u00fchren, der niedriger ist als die Kosten f\u00fcr eine einzige Operation in Ihrem Heimatland.\t\t\t\t\t\t<\/div>\n\t\t\t\t<\/div>\n\t\t\t\t<div class=\"elementor-element elementor-element-9987252 elementor-widget elementor-widget-text-editor\" data-id=\"9987252\" data-element_type=\"widget\" data-widget_type=\"text-editor.default\">\n\t\t\t\t<div class=\"elementor-widget-container\">\n\t\t\t\t\t\t\tEs ist kein Zufall, dass die Polyclinique Plus diesen Ort f\u00fcr Ihren Eingriff ausgew\u00e4hlt hat. Wir h\u00e4tten f\u00fcr Ihren &#8222;Urlaub&#8220; eine andere Stadt oder einen anderen Ort w\u00e4hlen k\u00f6nnen! Ein &#8222;Strand&#8220; zum Beispiel oder ein Ort, wie es ihn zu Tausenden in der T\u00fcrkei gibt, wo du Berge, W\u00fcste und Strand findest, damit du &#8222;ablenkende&#8220; Aktivit\u00e4ten wie Schwimmen, Tauchen, Sonnenbaden, Reiten usw. aus\u00fcben kannst.\n<p class=\"red\" align=\"center\"><strong>F\u00fcr weitere Informationen Rufen Sie uns an: +33 9 80 80 44 74<\/strong><\/p>\t\t\t\t\t\t<\/div>\n\t\t\t\t<\/div>\n\t\t\t\t\t<\/div>\n\t\t<\/div>\n\t\t\t\t\t<\/div>\n\t\t<\/section>\n\t\t\t\t<\/div>\n\t\t","protected":false},"excerpt":{"rendered":"<p>Aufenthalte f\u00fcr Sch\u00f6nheitsoperationen in der T\u00fcrkei f\u00fcr Patienten und deren Begleitpersonen. Organisation eines Aufenthalts f\u00fcr Sch\u00f6nheitschirurgie in der T\u00fcrkei Mit einem \u00c4rzteteam, das aus den erfahrensten Spezialisten f\u00fcr \u00e4sthetische Chirurgie in der T\u00fcrkei, Mikrochirurgie, chirurgische Medizin, Laserbehandlungen, Zahnchirurgie&#8230; besteht, und in Verbindung mit den fortschrittlichsten medizinischen Zentren f\u00fcr \u00e4sthetische und Laserbehandlungen, haben wir in unserem [&hellip;]<\/p>\n","protected":false},"author":1,"featured_media":0,"parent":0,"menu_order":0,"comment_status":"closed","ping_status":"closed","template":"","meta":{"footnotes":""},"class_list":["post-13155","page","type-page","status-publish","hentry"],"yoast_head":"<!-- This site is optimized with the Yoast SEO plugin v27.3 - https:\/\/yoast.com\/product\/yoast-seo-wordpress\/ -->\n<title>PolycliniquePlus: Agentur f\u00fcr Medizintourismus in der T\u00fcrkei<\/title>\n<meta name=\"description\" content=\"PolycliniquePlus, Agentur f\u00fcr Medizintourismus T\u00fcrkei. G\u00fcnstige Preise und alles inklusive, fordern Sie kostenlos Ihr Online-Angebot an\" \/>\n<meta name=\"robots\" content=\"index, follow, max-snippet:-1, max-image-preview:large, max-video-preview:-1\" \/>\n<link rel=\"canonical\" href=\"https:\/\/www.polycliniqueplus.com\/de\/organisation-von-medizintourismus-in-der-tuerkei\/\" \/>\n<meta property=\"og:locale\" content=\"de_DE\" \/>\n<meta property=\"og:type\" content=\"article\" \/>\n<meta property=\"og:title\" content=\"PolycliniquePlus: Agentur f\u00fcr Medizintourismus in der T\u00fcrkei\" \/>\n<meta property=\"og:description\" content=\"PolycliniquePlus, Agentur f\u00fcr Medizintourismus T\u00fcrkei. G\u00fcnstige Preise und alles inklusive, fordern Sie kostenlos Ihr Online-Angebot an\" \/>\n<meta property=\"og:url\" content=\"https:\/\/www.polycliniqueplus.com\/de\/organisation-von-medizintourismus-in-der-tuerkei\/\" \/>\n<meta property=\"og:site_name\" content=\"Chirurgie esthetique Turquie : Prix interventions meilleures cliniques Istanbul\" \/>\n<meta property=\"article:publisher\" content=\"https:\/\/www.facebook.com\/polycliniqueplus\" \/>\n<meta property=\"article:modified_time\" content=\"2023-02-02T14:50:24+00:00\" \/>\n<meta property=\"og:image\" content=\"https:\/\/www.polycliniqueplus.com\/wp-content\/uploads\/2021\/02\/interventions-de-chirurgie-plastique.jpg\" \/>\n\t<meta property=\"og:image:width\" content=\"574\" \/>\n\t<meta property=\"og:image:height\" content=\"586\" \/>\n\t<meta property=\"og:image:type\" content=\"image\/jpeg\" \/>\n<meta name=\"twitter:card\" content=\"summary_large_image\" \/>\n<meta name=\"twitter:site\" content=\"@polyclinique1\" \/>\n<meta name=\"twitter:label1\" content=\"Gesch\u00e4tzte Lesezeit\" \/>\n\t<meta name=\"twitter:data1\" content=\"3\u00a0Minuten\" \/>\n<script type=\"application\/ld+json\" class=\"yoast-schema-graph\">{\"@context\":\"https:\\\/\\\/schema.org\",\"@graph\":[{\"@type\":\"WebPage\",\"@id\":\"https:\\\/\\\/www.polycliniqueplus.com\\\/de\\\/organisation-von-medizintourismus-in-der-tuerkei\\\/\",\"url\":\"https:\\\/\\\/www.polycliniqueplus.com\\\/de\\\/organisation-von-medizintourismus-in-der-tuerkei\\\/\",\"name\":\"PolycliniquePlus: Agentur f\u00fcr Medizintourismus in der T\u00fcrkei\",\"isPartOf\":{\"@id\":\"https:\\\/\\\/www.polycliniqueplus.com\\\/de\\\/#website\"},\"datePublished\":\"2017-06-18T17:45:37+00:00\",\"dateModified\":\"2023-02-02T14:50:24+00:00\",\"description\":\"PolycliniquePlus, Agentur f\u00fcr Medizintourismus T\u00fcrkei. G\u00fcnstige Preise und alles inklusive, fordern Sie kostenlos Ihr Online-Angebot an\",\"breadcrumb\":{\"@id\":\"https:\\\/\\\/www.polycliniqueplus.com\\\/de\\\/organisation-von-medizintourismus-in-der-tuerkei\\\/#breadcrumb\"},\"inLanguage\":\"de\",\"potentialAction\":[{\"@type\":\"ReadAction\",\"target\":[\"https:\\\/\\\/www.polycliniqueplus.com\\\/de\\\/organisation-von-medizintourismus-in-der-tuerkei\\\/\"]}]},{\"@type\":\"BreadcrumbList\",\"@id\":\"https:\\\/\\\/www.polycliniqueplus.com\\\/de\\\/organisation-von-medizintourismus-in-der-tuerkei\\\/#breadcrumb\",\"itemListElement\":[{\"@type\":\"ListItem\",\"position\":1,\"name\":\"Accueil\",\"item\":\"https:\\\/\\\/www.polycliniqueplus.com\\\/de\\\/\"},{\"@type\":\"ListItem\",\"position\":2,\"name\":\"POLYCLINIK PLUS: Organisation von Aufenthaltstourismus im medizinischen Bereich T\u00fcrkei\"}]},{\"@type\":\"WebSite\",\"@id\":\"https:\\\/\\\/www.polycliniqueplus.com\\\/de\\\/#website\",\"url\":\"https:\\\/\\\/www.polycliniqueplus.com\\\/de\\\/\",\"name\":\"Chirurgie esthetique Turquie : Prix interventions meilleures cliniques Istanbul\",\"description\":\"Chirurgie esthetique Turquie prix pas cher\",\"publisher\":{\"@id\":\"https:\\\/\\\/www.polycliniqueplus.com\\\/de\\\/#organization\"},\"potentialAction\":[{\"@type\":\"SearchAction\",\"target\":{\"@type\":\"EntryPoint\",\"urlTemplate\":\"https:\\\/\\\/www.polycliniqueplus.com\\\/de\\\/?s={search_term_string}\"},\"query-input\":{\"@type\":\"PropertyValueSpecification\",\"valueRequired\":true,\"valueName\":\"search_term_string\"}}],\"inLanguage\":\"de\"},{\"@type\":\"Organization\",\"@id\":\"https:\\\/\\\/www.polycliniqueplus.com\\\/de\\\/#organization\",\"name\":\"Polycliniqueplus chirurgie esthetique Turquie\",\"url\":\"https:\\\/\\\/www.polycliniqueplus.com\\\/de\\\/\",\"logo\":{\"@type\":\"ImageObject\",\"inLanguage\":\"de\",\"@id\":\"https:\\\/\\\/www.polycliniqueplus.com\\\/de\\\/#\\\/schema\\\/logo\\\/image\\\/\",\"url\":\"https:\\\/\\\/www.polycliniqueplus.com\\\/wp-content\\\/uploads\\\/2021\\\/03\\\/cropped-add-box-fill.png\",\"contentUrl\":\"https:\\\/\\\/www.polycliniqueplus.com\\\/wp-content\\\/uploads\\\/2021\\\/03\\\/cropped-add-box-fill.png\",\"width\":512,\"height\":512,\"caption\":\"Polycliniqueplus chirurgie esthetique Turquie\"},\"image\":{\"@id\":\"https:\\\/\\\/www.polycliniqueplus.com\\\/de\\\/#\\\/schema\\\/logo\\\/image\\\/\"},\"sameAs\":[\"https:\\\/\\\/www.facebook.com\\\/polycliniqueplus\",\"https:\\\/\\\/x.com\\\/polyclinique1\",\"https:\\\/\\\/www.youtube.com\\\/channel\\\/UCAnK3TORJqflIuYGFa-JQDw\"]}]}<\/script>\n<!-- \/ Yoast SEO plugin. -->","yoast_head_json":{"title":"PolycliniquePlus: Agentur f\u00fcr Medizintourismus in der T\u00fcrkei","description":"PolycliniquePlus, Agentur f\u00fcr Medizintourismus T\u00fcrkei. G\u00fcnstige Preise und alles inklusive, fordern Sie kostenlos Ihr Online-Angebot an","robots":{"index":"index","follow":"follow","max-snippet":"max-snippet:-1","max-image-preview":"max-image-preview:large","max-video-preview":"max-video-preview:-1"},"canonical":"https:\/\/www.polycliniqueplus.com\/de\/organisation-von-medizintourismus-in-der-tuerkei\/","og_locale":"de_DE","og_type":"article","og_title":"PolycliniquePlus: Agentur f\u00fcr Medizintourismus in der T\u00fcrkei","og_description":"PolycliniquePlus, Agentur f\u00fcr Medizintourismus T\u00fcrkei. G\u00fcnstige Preise und alles inklusive, fordern Sie kostenlos Ihr Online-Angebot an","og_url":"https:\/\/www.polycliniqueplus.com\/de\/organisation-von-medizintourismus-in-der-tuerkei\/","og_site_name":"Chirurgie esthetique Turquie : Prix interventions meilleures cliniques Istanbul","article_publisher":"https:\/\/www.facebook.com\/polycliniqueplus","article_modified_time":"2023-02-02T14:50:24+00:00","og_image":[{"width":574,"height":586,"url":"https:\/\/www.polycliniqueplus.com\/wp-content\/uploads\/2021\/02\/interventions-de-chirurgie-plastique.jpg","type":"image\/jpeg"}],"twitter_card":"summary_large_image","twitter_site":"@polyclinique1","twitter_misc":{"Gesch\u00e4tzte Lesezeit":"3\u00a0Minuten"},"schema":{"@context":"https:\/\/schema.org","@graph":[{"@type":"WebPage","@id":"https:\/\/www.polycliniqueplus.com\/de\/organisation-von-medizintourismus-in-der-tuerkei\/","url":"https:\/\/www.polycliniqueplus.com\/de\/organisation-von-medizintourismus-in-der-tuerkei\/","name":"PolycliniquePlus: Agentur f\u00fcr Medizintourismus in der T\u00fcrkei","isPartOf":{"@id":"https:\/\/www.polycliniqueplus.com\/de\/#website"},"datePublished":"2017-06-18T17:45:37+00:00","dateModified":"2023-02-02T14:50:24+00:00","description":"PolycliniquePlus, Agentur f\u00fcr Medizintourismus T\u00fcrkei. G\u00fcnstige Preise und alles inklusive, fordern Sie kostenlos Ihr Online-Angebot an","breadcrumb":{"@id":"https:\/\/www.polycliniqueplus.com\/de\/organisation-von-medizintourismus-in-der-tuerkei\/#breadcrumb"},"inLanguage":"de","potentialAction":[{"@type":"ReadAction","target":["https:\/\/www.polycliniqueplus.com\/de\/organisation-von-medizintourismus-in-der-tuerkei\/"]}]},{"@type":"BreadcrumbList","@id":"https:\/\/www.polycliniqueplus.com\/de\/organisation-von-medizintourismus-in-der-tuerkei\/#breadcrumb","itemListElement":[{"@type":"ListItem","position":1,"name":"Accueil","item":"https:\/\/www.polycliniqueplus.com\/de\/"},{"@type":"ListItem","position":2,"name":"POLYCLINIK PLUS: Organisation von Aufenthaltstourismus im medizinischen Bereich T\u00fcrkei"}]},{"@type":"WebSite","@id":"https:\/\/www.polycliniqueplus.com\/de\/#website","url":"https:\/\/www.polycliniqueplus.com\/de\/","name":"Chirurgie esthetique Turquie : Prix interventions meilleures cliniques Istanbul","description":"Chirurgie esthetique Turquie prix pas cher","publisher":{"@id":"https:\/\/www.polycliniqueplus.com\/de\/#organization"},"potentialAction":[{"@type":"SearchAction","target":{"@type":"EntryPoint","urlTemplate":"https:\/\/www.polycliniqueplus.com\/de\/?s={search_term_string}"},"query-input":{"@type":"PropertyValueSpecification","valueRequired":true,"valueName":"search_term_string"}}],"inLanguage":"de"},{"@type":"Organization","@id":"https:\/\/www.polycliniqueplus.com\/de\/#organization","name":"Polycliniqueplus chirurgie esthetique Turquie","url":"https:\/\/www.polycliniqueplus.com\/de\/","logo":{"@type":"ImageObject","inLanguage":"de","@id":"https:\/\/www.polycliniqueplus.com\/de\/#\/schema\/logo\/image\/","url":"https:\/\/www.polycliniqueplus.com\/wp-content\/uploads\/2021\/03\/cropped-add-box-fill.png","contentUrl":"https:\/\/www.polycliniqueplus.com\/wp-content\/uploads\/2021\/03\/cropped-add-box-fill.png","width":512,"height":512,"caption":"Polycliniqueplus chirurgie esthetique Turquie"},"image":{"@id":"https:\/\/www.polycliniqueplus.com\/de\/#\/schema\/logo\/image\/"},"sameAs":["https:\/\/www.facebook.com\/polycliniqueplus","https:\/\/x.com\/polyclinique1","https:\/\/www.youtube.com\/channel\/UCAnK3TORJqflIuYGFa-JQDw"]}]}},"_links":{"self":[{"href":"https:\/\/www.polycliniqueplus.com\/de\/wp-json\/wp\/v2\/pages\/13155","targetHints":{"allow":["GET"]}}],"collection":[{"href":"https:\/\/www.polycliniqueplus.com\/de\/wp-json\/wp\/v2\/pages"}],"about":[{"href":"https:\/\/www.polycliniqueplus.com\/de\/wp-json\/wp\/v2\/types\/page"}],"author":[{"embeddable":true,"href":"https:\/\/www.polycliniqueplus.com\/de\/wp-json\/wp\/v2\/users\/1"}],"replies":[{"embeddable":true,"href":"https:\/\/www.polycliniqueplus.com\/de\/wp-json\/wp\/v2\/comments?post=13155"}],"version-history":[{"count":10,"href":"https:\/\/www.polycliniqueplus.com\/de\/wp-json\/wp\/v2\/pages\/13155\/revisions"}],"predecessor-version":[{"id":15421,"href":"https:\/\/www.polycliniqueplus.com\/de\/wp-json\/wp\/v2\/pages\/13155\/revisions\/15421"}],"wp:attachment":[{"href":"https:\/\/www.polycliniqueplus.com\/de\/wp-json\/wp\/v2\/media?parent=13155"}],"curies":[{"name":"wp","href":"https:\/\/api.w.org\/{rel}","templated":true}]}}